{"id":10,"date":"2024-10-28T08:40:44","date_gmt":"2024-10-28T08:40:44","guid":{"rendered":"https:\/\/eznpp.beeweb-orange.io\/?page_id=10"},"modified":"2024-11-01T07:12:28","modified_gmt":"2024-11-01T07:12:28","slug":"cart","status":"publish","type":"page","link":"https:\/\/dasa.se\/fi\/cart\/","title":{"rendered":"Ostoskori"},"content":{"rendered":"<div data-block-name=\"woocommerce\/cart\" class=\"wp-block-woocommerce-cart alignwide is-loading\">\n<div data-block-name=\"woocommerce\/filled-cart-block\" class=\"wp-block-woocommerce-filled-cart-block\">\n<div data-block-name=\"woocommerce\/cart-items-block\" class=\"wp-block-woocommerce-cart-items-block\">\n<div data-block-name=\"woocommerce\/cart-line-items-block\" class=\"wp-block-woocommerce-cart-line-items-block\"><\/div>\n\n\n\n<div data-block-name=\"woocommerce\/cart-cross-sells-block\" class=\"wp-block-woocommerce-cart-cross-sells-block\">\n<h2 class=\"wp-block-heading has-large-font-size\">Saatat olla kiinnostunut...<\/h2>\n\n\n\n<div data-block-name=\"woocommerce\/cart-cross-sells-products-block\" class=\"wp-block-woocommerce-cart-cross-sells-products-block\"><\/div>\n<\/div>\n<\/div>\n\n\n\n<div data-block-name=\"woocommerce\/cart-totals-block\" class=\"wp-block-woocommerce-cart-totals-block\">\n<div data-block-name=\"woocommerce\/cart-order-summary-block\" class=\"wp-block-woocommerce-cart-order-summary-block\">\n<div data-block-name=\"woocommerce\/cart-order-summary-heading-block\" class=\"wp-block-woocommerce-cart-order-summary-heading-block\"><\/div><div data-block-name=\"woocommerce\/cart-order-summary-coupon-form-block\" class=\"wp-block-woocommerce-cart-order-summary-coupon-form-block\"><\/div><div data-block-name=\"woocommerce\/cart-order-summary-totals-block\" class=\"wp-block-woocommerce-cart-order-summary-totals-block\">\n<div data-block-name=\"woocommerce\/cart-order-summary-subtotal-block\" class=\"wp-block-woocommerce-cart-order-summary-subtotal-block\"><\/div>\n<div data-block-name=\"woocommerce\/cart-order-summary-discount-block\" class=\"wp-block-woocommerce-cart-order-summary-discount-block\"><\/div>\n<div data-block-name=\"woocommerce\/cart-order-summary-fee-block\" class=\"wp-block-woocommerce-cart-order-summary-fee-block\"><\/div>\n<div data-block-name=\"woocommerce\/cart-order-summary-shipping-block\" class=\"wp-block-woocommerce-cart-order-summary-shipping-block\"><\/div>\n<div data-block-name=\"woocommerce\/cart-order-summary-taxes-block\" class=\"wp-block-woocommerce-cart-order-summary-taxes-block\"><\/div><\/div>\n<\/div>\n\n\n\n<div data-block-name=\"woocommerce\/cart-express-payment-block\" class=\"wp-block-woocommerce-cart-express-payment-block\"><\/div>\n\n\n\n<div data-block-name=\"woocommerce\/proceed-to-checkout-block\" class=\"wp-block-woocommerce-proceed-to-checkout-block\"><\/div>\n\n\n\n<div data-block-name=\"woocommerce\/cart-accepted-payment-methods-block\" class=\"wp-block-woocommerce-cart-accepted-payment-methods-block\"><\/div>\n<\/div>\n<\/div>\n\n\n\n<div data-block-name=\"woocommerce\/empty-cart-block\" class=\"wp-block-woocommerce-empty-cart-block\">\n<h2 class=\"wp-block-heading has-text-align-center with-empty-cart-icon wc-block-cart__empty-cart__title\">Ostoskorisi on t\u00e4ll\u00e4 hetkell\u00e4 tyhj\u00e4!<\/h2>\n\n\n\n<hr class=\"wp-block-separator has-alpha-channel-opacity is-style-dots\"\/>\n\n\n\n<h2 class=\"wp-block-heading has-text-align-center\">Uutta myym\u00e4l\u00e4ss\u00e4<\/h2>\n\n\n<div data-block-name=\"woocommerce\/product-new\" data-columns=\"4\" data-rows=\"1\" class=\"wc-block-grid wp-block-product-new wp-block-woocommerce-product-new wc-block-product-new has-4-columns\"><ul class=\"wc-block-grid__products\"><li class=\"wc-block-grid__product\">\n\t\t\t\t<a href=\"https:\/\/dasa.se\/fi\/product\/dasa-ip-camera-120-ethernet\/\" class=\"wc-block-grid__product-link\">\n\t\t\t\t\t\n\t\t\t\t\t<div class=\"wc-block-grid__product-image\"><img loading=\"lazy\" decoding=\"async\" width=\"324\" height=\"324\" src=\"https:\/\/dasa.se\/wp-content\/uploads\/2025\/03\/Dasa-IP-Camera-324x324.png\" class=\"attachment-woocommerce_thumbnail size-woocommerce_thumbnail\" alt=\"Pieni musta kompaktikamera, joka on asennettu saranoituun k\u00e4\u00e4ntyv\u00e4\u00e4n kiinnikkeeseen, julkaistu osoitteessa www.dasa.se.\" srcset=\"https:\/\/dasa.se\/wp-content\/uploads\/2025\/03\/Dasa-IP-Camera-324x324.png 324w, https:\/\/dasa.se\/wp-content\/uploads\/2025\/03\/Dasa-IP-Camera-150x150.png 150w, https:\/\/dasa.se\/wp-content\/uploads\/2025\/03\/Dasa-IP-Camera-100x100.png 100w, https:\/\/dasa.se\/wp-content\/uploads\/2025\/03\/Dasa-IP-Camera-64x63.png 64w\" sizes=\"auto, (max-width: 324px) 100vw, 324px\" \/><\/div>\n\t\t\t\t\t<div class=\"wc-block-grid__product-title\">Dasa IP-kamera 120\u00b0 Ethernet<\/div>\n\t\t\t\t<\/a>\n\t\t\t\t<div class=\"wc-block-grid__product-price price\"><\/div>\n\t\t\t\t\n\t\t\t\t<div class=\"wp-block-button wc-block-grid__product-add-to-cart\"><a href=\"https:\/\/dasa.se\/fi\/product\/dasa-ip-camera-120-ethernet\/\" aria-label=\"Lue lis\u00e4\u00e4 \u201cDasa IP Camera 120\u00b0 Ethernet\u201d asiasta\" data-quantity=\"1\" data-product_id=\"2254\" data-product_sku=\"1800-00\" data-price=\"0\" rel=\"nofollow\" class=\"wp-block-button__link  add_to_cart_button\" data-no-translation=\"\" data-trp-gettext=\"\" data-no-translation-aria-label=\"\">Lue lis\u00e4\u00e4<\/a><\/div>\n\t\t\t<\/li><li class=\"wc-block-grid__product\">\n\t\t\t\t<a href=\"https:\/\/dasa.se\/fi\/product\/dlpm-controller\/\" class=\"wc-block-grid__product-link\">\n\t\t\t\t\t\n\t\t\t\t\t<div class=\"wc-block-grid__product-image\"><img loading=\"lazy\" decoding=\"async\" width=\"324\" height=\"324\" src=\"https:\/\/dasa.se\/wp-content\/uploads\/2025\/02\/Dasa-dLPM-controller-324x324.png\" class=\"attachment-woocommerce_thumbnail size-woocommerce_thumbnail\" alt=\"Musta DASA dLPM -elektroninen ohjausmoduuli, jossa on kaksi liit\u00e4nt\u00e4porttia ja violetit korostuspaneelit valkoista taustaa vasten, julkaistu osoitteessa www.dasa.se.\" srcset=\"https:\/\/dasa.se\/wp-content\/uploads\/2025\/02\/Dasa-dLPM-controller-324x324.png 324w, https:\/\/dasa.se\/wp-content\/uploads\/2025\/02\/Dasa-dLPM-controller-150x150.png 150w, https:\/\/dasa.se\/wp-content\/uploads\/2025\/02\/Dasa-dLPM-controller-100x100.png 100w\" sizes=\"auto, (max-width: 324px) 100vw, 324px\" \/><\/div>\n\t\t\t\t\t<div class=\"wc-block-grid__product-title\">dLPM-ohjausyksikk\u00f6<\/div>\n\t\t\t\t<\/a>\n\t\t\t\t<div class=\"wc-block-grid__product-price price\"><\/div>\n\t\t\t\t\n\t\t\t\t<div class=\"wp-block-button wc-block-grid__product-add-to-cart\"><a href=\"https:\/\/dasa.se\/fi\/product\/dlpm-controller\/\" aria-label=\"Lue lis\u00e4\u00e4 \u201cdLPM Controller\u201d asiasta\" data-quantity=\"1\" data-product_id=\"2184\" data-product_sku=\"1791-00\" data-price=\"0\" rel=\"nofollow\" class=\"wp-block-button__link  add_to_cart_button\" data-no-translation=\"\" data-trp-gettext=\"\" data-no-translation-aria-label=\"\">Lue lis\u00e4\u00e4<\/a><\/div>\n\t\t\t<\/li><li class=\"wc-block-grid__product\">\n\t\t\t\t<a href=\"https:\/\/dasa.se\/fi\/product\/dasa-forester-office\/\" class=\"wc-block-grid__product-link\">\n\t\t\t\t\t\n\t\t\t\t\t<div class=\"wc-block-grid__product-image\"><img loading=\"lazy\" decoding=\"async\" width=\"324\" height=\"324\" src=\"https:\/\/dasa.se\/wp-content\/uploads\/2025\/01\/Dasa-Forester-Office_01-324x324.png\" class=\"attachment-woocommerce_thumbnail size-woocommerce_thumbnail\" alt=\"Alt-teksti: Kuvankaappaus ForesterOfficen ty\u00f6p\u00f6yt\u00e4sovelluksesta, jossa n\u00e4kyy tuotekonfiguraatiov\u00e4lilehdet ja useita taulukoita, joissa on tuotteiden nimet, tunnukset, halkaisijapohjaiset hintamatriisit ja pituuden korjausasetukset; julkaistu osoitteessa www.dasa.se.\" srcset=\"https:\/\/dasa.se\/wp-content\/uploads\/2025\/01\/Dasa-Forester-Office_01-324x324.png 324w, https:\/\/dasa.se\/wp-content\/uploads\/2025\/01\/Dasa-Forester-Office_01-150x150.png 150w, https:\/\/dasa.se\/wp-content\/uploads\/2025\/01\/Dasa-Forester-Office_01-100x100.png 100w\" sizes=\"auto, (max-width: 324px) 100vw, 324px\" \/><\/div>\n\t\t\t\t\t<div class=\"wc-block-grid__product-title\">Dasa Forester Office<\/div>\n\t\t\t\t<\/a>\n\t\t\t\t<div class=\"wc-block-grid__product-price price\"><\/div>\n\t\t\t\t\n\t\t\t\t<div class=\"wp-block-button wc-block-grid__product-add-to-cart\"><a href=\"https:\/\/dasa.se\/fi\/product\/dasa-forester-office\/\" aria-label=\"Lue lis\u00e4\u00e4 \u201cDasa Forester Office\u201d asiasta\" data-quantity=\"1\" data-product_id=\"2053\" data-product_sku=\"950-00\" data-price=\"0\" rel=\"nofollow\" class=\"wp-block-button__link  add_to_cart_button\" data-no-translation=\"\" data-trp-gettext=\"\" data-no-translation-aria-label=\"\">Lue lis\u00e4\u00e4<\/a><\/div>\n\t\t\t<\/li><li class=\"wc-block-grid__product\">\n\t\t\t\t<a href=\"https:\/\/dasa.se\/fi\/product\/gps-kit-3\/\" class=\"wc-block-grid__product-link\">\n\t\t\t\t\t\n\t\t\t\t\t<div class=\"wc-block-grid__product-image\"><img loading=\"lazy\" decoding=\"async\" width=\"324\" height=\"324\" src=\"https:\/\/dasa.se\/wp-content\/uploads\/2025\/01\/gps-kit-3-324x324.png\" class=\"attachment-woocommerce_thumbnail size-woocommerce_thumbnail\" alt=\"Kaksi kierretty\u00e4 kaapelia - yksi pitk\u00e4 harmaa monijohdinkaapeli, jossa on liittimi\u00e4, ja yksi lyhyempi musta kaapeli, joka on kiinnitetty py\u00f6re\u00e4\u00e4n mustaan anturimaiseen moduuliin - valkoisella pohjalla; julkaistu osoitteessa www.dasa.se.\" srcset=\"https:\/\/dasa.se\/wp-content\/uploads\/2025\/01\/gps-kit-3-324x324.png 324w, https:\/\/dasa.se\/wp-content\/uploads\/2025\/01\/gps-kit-3-150x150.png 150w, https:\/\/dasa.se\/wp-content\/uploads\/2025\/01\/gps-kit-3-100x100.png 100w\" sizes=\"auto, (max-width: 324px) 100vw, 324px\" \/><\/div>\n\t\t\t\t\t<div class=\"wc-block-grid__product-title\">GPS Kit 3<\/div>\n\t\t\t\t<\/a>\n\t\t\t\t<div class=\"wc-block-grid__product-price price\"><\/div>\n\t\t\t\t\n\t\t\t\t<div class=\"wp-block-button wc-block-grid__product-add-to-cart\"><a href=\"https:\/\/dasa.se\/fi\/product\/gps-kit-3\/\" aria-label=\"Lue lis\u00e4\u00e4 \u201cGPS Kit 3\u201d asiasta\" data-quantity=\"1\" data-product_id=\"2047\" data-product_sku=\"0119-GPS\" data-price=\"0\" rel=\"nofollow\" class=\"wp-block-button__link  add_to_cart_button\" data-no-translation=\"\" data-trp-gettext=\"\" data-no-translation-aria-label=\"\">Lue lis\u00e4\u00e4<\/a><\/div>\n\t\t\t<\/li><\/ul><\/div><\/div>\n<\/div>","protected":false},"excerpt":{"rendered":"","protected":false},"author":1,"featured_media":0,"parent":0,"menu_order":0,"comment_status":"closed","ping_status":"closed","template":"","meta":{"footnotes":""},"class_list":["post-10","page","type-page","status-publish","hentry"],"yoast_head":"<!-- This site is optimized with the Yoast SEO plugin v26.7 - https:\/\/yoast.com\/wordpress\/plugins\/seo\/ -->\n<title>Cart - Dasa<\/title>\n<meta name=\"robots\" content=\"index, follow, max-snippet:-1, max-image-preview:large, max-video-preview:-1\" \/>\n<link rel=\"canonical\" href=\"https:\/\/dasa.se\/fi\/cart\/\" \/>\n<meta property=\"og:locale\" content=\"fi_FI\" \/>\n<meta property=\"og:type\" content=\"article\" \/>\n<meta property=\"og:title\" content=\"Cart - Dasa\" \/>\n<meta property=\"og:url\" content=\"https:\/\/dasa.se\/fi\/cart\/\" \/>\n<meta property=\"og:site_name\" content=\"Dasa: High-Performance Machine Control Systems\" \/>\n<meta property=\"article:modified_time\" content=\"2024-11-01T07:12:28+00:00\" \/>\n<meta name=\"twitter:card\" content=\"summary_large_image\" \/>\n<script type=\"application\/ld+json\" class=\"yoast-schema-graph\">{\"@context\":\"https:\/\/schema.org\",\"@graph\":[{\"@type\":\"WebPage\",\"@id\":\"https:\/\/dasa.se\/cart\/\",\"url\":\"https:\/\/dasa.se\/cart\/\",\"name\":\"Cart - Dasa\",\"isPartOf\":{\"@id\":\"https:\/\/dasa.se\/#website\"},\"datePublished\":\"2024-10-28T08:40:44+00:00\",\"dateModified\":\"2024-11-01T07:12:28+00:00\",\"breadcrumb\":{\"@id\":\"https:\/\/dasa.se\/cart\/#breadcrumb\"},\"inLanguage\":\"fi\",\"potentialAction\":[{\"@type\":\"ReadAction\",\"target\":[\"https:\/\/dasa.se\/cart\/\"]}]},{\"@type\":\"BreadcrumbList\",\"@id\":\"https:\/\/dasa.se\/cart\/#breadcrumb\",\"itemListElement\":[{\"@type\":\"ListItem\",\"position\":1,\"name\":\"Home\",\"item\":\"https:\/\/dasa.se\/\"},{\"@type\":\"ListItem\",\"position\":2,\"name\":\"Cart\"}]},{\"@type\":\"WebSite\",\"@id\":\"https:\/\/dasa.se\/#website\",\"url\":\"https:\/\/dasa.se\/\",\"name\":\"Dasa: High-Performance Machine Control Systems\",\"description\":\"\",\"publisher\":{\"@id\":\"https:\/\/dasa.se\/#organization\"},\"potentialAction\":[{\"@type\":\"SearchAction\",\"target\":{\"@type\":\"EntryPoint\",\"urlTemplate\":\"https:\/\/dasa.se\/?s={search_term_string}\"},\"query-input\":{\"@type\":\"PropertyValueSpecification\",\"valueRequired\":true,\"valueName\":\"search_term_string\"}}],\"inLanguage\":\"fi\"},{\"@type\":\"Organization\",\"@id\":\"https:\/\/dasa.se\/#organization\",\"name\":\"Dasa: High-Performance Machine Control Systems\",\"url\":\"https:\/\/dasa.se\/\",\"logo\":{\"@type\":\"ImageObject\",\"inLanguage\":\"fi\",\"@id\":\"https:\/\/dasa.se\/#\/schema\/logo\/image\/\",\"url\":\"https:\/\/dasa.se\/wp-content\/uploads\/2024\/10\/logo3.png\",\"contentUrl\":\"https:\/\/dasa.se\/wp-content\/uploads\/2024\/10\/logo3.png\",\"width\":1000,\"height\":320,\"caption\":\"Dasa: High-Performance Machine Control Systems\"},\"image\":{\"@id\":\"https:\/\/dasa.se\/#\/schema\/logo\/image\/\"},\"sameAs\":[\"https:\/\/www.linkedin.com\/company\/dasa-control-systems\/\"]}]}<\/script>\n<!-- \/ Yoast SEO plugin. -->","yoast_head_json":{"title":"Ostoskori - Dasa","robots":{"index":"index","follow":"follow","max-snippet":"max-snippet:-1","max-image-preview":"max-image-preview:large","max-video-preview":"max-video-preview:-1"},"canonical":"https:\/\/dasa.se\/fi\/cart\/","og_locale":"fi_FI","og_type":"article","og_title":"Cart - Dasa","og_url":"https:\/\/dasa.se\/fi\/cart\/","og_site_name":"Dasa: High-Performance Machine Control Systems","article_modified_time":"2024-11-01T07:12:28+00:00","twitter_card":"summary_large_image","schema":{"@context":"https:\/\/schema.org","@graph":[{"@type":"WebPage","@id":"https:\/\/dasa.se\/cart\/","url":"https:\/\/dasa.se\/cart\/","name":"Ostoskori - Dasa","isPartOf":{"@id":"https:\/\/dasa.se\/#website"},"datePublished":"2024-10-28T08:40:44+00:00","dateModified":"2024-11-01T07:12:28+00:00","breadcrumb":{"@id":"https:\/\/dasa.se\/cart\/#breadcrumb"},"inLanguage":"fi","potentialAction":[{"@type":"ReadAction","target":["https:\/\/dasa.se\/cart\/"]}]},{"@type":"BreadcrumbList","@id":"https:\/\/dasa.se\/cart\/#breadcrumb","itemListElement":[{"@type":"ListItem","position":1,"name":"Home","item":"https:\/\/dasa.se\/"},{"@type":"ListItem","position":2,"name":"Cart"}]},{"@type":"WebSite","@id":"https:\/\/dasa.se\/#website","url":"https:\/\/dasa.se\/","name":"Dasa: Korkean suorituskyvyn koneenohjausj\u00e4rjestelm\u00e4t","description":"","publisher":{"@id":"https:\/\/dasa.se\/#organization"},"potentialAction":[{"@type":"SearchAction","target":{"@type":"EntryPoint","urlTemplate":"https:\/\/dasa.se\/?s={search_term_string}"},"query-input":{"@type":"PropertyValueSpecification","valueRequired":true,"valueName":"search_term_string"}}],"inLanguage":"fi"},{"@type":"Organization","@id":"https:\/\/dasa.se\/#organization","name":"Dasa: Korkean suorituskyvyn koneenohjausj\u00e4rjestelm\u00e4t","url":"https:\/\/dasa.se\/","logo":{"@type":"ImageObject","inLanguage":"fi","@id":"https:\/\/dasa.se\/#\/schema\/logo\/image\/","url":"https:\/\/dasa.se\/wp-content\/uploads\/2024\/10\/logo3.png","contentUrl":"https:\/\/dasa.se\/wp-content\/uploads\/2024\/10\/logo3.png","width":1000,"height":320,"caption":"Dasa: High-Performance Machine Control Systems"},"image":{"@id":"https:\/\/dasa.se\/#\/schema\/logo\/image\/"},"sameAs":["https:\/\/www.linkedin.com\/company\/dasa-control-systems\/"]}]}},"_links":{"self":[{"href":"https:\/\/dasa.se\/fi\/wp-json\/wp\/v2\/pages\/10","targetHints":{"allow":["GET"]}}],"collection":[{"href":"https:\/\/dasa.se\/fi\/wp-json\/wp\/v2\/pages"}],"about":[{"href":"https:\/\/dasa.se\/fi\/wp-json\/wp\/v2\/types\/page"}],"author":[{"embeddable":true,"href":"https:\/\/dasa.se\/fi\/wp-json\/wp\/v2\/users\/1"}],"replies":[{"embeddable":true,"href":"https:\/\/dasa.se\/fi\/wp-json\/wp\/v2\/comments?post=10"}],"version-history":[{"count":1,"href":"https:\/\/dasa.se\/fi\/wp-json\/wp\/v2\/pages\/10\/revisions"}],"predecessor-version":[{"id":14,"href":"https:\/\/dasa.se\/fi\/wp-json\/wp\/v2\/pages\/10\/revisions\/14"}],"wp:attachment":[{"href":"https:\/\/dasa.se\/fi\/wp-json\/wp\/v2\/media?parent=10"}],"curies":[{"name":"wp","href":"https:\/\/api.w.org\/{rel}","templated":true}]}}