{"id":1028,"date":"2024-11-14T15:22:40","date_gmt":"2024-11-14T15:22:40","guid":{"rendered":"https:\/\/eznpp.beeweb-orange.io\/?page_id=1028"},"modified":"2026-03-31T11:22:27","modified_gmt":"2026-03-31T11:22:27","slug":"about-us","status":"publish","type":"page","link":"https:\/\/dasa.se\/fi\/about-us\/","title":{"rendered":"Tietoa meist\u00e4"},"content":{"rendered":"<div style=\"height:7rem\" aria-hidden=\"true\" class=\"wp-block-spacer\"><\/div>\n\n\n\n<h2 class=\"wp-block-heading has-text-align-left title-with-dot h1_dasa has-white-color has-text-color has-link-color wp-elements-0e0176d4d0474b8f2176d31f0f47ec46 translation-block\">You are in control<\/h2>\n\n\n\n<div style=\"height:10rem;width:0px\" aria-hidden=\"true\" class=\"wp-block-spacer\"><\/div>\n\n\n\n<div style=\"background-image:url(&apos;https:\/\/dasa.se\/wp-content\/uploads\/2024\/10\/DASA-Pattern-ny.jpg&apos;);background-position:50% 0;background-size:cover;\" class=\"wp-block-group alignfull has-background\"><div class=\"wp-block-group__inner-container is-layout-constrained wp-block-group-is-layout-constrained\">\n<div style=\"height:100px\" aria-hidden=\"true\" class=\"wp-block-spacer\"><\/div>\n\n\n\n<div class=\"wp-block-group width_80 margin_auto\"><div class=\"wp-block-group__inner-container is-layout-constrained wp-block-group-is-layout-constrained\">\n<div class=\"wp-block-group margin_right_5 is-vertical is-content-justification-right is-layout-flex wp-container-core-group-is-layout-c0d519fa wp-block-group-is-layout-flex\">\n<h1 class=\"wp-block-heading has-text-align-right title-with-dot\" style=\"font-size:5rem;font-style:normal;font-weight:900\">Meist\u00e4 \u2013 Olemme Dasa<\/h1>\n\n\n\n<p class=\"has-text-align-right width_75 text_style mobile_width_100\">Olemme syntyisin mets\u00e4st\u00e4. Ratkaisumme on suunniteltu ja kehitetty vastaamaan mets\u00e4koneiden kohtaamiin vaativiin olosuhteisiin. Kokemuksemme perusteella olemme luoneet \u00e4lykk\u00e4it\u00e4 ja tehokkaita j\u00e4rjestelmi\u00e4, jotka eiv\u00e4t toimi vain mets\u00e4koneissa vaan niit\u00e4 voidaan k\u00e4ytt\u00e4\u00e4 kaikissa liikkuvissa ty\u00f6koneissa, joilta vaaditaan samoja korkeita luotettavuus- ja suorituskykyvaatimuksia.<\/p>\n\n\n\n<p class=\"has-text-align-right width_75 text_style mobile_width_100\">Tiivis yhteisty\u00f6mme STW:n ja sen innovatiivisten tuotteiden kanssa mahdollistaa entist\u00e4kin edistyksellisempien ratkaisujen tarjoamisen. J\u00e4rjestelm\u00e4mme ja komponenttimme eiv\u00e4t ole ainoastaan \u00e4lykk\u00e4it\u00e4 ja tehokkaita, vaan ne noudattavat my\u00f6s korkeimpia koneturvallisuusstandardeja. Meille turvallisuus, luotettavuus ja suorituskyky ovat olennainen osa kaikkea toimintaamme, ja j\u00e4rjestelm\u00e4mme on suunniteltu niin k\u00e4ytt\u00e4jien kuin koneidenkin turvallisuutta silm\u00e4ll\u00e4 pit\u00e4en.<\/p>\n\n\n\n<div class=\"wp-block-group is-content-justification-right is-nowrap is-layout-flex wp-container-core-group-is-layout-369f395c wp-block-group-is-layout-flex\">\n<div class=\"wp-block-group text_style wp-container-content-958eb9dc\"><div class=\"wp-block-group__inner-container is-layout-constrained wp-block-group-is-layout-constrained\"><\/div><\/div>\n<\/div>\n<\/div>\n\n\n\n<hr class=\"wp-block-separator aligncenter has-alpha-channel-opacity is-style-wide\" style=\"margin-top:var(--wp--preset--spacing--80);margin-bottom:var(--wp--preset--spacing--80)\"\/>\n<\/div><\/div>\n<\/div><\/div>\n\n\n\n<div style=\"background-image:url(&apos;https:\/\/dasa.se\/wp-content\/uploads\/2024\/10\/DASA-Pattern-ny.jpg&apos;);background-position:50% 0;background-size:cover;\" class=\"wp-block-group alignfull has-background\"><div class=\"wp-block-group__inner-container is-layout-constrained wp-block-group-is-layout-constrained\">\n<div style=\"height:100px\" aria-hidden=\"true\" class=\"wp-block-spacer\"><\/div>\n\n\n\n<div class=\"wp-block-group width_80 margin_auto\"><div class=\"wp-block-group__inner-container is-layout-constrained wp-block-group-is-layout-constrained\">\n<div class=\"wp-block-group title-block is-vertical is-content-justification-right is-layout-flex wp-container-core-group-is-layout-c0d519fa wp-block-group-is-layout-flex\" style=\"text-transform:capitalize\">\n<h2 class=\"wp-block-heading has-text-align-right title-with-dot\" style=\"font-size:5rem;font-style:normal;font-weight:700;text-transform:none\">Ota yhteytt\u00e4 <br>meihin<\/h2>\n<\/div>\n\n\n\n<div class=\"wp-block-group contact-form-dark\"><div class=\"wp-block-group__inner-container is-layout-constrained wp-block-group-is-layout-constrained\">\n<div class=\"wpcf7 no-js\" id=\"wpcf7-f205-o1\" lang=\"en-US\" dir=\"ltr\" data-wpcf7-id=\"205\">\n<div class=\"screen-reader-response\"><p role=\"status\" aria-live=\"polite\" aria-atomic=\"true\"><\/p> <ul><\/ul><\/div>\n<form action=\"\/fi\/wp-json\/wp\/v2\/pages\/1028#wpcf7-f205-o1\" method=\"post\" class=\"wpcf7-form init\" aria-label=\"Yhteydenottolomake\" novalidate=\"novalidate\" data-status=\"init\" data-trp-original-action=\"\/fi\/wp-json\/wp\/v2\/pages\/1028#wpcf7-f205-o1\">\n<fieldset class=\"hidden-fields-container\"><input type=\"hidden\" name=\"_wpcf7\" value=\"205\" \/><input type=\"hidden\" name=\"_wpcf7_version\" value=\"6.1.4\" \/><input type=\"hidden\" name=\"_wpcf7_locale\" value=\"en_US\" \/><input type=\"hidden\" name=\"_wpcf7_unit_tag\" value=\"wpcf7-f205-o1\" \/><input type=\"hidden\" name=\"_wpcf7_container_post\" value=\"0\" \/><input type=\"hidden\" name=\"_wpcf7_posted_data_hash\" value=\"\" \/><input type=\"hidden\" name=\"_wpcf7_recaptcha_response\" value=\"\" \/>\n<\/fieldset>\n<div class=\"contact-form\">\n\t<p><input type=\"hidden\" name=\"gclid\" id=\"gclid\" value=\"\" \/><br \/>\n<input type=\"hidden\" name=\"fbclid\" id=\"fbclid\" value=\"\" \/>\n\t<\/p>\n\t<div class=\"contact-form-row50\">\n\t\t<p><span class=\"wpcf7-form-control-wrap\" data-name=\"your-name\"><input size=\"40\" maxlength=\"400\" class=\"wpcf7-form-control wpcf7-text wpcf7-validates-as-required\" aria-required=\"true\" aria-invalid=\"false\" placeholder=\"Nimi *\" value=\"\" type=\"text\" name=\"your-name\" \/><\/span><br \/>\n<span class=\"wpcf7-form-control-wrap\" data-name=\"email\"><input size=\"40\" maxlength=\"400\" class=\"wpcf7-form-control wpcf7-email wpcf7-validates-as-required wpcf7-text wpcf7-validates-as-email\" autocomplete=\"email\" aria-required=\"true\" aria-invalid=\"false\" placeholder=\"S\u00e4hk\u00f6posti *\" value=\"\" type=\"email\" name=\"email\" \/><\/span>\n\t\t<\/p>\n\t<\/div>\n\t<div class=\"contact-form-row50\">\n\t\t<p><span class=\"wpcf7-form-control-wrap\" data-name=\"phone\"><input size=\"40\" maxlength=\"400\" class=\"wpcf7-form-control wpcf7-tel wpcf7-text wpcf7-validates-as-tel\" aria-invalid=\"false\" placeholder=\"Puhelin\" value=\"\" type=\"tel\" name=\"phone\" \/><\/span><br \/>\n<span class=\"wpcf7-form-control-wrap\" data-name=\"company\"><input size=\"40\" maxlength=\"400\" class=\"wpcf7-form-control wpcf7-text wpcf7-validates-as-required\" aria-required=\"true\" aria-invalid=\"false\" placeholder=\"Yritys *\" value=\"\" type=\"text\" name=\"company\" \/><\/span>\n\t\t<\/p>\n\t<\/div>\n\t<p><span class=\"wpcf7-form-control-wrap\" data-name=\"message\"><textarea cols=\"40\" rows=\"10\" maxlength=\"2000\" class=\"wpcf7-form-control wpcf7-textarea wpcf7-validates-as-required\" aria-required=\"true\" aria-invalid=\"false\" placeholder=\"Viesti *\" name=\"message\"><\/textarea><\/span>\n\t<\/p>\n\t<div class=\"contact-form-button\">\n\t\t<p><svg xmlns=\"http:\/\/www.w3.org\/2000\/svg\" xmlns:xlink=\"http:\/\/www.w3.org\/1999\/xlink\" version=\"1.1\" width=\"60\" height=\"60\" viewbox=\"0 0 150 150\" xml:space=\"preserve\">\n\t\t\t<g transform=\"matrix(1.25 0 0 1.25 73.31 74.31)\">\n\t\t\t<line style=\"stroke: red;stroke-width: 5px;stroke-dasharray: none;stroke-linecap: butt;stroke-dashoffset: 0;stroke-linejoin: miter;stroke-miterlimit: 4;fill: rgb(0,0,0);fill-rule: nonzero;opacity: 1;\" x1=\"-57.578207683115664\" y1=\"-57.578207683115664\" x2=\"57.578207683115664\" y2=\"57.578207683115664\"><\/line>\n\t\t\t<\/g>\n\t\t\t<g transform=\"matrix(1.56 0 0 1.56 146.73 89.25)\">\n\t\t\t<line style=\"stroke: red;stroke-width: 5px;stroke-dasharray: none;stroke-linecap: butt;stroke-dashoffset: 0;stroke-linejoin: miter;stroke-miterlimit: 4;fill: rgb(0,0,0);fill-rule: nonzero;opacity: 1;\" x1=\"0\" y1=\"37.02026472082554\" x2=\"0\" y2=\"-37.02026472082554\"><\/line>\n\t\t\t<\/g>\n\t\t\t<g transform=\"matrix(1.56 0 0 1.56 99.47 148.15)\">\n\t\t\t<line style=\"stroke: red;stroke-width: 5px;stroke-dasharray: none;stroke-linecap: butt;stroke-dashoffset: 0;stroke-linejoin: miter;stroke-miterlimit: 4;fill: rgb(0,0,0);fill-rule: nonzero;opacity: 1;\" x1=\"30.06659275674582\" y1=\"0\" x2=\"-30.06659275674582\" y2=\"0\"><\/line>\n\t\t\t<\/g>\n\t\t\t<\/svg>\n\t\t<\/p>\n\t\t<p><input class=\"wpcf7-form-control wpcf7-submit has-spinner\" type=\"submit\" value=\"L\u00e4het\u00e4\" \/>\n\t\t<\/p>\n\t<\/div>\n<\/div><div class=\"wpcf7-response-output\" aria-hidden=\"true\"><\/div>\n<input type=\"hidden\" name=\"trp-form-language\" value=\"fi\"\/><\/form>\n<\/div>\n\n<\/div><\/div>\n<\/div><\/div>\n<\/div><\/div>","protected":false},"excerpt":{"rendered":"<p>Olet ohjauksessa Tietoa meist\u00e4 \u2013 Olemme Dasa Alkuper\u00e4mme on mets\u00e4ss\u00e4, miss\u00e4 ratkaisumme syntyiv\u00e4t ja kehitettiin mets\u00e4teollisuuden vaativiin ja ankariin olosuhteisiin. Kokemuksemme pohjalta loimme \u00e4lykk\u00e4it\u00e4 ja tehokkaita j\u00e4rjestelmi\u00e4, jotka eiv\u00e4t ainoastaan menesty mets\u00e4alalla, vaan joita voidaan soveltaa [\u2026]<\/p>","protected":false},"author":1,"featured_media":1974,"parent":0,"menu_order":0,"comment_status":"closed","ping_status":"closed","template":"template-fullwidth.php","meta":{"footnotes":""},"class_list":["post-1028","page","type-page","status-publish","has-post-thumbnail","hentry"],"yoast_head":"<!-- This site is optimized with the Yoast SEO plugin v26.7 - https:\/\/yoast.com\/wordpress\/plugins\/seo\/ -->\n<title>About Dasa \u2013 Innovators in Forestry Technology | Dasa<\/title>\n<meta name=\"description\" content=\"Discover Dasa, the leaders in forestry technology and machine control. Learn about our history of innovation and our mission for the future. Read more here!\" \/>\n<meta name=\"robots\" content=\"index, follow, max-snippet:-1, max-image-preview:large, max-video-preview:-1\" \/>\n<link rel=\"canonical\" href=\"https:\/\/dasa.se\/fi\/about-us\/\" \/>\n<meta property=\"og:locale\" content=\"fi_FI\" \/>\n<meta property=\"og:type\" content=\"article\" \/>\n<meta property=\"og:title\" content=\"About Dasa \u2013 Innovators in Forestry Technology | Dasa\" \/>\n<meta property=\"og:description\" content=\"Discover Dasa, the leaders in forestry technology and machine control. Learn about our history of innovation and our mission for the future. Read more here!\" \/>\n<meta property=\"og:url\" content=\"https:\/\/dasa.se\/fi\/about-us\/\" \/>\n<meta property=\"og:site_name\" content=\"Dasa: High-Performance Machine Control Systems\" \/>\n<meta property=\"article:modified_time\" content=\"2026-03-31T11:22:27+00:00\" \/>\n<meta property=\"og:image\" content=\"https:\/\/dasa.se\/wp-content\/uploads\/2025\/01\/Dasa-RobotHand.jpg\" \/>\n\t<meta property=\"og:image:width\" content=\"2500\" \/>\n\t<meta property=\"og:image:height\" content=\"1174\" \/>\n\t<meta property=\"og:image:type\" content=\"image\/jpeg\" \/>\n<meta name=\"twitter:card\" content=\"summary_large_image\" \/>\n<meta name=\"twitter:label1\" content=\"Arvioitu lukuaika\" \/>\n\t<meta name=\"twitter:data1\" content=\"1 minuutti\" \/>\n<script type=\"application\/ld+json\" class=\"yoast-schema-graph\">{\"@context\":\"https:\/\/schema.org\",\"@graph\":[{\"@type\":\"WebPage\",\"@id\":\"https:\/\/dasa.se\/about-us\/\",\"url\":\"https:\/\/dasa.se\/about-us\/\",\"name\":\"About Dasa \u2013 Innovators in Forestry Technology | Dasa\",\"isPartOf\":{\"@id\":\"https:\/\/dasa.se\/#website\"},\"primaryImageOfPage\":{\"@id\":\"https:\/\/dasa.se\/about-us\/#primaryimage\"},\"image\":{\"@id\":\"https:\/\/dasa.se\/about-us\/#primaryimage\"},\"thumbnailUrl\":\"https:\/\/dasa.se\/wp-content\/uploads\/2025\/01\/Dasa-RobotHand.jpg\",\"datePublished\":\"2024-11-14T15:22:40+00:00\",\"dateModified\":\"2026-03-31T11:22:27+00:00\",\"description\":\"Discover Dasa, the leaders in forestry technology and machine control. Learn about our history of innovation and our mission for the future. Read more here!\",\"breadcrumb\":{\"@id\":\"https:\/\/dasa.se\/about-us\/#breadcrumb\"},\"inLanguage\":\"fi\",\"potentialAction\":[{\"@type\":\"ReadAction\",\"target\":[\"https:\/\/dasa.se\/about-us\/\"]}]},{\"@type\":\"ImageObject\",\"inLanguage\":\"fi\",\"@id\":\"https:\/\/dasa.se\/about-us\/#primaryimage\",\"url\":\"https:\/\/dasa.se\/wp-content\/uploads\/2025\/01\/Dasa-RobotHand.jpg\",\"contentUrl\":\"https:\/\/dasa.se\/wp-content\/uploads\/2025\/01\/Dasa-RobotHand.jpg\",\"width\":2500,\"height\":1174,\"caption\":\"Robotic hand holding a test tube with a dna inside. Technology concept manipulating organic life. Clipping path included.\"},{\"@type\":\"BreadcrumbList\",\"@id\":\"https:\/\/dasa.se\/about-us\/#breadcrumb\",\"itemListElement\":[{\"@type\":\"ListItem\",\"position\":1,\"name\":\"Home\",\"item\":\"https:\/\/dasa.se\/\"},{\"@type\":\"ListItem\",\"position\":2,\"name\":\"About us\"}]},{\"@type\":\"WebSite\",\"@id\":\"https:\/\/dasa.se\/#website\",\"url\":\"https:\/\/dasa.se\/\",\"name\":\"Dasa: High-Performance Machine Control Systems\",\"description\":\"\",\"publisher\":{\"@id\":\"https:\/\/dasa.se\/#organization\"},\"potentialAction\":[{\"@type\":\"SearchAction\",\"target\":{\"@type\":\"EntryPoint\",\"urlTemplate\":\"https:\/\/dasa.se\/?s={search_term_string}\"},\"query-input\":{\"@type\":\"PropertyValueSpecification\",\"valueRequired\":true,\"valueName\":\"search_term_string\"}}],\"inLanguage\":\"fi\"},{\"@type\":\"Organization\",\"@id\":\"https:\/\/dasa.se\/#organization\",\"name\":\"Dasa: High-Performance Machine Control Systems\",\"url\":\"https:\/\/dasa.se\/\",\"logo\":{\"@type\":\"ImageObject\",\"inLanguage\":\"fi\",\"@id\":\"https:\/\/dasa.se\/#\/schema\/logo\/image\/\",\"url\":\"https:\/\/dasa.se\/wp-content\/uploads\/2024\/10\/logo3.png\",\"contentUrl\":\"https:\/\/dasa.se\/wp-content\/uploads\/2024\/10\/logo3.png\",\"width\":1000,\"height\":320,\"caption\":\"Dasa: High-Performance Machine Control Systems\"},\"image\":{\"@id\":\"https:\/\/dasa.se\/#\/schema\/logo\/image\/\"},\"sameAs\":[\"https:\/\/www.linkedin.com\/company\/dasa-control-systems\/\"]}]}<\/script>\n<!-- \/ Yoast SEO plugin. -->","yoast_head_json":{"title":"Tietoa Dasasta - Mets\u00e4teknologian innovaattorit | Dasa","description":"Tutustu Dasa:han, mets\u00e4teknologian ja koneohjauksen johtavaan yritykseen. Lue innovaatiomme historiasta ja tulevaisuuden tavoitteistamme. Lue lis\u00e4\u00e4 t\u00e4\u00e4lt\u00e4!","robots":{"index":"index","follow":"follow","max-snippet":"max-snippet:-1","max-image-preview":"max-image-preview:large","max-video-preview":"max-video-preview:-1"},"canonical":"https:\/\/dasa.se\/fi\/about-us\/","og_locale":"fi_FI","og_type":"article","og_title":"About Dasa \u2013 Innovators in Forestry Technology | Dasa","og_description":"Discover Dasa, the leaders in forestry technology and machine control. Learn about our history of innovation and our mission for the future. Read more here!","og_url":"https:\/\/dasa.se\/fi\/about-us\/","og_site_name":"Dasa: High-Performance Machine Control Systems","article_modified_time":"2026-03-31T11:22:27+00:00","og_image":[{"width":2500,"height":1174,"url":"https:\/\/dasa.se\/wp-content\/uploads\/2025\/01\/Dasa-RobotHand.jpg","type":"image\/jpeg"}],"twitter_card":"summary_large_image","twitter_misc":{"Arvioitu lukuaika":"1 minuutti"},"schema":{"@context":"https:\/\/schema.org","@graph":[{"@type":"WebPage","@id":"https:\/\/dasa.se\/about-us\/","url":"https:\/\/dasa.se\/about-us\/","name":"Tietoa Dasasta - Mets\u00e4teknologian innovaattorit | Dasa","isPartOf":{"@id":"https:\/\/dasa.se\/#website"},"primaryImageOfPage":{"@id":"https:\/\/dasa.se\/about-us\/#primaryimage"},"image":{"@id":"https:\/\/dasa.se\/about-us\/#primaryimage"},"thumbnailUrl":"https:\/\/dasa.se\/wp-content\/uploads\/2025\/01\/Dasa-RobotHand.jpg","datePublished":"2024-11-14T15:22:40+00:00","dateModified":"2026-03-31T11:22:27+00:00","description":"Tutustu Dasa:han, mets\u00e4teknologian ja koneohjauksen johtavaan yritykseen. Lue innovaatiomme historiasta ja tulevaisuuden tavoitteistamme. Lue lis\u00e4\u00e4 t\u00e4\u00e4lt\u00e4!","breadcrumb":{"@id":"https:\/\/dasa.se\/about-us\/#breadcrumb"},"inLanguage":"fi","potentialAction":[{"@type":"ReadAction","target":["https:\/\/dasa.se\/about-us\/"]}]},{"@type":"ImageObject","inLanguage":"fi","@id":"https:\/\/dasa.se\/about-us\/#primaryimage","url":"https:\/\/dasa.se\/wp-content\/uploads\/2025\/01\/Dasa-RobotHand.jpg","contentUrl":"https:\/\/dasa.se\/wp-content\/uploads\/2025\/01\/Dasa-RobotHand.jpg","width":2500,"height":1174,"caption":"Robotic hand holding a test tube with a dna inside. Technology concept manipulating organic life. Clipping path included."},{"@type":"BreadcrumbList","@id":"https:\/\/dasa.se\/about-us\/#breadcrumb","itemListElement":[{"@type":"ListItem","position":1,"name":"Home","item":"https:\/\/dasa.se\/"},{"@type":"ListItem","position":2,"name":"About us"}]},{"@type":"WebSite","@id":"https:\/\/dasa.se\/#website","url":"https:\/\/dasa.se\/","name":"Dasa: Korkean suorituskyvyn koneenohjausj\u00e4rjestelm\u00e4t","description":"","publisher":{"@id":"https:\/\/dasa.se\/#organization"},"potentialAction":[{"@type":"SearchAction","target":{"@type":"EntryPoint","urlTemplate":"https:\/\/dasa.se\/?s={search_term_string}"},"query-input":{"@type":"PropertyValueSpecification","valueRequired":true,"valueName":"search_term_string"}}],"inLanguage":"fi"},{"@type":"Organization","@id":"https:\/\/dasa.se\/#organization","name":"Dasa: Korkean suorituskyvyn koneenohjausj\u00e4rjestelm\u00e4t","url":"https:\/\/dasa.se\/","logo":{"@type":"ImageObject","inLanguage":"fi","@id":"https:\/\/dasa.se\/#\/schema\/logo\/image\/","url":"https:\/\/dasa.se\/wp-content\/uploads\/2024\/10\/logo3.png","contentUrl":"https:\/\/dasa.se\/wp-content\/uploads\/2024\/10\/logo3.png","width":1000,"height":320,"caption":"Dasa: High-Performance Machine Control Systems"},"image":{"@id":"https:\/\/dasa.se\/#\/schema\/logo\/image\/"},"sameAs":["https:\/\/www.linkedin.com\/company\/dasa-control-systems\/"]}]}},"_links":{"self":[{"href":"https:\/\/dasa.se\/fi\/wp-json\/wp\/v2\/pages\/1028","targetHints":{"allow":["GET"]}}],"collection":[{"href":"https:\/\/dasa.se\/fi\/wp-json\/wp\/v2\/pages"}],"about":[{"href":"https:\/\/dasa.se\/fi\/wp-json\/wp\/v2\/types\/page"}],"author":[{"embeddable":true,"href":"https:\/\/dasa.se\/fi\/wp-json\/wp\/v2\/users\/1"}],"replies":[{"embeddable":true,"href":"https:\/\/dasa.se\/fi\/wp-json\/wp\/v2\/comments?post=1028"}],"version-history":[{"count":55,"href":"https:\/\/dasa.se\/fi\/wp-json\/wp\/v2\/pages\/1028\/revisions"}],"predecessor-version":[{"id":2912,"href":"https:\/\/dasa.se\/fi\/wp-json\/wp\/v2\/pages\/1028\/revisions\/2912"}],"wp:featuredmedia":[{"embeddable":true,"href":"https:\/\/dasa.se\/fi\/wp-json\/wp\/v2\/media\/1974"}],"wp:attachment":[{"href":"https:\/\/dasa.se\/fi\/wp-json\/wp\/v2\/media?parent=1028"}],"curies":[{"name":"wp","href":"https:\/\/api.w.org\/{rel}","templated":true}]}}