{"id":2010,"date":"2025-01-14T17:50:20","date_gmt":"2025-01-14T17:50:20","guid":{"rendered":"https:\/\/eznpp.beeweb-orange.io\/?page_id=2010"},"modified":"2026-03-31T11:53:14","modified_gmt":"2026-03-31T11:53:14","slug":"kvalitetspolicy","status":"publish","type":"page","link":"https:\/\/dasa.se\/fi\/kvalitetspolicy\/","title":{"rendered":"Laatupolitiikka"},"content":{"rendered":"<h1 class=\"wp-block-heading\"><strong>Laatupolitiikka<\/strong><\/h1>\n\n\n\n<p><\/p>\n\n\n\n<p>T\u00e4yt\u00e4mme aina sidosryhmien vaatimukset, tarpeet ja odotukset tai ylit\u00e4mme ne, ja n\u00e4in s\u00e4ilyt\u00e4mme nykyisten asiakkaiden luottamuksen ja ansaitsemme uusien asiakkaiden luottamuksen, jotta voimme tarjota ratkaisuja mets\u00e4talouden sovelluksiin, koneiden ohjausj\u00e4rjestelmiin ja liitettyihin palveluihin.<\/p>\n\n\n\n<p>Saavutamme t\u00e4m\u00e4n seuraavin keinoin:<\/p>\n\n\n\n<ul class=\"wp-block-list\">\n<li>Rakennamme pitk\u00e4aikaisia ja pysyvi\u00e4 suhteita asiakkaisiimme ja kumppaneihimme toimimalla ammattimaisesti, hyv\u00e4n etiikan ja moraalin mukaisesti.<\/li>\n\n\n\n<li>Reagointi, luotettavuus ja innovatiivisuus sidosryhmien tarpeiden t\u00e4ytt\u00e4miseksi.<\/li>\n\n\n\n<li>Varmistetaan, ett\u00e4 jokaisella ty\u00f6ntekij\u00e4ll\u00e4 on asianmukainen p\u00e4tevyys, h\u00e4n ottaa vastuun ja osoittaa sitoutumista teht\u00e4v\u00e4\u00e4ns\u00e4.<\/li>\n\n\n\n<li>Ty\u00f6prosessiemme tehokkuuden arviointi ja jatkuva parantaminen.<\/li>\n\n\n\n<li>Tiivis yhteisty\u00f6 asiakkaiden kanssa uusia tuotteita kehitett\u00e4ess\u00e4, jotta voidaan vastata heid\u00e4n vaatimuksiinsa ja tarjota houkutteleva valikoima tuotteita ja j\u00e4rjestelm\u00e4ratkaisuja.<\/li>\n\n\n\n<li>Pyrimme toimittamaan aina oikean tuotteen oikeaan aikaan ja oikealla laadulla.<\/li>\n\n\n\n<li>Tuotteiden laadun ja asiakastyytyv\u00e4isyyden s\u00e4\u00e4nn\u00f6llinen seuranta tietojen ker\u00e4\u00e4miseksi toimien priorisointia varten sek\u00e4 sis\u00e4isesti ett\u00e4 alihankkijoiden kanssa.<\/li>\n\n\n\n<li>Kaikkien toimintaamme vaikuttavien lakis\u00e4\u00e4teisten vaatimusten ja toimialan s\u00e4\u00e4d\u00f6sten noudattaminen.<\/li>\n\n\n\n<li>Laatupolitiikan jatkuvan soveltuvuuden arviointi johdon katselmuksissa (johtoryhm\u00e4n kokoukset, hallituksen kokoukset, muut laadun seurantakokoukset).<\/li>\n\n\n\n<li>Tehd\u00e4\u00e4n laatupolitiikkamme ymm\u00e4rrett\u00e4v\u00e4ksi ty\u00f6ntekij\u00f6idemme keskuudessa ja tunnetuksi asiakkaillemme, tavarantoimittajillemme ja muille sidosryhmillemme.<\/li>\n<\/ul>","protected":false},"excerpt":{"rendered":"<p>Laatupolitiikka Meid\u00e4n on aina t\u00e4ytett\u00e4v\u00e4 tai ylitett\u00e4v\u00e4 sidosryhmien vaatimukset, tarpeet ja odotukset ja siten s\u00e4ilytett\u00e4v\u00e4 nykyisten asiakkaiden luottamus ja ansaittava uusien asiakkaiden luottamus, jotta voimme tarjota ratkaisuja mets\u00e4talouden sovelluksiin, koneiden ohjausj\u00e4rjestelmiin ja liit\u00e4nn\u00e4ispalveluihin. Saavutamme t\u00e4m\u00e4n seuraavasti:<\/p>","protected":false},"author":6,"featured_media":0,"parent":0,"menu_order":0,"comment_status":"closed","ping_status":"closed","template":"","meta":{"footnotes":""},"class_list":["post-2010","page","type-page","status-publish","hentry"],"yoast_head":"<!-- This site is optimized with the Yoast SEO plugin v26.7 - https:\/\/yoast.com\/wordpress\/plugins\/seo\/ -->\n<title>Quality Policy | Dasa<\/title>\n<meta name=\"robots\" content=\"index, follow, max-snippet:-1, max-image-preview:large, max-video-preview:-1\" \/>\n<link rel=\"canonical\" href=\"https:\/\/dasa.se\/fi\/kvalitetspolicy\/\" \/>\n<meta property=\"og:locale\" content=\"fi_FI\" \/>\n<meta property=\"og:type\" content=\"article\" \/>\n<meta property=\"og:title\" content=\"Quality Policy | Dasa\" \/>\n<meta property=\"og:description\" content=\"Quality Policy We shall always meet or exceed the demands, needs, and expectations of stakeholders, thereby maintaining the trust of existing customers and earning the trust of new customers to deliver solutions within forestry applications, machine control systems, and for connected services. We will achieve this by:\" \/>\n<meta property=\"og:url\" content=\"https:\/\/dasa.se\/fi\/kvalitetspolicy\/\" \/>\n<meta property=\"og:site_name\" content=\"Dasa: High-Performance Machine Control Systems\" \/>\n<meta property=\"article:modified_time\" content=\"2026-03-31T11:53:14+00:00\" \/>\n<meta name=\"twitter:card\" content=\"summary_large_image\" \/>\n<meta name=\"twitter:label1\" content=\"Arvioitu lukuaika\" \/>\n\t<meta name=\"twitter:data1\" content=\"1 minuutti\" \/>\n<script type=\"application\/ld+json\" class=\"yoast-schema-graph\">{\"@context\":\"https:\/\/schema.org\",\"@graph\":[{\"@type\":\"WebPage\",\"@id\":\"https:\/\/dasa.se\/kvalitetspolicy\/\",\"url\":\"https:\/\/dasa.se\/kvalitetspolicy\/\",\"name\":\"Quality Policy | Dasa\",\"isPartOf\":{\"@id\":\"https:\/\/dasa.se\/#website\"},\"datePublished\":\"2025-01-14T17:50:20+00:00\",\"dateModified\":\"2026-03-31T11:53:14+00:00\",\"breadcrumb\":{\"@id\":\"https:\/\/dasa.se\/kvalitetspolicy\/#breadcrumb\"},\"inLanguage\":\"fi\",\"potentialAction\":[{\"@type\":\"ReadAction\",\"target\":[\"https:\/\/dasa.se\/kvalitetspolicy\/\"]}]},{\"@type\":\"BreadcrumbList\",\"@id\":\"https:\/\/dasa.se\/kvalitetspolicy\/#breadcrumb\",\"itemListElement\":[{\"@type\":\"ListItem\",\"position\":1,\"name\":\"Home\",\"item\":\"https:\/\/dasa.se\/\"},{\"@type\":\"ListItem\",\"position\":2,\"name\":\"Quality Policy\"}]},{\"@type\":\"WebSite\",\"@id\":\"https:\/\/dasa.se\/#website\",\"url\":\"https:\/\/dasa.se\/\",\"name\":\"Dasa: High-Performance Machine Control Systems\",\"description\":\"\",\"publisher\":{\"@id\":\"https:\/\/dasa.se\/#organization\"},\"potentialAction\":[{\"@type\":\"SearchAction\",\"target\":{\"@type\":\"EntryPoint\",\"urlTemplate\":\"https:\/\/dasa.se\/?s={search_term_string}\"},\"query-input\":{\"@type\":\"PropertyValueSpecification\",\"valueRequired\":true,\"valueName\":\"search_term_string\"}}],\"inLanguage\":\"fi\"},{\"@type\":\"Organization\",\"@id\":\"https:\/\/dasa.se\/#organization\",\"name\":\"Dasa: High-Performance Machine Control Systems\",\"url\":\"https:\/\/dasa.se\/\",\"logo\":{\"@type\":\"ImageObject\",\"inLanguage\":\"fi\",\"@id\":\"https:\/\/dasa.se\/#\/schema\/logo\/image\/\",\"url\":\"https:\/\/dasa.se\/wp-content\/uploads\/2024\/10\/logo3.png\",\"contentUrl\":\"https:\/\/dasa.se\/wp-content\/uploads\/2024\/10\/logo3.png\",\"width\":1000,\"height\":320,\"caption\":\"Dasa: High-Performance Machine Control Systems\"},\"image\":{\"@id\":\"https:\/\/dasa.se\/#\/schema\/logo\/image\/\"},\"sameAs\":[\"https:\/\/www.linkedin.com\/company\/dasa-control-systems\/\"]}]}<\/script>\n<!-- \/ Yoast SEO plugin. -->","yoast_head_json":{"title":"Laatupolitiikka | Dasa","robots":{"index":"index","follow":"follow","max-snippet":"max-snippet:-1","max-image-preview":"max-image-preview:large","max-video-preview":"max-video-preview:-1"},"canonical":"https:\/\/dasa.se\/fi\/kvalitetspolicy\/","og_locale":"fi_FI","og_type":"article","og_title":"Quality Policy | Dasa","og_description":"Quality Policy We shall always meet or exceed the demands, needs, and expectations of stakeholders, thereby maintaining the trust of existing customers and earning the trust of new customers to deliver solutions within forestry applications, machine control systems, and for connected services. We will achieve this by:","og_url":"https:\/\/dasa.se\/fi\/kvalitetspolicy\/","og_site_name":"Dasa: High-Performance Machine Control Systems","article_modified_time":"2026-03-31T11:53:14+00:00","twitter_card":"summary_large_image","twitter_misc":{"Arvioitu lukuaika":"1 minuutti"},"schema":{"@context":"https:\/\/schema.org","@graph":[{"@type":"WebPage","@id":"https:\/\/dasa.se\/kvalitetspolicy\/","url":"https:\/\/dasa.se\/kvalitetspolicy\/","name":"Laatupolitiikka | Dasa","isPartOf":{"@id":"https:\/\/dasa.se\/#website"},"datePublished":"2025-01-14T17:50:20+00:00","dateModified":"2026-03-31T11:53:14+00:00","breadcrumb":{"@id":"https:\/\/dasa.se\/kvalitetspolicy\/#breadcrumb"},"inLanguage":"fi","potentialAction":[{"@type":"ReadAction","target":["https:\/\/dasa.se\/kvalitetspolicy\/"]}]},{"@type":"BreadcrumbList","@id":"https:\/\/dasa.se\/kvalitetspolicy\/#breadcrumb","itemListElement":[{"@type":"ListItem","position":1,"name":"Home","item":"https:\/\/dasa.se\/"},{"@type":"ListItem","position":2,"name":"Quality Policy"}]},{"@type":"WebSite","@id":"https:\/\/dasa.se\/#website","url":"https:\/\/dasa.se\/","name":"Dasa: Korkean suorituskyvyn koneenohjausj\u00e4rjestelm\u00e4t","description":"","publisher":{"@id":"https:\/\/dasa.se\/#organization"},"potentialAction":[{"@type":"SearchAction","target":{"@type":"EntryPoint","urlTemplate":"https:\/\/dasa.se\/?s={search_term_string}"},"query-input":{"@type":"PropertyValueSpecification","valueRequired":true,"valueName":"search_term_string"}}],"inLanguage":"fi"},{"@type":"Organization","@id":"https:\/\/dasa.se\/#organization","name":"Dasa: Korkean suorituskyvyn koneenohjausj\u00e4rjestelm\u00e4t","url":"https:\/\/dasa.se\/","logo":{"@type":"ImageObject","inLanguage":"fi","@id":"https:\/\/dasa.se\/#\/schema\/logo\/image\/","url":"https:\/\/dasa.se\/wp-content\/uploads\/2024\/10\/logo3.png","contentUrl":"https:\/\/dasa.se\/wp-content\/uploads\/2024\/10\/logo3.png","width":1000,"height":320,"caption":"Dasa: High-Performance Machine Control Systems"},"image":{"@id":"https:\/\/dasa.se\/#\/schema\/logo\/image\/"},"sameAs":["https:\/\/www.linkedin.com\/company\/dasa-control-systems\/"]}]}},"_links":{"self":[{"href":"https:\/\/dasa.se\/fi\/wp-json\/wp\/v2\/pages\/2010","targetHints":{"allow":["GET"]}}],"collection":[{"href":"https:\/\/dasa.se\/fi\/wp-json\/wp\/v2\/pages"}],"about":[{"href":"https:\/\/dasa.se\/fi\/wp-json\/wp\/v2\/types\/page"}],"author":[{"embeddable":true,"href":"https:\/\/dasa.se\/fi\/wp-json\/wp\/v2\/users\/6"}],"replies":[{"embeddable":true,"href":"https:\/\/dasa.se\/fi\/wp-json\/wp\/v2\/comments?post=2010"}],"version-history":[{"count":7,"href":"https:\/\/dasa.se\/fi\/wp-json\/wp\/v2\/pages\/2010\/revisions"}],"predecessor-version":[{"id":2931,"href":"https:\/\/dasa.se\/fi\/wp-json\/wp\/v2\/pages\/2010\/revisions\/2931"}],"wp:attachment":[{"href":"https:\/\/dasa.se\/fi\/wp-json\/wp\/v2\/media?parent=2010"}],"curies":[{"name":"wp","href":"https:\/\/api.w.org\/{rel}","templated":true}]}}