{"id":2012,"date":"2025-01-14T17:50:44","date_gmt":"2025-01-14T17:50:44","guid":{"rendered":"https:\/\/eznpp.beeweb-orange.io\/?page_id=2012"},"modified":"2026-03-31T11:41:20","modified_gmt":"2026-03-31T11:41:20","slug":"integritetspolicy","status":"publish","type":"page","link":"https:\/\/dasa.se\/fi\/integritetspolicy\/","title":{"rendered":"Rehellisyyspolitiikka"},"content":{"rendered":"<h1 class=\"wp-block-heading\">Rehellisyyspolitiikka<\/h1>\n\n\n\n<p><\/p>\n\n\n\n<p><strong>1. Johdanto<\/strong>&nbsp;<\/p>\n\n\n\n<p>Dasa Control Systems AB (Dasa), kotipaikka Hammerdalsv\u00e4gen 3, 352 46 V\u00e4xj\u00f6, Ruotsi, on laitteistojen, ohjelmistojen ja verkkopohjaisten ohjelmien ja sovellusten toimittaja.&nbsp;&nbsp;<\/p>\n\n\n\n<p>T\u00e4ss\u00e4 k\u00e4yt\u00e4nn\u00f6ss\u00e4mme kuvataan, miten ker\u00e4\u00e4mme, k\u00e4yt\u00e4mme ja suojaamme henkil\u00f6tietojasi, kun k\u00e4yt\u00e4t verkkosivustoamme, tuotteitamme ja palveluitamme ja kun ty\u00f6skentelet Dasan palveluksessa.&nbsp;&nbsp;<\/p>\n\n\n\n<p>V\u00e4lit\u00e4mme yksityisyydest\u00e4si. Sinun on voitava tuntea olosi turvalliseksi, kun uskot meille henkil\u00f6tietojasi. Siksi olemme laatineet t\u00e4m\u00e4n politiikan. Se perustuu voimassa olevaan tietosuojalains\u00e4\u00e4d\u00e4nt\u00f6\u00f6n, mukaan lukien yleinen tietosuoja-asetus (GDPR), ja siin\u00e4 selvitet\u00e4\u00e4n, miten toimimme suojellaksemme oikeuksiasi ja yksityisyytt\u00e4si.&nbsp;<\/p>\n\n\n\n<p>K\u00e4sittelemme henkil\u00f6tietojasi ensisijaisesti t\u00e4ytt\u00e4\u00e4kseen velvollisuutemme sinua kohtaan. L\u00e4ht\u00f6kohtanamme on, ettemme k\u00e4sittele enemp\u00e4\u00e4 henkil\u00f6tietoja kuin on tarpeen tarkoituksen saavuttamiseksi, ja pyrimme aina k\u00e4ytt\u00e4m\u00e4\u00e4n mahdollisimman v\u00e4h\u00e4n yksityisyyden suojaa vaativia tietoja. Tarvitsemme henkil\u00f6tietojasi my\u00f6s voidaksemme tarjota sinulle hyv\u00e4\u00e4 palvelua esimerkiksi seurannan ja tiedottamisen osalta. Saatamme tarvita henkil\u00f6tietojasi my\u00f6s lakien noudattamiseen sek\u00e4 asiakas- ja markkina-analyysien tekemiseen.&nbsp;&nbsp;<\/p>\n\n\n\n<p>Sinulla on oikeus vastustaa henkil\u00f6tietojen k\u00e4ytt\u00f6\u00e4 suoramarkkinointitarkoituksiin.&nbsp;<\/p>\n\n\n\n<p>Dasa on joissakin tapauksissa rekisterinpit\u00e4j\u00e4 ja joissakin tapauksissa henkil\u00f6tietojesi k\u00e4sittelyn henkil\u00f6tietojen k\u00e4sittelij\u00e4. Alla kuvaamme vastuumme kussakin roolissa sek\u00e4 yleisi\u00e4 tietoja henkil\u00f6tietojen hallinnastamme.&nbsp;&nbsp;&nbsp;<\/p>\n\n\n\n<p><strong>2. M\u00e4\u00e4ritelm\u00e4t&nbsp;<\/strong>&nbsp;<\/p>\n\n\n\n<p><strong>Rekisterinpit\u00e4j\u00e4: <\/strong>Rekisterinpit\u00e4j\u00e4n\u00e4 Dasa on vastuussa siit\u00e4, miten henkil\u00f6tietojasi k\u00e4sitell\u00e4\u00e4n ja ett\u00e4 oikeutesi turvataan. Dasa on rekisterinpit\u00e4j\u00e4 henkil\u00f6tietojen osalta, jotka on ker\u00e4tty ty\u00f6ntekij\u00f6ilt\u00e4, henkil\u00f6ilt\u00e4, jotka ovat suoraan yhteydess\u00e4 meihin, ja Dasan asiakkailta.&nbsp;&nbsp;<\/p>\n\n\n\n<p>Jos haluat p\u00e4ivitt\u00e4\u00e4, korjata tai poistaa sinusta hallussamme olevia tietoja tai k\u00e4ytt\u00e4\u00e4 edell\u00e4 kuvattuja sinulle kuuluvia oikeuksia, voit ottaa meihin yhteytt\u00e4 osoitteeseen info@dasa.se.&nbsp;<\/p>\n\n\n\n<p><strong>Tietojen k\u00e4sittelij\u00e4: <\/strong>Tietojen k\u00e4sittelij\u00e4n\u00e4 Dasa toimii toisen organisaation puolesta, joka on vastuussa henkil\u00f6tiedoista.&nbsp;&nbsp;<\/p>\n\n\n\n<p><strong>Henkil\u00f6tiedot:<\/strong> Dasa voi ker\u00e4t\u00e4 ja k\u00e4ytt\u00e4\u00e4 seuraavanlaisia henkil\u00f6tietoja:&nbsp;&nbsp;<\/p>\n\n\n\n<ul class=\"wp-block-list\">\n<li><strong>Yhteystiedot:<\/strong> nimi, s\u00e4hk\u00f6postiosoite, puhelinnumero ja osoite.&nbsp;<\/li>\n<\/ul>\n\n\n\n<ul class=\"wp-block-list\">\n<li><strong>K\u00e4ytt\u00e4j\u00e4n tiedot:<\/strong> k\u00e4ytt\u00e4j\u00e4tunnukset, salasanat ja muut tiedot, jotka annat, kun solmit suhteen Dasaan tai k\u00e4yt\u00e4t Dasan kehitt\u00e4m\u00e4\u00e4 palvelua.&nbsp;<\/li>\n<\/ul>\n\n\n\n<ul class=\"wp-block-list\">\n<li><strong>Maksutiedot: <\/strong>pankki- ja luottokorttitiedot sek\u00e4 laskutustiedot.&nbsp;<\/li>\n<\/ul>\n\n\n\n<ul class=\"wp-block-list\">\n<li><strong>Tekniset tiedot:<\/strong> IP-osoite, selaimen tyyppi ja versio, k\u00e4ytt\u00f6j\u00e4rjestelm\u00e4 ja alusta, sijainti.&nbsp;&nbsp;<\/li>\n<\/ul>\n\n\n\n<ul class=\"wp-block-list\">\n<li><strong>K\u00e4ytt\u00f6tiedot:<\/strong> tietoja siit\u00e4, miten k\u00e4yt\u00e4t verkkosivustoamme ja palveluitamme. Jos k\u00e4yt\u00e4t Dasa-tuotetta\/-palvelua koneessasi, koneen tiedot voidaan tarvittaessa tallentaa; esimerkiksi koneen k\u00e4ytt\u00f6tunnit, polttoaineenkulutus, sijainti, vikakoodit ja tuotanto.&nbsp;<\/li>\n<\/ul>\n\n\n\n<p><strong>3. Henkil\u00f6tietojen s\u00e4ilytt\u00e4minen ja suojaaminen<\/strong>&nbsp;<\/p>\n\n\n\n<p>S\u00e4ilyt\u00e4mme henkil\u00f6tietojasi niin kauan kuin se on tarpeen t\u00e4ss\u00e4 tietosuojak\u00e4yt\u00e4nn\u00f6ss\u00e4 m\u00e4\u00e4riteltyjen tarkoitusten t\u00e4ytt\u00e4miseksi tai niin kauan kuin laki edellytt\u00e4\u00e4. Toteutamme asianmukaiset tekniset ja organisatoriset toimenpiteet henkil\u00f6tietojesi suojaamiseksi luvattomalta k\u00e4yt\u00f6lt\u00e4, katoamiselta tai tuhoamiselta. N\u00e4ihin toimenpiteisiin kuuluvat muun muassa salaus, palomuurit ja suojatut palvelinymp\u00e4rist\u00f6t.&nbsp;&nbsp;<\/p>\n\n\n\n<p><strong>4. Sinun oikeutesi<\/strong>&nbsp;<\/p>\n\n\n\n<p>Sinulla on oikeus:&nbsp;<\/p>\n\n\n\n<ul class=\"wp-block-list\">\n<li>Pyyd\u00e4 p\u00e4\u00e4sy\u00e4 sinusta hallussamme oleviin henkil\u00f6tietoihin.&nbsp;<\/li>\n<\/ul>\n\n\n\n<ul class=\"wp-block-list\">\n<li>Pyyd\u00e4 virheellisten tai puutteellisten henkil\u00f6tietojen korjaamista.&nbsp;<\/li>\n<\/ul>\n\n\n\n<ul class=\"wp-block-list\">\n<li>pyyt\u00e4\u00e4 henkil\u00f6tietojesi poistamista tietyiss\u00e4 olosuhteissa.&nbsp;<\/li>\n<\/ul>\n\n\n\n<ul class=\"wp-block-list\">\n<li>Vastustaa henkil\u00f6tietojesi k\u00e4sittely\u00e4.&nbsp;<\/li>\n<\/ul>\n\n\n\n<ul class=\"wp-block-list\">\n<li>Pyyd\u00e4 henkil\u00f6tietojesi k\u00e4sittelyn rajoittamista.&nbsp;<\/li>\n<\/ul>\n\n\n\n<ul class=\"wp-block-list\">\n<li>Pyyd\u00e4 tietojen siirrett\u00e4vyytt\u00e4 siirt\u00e4\u00e4ksesi henkil\u00f6tietosi toiseen organisaatioon.&nbsp;<\/li>\n<\/ul>\n\n\n\n<ul class=\"wp-block-list\">\n<li>peruuttaa suostumuksesi milloin tahansa, jos k\u00e4sittely perustuu suostumukseen.&nbsp;<\/li>\n<\/ul>\n\n\n\n<p>Jos haluat k\u00e4ytt\u00e4\u00e4 oikeuksiasi, ota meihin yhteytt\u00e4 osoitteessa <a href=\"mailto:info@dasa.se\" target=\"_blank\" rel=\"noreferrer noopener\">info@dasa.se<\/a>.&nbsp;<\/p>\n\n\n\n<p><strong>5. Henkil\u00f6tietojen ker\u00e4\u00e4minen<\/strong>&nbsp;<\/p>\n\n\n\n<p>Ker\u00e4\u00e4mme henkil\u00f6tietoja seuraavilla tavoilla:&nbsp;<\/p>\n\n\n\n<ul class=\"wp-block-list\">\n<li><strong>Suoraan sinulta:<\/strong> Kun luot tilin palvelussamme, t\u00e4yt\u00e4t lomakkeita, teet tilauksen tai otat yhteytt\u00e4 asiakaspalveluumme\/tukeen.&nbsp;<\/li>\n<\/ul>\n\n\n\n<ul class=\"wp-block-list\">\n<li><strong>Automaattisesti:<\/strong> ev\u00e4steiden ja vastaavien tekniikoiden avulla, kun k\u00e4yt\u00e4t verkkosivustoamme ja palveluitamme (lis\u00e4tietoja ev\u00e4steist\u00e4 on ev\u00e4steit\u00e4 koskevassa osiossa).&nbsp;<\/li>\n<\/ul>\n\n\n\n<ul class=\"wp-block-list\">\n<li><strong>Kolmansilta osapuolilta:<\/strong> Saatamme saada tietoja kolmansilta osapuolilta, kuten maksupalveluntarjoajilta tai kumppaneilta, jotka auttavat meit\u00e4 tarjoamaan palveluitamme.&nbsp;&nbsp;<\/li>\n<\/ul>\n\n\n\n<p><strong>6. Henkil\u00f6tietojen k\u00e4ytt\u00f6<\/strong>&nbsp;<\/p>\n\n\n\n<p><strong>6.1 Dasa Control Systems rekisterinpit\u00e4j\u00e4n\u00e4<\/strong>&nbsp;<\/p>\n\n\n\n<p>K\u00e4yt\u00e4mme henkil\u00f6tietojasi seuraaviin tarkoituksiin:&nbsp;&nbsp;<\/p>\n\n\n\n<ul class=\"wp-block-list\">\n<li>Noudattaa lakis\u00e4\u00e4teisi\u00e4 velvoitteita ja s\u00e4\u00e4nn\u00f6ksi\u00e4.&nbsp;<\/li>\n<\/ul>\n\n\n\n<ul class=\"wp-block-list\">\n<li>Noudata sovellettavia sopimuksia.&nbsp;<\/li>\n<\/ul>\n\n\n\n<ul class=\"wp-block-list\">\n<li>Palveluidemme tarjoaminen ja hallinnointi.&nbsp;<\/li>\n<\/ul>\n\n\n\n<ul class=\"wp-block-list\">\n<li>Hallitse pyynt\u00f6j\u00e4si ja tukeasi.&nbsp;<\/li>\n<\/ul>\n\n\n\n<ul class=\"wp-block-list\">\n<li>K\u00e4sittele maksut ja ehk\u00e4ise petokset.&nbsp;<\/li>\n<\/ul>\n\n\n\n<ul class=\"wp-block-list\">\n<li>Parantaa verkkosivustoamme ja palveluitamme.&nbsp;<\/li>\n<\/ul>\n\n\n\n<ul class=\"wp-block-list\">\n<li>l\u00e4hett\u00e4\u00e4 markkinointiviestint\u00e4\u00e4, jos olet antanut siihen suostumuksesi.&nbsp;<\/li>\n<\/ul>\n\n\n\n<p><strong>6.2 Dasa Control Systems tietojenk\u00e4sittelij\u00e4n\u00e4<\/strong>&nbsp;<\/p>\n\n\n\n<p>Kun toimimme tietojen k\u00e4sittelij\u00e4n\u00e4, k\u00e4sittelemme henkil\u00f6tietoja asiakkaidemme (rekisterinpit\u00e4jien) tekemien sopimusten ja ohjeiden mukaisesti, jotta:&nbsp;<\/p>\n\n\n\n<ul class=\"wp-block-list\">\n<li>Ohjelmistojen ja palvelujen tarjoaminen ja hallinnointi&nbsp;&nbsp;<\/li>\n<\/ul>\n\n\n\n<ul class=\"wp-block-list\">\n<li>Tekninen tuki ja yll\u00e4pito&nbsp;&nbsp;<\/li>\n<\/ul>\n\n\n\n<ul class=\"wp-block-list\">\n<li>Hallitse tietojen varmuuskopiointia ja palautusta&nbsp;<\/li>\n<\/ul>\n\n\n\n<ul class=\"wp-block-list\">\n<li>Sopimusvelvoitteiden t\u00e4ytt\u00e4minen.&nbsp;&nbsp;<\/li>\n<\/ul>\n\n\n\n<p><strong>7. Henkil\u00f6tietojen jakaminen<\/strong>&nbsp;<\/p>\n\n\n\n<p><strong>7.1 Kun olemme rekisterinpit\u00e4j\u00e4<\/strong>&nbsp;<\/p>\n\n\n\n<p>Voimme jakaa henkil\u00f6tietojasi seuraaville tahoille:&nbsp;<\/p>\n\n\n\n<ul class=\"wp-block-list\">\n<li>hallitukselle tai muille osapuolille, jos laki tai oikeuksiemme suojaaminen niin vaatii.&nbsp;&nbsp;<\/li>\n<\/ul>\n\n\n\n<ul class=\"wp-block-list\">\n<li>Kolmannen osapuolen palveluntarjoajat, jotka auttavat meit\u00e4 tarjoamaan palveluitamme (esim. palvelimien k\u00e4ytt\u00f6 ja yll\u00e4pito jne.).&nbsp;&nbsp;<\/li>\n<\/ul>\n\n\n\n<p>Kun henkil\u00f6tietojasi luovutetaan alihankkijoille, jotka toimivat puolestamme, se tapahtuu erityisen k\u00e4sittelysopimuksen mukaisesti, jossa on ohjeet, joilla varmistetaan, ett\u00e4 alihankkija ei k\u00e4sittele tietojasi muihin kuin asiakassopimuksessa ja t\u00e4ss\u00e4 politiikassa mainittuihin tarkoituksiin. N\u00e4m\u00e4 alihankkijat ovat yleens\u00e4 pilvipalvelujen tarjoajia tai muita tietotekniikkapalvelujen tarjoajia. Kaikki alihankkijat sijaitsevat EU:n\/ETA:n alueella.&nbsp;&nbsp;<\/p>\n\n\n\n<p>Dasa ei myy ker\u00e4ttyj\u00e4 tietoja kolmannelle osapuolelle.&nbsp;&nbsp;<\/p>\n\n\n\n<p><strong>7.2 Kun olemme tietojen k\u00e4sittelij\u00e4<\/strong>&nbsp;<\/p>\n\n\n\n<p>Jaamme henkil\u00f6tietoja kolmansien osapuolten palveluntarjoajien kanssa ainoastaan rekisterinpit\u00e4jien ohjeiden ja sovellettavien tietojenk\u00e4sittelysopimusten mukaisesti.&nbsp;&nbsp;<\/p>\n\n\n\n<p><strong>8. Ev\u00e4steet ja seurantatekniikat<\/strong>&nbsp;<\/p>\n\n\n\n<p>K\u00e4yt\u00e4mme ev\u00e4steit\u00e4 ja vastaavia seurantatekniikoita parantaaksemme k\u00e4ytt\u00f6kokemustasi verkkosivustollamme. Ev\u00e4steet ovat pieni\u00e4 tekstitiedostoja, jotka tallennetaan laitteeseesi, kun vierailet verkkosivustollamme. K\u00e4yt\u00e4mme seuraavanlaisia ev\u00e4steit\u00e4:&nbsp;&nbsp;<\/p>\n\n\n\n<ul class=\"wp-block-list\">\n<li><strong>V\u00e4ltt\u00e4m\u00e4tt\u00f6m\u00e4t ev\u00e4steet:<\/strong> N\u00e4m\u00e4 ev\u00e4steet ovat v\u00e4ltt\u00e4m\u00e4tt\u00f6mi\u00e4, jotta verkkosivustomme toimisi asianmukaisesti, eik\u00e4 niit\u00e4 voi kytke\u00e4 pois p\u00e4\u00e4lt\u00e4 j\u00e4rjestelmiss\u00e4mme.&nbsp;&nbsp;<\/li>\n<\/ul>\n\n\n\n<ul class=\"wp-block-list\">\n<li><strong>Analyyttiset ev\u00e4steet:<\/strong> N\u00e4m\u00e4 ev\u00e4steet auttavat meit\u00e4 ymm\u00e4rt\u00e4m\u00e4\u00e4n, miten k\u00e4vij\u00e4t ovat vuorovaikutuksessa verkkosivustomme kanssa, ker\u00e4\u00e4m\u00e4ll\u00e4 ja raportoimalla tietoja nimett\u00f6m\u00e4sti.&nbsp;&nbsp;<\/li>\n<\/ul>\n\n\n\n<ul class=\"wp-block-list\">\n<li><strong>Mieltymysev\u00e4steet:<\/strong> N\u00e4it\u00e4 ev\u00e4steit\u00e4 k\u00e4ytet\u00e4\u00e4n muistamaan valintasi (esim. kieli, alue) ja tarjoamaan parannettuja, henkil\u00f6kohtaisempia ominaisuuksia.&nbsp;&nbsp;<\/li>\n<\/ul>\n\n\n\n<ul class=\"wp-block-list\">\n<li><strong>Markkinointiev\u00e4steet:<\/strong> n\u00e4it\u00e4 ev\u00e4steit\u00e4 k\u00e4ytet\u00e4\u00e4n k\u00e4vij\u00f6iden seuraamiseen eri verkkosivustoilla, ja niit\u00e4 voidaan k\u00e4ytt\u00e4\u00e4 kiinnostuksenkohteidesi profiilin muodostamiseen ja asiaankuuluvien mainosten n\u00e4ytt\u00e4miseen muilla verkkosivustoilla.&nbsp;&nbsp;<\/li>\n<\/ul>\n\n\n\n<p>Voit asettaa selaimesi est\u00e4m\u00e4\u00e4n n\u00e4m\u00e4 ev\u00e4steet tai varoittamaan niist\u00e4, mutta jotkin verkkosivuston osat saattavat lakata toimimasta tarkoitetulla tavalla.&nbsp;&nbsp;<\/p>\n\n\n\n<p><strong>9. Muutokset t\u00e4h\u00e4n tietosuojak\u00e4yt\u00e4nt\u00f6\u00f6n<\/strong>&nbsp;<\/p>\n\n\n\n<p>Politiikkaa voidaan p\u00e4ivitt\u00e4\u00e4 sen mukaan, muuttuuko henkil\u00f6tietojen k\u00e4sittely. Uusin versio on aina saatavilla verkkosivuillamme: <a href=\"https:\/\/dasa.se\/fi\/\" target=\"_blank\" rel=\"noreferrer noopener\">www.dasa.se<\/a> ja se tulee voimaan sen julkaisemisen j\u00e4lkeen.&nbsp;&nbsp;<\/p>\n\n\n\n<p><strong>10. Yhteystiedot<\/strong>&nbsp;<\/p>\n\n\n\n<p>Jos sinulla on kysymyksi\u00e4 tai huolenaiheita t\u00e4st\u00e4 tietosuojak\u00e4yt\u00e4nn\u00f6st\u00e4 tai henkil\u00f6tietojesi k\u00e4sittelyst\u00e4, ota meihin yhteytt\u00e4 osoitteeseen:&nbsp;&nbsp;<\/p>\n\n\n\n<p>Dasa Control Systems AB&nbsp;<\/p>\n\n\n\n<p>Hammerdalsv\u00e4gen 3, 352 46 V\u00e4xj\u00f6&nbsp;<\/p>\n\n\n\n<p>E-posti: <a href=\"mailto:info@dasa.se\" target=\"_blank\" rel=\"noreferrer noopener\">info@dasa.se<\/a>&nbsp;<\/p>\n\n\n\n<p>Puhelin: +46 (0)470 77 09 50<\/p>","protected":false},"excerpt":{"rendered":"<p>Eettisyysperiaatteet 1. Johdanto Dasa Control Systems AB (Dasa), yhti\u00f6n rekisterinumero 556360-4338, Hammerdalsv\u00e4gen 3, 352 46 V\u00e4xj\u00f6, Ruotsi, on laitteisto-, ohjelmisto- ja verkko-ohjelmien sek\u00e4 sovellusten toimittaja. T\u00e4ss\u00e4 k\u00e4yt\u00e4nn\u00f6ss\u00e4 kuvataan, miten ker\u00e4\u00e4mme, k\u00e4yt\u00e4mme ja suojaamme henkil\u00f6tietojasi, kun k\u00e4yt\u00e4t verkkosivustoamme, tuotteitamme ja palveluitamme, ja kun olet ty\u00f6ss\u00e4 [\u2026]<\/p>","protected":false},"author":6,"featured_media":0,"parent":0,"menu_order":0,"comment_status":"closed","ping_status":"closed","template":"","meta":{"footnotes":""},"class_list":["post-2012","page","type-page","status-publish","hentry"],"yoast_head":"<!-- This site is optimized with the Yoast SEO plugin v26.7 - https:\/\/yoast.com\/wordpress\/plugins\/seo\/ -->\n<title>Integrity Policy | Dasa<\/title>\n<meta name=\"robots\" content=\"index, follow, max-snippet:-1, max-image-preview:large, max-video-preview:-1\" \/>\n<link rel=\"canonical\" href=\"https:\/\/dasa.se\/fi\/integritetspolicy\/\" \/>\n<meta property=\"og:locale\" content=\"fi_FI\" \/>\n<meta property=\"og:type\" content=\"article\" \/>\n<meta property=\"og:title\" content=\"Integrity Policy | Dasa\" \/>\n<meta property=\"og:description\" content=\"Integrity Policy 1. Introduction&nbsp; Dasa Control Systems AB (Dasa), company registration number 556360-4338, Hammerdalsv\u00e4gen 3, 352 46 V\u00e4xj\u00f6, Sweden, is a supplier of hardware, software and web-based programs and applications.&nbsp;&nbsp; This policy describes how we collect, use and protect your personal data when you use our website, products and services, and when you are employed [&hellip;]\" \/>\n<meta property=\"og:url\" content=\"https:\/\/dasa.se\/fi\/integritetspolicy\/\" \/>\n<meta property=\"og:site_name\" content=\"Dasa: High-Performance Machine Control Systems\" \/>\n<meta property=\"article:modified_time\" content=\"2026-03-31T11:41:20+00:00\" \/>\n<meta name=\"twitter:card\" content=\"summary_large_image\" \/>\n<meta name=\"twitter:label1\" content=\"Arvioitu lukuaika\" \/>\n\t<meta name=\"twitter:data1\" content=\"6 minuuttia\" \/>\n<script type=\"application\/ld+json\" class=\"yoast-schema-graph\">{\"@context\":\"https:\/\/schema.org\",\"@graph\":[{\"@type\":\"WebPage\",\"@id\":\"https:\/\/dasa.se\/integritetspolicy\/\",\"url\":\"https:\/\/dasa.se\/integritetspolicy\/\",\"name\":\"Integrity Policy | Dasa\",\"isPartOf\":{\"@id\":\"https:\/\/dasa.se\/#website\"},\"datePublished\":\"2025-01-14T17:50:44+00:00\",\"dateModified\":\"2026-03-31T11:41:20+00:00\",\"breadcrumb\":{\"@id\":\"https:\/\/dasa.se\/integritetspolicy\/#breadcrumb\"},\"inLanguage\":\"fi\",\"potentialAction\":[{\"@type\":\"ReadAction\",\"target\":[\"https:\/\/dasa.se\/integritetspolicy\/\"]}]},{\"@type\":\"BreadcrumbList\",\"@id\":\"https:\/\/dasa.se\/integritetspolicy\/#breadcrumb\",\"itemListElement\":[{\"@type\":\"ListItem\",\"position\":1,\"name\":\"Home\",\"item\":\"https:\/\/dasa.se\/\"},{\"@type\":\"ListItem\",\"position\":2,\"name\":\"Integrity Policy\"}]},{\"@type\":\"WebSite\",\"@id\":\"https:\/\/dasa.se\/#website\",\"url\":\"https:\/\/dasa.se\/\",\"name\":\"Dasa: High-Performance Machine Control Systems\",\"description\":\"\",\"publisher\":{\"@id\":\"https:\/\/dasa.se\/#organization\"},\"potentialAction\":[{\"@type\":\"SearchAction\",\"target\":{\"@type\":\"EntryPoint\",\"urlTemplate\":\"https:\/\/dasa.se\/?s={search_term_string}\"},\"query-input\":{\"@type\":\"PropertyValueSpecification\",\"valueRequired\":true,\"valueName\":\"search_term_string\"}}],\"inLanguage\":\"fi\"},{\"@type\":\"Organization\",\"@id\":\"https:\/\/dasa.se\/#organization\",\"name\":\"Dasa: High-Performance Machine Control Systems\",\"url\":\"https:\/\/dasa.se\/\",\"logo\":{\"@type\":\"ImageObject\",\"inLanguage\":\"fi\",\"@id\":\"https:\/\/dasa.se\/#\/schema\/logo\/image\/\",\"url\":\"https:\/\/dasa.se\/wp-content\/uploads\/2024\/10\/logo3.png\",\"contentUrl\":\"https:\/\/dasa.se\/wp-content\/uploads\/2024\/10\/logo3.png\",\"width\":1000,\"height\":320,\"caption\":\"Dasa: High-Performance Machine Control Systems\"},\"image\":{\"@id\":\"https:\/\/dasa.se\/#\/schema\/logo\/image\/\"},\"sameAs\":[\"https:\/\/www.linkedin.com\/company\/dasa-control-systems\/\"]}]}<\/script>\n<!-- \/ Yoast SEO plugin. -->","yoast_head_json":{"title":"Rehellisyyspolitiikka | Dasa","robots":{"index":"index","follow":"follow","max-snippet":"max-snippet:-1","max-image-preview":"max-image-preview:large","max-video-preview":"max-video-preview:-1"},"canonical":"https:\/\/dasa.se\/fi\/integritetspolicy\/","og_locale":"fi_FI","og_type":"article","og_title":"Integrity Policy | Dasa","og_description":"Integrity Policy 1. Introduction&nbsp; Dasa Control Systems AB (Dasa), company registration number 556360-4338, Hammerdalsv\u00e4gen 3, 352 46 V\u00e4xj\u00f6, Sweden, is a supplier of hardware, software and web-based programs and applications.&nbsp;&nbsp; This policy describes how we collect, use and protect your personal data when you use our website, products and services, and when you are employed [&hellip;]","og_url":"https:\/\/dasa.se\/fi\/integritetspolicy\/","og_site_name":"Dasa: High-Performance Machine Control Systems","article_modified_time":"2026-03-31T11:41:20+00:00","twitter_card":"summary_large_image","twitter_misc":{"Arvioitu lukuaika":"6 minuuttia"},"schema":{"@context":"https:\/\/schema.org","@graph":[{"@type":"WebPage","@id":"https:\/\/dasa.se\/integritetspolicy\/","url":"https:\/\/dasa.se\/integritetspolicy\/","name":"Rehellisyyspolitiikka | Dasa","isPartOf":{"@id":"https:\/\/dasa.se\/#website"},"datePublished":"2025-01-14T17:50:44+00:00","dateModified":"2026-03-31T11:41:20+00:00","breadcrumb":{"@id":"https:\/\/dasa.se\/integritetspolicy\/#breadcrumb"},"inLanguage":"fi","potentialAction":[{"@type":"ReadAction","target":["https:\/\/dasa.se\/integritetspolicy\/"]}]},{"@type":"BreadcrumbList","@id":"https:\/\/dasa.se\/integritetspolicy\/#breadcrumb","itemListElement":[{"@type":"ListItem","position":1,"name":"Home","item":"https:\/\/dasa.se\/"},{"@type":"ListItem","position":2,"name":"Integrity Policy"}]},{"@type":"WebSite","@id":"https:\/\/dasa.se\/#website","url":"https:\/\/dasa.se\/","name":"Dasa: Korkean suorituskyvyn koneenohjausj\u00e4rjestelm\u00e4t","description":"","publisher":{"@id":"https:\/\/dasa.se\/#organization"},"potentialAction":[{"@type":"SearchAction","target":{"@type":"EntryPoint","urlTemplate":"https:\/\/dasa.se\/?s={search_term_string}"},"query-input":{"@type":"PropertyValueSpecification","valueRequired":true,"valueName":"search_term_string"}}],"inLanguage":"fi"},{"@type":"Organization","@id":"https:\/\/dasa.se\/#organization","name":"Dasa: Korkean suorituskyvyn koneenohjausj\u00e4rjestelm\u00e4t","url":"https:\/\/dasa.se\/","logo":{"@type":"ImageObject","inLanguage":"fi","@id":"https:\/\/dasa.se\/#\/schema\/logo\/image\/","url":"https:\/\/dasa.se\/wp-content\/uploads\/2024\/10\/logo3.png","contentUrl":"https:\/\/dasa.se\/wp-content\/uploads\/2024\/10\/logo3.png","width":1000,"height":320,"caption":"Dasa: High-Performance Machine Control Systems"},"image":{"@id":"https:\/\/dasa.se\/#\/schema\/logo\/image\/"},"sameAs":["https:\/\/www.linkedin.com\/company\/dasa-control-systems\/"]}]}},"_links":{"self":[{"href":"https:\/\/dasa.se\/fi\/wp-json\/wp\/v2\/pages\/2012","targetHints":{"allow":["GET"]}}],"collection":[{"href":"https:\/\/dasa.se\/fi\/wp-json\/wp\/v2\/pages"}],"about":[{"href":"https:\/\/dasa.se\/fi\/wp-json\/wp\/v2\/types\/page"}],"author":[{"embeddable":true,"href":"https:\/\/dasa.se\/fi\/wp-json\/wp\/v2\/users\/6"}],"replies":[{"embeddable":true,"href":"https:\/\/dasa.se\/fi\/wp-json\/wp\/v2\/comments?post=2012"}],"version-history":[{"count":12,"href":"https:\/\/dasa.se\/fi\/wp-json\/wp\/v2\/pages\/2012\/revisions"}],"predecessor-version":[{"id":2930,"href":"https:\/\/dasa.se\/fi\/wp-json\/wp\/v2\/pages\/2012\/revisions\/2930"}],"wp:attachment":[{"href":"https:\/\/dasa.se\/fi\/wp-json\/wp\/v2\/media?parent=2012"}],"curies":[{"name":"wp","href":"https:\/\/api.w.org\/{rel}","templated":true}]}}