{"id":2207,"date":"2025-02-20T10:48:57","date_gmt":"2025-02-20T10:48:57","guid":{"rendered":"https:\/\/dasa.se\/?page_id=2207"},"modified":"2026-03-31T11:03:25","modified_gmt":"2026-03-31T11:03:25","slug":"career","status":"publish","type":"page","link":"https:\/\/dasa.se\/fi\/career\/","title":{"rendered":"Ura"},"content":{"rendered":"<h1 class=\"wp-block-heading has-text-align-left title-with-dot\" style=\"font-size:5rem;font-style:normal;font-weight:900\">Ura \u2013 katso avoimet ty\u00f6paikat<\/h1>\n\n\n\n\n\n<p class=\"wp-block-heading has-text-align-left\" style=\"font-size:3rem;font-style:normal;font-weight:900\">Just nu har vi inga lediga tj\u00e4nster<\/p>\n\n\n\n<p >\n<p style=\"font-size:24px;\"><strong>Om Dasa<\/strong><\/p>\n\n\n\n<p style=\"font-size:24px;\">Dasa Control Systems AB \u00e4r ett ledande f\u00f6retag inom skogsteknik och avancerade maskinstyrningssystem. Vi erbjuder innovativa och skr\u00e4ddarsydda l\u00f6sningar till v\u00e5ra OEM-kunder, med fokus p\u00e5 att optimera prestanda, effektivitet och h\u00e5llbarhet i professionella arbetsmaskiner. Genom n\u00e4ra samarbete med v\u00e5ra kunder och partners driver vi teknikutvecklingen fram\u00e5t och skapar framtidens intelligenta system. <\/p>\n\n\n\n<p><\/p>\n\n\n\n\n\n\n\n<p style=\"font-size:24px;\"><strong>F\u00f6r fr\u00e5gor och spontanans\u00f6kan kontakta:\n<a href=\"mailto:career@dasa.se\">career@dasa.se<\/a>\u00a0inkludera CV och personligtbrev.<\/strong><\/p>\n\n<p style=\"font-size:24px;\"><strong>Vi ser fram emot din ans\u00f6kan!<\/strong><\/p>\n\n<p style=\"font-size:24px;\"><i>Kontakt fr\u00e5n Rekryteringsfirmor undanbedes.<\/i><\/p>\n<ul style=\"font-size:24px;\">","protected":false},"excerpt":{"rendered":"<p>Ura \u2013 katso avoimet ty\u00f6paikat T\u00e4ll\u00e4 hetkell\u00e4 meill\u00e4 ei ole avoimia ty\u00f6paikkoja Tietoja Dasasta Dasa Control Systems AB on johtava mets\u00e4teknologian ja edistyneiden koneohjausj\u00e4rjestelmien yritys. Tarjoamme innovatiivisia ja r\u00e4\u00e4t\u00e4l\u00f6ityj\u00e4 ratkaisuja OEM-asiakkaillemme, keskittyen ammattik\u00e4ytt\u00f6isten ty\u00f6koneiden suorituskyvyn, tehokkuuden ja kest\u00e4vyyden optimointiin. Tehden tiivist\u00e4 yhteisty\u00f6t\u00e4 asiakkaidemme kanssa ja [\u2026]<\/p>","protected":false},"author":7,"featured_media":0,"parent":0,"menu_order":0,"comment_status":"closed","ping_status":"closed","template":"","meta":{"footnotes":""},"class_list":["post-2207","page","type-page","status-publish","hentry"],"yoast_head":"<!-- This site is optimized with the Yoast SEO plugin v26.7 - https:\/\/yoast.com\/wordpress\/plugins\/seo\/ -->\n<title>Career - see available jobs | Dasa<\/title>\n<meta name=\"description\" content=\"Explore exciting career opportunities at Dasa and help us shape the future of machine control. View our available jobs and apply to join our team today!\" \/>\n<meta name=\"robots\" content=\"index, follow, max-snippet:-1, max-image-preview:large, max-video-preview:-1\" \/>\n<link rel=\"canonical\" href=\"https:\/\/dasa.se\/fi\/career\/\" \/>\n<meta property=\"og:locale\" content=\"fi_FI\" \/>\n<meta property=\"og:type\" content=\"article\" \/>\n<meta property=\"og:title\" content=\"Career - see available jobs | Dasa\" \/>\n<meta property=\"og:description\" content=\"Explore exciting career opportunities at Dasa and help us shape the future of machine control. View our available jobs and apply to join our team today!\" \/>\n<meta property=\"og:url\" content=\"https:\/\/dasa.se\/fi\/career\/\" \/>\n<meta property=\"og:site_name\" content=\"Dasa: High-Performance Machine Control Systems\" \/>\n<meta property=\"article:modified_time\" content=\"2026-03-31T11:03:25+00:00\" \/>\n<meta name=\"twitter:card\" content=\"summary_large_image\" \/>\n<meta name=\"twitter:label1\" content=\"Arvioitu lukuaika\" \/>\n\t<meta name=\"twitter:data1\" content=\"1 minuutti\" \/>\n<script type=\"application\/ld+json\" class=\"yoast-schema-graph\">{\"@context\":\"https:\/\/schema.org\",\"@graph\":[{\"@type\":\"WebPage\",\"@id\":\"https:\/\/dasa.se\/career\/\",\"url\":\"https:\/\/dasa.se\/career\/\",\"name\":\"Career - see available jobs | Dasa\",\"isPartOf\":{\"@id\":\"https:\/\/dasa.se\/#website\"},\"datePublished\":\"2025-02-20T10:48:57+00:00\",\"dateModified\":\"2026-03-31T11:03:25+00:00\",\"description\":\"Explore exciting career opportunities at Dasa and help us shape the future of machine control. View our available jobs and apply to join our team today!\",\"breadcrumb\":{\"@id\":\"https:\/\/dasa.se\/career\/#breadcrumb\"},\"inLanguage\":\"fi\",\"potentialAction\":[{\"@type\":\"ReadAction\",\"target\":[\"https:\/\/dasa.se\/career\/\"]}]},{\"@type\":\"BreadcrumbList\",\"@id\":\"https:\/\/dasa.se\/career\/#breadcrumb\",\"itemListElement\":[{\"@type\":\"ListItem\",\"position\":1,\"name\":\"Home\",\"item\":\"https:\/\/dasa.se\/\"},{\"@type\":\"ListItem\",\"position\":2,\"name\":\"Career\"}]},{\"@type\":\"WebSite\",\"@id\":\"https:\/\/dasa.se\/#website\",\"url\":\"https:\/\/dasa.se\/\",\"name\":\"Dasa: High-Performance Machine Control Systems\",\"description\":\"\",\"publisher\":{\"@id\":\"https:\/\/dasa.se\/#organization\"},\"potentialAction\":[{\"@type\":\"SearchAction\",\"target\":{\"@type\":\"EntryPoint\",\"urlTemplate\":\"https:\/\/dasa.se\/?s={search_term_string}\"},\"query-input\":{\"@type\":\"PropertyValueSpecification\",\"valueRequired\":true,\"valueName\":\"search_term_string\"}}],\"inLanguage\":\"fi\"},{\"@type\":\"Organization\",\"@id\":\"https:\/\/dasa.se\/#organization\",\"name\":\"Dasa: High-Performance Machine Control Systems\",\"url\":\"https:\/\/dasa.se\/\",\"logo\":{\"@type\":\"ImageObject\",\"inLanguage\":\"fi\",\"@id\":\"https:\/\/dasa.se\/#\/schema\/logo\/image\/\",\"url\":\"https:\/\/dasa.se\/wp-content\/uploads\/2024\/10\/logo3.png\",\"contentUrl\":\"https:\/\/dasa.se\/wp-content\/uploads\/2024\/10\/logo3.png\",\"width\":1000,\"height\":320,\"caption\":\"Dasa: High-Performance Machine Control Systems\"},\"image\":{\"@id\":\"https:\/\/dasa.se\/#\/schema\/logo\/image\/\"},\"sameAs\":[\"https:\/\/www.linkedin.com\/company\/dasa-control-systems\/\"]}]}<\/script>\n<!-- \/ Yoast SEO plugin. -->","yoast_head_json":{"title":"Ura - katso avoimet ty\u00f6paikat | Dasa","description":"Tutustu j\u00e4nnitt\u00e4viin uramahdollisuuksiin Dasalla ja auta meit\u00e4 muokkaamaan koneohjauksen tulevaisuutta. Katso avoimet ty\u00f6paikkamme ja hae mukaan tiimiimme jo t\u00e4n\u00e4\u00e4n!","robots":{"index":"index","follow":"follow","max-snippet":"max-snippet:-1","max-image-preview":"max-image-preview:large","max-video-preview":"max-video-preview:-1"},"canonical":"https:\/\/dasa.se\/fi\/career\/","og_locale":"fi_FI","og_type":"article","og_title":"Career - see available jobs | Dasa","og_description":"Explore exciting career opportunities at Dasa and help us shape the future of machine control. View our available jobs and apply to join our team today!","og_url":"https:\/\/dasa.se\/fi\/career\/","og_site_name":"Dasa: High-Performance Machine Control Systems","article_modified_time":"2026-03-31T11:03:25+00:00","twitter_card":"summary_large_image","twitter_misc":{"Arvioitu lukuaika":"1 minuutti"},"schema":{"@context":"https:\/\/schema.org","@graph":[{"@type":"WebPage","@id":"https:\/\/dasa.se\/career\/","url":"https:\/\/dasa.se\/career\/","name":"Ura - katso avoimet ty\u00f6paikat | Dasa","isPartOf":{"@id":"https:\/\/dasa.se\/#website"},"datePublished":"2025-02-20T10:48:57+00:00","dateModified":"2026-03-31T11:03:25+00:00","description":"Tutustu j\u00e4nnitt\u00e4viin uramahdollisuuksiin Dasalla ja auta meit\u00e4 muokkaamaan koneohjauksen tulevaisuutta. Katso avoimet ty\u00f6paikkamme ja hae mukaan tiimiimme jo t\u00e4n\u00e4\u00e4n!","breadcrumb":{"@id":"https:\/\/dasa.se\/career\/#breadcrumb"},"inLanguage":"fi","potentialAction":[{"@type":"ReadAction","target":["https:\/\/dasa.se\/career\/"]}]},{"@type":"BreadcrumbList","@id":"https:\/\/dasa.se\/career\/#breadcrumb","itemListElement":[{"@type":"ListItem","position":1,"name":"Home","item":"https:\/\/dasa.se\/"},{"@type":"ListItem","position":2,"name":"Career"}]},{"@type":"WebSite","@id":"https:\/\/dasa.se\/#website","url":"https:\/\/dasa.se\/","name":"Dasa: Korkean suorituskyvyn koneenohjausj\u00e4rjestelm\u00e4t","description":"","publisher":{"@id":"https:\/\/dasa.se\/#organization"},"potentialAction":[{"@type":"SearchAction","target":{"@type":"EntryPoint","urlTemplate":"https:\/\/dasa.se\/?s={search_term_string}"},"query-input":{"@type":"PropertyValueSpecification","valueRequired":true,"valueName":"search_term_string"}}],"inLanguage":"fi"},{"@type":"Organization","@id":"https:\/\/dasa.se\/#organization","name":"Dasa: Korkean suorituskyvyn koneenohjausj\u00e4rjestelm\u00e4t","url":"https:\/\/dasa.se\/","logo":{"@type":"ImageObject","inLanguage":"fi","@id":"https:\/\/dasa.se\/#\/schema\/logo\/image\/","url":"https:\/\/dasa.se\/wp-content\/uploads\/2024\/10\/logo3.png","contentUrl":"https:\/\/dasa.se\/wp-content\/uploads\/2024\/10\/logo3.png","width":1000,"height":320,"caption":"Dasa: High-Performance Machine Control Systems"},"image":{"@id":"https:\/\/dasa.se\/#\/schema\/logo\/image\/"},"sameAs":["https:\/\/www.linkedin.com\/company\/dasa-control-systems\/"]}]}},"_links":{"self":[{"href":"https:\/\/dasa.se\/fi\/wp-json\/wp\/v2\/pages\/2207","targetHints":{"allow":["GET"]}}],"collection":[{"href":"https:\/\/dasa.se\/fi\/wp-json\/wp\/v2\/pages"}],"about":[{"href":"https:\/\/dasa.se\/fi\/wp-json\/wp\/v2\/types\/page"}],"author":[{"embeddable":true,"href":"https:\/\/dasa.se\/fi\/wp-json\/wp\/v2\/users\/7"}],"replies":[{"embeddable":true,"href":"https:\/\/dasa.se\/fi\/wp-json\/wp\/v2\/comments?post=2207"}],"version-history":[{"count":91,"href":"https:\/\/dasa.se\/fi\/wp-json\/wp\/v2\/pages\/2207\/revisions"}],"predecessor-version":[{"id":2920,"href":"https:\/\/dasa.se\/fi\/wp-json\/wp\/v2\/pages\/2207\/revisions\/2920"}],"wp:attachment":[{"href":"https:\/\/dasa.se\/fi\/wp-json\/wp\/v2\/media?parent=2207"}],"curies":[{"name":"wp","href":"https:\/\/api.w.org\/{rel}","templated":true}]}}