{"id":2871,"date":"2026-03-03T10:01:02","date_gmt":"2026-03-03T10:01:02","guid":{"rendered":"https:\/\/dasa.se\/?page_id=2871"},"modified":"2026-03-03T10:52:46","modified_gmt":"2026-03-03T10:52:46","slug":"registration","status":"publish","type":"page","link":"https:\/\/dasa.se\/fi\/registration\/","title":{"rendered":"Rekister\u00f6inti"},"content":{"rendered":"<style>\n.wp-block-spacer{height:100px!important;}\n.dif-message{max-width:700px;margin:auto;}\n<\/style>\n\n\n    <div class=\"dif-form-wrap\">\n        <h2 class=\"dif-title\">Dasa Insight - tilaus- ja rekister\u00f6intilomake<\/h2>\n        <p class=\"dif-intro\">T\u00e4yt\u00e4 alla oleva lomake rekister\u00f6id\u00e4ksesi yrityksesi ja koneesi Dasa Insight -j\u00e4rjestelm\u00e4\u00e4n.<\/p>\n\n        <form method=\"post\" action=\"https:\/\/dasa.se\/wp-admin\/admin-post.php\" class=\"dif-form\" id=\"dif-form\">\n            <input type=\"hidden\" id=\"dif_nonce\" name=\"dif_nonce\" value=\"7a800c337b\" \/><input type=\"hidden\" name=\"_wp_http_referer\" value=\"\/fi\/wp-json\/wp\/v2\/pages\/2871\" \/>            <input type=\"hidden\" name=\"action\" value=\"dif_submit_form\">\n            <input type=\"hidden\" name=\"dif_recipient\" value=\"insight@dasa.se\">\n            <input type=\"hidden\" name=\"dif_redirect\" value=\"https:\/\/dasa.se\/fi\/registration\/\">\n\n            <!-- 1. Company Information -->\n            <fieldset class=\"dif-section\">\n                <legend>1. Yrityksen tiedot<\/legend>\n                <div class=\"dif-field\">\n                    <label for=\"dif_company_name\">Yrityksen nimi <span class=\"dif-req\">*<\/span><\/label>\n                    <input type=\"text\" id=\"dif_company_name\" name=\"dif_company_name\" required>\n                <\/div>\n                <div class=\"dif-field\">\n                    <label for=\"dif_company_reg\">Yritystunnus <span class=\"dif-req\">*<\/span><\/label>\n                    <input type=\"text\" id=\"dif_company_reg\" name=\"dif_company_reg\" required>\n                <\/div>\n            <\/fieldset>\n\n            <!-- 2. Billing Address -->\n            <fieldset class=\"dif-section\">\n                <legend>2. Laskutusosoite<\/legend>\n                <div class=\"dif-row\">\n                    <div class=\"dif-field dif-field-wide\">\n                        <label for=\"dif_street\">Katuosoite <span class=\"dif-req\">*<\/span><\/label>\n                        <input type=\"text\" id=\"dif_street\" name=\"dif_street\" required>\n                    <\/div>\n                    <div class=\"dif-field dif-field-narrow\">\n                        <label for=\"dif_street_number\">Kadun numero <span class=\"dif-req\">*<\/span><\/label>\n                        <input type=\"text\" id=\"dif_street_number\" name=\"dif_street_number\" required>\n                    <\/div>\n                <\/div>\n                <div class=\"dif-row\">\n                    <div class=\"dif-field dif-field-narrow\">\n                        <label for=\"dif_postal_code\">Postinumero <span class=\"dif-req\">*<\/span><\/label>\n                        <input type=\"text\" id=\"dif_postal_code\" name=\"dif_postal_code\" required>\n                    <\/div>\n                    <div class=\"dif-field dif-field-wide\">\n                        <label for=\"dif_city\">Kaupunki <span class=\"dif-req\">*<\/span><\/label>\n                        <input type=\"text\" id=\"dif_city\" name=\"dif_city\" required>\n                    <\/div>\n                <\/div>\n                <div class=\"dif-field\">\n                    <label for=\"dif_country\">Maa <span class=\"dif-req\">*<\/span><\/label>\n                    <input type=\"text\" id=\"dif_country\" name=\"dif_country\" required>\n                <\/div>\n            <\/fieldset>\n\n            <!-- 3. Company Administrator -->\n            <fieldset class=\"dif-section\">\n                <legend>3. Yrityksen p\u00e4\u00e4k\u00e4ytt\u00e4j\u00e4 (koneen omistaja)<\/legend>\n                <p class=\"dif-section-desc\">T\u00e4m\u00e4 henkil\u00f6 on Dasa Insightin koneen (koneiden) p\u00e4\u00e4k\u00e4ytt\u00e4j\u00e4.<\/p>\n                <div class=\"dif-field\">\n                    <label for=\"dif_admin_name\">Yll\u00e4pit\u00e4j\u00e4n t\u00e4ydellinen nimi <span class=\"dif-req\">*<\/span><\/label>\n                    <input type=\"text\" id=\"dif_admin_name\" name=\"dif_admin_name\" required>\n                <\/div>\n                <div class=\"dif-field\">\n                    <label for=\"dif_admin_email\">J\u00e4rjestelm\u00e4nvalvojan s\u00e4hk\u00f6postiosoite <span class=\"dif-req\">*<\/span><\/label>\n                    <input type=\"email\" id=\"dif_admin_email\" name=\"dif_admin_email\" required>\n                <\/div>\n            <\/fieldset>\n\n            <!-- 4. Machine Information (repeatable) -->\n            <div id=\"dif-machines-container\">\n                <fieldset class=\"dif-section dif-machine-block\" data-machine-index=\"1\">\n                    <legend>4. Koneen tiedot <span class=\"dif-machine-number\">#1<\/span><\/legend>\n                    <div class=\"dif-field\">\n                        <label>Koneen sarjanumero <span class=\"dif-req\">*<\/span><\/label>\n                        <input type=\"text\" name=\"dif_machines[0][serial]\" required>\n                    <\/div>\n                    <div class=\"dif-field\">\n                        <label>Valmistaja <span class=\"dif-req\">*<\/span><\/label>\n                        <input type=\"text\" name=\"dif_machines[0][manufacturer]\" required>\n                    <\/div>\n                    <div class=\"dif-field\">\n                        <label>Mallin nimi\/numero <span class=\"dif-req\">*<\/span><\/label>\n                        <input type=\"text\" name=\"dif_machines[0][model]\" required>\n                    <\/div>\n                <\/fieldset>\n            <\/div>\n\n            <div class=\"dif-add-machine-wrap\">\n                <button type=\"button\" id=\"dif-add-machine\" class=\"dif-btn-secondary\">+ Lis\u00e4\u00e4 kone<\/button>\n            <\/div>\n\n            <!-- 5. Additional Information -->\n            <fieldset class=\"dif-section\">\n                <legend>5. Lis\u00e4tiedot (vapaaehtoinen)<\/legend>\n                <div class=\"dif-field\">\n                    <label for=\"dif_comments\">Huomautukset tai lis\u00e4huomautukset<\/label>\n                    <textarea id=\"dif_comments\" name=\"dif_comments\" rows=\"4\"><\/textarea>\n                <\/div>\n            <\/fieldset>\n\n            <!-- 6. Confirmation -->\n            <fieldset class=\"dif-section\">\n                <legend>6. Vahvistus<\/legend>\n                <div class=\"dif-checkbox\">\n                    <label>\n                        <input type=\"checkbox\" name=\"dif_confirm_correct\" value=\"1\" required>\n                        Vahvistan, ett\u00e4 annetut tiedot ovat oikeita ja t\u00e4ydellisi\u00e4.\n                    <\/label>\n                <\/div>\n                <div class=\"dif-checkbox\">\n                    <label>\n                        <input type=\"checkbox\" name=\"dif_confirm_agree\" value=\"1\" required>\n                        Hyv\u00e4ksyn, ett\u00e4 tietoja k\u00e4ytet\u00e4\u00e4n Dasa Insight -j\u00e4rjestelm\u00e4n perustamiseen.\n                    <\/label>\n                <\/div>\n            <\/fieldset>\n\n            <div class=\"dif-submit-wrap\">\n                <button type=\"submit\" class=\"dif-btn-primary\">L\u00e4het\u00e4 rekister\u00f6inti<\/button>\n            <\/div>\n        <\/form>\n    <\/div>","protected":false},"excerpt":{"rendered":"","protected":false},"author":7,"featured_media":0,"parent":0,"menu_order":0,"comment_status":"closed","ping_status":"closed","template":"","meta":{"footnotes":""},"class_list":["post-2871","page","type-page","status-publish","hentry"],"yoast_head":"<!-- This site is optimized with the Yoast SEO plugin v26.7 - https:\/\/yoast.com\/wordpress\/plugins\/seo\/ -->\n<title>Registration - Dasa<\/title>\n<meta name=\"robots\" content=\"index, follow, max-snippet:-1, max-image-preview:large, max-video-preview:-1\" \/>\n<link rel=\"canonical\" href=\"https:\/\/dasa.se\/fi\/registration\/\" \/>\n<meta property=\"og:locale\" content=\"fi_FI\" \/>\n<meta property=\"og:type\" content=\"article\" \/>\n<meta property=\"og:title\" content=\"Registration - Dasa\" \/>\n<meta property=\"og:url\" content=\"https:\/\/dasa.se\/fi\/registration\/\" \/>\n<meta property=\"og:site_name\" content=\"Dasa: High-Performance Machine Control Systems\" \/>\n<meta property=\"article:modified_time\" content=\"2026-03-03T10:52:46+00:00\" \/>\n<meta name=\"twitter:card\" content=\"summary_large_image\" \/>\n<meta name=\"twitter:label1\" content=\"Arvioitu lukuaika\" \/>\n\t<meta name=\"twitter:data1\" content=\"1 minuutti\" \/>\n<script type=\"application\/ld+json\" class=\"yoast-schema-graph\">{\"@context\":\"https:\/\/schema.org\",\"@graph\":[{\"@type\":\"WebPage\",\"@id\":\"https:\/\/dasa.se\/registration\/\",\"url\":\"https:\/\/dasa.se\/registration\/\",\"name\":\"Registration - Dasa\",\"isPartOf\":{\"@id\":\"https:\/\/dasa.se\/#website\"},\"datePublished\":\"2026-03-03T10:01:02+00:00\",\"dateModified\":\"2026-03-03T10:52:46+00:00\",\"breadcrumb\":{\"@id\":\"https:\/\/dasa.se\/registration\/#breadcrumb\"},\"inLanguage\":\"fi\",\"potentialAction\":[{\"@type\":\"ReadAction\",\"target\":[\"https:\/\/dasa.se\/registration\/\"]}]},{\"@type\":\"BreadcrumbList\",\"@id\":\"https:\/\/dasa.se\/registration\/#breadcrumb\",\"itemListElement\":[{\"@type\":\"ListItem\",\"position\":1,\"name\":\"Home\",\"item\":\"https:\/\/dasa.se\/\"},{\"@type\":\"ListItem\",\"position\":2,\"name\":\"Registration\"}]},{\"@type\":\"WebSite\",\"@id\":\"https:\/\/dasa.se\/#website\",\"url\":\"https:\/\/dasa.se\/\",\"name\":\"Dasa: High-Performance Machine Control Systems\",\"description\":\"\",\"publisher\":{\"@id\":\"https:\/\/dasa.se\/#organization\"},\"potentialAction\":[{\"@type\":\"SearchAction\",\"target\":{\"@type\":\"EntryPoint\",\"urlTemplate\":\"https:\/\/dasa.se\/?s={search_term_string}\"},\"query-input\":{\"@type\":\"PropertyValueSpecification\",\"valueRequired\":true,\"valueName\":\"search_term_string\"}}],\"inLanguage\":\"fi\"},{\"@type\":\"Organization\",\"@id\":\"https:\/\/dasa.se\/#organization\",\"name\":\"Dasa: High-Performance Machine Control Systems\",\"url\":\"https:\/\/dasa.se\/\",\"logo\":{\"@type\":\"ImageObject\",\"inLanguage\":\"fi\",\"@id\":\"https:\/\/dasa.se\/#\/schema\/logo\/image\/\",\"url\":\"https:\/\/dasa.se\/wp-content\/uploads\/2024\/10\/logo3.png\",\"contentUrl\":\"https:\/\/dasa.se\/wp-content\/uploads\/2024\/10\/logo3.png\",\"width\":1000,\"height\":320,\"caption\":\"Dasa: High-Performance Machine Control Systems\"},\"image\":{\"@id\":\"https:\/\/dasa.se\/#\/schema\/logo\/image\/\"},\"sameAs\":[\"https:\/\/www.linkedin.com\/company\/dasa-control-systems\/\"]}]}<\/script>\n<!-- \/ Yoast SEO plugin. -->","yoast_head_json":{"title":"Rekister\u00f6inti - Dasa","robots":{"index":"index","follow":"follow","max-snippet":"max-snippet:-1","max-image-preview":"max-image-preview:large","max-video-preview":"max-video-preview:-1"},"canonical":"https:\/\/dasa.se\/fi\/registration\/","og_locale":"fi_FI","og_type":"article","og_title":"Registration - Dasa","og_url":"https:\/\/dasa.se\/fi\/registration\/","og_site_name":"Dasa: High-Performance Machine Control Systems","article_modified_time":"2026-03-03T10:52:46+00:00","twitter_card":"summary_large_image","twitter_misc":{"Arvioitu lukuaika":"1 minuutti"},"schema":{"@context":"https:\/\/schema.org","@graph":[{"@type":"WebPage","@id":"https:\/\/dasa.se\/registration\/","url":"https:\/\/dasa.se\/registration\/","name":"Rekister\u00f6inti - Dasa","isPartOf":{"@id":"https:\/\/dasa.se\/#website"},"datePublished":"2026-03-03T10:01:02+00:00","dateModified":"2026-03-03T10:52:46+00:00","breadcrumb":{"@id":"https:\/\/dasa.se\/registration\/#breadcrumb"},"inLanguage":"fi","potentialAction":[{"@type":"ReadAction","target":["https:\/\/dasa.se\/registration\/"]}]},{"@type":"BreadcrumbList","@id":"https:\/\/dasa.se\/registration\/#breadcrumb","itemListElement":[{"@type":"ListItem","position":1,"name":"Home","item":"https:\/\/dasa.se\/"},{"@type":"ListItem","position":2,"name":"Registration"}]},{"@type":"WebSite","@id":"https:\/\/dasa.se\/#website","url":"https:\/\/dasa.se\/","name":"Dasa: Korkean suorituskyvyn koneenohjausj\u00e4rjestelm\u00e4t","description":"","publisher":{"@id":"https:\/\/dasa.se\/#organization"},"potentialAction":[{"@type":"SearchAction","target":{"@type":"EntryPoint","urlTemplate":"https:\/\/dasa.se\/?s={search_term_string}"},"query-input":{"@type":"PropertyValueSpecification","valueRequired":true,"valueName":"search_term_string"}}],"inLanguage":"fi"},{"@type":"Organization","@id":"https:\/\/dasa.se\/#organization","name":"Dasa: Korkean suorituskyvyn koneenohjausj\u00e4rjestelm\u00e4t","url":"https:\/\/dasa.se\/","logo":{"@type":"ImageObject","inLanguage":"fi","@id":"https:\/\/dasa.se\/#\/schema\/logo\/image\/","url":"https:\/\/dasa.se\/wp-content\/uploads\/2024\/10\/logo3.png","contentUrl":"https:\/\/dasa.se\/wp-content\/uploads\/2024\/10\/logo3.png","width":1000,"height":320,"caption":"Dasa: High-Performance Machine Control Systems"},"image":{"@id":"https:\/\/dasa.se\/#\/schema\/logo\/image\/"},"sameAs":["https:\/\/www.linkedin.com\/company\/dasa-control-systems\/"]}]}},"_links":{"self":[{"href":"https:\/\/dasa.se\/fi\/wp-json\/wp\/v2\/pages\/2871","targetHints":{"allow":["GET"]}}],"collection":[{"href":"https:\/\/dasa.se\/fi\/wp-json\/wp\/v2\/pages"}],"about":[{"href":"https:\/\/dasa.se\/fi\/wp-json\/wp\/v2\/types\/page"}],"author":[{"embeddable":true,"href":"https:\/\/dasa.se\/fi\/wp-json\/wp\/v2\/users\/7"}],"replies":[{"embeddable":true,"href":"https:\/\/dasa.se\/fi\/wp-json\/wp\/v2\/comments?post=2871"}],"version-history":[{"count":14,"href":"https:\/\/dasa.se\/fi\/wp-json\/wp\/v2\/pages\/2871\/revisions"}],"predecessor-version":[{"id":2889,"href":"https:\/\/dasa.se\/fi\/wp-json\/wp\/v2\/pages\/2871\/revisions\/2889"}],"wp:attachment":[{"href":"https:\/\/dasa.se\/fi\/wp-json\/wp\/v2\/media?parent=2871"}],"curies":[{"name":"wp","href":"https:\/\/api.w.org\/{rel}","templated":true}]}}