{"id":9,"date":"2024-10-28T08:40:44","date_gmt":"2024-10-28T08:40:44","guid":{"rendered":"https:\/\/eznpp.beeweb-orange.io\/?page_id=9"},"modified":"2025-12-02T15:26:51","modified_gmt":"2025-12-02T15:26:51","slug":"products","status":"publish","type":"page","link":"https:\/\/dasa.se\/fi\/products\/","title":{"rendered":"Tuotteet"},"content":{"rendered":"<h1 class=\"wp-block-heading title-with-dot h1_dasa has-text-color has-link-color wp-elements-fa423dae6bc6a20972da0797d6523154\" style=\"color:#364856\"><strong>Tuotteemme<\/strong><\/h1>\n\n\n\n<h2 class=\"wp-block-heading has-text-color has-link-color wp-elements-543f3acd3ccc71f5a673ebbdf20c5a25\" style=\"color:#364856;margin-top:0;margin-bottom:0;font-size:4.9rem;font-style:normal;font-weight:400;letter-spacing:0px\">Tekev\u00e4t monimutkaisesta helpompaa.<\/h2>\n\n\n\n<p class=\"has-text-color has-link-color wp-elements-17d5e0126b77d7501f437a6e6603926e\" style=\"color:#364856;margin-top:2rem;margin-bottom:2rem;font-size:1.2rem\">Ohjelmistot ja komponentit liikkuvia ty\u00f6- ja mets\u00e4koneita varten. Asiakkaat ymp\u00e4ri maailmaa hy\u00f6dynt\u00e4v\u00e4t Dasan tuotteita.<\/p>\n\n\n\n<div class=\"wp-block-group alignfull is-nowrap is-layout-flex wp-container-core-group-is-layout-f66f9956 wp-block-group-is-layout-flex\"><div data-block-name=\"woocommerce\/featured-category\" data-category-id=\"78\" data-dim-ratio=\"100\" data-edit-mode=\"false\" data-overlay-color=\"#212a31\" data-style=\"{&quot;color&quot;:{&quot;background&quot;:&quot;#425462&quot;}}\" class=\"wc-block-featured-category alignnone has-background-dim has-background-dim-100 has-background wp-block-woocommerce-featured-category\" style=\"min-height:500px;background-color: #425462;\"><div class=\"wc-block-featured-category__wrapper\"><div class=\"background-dim__overlay\" style=\"background-color: #212a31\"><\/div><img decoding=\"async\" alt=\"Komponentit\" class=\"wc-block-featured-category__background-image\" src=\"https:\/\/dasa.se\/wp-content\/uploads\/2024\/11\/ESX_IOM.jpg\" style=\"object-fit: none;object-position: 50% 50%;\" \/><h2 class=\"wc-block-featured-category__title\">Komponentit<\/h2><div class=\"wc-block-featured-category__description\"><p>Kest\u00e4v\u00e4t r\u00e4\u00e4t\u00e4l\u00f6it\u00e4v\u00e4t komponentit liikkuvien ty\u00f6koneiden digitalisointiin ja automaatioon.<\/p>\n<\/div><div class=\"wc-block-featured-category__inner-blocks\">\n\n<div class=\"wp-block-buttons is-content-justification-center is-layout-flex wp-container-core-buttons-is-layout-a89b3969 wp-block-buttons-is-layout-flex\">\n<div class=\"wp-block-button\"><a class=\"wp-block-button__link wp-element-button\" href=\"\/fi\/product-category\/components\/\">Lue lis\u00e4\u00e4<\/a><\/div>\n<\/div>\n\n<\/div><\/div><\/div>\n\n<div data-block-name=\"woocommerce\/featured-category\" data-category-id=\"32\" data-dim-ratio=\"100\" data-edit-mode=\"false\" data-overlay-color=\"#212a31\" data-style=\"{&quot;color&quot;:{&quot;background&quot;:&quot;#425462&quot;}}\" class=\"wc-block-featured-category alignnone has-background-dim has-background-dim-100 has-background wp-block-woocommerce-featured-category\" style=\"min-height:500px;background-color: #425462;\"><div class=\"wc-block-featured-category__wrapper\"><div class=\"background-dim__overlay\" style=\"background-color: #212a31\"><\/div><h2 class=\"wc-block-featured-category__title\">Ratkaisut harvestereihin<\/h2><div class=\"wc-block-featured-category__description\"><p>Dasan j\u00e4rjestelm\u00e4t on suunniteltu vastaamaan mets\u00e4talouden haastaviin vaatimuksiin, olipa kyseess\u00e4 sitten ty\u00f6maan hallinta, harvesterinp\u00e4\u00e4nohjaus tai ajokoneen ty\u00f6nseuranta.<\/p>\n<\/div><div class=\"wc-block-featured-category__inner-blocks\">\n\n<div class=\"wp-block-buttons is-content-justification-center is-layout-flex wp-container-core-buttons-is-layout-a89b3969 wp-block-buttons-is-layout-flex\">\n<div class=\"wp-block-button\"><a class=\"wp-block-button__link wp-element-button\" href=\"\/fi\/product-category\/bucking\/\">Lue lis\u00e4\u00e4<\/a><\/div>\n<\/div>\n\n<\/div><\/div><\/div>\n\n<div data-block-name=\"woocommerce\/featured-category\" data-category-id=\"34\" data-dim-ratio=\"100\" data-edit-mode=\"false\" data-overlay-color=\"#212a31\" data-style=\"{&quot;color&quot;:{&quot;background&quot;:&quot;#425462&quot;}}\" class=\"wc-block-featured-category alignnone has-background-dim has-background-dim-100 has-background wp-block-woocommerce-featured-category\" style=\"min-height:500px;background-color: #425462;\"><div class=\"wc-block-featured-category__wrapper\"><div class=\"background-dim__overlay\" style=\"background-color: #212a31\"><\/div><h2 class=\"wc-block-featured-category__title\">Ratkaisut kuormatraktoreille<\/h2><div class=\"wc-block-featured-category__description\"><p>Kaikki mit\u00e4 tarvitset tehokkaaseen puunajoon leimikolta.<\/p>\n<\/div><div class=\"wc-block-featured-category__inner-blocks\">\n\n<div class=\"wp-block-buttons is-content-justification-center is-layout-flex wp-container-core-buttons-is-layout-a89b3969 wp-block-buttons-is-layout-flex\">\n<div class=\"wp-block-button\"><a class=\"wp-block-button__link wp-element-button\" href=\"\/fi\/product-category\/forwarding\/\">Lue lis\u00e4\u00e4<\/a><\/div>\n<\/div>\n\n<\/div><\/div><\/div><\/div>\n\n\n\n<div class=\"wp-block-group alignfull row2products is-nowrap is-layout-flex wp-container-core-group-is-layout-f66f9956 wp-block-group-is-layout-flex\"><div data-block-name=\"woocommerce\/featured-category\" data-category-id=\"40\" data-dim-ratio=\"100\" data-edit-mode=\"false\" data-overlay-color=\"#212a31\" data-style=\"{&quot;color&quot;:{&quot;background&quot;:&quot;#425462&quot;}}\" class=\"wc-block-featured-category alignnone has-background-dim has-background-dim-100 has-background wp-block-woocommerce-featured-category\" style=\"min-height:500px;background-color: #425462;\"><div class=\"wc-block-featured-category__wrapper\"><div class=\"background-dim__overlay\" style=\"background-color: #212a31\"><\/div><img decoding=\"async\" alt=\"Fleet Management -ohjelmisto\" class=\"wc-block-featured-category__background-image\" src=\"https:\/\/dasa.se\/wp-content\/uploads\/2024\/11\/dasa-drive_dev_dasainsight_com_user_status_iphone-bg-3-2-1024x682.jpg\" style=\"object-fit: none;object-position: 50% 50%;\" \/><h2 class=\"wc-block-featured-category__title\">Fleet Management -ohjelmisto<\/h2><div class=\"wc-block-featured-category__description\"><p>K\u00e4ytt\u00f6valmiit, mukautettavat Fleet Management- ja Admin-ohjelmistoratkaisut kalustonhallintaan ja et\u00e4yhteyksiin.<\/p>\n<\/div><div class=\"wc-block-featured-category__inner-blocks\">\n\n<div class=\"wp-block-buttons is-content-justification-center is-layout-flex wp-container-core-buttons-is-layout-a89b3969 wp-block-buttons-is-layout-flex\">\n<div class=\"wp-block-button\"><a class=\"wp-block-button__link wp-element-button\" href=\"\/fi\/product-category\/fleet-management-software\/\">Lue lis\u00e4\u00e4<\/a><\/div>\n<\/div>\n\n<\/div><\/div><\/div>\n\n<div data-block-name=\"woocommerce\/featured-category\" data-category-id=\"76\" data-dim-ratio=\"100\" data-edit-mode=\"false\" data-overlay-color=\"#212a31\" data-style=\"{&quot;color&quot;:{&quot;background&quot;:&quot;#425462&quot;}}\" class=\"wc-block-featured-category alignnone has-background-dim has-background-dim-100 has-background wp-block-woocommerce-featured-category\" style=\"min-height:500px;background-color: #425462;\"><div class=\"wc-block-featured-category__wrapper\"><div class=\"background-dim__overlay\" style=\"background-color: #212a31\"><\/div><h2 class=\"wc-block-featured-category__title\">Bunching<\/h2><div class=\"wc-block-featured-category__description\"><p>Edistyksellinen ohjelmistoratkaisu, joka on suunniteltu tehostamaan puunkorjuun hallintaa niputusmenetelm\u00e4\u00e4 k\u00e4ytt\u00e4vill\u00e4 Feller Bunchereilla.<\/p>\n<\/div><div class=\"wc-block-featured-category__inner-blocks\">\n\n<div class=\"wp-block-buttons is-content-justification-center is-layout-flex wp-container-core-buttons-is-layout-a89b3969 wp-block-buttons-is-layout-flex\">\n<div class=\"wp-block-button\"><a class=\"wp-block-button__link wp-element-button\" href=\"\/fi\/product-category\/bunching\/\">Lue lis\u00e4\u00e4<\/a><\/div>\n<\/div>\n\n<\/div><\/div><\/div>\n\n<div data-block-name=\"woocommerce\/featured-category\" data-category-id=\"53\" data-dim-ratio=\"100\" data-edit-mode=\"false\" data-overlay-color=\"#212a31\" data-style=\"{&quot;color&quot;:{&quot;background&quot;:&quot;#425462&quot;}}\" class=\"wc-block-featured-category alignnone has-background-dim has-background-dim-100 has-background wp-block-woocommerce-featured-category\" style=\"min-height:500px;background-color: #425462;\"><div class=\"wc-block-featured-category__wrapper\"><div class=\"background-dim__overlay\" style=\"background-color: #212a31\"><\/div><h2 class=\"wc-block-featured-category__title\">StanForD-palvelut<\/h2><div class=\"wc-block-featured-category__description\"><p>Tuotesarja, joka helpottaa ymm\u00e4rt\u00e4m\u00e4\u00e4n ja hallinnoimaan mets\u00e4nhoidosta ker\u00e4tty\u00e4 tietoa.<\/p>\n<\/div><div class=\"wc-block-featured-category__inner-blocks\">\n\n<div class=\"wp-block-buttons is-content-justification-center is-layout-flex wp-container-core-buttons-is-layout-a89b3969 wp-block-buttons-is-layout-flex\">\n<div class=\"wp-block-button\"><a class=\"wp-block-button__link wp-element-button\" href=\"\/fi\/product-category\/stanford-services\/\">Lue lis\u00e4\u00e4<\/a><\/div>\n<\/div>\n\n<\/div><\/div><\/div><\/div>","protected":false},"excerpt":{"rendered":"<p>Tuotteemme Helpottavat monimutkaisia asioita. Ohjelmisto- ja laitteistotuotteet mobiiliratkaisuihin ja mets\u00e4taloustoimintoihin. Dasan tuotteita hy\u00f6dynt\u00e4v\u00e4t asiakkaat kaikkialla maailmassa.<\/p>","protected":false},"author":2,"featured_media":166,"parent":0,"menu_order":0,"comment_status":"closed","ping_status":"closed","template":"","meta":{"footnotes":""},"class_list":["post-9","page","type-page","status-publish","has-post-thumbnail","hentry"],"yoast_head":"<!-- This site is optimized with the Yoast SEO plugin v26.7 - https:\/\/yoast.com\/wordpress\/plugins\/seo\/ -->\n<title>Forestry Products &amp; Log Bucking Systems | Dasa<\/title>\n<meta name=\"description\" content=\"Long history of delivering products making complex things easier. Our softare and hardward products have worldwide applications. Discover them today\" \/>\n<meta name=\"robots\" content=\"index, follow, max-snippet:-1, max-image-preview:large, max-video-preview:-1\" \/>\n<link rel=\"canonical\" href=\"https:\/\/dasa.se\/fi\/products\/\" \/>\n<meta property=\"og:locale\" content=\"fi_FI\" \/>\n<meta property=\"og:type\" content=\"article\" \/>\n<meta property=\"og:title\" content=\"Forestry Products &amp; Log Bucking Systems | Dasa\" \/>\n<meta property=\"og:description\" content=\"Long history of delivering products making complex things easier. Our softare and hardward products have worldwide applications. Discover them today\" \/>\n<meta property=\"og:url\" content=\"https:\/\/dasa.se\/fi\/products\/\" \/>\n<meta property=\"og:site_name\" content=\"Dasa: High-Performance Machine Control Systems\" \/>\n<meta property=\"article:modified_time\" content=\"2025-12-02T15:26:51+00:00\" \/>\n<meta property=\"og:image\" content=\"https:\/\/dasa.se\/wp-content\/uploads\/2024\/10\/DASA-Pattern-ny.jpg\" \/>\n\t<meta property=\"og:image:width\" content=\"2300\" \/>\n\t<meta property=\"og:image:height\" content=\"1294\" \/>\n\t<meta property=\"og:image:type\" content=\"image\/jpeg\" \/>\n<meta name=\"twitter:card\" content=\"summary_large_image\" \/>\n<meta name=\"twitter:label1\" content=\"Arvioitu lukuaika\" \/>\n\t<meta name=\"twitter:data1\" content=\"1 minuutti\" \/>\n<script type=\"application\/ld+json\" class=\"yoast-schema-graph\">{\"@context\":\"https:\/\/schema.org\",\"@graph\":[{\"@type\":\"WebPage\",\"@id\":\"https:\/\/dasa.se\/sv\/products\/\",\"url\":\"https:\/\/dasa.se\/sv\/products\/\",\"name\":\"Forestry Products & Log Bucking Systems | Dasa\",\"isPartOf\":{\"@id\":\"https:\/\/dasa.se\/#website\"},\"primaryImageOfPage\":{\"@id\":\"https:\/\/dasa.se\/sv\/products\/#primaryimage\"},\"image\":{\"@id\":\"https:\/\/dasa.se\/sv\/products\/#primaryimage\"},\"thumbnailUrl\":\"https:\/\/dasa.se\/wp-content\/uploads\/2024\/10\/DASA-Pattern-ny.jpg\",\"datePublished\":\"2024-10-28T08:40:44+00:00\",\"dateModified\":\"2025-12-02T15:26:51+00:00\",\"description\":\"Long history of delivering products making complex things easier. Our softare and hardward products have worldwide applications. Discover them today\",\"breadcrumb\":{\"@id\":\"https:\/\/dasa.se\/sv\/products\/#breadcrumb\"},\"inLanguage\":\"fi\",\"potentialAction\":[{\"@type\":\"ReadAction\",\"target\":[\"https:\/\/dasa.se\/sv\/products\/\"]}]},{\"@type\":\"ImageObject\",\"inLanguage\":\"fi\",\"@id\":\"https:\/\/dasa.se\/sv\/products\/#primaryimage\",\"url\":\"https:\/\/dasa.se\/wp-content\/uploads\/2024\/10\/DASA-Pattern-ny.jpg\",\"contentUrl\":\"https:\/\/dasa.se\/wp-content\/uploads\/2024\/10\/DASA-Pattern-ny.jpg\",\"width\":2300,\"height\":1294,\"caption\":\"Bakgrundsbild\"},{\"@type\":\"BreadcrumbList\",\"@id\":\"https:\/\/dasa.se\/sv\/products\/#breadcrumb\",\"itemListElement\":[{\"@type\":\"ListItem\",\"position\":1,\"name\":\"Home\",\"item\":\"https:\/\/dasa.se\/\"},{\"@type\":\"ListItem\",\"position\":2,\"name\":\"Products\"}]},{\"@type\":\"WebSite\",\"@id\":\"https:\/\/dasa.se\/#website\",\"url\":\"https:\/\/dasa.se\/\",\"name\":\"Dasa: High-Performance Machine Control Systems\",\"description\":\"\",\"publisher\":{\"@id\":\"https:\/\/dasa.se\/#organization\"},\"potentialAction\":[{\"@type\":\"SearchAction\",\"target\":{\"@type\":\"EntryPoint\",\"urlTemplate\":\"https:\/\/dasa.se\/?s={search_term_string}\"},\"query-input\":{\"@type\":\"PropertyValueSpecification\",\"valueRequired\":true,\"valueName\":\"search_term_string\"}}],\"inLanguage\":\"fi\"},{\"@type\":\"Organization\",\"@id\":\"https:\/\/dasa.se\/#organization\",\"name\":\"Dasa: High-Performance Machine Control Systems\",\"url\":\"https:\/\/dasa.se\/\",\"logo\":{\"@type\":\"ImageObject\",\"inLanguage\":\"fi\",\"@id\":\"https:\/\/dasa.se\/#\/schema\/logo\/image\/\",\"url\":\"https:\/\/dasa.se\/wp-content\/uploads\/2024\/10\/logo3.png\",\"contentUrl\":\"https:\/\/dasa.se\/wp-content\/uploads\/2024\/10\/logo3.png\",\"width\":1000,\"height\":320,\"caption\":\"Dasa: High-Performance Machine Control Systems\"},\"image\":{\"@id\":\"https:\/\/dasa.se\/#\/schema\/logo\/image\/\"},\"sameAs\":[\"https:\/\/www.linkedin.com\/company\/dasa-control-systems\/\"]}]}<\/script>\n<!-- \/ Yoast SEO plugin. -->","yoast_head_json":{"title":"Mets\u00e4taloustuotteet ja tukkien kaatoj\u00e4rjestelm\u00e4t | Dasa","description":"Pitk\u00e4 historia monimutkaisia asioita helpottavien tuotteiden toimittamisessa. Pehmeit\u00e4 ja kovia tuotteitamme k\u00e4ytet\u00e4\u00e4n maailmanlaajuisesti. Tutustu niihin jo t\u00e4n\u00e4\u00e4n","robots":{"index":"index","follow":"follow","max-snippet":"max-snippet:-1","max-image-preview":"max-image-preview:large","max-video-preview":"max-video-preview:-1"},"canonical":"https:\/\/dasa.se\/fi\/products\/","og_locale":"fi_FI","og_type":"article","og_title":"Forestry Products & Log Bucking Systems | Dasa","og_description":"Long history of delivering products making complex things easier. Our softare and hardward products have worldwide applications. Discover them today","og_url":"https:\/\/dasa.se\/fi\/products\/","og_site_name":"Dasa: High-Performance Machine Control Systems","article_modified_time":"2025-12-02T15:26:51+00:00","og_image":[{"width":2300,"height":1294,"url":"https:\/\/dasa.se\/wp-content\/uploads\/2024\/10\/DASA-Pattern-ny.jpg","type":"image\/jpeg"}],"twitter_card":"summary_large_image","twitter_misc":{"Arvioitu lukuaika":"1 minuutti"},"schema":{"@context":"https:\/\/schema.org","@graph":[{"@type":"WebPage","@id":"https:\/\/dasa.se\/sv\/products\/","url":"https:\/\/dasa.se\/sv\/products\/","name":"Mets\u00e4taloustuotteet ja tukkien kaatoj\u00e4rjestelm\u00e4t | Dasa","isPartOf":{"@id":"https:\/\/dasa.se\/#website"},"primaryImageOfPage":{"@id":"https:\/\/dasa.se\/sv\/products\/#primaryimage"},"image":{"@id":"https:\/\/dasa.se\/sv\/products\/#primaryimage"},"thumbnailUrl":"https:\/\/dasa.se\/wp-content\/uploads\/2024\/10\/DASA-Pattern-ny.jpg","datePublished":"2024-10-28T08:40:44+00:00","dateModified":"2025-12-02T15:26:51+00:00","description":"Pitk\u00e4 historia monimutkaisia asioita helpottavien tuotteiden toimittamisessa. Pehmeit\u00e4 ja kovia tuotteitamme k\u00e4ytet\u00e4\u00e4n maailmanlaajuisesti. Tutustu niihin jo t\u00e4n\u00e4\u00e4n","breadcrumb":{"@id":"https:\/\/dasa.se\/sv\/products\/#breadcrumb"},"inLanguage":"fi","potentialAction":[{"@type":"ReadAction","target":["https:\/\/dasa.se\/sv\/products\/"]}]},{"@type":"ImageObject","inLanguage":"fi","@id":"https:\/\/dasa.se\/sv\/products\/#primaryimage","url":"https:\/\/dasa.se\/wp-content\/uploads\/2024\/10\/DASA-Pattern-ny.jpg","contentUrl":"https:\/\/dasa.se\/wp-content\/uploads\/2024\/10\/DASA-Pattern-ny.jpg","width":2300,"height":1294,"caption":"Bakgrundsbild"},{"@type":"BreadcrumbList","@id":"https:\/\/dasa.se\/sv\/products\/#breadcrumb","itemListElement":[{"@type":"ListItem","position":1,"name":"Home","item":"https:\/\/dasa.se\/"},{"@type":"ListItem","position":2,"name":"Products"}]},{"@type":"WebSite","@id":"https:\/\/dasa.se\/#website","url":"https:\/\/dasa.se\/","name":"Dasa: Korkean suorituskyvyn koneenohjausj\u00e4rjestelm\u00e4t","description":"","publisher":{"@id":"https:\/\/dasa.se\/#organization"},"potentialAction":[{"@type":"SearchAction","target":{"@type":"EntryPoint","urlTemplate":"https:\/\/dasa.se\/?s={search_term_string}"},"query-input":{"@type":"PropertyValueSpecification","valueRequired":true,"valueName":"search_term_string"}}],"inLanguage":"fi"},{"@type":"Organization","@id":"https:\/\/dasa.se\/#organization","name":"Dasa: Korkean suorituskyvyn koneenohjausj\u00e4rjestelm\u00e4t","url":"https:\/\/dasa.se\/","logo":{"@type":"ImageObject","inLanguage":"fi","@id":"https:\/\/dasa.se\/#\/schema\/logo\/image\/","url":"https:\/\/dasa.se\/wp-content\/uploads\/2024\/10\/logo3.png","contentUrl":"https:\/\/dasa.se\/wp-content\/uploads\/2024\/10\/logo3.png","width":1000,"height":320,"caption":"Dasa: High-Performance Machine Control Systems"},"image":{"@id":"https:\/\/dasa.se\/#\/schema\/logo\/image\/"},"sameAs":["https:\/\/www.linkedin.com\/company\/dasa-control-systems\/"]}]}},"_links":{"self":[{"href":"https:\/\/dasa.se\/fi\/wp-json\/wp\/v2\/pages\/9","targetHints":{"allow":["GET"]}}],"collection":[{"href":"https:\/\/dasa.se\/fi\/wp-json\/wp\/v2\/pages"}],"about":[{"href":"https:\/\/dasa.se\/fi\/wp-json\/wp\/v2\/types\/page"}],"author":[{"embeddable":true,"href":"https:\/\/dasa.se\/fi\/wp-json\/wp\/v2\/users\/2"}],"replies":[{"embeddable":true,"href":"https:\/\/dasa.se\/fi\/wp-json\/wp\/v2\/comments?post=9"}],"version-history":[{"count":47,"href":"https:\/\/dasa.se\/fi\/wp-json\/wp\/v2\/pages\/9\/revisions"}],"predecessor-version":[{"id":2612,"href":"https:\/\/dasa.se\/fi\/wp-json\/wp\/v2\/pages\/9\/revisions\/2612"}],"wp:featuredmedia":[{"embeddable":true,"href":"https:\/\/dasa.se\/fi\/wp-json\/wp\/v2\/media\/166"}],"wp:attachment":[{"href":"https:\/\/dasa.se\/fi\/wp-json\/wp\/v2\/media?parent=9"}],"curies":[{"name":"wp","href":"https:\/\/api.w.org\/{rel}","templated":true}]}}