{"id":1262,"date":"2024-11-25T12:34:34","date_gmt":"2024-11-25T12:34:34","guid":{"rendered":"https:\/\/eznpp.beeweb-orange.io\/?post_type=product&#038;p=1262"},"modified":"2025-11-24T14:56:54","modified_gmt":"2025-11-24T14:56:54","slug":"esx-4cm-a","status":"publish","type":"product","link":"https:\/\/dasa.se\/fi\/product\/esx-4cm-a\/","title":{"rendered":"ESX 4CM A -ohjausyksikk\u00f6"},"content":{"rendered":"<p>ESX 4CM -ohjausyksikk\u00f6 on suunniteltu k\u00e4ytett\u00e4v\u00e4ksi kaikkein haastavimmissa ymp\u00e4rist\u00f6olosuhteissa. ESX 4CM a:ssa on tehokas moniydinprosessori, jossa on 3 x 300 MHz, sek\u00e4 hallittu Ethernet-kytkin, joka k\u00e4sittelee jopa 100 Mbit\/s signaaleja vaikuttamatta prosessorin suorituskykyyn negatiivisesti.<\/p>\n<p>Valettuun alumiinikoteloon perustuvalla laitteella on jopa IP6k9k-suojausluokka. T\u00e4rin\u00e4, lika ja p\u00f6ly sek\u00e4 \u00e4\u00e4rimm\u00e4iset l\u00e4mp\u00f6tilat, kuten kaivos-, maa- ja mets\u00e4taloudessa, eiv\u00e4t ole haaste t\u00e4lle vapaasti ohjelmoitavalle ohjausyksik\u00f6lle.<\/p>\n<p>ESX 4CM a on sertifioitu turvallisuussovelluksiin SIL2\/PLd:n mukaisesti. ESX 4CM a:ssa on tehokas moniydinprosessori, jossa on 3 x 300 MHz, sek\u00e4 hallittu Ethernet-kytkin, joka k\u00e4sittelee jopa 100 Mbit\/s:n signaaleja vaikuttamatta prosessorin suorituskykyyn negatiivisesti. K\u00e4ytett\u00e4viss\u00e4 on kaksi Ethernet- ja kaksi Broad-R-Reach-liit\u00e4nt\u00e4\u00e4. Lis\u00e4ksi konekommunikaatio voidaan toteuttaa 4 CAN-portilla.<\/p>\n<p>Suorituskykyisess\u00e4 ESX 4CM:ss\u00e4 on yhteens\u00e4 34 konfiguroitavissa olevaa monitoimista analogista ja digitaalista tuloa. Ne lukevat ja k\u00e4sittelev\u00e4t monenlaisia signaalityyppej\u00e4, mukaan lukien inkrementaalisen kooderin signaalit ja SENT-protokolla. Ohjausyksikk\u00f6 tarjoaa kiinte\u00e4t ja ohjelmoitavat sy\u00f6tt\u00f6j\u00e4nnitteet 5 ja 12 V v\u00e4lill\u00e4 antureiden sy\u00f6tt\u00e4mist\u00e4 varten. 29 low-side- ja high-side-l\u00e4ht\u00f6\u00e4 k\u00e4sittelev\u00e4t kumpikin jopa 4 A:n virtaa kokoonpanosta riippuen.<\/p>","protected":false},"excerpt":{"rendered":"<p>ESX 4CM a -ohjausyksikk\u00f6 on suunniteltu k\u00e4ytett\u00e4v\u00e4ksi kaikkein haastavimmissa ymp\u00e4rist\u00f6olosuhteissa.<\/p>","protected":false},"featured_media":1263,"template":"","meta":[],"product_brand":[],"product_cat":[56],"product_tag":[],"class_list":{"0":"post-1262","1":"product","2":"type-product","3":"status-publish","4":"has-post-thumbnail","6":"product_cat-controllers","8":"first","9":"instock","10":"shipping-taxable","11":"product-type-simple"},"yoast_head":"<!-- This site is optimized with the Yoast SEO plugin v26.7 - https:\/\/yoast.com\/wordpress\/plugins\/seo\/ -->\n<title>ESX 4CM A Control Unit \u2013 in Adverse Environmental Conditions<\/title>\n<meta name=\"robots\" content=\"index, follow, max-snippet:-1, max-image-preview:large, max-video-preview:-1\" \/>\n<link rel=\"canonical\" href=\"https:\/\/dasa.se\/fi\/product\/esx-4cm-a\/\" \/>\n<meta property=\"og:locale\" content=\"fi_FI\" \/>\n<meta property=\"og:type\" content=\"article\" \/>\n<meta property=\"og:title\" content=\"ESX 4CM A Control Unit \u2013 in Adverse Environmental Conditions\" \/>\n<meta property=\"og:description\" content=\"The ESX 4CM a control unit has been designed for use in the most adverse environmental conditions.\" \/>\n<meta property=\"og:url\" content=\"https:\/\/dasa.se\/fi\/product\/esx-4cm-a\/\" \/>\n<meta property=\"og:site_name\" content=\"Dasa: High-Performance Machine Control Systems\" \/>\n<meta property=\"article:modified_time\" content=\"2025-11-24T14:56:54+00:00\" \/>\n<meta property=\"og:image\" content=\"https:\/\/dasa.se\/wp-content\/uploads\/2024\/11\/ESX.4cm-a-vollausbau-scaled.jpg\" \/>\n\t<meta property=\"og:image:width\" content=\"2560\" \/>\n\t<meta property=\"og:image:height\" content=\"1707\" \/>\n\t<meta property=\"og:image:type\" content=\"image\/jpeg\" \/>\n<meta name=\"twitter:card\" content=\"summary_large_image\" \/>\n<meta name=\"twitter:label1\" content=\"Arvioitu lukuaika\" \/>\n\t<meta name=\"twitter:data1\" content=\"2 minuuttia\" \/>\n<script type=\"application\/ld+json\" class=\"yoast-schema-graph\">{\"@context\":\"https:\/\/schema.org\",\"@graph\":[{\"@type\":[\"WebPage\",\"ItemPage\"],\"@id\":\"https:\/\/dasa.se\/product\/esx-4cm-a\/\",\"url\":\"https:\/\/dasa.se\/product\/esx-4cm-a\/\",\"name\":\"ESX 4CM A Control Unit \u2013 in Adverse Environmental Conditions\",\"isPartOf\":{\"@id\":\"https:\/\/dasa.se\/#website\"},\"primaryImageOfPage\":{\"@id\":\"https:\/\/dasa.se\/product\/esx-4cm-a\/#primaryimage\"},\"image\":{\"@id\":\"https:\/\/dasa.se\/product\/esx-4cm-a\/#primaryimage\"},\"thumbnailUrl\":\"https:\/\/dasa.se\/wp-content\/uploads\/2024\/11\/ESX.4cm-a-vollausbau-scaled.jpg\",\"datePublished\":\"2024-11-25T12:34:34+00:00\",\"dateModified\":\"2025-11-24T14:56:54+00:00\",\"breadcrumb\":{\"@id\":\"https:\/\/dasa.se\/product\/esx-4cm-a\/#breadcrumb\"},\"inLanguage\":\"fi\",\"potentialAction\":[{\"@type\":\"ReadAction\",\"target\":[\"https:\/\/dasa.se\/product\/esx-4cm-a\/\"]}]},{\"@type\":\"ImageObject\",\"inLanguage\":\"fi\",\"@id\":\"https:\/\/dasa.se\/product\/esx-4cm-a\/#primaryimage\",\"url\":\"https:\/\/dasa.se\/wp-content\/uploads\/2024\/11\/ESX.4cm-a-vollausbau-scaled.jpg\",\"contentUrl\":\"https:\/\/dasa.se\/wp-content\/uploads\/2024\/11\/ESX.4cm-a-vollausbau-scaled.jpg\",\"width\":2560,\"height\":1707,\"caption\":\"Close-up of an automotive electronic control unit (ECU) with four rectangular multi-pin connectors mounted on a ribbed aluminum housing, published on www.dasa.se.\"},{\"@type\":\"BreadcrumbList\",\"@id\":\"https:\/\/dasa.se\/product\/esx-4cm-a\/#breadcrumb\",\"itemListElement\":[{\"@type\":\"ListItem\",\"position\":1,\"name\":\"Home\",\"item\":\"https:\/\/dasa.se\/\"},{\"@type\":\"ListItem\",\"position\":2,\"name\":\"do not remove!\",\"item\":\"https:\/\/dasa.se\/?page_id=876\"},{\"@type\":\"ListItem\",\"position\":3,\"name\":\"ESX 4CM A Control Unit\"}]},{\"@type\":\"WebSite\",\"@id\":\"https:\/\/dasa.se\/#website\",\"url\":\"https:\/\/dasa.se\/\",\"name\":\"Dasa: High-Performance Machine Control Systems\",\"description\":\"\",\"publisher\":{\"@id\":\"https:\/\/dasa.se\/#organization\"},\"potentialAction\":[{\"@type\":\"SearchAction\",\"target\":{\"@type\":\"EntryPoint\",\"urlTemplate\":\"https:\/\/dasa.se\/?s={search_term_string}\"},\"query-input\":{\"@type\":\"PropertyValueSpecification\",\"valueRequired\":true,\"valueName\":\"search_term_string\"}}],\"inLanguage\":\"fi\"},{\"@type\":\"Organization\",\"@id\":\"https:\/\/dasa.se\/#organization\",\"name\":\"Dasa: High-Performance Machine Control Systems\",\"url\":\"https:\/\/dasa.se\/\",\"logo\":{\"@type\":\"ImageObject\",\"inLanguage\":\"fi\",\"@id\":\"https:\/\/dasa.se\/#\/schema\/logo\/image\/\",\"url\":\"https:\/\/dasa.se\/wp-content\/uploads\/2024\/10\/logo3.png\",\"contentUrl\":\"https:\/\/dasa.se\/wp-content\/uploads\/2024\/10\/logo3.png\",\"width\":1000,\"height\":320,\"caption\":\"Dasa: High-Performance Machine Control Systems\"},\"image\":{\"@id\":\"https:\/\/dasa.se\/#\/schema\/logo\/image\/\"},\"sameAs\":[\"https:\/\/www.linkedin.com\/company\/dasa-control-systems\/\"]}]}<\/script>\n<!-- \/ Yoast SEO plugin. -->","yoast_head_json":{"title":"ESX 4CM A -ohjausyksikk\u00f6 - ep\u00e4suotuisissa ymp\u00e4rist\u00f6olosuhteissa","robots":{"index":"index","follow":"follow","max-snippet":"max-snippet:-1","max-image-preview":"max-image-preview:large","max-video-preview":"max-video-preview:-1"},"canonical":"https:\/\/dasa.se\/fi\/product\/esx-4cm-a\/","og_locale":"fi_FI","og_type":"article","og_title":"ESX 4CM A Control Unit \u2013 in Adverse Environmental Conditions","og_description":"The ESX 4CM a control unit has been designed for use in the most adverse environmental conditions.","og_url":"https:\/\/dasa.se\/fi\/product\/esx-4cm-a\/","og_site_name":"Dasa: High-Performance Machine Control Systems","article_modified_time":"2025-11-24T14:56:54+00:00","og_image":[{"width":2560,"height":1707,"url":"https:\/\/dasa.se\/wp-content\/uploads\/2024\/11\/ESX.4cm-a-vollausbau-scaled.jpg","type":"image\/jpeg"}],"twitter_card":"summary_large_image","twitter_misc":{"Arvioitu lukuaika":"2 minuuttia"},"schema":{"@context":"https:\/\/schema.org","@graph":[{"@type":["WebPage","ItemPage"],"@id":"https:\/\/dasa.se\/product\/esx-4cm-a\/","url":"https:\/\/dasa.se\/product\/esx-4cm-a\/","name":"ESX 4CM A -ohjausyksikk\u00f6 - ep\u00e4suotuisissa ymp\u00e4rist\u00f6olosuhteissa","isPartOf":{"@id":"https:\/\/dasa.se\/#website"},"primaryImageOfPage":{"@id":"https:\/\/dasa.se\/product\/esx-4cm-a\/#primaryimage"},"image":{"@id":"https:\/\/dasa.se\/product\/esx-4cm-a\/#primaryimage"},"thumbnailUrl":"https:\/\/dasa.se\/wp-content\/uploads\/2024\/11\/ESX.4cm-a-vollausbau-scaled.jpg","datePublished":"2024-11-25T12:34:34+00:00","dateModified":"2025-11-24T14:56:54+00:00","breadcrumb":{"@id":"https:\/\/dasa.se\/product\/esx-4cm-a\/#breadcrumb"},"inLanguage":"fi","potentialAction":[{"@type":"ReadAction","target":["https:\/\/dasa.se\/product\/esx-4cm-a\/"]}]},{"@type":"ImageObject","inLanguage":"fi","@id":"https:\/\/dasa.se\/product\/esx-4cm-a\/#primaryimage","url":"https:\/\/dasa.se\/wp-content\/uploads\/2024\/11\/ESX.4cm-a-vollausbau-scaled.jpg","contentUrl":"https:\/\/dasa.se\/wp-content\/uploads\/2024\/11\/ESX.4cm-a-vollausbau-scaled.jpg","width":2560,"height":1707,"caption":"Close-up of an automotive electronic control unit (ECU) with four rectangular multi-pin connectors mounted on a ribbed aluminum housing, published on www.dasa.se."},{"@type":"BreadcrumbList","@id":"https:\/\/dasa.se\/product\/esx-4cm-a\/#breadcrumb","itemListElement":[{"@type":"ListItem","position":1,"name":"Home","item":"https:\/\/dasa.se\/"},{"@type":"ListItem","position":2,"name":"do not remove!","item":"https:\/\/dasa.se\/?page_id=876"},{"@type":"ListItem","position":3,"name":"ESX 4CM A Control Unit"}]},{"@type":"WebSite","@id":"https:\/\/dasa.se\/#website","url":"https:\/\/dasa.se\/","name":"Dasa: Korkean suorituskyvyn koneenohjausj\u00e4rjestelm\u00e4t","description":"","publisher":{"@id":"https:\/\/dasa.se\/#organization"},"potentialAction":[{"@type":"SearchAction","target":{"@type":"EntryPoint","urlTemplate":"https:\/\/dasa.se\/?s={search_term_string}"},"query-input":{"@type":"PropertyValueSpecification","valueRequired":true,"valueName":"search_term_string"}}],"inLanguage":"fi"},{"@type":"Organization","@id":"https:\/\/dasa.se\/#organization","name":"Dasa: Korkean suorituskyvyn koneenohjausj\u00e4rjestelm\u00e4t","url":"https:\/\/dasa.se\/","logo":{"@type":"ImageObject","inLanguage":"fi","@id":"https:\/\/dasa.se\/#\/schema\/logo\/image\/","url":"https:\/\/dasa.se\/wp-content\/uploads\/2024\/10\/logo3.png","contentUrl":"https:\/\/dasa.se\/wp-content\/uploads\/2024\/10\/logo3.png","width":1000,"height":320,"caption":"Dasa: High-Performance Machine Control Systems"},"image":{"@id":"https:\/\/dasa.se\/#\/schema\/logo\/image\/"},"sameAs":["https:\/\/www.linkedin.com\/company\/dasa-control-systems\/"]}]}},"_links":{"self":[{"href":"https:\/\/dasa.se\/fi\/wp-json\/wp\/v2\/product\/1262","targetHints":{"allow":["GET"]}}],"collection":[{"href":"https:\/\/dasa.se\/fi\/wp-json\/wp\/v2\/product"}],"about":[{"href":"https:\/\/dasa.se\/fi\/wp-json\/wp\/v2\/types\/product"}],"wp:featuredmedia":[{"embeddable":true,"href":"https:\/\/dasa.se\/fi\/wp-json\/wp\/v2\/media\/1263"}],"wp:attachment":[{"href":"https:\/\/dasa.se\/fi\/wp-json\/wp\/v2\/media?parent=1262"}],"wp:term":[{"taxonomy":"product_brand","embeddable":true,"href":"https:\/\/dasa.se\/fi\/wp-json\/wp\/v2\/product_brand?post=1262"},{"taxonomy":"product_cat","embeddable":true,"href":"https:\/\/dasa.se\/fi\/wp-json\/wp\/v2\/product_cat?post=1262"},{"taxonomy":"product_tag","embeddable":true,"href":"https:\/\/dasa.se\/fi\/wp-json\/wp\/v2\/product_tag?post=1262"}],"curies":[{"name":"wp","href":"https:\/\/api.w.org\/{rel}","templated":true}]}}