{"id":1265,"date":"2024-11-25T12:45:00","date_gmt":"2024-11-25T12:45:00","guid":{"rendered":"https:\/\/eznpp.beeweb-orange.io\/?post_type=product&#038;p=1265"},"modified":"2026-03-31T11:30:28","modified_gmt":"2026-03-31T11:30:28","slug":"esx-4cl","status":"publish","type":"product","link":"https:\/\/dasa.se\/fi\/product\/esx-4cl\/","title":{"rendered":"ESX 4CL -ohjausyksikk\u00f6"},"content":{"rendered":"<p>ESX 4CL:ss\u00e4 on prosessori, jossa on kolme ydint\u00e4 (Infineon AurixTM). ESX 4CL:ss\u00e4 on nelj\u00e4 CAN-v\u00e4yl\u00e4liit\u00e4nt\u00e4\u00e4 ja kaksi hallittua Ethernet-kytkint\u00e4, joissa on kolme 100 Mbit\/s Ethernet-, yksi 1 Gbit\/s Ethernet- ja kaksi BroadR-Reach\u00ae-porttia, joten ESX 4CL:ll\u00e4 on erinomaiset mahdollisuudet verkottua muiden j\u00e4rjestelm\u00e4komponenttien kanssa. Sis\u00e4\u00e4nrakennetut Ethernet-kytkimet mahdollistavat suurten tietom\u00e4\u00e4rien vaihdon vaikuttamatta ohjausyksik\u00f6n prosessorin suorituskykyyn. 60 vapaasti konfiguroitavissa olevaa analogista ja digitaalista monitoimituloa takaavat monenlaisten signaalityyppien tehokkaan lukemisen ja k\u00e4sittelyn (mukaan lukien SENT-toiminto).<\/p>\n<p>K\u00e4ytt\u00e4j\u00e4 voi valita ohjelmoitavan ja kiinte\u00e4n sy\u00f6tt\u00f6j\u00e4nnitteen v\u00e4lill\u00e4 5-12 V kytkettyj\u00e4 antureita varten. Yhteens\u00e4 53 l\u00e4ht\u00f6\u00e4, low-side- ja high-side-ulostulot, tuottavat kokoonpanosta riippuen jopa 4 A per kanava. Liitettyjen komponenttien ja toimilaitteiden virransy\u00f6tt\u00f6 on eritt\u00e4in joustavaa, ja niit\u00e4 voidaan my\u00f6s valvoa. Toinen poiskytkent\u00e4polku kytkee ESX.4cl:n l\u00e4hd\u00f6t tarvittaessa turvallisesti ja luotettavasti pois p\u00e4\u00e4lt\u00e4. Turvallisuussovelluksissa t\u00e4m\u00e4 h\u00e4t\u00e4pys\u00e4ytysreitti on pakollinen.<\/p>\n<p>Kuten kaikissa ESX-ohjaimissa, j\u00e4rjestelm\u00e4n LED ja ohjelmoitava LED ilmaisevat ohjaimen tilan.<\/p>","protected":false},"excerpt":{"rendered":"<p>Kompakti ja tehokas elektroninen ohjausyksikk\u00f6 ESX 4CL on ohjausyksik\u00f6iden lippulaiva. Se tarjoaa kattavat toiminnot eritt\u00e4in kompaktissa ja kest\u00e4v\u00e4ss\u00e4 painevaletussa alumiinikotelossa.<\/p>","protected":false},"featured_media":1266,"template":"","meta":[],"product_brand":[],"product_cat":[56],"product_tag":[],"class_list":{"0":"post-1265","1":"product","2":"type-product","3":"status-publish","4":"has-post-thumbnail","6":"product_cat-controllers","8":"first","9":"instock","10":"shipping-taxable","11":"product-type-simple"},"yoast_head":"<!-- This site is optimized with the Yoast SEO plugin v26.7 - https:\/\/yoast.com\/wordpress\/plugins\/seo\/ -->\n<title>ESX 4CL Controller \u2013 High-Performance Forestry Control | Dasa<\/title>\n<meta name=\"description\" content=\"Get high-performance machine control with the ESX 4CL Controller. Designed for advanced forestry operations requiring power and reliability. Explore the features!\" \/>\n<meta name=\"robots\" content=\"index, follow, max-snippet:-1, max-image-preview:large, max-video-preview:-1\" \/>\n<link rel=\"canonical\" href=\"https:\/\/dasa.se\/fi\/product\/esx-4cl\/\" \/>\n<meta property=\"og:locale\" content=\"fi_FI\" \/>\n<meta property=\"og:type\" content=\"article\" \/>\n<meta property=\"og:title\" content=\"ESX 4CL Controller \u2013 High-Performance Forestry Control | Dasa\" \/>\n<meta property=\"og:description\" content=\"Get high-performance machine control with the ESX 4CL Controller. Designed for advanced forestry operations requiring power and reliability. Explore the features!\" \/>\n<meta property=\"og:url\" content=\"https:\/\/dasa.se\/fi\/product\/esx-4cl\/\" \/>\n<meta property=\"og:site_name\" content=\"Dasa: High-Performance Machine Control Systems\" \/>\n<meta property=\"article:modified_time\" content=\"2026-03-31T11:30:28+00:00\" \/>\n<meta property=\"og:image\" content=\"https:\/\/dasa.se\/wp-content\/uploads\/2024\/11\/ESX.4cl-scaled.jpg\" \/>\n\t<meta property=\"og:image:width\" content=\"2560\" \/>\n\t<meta property=\"og:image:height\" content=\"1707\" \/>\n\t<meta property=\"og:image:type\" content=\"image\/jpeg\" \/>\n<meta name=\"twitter:card\" content=\"summary_large_image\" \/>\n<meta name=\"twitter:label1\" content=\"Arvioitu lukuaika\" \/>\n\t<meta name=\"twitter:data1\" content=\"1 minuutti\" \/>\n<script type=\"application\/ld+json\" class=\"yoast-schema-graph\">{\"@context\":\"https:\/\/schema.org\",\"@graph\":[{\"@type\":[\"WebPage\",\"ItemPage\"],\"@id\":\"https:\/\/dasa.se\/product\/esx-4cl\/\",\"url\":\"https:\/\/dasa.se\/product\/esx-4cl\/\",\"name\":\"ESX 4CL Controller \u2013 High-Performance Forestry Control | Dasa\",\"isPartOf\":{\"@id\":\"https:\/\/dasa.se\/#website\"},\"primaryImageOfPage\":{\"@id\":\"https:\/\/dasa.se\/product\/esx-4cl\/#primaryimage\"},\"image\":{\"@id\":\"https:\/\/dasa.se\/product\/esx-4cl\/#primaryimage\"},\"thumbnailUrl\":\"https:\/\/dasa.se\/wp-content\/uploads\/2024\/11\/ESX.4cl-scaled.jpg\",\"datePublished\":\"2024-11-25T12:45:00+00:00\",\"dateModified\":\"2026-03-31T11:30:28+00:00\",\"description\":\"Get high-performance machine control with the ESX 4CL Controller. Designed for advanced forestry operations requiring power and reliability. Explore the features!\",\"breadcrumb\":{\"@id\":\"https:\/\/dasa.se\/product\/esx-4cl\/#breadcrumb\"},\"inLanguage\":\"fi\",\"potentialAction\":[{\"@type\":\"ReadAction\",\"target\":[\"https:\/\/dasa.se\/product\/esx-4cl\/\"]}]},{\"@type\":\"ImageObject\",\"inLanguage\":\"fi\",\"@id\":\"https:\/\/dasa.se\/product\/esx-4cl\/#primaryimage\",\"url\":\"https:\/\/dasa.se\/wp-content\/uploads\/2024\/11\/ESX.4cl-scaled.jpg\",\"contentUrl\":\"https:\/\/dasa.se\/wp-content\/uploads\/2024\/11\/ESX.4cl-scaled.jpg\",\"width\":2560,\"height\":1707,\"caption\":\"Close-up of a rectangular silver automotive electronic control unit with cooling fins and three black multi-pin connector sockets, published on www.dasa.se.\"},{\"@type\":\"BreadcrumbList\",\"@id\":\"https:\/\/dasa.se\/product\/esx-4cl\/#breadcrumb\",\"itemListElement\":[{\"@type\":\"ListItem\",\"position\":1,\"name\":\"Home\",\"item\":\"https:\/\/dasa.se\/\"},{\"@type\":\"ListItem\",\"position\":2,\"name\":\"do not remove!\",\"item\":\"https:\/\/dasa.se\/?page_id=876\"},{\"@type\":\"ListItem\",\"position\":3,\"name\":\"ESX 4CL Control Unit\"}]},{\"@type\":\"WebSite\",\"@id\":\"https:\/\/dasa.se\/#website\",\"url\":\"https:\/\/dasa.se\/\",\"name\":\"Dasa: High-Performance Machine Control Systems\",\"description\":\"\",\"publisher\":{\"@id\":\"https:\/\/dasa.se\/#organization\"},\"potentialAction\":[{\"@type\":\"SearchAction\",\"target\":{\"@type\":\"EntryPoint\",\"urlTemplate\":\"https:\/\/dasa.se\/?s={search_term_string}\"},\"query-input\":{\"@type\":\"PropertyValueSpecification\",\"valueRequired\":true,\"valueName\":\"search_term_string\"}}],\"inLanguage\":\"fi\"},{\"@type\":\"Organization\",\"@id\":\"https:\/\/dasa.se\/#organization\",\"name\":\"Dasa: High-Performance Machine Control Systems\",\"url\":\"https:\/\/dasa.se\/\",\"logo\":{\"@type\":\"ImageObject\",\"inLanguage\":\"fi\",\"@id\":\"https:\/\/dasa.se\/#\/schema\/logo\/image\/\",\"url\":\"https:\/\/dasa.se\/wp-content\/uploads\/2024\/10\/logo3.png\",\"contentUrl\":\"https:\/\/dasa.se\/wp-content\/uploads\/2024\/10\/logo3.png\",\"width\":1000,\"height\":320,\"caption\":\"Dasa: High-Performance Machine Control Systems\"},\"image\":{\"@id\":\"https:\/\/dasa.se\/#\/schema\/logo\/image\/\"},\"sameAs\":[\"https:\/\/www.linkedin.com\/company\/dasa-control-systems\/\"]}]}<\/script>\n<!-- \/ Yoast SEO plugin. -->","yoast_head_json":{"title":"ESX 4CL Controller - Tehokas mets\u00e4talouden ohjaus | Dasa","description":"Hanki tehokas koneohjaus ESX 4CL -ohjaimella. Suunniteltu edistyneisiin mets\u00e4talousk\u00e4ytt\u00f6kohteisiin, jotka vaativat tehoa ja luotettavuutta. Tutustu ominaisuuksiin!","robots":{"index":"index","follow":"follow","max-snippet":"max-snippet:-1","max-image-preview":"max-image-preview:large","max-video-preview":"max-video-preview:-1"},"canonical":"https:\/\/dasa.se\/fi\/product\/esx-4cl\/","og_locale":"fi_FI","og_type":"article","og_title":"ESX 4CL Controller \u2013 High-Performance Forestry Control | Dasa","og_description":"Get high-performance machine control with the ESX 4CL Controller. Designed for advanced forestry operations requiring power and reliability. Explore the features!","og_url":"https:\/\/dasa.se\/fi\/product\/esx-4cl\/","og_site_name":"Dasa: High-Performance Machine Control Systems","article_modified_time":"2026-03-31T11:30:28+00:00","og_image":[{"width":2560,"height":1707,"url":"https:\/\/dasa.se\/wp-content\/uploads\/2024\/11\/ESX.4cl-scaled.jpg","type":"image\/jpeg"}],"twitter_card":"summary_large_image","twitter_misc":{"Arvioitu lukuaika":"1 minuutti"},"schema":{"@context":"https:\/\/schema.org","@graph":[{"@type":["WebPage","ItemPage"],"@id":"https:\/\/dasa.se\/product\/esx-4cl\/","url":"https:\/\/dasa.se\/product\/esx-4cl\/","name":"ESX 4CL Controller - Tehokas mets\u00e4talouden ohjaus | Dasa","isPartOf":{"@id":"https:\/\/dasa.se\/#website"},"primaryImageOfPage":{"@id":"https:\/\/dasa.se\/product\/esx-4cl\/#primaryimage"},"image":{"@id":"https:\/\/dasa.se\/product\/esx-4cl\/#primaryimage"},"thumbnailUrl":"https:\/\/dasa.se\/wp-content\/uploads\/2024\/11\/ESX.4cl-scaled.jpg","datePublished":"2024-11-25T12:45:00+00:00","dateModified":"2026-03-31T11:30:28+00:00","description":"Hanki tehokas koneohjaus ESX 4CL -ohjaimella. Suunniteltu edistyneisiin mets\u00e4talousk\u00e4ytt\u00f6kohteisiin, jotka vaativat tehoa ja luotettavuutta. Tutustu ominaisuuksiin!","breadcrumb":{"@id":"https:\/\/dasa.se\/product\/esx-4cl\/#breadcrumb"},"inLanguage":"fi","potentialAction":[{"@type":"ReadAction","target":["https:\/\/dasa.se\/product\/esx-4cl\/"]}]},{"@type":"ImageObject","inLanguage":"fi","@id":"https:\/\/dasa.se\/product\/esx-4cl\/#primaryimage","url":"https:\/\/dasa.se\/wp-content\/uploads\/2024\/11\/ESX.4cl-scaled.jpg","contentUrl":"https:\/\/dasa.se\/wp-content\/uploads\/2024\/11\/ESX.4cl-scaled.jpg","width":2560,"height":1707,"caption":"Close-up of a rectangular silver automotive electronic control unit with cooling fins and three black multi-pin connector sockets, published on www.dasa.se."},{"@type":"BreadcrumbList","@id":"https:\/\/dasa.se\/product\/esx-4cl\/#breadcrumb","itemListElement":[{"@type":"ListItem","position":1,"name":"Home","item":"https:\/\/dasa.se\/"},{"@type":"ListItem","position":2,"name":"do not remove!","item":"https:\/\/dasa.se\/?page_id=876"},{"@type":"ListItem","position":3,"name":"ESX 4CL Control Unit"}]},{"@type":"WebSite","@id":"https:\/\/dasa.se\/#website","url":"https:\/\/dasa.se\/","name":"Dasa: Korkean suorituskyvyn koneenohjausj\u00e4rjestelm\u00e4t","description":"","publisher":{"@id":"https:\/\/dasa.se\/#organization"},"potentialAction":[{"@type":"SearchAction","target":{"@type":"EntryPoint","urlTemplate":"https:\/\/dasa.se\/?s={search_term_string}"},"query-input":{"@type":"PropertyValueSpecification","valueRequired":true,"valueName":"search_term_string"}}],"inLanguage":"fi"},{"@type":"Organization","@id":"https:\/\/dasa.se\/#organization","name":"Dasa: Korkean suorituskyvyn koneenohjausj\u00e4rjestelm\u00e4t","url":"https:\/\/dasa.se\/","logo":{"@type":"ImageObject","inLanguage":"fi","@id":"https:\/\/dasa.se\/#\/schema\/logo\/image\/","url":"https:\/\/dasa.se\/wp-content\/uploads\/2024\/10\/logo3.png","contentUrl":"https:\/\/dasa.se\/wp-content\/uploads\/2024\/10\/logo3.png","width":1000,"height":320,"caption":"Dasa: High-Performance Machine Control Systems"},"image":{"@id":"https:\/\/dasa.se\/#\/schema\/logo\/image\/"},"sameAs":["https:\/\/www.linkedin.com\/company\/dasa-control-systems\/"]}]}},"_links":{"self":[{"href":"https:\/\/dasa.se\/fi\/wp-json\/wp\/v2\/product\/1265","targetHints":{"allow":["GET"]}}],"collection":[{"href":"https:\/\/dasa.se\/fi\/wp-json\/wp\/v2\/product"}],"about":[{"href":"https:\/\/dasa.se\/fi\/wp-json\/wp\/v2\/types\/product"}],"wp:featuredmedia":[{"embeddable":true,"href":"https:\/\/dasa.se\/fi\/wp-json\/wp\/v2\/media\/1266"}],"wp:attachment":[{"href":"https:\/\/dasa.se\/fi\/wp-json\/wp\/v2\/media?parent=1265"}],"wp:term":[{"taxonomy":"product_brand","embeddable":true,"href":"https:\/\/dasa.se\/fi\/wp-json\/wp\/v2\/product_brand?post=1265"},{"taxonomy":"product_cat","embeddable":true,"href":"https:\/\/dasa.se\/fi\/wp-json\/wp\/v2\/product_cat?post=1265"},{"taxonomy":"product_tag","embeddable":true,"href":"https:\/\/dasa.se\/fi\/wp-json\/wp\/v2\/product_tag?post=1265"}],"curies":[{"name":"wp","href":"https:\/\/api.w.org\/{rel}","templated":true}]}}