{"id":1292,"date":"2024-11-26T11:16:13","date_gmt":"2024-11-26T11:16:13","guid":{"rendered":"https:\/\/eznpp.beeweb-orange.io\/?post_type=product&#038;p=1292"},"modified":"2025-11-24T14:50:06","modified_gmt":"2025-11-24T14:50:06","slug":"esx-iot","status":"publish","type":"product","link":"https:\/\/dasa.se\/fi\/product\/esx-iot\/","title":{"rendered":"ESX IOT I\/O-yksikk\u00f6"},"content":{"rendered":"<div class=\"col-lg-6 product-single__left\">\n<div class=\"product-single__bodytext2\">\n<p>ESX IOT toimii CAN-orjamoduulina ja laajentaa keskusyksik\u00f6n I\/O-ominaisuuksia. Antureiden tai toimilaitteiden l\u00e4heisyyteen sijoitettuna I\/O-yksikk\u00f6 auttaa v\u00e4hent\u00e4m\u00e4\u00e4n asennusty\u00f6t\u00e4 sek\u00e4 j\u00e4rjestelm\u00e4n kustannuksia ja painoa. Se t\u00e4ytt\u00e4\u00e4 turvallisuusvaatimukset (PL b) ja sopii t\u00e4ydellisesti maatalous-, mets\u00e4-, rakennus-, kaivos- tai kunnallistekniikan maastokoneisiin. Integrointi STW:n openSYDE-ohjelmistoty\u00f6kaluun takaa intuitiivisen j\u00e4rjestelm\u00e4suunnittelun.<\/p>\n<\/div>\n<\/div>","protected":false},"excerpt":{"rendered":"<p>Edullinen ESX IOT on saatavana nelj\u00e4n\u00e4 ennalta m\u00e4\u00e4riteltyn\u00e4 vaihtoehtona, joista kukin mahdollistaa sy\u00f6tteiden konfiguroinnin ohjelmallisesti. Yhdess\u00e4 vaihtoehdossa on Bluetooth LE v5.1 ja sis\u00e4inen antenni, joka mahdollistaa yhteyden koneeseen ilman fyysist\u00e4 liitint\u00e4.<\/p>","protected":false},"featured_media":1295,"template":"","meta":[],"product_brand":[],"product_cat":[52],"product_tag":[],"class_list":{"0":"post-1292","1":"product","2":"type-product","3":"status-publish","4":"has-post-thumbnail","6":"product_cat-i-o-units","8":"first","9":"instock","10":"shipping-taxable","11":"product-type-simple"},"yoast_head":"<!-- This site is optimized with the Yoast SEO plugin v26.7 - https:\/\/yoast.com\/wordpress\/plugins\/seo\/ -->\n<title>ESX IOT I\/O-unit \u2013 Cost-Optimised Forestry Expansion Module<\/title>\n<meta name=\"robots\" content=\"index, follow, max-snippet:-1, max-image-preview:large, max-video-preview:-1\" \/>\n<link rel=\"canonical\" href=\"https:\/\/dasa.se\/fi\/product\/esx-iot\/\" \/>\n<meta property=\"og:locale\" content=\"fi_FI\" \/>\n<meta property=\"og:type\" content=\"article\" \/>\n<meta property=\"og:title\" content=\"ESX IOT I\/O-unit \u2013 Cost-Optimised Forestry Expansion Module\" \/>\n<meta property=\"og:description\" content=\"The cost optimized ESX IOT is available in four predefined variants with each variant allowing configuration of inputs by software. One of the variants comes with Bluetooth LE v5.1 and internal antenna enabling access to machine without a physical connector.\" \/>\n<meta property=\"og:url\" content=\"https:\/\/dasa.se\/fi\/product\/esx-iot\/\" \/>\n<meta property=\"og:site_name\" content=\"Dasa: High-Performance Machine Control Systems\" \/>\n<meta property=\"article:modified_time\" content=\"2025-11-24T14:50:06+00:00\" \/>\n<meta property=\"og:image\" content=\"https:\/\/dasa.se\/wp-content\/uploads\/2024\/11\/ESX_IOT.jpg\" \/>\n\t<meta property=\"og:image:width\" content=\"445\" \/>\n\t<meta property=\"og:image:height\" content=\"310\" \/>\n\t<meta property=\"og:image:type\" content=\"image\/jpeg\" \/>\n<meta name=\"twitter:card\" content=\"summary_large_image\" \/>\n<meta name=\"twitter:label1\" content=\"Arvioitu lukuaika\" \/>\n\t<meta name=\"twitter:data1\" content=\"1 minuutti\" \/>\n<script type=\"application\/ld+json\" class=\"yoast-schema-graph\">{\"@context\":\"https:\/\/schema.org\",\"@graph\":[{\"@type\":[\"WebPage\",\"ItemPage\"],\"@id\":\"https:\/\/dasa.se\/product\/esx-iot\/\",\"url\":\"https:\/\/dasa.se\/product\/esx-iot\/\",\"name\":\"ESX IOT I\/O-unit \u2013 Cost-Optimised Forestry Expansion Module\",\"isPartOf\":{\"@id\":\"https:\/\/dasa.se\/#website\"},\"primaryImageOfPage\":{\"@id\":\"https:\/\/dasa.se\/product\/esx-iot\/#primaryimage\"},\"image\":{\"@id\":\"https:\/\/dasa.se\/product\/esx-iot\/#primaryimage\"},\"thumbnailUrl\":\"https:\/\/dasa.se\/wp-content\/uploads\/2024\/11\/ESX_IOT.jpg\",\"datePublished\":\"2024-11-26T11:16:13+00:00\",\"dateModified\":\"2025-11-24T14:50:06+00:00\",\"breadcrumb\":{\"@id\":\"https:\/\/dasa.se\/product\/esx-iot\/#breadcrumb\"},\"inLanguage\":\"fi\",\"potentialAction\":[{\"@type\":\"ReadAction\",\"target\":[\"https:\/\/dasa.se\/product\/esx-iot\/\"]}]},{\"@type\":\"ImageObject\",\"inLanguage\":\"fi\",\"@id\":\"https:\/\/dasa.se\/product\/esx-iot\/#primaryimage\",\"url\":\"https:\/\/dasa.se\/wp-content\/uploads\/2024\/11\/ESX_IOT.jpg\",\"contentUrl\":\"https:\/\/dasa.se\/wp-content\/uploads\/2024\/11\/ESX_IOT.jpg\",\"width\":445,\"height\":310,\"caption\":\"Black rectangular automotive electronic control module with a multi-pin connector resting on a light gray background; published on www.dasa.se.\"},{\"@type\":\"BreadcrumbList\",\"@id\":\"https:\/\/dasa.se\/product\/esx-iot\/#breadcrumb\",\"itemListElement\":[{\"@type\":\"ListItem\",\"position\":1,\"name\":\"Home\",\"item\":\"https:\/\/dasa.se\/\"},{\"@type\":\"ListItem\",\"position\":2,\"name\":\"do not remove!\",\"item\":\"https:\/\/dasa.se\/?page_id=876\"},{\"@type\":\"ListItem\",\"position\":3,\"name\":\"ESX IOT I\/O-unit\"}]},{\"@type\":\"WebSite\",\"@id\":\"https:\/\/dasa.se\/#website\",\"url\":\"https:\/\/dasa.se\/\",\"name\":\"Dasa: High-Performance Machine Control Systems\",\"description\":\"\",\"publisher\":{\"@id\":\"https:\/\/dasa.se\/#organization\"},\"potentialAction\":[{\"@type\":\"SearchAction\",\"target\":{\"@type\":\"EntryPoint\",\"urlTemplate\":\"https:\/\/dasa.se\/?s={search_term_string}\"},\"query-input\":{\"@type\":\"PropertyValueSpecification\",\"valueRequired\":true,\"valueName\":\"search_term_string\"}}],\"inLanguage\":\"fi\"},{\"@type\":\"Organization\",\"@id\":\"https:\/\/dasa.se\/#organization\",\"name\":\"Dasa: High-Performance Machine Control Systems\",\"url\":\"https:\/\/dasa.se\/\",\"logo\":{\"@type\":\"ImageObject\",\"inLanguage\":\"fi\",\"@id\":\"https:\/\/dasa.se\/#\/schema\/logo\/image\/\",\"url\":\"https:\/\/dasa.se\/wp-content\/uploads\/2024\/10\/logo3.png\",\"contentUrl\":\"https:\/\/dasa.se\/wp-content\/uploads\/2024\/10\/logo3.png\",\"width\":1000,\"height\":320,\"caption\":\"Dasa: High-Performance Machine Control Systems\"},\"image\":{\"@id\":\"https:\/\/dasa.se\/#\/schema\/logo\/image\/\"},\"sameAs\":[\"https:\/\/www.linkedin.com\/company\/dasa-control-systems\/\"]}]}<\/script>\n<!-- \/ Yoast SEO plugin. -->","yoast_head_json":{"title":"ESX IOT I\/O-yksikk\u00f6 - kustannusoptimoitu mets\u00e4talouden laajennusmoduuli","robots":{"index":"index","follow":"follow","max-snippet":"max-snippet:-1","max-image-preview":"max-image-preview:large","max-video-preview":"max-video-preview:-1"},"canonical":"https:\/\/dasa.se\/fi\/product\/esx-iot\/","og_locale":"fi_FI","og_type":"article","og_title":"ESX IOT I\/O-unit \u2013 Cost-Optimised Forestry Expansion Module","og_description":"The cost optimized ESX IOT is available in four predefined variants with each variant allowing configuration of inputs by software. One of the variants comes with Bluetooth LE v5.1 and internal antenna enabling access to machine without a physical connector.","og_url":"https:\/\/dasa.se\/fi\/product\/esx-iot\/","og_site_name":"Dasa: High-Performance Machine Control Systems","article_modified_time":"2025-11-24T14:50:06+00:00","og_image":[{"width":445,"height":310,"url":"https:\/\/dasa.se\/wp-content\/uploads\/2024\/11\/ESX_IOT.jpg","type":"image\/jpeg"}],"twitter_card":"summary_large_image","twitter_misc":{"Arvioitu lukuaika":"1 minuutti"},"schema":{"@context":"https:\/\/schema.org","@graph":[{"@type":["WebPage","ItemPage"],"@id":"https:\/\/dasa.se\/product\/esx-iot\/","url":"https:\/\/dasa.se\/product\/esx-iot\/","name":"ESX IOT I\/O-yksikk\u00f6 - kustannusoptimoitu mets\u00e4talouden laajennusmoduuli","isPartOf":{"@id":"https:\/\/dasa.se\/#website"},"primaryImageOfPage":{"@id":"https:\/\/dasa.se\/product\/esx-iot\/#primaryimage"},"image":{"@id":"https:\/\/dasa.se\/product\/esx-iot\/#primaryimage"},"thumbnailUrl":"https:\/\/dasa.se\/wp-content\/uploads\/2024\/11\/ESX_IOT.jpg","datePublished":"2024-11-26T11:16:13+00:00","dateModified":"2025-11-24T14:50:06+00:00","breadcrumb":{"@id":"https:\/\/dasa.se\/product\/esx-iot\/#breadcrumb"},"inLanguage":"fi","potentialAction":[{"@type":"ReadAction","target":["https:\/\/dasa.se\/product\/esx-iot\/"]}]},{"@type":"ImageObject","inLanguage":"fi","@id":"https:\/\/dasa.se\/product\/esx-iot\/#primaryimage","url":"https:\/\/dasa.se\/wp-content\/uploads\/2024\/11\/ESX_IOT.jpg","contentUrl":"https:\/\/dasa.se\/wp-content\/uploads\/2024\/11\/ESX_IOT.jpg","width":445,"height":310,"caption":"Black rectangular automotive electronic control module with a multi-pin connector resting on a light gray background; published on www.dasa.se."},{"@type":"BreadcrumbList","@id":"https:\/\/dasa.se\/product\/esx-iot\/#breadcrumb","itemListElement":[{"@type":"ListItem","position":1,"name":"Home","item":"https:\/\/dasa.se\/"},{"@type":"ListItem","position":2,"name":"do not remove!","item":"https:\/\/dasa.se\/?page_id=876"},{"@type":"ListItem","position":3,"name":"ESX IOT I\/O-unit"}]},{"@type":"WebSite","@id":"https:\/\/dasa.se\/#website","url":"https:\/\/dasa.se\/","name":"Dasa: Korkean suorituskyvyn koneenohjausj\u00e4rjestelm\u00e4t","description":"","publisher":{"@id":"https:\/\/dasa.se\/#organization"},"potentialAction":[{"@type":"SearchAction","target":{"@type":"EntryPoint","urlTemplate":"https:\/\/dasa.se\/?s={search_term_string}"},"query-input":{"@type":"PropertyValueSpecification","valueRequired":true,"valueName":"search_term_string"}}],"inLanguage":"fi"},{"@type":"Organization","@id":"https:\/\/dasa.se\/#organization","name":"Dasa: Korkean suorituskyvyn koneenohjausj\u00e4rjestelm\u00e4t","url":"https:\/\/dasa.se\/","logo":{"@type":"ImageObject","inLanguage":"fi","@id":"https:\/\/dasa.se\/#\/schema\/logo\/image\/","url":"https:\/\/dasa.se\/wp-content\/uploads\/2024\/10\/logo3.png","contentUrl":"https:\/\/dasa.se\/wp-content\/uploads\/2024\/10\/logo3.png","width":1000,"height":320,"caption":"Dasa: High-Performance Machine Control Systems"},"image":{"@id":"https:\/\/dasa.se\/#\/schema\/logo\/image\/"},"sameAs":["https:\/\/www.linkedin.com\/company\/dasa-control-systems\/"]}]}},"_links":{"self":[{"href":"https:\/\/dasa.se\/fi\/wp-json\/wp\/v2\/product\/1292","targetHints":{"allow":["GET"]}}],"collection":[{"href":"https:\/\/dasa.se\/fi\/wp-json\/wp\/v2\/product"}],"about":[{"href":"https:\/\/dasa.se\/fi\/wp-json\/wp\/v2\/types\/product"}],"wp:featuredmedia":[{"embeddable":true,"href":"https:\/\/dasa.se\/fi\/wp-json\/wp\/v2\/media\/1295"}],"wp:attachment":[{"href":"https:\/\/dasa.se\/fi\/wp-json\/wp\/v2\/media?parent=1292"}],"wp:term":[{"taxonomy":"product_brand","embeddable":true,"href":"https:\/\/dasa.se\/fi\/wp-json\/wp\/v2\/product_brand?post=1292"},{"taxonomy":"product_cat","embeddable":true,"href":"https:\/\/dasa.se\/fi\/wp-json\/wp\/v2\/product_cat?post=1292"},{"taxonomy":"product_tag","embeddable":true,"href":"https:\/\/dasa.se\/fi\/wp-json\/wp\/v2\/product_tag?post=1292"}],"curies":[{"name":"wp","href":"https:\/\/api.w.org\/{rel}","templated":true}]}}