{"id":1308,"date":"2024-11-26T12:08:37","date_gmt":"2024-11-26T12:08:37","guid":{"rendered":"https:\/\/eznpp.beeweb-orange.io\/?post_type=product&#038;p=1308"},"modified":"2026-03-31T11:25:22","modified_gmt":"2026-03-31T11:25:22","slug":"m01-pressure-sensor","status":"publish","type":"product","link":"https:\/\/dasa.se\/fi\/product\/m01-pressure-sensor\/","title":{"rendered":"M01 Paineanturi"},"content":{"rendered":"<p>M01-anturi on UL-sertifioitu, ja sill\u00e4 on ECE-tyyppihyv\u00e4ksynt\u00e4, joka osoittaa sen soveltuvuuden ajoneuvoissa k\u00e4ytett\u00e4v\u00e4ksi.<\/p>\n<p>M01-sarjan mekaaniset ja elektroniset ominaisuudet on suunniteltu erityisesti ep\u00e4suotuisissa ymp\u00e4rist\u00f6olosuhteissa k\u00e4ytett\u00e4viin sovelluksiin; samalla tavoin on kiinnitetty huomiota aggressiivisten v\u00e4liaineiden kest\u00e4vyyteen.<\/p>\n<p>Matalilla painealueilla, jotka ovat alle 7 bar, k\u00e4ytet\u00e4\u00e4n tavallisesti piimittareita. Niit\u00e4 voidaan k\u00e4ytt\u00e4\u00e4 v\u00e4liaineen l\u00e4mp\u00f6tiloissa -40 \u00b0C:sta +85 \u00b0C:een.  Painealueilla 2000 baariin asti k\u00e4ytet\u00e4\u00e4n hitsattuja ruostumattomasta ter\u00e4ksest\u00e4 valmistettuja 1.4542-mittauskennoja, jotka soveltuvat v\u00e4liaineen l\u00e4mp\u00f6tiloihin -40 \u00b0C:sta +150 \u00b0C:een. Mittauskennon tyypist\u00e4 ja v\u00e4liaineen kanssa kosketuksiin joutuvasta materiaalista riippuen M01-paineanturit kest\u00e4v\u00e4t aggressiivisia tai ei-aggressiivisia kaasuja ja nesteit\u00e4. Pyynn\u00f6st\u00e4 on saatavana my\u00f6s 316L-rakenteisia versioita esimerkiksi vedyn, CNG:n ja nestekaasun kanssa k\u00e4ytett\u00e4v\u00e4ksi.<\/p>\n<p>M01-sarja tukee suorituskykytasoa PL b ISO 13849:n mukaisesti ja soveltuu siten koneturvallisuussovelluksiin.<\/p>","protected":false},"excerpt":{"rendered":"<p>M01 on kehitetty erityisesti hy\u00f6tyajoneuvojen ja liikkuvien ty\u00f6koneiden k\u00e4ytt\u00f6\u00f6n. Ruostumattomasta ter\u00e4ksest\u00e4 valmistettu ohutkalvomittauskenno, joka on hitsattu yhteen paineanturin kanssa ja takaa siten hyv\u00e4n yhteensopivuuden v\u00e4liaineiden kanssa.<\/p>","protected":false},"featured_media":1311,"template":"","meta":[],"product_brand":[],"product_cat":[66],"product_tag":[],"class_list":{"0":"post-1308","1":"product","2":"type-product","3":"status-publish","4":"has-post-thumbnail","6":"product_cat-pressure-sensors","8":"first","9":"instock","10":"shipping-taxable","11":"product-type-simple"},"yoast_head":"<!-- This site is optimized with the Yoast SEO plugin v26.7 - https:\/\/yoast.com\/wordpress\/plugins\/seo\/ -->\n<title>M01 Pressure Sensor \u2013 For Mobile &amp; Commercial Forestry Units<\/title>\n<meta name=\"description\" content=\"Ensure precision with the M01 Pressure Sensor, built for mobile and commercial forestry units. Reliable performance in the toughest conditions. Explore it here!\" \/>\n<meta name=\"robots\" content=\"index, follow, max-snippet:-1, max-image-preview:large, max-video-preview:-1\" \/>\n<link rel=\"canonical\" href=\"https:\/\/dasa.se\/fi\/product\/m01-pressure-sensor\/\" \/>\n<meta property=\"og:locale\" content=\"fi_FI\" \/>\n<meta property=\"og:type\" content=\"article\" \/>\n<meta property=\"og:title\" content=\"M01 Pressure Sensor \u2013 For Mobile &amp; Commercial Forestry Units\" \/>\n<meta property=\"og:description\" content=\"Ensure precision with the M01 Pressure Sensor, built for mobile and commercial forestry units. Reliable performance in the toughest conditions. Explore it here!\" \/>\n<meta property=\"og:url\" content=\"https:\/\/dasa.se\/fi\/product\/m01-pressure-sensor\/\" \/>\n<meta property=\"og:site_name\" content=\"Dasa: High-Performance Machine Control Systems\" \/>\n<meta property=\"article:modified_time\" content=\"2026-03-31T11:25:22+00:00\" \/>\n<meta property=\"og:image\" content=\"https:\/\/dasa.se\/wp-content\/uploads\/2024\/11\/M01_STW.jpg\" \/>\n\t<meta property=\"og:image:width\" content=\"460\" \/>\n\t<meta property=\"og:image:height\" content=\"435\" \/>\n\t<meta property=\"og:image:type\" content=\"image\/jpeg\" \/>\n<meta name=\"twitter:card\" content=\"summary_large_image\" \/>\n<meta name=\"twitter:label1\" content=\"Arvioitu lukuaika\" \/>\n\t<meta name=\"twitter:data1\" content=\"1 minuutti\" \/>\n<script type=\"application\/ld+json\" class=\"yoast-schema-graph\">{\"@context\":\"https:\/\/schema.org\",\"@graph\":[{\"@type\":[\"WebPage\",\"ItemPage\"],\"@id\":\"https:\/\/dasa.se\/product\/m01-pressure-sensor\/\",\"url\":\"https:\/\/dasa.se\/product\/m01-pressure-sensor\/\",\"name\":\"M01 Pressure Sensor \u2013 For Mobile & Commercial Forestry Units\",\"isPartOf\":{\"@id\":\"https:\/\/dasa.se\/#website\"},\"primaryImageOfPage\":{\"@id\":\"https:\/\/dasa.se\/product\/m01-pressure-sensor\/#primaryimage\"},\"image\":{\"@id\":\"https:\/\/dasa.se\/product\/m01-pressure-sensor\/#primaryimage\"},\"thumbnailUrl\":\"https:\/\/dasa.se\/wp-content\/uploads\/2024\/11\/M01_STW.jpg\",\"datePublished\":\"2024-11-26T12:08:37+00:00\",\"dateModified\":\"2026-03-31T11:25:22+00:00\",\"description\":\"Ensure precision with the M01 Pressure Sensor, built for mobile and commercial forestry units. Reliable performance in the toughest conditions. Explore it here!\",\"breadcrumb\":{\"@id\":\"https:\/\/dasa.se\/product\/m01-pressure-sensor\/#breadcrumb\"},\"inLanguage\":\"fi\",\"potentialAction\":[{\"@type\":\"ReadAction\",\"target\":[\"https:\/\/dasa.se\/product\/m01-pressure-sensor\/\"]}]},{\"@type\":\"ImageObject\",\"inLanguage\":\"fi\",\"@id\":\"https:\/\/dasa.se\/product\/m01-pressure-sensor\/#primaryimage\",\"url\":\"https:\/\/dasa.se\/wp-content\/uploads\/2024\/11\/M01_STW.jpg\",\"contentUrl\":\"https:\/\/dasa.se\/wp-content\/uploads\/2024\/11\/M01_STW.jpg\",\"width\":460,\"height\":435,\"caption\":\"Metal cylindrical pressure sensor with a threaded male fitting and red plastic electrical connector, published on www.dasa.se.\"},{\"@type\":\"BreadcrumbList\",\"@id\":\"https:\/\/dasa.se\/product\/m01-pressure-sensor\/#breadcrumb\",\"itemListElement\":[{\"@type\":\"ListItem\",\"position\":1,\"name\":\"Home\",\"item\":\"https:\/\/dasa.se\/\"},{\"@type\":\"ListItem\",\"position\":2,\"name\":\"do not remove!\",\"item\":\"https:\/\/dasa.se\/?page_id=876\"},{\"@type\":\"ListItem\",\"position\":3,\"name\":\"M01 Pressure Sensor\"}]},{\"@type\":\"WebSite\",\"@id\":\"https:\/\/dasa.se\/#website\",\"url\":\"https:\/\/dasa.se\/\",\"name\":\"Dasa: High-Performance Machine Control Systems\",\"description\":\"\",\"publisher\":{\"@id\":\"https:\/\/dasa.se\/#organization\"},\"potentialAction\":[{\"@type\":\"SearchAction\",\"target\":{\"@type\":\"EntryPoint\",\"urlTemplate\":\"https:\/\/dasa.se\/?s={search_term_string}\"},\"query-input\":{\"@type\":\"PropertyValueSpecification\",\"valueRequired\":true,\"valueName\":\"search_term_string\"}}],\"inLanguage\":\"fi\"},{\"@type\":\"Organization\",\"@id\":\"https:\/\/dasa.se\/#organization\",\"name\":\"Dasa: High-Performance Machine Control Systems\",\"url\":\"https:\/\/dasa.se\/\",\"logo\":{\"@type\":\"ImageObject\",\"inLanguage\":\"fi\",\"@id\":\"https:\/\/dasa.se\/#\/schema\/logo\/image\/\",\"url\":\"https:\/\/dasa.se\/wp-content\/uploads\/2024\/10\/logo3.png\",\"contentUrl\":\"https:\/\/dasa.se\/wp-content\/uploads\/2024\/10\/logo3.png\",\"width\":1000,\"height\":320,\"caption\":\"Dasa: High-Performance Machine Control Systems\"},\"image\":{\"@id\":\"https:\/\/dasa.se\/#\/schema\/logo\/image\/\"},\"sameAs\":[\"https:\/\/www.linkedin.com\/company\/dasa-control-systems\/\"]}]}<\/script>\n<!-- \/ Yoast SEO plugin. -->","yoast_head_json":{"title":"M01 Paineanturi - Liikkuviin ja kaupallisiin mets\u00e4yksik\u00f6ihin","description":"Varmista tarkkuus M01-paineanturilla, joka on suunniteltu mobiiliin ja kaupalliseen mets\u00e4koneisiin. Luotettava suorituskyky vaativimmissa olosuhteissa. Tutustu siihen t\u00e4\u00e4ll\u00e4!","robots":{"index":"index","follow":"follow","max-snippet":"max-snippet:-1","max-image-preview":"max-image-preview:large","max-video-preview":"max-video-preview:-1"},"canonical":"https:\/\/dasa.se\/fi\/product\/m01-pressure-sensor\/","og_locale":"fi_FI","og_type":"article","og_title":"M01 Pressure Sensor \u2013 For Mobile & Commercial Forestry Units","og_description":"Ensure precision with the M01 Pressure Sensor, built for mobile and commercial forestry units. Reliable performance in the toughest conditions. Explore it here!","og_url":"https:\/\/dasa.se\/fi\/product\/m01-pressure-sensor\/","og_site_name":"Dasa: High-Performance Machine Control Systems","article_modified_time":"2026-03-31T11:25:22+00:00","og_image":[{"width":460,"height":435,"url":"https:\/\/dasa.se\/wp-content\/uploads\/2024\/11\/M01_STW.jpg","type":"image\/jpeg"}],"twitter_card":"summary_large_image","twitter_misc":{"Arvioitu lukuaika":"1 minuutti"},"schema":{"@context":"https:\/\/schema.org","@graph":[{"@type":["WebPage","ItemPage"],"@id":"https:\/\/dasa.se\/product\/m01-pressure-sensor\/","url":"https:\/\/dasa.se\/product\/m01-pressure-sensor\/","name":"M01 Paineanturi - Liikkuviin ja kaupallisiin mets\u00e4yksik\u00f6ihin","isPartOf":{"@id":"https:\/\/dasa.se\/#website"},"primaryImageOfPage":{"@id":"https:\/\/dasa.se\/product\/m01-pressure-sensor\/#primaryimage"},"image":{"@id":"https:\/\/dasa.se\/product\/m01-pressure-sensor\/#primaryimage"},"thumbnailUrl":"https:\/\/dasa.se\/wp-content\/uploads\/2024\/11\/M01_STW.jpg","datePublished":"2024-11-26T12:08:37+00:00","dateModified":"2026-03-31T11:25:22+00:00","description":"Varmista tarkkuus M01-paineanturilla, joka on suunniteltu mobiiliin ja kaupalliseen mets\u00e4koneisiin. Luotettava suorituskyky vaativimmissa olosuhteissa. Tutustu siihen t\u00e4\u00e4ll\u00e4!","breadcrumb":{"@id":"https:\/\/dasa.se\/product\/m01-pressure-sensor\/#breadcrumb"},"inLanguage":"fi","potentialAction":[{"@type":"ReadAction","target":["https:\/\/dasa.se\/product\/m01-pressure-sensor\/"]}]},{"@type":"ImageObject","inLanguage":"fi","@id":"https:\/\/dasa.se\/product\/m01-pressure-sensor\/#primaryimage","url":"https:\/\/dasa.se\/wp-content\/uploads\/2024\/11\/M01_STW.jpg","contentUrl":"https:\/\/dasa.se\/wp-content\/uploads\/2024\/11\/M01_STW.jpg","width":460,"height":435,"caption":"Metal cylindrical pressure sensor with a threaded male fitting and red plastic electrical connector, published on www.dasa.se."},{"@type":"BreadcrumbList","@id":"https:\/\/dasa.se\/product\/m01-pressure-sensor\/#breadcrumb","itemListElement":[{"@type":"ListItem","position":1,"name":"Home","item":"https:\/\/dasa.se\/"},{"@type":"ListItem","position":2,"name":"do not remove!","item":"https:\/\/dasa.se\/?page_id=876"},{"@type":"ListItem","position":3,"name":"M01 Pressure Sensor"}]},{"@type":"WebSite","@id":"https:\/\/dasa.se\/#website","url":"https:\/\/dasa.se\/","name":"Dasa: Korkean suorituskyvyn koneenohjausj\u00e4rjestelm\u00e4t","description":"","publisher":{"@id":"https:\/\/dasa.se\/#organization"},"potentialAction":[{"@type":"SearchAction","target":{"@type":"EntryPoint","urlTemplate":"https:\/\/dasa.se\/?s={search_term_string}"},"query-input":{"@type":"PropertyValueSpecification","valueRequired":true,"valueName":"search_term_string"}}],"inLanguage":"fi"},{"@type":"Organization","@id":"https:\/\/dasa.se\/#organization","name":"Dasa: Korkean suorituskyvyn koneenohjausj\u00e4rjestelm\u00e4t","url":"https:\/\/dasa.se\/","logo":{"@type":"ImageObject","inLanguage":"fi","@id":"https:\/\/dasa.se\/#\/schema\/logo\/image\/","url":"https:\/\/dasa.se\/wp-content\/uploads\/2024\/10\/logo3.png","contentUrl":"https:\/\/dasa.se\/wp-content\/uploads\/2024\/10\/logo3.png","width":1000,"height":320,"caption":"Dasa: High-Performance Machine Control Systems"},"image":{"@id":"https:\/\/dasa.se\/#\/schema\/logo\/image\/"},"sameAs":["https:\/\/www.linkedin.com\/company\/dasa-control-systems\/"]}]}},"_links":{"self":[{"href":"https:\/\/dasa.se\/fi\/wp-json\/wp\/v2\/product\/1308","targetHints":{"allow":["GET"]}}],"collection":[{"href":"https:\/\/dasa.se\/fi\/wp-json\/wp\/v2\/product"}],"about":[{"href":"https:\/\/dasa.se\/fi\/wp-json\/wp\/v2\/types\/product"}],"wp:featuredmedia":[{"embeddable":true,"href":"https:\/\/dasa.se\/fi\/wp-json\/wp\/v2\/media\/1311"}],"wp:attachment":[{"href":"https:\/\/dasa.se\/fi\/wp-json\/wp\/v2\/media?parent=1308"}],"wp:term":[{"taxonomy":"product_brand","embeddable":true,"href":"https:\/\/dasa.se\/fi\/wp-json\/wp\/v2\/product_brand?post=1308"},{"taxonomy":"product_cat","embeddable":true,"href":"https:\/\/dasa.se\/fi\/wp-json\/wp\/v2\/product_cat?post=1308"},{"taxonomy":"product_tag","embeddable":true,"href":"https:\/\/dasa.se\/fi\/wp-json\/wp\/v2\/product_tag?post=1308"}],"curies":[{"name":"wp","href":"https:\/\/api.w.org\/{rel}","templated":true}]}}