{"id":1365,"date":"2024-11-27T08:07:32","date_gmt":"2024-11-27T08:07:32","guid":{"rendered":"https:\/\/eznpp.beeweb-orange.io\/?post_type=product&#038;p=1365"},"modified":"2025-11-24T14:58:15","modified_gmt":"2025-11-24T14:58:15","slug":"p01-pressure-switch","status":"publish","type":"product","link":"https:\/\/dasa.se\/fi\/product\/p01-pressure-switch\/","title":{"rendered":"P01 Painekytkin"},"content":{"rendered":"<p>Painekytkin P01 on suunniteltu erityisesti k\u00e4ytett\u00e4v\u00e4ksi liikkuvissa ty\u00f6koneissa vaativissa ymp\u00e4rist\u00f6iss\u00e4. EMC-ominaisuudet sek\u00e4 iskunkest\u00e4vyys ja t\u00e4rin\u00e4nkest\u00e4vyys on suunniteltu t\u00e4t\u00e4 k\u00e4ytt\u00f6aluetta varten. T\u00e4m\u00e4 helpottaa niiden k\u00e4ytt\u00f6\u00e4 ep\u00e4suotuisissa ymp\u00e4rist\u00f6olosuhteissa, kuten liikkuvassa hydrauliikassa. Integroidut elektroniset kytkimet (NPN tai PNP) voidaan konfiguroida valmiiksi tehtaalla, tai vaihtoehtoisesti on saatavana ohjelmisto, jonka avulla asiakas voi tehd\u00e4 s\u00e4\u00e4t\u00f6j\u00e4.<\/p>\n<p>P01 on saatavana painealueille 0-10 bar - 0-1200, jolloin voidaan saavuttaa 1%:n kytkent\u00e4tarkkuus mittausalueen loppuarvosta. Suurin sallittu v\u00e4liaineen l\u00e4mp\u00f6tila on 150 \u00baC; ymp\u00e4rist\u00f6n l\u00e4mp\u00f6tila on 125 \u00baC.<\/p>\n<p>Median kanssa kosketuksiin joutuvat osat on valmistettu ruostumattomasta ter\u00e4ksest\u00e4 (1.4548), ja ne takaavat yhdess\u00e4 hitsatun ohutkalvomittauskennon kanssa parhaan mahdollisen yhteensopivuuden median kanssa. Lis\u00e4varusteena voidaan integroida vaimennuslaite v\u00e4liaineeseen p\u00e4\u00e4syyn.<\/p>","protected":false},"excerpt":{"rendered":"<p>Paineenkytkin P01, joka perustuu hyv\u00e4ksi todettuun M01-malliin, on suunniteltu erityisesti k\u00e4ytett\u00e4v\u00e4ksi liikkuvissa koneissa, ja sen rakenne on kompakti ja kest\u00e4v\u00e4.<\/p>","protected":false},"featured_media":1366,"template":"","meta":[],"product_brand":[],"product_cat":[66],"product_tag":[],"class_list":{"0":"post-1365","1":"product","2":"type-product","3":"status-publish","4":"has-post-thumbnail","6":"product_cat-pressure-sensors","8":"first","9":"instock","10":"shipping-taxable","11":"product-type-simple"},"yoast_head":"<!-- This site is optimized with the Yoast SEO plugin v26.7 - https:\/\/yoast.com\/wordpress\/plugins\/seo\/ -->\n<title>P01 Pressure Switch - used in Mobile Machines in Forestry<\/title>\n<meta name=\"robots\" content=\"index, follow, max-snippet:-1, max-image-preview:large, max-video-preview:-1\" \/>\n<link rel=\"canonical\" href=\"https:\/\/dasa.se\/fi\/product\/p01-pressure-switch\/\" \/>\n<meta property=\"og:locale\" content=\"fi_FI\" \/>\n<meta property=\"og:type\" content=\"article\" \/>\n<meta property=\"og:title\" content=\"P01 Pressure Switch - used in Mobile Machines in Forestry\" \/>\n<meta property=\"og:description\" content=\"The Pressure Switch P01, based on the proven M01, has been designed especially for use in mobile machines with a compact and robust design.\" \/>\n<meta property=\"og:url\" content=\"https:\/\/dasa.se\/fi\/product\/p01-pressure-switch\/\" \/>\n<meta property=\"og:site_name\" content=\"Dasa: High-Performance Machine Control Systems\" \/>\n<meta property=\"article:modified_time\" content=\"2025-11-24T14:58:15+00:00\" \/>\n<meta property=\"og:image\" content=\"https:\/\/dasa.se\/wp-content\/uploads\/2024\/11\/P01_STW.jpg\" \/>\n\t<meta property=\"og:image:width\" content=\"435\" \/>\n\t<meta property=\"og:image:height\" content=\"394\" \/>\n\t<meta property=\"og:image:type\" content=\"image\/jpeg\" \/>\n<meta name=\"twitter:card\" content=\"summary_large_image\" \/>\n<meta name=\"twitter:label1\" content=\"Arvioitu lukuaika\" \/>\n\t<meta name=\"twitter:data1\" content=\"1 minuutti\" \/>\n<script type=\"application\/ld+json\" class=\"yoast-schema-graph\">{\"@context\":\"https:\/\/schema.org\",\"@graph\":[{\"@type\":[\"WebPage\",\"ItemPage\"],\"@id\":\"https:\/\/dasa.se\/product\/p01-pressure-switch\/\",\"url\":\"https:\/\/dasa.se\/product\/p01-pressure-switch\/\",\"name\":\"P01 Pressure Switch - used in Mobile Machines in Forestry\",\"isPartOf\":{\"@id\":\"https:\/\/dasa.se\/#website\"},\"primaryImageOfPage\":{\"@id\":\"https:\/\/dasa.se\/product\/p01-pressure-switch\/#primaryimage\"},\"image\":{\"@id\":\"https:\/\/dasa.se\/product\/p01-pressure-switch\/#primaryimage\"},\"thumbnailUrl\":\"https:\/\/dasa.se\/wp-content\/uploads\/2024\/11\/P01_STW.jpg\",\"datePublished\":\"2024-11-27T08:07:32+00:00\",\"dateModified\":\"2025-11-24T14:58:15+00:00\",\"breadcrumb\":{\"@id\":\"https:\/\/dasa.se\/product\/p01-pressure-switch\/#breadcrumb\"},\"inLanguage\":\"fi\",\"potentialAction\":[{\"@type\":\"ReadAction\",\"target\":[\"https:\/\/dasa.se\/product\/p01-pressure-switch\/\"]}]},{\"@type\":\"ImageObject\",\"inLanguage\":\"fi\",\"@id\":\"https:\/\/dasa.se\/product\/p01-pressure-switch\/#primaryimage\",\"url\":\"https:\/\/dasa.se\/wp-content\/uploads\/2024\/11\/P01_STW.jpg\",\"contentUrl\":\"https:\/\/dasa.se\/wp-content\/uploads\/2024\/11\/P01_STW.jpg\",\"width\":435,\"height\":394,\"caption\":\"Photograph of a metal threaded pressure sensor with a green O\u2011ring and a black plastic electrical connector, published on www.dasa.se.\"},{\"@type\":\"BreadcrumbList\",\"@id\":\"https:\/\/dasa.se\/product\/p01-pressure-switch\/#breadcrumb\",\"itemListElement\":[{\"@type\":\"ListItem\",\"position\":1,\"name\":\"Home\",\"item\":\"https:\/\/dasa.se\/\"},{\"@type\":\"ListItem\",\"position\":2,\"name\":\"do not remove!\",\"item\":\"https:\/\/dasa.se\/?page_id=876\"},{\"@type\":\"ListItem\",\"position\":3,\"name\":\"P01 Pressure Switch\"}]},{\"@type\":\"WebSite\",\"@id\":\"https:\/\/dasa.se\/#website\",\"url\":\"https:\/\/dasa.se\/\",\"name\":\"Dasa: High-Performance Machine Control Systems\",\"description\":\"\",\"publisher\":{\"@id\":\"https:\/\/dasa.se\/#organization\"},\"potentialAction\":[{\"@type\":\"SearchAction\",\"target\":{\"@type\":\"EntryPoint\",\"urlTemplate\":\"https:\/\/dasa.se\/?s={search_term_string}\"},\"query-input\":{\"@type\":\"PropertyValueSpecification\",\"valueRequired\":true,\"valueName\":\"search_term_string\"}}],\"inLanguage\":\"fi\"},{\"@type\":\"Organization\",\"@id\":\"https:\/\/dasa.se\/#organization\",\"name\":\"Dasa: High-Performance Machine Control Systems\",\"url\":\"https:\/\/dasa.se\/\",\"logo\":{\"@type\":\"ImageObject\",\"inLanguage\":\"fi\",\"@id\":\"https:\/\/dasa.se\/#\/schema\/logo\/image\/\",\"url\":\"https:\/\/dasa.se\/wp-content\/uploads\/2024\/10\/logo3.png\",\"contentUrl\":\"https:\/\/dasa.se\/wp-content\/uploads\/2024\/10\/logo3.png\",\"width\":1000,\"height\":320,\"caption\":\"Dasa: High-Performance Machine Control Systems\"},\"image\":{\"@id\":\"https:\/\/dasa.se\/#\/schema\/logo\/image\/\"},\"sameAs\":[\"https:\/\/www.linkedin.com\/company\/dasa-control-systems\/\"]}]}<\/script>\n<!-- \/ Yoast SEO plugin. -->","yoast_head_json":{"title":"P01 painekytkin - k\u00e4ytet\u00e4\u00e4n mets\u00e4talouden liikkuvissa koneissa","robots":{"index":"index","follow":"follow","max-snippet":"max-snippet:-1","max-image-preview":"max-image-preview:large","max-video-preview":"max-video-preview:-1"},"canonical":"https:\/\/dasa.se\/fi\/product\/p01-pressure-switch\/","og_locale":"fi_FI","og_type":"article","og_title":"P01 Pressure Switch - used in Mobile Machines in Forestry","og_description":"The Pressure Switch P01, based on the proven M01, has been designed especially for use in mobile machines with a compact and robust design.","og_url":"https:\/\/dasa.se\/fi\/product\/p01-pressure-switch\/","og_site_name":"Dasa: High-Performance Machine Control Systems","article_modified_time":"2025-11-24T14:58:15+00:00","og_image":[{"width":435,"height":394,"url":"https:\/\/dasa.se\/wp-content\/uploads\/2024\/11\/P01_STW.jpg","type":"image\/jpeg"}],"twitter_card":"summary_large_image","twitter_misc":{"Arvioitu lukuaika":"1 minuutti"},"schema":{"@context":"https:\/\/schema.org","@graph":[{"@type":["WebPage","ItemPage"],"@id":"https:\/\/dasa.se\/product\/p01-pressure-switch\/","url":"https:\/\/dasa.se\/product\/p01-pressure-switch\/","name":"P01 painekytkin - k\u00e4ytet\u00e4\u00e4n mets\u00e4talouden liikkuvissa koneissa","isPartOf":{"@id":"https:\/\/dasa.se\/#website"},"primaryImageOfPage":{"@id":"https:\/\/dasa.se\/product\/p01-pressure-switch\/#primaryimage"},"image":{"@id":"https:\/\/dasa.se\/product\/p01-pressure-switch\/#primaryimage"},"thumbnailUrl":"https:\/\/dasa.se\/wp-content\/uploads\/2024\/11\/P01_STW.jpg","datePublished":"2024-11-27T08:07:32+00:00","dateModified":"2025-11-24T14:58:15+00:00","breadcrumb":{"@id":"https:\/\/dasa.se\/product\/p01-pressure-switch\/#breadcrumb"},"inLanguage":"fi","potentialAction":[{"@type":"ReadAction","target":["https:\/\/dasa.se\/product\/p01-pressure-switch\/"]}]},{"@type":"ImageObject","inLanguage":"fi","@id":"https:\/\/dasa.se\/product\/p01-pressure-switch\/#primaryimage","url":"https:\/\/dasa.se\/wp-content\/uploads\/2024\/11\/P01_STW.jpg","contentUrl":"https:\/\/dasa.se\/wp-content\/uploads\/2024\/11\/P01_STW.jpg","width":435,"height":394,"caption":"Photograph of a metal threaded pressure sensor with a green O\u2011ring and a black plastic electrical connector, published on www.dasa.se."},{"@type":"BreadcrumbList","@id":"https:\/\/dasa.se\/product\/p01-pressure-switch\/#breadcrumb","itemListElement":[{"@type":"ListItem","position":1,"name":"Home","item":"https:\/\/dasa.se\/"},{"@type":"ListItem","position":2,"name":"do not remove!","item":"https:\/\/dasa.se\/?page_id=876"},{"@type":"ListItem","position":3,"name":"P01 Pressure Switch"}]},{"@type":"WebSite","@id":"https:\/\/dasa.se\/#website","url":"https:\/\/dasa.se\/","name":"Dasa: Korkean suorituskyvyn koneenohjausj\u00e4rjestelm\u00e4t","description":"","publisher":{"@id":"https:\/\/dasa.se\/#organization"},"potentialAction":[{"@type":"SearchAction","target":{"@type":"EntryPoint","urlTemplate":"https:\/\/dasa.se\/?s={search_term_string}"},"query-input":{"@type":"PropertyValueSpecification","valueRequired":true,"valueName":"search_term_string"}}],"inLanguage":"fi"},{"@type":"Organization","@id":"https:\/\/dasa.se\/#organization","name":"Dasa: Korkean suorituskyvyn koneenohjausj\u00e4rjestelm\u00e4t","url":"https:\/\/dasa.se\/","logo":{"@type":"ImageObject","inLanguage":"fi","@id":"https:\/\/dasa.se\/#\/schema\/logo\/image\/","url":"https:\/\/dasa.se\/wp-content\/uploads\/2024\/10\/logo3.png","contentUrl":"https:\/\/dasa.se\/wp-content\/uploads\/2024\/10\/logo3.png","width":1000,"height":320,"caption":"Dasa: High-Performance Machine Control Systems"},"image":{"@id":"https:\/\/dasa.se\/#\/schema\/logo\/image\/"},"sameAs":["https:\/\/www.linkedin.com\/company\/dasa-control-systems\/"]}]}},"_links":{"self":[{"href":"https:\/\/dasa.se\/fi\/wp-json\/wp\/v2\/product\/1365","targetHints":{"allow":["GET"]}}],"collection":[{"href":"https:\/\/dasa.se\/fi\/wp-json\/wp\/v2\/product"}],"about":[{"href":"https:\/\/dasa.se\/fi\/wp-json\/wp\/v2\/types\/product"}],"wp:featuredmedia":[{"embeddable":true,"href":"https:\/\/dasa.se\/fi\/wp-json\/wp\/v2\/media\/1366"}],"wp:attachment":[{"href":"https:\/\/dasa.se\/fi\/wp-json\/wp\/v2\/media?parent=1365"}],"wp:term":[{"taxonomy":"product_brand","embeddable":true,"href":"https:\/\/dasa.se\/fi\/wp-json\/wp\/v2\/product_brand?post=1365"},{"taxonomy":"product_cat","embeddable":true,"href":"https:\/\/dasa.se\/fi\/wp-json\/wp\/v2\/product_cat?post=1365"},{"taxonomy":"product_tag","embeddable":true,"href":"https:\/\/dasa.se\/fi\/wp-json\/wp\/v2\/product_tag?post=1365"}],"curies":[{"name":"wp","href":"https:\/\/api.w.org\/{rel}","templated":true}]}}