{"id":1369,"date":"2024-11-27T08:21:58","date_gmt":"2024-11-27T08:21:58","guid":{"rendered":"https:\/\/eznpp.beeweb-orange.io\/?post_type=product&#038;p=1369"},"modified":"2025-11-24T14:58:21","modified_gmt":"2025-11-24T14:58:21","slug":"f01-safety-pressure-switch","status":"publish","type":"product","link":"https:\/\/dasa.se\/fi\/product\/f01-safety-pressure-switch\/","title":{"rendered":"F01 Turvapainekytkin"},"content":{"rendered":"<p>F01 on saatavana painealueille 10 baarista 1200 baariin, ja siin\u00e4 on kaksi kytkent\u00e4l\u00e4ht\u00f6\u00e4, jotka kytkeytyv\u00e4t toisiinsa n\u00e4hden k\u00e4\u00e4nteisesti. Valinnaisesti F01 on saatavana my\u00f6s versiona, jossa on yksi kytkent\u00e4- ja yksi analogial\u00e4ht\u00f6. T\u00e4ll\u00f6in F01 lukee virran ulostulon takaisin sen varmistamiseksi, ett\u00e4 l\u00e4ht\u00f6signaali annetaan oikein. Jotta F01:t\u00e4 voitaisiin k\u00e4ytt\u00e4\u00e4 mahdollisimman monissa sovelluksissa, k\u00e4ytt\u00e4j\u00e4t voivat valita erilaisia paineliit\u00e4nt\u00f6j\u00e4. S\u00e4hk\u00f6inen yhteys tapahtuu 5-napaisen M12-liittimen kautta. Kalibroimalla l\u00e4hetin l\u00e4mp\u00f6tilan kautta voidaan saavuttaa 1 % FS:n kokonaistarkkuus 0...80 \u00b0C:n alueella. Suurin v\u00e4liaineen l\u00e4mp\u00f6tila on yhteens\u00e4 +125 \u00b0C. Ruostumattomasta ter\u00e4ksest\u00e4 valmistetut, v\u00e4liaineen kanssa kosketuksiin joutuvat osat takaavat maksimaalisen yhteensopivuuden v\u00e4liaineen kanssa yhdess\u00e4 hitsatun ohutkalvomittauskennon kanssa.<\/p>","protected":false},"excerpt":{"rendered":"<p>Painekytkin F01 t\u00e4ytt\u00e4\u00e4 koneturvallisuusstandardin EN ISO 13849 korkeat vaatimukset. T\u00e4t\u00e4 painekytkint\u00e4 voidaan k\u00e4ytt\u00e4\u00e4 j\u00e4rjestelmiss\u00e4, joiden suorituskykytaso on PL d, ja siten turvallisuuskriittisiss\u00e4 sovelluksissa.<\/p>","protected":false},"featured_media":1370,"template":"","meta":[],"product_brand":[],"product_cat":[66],"product_tag":[],"class_list":{"0":"post-1369","1":"product","2":"type-product","3":"status-publish","4":"has-post-thumbnail","6":"product_cat-pressure-sensors","8":"first","9":"instock","10":"shipping-taxable","11":"product-type-simple"},"yoast_head":"<!-- This site is optimized with the Yoast SEO plugin v26.7 - https:\/\/yoast.com\/wordpress\/plugins\/seo\/ -->\n<title>F01 Safety Pressure Switch \u2013 For Forestry Safety | Dasa<\/title>\n<meta name=\"robots\" content=\"index, follow, max-snippet:-1, max-image-preview:large, max-video-preview:-1\" \/>\n<link rel=\"canonical\" href=\"https:\/\/dasa.se\/fi\/product\/f01-safety-pressure-switch\/\" \/>\n<meta property=\"og:locale\" content=\"fi_FI\" \/>\n<meta property=\"og:type\" content=\"article\" \/>\n<meta property=\"og:title\" content=\"F01 Safety Pressure Switch \u2013 For Forestry Safety | Dasa\" \/>\n<meta property=\"og:description\" content=\"The Pressure Switch F01 fulfils the high requirements of the machinery safety standard EN ISO 13849. This pressure switch can be used for systems with Performance Level PL d and therefore for safety-critical applications.\" \/>\n<meta property=\"og:url\" content=\"https:\/\/dasa.se\/fi\/product\/f01-safety-pressure-switch\/\" \/>\n<meta property=\"og:site_name\" content=\"Dasa: High-Performance Machine Control Systems\" \/>\n<meta property=\"article:modified_time\" content=\"2025-11-24T14:58:21+00:00\" \/>\n<meta property=\"og:image\" content=\"https:\/\/dasa.se\/wp-content\/uploads\/2024\/11\/F01_STW.jpg\" \/>\n\t<meta property=\"og:image:width\" content=\"442\" \/>\n\t<meta property=\"og:image:height\" content=\"394\" \/>\n\t<meta property=\"og:image:type\" content=\"image\/jpeg\" \/>\n<meta name=\"twitter:card\" content=\"summary_large_image\" \/>\n<meta name=\"twitter:label1\" content=\"Arvioitu lukuaika\" \/>\n\t<meta name=\"twitter:data1\" content=\"1 minuutti\" \/>\n<script type=\"application\/ld+json\" class=\"yoast-schema-graph\">{\"@context\":\"https:\/\/schema.org\",\"@graph\":[{\"@type\":[\"WebPage\",\"ItemPage\"],\"@id\":\"https:\/\/dasa.se\/fi\/product\/f01-safety-pressure-switch\/\",\"url\":\"https:\/\/dasa.se\/fi\/product\/f01-safety-pressure-switch\/\",\"name\":\"F01 Safety Pressure Switch \u2013 For Forestry Safety | Dasa\",\"isPartOf\":{\"@id\":\"https:\/\/dasa.se\/#website\"},\"primaryImageOfPage\":{\"@id\":\"https:\/\/dasa.se\/fi\/product\/f01-safety-pressure-switch\/#primaryimage\"},\"image\":{\"@id\":\"https:\/\/dasa.se\/fi\/product\/f01-safety-pressure-switch\/#primaryimage\"},\"thumbnailUrl\":\"https:\/\/dasa.se\/wp-content\/uploads\/2024\/11\/F01_STW.jpg\",\"datePublished\":\"2024-11-27T08:21:58+00:00\",\"dateModified\":\"2025-11-24T14:58:21+00:00\",\"breadcrumb\":{\"@id\":\"https:\/\/dasa.se\/fi\/product\/f01-safety-pressure-switch\/#breadcrumb\"},\"inLanguage\":\"fi\",\"potentialAction\":[{\"@type\":\"ReadAction\",\"target\":[\"https:\/\/dasa.se\/fi\/product\/f01-safety-pressure-switch\/\"]}]},{\"@type\":\"ImageObject\",\"inLanguage\":\"fi\",\"@id\":\"https:\/\/dasa.se\/fi\/product\/f01-safety-pressure-switch\/#primaryimage\",\"url\":\"https:\/\/dasa.se\/wp-content\/uploads\/2024\/11\/F01_STW.jpg\",\"contentUrl\":\"https:\/\/dasa.se\/wp-content\/uploads\/2024\/11\/F01_STW.jpg\",\"width\":442,\"height\":394,\"caption\":\"A stainless-steel cylindrical inline pressure transducer with threaded connection ports and a white product label, published on www.dasa.se.\"},{\"@type\":\"BreadcrumbList\",\"@id\":\"https:\/\/dasa.se\/fi\/product\/f01-safety-pressure-switch\/#breadcrumb\",\"itemListElement\":[{\"@type\":\"ListItem\",\"position\":1,\"name\":\"Home\",\"item\":\"https:\/\/dasa.se\/\"},{\"@type\":\"ListItem\",\"position\":2,\"name\":\"do not remove!\",\"item\":\"https:\/\/dasa.se\/?page_id=876\"},{\"@type\":\"ListItem\",\"position\":3,\"name\":\"F01 Safety Pressure Switch\"}]},{\"@type\":\"WebSite\",\"@id\":\"https:\/\/dasa.se\/#website\",\"url\":\"https:\/\/dasa.se\/\",\"name\":\"Dasa: High-Performance Machine Control Systems\",\"description\":\"\",\"publisher\":{\"@id\":\"https:\/\/dasa.se\/#organization\"},\"potentialAction\":[{\"@type\":\"SearchAction\",\"target\":{\"@type\":\"EntryPoint\",\"urlTemplate\":\"https:\/\/dasa.se\/?s={search_term_string}\"},\"query-input\":{\"@type\":\"PropertyValueSpecification\",\"valueRequired\":true,\"valueName\":\"search_term_string\"}}],\"inLanguage\":\"fi\"},{\"@type\":\"Organization\",\"@id\":\"https:\/\/dasa.se\/#organization\",\"name\":\"Dasa: High-Performance Machine Control Systems\",\"url\":\"https:\/\/dasa.se\/\",\"logo\":{\"@type\":\"ImageObject\",\"inLanguage\":\"fi\",\"@id\":\"https:\/\/dasa.se\/#\/schema\/logo\/image\/\",\"url\":\"https:\/\/dasa.se\/wp-content\/uploads\/2024\/10\/logo3.png\",\"contentUrl\":\"https:\/\/dasa.se\/wp-content\/uploads\/2024\/10\/logo3.png\",\"width\":1000,\"height\":320,\"caption\":\"Dasa: High-Performance Machine Control Systems\"},\"image\":{\"@id\":\"https:\/\/dasa.se\/#\/schema\/logo\/image\/\"},\"sameAs\":[\"https:\/\/www.linkedin.com\/company\/dasa-control-systems\/\"]}]}<\/script>\n<!-- \/ Yoast SEO plugin. -->","yoast_head_json":{"title":"F01 turvapainekytkin - mets\u00e4talouden turvallisuuteen | Dasa","robots":{"index":"index","follow":"follow","max-snippet":"max-snippet:-1","max-image-preview":"max-image-preview:large","max-video-preview":"max-video-preview:-1"},"canonical":"https:\/\/dasa.se\/fi\/product\/f01-safety-pressure-switch\/","og_locale":"fi_FI","og_type":"article","og_title":"F01 Safety Pressure Switch \u2013 For Forestry Safety | Dasa","og_description":"The Pressure Switch F01 fulfils the high requirements of the machinery safety standard EN ISO 13849. This pressure switch can be used for systems with Performance Level PL d and therefore for safety-critical applications.","og_url":"https:\/\/dasa.se\/fi\/product\/f01-safety-pressure-switch\/","og_site_name":"Dasa: High-Performance Machine Control Systems","article_modified_time":"2025-11-24T14:58:21+00:00","og_image":[{"width":442,"height":394,"url":"https:\/\/dasa.se\/wp-content\/uploads\/2024\/11\/F01_STW.jpg","type":"image\/jpeg"}],"twitter_card":"summary_large_image","twitter_misc":{"Arvioitu lukuaika":"1 minuutti"},"schema":{"@context":"https:\/\/schema.org","@graph":[{"@type":["WebPage","ItemPage"],"@id":"https:\/\/dasa.se\/fi\/product\/f01-safety-pressure-switch\/","url":"https:\/\/dasa.se\/fi\/product\/f01-safety-pressure-switch\/","name":"F01 turvapainekytkin - mets\u00e4talouden turvallisuuteen | Dasa","isPartOf":{"@id":"https:\/\/dasa.se\/#website"},"primaryImageOfPage":{"@id":"https:\/\/dasa.se\/fi\/product\/f01-safety-pressure-switch\/#primaryimage"},"image":{"@id":"https:\/\/dasa.se\/fi\/product\/f01-safety-pressure-switch\/#primaryimage"},"thumbnailUrl":"https:\/\/dasa.se\/wp-content\/uploads\/2024\/11\/F01_STW.jpg","datePublished":"2024-11-27T08:21:58+00:00","dateModified":"2025-11-24T14:58:21+00:00","breadcrumb":{"@id":"https:\/\/dasa.se\/fi\/product\/f01-safety-pressure-switch\/#breadcrumb"},"inLanguage":"fi","potentialAction":[{"@type":"ReadAction","target":["https:\/\/dasa.se\/fi\/product\/f01-safety-pressure-switch\/"]}]},{"@type":"ImageObject","inLanguage":"fi","@id":"https:\/\/dasa.se\/fi\/product\/f01-safety-pressure-switch\/#primaryimage","url":"https:\/\/dasa.se\/wp-content\/uploads\/2024\/11\/F01_STW.jpg","contentUrl":"https:\/\/dasa.se\/wp-content\/uploads\/2024\/11\/F01_STW.jpg","width":442,"height":394,"caption":"A stainless-steel cylindrical inline pressure transducer with threaded connection ports and a white product label, published on www.dasa.se."},{"@type":"BreadcrumbList","@id":"https:\/\/dasa.se\/fi\/product\/f01-safety-pressure-switch\/#breadcrumb","itemListElement":[{"@type":"ListItem","position":1,"name":"Home","item":"https:\/\/dasa.se\/"},{"@type":"ListItem","position":2,"name":"do not remove!","item":"https:\/\/dasa.se\/?page_id=876"},{"@type":"ListItem","position":3,"name":"F01 Safety Pressure Switch"}]},{"@type":"WebSite","@id":"https:\/\/dasa.se\/#website","url":"https:\/\/dasa.se\/","name":"Dasa: Korkean suorituskyvyn koneenohjausj\u00e4rjestelm\u00e4t","description":"","publisher":{"@id":"https:\/\/dasa.se\/#organization"},"potentialAction":[{"@type":"SearchAction","target":{"@type":"EntryPoint","urlTemplate":"https:\/\/dasa.se\/?s={search_term_string}"},"query-input":{"@type":"PropertyValueSpecification","valueRequired":true,"valueName":"search_term_string"}}],"inLanguage":"fi"},{"@type":"Organization","@id":"https:\/\/dasa.se\/#organization","name":"Dasa: Korkean suorituskyvyn koneenohjausj\u00e4rjestelm\u00e4t","url":"https:\/\/dasa.se\/","logo":{"@type":"ImageObject","inLanguage":"fi","@id":"https:\/\/dasa.se\/#\/schema\/logo\/image\/","url":"https:\/\/dasa.se\/wp-content\/uploads\/2024\/10\/logo3.png","contentUrl":"https:\/\/dasa.se\/wp-content\/uploads\/2024\/10\/logo3.png","width":1000,"height":320,"caption":"Dasa: High-Performance Machine Control Systems"},"image":{"@id":"https:\/\/dasa.se\/#\/schema\/logo\/image\/"},"sameAs":["https:\/\/www.linkedin.com\/company\/dasa-control-systems\/"]}]}},"_links":{"self":[{"href":"https:\/\/dasa.se\/fi\/wp-json\/wp\/v2\/product\/1369","targetHints":{"allow":["GET"]}}],"collection":[{"href":"https:\/\/dasa.se\/fi\/wp-json\/wp\/v2\/product"}],"about":[{"href":"https:\/\/dasa.se\/fi\/wp-json\/wp\/v2\/types\/product"}],"wp:featuredmedia":[{"embeddable":true,"href":"https:\/\/dasa.se\/fi\/wp-json\/wp\/v2\/media\/1370"}],"wp:attachment":[{"href":"https:\/\/dasa.se\/fi\/wp-json\/wp\/v2\/media?parent=1369"}],"wp:term":[{"taxonomy":"product_brand","embeddable":true,"href":"https:\/\/dasa.se\/fi\/wp-json\/wp\/v2\/product_brand?post=1369"},{"taxonomy":"product_cat","embeddable":true,"href":"https:\/\/dasa.se\/fi\/wp-json\/wp\/v2\/product_cat?post=1369"},{"taxonomy":"product_tag","embeddable":true,"href":"https:\/\/dasa.se\/fi\/wp-json\/wp\/v2\/product_tag?post=1369"}],"curies":[{"name":"wp","href":"https:\/\/api.w.org\/{rel}","templated":true}]}}