{"id":1372,"date":"2024-11-27T08:48:12","date_gmt":"2024-11-27T08:48:12","guid":{"rendered":"https:\/\/eznpp.beeweb-orange.io\/?post_type=product&#038;p=1372"},"modified":"2025-11-24T14:58:34","modified_gmt":"2025-11-24T14:58:34","slug":"t01-temperature-sensor","status":"publish","type":"product","link":"https:\/\/dasa.se\/fi\/product\/t01-temperature-sensor\/","title":{"rendered":"T01 L\u00e4mp\u00f6tila-anturi"},"content":{"rendered":"<p>Liikkuvissa koneissa k\u00e4ytett\u00e4vien l\u00e4mp\u00f6tila-antureiden suurin haaste on mittaaminen suoraan v\u00e4liaineessa ja l\u00e4mp\u00f6tilan muutosten nopea tallentaminen. T01:ss\u00e4 t\u00e4m\u00e4 on ratkaistu siten, ett\u00e4 v\u00e4liaineen kanssa kosketuksiin joutuvat osat on valmistettu ruostumattomasta ter\u00e4ksest\u00e4, mik\u00e4 yhdess\u00e4 hitsatun l\u00e4mp\u00f6tilaelementin kanssa takaa maksimaalisen yhteensopivuuden v\u00e4liaineen kanssa ja nopean vasteajan. T01:n parhaat EMC-ominaisuudet sek\u00e4 korkea iskun- ja t\u00e4rin\u00e4nkest\u00e4vyys mahdollistavat sen, ett\u00e4 sit\u00e4 voidaan k\u00e4ytt\u00e4\u00e4 vaativilla sovellusalueilla, kuten liikkuvassa hydrauliikassa.<\/p>","protected":false},"excerpt":{"rendered":"<p>L\u00e4mp\u00f6tila-anturi on varustettu CANopen- tai J1939-protokollatuella. Lis\u00e4ksi sill\u00e4 on ECE-tyyppihyv\u00e4ksynt\u00e4 julkisilla teill\u00e4 k\u00e4ytett\u00e4v\u00e4ksi, ja siin\u00e4 on konfiguroitavissa oleva keskiarvotustoiminto.<\/p>","protected":false},"featured_media":1373,"template":"","meta":[],"product_brand":[],"product_cat":[67],"product_tag":[],"class_list":{"0":"post-1372","1":"product","2":"type-product","3":"status-publish","4":"has-post-thumbnail","6":"product_cat-temperature-sensors","8":"first","9":"instock","10":"shipping-taxable","11":"product-type-simple"},"yoast_head":"<!-- This site is optimized with the Yoast SEO plugin v26.7 - https:\/\/yoast.com\/wordpress\/plugins\/seo\/ -->\n<title>T01 Temperature Sensor -Solving Forestry Measurement Problems<\/title>\n<meta name=\"robots\" content=\"index, follow, max-snippet:-1, max-image-preview:large, max-video-preview:-1\" \/>\n<link rel=\"canonical\" href=\"https:\/\/dasa.se\/fi\/product\/t01-temperature-sensor\/\" \/>\n<meta property=\"og:locale\" content=\"fi_FI\" \/>\n<meta property=\"og:type\" content=\"article\" \/>\n<meta property=\"og:title\" content=\"T01 Temperature Sensor -Solving Forestry Measurement Problems\" \/>\n<meta property=\"og:description\" content=\"The temperature sensor is equipped with CANopen or J1939 for protocol support. In addition, it has an ECE type approval for use on public roads, and possesses a configurable averaging function.\" \/>\n<meta property=\"og:url\" content=\"https:\/\/dasa.se\/fi\/product\/t01-temperature-sensor\/\" \/>\n<meta property=\"og:site_name\" content=\"Dasa: High-Performance Machine Control Systems\" \/>\n<meta property=\"article:modified_time\" content=\"2025-11-24T14:58:34+00:00\" \/>\n<meta property=\"og:image\" content=\"https:\/\/dasa.se\/wp-content\/uploads\/2024\/11\/T01_STW.jpg\" \/>\n\t<meta property=\"og:image:width\" content=\"460\" \/>\n\t<meta property=\"og:image:height\" content=\"405\" \/>\n\t<meta property=\"og:image:type\" content=\"image\/jpeg\" \/>\n<meta name=\"twitter:card\" content=\"summary_large_image\" \/>\n<meta name=\"twitter:label1\" content=\"Arvioitu lukuaika\" \/>\n\t<meta name=\"twitter:data1\" content=\"1 minuutti\" \/>\n<script type=\"application\/ld+json\" class=\"yoast-schema-graph\">{\"@context\":\"https:\/\/schema.org\",\"@graph\":[{\"@type\":[\"WebPage\",\"ItemPage\"],\"@id\":\"https:\/\/dasa.se\/product\/t01-temperature-sensor\/\",\"url\":\"https:\/\/dasa.se\/product\/t01-temperature-sensor\/\",\"name\":\"T01 Temperature Sensor -Solving Forestry Measurement Problems\",\"isPartOf\":{\"@id\":\"https:\/\/dasa.se\/#website\"},\"primaryImageOfPage\":{\"@id\":\"https:\/\/dasa.se\/product\/t01-temperature-sensor\/#primaryimage\"},\"image\":{\"@id\":\"https:\/\/dasa.se\/product\/t01-temperature-sensor\/#primaryimage\"},\"thumbnailUrl\":\"https:\/\/dasa.se\/wp-content\/uploads\/2024\/11\/T01_STW.jpg\",\"datePublished\":\"2024-11-27T08:48:12+00:00\",\"dateModified\":\"2025-11-24T14:58:34+00:00\",\"breadcrumb\":{\"@id\":\"https:\/\/dasa.se\/product\/t01-temperature-sensor\/#breadcrumb\"},\"inLanguage\":\"fi\",\"potentialAction\":[{\"@type\":\"ReadAction\",\"target\":[\"https:\/\/dasa.se\/product\/t01-temperature-sensor\/\"]}]},{\"@type\":\"ImageObject\",\"inLanguage\":\"fi\",\"@id\":\"https:\/\/dasa.se\/product\/t01-temperature-sensor\/#primaryimage\",\"url\":\"https:\/\/dasa.se\/wp-content\/uploads\/2024\/11\/T01_STW.jpg\",\"contentUrl\":\"https:\/\/dasa.se\/wp-content\/uploads\/2024\/11\/T01_STW.jpg\",\"width\":460,\"height\":405,\"caption\":\"Close-up of a cylindrical stainless-steel industrial probe sensor with threaded connectors and a green O-ring, published on www.dasa.se.\"},{\"@type\":\"BreadcrumbList\",\"@id\":\"https:\/\/dasa.se\/product\/t01-temperature-sensor\/#breadcrumb\",\"itemListElement\":[{\"@type\":\"ListItem\",\"position\":1,\"name\":\"Home\",\"item\":\"https:\/\/dasa.se\/\"},{\"@type\":\"ListItem\",\"position\":2,\"name\":\"do not remove!\",\"item\":\"https:\/\/dasa.se\/?page_id=876\"},{\"@type\":\"ListItem\",\"position\":3,\"name\":\"T01 Temperature Sensor\"}]},{\"@type\":\"WebSite\",\"@id\":\"https:\/\/dasa.se\/#website\",\"url\":\"https:\/\/dasa.se\/\",\"name\":\"Dasa: High-Performance Machine Control Systems\",\"description\":\"\",\"publisher\":{\"@id\":\"https:\/\/dasa.se\/#organization\"},\"potentialAction\":[{\"@type\":\"SearchAction\",\"target\":{\"@type\":\"EntryPoint\",\"urlTemplate\":\"https:\/\/dasa.se\/?s={search_term_string}\"},\"query-input\":{\"@type\":\"PropertyValueSpecification\",\"valueRequired\":true,\"valueName\":\"search_term_string\"}}],\"inLanguage\":\"fi\"},{\"@type\":\"Organization\",\"@id\":\"https:\/\/dasa.se\/#organization\",\"name\":\"Dasa: High-Performance Machine Control Systems\",\"url\":\"https:\/\/dasa.se\/\",\"logo\":{\"@type\":\"ImageObject\",\"inLanguage\":\"fi\",\"@id\":\"https:\/\/dasa.se\/#\/schema\/logo\/image\/\",\"url\":\"https:\/\/dasa.se\/wp-content\/uploads\/2024\/10\/logo3.png\",\"contentUrl\":\"https:\/\/dasa.se\/wp-content\/uploads\/2024\/10\/logo3.png\",\"width\":1000,\"height\":320,\"caption\":\"Dasa: High-Performance Machine Control Systems\"},\"image\":{\"@id\":\"https:\/\/dasa.se\/#\/schema\/logo\/image\/\"},\"sameAs\":[\"https:\/\/www.linkedin.com\/company\/dasa-control-systems\/\"]}]}<\/script>\n<!-- \/ Yoast SEO plugin. -->","yoast_head_json":{"title":"T01 L\u00e4mp\u00f6tila-anturi - Mets\u00e4talouden mittausongelmien ratkaiseminen","robots":{"index":"index","follow":"follow","max-snippet":"max-snippet:-1","max-image-preview":"max-image-preview:large","max-video-preview":"max-video-preview:-1"},"canonical":"https:\/\/dasa.se\/fi\/product\/t01-temperature-sensor\/","og_locale":"fi_FI","og_type":"article","og_title":"T01 Temperature Sensor -Solving Forestry Measurement Problems","og_description":"The temperature sensor is equipped with CANopen or J1939 for protocol support. In addition, it has an ECE type approval for use on public roads, and possesses a configurable averaging function.","og_url":"https:\/\/dasa.se\/fi\/product\/t01-temperature-sensor\/","og_site_name":"Dasa: High-Performance Machine Control Systems","article_modified_time":"2025-11-24T14:58:34+00:00","og_image":[{"width":460,"height":405,"url":"https:\/\/dasa.se\/wp-content\/uploads\/2024\/11\/T01_STW.jpg","type":"image\/jpeg"}],"twitter_card":"summary_large_image","twitter_misc":{"Arvioitu lukuaika":"1 minuutti"},"schema":{"@context":"https:\/\/schema.org","@graph":[{"@type":["WebPage","ItemPage"],"@id":"https:\/\/dasa.se\/product\/t01-temperature-sensor\/","url":"https:\/\/dasa.se\/product\/t01-temperature-sensor\/","name":"T01 L\u00e4mp\u00f6tila-anturi - Mets\u00e4talouden mittausongelmien ratkaiseminen","isPartOf":{"@id":"https:\/\/dasa.se\/#website"},"primaryImageOfPage":{"@id":"https:\/\/dasa.se\/product\/t01-temperature-sensor\/#primaryimage"},"image":{"@id":"https:\/\/dasa.se\/product\/t01-temperature-sensor\/#primaryimage"},"thumbnailUrl":"https:\/\/dasa.se\/wp-content\/uploads\/2024\/11\/T01_STW.jpg","datePublished":"2024-11-27T08:48:12+00:00","dateModified":"2025-11-24T14:58:34+00:00","breadcrumb":{"@id":"https:\/\/dasa.se\/product\/t01-temperature-sensor\/#breadcrumb"},"inLanguage":"fi","potentialAction":[{"@type":"ReadAction","target":["https:\/\/dasa.se\/product\/t01-temperature-sensor\/"]}]},{"@type":"ImageObject","inLanguage":"fi","@id":"https:\/\/dasa.se\/product\/t01-temperature-sensor\/#primaryimage","url":"https:\/\/dasa.se\/wp-content\/uploads\/2024\/11\/T01_STW.jpg","contentUrl":"https:\/\/dasa.se\/wp-content\/uploads\/2024\/11\/T01_STW.jpg","width":460,"height":405,"caption":"Close-up of a cylindrical stainless-steel industrial probe sensor with threaded connectors and a green O-ring, published on www.dasa.se."},{"@type":"BreadcrumbList","@id":"https:\/\/dasa.se\/product\/t01-temperature-sensor\/#breadcrumb","itemListElement":[{"@type":"ListItem","position":1,"name":"Home","item":"https:\/\/dasa.se\/"},{"@type":"ListItem","position":2,"name":"do not remove!","item":"https:\/\/dasa.se\/?page_id=876"},{"@type":"ListItem","position":3,"name":"T01 Temperature Sensor"}]},{"@type":"WebSite","@id":"https:\/\/dasa.se\/#website","url":"https:\/\/dasa.se\/","name":"Dasa: Korkean suorituskyvyn koneenohjausj\u00e4rjestelm\u00e4t","description":"","publisher":{"@id":"https:\/\/dasa.se\/#organization"},"potentialAction":[{"@type":"SearchAction","target":{"@type":"EntryPoint","urlTemplate":"https:\/\/dasa.se\/?s={search_term_string}"},"query-input":{"@type":"PropertyValueSpecification","valueRequired":true,"valueName":"search_term_string"}}],"inLanguage":"fi"},{"@type":"Organization","@id":"https:\/\/dasa.se\/#organization","name":"Dasa: Korkean suorituskyvyn koneenohjausj\u00e4rjestelm\u00e4t","url":"https:\/\/dasa.se\/","logo":{"@type":"ImageObject","inLanguage":"fi","@id":"https:\/\/dasa.se\/#\/schema\/logo\/image\/","url":"https:\/\/dasa.se\/wp-content\/uploads\/2024\/10\/logo3.png","contentUrl":"https:\/\/dasa.se\/wp-content\/uploads\/2024\/10\/logo3.png","width":1000,"height":320,"caption":"Dasa: High-Performance Machine Control Systems"},"image":{"@id":"https:\/\/dasa.se\/#\/schema\/logo\/image\/"},"sameAs":["https:\/\/www.linkedin.com\/company\/dasa-control-systems\/"]}]}},"_links":{"self":[{"href":"https:\/\/dasa.se\/fi\/wp-json\/wp\/v2\/product\/1372","targetHints":{"allow":["GET"]}}],"collection":[{"href":"https:\/\/dasa.se\/fi\/wp-json\/wp\/v2\/product"}],"about":[{"href":"https:\/\/dasa.se\/fi\/wp-json\/wp\/v2\/types\/product"}],"wp:featuredmedia":[{"embeddable":true,"href":"https:\/\/dasa.se\/fi\/wp-json\/wp\/v2\/media\/1373"}],"wp:attachment":[{"href":"https:\/\/dasa.se\/fi\/wp-json\/wp\/v2\/media?parent=1372"}],"wp:term":[{"taxonomy":"product_brand","embeddable":true,"href":"https:\/\/dasa.se\/fi\/wp-json\/wp\/v2\/product_brand?post=1372"},{"taxonomy":"product_cat","embeddable":true,"href":"https:\/\/dasa.se\/fi\/wp-json\/wp\/v2\/product_cat?post=1372"},{"taxonomy":"product_tag","embeddable":true,"href":"https:\/\/dasa.se\/fi\/wp-json\/wp\/v2\/product_tag?post=1372"}],"curies":[{"name":"wp","href":"https:\/\/api.w.org\/{rel}","templated":true}]}}