{"id":1375,"date":"2024-11-27T10:22:12","date_gmt":"2024-11-27T10:22:12","guid":{"rendered":"https:\/\/eznpp.beeweb-orange.io\/?post_type=product&#038;p=1375"},"modified":"2025-11-24T14:59:03","modified_gmt":"2025-11-24T14:59:03","slug":"smx-igs-e-inclination-and-gyro-sensor","status":"publish","type":"product","link":"https:\/\/dasa.se\/fi\/product\/smx-igs-e-inclination-and-gyro-sensor\/","title":{"rendered":"SMX.igs-e Kaltevuus- ja gyroanturi"},"content":{"rendered":"<p class=\"x\">SMX.igs-e-sarjan vankat kaltevuusanturit tarjoavat inertiamittausyksik\u00f6n (IMU) toiminnot. Kiihtyvyys ja py\u00f6rimisnopeus mitataan kaikilla kolmella avaruusakselilla. Anturit antavat my\u00f6s kallistusarvot yhdess\u00e4 tai kahdessa ulottuvuudessa (360\u00b0 tai +\/- 90\u00b0).<\/p>\n<p>Mitattujen arvojen vakauden parantamiseksi anturiin on sis\u00e4llytetty erilaisia konfiguroitavia suodatinalgoritmeja. Klassisten alip\u00e4\u00e4st\u00f6suodattimien, kuten Butterworthin ja \u201ckriittisesti vaimennettujen\u201d, lis\u00e4ksi dynaamisia sovelluksia varten voidaan aktivoida my\u00f6s Kalman-suodatin. T\u00e4m\u00e4n ansiosta ne soveltuvat hyvin k\u00e4ytett\u00e4v\u00e4ksi dynaamisissa sovelluksissa, kuten liikkuvissa koneissa.<\/p>\n<p class=\"x\">Anturi l\u00e4hett\u00e4\u00e4 mittaustiedot ohjausj\u00e4rjestelm\u00e4\u00e4n CAN-, CANopen- tai SAE J1939 -liit\u00e4nn\u00e4n kautta.<\/p>\n<p>Protokolla ja mittausalue voidaan valita vapaasti.<\/p>","protected":false},"excerpt":{"rendered":"<p>Yhden tai kahden akselin kaltevuuden mittaus sek\u00e4 kiihtyvyyden ja kulmanopeuden mittaus kolmella akselilla.<\/p>","protected":false},"featured_media":1376,"template":"","meta":[],"product_brand":[],"product_cat":[69],"product_tag":[],"class_list":{"0":"post-1375","1":"product","2":"type-product","3":"status-publish","4":"has-post-thumbnail","6":"product_cat-imu-and-inclination-sensors","8":"first","9":"instock","10":"shipping-taxable","11":"product-type-simple"},"yoast_head":"<!-- This site is optimized with the Yoast SEO plugin v26.7 - https:\/\/yoast.com\/wordpress\/plugins\/seo\/ -->\n<title>SMX.igs-e Inclination and Gyro Sensor - used in Forestry | Dasa<\/title>\n<meta name=\"robots\" content=\"index, follow, max-snippet:-1, max-image-preview:large, max-video-preview:-1\" \/>\n<link rel=\"canonical\" href=\"https:\/\/dasa.se\/fi\/product\/smx-igs-e-inclination-and-gyro-sensor\/\" \/>\n<meta property=\"og:locale\" content=\"fi_FI\" \/>\n<meta property=\"og:type\" content=\"article\" \/>\n<meta property=\"og:title\" content=\"SMX.igs-e Inclination and Gyro Sensor - used in Forestry | Dasa\" \/>\n<meta property=\"og:description\" content=\"Measurement of the inclination of one axis or two axes, and measurement of acceleration and angular velocity in 3 axes.\" \/>\n<meta property=\"og:url\" content=\"https:\/\/dasa.se\/fi\/product\/smx-igs-e-inclination-and-gyro-sensor\/\" \/>\n<meta property=\"og:site_name\" content=\"Dasa: High-Performance Machine Control Systems\" \/>\n<meta property=\"article:modified_time\" content=\"2025-11-24T14:59:03+00:00\" \/>\n<meta property=\"og:image\" content=\"https:\/\/dasa.se\/wp-content\/uploads\/2024\/11\/SMX_inclination.jpg\" \/>\n\t<meta property=\"og:image:width\" content=\"469\" \/>\n\t<meta property=\"og:image:height\" content=\"376\" \/>\n\t<meta property=\"og:image:type\" content=\"image\/jpeg\" \/>\n<meta name=\"twitter:card\" content=\"summary_large_image\" \/>\n<meta name=\"twitter:label1\" content=\"Arvioitu lukuaika\" \/>\n\t<meta name=\"twitter:data1\" content=\"1 minuutti\" \/>\n<script type=\"application\/ld+json\" class=\"yoast-schema-graph\">{\"@context\":\"https:\/\/schema.org\",\"@graph\":[{\"@type\":[\"WebPage\",\"ItemPage\"],\"@id\":\"https:\/\/dasa.se\/product\/smx-igs-e-inclination-and-gyro-sensor\/\",\"url\":\"https:\/\/dasa.se\/product\/smx-igs-e-inclination-and-gyro-sensor\/\",\"name\":\"SMX.igs-e Inclination and Gyro Sensor - used in Forestry | Dasa\",\"isPartOf\":{\"@id\":\"https:\/\/dasa.se\/#website\"},\"primaryImageOfPage\":{\"@id\":\"https:\/\/dasa.se\/product\/smx-igs-e-inclination-and-gyro-sensor\/#primaryimage\"},\"image\":{\"@id\":\"https:\/\/dasa.se\/product\/smx-igs-e-inclination-and-gyro-sensor\/#primaryimage\"},\"thumbnailUrl\":\"https:\/\/dasa.se\/wp-content\/uploads\/2024\/11\/SMX_inclination.jpg\",\"datePublished\":\"2024-11-27T10:22:12+00:00\",\"dateModified\":\"2025-11-24T14:59:03+00:00\",\"breadcrumb\":{\"@id\":\"https:\/\/dasa.se\/product\/smx-igs-e-inclination-and-gyro-sensor\/#breadcrumb\"},\"inLanguage\":\"fi\",\"potentialAction\":[{\"@type\":\"ReadAction\",\"target\":[\"https:\/\/dasa.se\/product\/smx-igs-e-inclination-and-gyro-sensor\/\"]}]},{\"@type\":\"ImageObject\",\"inLanguage\":\"fi\",\"@id\":\"https:\/\/dasa.se\/product\/smx-igs-e-inclination-and-gyro-sensor\/#primaryimage\",\"url\":\"https:\/\/dasa.se\/wp-content\/uploads\/2024\/11\/SMX_inclination.jpg\",\"contentUrl\":\"https:\/\/dasa.se\/wp-content\/uploads\/2024\/11\/SMX_inclination.jpg\",\"width\":469,\"height\":376,\"caption\":\"Rectangular aluminum electronic sensor with a mounting flange and an attached black cable on a light background, published on www.dasa.se.\"},{\"@type\":\"BreadcrumbList\",\"@id\":\"https:\/\/dasa.se\/product\/smx-igs-e-inclination-and-gyro-sensor\/#breadcrumb\",\"itemListElement\":[{\"@type\":\"ListItem\",\"position\":1,\"name\":\"Home\",\"item\":\"https:\/\/dasa.se\/\"},{\"@type\":\"ListItem\",\"position\":2,\"name\":\"do not remove!\",\"item\":\"https:\/\/dasa.se\/?page_id=876\"},{\"@type\":\"ListItem\",\"position\":3,\"name\":\"SMX.igs-e Inclination and Gyro Sensor\"}]},{\"@type\":\"WebSite\",\"@id\":\"https:\/\/dasa.se\/#website\",\"url\":\"https:\/\/dasa.se\/\",\"name\":\"Dasa: High-Performance Machine Control Systems\",\"description\":\"\",\"publisher\":{\"@id\":\"https:\/\/dasa.se\/#organization\"},\"potentialAction\":[{\"@type\":\"SearchAction\",\"target\":{\"@type\":\"EntryPoint\",\"urlTemplate\":\"https:\/\/dasa.se\/?s={search_term_string}\"},\"query-input\":{\"@type\":\"PropertyValueSpecification\",\"valueRequired\":true,\"valueName\":\"search_term_string\"}}],\"inLanguage\":\"fi\"},{\"@type\":\"Organization\",\"@id\":\"https:\/\/dasa.se\/#organization\",\"name\":\"Dasa: High-Performance Machine Control Systems\",\"url\":\"https:\/\/dasa.se\/\",\"logo\":{\"@type\":\"ImageObject\",\"inLanguage\":\"fi\",\"@id\":\"https:\/\/dasa.se\/#\/schema\/logo\/image\/\",\"url\":\"https:\/\/dasa.se\/wp-content\/uploads\/2024\/10\/logo3.png\",\"contentUrl\":\"https:\/\/dasa.se\/wp-content\/uploads\/2024\/10\/logo3.png\",\"width\":1000,\"height\":320,\"caption\":\"Dasa: High-Performance Machine Control Systems\"},\"image\":{\"@id\":\"https:\/\/dasa.se\/#\/schema\/logo\/image\/\"},\"sameAs\":[\"https:\/\/www.linkedin.com\/company\/dasa-control-systems\/\"]}]}<\/script>\n<!-- \/ Yoast SEO plugin. -->","yoast_head_json":{"title":"SMX.igs-e kallistus- ja hyrr\u00e4anturi - k\u00e4ytet\u00e4\u00e4n mets\u00e4taloudessa | Dasa","robots":{"index":"index","follow":"follow","max-snippet":"max-snippet:-1","max-image-preview":"max-image-preview:large","max-video-preview":"max-video-preview:-1"},"canonical":"https:\/\/dasa.se\/fi\/product\/smx-igs-e-inclination-and-gyro-sensor\/","og_locale":"fi_FI","og_type":"article","og_title":"SMX.igs-e Inclination and Gyro Sensor - used in Forestry | Dasa","og_description":"Measurement of the inclination of one axis or two axes, and measurement of acceleration and angular velocity in 3 axes.","og_url":"https:\/\/dasa.se\/fi\/product\/smx-igs-e-inclination-and-gyro-sensor\/","og_site_name":"Dasa: High-Performance Machine Control Systems","article_modified_time":"2025-11-24T14:59:03+00:00","og_image":[{"width":469,"height":376,"url":"https:\/\/dasa.se\/wp-content\/uploads\/2024\/11\/SMX_inclination.jpg","type":"image\/jpeg"}],"twitter_card":"summary_large_image","twitter_misc":{"Arvioitu lukuaika":"1 minuutti"},"schema":{"@context":"https:\/\/schema.org","@graph":[{"@type":["WebPage","ItemPage"],"@id":"https:\/\/dasa.se\/product\/smx-igs-e-inclination-and-gyro-sensor\/","url":"https:\/\/dasa.se\/product\/smx-igs-e-inclination-and-gyro-sensor\/","name":"SMX.igs-e kallistus- ja hyrr\u00e4anturi - k\u00e4ytet\u00e4\u00e4n mets\u00e4taloudessa | Dasa","isPartOf":{"@id":"https:\/\/dasa.se\/#website"},"primaryImageOfPage":{"@id":"https:\/\/dasa.se\/product\/smx-igs-e-inclination-and-gyro-sensor\/#primaryimage"},"image":{"@id":"https:\/\/dasa.se\/product\/smx-igs-e-inclination-and-gyro-sensor\/#primaryimage"},"thumbnailUrl":"https:\/\/dasa.se\/wp-content\/uploads\/2024\/11\/SMX_inclination.jpg","datePublished":"2024-11-27T10:22:12+00:00","dateModified":"2025-11-24T14:59:03+00:00","breadcrumb":{"@id":"https:\/\/dasa.se\/product\/smx-igs-e-inclination-and-gyro-sensor\/#breadcrumb"},"inLanguage":"fi","potentialAction":[{"@type":"ReadAction","target":["https:\/\/dasa.se\/product\/smx-igs-e-inclination-and-gyro-sensor\/"]}]},{"@type":"ImageObject","inLanguage":"fi","@id":"https:\/\/dasa.se\/product\/smx-igs-e-inclination-and-gyro-sensor\/#primaryimage","url":"https:\/\/dasa.se\/wp-content\/uploads\/2024\/11\/SMX_inclination.jpg","contentUrl":"https:\/\/dasa.se\/wp-content\/uploads\/2024\/11\/SMX_inclination.jpg","width":469,"height":376,"caption":"Rectangular aluminum electronic sensor with a mounting flange and an attached black cable on a light background, published on www.dasa.se."},{"@type":"BreadcrumbList","@id":"https:\/\/dasa.se\/product\/smx-igs-e-inclination-and-gyro-sensor\/#breadcrumb","itemListElement":[{"@type":"ListItem","position":1,"name":"Home","item":"https:\/\/dasa.se\/"},{"@type":"ListItem","position":2,"name":"do not remove!","item":"https:\/\/dasa.se\/?page_id=876"},{"@type":"ListItem","position":3,"name":"SMX.igs-e Inclination and Gyro Sensor"}]},{"@type":"WebSite","@id":"https:\/\/dasa.se\/#website","url":"https:\/\/dasa.se\/","name":"Dasa: Korkean suorituskyvyn koneenohjausj\u00e4rjestelm\u00e4t","description":"","publisher":{"@id":"https:\/\/dasa.se\/#organization"},"potentialAction":[{"@type":"SearchAction","target":{"@type":"EntryPoint","urlTemplate":"https:\/\/dasa.se\/?s={search_term_string}"},"query-input":{"@type":"PropertyValueSpecification","valueRequired":true,"valueName":"search_term_string"}}],"inLanguage":"fi"},{"@type":"Organization","@id":"https:\/\/dasa.se\/#organization","name":"Dasa: Korkean suorituskyvyn koneenohjausj\u00e4rjestelm\u00e4t","url":"https:\/\/dasa.se\/","logo":{"@type":"ImageObject","inLanguage":"fi","@id":"https:\/\/dasa.se\/#\/schema\/logo\/image\/","url":"https:\/\/dasa.se\/wp-content\/uploads\/2024\/10\/logo3.png","contentUrl":"https:\/\/dasa.se\/wp-content\/uploads\/2024\/10\/logo3.png","width":1000,"height":320,"caption":"Dasa: High-Performance Machine Control Systems"},"image":{"@id":"https:\/\/dasa.se\/#\/schema\/logo\/image\/"},"sameAs":["https:\/\/www.linkedin.com\/company\/dasa-control-systems\/"]}]}},"_links":{"self":[{"href":"https:\/\/dasa.se\/fi\/wp-json\/wp\/v2\/product\/1375","targetHints":{"allow":["GET"]}}],"collection":[{"href":"https:\/\/dasa.se\/fi\/wp-json\/wp\/v2\/product"}],"about":[{"href":"https:\/\/dasa.se\/fi\/wp-json\/wp\/v2\/types\/product"}],"wp:featuredmedia":[{"embeddable":true,"href":"https:\/\/dasa.se\/fi\/wp-json\/wp\/v2\/media\/1376"}],"wp:attachment":[{"href":"https:\/\/dasa.se\/fi\/wp-json\/wp\/v2\/media?parent=1375"}],"wp:term":[{"taxonomy":"product_brand","embeddable":true,"href":"https:\/\/dasa.se\/fi\/wp-json\/wp\/v2\/product_brand?post=1375"},{"taxonomy":"product_cat","embeddable":true,"href":"https:\/\/dasa.se\/fi\/wp-json\/wp\/v2\/product_cat?post=1375"},{"taxonomy":"product_tag","embeddable":true,"href":"https:\/\/dasa.se\/fi\/wp-json\/wp\/v2\/product_tag?post=1375"}],"curies":[{"name":"wp","href":"https:\/\/api.w.org\/{rel}","templated":true}]}}