{"id":1383,"date":"2024-11-27T10:34:03","date_gmt":"2024-11-27T10:34:03","guid":{"rendered":"https:\/\/eznpp.beeweb-orange.io\/?post_type=product&#038;p=1383"},"modified":"2025-11-24T14:59:10","modified_gmt":"2025-11-24T14:59:10","slug":"smx-dms-a-strain-sensor","status":"publish","type":"product","link":"https:\/\/dasa.se\/fi\/product\/smx-dms-a-strain-sensor\/","title":{"rendered":"SMX.dms-a J\u00e4nnitysanturi"},"content":{"rendered":"<p>SMX.dms-a mahdollistaa matalamman kotelokorkeuden. Asennuskohdat ovat identtiset edelt\u00e4j\u00e4tuotteen kanssa, mik\u00e4 mahdollistaa saumattoman siirtymisen jo olemassa oleviin sovelluksiin.  Kuten aiemminkin, k\u00e4ytett\u00e4viss\u00e4 on sek\u00e4 analoginen ett\u00e4 digitaalinen l\u00e4ht\u00f6. Lis\u00e4ksi anturi tukee STW:n avoimen l\u00e4hdekoodin ohjelmistoalustaa openSYDE, joka mahdollistaa helpon integroinnin jo olemassa oleviin j\u00e4rjestelmiin ja jota k\u00e4ytet\u00e4\u00e4n antureiden k\u00e4ytt\u00f6\u00f6nottoon.<\/p>\n<p>Tavanomaisia rasitusantureita on vaikea asentaa ja ottaa k\u00e4ytt\u00f6\u00f6n. Optimoidun liit\u00e4nt\u00e4tekniikan ansiosta DMS:n asennus voidaan integroida eritt\u00e4in hyvin esimerkiksi liikkuvien koneiden tuotantoprosessiin. Anturi on tarkoitettu joko suoraan asennettavaksi tai se voidaan toimittaa valmiiksi koottuna valinnaisen asennuslevyn kanssa.<\/p>\n<p>Huoltotilanteessa anturi voidaan helposti vaihtaa paikan p\u00e4\u00e4ll\u00e4. Kun konfigurointitiedot on otettu k\u00e4ytt\u00f6\u00f6n, uusi anturi voidaan ottaa k\u00e4ytt\u00f6\u00f6n ilman lis\u00e4kohdistusta, jolloin j\u00e4rjestelm\u00e4 on taas k\u00e4ytt\u00f6valmis hyvin lyhyess\u00e4 ajassa.<\/p>","protected":false},"excerpt":{"rendered":"<p>Helppo vaihtaa kent\u00e4ll\u00e4, koska konfigurointiparametri voidaan siirt\u00e4\u00e4 korvaavaan anturiin. SMX.dms-a tarjoaa digitaalisen (CAN-v\u00e4yl\u00e4) ja analogisen l\u00e4ht\u00f6signaalin ja on eritt\u00e4in kest\u00e4v\u00e4. Anturilla on ECE-tyyppihyv\u00e4ksynt\u00e4 ajoneuvoille.<\/p>","protected":false},"featured_media":1384,"template":"","meta":[],"product_brand":[],"product_cat":[70],"product_tag":[],"class_list":{"0":"post-1383","1":"product","2":"type-product","3":"status-publish","4":"has-post-thumbnail","6":"product_cat-strain-sensors","8":"first","9":"instock","10":"shipping-taxable","11":"product-type-simple"},"yoast_head":"<!-- This site is optimized with the Yoast SEO plugin v26.7 - https:\/\/yoast.com\/wordpress\/plugins\/seo\/ -->\n<title>SMX.dms-a Strain Sensor \u2013 Efficient Forestry Use | Dasa<\/title>\n<meta name=\"robots\" content=\"index, follow, max-snippet:-1, max-image-preview:large, max-video-preview:-1\" \/>\n<link rel=\"canonical\" href=\"https:\/\/dasa.se\/fi\/product\/smx-dms-a-strain-sensor\/\" \/>\n<meta property=\"og:locale\" content=\"fi_FI\" \/>\n<meta property=\"og:type\" content=\"article\" \/>\n<meta property=\"og:title\" content=\"SMX.dms-a Strain Sensor \u2013 Efficient Forestry Use | Dasa\" \/>\n<meta property=\"og:description\" content=\"Easy to replace as configuration parameter can be transferred to the replacement sensor. The SMX.dms-a provides a digital (CAN bus) and an analog output signal and is extremely robust. The sensor has an ECE type approval for vehicles\" \/>\n<meta property=\"og:url\" content=\"https:\/\/dasa.se\/fi\/product\/smx-dms-a-strain-sensor\/\" \/>\n<meta property=\"og:site_name\" content=\"Dasa: High-Performance Machine Control Systems\" \/>\n<meta property=\"article:modified_time\" content=\"2025-11-24T14:59:10+00:00\" \/>\n<meta property=\"og:image\" content=\"https:\/\/dasa.se\/wp-content\/uploads\/2024\/11\/SMX_STW.jpg\" \/>\n\t<meta property=\"og:image:width\" content=\"450\" \/>\n\t<meta property=\"og:image:height\" content=\"343\" \/>\n\t<meta property=\"og:image:type\" content=\"image\/jpeg\" \/>\n<meta name=\"twitter:card\" content=\"summary_large_image\" \/>\n<meta name=\"twitter:label1\" content=\"Arvioitu lukuaika\" \/>\n\t<meta name=\"twitter:data1\" content=\"2 minuuttia\" \/>\n<script type=\"application\/ld+json\" class=\"yoast-schema-graph\">{\"@context\":\"https:\/\/schema.org\",\"@graph\":[{\"@type\":[\"WebPage\",\"ItemPage\"],\"@id\":\"https:\/\/dasa.se\/fi\/product\/smx-dms-a-strain-sensor\/\",\"url\":\"https:\/\/dasa.se\/fi\/product\/smx-dms-a-strain-sensor\/\",\"name\":\"SMX.dms-a Strain Sensor \u2013 Efficient Forestry Use | Dasa\",\"isPartOf\":{\"@id\":\"https:\/\/dasa.se\/#website\"},\"primaryImageOfPage\":{\"@id\":\"https:\/\/dasa.se\/fi\/product\/smx-dms-a-strain-sensor\/#primaryimage\"},\"image\":{\"@id\":\"https:\/\/dasa.se\/fi\/product\/smx-dms-a-strain-sensor\/#primaryimage\"},\"thumbnailUrl\":\"https:\/\/dasa.se\/wp-content\/uploads\/2024\/11\/SMX_STW.jpg\",\"datePublished\":\"2024-11-27T10:34:03+00:00\",\"dateModified\":\"2025-11-24T14:59:10+00:00\",\"breadcrumb\":{\"@id\":\"https:\/\/dasa.se\/fi\/product\/smx-dms-a-strain-sensor\/#breadcrumb\"},\"inLanguage\":\"fi\",\"potentialAction\":[{\"@type\":\"ReadAction\",\"target\":[\"https:\/\/dasa.se\/fi\/product\/smx-dms-a-strain-sensor\/\"]}]},{\"@type\":\"ImageObject\",\"inLanguage\":\"fi\",\"@id\":\"https:\/\/dasa.se\/fi\/product\/smx-dms-a-strain-sensor\/#primaryimage\",\"url\":\"https:\/\/dasa.se\/wp-content\/uploads\/2024\/11\/SMX_STW.jpg\",\"contentUrl\":\"https:\/\/dasa.se\/wp-content\/uploads\/2024\/11\/SMX_STW.jpg\",\"width\":450,\"height\":343,\"caption\":\"Close-up of a small rectangular metal sensor enclosure with its lid removed, exposing a green circuit board and a packaged sensor module connected to a white cable, published on www.dasa.se.\"},{\"@type\":\"BreadcrumbList\",\"@id\":\"https:\/\/dasa.se\/fi\/product\/smx-dms-a-strain-sensor\/#breadcrumb\",\"itemListElement\":[{\"@type\":\"ListItem\",\"position\":1,\"name\":\"Home\",\"item\":\"https:\/\/dasa.se\/\"},{\"@type\":\"ListItem\",\"position\":2,\"name\":\"do not remove!\",\"item\":\"https:\/\/dasa.se\/?page_id=876\"},{\"@type\":\"ListItem\",\"position\":3,\"name\":\"SMX.dms-a Strain Sensor\"}]},{\"@type\":\"WebSite\",\"@id\":\"https:\/\/dasa.se\/#website\",\"url\":\"https:\/\/dasa.se\/\",\"name\":\"Dasa: High-Performance Machine Control Systems\",\"description\":\"\",\"publisher\":{\"@id\":\"https:\/\/dasa.se\/#organization\"},\"potentialAction\":[{\"@type\":\"SearchAction\",\"target\":{\"@type\":\"EntryPoint\",\"urlTemplate\":\"https:\/\/dasa.se\/?s={search_term_string}\"},\"query-input\":{\"@type\":\"PropertyValueSpecification\",\"valueRequired\":true,\"valueName\":\"search_term_string\"}}],\"inLanguage\":\"fi\"},{\"@type\":\"Organization\",\"@id\":\"https:\/\/dasa.se\/#organization\",\"name\":\"Dasa: High-Performance Machine Control Systems\",\"url\":\"https:\/\/dasa.se\/\",\"logo\":{\"@type\":\"ImageObject\",\"inLanguage\":\"fi\",\"@id\":\"https:\/\/dasa.se\/#\/schema\/logo\/image\/\",\"url\":\"https:\/\/dasa.se\/wp-content\/uploads\/2024\/10\/logo3.png\",\"contentUrl\":\"https:\/\/dasa.se\/wp-content\/uploads\/2024\/10\/logo3.png\",\"width\":1000,\"height\":320,\"caption\":\"Dasa: High-Performance Machine Control Systems\"},\"image\":{\"@id\":\"https:\/\/dasa.se\/#\/schema\/logo\/image\/\"},\"sameAs\":[\"https:\/\/www.linkedin.com\/company\/dasa-control-systems\/\"]}]}<\/script>\n<!-- \/ Yoast SEO plugin. -->","yoast_head_json":{"title":"SMX.dms-a Kanta-anturi - Tehokas mets\u00e4nk\u00e4ytt\u00f6 | Dasa","robots":{"index":"index","follow":"follow","max-snippet":"max-snippet:-1","max-image-preview":"max-image-preview:large","max-video-preview":"max-video-preview:-1"},"canonical":"https:\/\/dasa.se\/fi\/product\/smx-dms-a-strain-sensor\/","og_locale":"fi_FI","og_type":"article","og_title":"SMX.dms-a Strain Sensor \u2013 Efficient Forestry Use | Dasa","og_description":"Easy to replace as configuration parameter can be transferred to the replacement sensor. The SMX.dms-a provides a digital (CAN bus) and an analog output signal and is extremely robust. The sensor has an ECE type approval for vehicles","og_url":"https:\/\/dasa.se\/fi\/product\/smx-dms-a-strain-sensor\/","og_site_name":"Dasa: High-Performance Machine Control Systems","article_modified_time":"2025-11-24T14:59:10+00:00","og_image":[{"width":450,"height":343,"url":"https:\/\/dasa.se\/wp-content\/uploads\/2024\/11\/SMX_STW.jpg","type":"image\/jpeg"}],"twitter_card":"summary_large_image","twitter_misc":{"Arvioitu lukuaika":"2 minuuttia"},"schema":{"@context":"https:\/\/schema.org","@graph":[{"@type":["WebPage","ItemPage"],"@id":"https:\/\/dasa.se\/fi\/product\/smx-dms-a-strain-sensor\/","url":"https:\/\/dasa.se\/fi\/product\/smx-dms-a-strain-sensor\/","name":"SMX.dms-a Kanta-anturi - Tehokas mets\u00e4nk\u00e4ytt\u00f6 | Dasa","isPartOf":{"@id":"https:\/\/dasa.se\/#website"},"primaryImageOfPage":{"@id":"https:\/\/dasa.se\/fi\/product\/smx-dms-a-strain-sensor\/#primaryimage"},"image":{"@id":"https:\/\/dasa.se\/fi\/product\/smx-dms-a-strain-sensor\/#primaryimage"},"thumbnailUrl":"https:\/\/dasa.se\/wp-content\/uploads\/2024\/11\/SMX_STW.jpg","datePublished":"2024-11-27T10:34:03+00:00","dateModified":"2025-11-24T14:59:10+00:00","breadcrumb":{"@id":"https:\/\/dasa.se\/fi\/product\/smx-dms-a-strain-sensor\/#breadcrumb"},"inLanguage":"fi","potentialAction":[{"@type":"ReadAction","target":["https:\/\/dasa.se\/fi\/product\/smx-dms-a-strain-sensor\/"]}]},{"@type":"ImageObject","inLanguage":"fi","@id":"https:\/\/dasa.se\/fi\/product\/smx-dms-a-strain-sensor\/#primaryimage","url":"https:\/\/dasa.se\/wp-content\/uploads\/2024\/11\/SMX_STW.jpg","contentUrl":"https:\/\/dasa.se\/wp-content\/uploads\/2024\/11\/SMX_STW.jpg","width":450,"height":343,"caption":"Close-up of a small rectangular metal sensor enclosure with its lid removed, exposing a green circuit board and a packaged sensor module connected to a white cable, published on www.dasa.se."},{"@type":"BreadcrumbList","@id":"https:\/\/dasa.se\/fi\/product\/smx-dms-a-strain-sensor\/#breadcrumb","itemListElement":[{"@type":"ListItem","position":1,"name":"Home","item":"https:\/\/dasa.se\/"},{"@type":"ListItem","position":2,"name":"do not remove!","item":"https:\/\/dasa.se\/?page_id=876"},{"@type":"ListItem","position":3,"name":"SMX.dms-a Strain Sensor"}]},{"@type":"WebSite","@id":"https:\/\/dasa.se\/#website","url":"https:\/\/dasa.se\/","name":"Dasa: Korkean suorituskyvyn koneenohjausj\u00e4rjestelm\u00e4t","description":"","publisher":{"@id":"https:\/\/dasa.se\/#organization"},"potentialAction":[{"@type":"SearchAction","target":{"@type":"EntryPoint","urlTemplate":"https:\/\/dasa.se\/?s={search_term_string}"},"query-input":{"@type":"PropertyValueSpecification","valueRequired":true,"valueName":"search_term_string"}}],"inLanguage":"fi"},{"@type":"Organization","@id":"https:\/\/dasa.se\/#organization","name":"Dasa: Korkean suorituskyvyn koneenohjausj\u00e4rjestelm\u00e4t","url":"https:\/\/dasa.se\/","logo":{"@type":"ImageObject","inLanguage":"fi","@id":"https:\/\/dasa.se\/#\/schema\/logo\/image\/","url":"https:\/\/dasa.se\/wp-content\/uploads\/2024\/10\/logo3.png","contentUrl":"https:\/\/dasa.se\/wp-content\/uploads\/2024\/10\/logo3.png","width":1000,"height":320,"caption":"Dasa: High-Performance Machine Control Systems"},"image":{"@id":"https:\/\/dasa.se\/#\/schema\/logo\/image\/"},"sameAs":["https:\/\/www.linkedin.com\/company\/dasa-control-systems\/"]}]}},"_links":{"self":[{"href":"https:\/\/dasa.se\/fi\/wp-json\/wp\/v2\/product\/1383","targetHints":{"allow":["GET"]}}],"collection":[{"href":"https:\/\/dasa.se\/fi\/wp-json\/wp\/v2\/product"}],"about":[{"href":"https:\/\/dasa.se\/fi\/wp-json\/wp\/v2\/types\/product"}],"wp:featuredmedia":[{"embeddable":true,"href":"https:\/\/dasa.se\/fi\/wp-json\/wp\/v2\/media\/1384"}],"wp:attachment":[{"href":"https:\/\/dasa.se\/fi\/wp-json\/wp\/v2\/media?parent=1383"}],"wp:term":[{"taxonomy":"product_brand","embeddable":true,"href":"https:\/\/dasa.se\/fi\/wp-json\/wp\/v2\/product_brand?post=1383"},{"taxonomy":"product_cat","embeddable":true,"href":"https:\/\/dasa.se\/fi\/wp-json\/wp\/v2\/product_cat?post=1383"},{"taxonomy":"product_tag","embeddable":true,"href":"https:\/\/dasa.se\/fi\/wp-json\/wp\/v2\/product_tag?post=1383"}],"curies":[{"name":"wp","href":"https:\/\/api.w.org\/{rel}","templated":true}]}}