{"id":1399,"date":"2024-11-27T11:37:52","date_gmt":"2024-11-27T11:37:52","guid":{"rendered":"https:\/\/eznpp.beeweb-orange.io\/?post_type=product&#038;p=1399"},"modified":"2025-10-31T09:17:03","modified_gmt":"2025-10-31T09:17:03","slug":"extension-boards","status":"publish","type":"product","link":"https:\/\/dasa.se\/fi\/product\/extension-boards\/","title":{"rendered":"EB-laajennuslevyt"},"content":{"rendered":"<p>Halusitpa sitten lis\u00e4t\u00e4 tulojen\/l\u00e4ht\u00f6jen m\u00e4\u00e4r\u00e4\u00e4 (digitaalisia tai analogisia), ohjata Danfoss-venttiileit\u00e4, saada useita taajuustuloja, moottorisiltoja hieman suuremmille virroille, tietoliikenneliit\u00e4nn\u00e4n tai jopa r\u00e4\u00e4t\u00e4l\u00f6id\u00e4 laajennuskortin yksil\u00f6llisi\u00e4 tarpeitasi vastaavaksi, l\u00f6yd\u00e4t sen t\u00e4\u00e4lt\u00e4 meilt\u00e4.<\/p>","protected":false},"excerpt":{"rendered":"<p>Laajennusmoduulien perhe ESX 3XL:lle ja ESX 3XM:lle. Niiden avulla voit mukauttaa ohjaimen tarpeittesi mukaiseksi.<\/p>","protected":false},"featured_media":1400,"template":"","meta":[],"product_brand":[],"product_cat":[56],"product_tag":[],"class_list":{"0":"post-1399","1":"product","2":"type-product","3":"status-publish","4":"has-post-thumbnail","6":"product_cat-controllers","8":"first","9":"instock","10":"shipping-taxable","11":"product-type-simple"},"yoast_head":"<!-- This site is optimized with the Yoast SEO plugin v26.7 - https:\/\/yoast.com\/wordpress\/plugins\/seo\/ -->\n<title>Extension Boards \u2013 Customise Forestry Control Systems | Dasa<\/title>\n<meta name=\"robots\" content=\"index, follow, max-snippet:-1, max-image-preview:large, max-video-preview:-1\" \/>\n<link rel=\"canonical\" href=\"https:\/\/dasa.se\/fi\/product\/extension-boards\/\" \/>\n<meta property=\"og:locale\" content=\"fi_FI\" \/>\n<meta property=\"og:type\" content=\"article\" \/>\n<meta property=\"og:title\" content=\"Extension Boards \u2013 Customise Forestry Control Systems | Dasa\" \/>\n<meta property=\"og:description\" content=\"A family of expansion modules for the ESX 3XL and the ESX 3XM. With these, you can customize the controller to suit your needs.\" \/>\n<meta property=\"og:url\" content=\"https:\/\/dasa.se\/fi\/product\/extension-boards\/\" \/>\n<meta property=\"og:site_name\" content=\"Dasa: High-Performance Machine Control Systems\" \/>\n<meta property=\"article:modified_time\" content=\"2025-10-31T09:17:03+00:00\" \/>\n<meta property=\"og:image\" content=\"https:\/\/dasa.se\/wp-content\/uploads\/2024\/11\/Extension_board_EB.jpg\" \/>\n\t<meta property=\"og:image:width\" content=\"435\" \/>\n\t<meta property=\"og:image:height\" content=\"307\" \/>\n\t<meta property=\"og:image:type\" content=\"image\/jpeg\" \/>\n<meta name=\"twitter:card\" content=\"summary_large_image\" \/>\n<meta name=\"twitter:label1\" content=\"Arvioitu lukuaika\" \/>\n\t<meta name=\"twitter:data1\" content=\"1 minuutti\" \/>\n<script type=\"application\/ld+json\" class=\"yoast-schema-graph\">{\"@context\":\"https:\/\/schema.org\",\"@graph\":[{\"@type\":[\"WebPage\",\"ItemPage\"],\"@id\":\"https:\/\/dasa.se\/product\/extension-boards\/\",\"url\":\"https:\/\/dasa.se\/product\/extension-boards\/\",\"name\":\"Extension Boards \u2013 Customise Forestry Control Systems | Dasa\",\"isPartOf\":{\"@id\":\"https:\/\/dasa.se\/#website\"},\"primaryImageOfPage\":{\"@id\":\"https:\/\/dasa.se\/product\/extension-boards\/#primaryimage\"},\"image\":{\"@id\":\"https:\/\/dasa.se\/product\/extension-boards\/#primaryimage\"},\"thumbnailUrl\":\"https:\/\/dasa.se\/wp-content\/uploads\/2024\/11\/Extension_board_EB.jpg\",\"datePublished\":\"2024-11-27T11:37:52+00:00\",\"dateModified\":\"2025-10-31T09:17:03+00:00\",\"breadcrumb\":{\"@id\":\"https:\/\/dasa.se\/product\/extension-boards\/#breadcrumb\"},\"inLanguage\":\"fi\",\"potentialAction\":[{\"@type\":\"ReadAction\",\"target\":[\"https:\/\/dasa.se\/product\/extension-boards\/\"]}]},{\"@type\":\"ImageObject\",\"inLanguage\":\"fi\",\"@id\":\"https:\/\/dasa.se\/product\/extension-boards\/#primaryimage\",\"url\":\"https:\/\/dasa.se\/wp-content\/uploads\/2024\/11\/Extension_board_EB.jpg\",\"contentUrl\":\"https:\/\/dasa.se\/wp-content\/uploads\/2024\/11\/Extension_board_EB.jpg\",\"width\":435,\"height\":307,\"caption\":\"A small green printed circuit board module featuring several black integrated circuits, memory chips and gold-plated pin headers photographed on a white background, published on www.dasa.se.\"},{\"@type\":\"BreadcrumbList\",\"@id\":\"https:\/\/dasa.se\/product\/extension-boards\/#breadcrumb\",\"itemListElement\":[{\"@type\":\"ListItem\",\"position\":1,\"name\":\"Home\",\"item\":\"https:\/\/dasa.se\/\"},{\"@type\":\"ListItem\",\"position\":2,\"name\":\"do not remove!\",\"item\":\"https:\/\/dasa.se\/?page_id=876\"},{\"@type\":\"ListItem\",\"position\":3,\"name\":\"EB Extension Boards\"}]},{\"@type\":\"WebSite\",\"@id\":\"https:\/\/dasa.se\/#website\",\"url\":\"https:\/\/dasa.se\/\",\"name\":\"Dasa: High-Performance Machine Control Systems\",\"description\":\"\",\"publisher\":{\"@id\":\"https:\/\/dasa.se\/#organization\"},\"potentialAction\":[{\"@type\":\"SearchAction\",\"target\":{\"@type\":\"EntryPoint\",\"urlTemplate\":\"https:\/\/dasa.se\/?s={search_term_string}\"},\"query-input\":{\"@type\":\"PropertyValueSpecification\",\"valueRequired\":true,\"valueName\":\"search_term_string\"}}],\"inLanguage\":\"fi\"},{\"@type\":\"Organization\",\"@id\":\"https:\/\/dasa.se\/#organization\",\"name\":\"Dasa: High-Performance Machine Control Systems\",\"url\":\"https:\/\/dasa.se\/\",\"logo\":{\"@type\":\"ImageObject\",\"inLanguage\":\"fi\",\"@id\":\"https:\/\/dasa.se\/#\/schema\/logo\/image\/\",\"url\":\"https:\/\/dasa.se\/wp-content\/uploads\/2024\/10\/logo3.png\",\"contentUrl\":\"https:\/\/dasa.se\/wp-content\/uploads\/2024\/10\/logo3.png\",\"width\":1000,\"height\":320,\"caption\":\"Dasa: High-Performance Machine Control Systems\"},\"image\":{\"@id\":\"https:\/\/dasa.se\/#\/schema\/logo\/image\/\"},\"sameAs\":[\"https:\/\/www.linkedin.com\/company\/dasa-control-systems\/\"]}]}<\/script>\n<!-- \/ Yoast SEO plugin. -->","yoast_head_json":{"title":"Laajennuslevyt - R\u00e4\u00e4t\u00e4l\u00f6i mets\u00e4talouden ohjausj\u00e4rjestelm\u00e4t | Dasa","robots":{"index":"index","follow":"follow","max-snippet":"max-snippet:-1","max-image-preview":"max-image-preview:large","max-video-preview":"max-video-preview:-1"},"canonical":"https:\/\/dasa.se\/fi\/product\/extension-boards\/","og_locale":"fi_FI","og_type":"article","og_title":"Extension Boards \u2013 Customise Forestry Control Systems | Dasa","og_description":"A family of expansion modules for the ESX 3XL and the ESX 3XM. With these, you can customize the controller to suit your needs.","og_url":"https:\/\/dasa.se\/fi\/product\/extension-boards\/","og_site_name":"Dasa: High-Performance Machine Control Systems","article_modified_time":"2025-10-31T09:17:03+00:00","og_image":[{"width":435,"height":307,"url":"https:\/\/dasa.se\/wp-content\/uploads\/2024\/11\/Extension_board_EB.jpg","type":"image\/jpeg"}],"twitter_card":"summary_large_image","twitter_misc":{"Arvioitu lukuaika":"1 minuutti"},"schema":{"@context":"https:\/\/schema.org","@graph":[{"@type":["WebPage","ItemPage"],"@id":"https:\/\/dasa.se\/product\/extension-boards\/","url":"https:\/\/dasa.se\/product\/extension-boards\/","name":"Laajennuslevyt - R\u00e4\u00e4t\u00e4l\u00f6i mets\u00e4talouden ohjausj\u00e4rjestelm\u00e4t | Dasa","isPartOf":{"@id":"https:\/\/dasa.se\/#website"},"primaryImageOfPage":{"@id":"https:\/\/dasa.se\/product\/extension-boards\/#primaryimage"},"image":{"@id":"https:\/\/dasa.se\/product\/extension-boards\/#primaryimage"},"thumbnailUrl":"https:\/\/dasa.se\/wp-content\/uploads\/2024\/11\/Extension_board_EB.jpg","datePublished":"2024-11-27T11:37:52+00:00","dateModified":"2025-10-31T09:17:03+00:00","breadcrumb":{"@id":"https:\/\/dasa.se\/product\/extension-boards\/#breadcrumb"},"inLanguage":"fi","potentialAction":[{"@type":"ReadAction","target":["https:\/\/dasa.se\/product\/extension-boards\/"]}]},{"@type":"ImageObject","inLanguage":"fi","@id":"https:\/\/dasa.se\/product\/extension-boards\/#primaryimage","url":"https:\/\/dasa.se\/wp-content\/uploads\/2024\/11\/Extension_board_EB.jpg","contentUrl":"https:\/\/dasa.se\/wp-content\/uploads\/2024\/11\/Extension_board_EB.jpg","width":435,"height":307,"caption":"A small green printed circuit board module featuring several black integrated circuits, memory chips and gold-plated pin headers photographed on a white background, published on www.dasa.se."},{"@type":"BreadcrumbList","@id":"https:\/\/dasa.se\/product\/extension-boards\/#breadcrumb","itemListElement":[{"@type":"ListItem","position":1,"name":"Home","item":"https:\/\/dasa.se\/"},{"@type":"ListItem","position":2,"name":"do not remove!","item":"https:\/\/dasa.se\/?page_id=876"},{"@type":"ListItem","position":3,"name":"EB Extension Boards"}]},{"@type":"WebSite","@id":"https:\/\/dasa.se\/#website","url":"https:\/\/dasa.se\/","name":"Dasa: Korkean suorituskyvyn koneenohjausj\u00e4rjestelm\u00e4t","description":"","publisher":{"@id":"https:\/\/dasa.se\/#organization"},"potentialAction":[{"@type":"SearchAction","target":{"@type":"EntryPoint","urlTemplate":"https:\/\/dasa.se\/?s={search_term_string}"},"query-input":{"@type":"PropertyValueSpecification","valueRequired":true,"valueName":"search_term_string"}}],"inLanguage":"fi"},{"@type":"Organization","@id":"https:\/\/dasa.se\/#organization","name":"Dasa: Korkean suorituskyvyn koneenohjausj\u00e4rjestelm\u00e4t","url":"https:\/\/dasa.se\/","logo":{"@type":"ImageObject","inLanguage":"fi","@id":"https:\/\/dasa.se\/#\/schema\/logo\/image\/","url":"https:\/\/dasa.se\/wp-content\/uploads\/2024\/10\/logo3.png","contentUrl":"https:\/\/dasa.se\/wp-content\/uploads\/2024\/10\/logo3.png","width":1000,"height":320,"caption":"Dasa: High-Performance Machine Control Systems"},"image":{"@id":"https:\/\/dasa.se\/#\/schema\/logo\/image\/"},"sameAs":["https:\/\/www.linkedin.com\/company\/dasa-control-systems\/"]}]}},"_links":{"self":[{"href":"https:\/\/dasa.se\/fi\/wp-json\/wp\/v2\/product\/1399","targetHints":{"allow":["GET"]}}],"collection":[{"href":"https:\/\/dasa.se\/fi\/wp-json\/wp\/v2\/product"}],"about":[{"href":"https:\/\/dasa.se\/fi\/wp-json\/wp\/v2\/types\/product"}],"wp:featuredmedia":[{"embeddable":true,"href":"https:\/\/dasa.se\/fi\/wp-json\/wp\/v2\/media\/1400"}],"wp:attachment":[{"href":"https:\/\/dasa.se\/fi\/wp-json\/wp\/v2\/media?parent=1399"}],"wp:term":[{"taxonomy":"product_brand","embeddable":true,"href":"https:\/\/dasa.se\/fi\/wp-json\/wp\/v2\/product_brand?post=1399"},{"taxonomy":"product_cat","embeddable":true,"href":"https:\/\/dasa.se\/fi\/wp-json\/wp\/v2\/product_cat?post=1399"},{"taxonomy":"product_tag","embeddable":true,"href":"https:\/\/dasa.se\/fi\/wp-json\/wp\/v2\/product_tag?post=1399"}],"curies":[{"name":"wp","href":"https:\/\/api.w.org\/{rel}","templated":true}]}}