{"id":1437,"date":"2024-11-28T10:47:53","date_gmt":"2024-11-28T10:47:53","guid":{"rendered":"https:\/\/eznpp.beeweb-orange.io\/?post_type=product&#038;p=1437"},"modified":"2025-10-31T09:19:20","modified_gmt":"2025-10-31T09:19:20","slug":"dhmi12","status":"publish","type":"product","link":"https:\/\/dasa.se\/fi\/product\/dhmi12\/","title":{"rendered":"dHMI12 N\u00e4ytt\u00f6"},"content":{"rendered":"<p>Uuden sukupolven 12,1\u201d Dasa Intelligent Display on suunniteltu vastaamaan ammattimaisten mobiilien ty\u00f6koneiden vaatimuksia ja tarpeita. Dasa 12.1\u2033 ohjelmoitavan n\u00e4yt\u00f6n avulla saat k\u00e4ytt\u00f6\u00f6si \u00e4\u00e4rimm\u00e4isen n\u00e4yt\u00f6n suorituskyvyn ja tehon, jonka ansiosta koneesi ja sen k\u00e4ytt\u00e4j\u00e4 voivat saavuttaa t\u00e4yden potentiaalinsa ja tuottavuutensa.<\/p>\n<p>Uusinta tekniikkaa edustava IPS-paneeli tarjoaa kirkkaan ja ter\u00e4v\u00e4n kuvanlaadun ja laajan katselukulman, joka tukee my\u00f6s keskipisteen ulkopuolisia asennuksia. Lis\u00e4ksi dHMI10\/12 toimii my\u00f6s todellisena sovellusten ja k\u00e4ytt\u00f6liittymien keskuksena, jossa on nopea prosessori, suuri sovellusmuisti ja useita portteja.<\/p>","protected":false},"excerpt":{"rendered":"<p>12.1\u2033 ohjelmoitava kosketusn\u00e4ytt\u00f6<\/p>","protected":false},"featured_media":1438,"template":"","meta":[],"product_brand":[],"product_cat":[41],"product_tag":[],"class_list":{"0":"post-1437","1":"product","2":"type-product","3":"status-publish","4":"has-post-thumbnail","6":"product_cat-displays","8":"first","9":"instock","10":"shipping-taxable","11":"product-type-simple"},"yoast_head":"<!-- This site is optimized with the Yoast SEO plugin v26.7 - https:\/\/yoast.com\/wordpress\/plugins\/seo\/ -->\n<title>dHMI12 Display \u2013 Forestry Machine Interface | Dasa<\/title>\n<meta name=\"robots\" content=\"index, follow, max-snippet:-1, max-image-preview:large, max-video-preview:-1\" \/>\n<link rel=\"canonical\" href=\"https:\/\/dasa.se\/fi\/product\/dhmi12\/\" \/>\n<meta property=\"og:locale\" content=\"fi_FI\" \/>\n<meta property=\"og:type\" content=\"article\" \/>\n<meta property=\"og:title\" content=\"dHMI12 Display \u2013 Forestry Machine Interface | Dasa\" \/>\n<meta property=\"og:description\" content=\"12.1&quot; Programmable Touchscreen Display\" \/>\n<meta property=\"og:url\" content=\"https:\/\/dasa.se\/fi\/product\/dhmi12\/\" \/>\n<meta property=\"og:site_name\" content=\"Dasa: High-Performance Machine Control Systems\" \/>\n<meta property=\"article:modified_time\" content=\"2025-10-31T09:19:20+00:00\" \/>\n<meta property=\"og:image\" content=\"https:\/\/dasa.se\/wp-content\/uploads\/2024\/11\/dHMI12.jpg\" \/>\n\t<meta property=\"og:image:width\" content=\"429\" \/>\n\t<meta property=\"og:image:height\" content=\"322\" \/>\n\t<meta property=\"og:image:type\" content=\"image\/jpeg\" \/>\n<meta name=\"twitter:card\" content=\"summary_large_image\" \/>\n<meta name=\"twitter:label1\" content=\"Arvioitu lukuaika\" \/>\n\t<meta name=\"twitter:data1\" content=\"1 minuutti\" \/>\n<script type=\"application\/ld+json\" class=\"yoast-schema-graph\">{\"@context\":\"https:\/\/schema.org\",\"@graph\":[{\"@type\":[\"WebPage\",\"ItemPage\"],\"@id\":\"https:\/\/dasa.se\/product\/dhmi12\/\",\"url\":\"https:\/\/dasa.se\/product\/dhmi12\/\",\"name\":\"dHMI12 Display \u2013 Forestry Machine Interface | Dasa\",\"isPartOf\":{\"@id\":\"https:\/\/dasa.se\/#website\"},\"primaryImageOfPage\":{\"@id\":\"https:\/\/dasa.se\/product\/dhmi12\/#primaryimage\"},\"image\":{\"@id\":\"https:\/\/dasa.se\/product\/dhmi12\/#primaryimage\"},\"thumbnailUrl\":\"https:\/\/dasa.se\/wp-content\/uploads\/2024\/11\/dHMI12.jpg\",\"datePublished\":\"2024-11-28T10:47:53+00:00\",\"dateModified\":\"2025-10-31T09:19:20+00:00\",\"breadcrumb\":{\"@id\":\"https:\/\/dasa.se\/product\/dhmi12\/#breadcrumb\"},\"inLanguage\":\"fi\",\"potentialAction\":[{\"@type\":\"ReadAction\",\"target\":[\"https:\/\/dasa.se\/product\/dhmi12\/\"]}]},{\"@type\":\"ImageObject\",\"inLanguage\":\"fi\",\"@id\":\"https:\/\/dasa.se\/product\/dhmi12\/#primaryimage\",\"url\":\"https:\/\/dasa.se\/wp-content\/uploads\/2024\/11\/dHMI12.jpg\",\"contentUrl\":\"https:\/\/dasa.se\/wp-content\/uploads\/2024\/11\/dHMI12.jpg\",\"width\":429,\"height\":322,\"caption\":\"A black tablet with a glossy screen and thin bezel lying flat on a light gray surface, published on www.dasa.se.\"},{\"@type\":\"BreadcrumbList\",\"@id\":\"https:\/\/dasa.se\/product\/dhmi12\/#breadcrumb\",\"itemListElement\":[{\"@type\":\"ListItem\",\"position\":1,\"name\":\"Home\",\"item\":\"https:\/\/dasa.se\/\"},{\"@type\":\"ListItem\",\"position\":2,\"name\":\"do not remove!\",\"item\":\"https:\/\/dasa.se\/?page_id=876\"},{\"@type\":\"ListItem\",\"position\":3,\"name\":\"dHMI12 Display\"}]},{\"@type\":\"WebSite\",\"@id\":\"https:\/\/dasa.se\/#website\",\"url\":\"https:\/\/dasa.se\/\",\"name\":\"Dasa: High-Performance Machine Control Systems\",\"description\":\"\",\"publisher\":{\"@id\":\"https:\/\/dasa.se\/#organization\"},\"potentialAction\":[{\"@type\":\"SearchAction\",\"target\":{\"@type\":\"EntryPoint\",\"urlTemplate\":\"https:\/\/dasa.se\/?s={search_term_string}\"},\"query-input\":{\"@type\":\"PropertyValueSpecification\",\"valueRequired\":true,\"valueName\":\"search_term_string\"}}],\"inLanguage\":\"fi\"},{\"@type\":\"Organization\",\"@id\":\"https:\/\/dasa.se\/#organization\",\"name\":\"Dasa: High-Performance Machine Control Systems\",\"url\":\"https:\/\/dasa.se\/\",\"logo\":{\"@type\":\"ImageObject\",\"inLanguage\":\"fi\",\"@id\":\"https:\/\/dasa.se\/#\/schema\/logo\/image\/\",\"url\":\"https:\/\/dasa.se\/wp-content\/uploads\/2024\/10\/logo3.png\",\"contentUrl\":\"https:\/\/dasa.se\/wp-content\/uploads\/2024\/10\/logo3.png\",\"width\":1000,\"height\":320,\"caption\":\"Dasa: High-Performance Machine Control Systems\"},\"image\":{\"@id\":\"https:\/\/dasa.se\/#\/schema\/logo\/image\/\"},\"sameAs\":[\"https:\/\/www.linkedin.com\/company\/dasa-control-systems\/\"]}]}<\/script>\n<!-- \/ Yoast SEO plugin. -->","yoast_head_json":{"title":"dHMI12-n\u00e4ytt\u00f6 - Mets\u00e4koneen k\u00e4ytt\u00f6liittym\u00e4 | Dasa","robots":{"index":"index","follow":"follow","max-snippet":"max-snippet:-1","max-image-preview":"max-image-preview:large","max-video-preview":"max-video-preview:-1"},"canonical":"https:\/\/dasa.se\/fi\/product\/dhmi12\/","og_locale":"fi_FI","og_type":"article","og_title":"dHMI12 Display \u2013 Forestry Machine Interface | Dasa","og_description":"12.1\" Programmable Touchscreen Display","og_url":"https:\/\/dasa.se\/fi\/product\/dhmi12\/","og_site_name":"Dasa: High-Performance Machine Control Systems","article_modified_time":"2025-10-31T09:19:20+00:00","og_image":[{"width":429,"height":322,"url":"https:\/\/dasa.se\/wp-content\/uploads\/2024\/11\/dHMI12.jpg","type":"image\/jpeg"}],"twitter_card":"summary_large_image","twitter_misc":{"Arvioitu lukuaika":"1 minuutti"},"schema":{"@context":"https:\/\/schema.org","@graph":[{"@type":["WebPage","ItemPage"],"@id":"https:\/\/dasa.se\/product\/dhmi12\/","url":"https:\/\/dasa.se\/product\/dhmi12\/","name":"dHMI12-n\u00e4ytt\u00f6 - Mets\u00e4koneen k\u00e4ytt\u00f6liittym\u00e4 | Dasa","isPartOf":{"@id":"https:\/\/dasa.se\/#website"},"primaryImageOfPage":{"@id":"https:\/\/dasa.se\/product\/dhmi12\/#primaryimage"},"image":{"@id":"https:\/\/dasa.se\/product\/dhmi12\/#primaryimage"},"thumbnailUrl":"https:\/\/dasa.se\/wp-content\/uploads\/2024\/11\/dHMI12.jpg","datePublished":"2024-11-28T10:47:53+00:00","dateModified":"2025-10-31T09:19:20+00:00","breadcrumb":{"@id":"https:\/\/dasa.se\/product\/dhmi12\/#breadcrumb"},"inLanguage":"fi","potentialAction":[{"@type":"ReadAction","target":["https:\/\/dasa.se\/product\/dhmi12\/"]}]},{"@type":"ImageObject","inLanguage":"fi","@id":"https:\/\/dasa.se\/product\/dhmi12\/#primaryimage","url":"https:\/\/dasa.se\/wp-content\/uploads\/2024\/11\/dHMI12.jpg","contentUrl":"https:\/\/dasa.se\/wp-content\/uploads\/2024\/11\/dHMI12.jpg","width":429,"height":322,"caption":"A black tablet with a glossy screen and thin bezel lying flat on a light gray surface, published on www.dasa.se."},{"@type":"BreadcrumbList","@id":"https:\/\/dasa.se\/product\/dhmi12\/#breadcrumb","itemListElement":[{"@type":"ListItem","position":1,"name":"Home","item":"https:\/\/dasa.se\/"},{"@type":"ListItem","position":2,"name":"do not remove!","item":"https:\/\/dasa.se\/?page_id=876"},{"@type":"ListItem","position":3,"name":"dHMI12 Display"}]},{"@type":"WebSite","@id":"https:\/\/dasa.se\/#website","url":"https:\/\/dasa.se\/","name":"Dasa: Korkean suorituskyvyn koneenohjausj\u00e4rjestelm\u00e4t","description":"","publisher":{"@id":"https:\/\/dasa.se\/#organization"},"potentialAction":[{"@type":"SearchAction","target":{"@type":"EntryPoint","urlTemplate":"https:\/\/dasa.se\/?s={search_term_string}"},"query-input":{"@type":"PropertyValueSpecification","valueRequired":true,"valueName":"search_term_string"}}],"inLanguage":"fi"},{"@type":"Organization","@id":"https:\/\/dasa.se\/#organization","name":"Dasa: Korkean suorituskyvyn koneenohjausj\u00e4rjestelm\u00e4t","url":"https:\/\/dasa.se\/","logo":{"@type":"ImageObject","inLanguage":"fi","@id":"https:\/\/dasa.se\/#\/schema\/logo\/image\/","url":"https:\/\/dasa.se\/wp-content\/uploads\/2024\/10\/logo3.png","contentUrl":"https:\/\/dasa.se\/wp-content\/uploads\/2024\/10\/logo3.png","width":1000,"height":320,"caption":"Dasa: High-Performance Machine Control Systems"},"image":{"@id":"https:\/\/dasa.se\/#\/schema\/logo\/image\/"},"sameAs":["https:\/\/www.linkedin.com\/company\/dasa-control-systems\/"]}]}},"_links":{"self":[{"href":"https:\/\/dasa.se\/fi\/wp-json\/wp\/v2\/product\/1437","targetHints":{"allow":["GET"]}}],"collection":[{"href":"https:\/\/dasa.se\/fi\/wp-json\/wp\/v2\/product"}],"about":[{"href":"https:\/\/dasa.se\/fi\/wp-json\/wp\/v2\/types\/product"}],"wp:featuredmedia":[{"embeddable":true,"href":"https:\/\/dasa.se\/fi\/wp-json\/wp\/v2\/media\/1438"}],"wp:attachment":[{"href":"https:\/\/dasa.se\/fi\/wp-json\/wp\/v2\/media?parent=1437"}],"wp:term":[{"taxonomy":"product_brand","embeddable":true,"href":"https:\/\/dasa.se\/fi\/wp-json\/wp\/v2\/product_brand?post=1437"},{"taxonomy":"product_cat","embeddable":true,"href":"https:\/\/dasa.se\/fi\/wp-json\/wp\/v2\/product_cat?post=1437"},{"taxonomy":"product_tag","embeddable":true,"href":"https:\/\/dasa.se\/fi\/wp-json\/wp\/v2\/product_tag?post=1437"}],"curies":[{"name":"wp","href":"https:\/\/api.w.org\/{rel}","templated":true}]}}