{"id":1509,"date":"2024-11-29T07:08:48","date_gmt":"2024-11-29T07:08:48","guid":{"rendered":"https:\/\/eznpp.beeweb-orange.io\/?post_type=product&#038;p=1509"},"modified":"2025-11-24T14:58:00","modified_gmt":"2025-11-24T14:58:00","slug":"computer-keyboard-se","status":"publish","type":"product","link":"https:\/\/dasa.se\/fi\/product\/computer-keyboard-se\/","title":{"rendered":"Tietokoneen n\u00e4pp\u00e4imist\u00f6 SE"},"content":{"rendered":"<p>Kompakti tietokonen\u00e4pp\u00e4imist\u00f6 mobiililaitteisiin skandinaavisella asettelulla. Trackball hiiren ohjausta varten, joten sit\u00e4 voi k\u00e4ytt\u00e4\u00e4 k\u00e4sineill\u00e4. Virtajohdolla, jotta v\u00e4ltet\u00e4\u00e4n riski, ett\u00e4 n\u00e4pp\u00e4imist\u00f6st\u00e4 loppuvat paristot.<\/p>","protected":false},"excerpt":{"rendered":"<p>Kompakti tietokonen\u00e4pp\u00e4imist\u00f6 liikkuviin ty\u00f6koneisiin skandinaavisella asettelulla varustettuna<\/p>","protected":false},"featured_media":1510,"template":"","meta":[],"product_brand":[],"product_cat":[72,73],"product_tag":[],"class_list":{"0":"post-1509","1":"product","2":"type-product","3":"status-publish","4":"has-post-thumbnail","6":"product_cat-accessories","7":"product_cat-keyboard","9":"first","10":"instock","11":"shipping-taxable","12":"product-type-simple"},"yoast_head":"<!-- This site is optimized with the Yoast SEO plugin v26.7 - https:\/\/yoast.com\/wordpress\/plugins\/seo\/ -->\n<title>Computer Keyboard SE - with Trackball Mouse - for Forestry<\/title>\n<meta name=\"robots\" content=\"index, follow, max-snippet:-1, max-image-preview:large, max-video-preview:-1\" \/>\n<link rel=\"canonical\" href=\"https:\/\/dasa.se\/fi\/product\/computer-keyboard-se\/\" \/>\n<meta property=\"og:locale\" content=\"fi_FI\" \/>\n<meta property=\"og:type\" content=\"article\" \/>\n<meta property=\"og:title\" content=\"Computer Keyboard SE - with Trackball Mouse - for Forestry\" \/>\n<meta property=\"og:description\" content=\"Compact computer keyboard for mobile machines with Scandinavian layout\" \/>\n<meta property=\"og:url\" content=\"https:\/\/dasa.se\/fi\/product\/computer-keyboard-se\/\" \/>\n<meta property=\"og:site_name\" content=\"Dasa: High-Performance Machine Control Systems\" \/>\n<meta property=\"article:modified_time\" content=\"2025-11-24T14:58:00+00:00\" \/>\n<meta property=\"og:image\" content=\"https:\/\/dasa.se\/wp-content\/uploads\/2024\/11\/SE_Keyboard.jpg\" \/>\n\t<meta property=\"og:image:width\" content=\"759\" \/>\n\t<meta property=\"og:image:height\" content=\"516\" \/>\n\t<meta property=\"og:image:type\" content=\"image\/jpeg\" \/>\n<meta name=\"twitter:card\" content=\"summary_large_image\" \/>\n<meta name=\"twitter:label1\" content=\"Arvioitu lukuaika\" \/>\n\t<meta name=\"twitter:data1\" content=\"1 minuutti\" \/>\n<script type=\"application\/ld+json\" class=\"yoast-schema-graph\">{\"@context\":\"https:\/\/schema.org\",\"@graph\":[{\"@type\":[\"WebPage\",\"ItemPage\"],\"@id\":\"https:\/\/dasa.se\/sv\/produkt\/computer-keyboard-se\/\",\"url\":\"https:\/\/dasa.se\/sv\/produkt\/computer-keyboard-se\/\",\"name\":\"Computer Keyboard SE - with Trackball Mouse - for Forestry\",\"isPartOf\":{\"@id\":\"https:\/\/dasa.se\/#website\"},\"primaryImageOfPage\":{\"@id\":\"https:\/\/dasa.se\/sv\/produkt\/computer-keyboard-se\/#primaryimage\"},\"image\":{\"@id\":\"https:\/\/dasa.se\/sv\/produkt\/computer-keyboard-se\/#primaryimage\"},\"thumbnailUrl\":\"https:\/\/dasa.se\/wp-content\/uploads\/2024\/11\/SE_Keyboard.jpg\",\"datePublished\":\"2024-11-29T07:08:48+00:00\",\"dateModified\":\"2025-11-24T14:58:00+00:00\",\"breadcrumb\":{\"@id\":\"https:\/\/dasa.se\/sv\/produkt\/computer-keyboard-se\/#breadcrumb\"},\"inLanguage\":\"fi\",\"potentialAction\":[{\"@type\":\"ReadAction\",\"target\":[\"https:\/\/dasa.se\/sv\/produkt\/computer-keyboard-se\/\"]}]},{\"@type\":\"ImageObject\",\"inLanguage\":\"fi\",\"@id\":\"https:\/\/dasa.se\/sv\/produkt\/computer-keyboard-se\/#primaryimage\",\"url\":\"https:\/\/dasa.se\/wp-content\/uploads\/2024\/11\/SE_Keyboard.jpg\",\"contentUrl\":\"https:\/\/dasa.se\/wp-content\/uploads\/2024\/11\/SE_Keyboard.jpg\",\"width\":759,\"height\":516,\"caption\":\"Top-down view of a compact black industrial keyboard with a German QWERTZ layout, integrated trackball and function keys, published on www.dasa.se.\"},{\"@type\":\"BreadcrumbList\",\"@id\":\"https:\/\/dasa.se\/sv\/produkt\/computer-keyboard-se\/#breadcrumb\",\"itemListElement\":[{\"@type\":\"ListItem\",\"position\":1,\"name\":\"Home\",\"item\":\"https:\/\/dasa.se\/\"},{\"@type\":\"ListItem\",\"position\":2,\"name\":\"do not remove!\",\"item\":\"https:\/\/dasa.se\/?page_id=876\"},{\"@type\":\"ListItem\",\"position\":3,\"name\":\"Computer Keyboard SE\"}]},{\"@type\":\"WebSite\",\"@id\":\"https:\/\/dasa.se\/#website\",\"url\":\"https:\/\/dasa.se\/\",\"name\":\"Dasa: High-Performance Machine Control Systems\",\"description\":\"\",\"publisher\":{\"@id\":\"https:\/\/dasa.se\/#organization\"},\"potentialAction\":[{\"@type\":\"SearchAction\",\"target\":{\"@type\":\"EntryPoint\",\"urlTemplate\":\"https:\/\/dasa.se\/?s={search_term_string}\"},\"query-input\":{\"@type\":\"PropertyValueSpecification\",\"valueRequired\":true,\"valueName\":\"search_term_string\"}}],\"inLanguage\":\"fi\"},{\"@type\":\"Organization\",\"@id\":\"https:\/\/dasa.se\/#organization\",\"name\":\"Dasa: High-Performance Machine Control Systems\",\"url\":\"https:\/\/dasa.se\/\",\"logo\":{\"@type\":\"ImageObject\",\"inLanguage\":\"fi\",\"@id\":\"https:\/\/dasa.se\/#\/schema\/logo\/image\/\",\"url\":\"https:\/\/dasa.se\/wp-content\/uploads\/2024\/10\/logo3.png\",\"contentUrl\":\"https:\/\/dasa.se\/wp-content\/uploads\/2024\/10\/logo3.png\",\"width\":1000,\"height\":320,\"caption\":\"Dasa: High-Performance Machine Control Systems\"},\"image\":{\"@id\":\"https:\/\/dasa.se\/#\/schema\/logo\/image\/\"},\"sameAs\":[\"https:\/\/www.linkedin.com\/company\/dasa-control-systems\/\"]}]}<\/script>\n<!-- \/ Yoast SEO plugin. -->","yoast_head_json":{"title":"Tietokoneen n\u00e4pp\u00e4imist\u00f6 SE - Trackball-hiirell\u00e4 - mets\u00e4taloudelle","robots":{"index":"index","follow":"follow","max-snippet":"max-snippet:-1","max-image-preview":"max-image-preview:large","max-video-preview":"max-video-preview:-1"},"canonical":"https:\/\/dasa.se\/fi\/product\/computer-keyboard-se\/","og_locale":"fi_FI","og_type":"article","og_title":"Computer Keyboard SE - with Trackball Mouse - for Forestry","og_description":"Compact computer keyboard for mobile machines with Scandinavian layout","og_url":"https:\/\/dasa.se\/fi\/product\/computer-keyboard-se\/","og_site_name":"Dasa: High-Performance Machine Control Systems","article_modified_time":"2025-11-24T14:58:00+00:00","og_image":[{"width":759,"height":516,"url":"https:\/\/dasa.se\/wp-content\/uploads\/2024\/11\/SE_Keyboard.jpg","type":"image\/jpeg"}],"twitter_card":"summary_large_image","twitter_misc":{"Arvioitu lukuaika":"1 minuutti"},"schema":{"@context":"https:\/\/schema.org","@graph":[{"@type":["WebPage","ItemPage"],"@id":"https:\/\/dasa.se\/sv\/produkt\/computer-keyboard-se\/","url":"https:\/\/dasa.se\/sv\/produkt\/computer-keyboard-se\/","name":"Tietokoneen n\u00e4pp\u00e4imist\u00f6 SE - Trackball-hiirell\u00e4 - mets\u00e4taloudelle","isPartOf":{"@id":"https:\/\/dasa.se\/#website"},"primaryImageOfPage":{"@id":"https:\/\/dasa.se\/sv\/produkt\/computer-keyboard-se\/#primaryimage"},"image":{"@id":"https:\/\/dasa.se\/sv\/produkt\/computer-keyboard-se\/#primaryimage"},"thumbnailUrl":"https:\/\/dasa.se\/wp-content\/uploads\/2024\/11\/SE_Keyboard.jpg","datePublished":"2024-11-29T07:08:48+00:00","dateModified":"2025-11-24T14:58:00+00:00","breadcrumb":{"@id":"https:\/\/dasa.se\/sv\/produkt\/computer-keyboard-se\/#breadcrumb"},"inLanguage":"fi","potentialAction":[{"@type":"ReadAction","target":["https:\/\/dasa.se\/sv\/produkt\/computer-keyboard-se\/"]}]},{"@type":"ImageObject","inLanguage":"fi","@id":"https:\/\/dasa.se\/sv\/produkt\/computer-keyboard-se\/#primaryimage","url":"https:\/\/dasa.se\/wp-content\/uploads\/2024\/11\/SE_Keyboard.jpg","contentUrl":"https:\/\/dasa.se\/wp-content\/uploads\/2024\/11\/SE_Keyboard.jpg","width":759,"height":516,"caption":"Top-down view of a compact black industrial keyboard with a German QWERTZ layout, integrated trackball and function keys, published on www.dasa.se."},{"@type":"BreadcrumbList","@id":"https:\/\/dasa.se\/sv\/produkt\/computer-keyboard-se\/#breadcrumb","itemListElement":[{"@type":"ListItem","position":1,"name":"Home","item":"https:\/\/dasa.se\/"},{"@type":"ListItem","position":2,"name":"do not remove!","item":"https:\/\/dasa.se\/?page_id=876"},{"@type":"ListItem","position":3,"name":"Computer Keyboard SE"}]},{"@type":"WebSite","@id":"https:\/\/dasa.se\/#website","url":"https:\/\/dasa.se\/","name":"Dasa: Korkean suorituskyvyn koneenohjausj\u00e4rjestelm\u00e4t","description":"","publisher":{"@id":"https:\/\/dasa.se\/#organization"},"potentialAction":[{"@type":"SearchAction","target":{"@type":"EntryPoint","urlTemplate":"https:\/\/dasa.se\/?s={search_term_string}"},"query-input":{"@type":"PropertyValueSpecification","valueRequired":true,"valueName":"search_term_string"}}],"inLanguage":"fi"},{"@type":"Organization","@id":"https:\/\/dasa.se\/#organization","name":"Dasa: Korkean suorituskyvyn koneenohjausj\u00e4rjestelm\u00e4t","url":"https:\/\/dasa.se\/","logo":{"@type":"ImageObject","inLanguage":"fi","@id":"https:\/\/dasa.se\/#\/schema\/logo\/image\/","url":"https:\/\/dasa.se\/wp-content\/uploads\/2024\/10\/logo3.png","contentUrl":"https:\/\/dasa.se\/wp-content\/uploads\/2024\/10\/logo3.png","width":1000,"height":320,"caption":"Dasa: High-Performance Machine Control Systems"},"image":{"@id":"https:\/\/dasa.se\/#\/schema\/logo\/image\/"},"sameAs":["https:\/\/www.linkedin.com\/company\/dasa-control-systems\/"]}]}},"_links":{"self":[{"href":"https:\/\/dasa.se\/fi\/wp-json\/wp\/v2\/product\/1509","targetHints":{"allow":["GET"]}}],"collection":[{"href":"https:\/\/dasa.se\/fi\/wp-json\/wp\/v2\/product"}],"about":[{"href":"https:\/\/dasa.se\/fi\/wp-json\/wp\/v2\/types\/product"}],"wp:featuredmedia":[{"embeddable":true,"href":"https:\/\/dasa.se\/fi\/wp-json\/wp\/v2\/media\/1510"}],"wp:attachment":[{"href":"https:\/\/dasa.se\/fi\/wp-json\/wp\/v2\/media?parent=1509"}],"wp:term":[{"taxonomy":"product_brand","embeddable":true,"href":"https:\/\/dasa.se\/fi\/wp-json\/wp\/v2\/product_brand?post=1509"},{"taxonomy":"product_cat","embeddable":true,"href":"https:\/\/dasa.se\/fi\/wp-json\/wp\/v2\/product_cat?post=1509"},{"taxonomy":"product_tag","embeddable":true,"href":"https:\/\/dasa.se\/fi\/wp-json\/wp\/v2\/product_tag?post=1509"}],"curies":[{"name":"wp","href":"https:\/\/api.w.org\/{rel}","templated":true}]}}