{"id":1629,"date":"2024-12-03T13:20:48","date_gmt":"2024-12-03T13:20:48","guid":{"rendered":"https:\/\/eznpp.beeweb-orange.io\/?post_type=product&#038;p=1629"},"modified":"2026-03-31T11:23:55","modified_gmt":"2026-03-31T11:23:55","slug":"dasa-admin","status":"publish","type":"product","link":"https:\/\/dasa.se\/fi\/product\/dasa-admin\/","title":{"rendered":"Dasa admin"},"content":{"rendered":"<p>Dasa Admin mahdollistaa Dasa Fleetin konekannan back-office-toimintojen hallinnan. Yksi Dasa Adminin t\u00e4rkeimmist\u00e4 ominaisuuksista on k\u00e4ytt\u00e4jien ja k\u00e4ytt\u00f6oikeuksien hallinta koneiden omistajalle.<\/p>\n<p>Sovellus on rakennettu tietoturvaa silm\u00e4ll\u00e4 pit\u00e4en ja GDPR-vaatimusten mukaisesti. Admin hy\u00f6dynt\u00e4\u00e4 parhaita tietoturvallisuusk\u00e4yt\u00e4nt\u00f6j\u00e4 sovelluksen kaikissa osissa ja kaikilla tasoilla.<\/p>","protected":false},"excerpt":{"rendered":"<p>Dasa Admin helpottaa Dasa Fleetin konekannan back-office-toimintojen hallinnointia.<\/p>","protected":false},"featured_media":2187,"template":"","meta":[],"product_brand":[],"product_cat":[42],"product_tag":[],"class_list":{"0":"post-1629","1":"product","2":"type-product","3":"status-publish","4":"has-post-thumbnail","6":"product_cat-fleet-software","8":"first","9":"instock","10":"shipping-taxable","11":"product-type-simple"},"yoast_head":"<!-- This site is optimized with the Yoast SEO plugin v26.7 - https:\/\/yoast.com\/wordpress\/plugins\/seo\/ -->\n<title>Dasa Admin - Back-Office Managing of Forestry Machine Fleet<\/title>\n<meta name=\"description\" content=\"Streamline your operations with Dasa Admin. Our back-office solution for managing forestry machine fleets ensures efficient data handling. Explore the benefits!\" \/>\n<meta name=\"robots\" content=\"index, follow, max-snippet:-1, max-image-preview:large, max-video-preview:-1\" \/>\n<link rel=\"canonical\" href=\"https:\/\/dasa.se\/fi\/product\/dasa-admin\/\" \/>\n<meta property=\"og:locale\" content=\"fi_FI\" \/>\n<meta property=\"og:type\" content=\"article\" \/>\n<meta property=\"og:title\" content=\"Dasa Admin - Back-Office Managing of Forestry Machine Fleet\" \/>\n<meta property=\"og:description\" content=\"Streamline your operations with Dasa Admin. Our back-office solution for managing forestry machine fleets ensures efficient data handling. Explore the benefits!\" \/>\n<meta property=\"og:url\" content=\"https:\/\/dasa.se\/fi\/product\/dasa-admin\/\" \/>\n<meta property=\"og:site_name\" content=\"Dasa: High-Performance Machine Control Systems\" \/>\n<meta property=\"article:modified_time\" content=\"2026-03-31T11:23:55+00:00\" \/>\n<meta property=\"og:image\" content=\"https:\/\/dasa.se\/wp-content\/uploads\/2024\/12\/Dasa_Admin_screenshot-1.jpg\" \/>\n\t<meta property=\"og:image:width\" content=\"891\" \/>\n\t<meta property=\"og:image:height\" content=\"712\" \/>\n\t<meta property=\"og:image:type\" content=\"image\/jpeg\" \/>\n<meta name=\"twitter:card\" content=\"summary_large_image\" \/>\n<meta name=\"twitter:label1\" content=\"Arvioitu lukuaika\" \/>\n\t<meta name=\"twitter:data1\" content=\"1 minuutti\" \/>\n<script type=\"application\/ld+json\" class=\"yoast-schema-graph\">{\"@context\":\"https:\/\/schema.org\",\"@graph\":[{\"@type\":[\"WebPage\",\"ItemPage\"],\"@id\":\"https:\/\/dasa.se\/product\/dasa-admin\/\",\"url\":\"https:\/\/dasa.se\/product\/dasa-admin\/\",\"name\":\"Dasa Admin - Back-Office Managing of Forestry Machine Fleet\",\"isPartOf\":{\"@id\":\"https:\/\/dasa.se\/#website\"},\"primaryImageOfPage\":{\"@id\":\"https:\/\/dasa.se\/product\/dasa-admin\/#primaryimage\"},\"image\":{\"@id\":\"https:\/\/dasa.se\/product\/dasa-admin\/#primaryimage\"},\"thumbnailUrl\":\"https:\/\/dasa.se\/wp-content\/uploads\/2024\/12\/Dasa_Admin_screenshot-1.jpg\",\"datePublished\":\"2024-12-03T13:20:48+00:00\",\"dateModified\":\"2026-03-31T11:23:55+00:00\",\"description\":\"Streamline your operations with Dasa Admin. Our back-office solution for managing forestry machine fleets ensures efficient data handling. Explore the benefits!\",\"breadcrumb\":{\"@id\":\"https:\/\/dasa.se\/product\/dasa-admin\/#breadcrumb\"},\"inLanguage\":\"fi\",\"potentialAction\":[{\"@type\":\"ReadAction\",\"target\":[\"https:\/\/dasa.se\/product\/dasa-admin\/\"]}]},{\"@type\":\"ImageObject\",\"inLanguage\":\"fi\",\"@id\":\"https:\/\/dasa.se\/product\/dasa-admin\/#primaryimage\",\"url\":\"https:\/\/dasa.se\/wp-content\/uploads\/2024\/12\/Dasa_Admin_screenshot-1.jpg\",\"contentUrl\":\"https:\/\/dasa.se\/wp-content\/uploads\/2024\/12\/Dasa_Admin_screenshot-1.jpg\",\"width\":891,\"height\":712,\"caption\":\"Screenshot of a web-based admin dashboard labeled \\\"dasa\\\" displayed over a wide open-pit mine landscape with layered excavations, heavy equipment and tire tracks, published on www.dasa.se.\"},{\"@type\":\"BreadcrumbList\",\"@id\":\"https:\/\/dasa.se\/product\/dasa-admin\/#breadcrumb\",\"itemListElement\":[{\"@type\":\"ListItem\",\"position\":1,\"name\":\"Home\",\"item\":\"https:\/\/dasa.se\/\"},{\"@type\":\"ListItem\",\"position\":2,\"name\":\"do not remove!\",\"item\":\"https:\/\/dasa.se\/?page_id=876\"},{\"@type\":\"ListItem\",\"position\":3,\"name\":\"Dasa Admin\"}]},{\"@type\":\"WebSite\",\"@id\":\"https:\/\/dasa.se\/#website\",\"url\":\"https:\/\/dasa.se\/\",\"name\":\"Dasa: High-Performance Machine Control Systems\",\"description\":\"\",\"publisher\":{\"@id\":\"https:\/\/dasa.se\/#organization\"},\"potentialAction\":[{\"@type\":\"SearchAction\",\"target\":{\"@type\":\"EntryPoint\",\"urlTemplate\":\"https:\/\/dasa.se\/?s={search_term_string}\"},\"query-input\":{\"@type\":\"PropertyValueSpecification\",\"valueRequired\":true,\"valueName\":\"search_term_string\"}}],\"inLanguage\":\"fi\"},{\"@type\":\"Organization\",\"@id\":\"https:\/\/dasa.se\/#organization\",\"name\":\"Dasa: High-Performance Machine Control Systems\",\"url\":\"https:\/\/dasa.se\/\",\"logo\":{\"@type\":\"ImageObject\",\"inLanguage\":\"fi\",\"@id\":\"https:\/\/dasa.se\/#\/schema\/logo\/image\/\",\"url\":\"https:\/\/dasa.se\/wp-content\/uploads\/2024\/10\/logo3.png\",\"contentUrl\":\"https:\/\/dasa.se\/wp-content\/uploads\/2024\/10\/logo3.png\",\"width\":1000,\"height\":320,\"caption\":\"Dasa: High-Performance Machine Control Systems\"},\"image\":{\"@id\":\"https:\/\/dasa.se\/#\/schema\/logo\/image\/\"},\"sameAs\":[\"https:\/\/www.linkedin.com\/company\/dasa-control-systems\/\"]}]}<\/script>\n<!-- \/ Yoast SEO plugin. -->","yoast_head_json":{"title":"Dasa Admin - Mets\u00e4konekannan hallinnointi back office -palvelut","description":"Tehosta toimintaasi Dasa Adminill\u00e4. Taustatoimintoratkaisumme mets\u00e4koneiden laivastojen hallintaan takaa tehokkaan tiedonk\u00e4sittelyn. Tutustu etuihin!","robots":{"index":"index","follow":"follow","max-snippet":"max-snippet:-1","max-image-preview":"max-image-preview:large","max-video-preview":"max-video-preview:-1"},"canonical":"https:\/\/dasa.se\/fi\/product\/dasa-admin\/","og_locale":"fi_FI","og_type":"article","og_title":"Dasa Admin - Back-Office Managing of Forestry Machine Fleet","og_description":"Streamline your operations with Dasa Admin. Our back-office solution for managing forestry machine fleets ensures efficient data handling. Explore the benefits!","og_url":"https:\/\/dasa.se\/fi\/product\/dasa-admin\/","og_site_name":"Dasa: High-Performance Machine Control Systems","article_modified_time":"2026-03-31T11:23:55+00:00","og_image":[{"width":891,"height":712,"url":"https:\/\/dasa.se\/wp-content\/uploads\/2024\/12\/Dasa_Admin_screenshot-1.jpg","type":"image\/jpeg"}],"twitter_card":"summary_large_image","twitter_misc":{"Arvioitu lukuaika":"1 minuutti"},"schema":{"@context":"https:\/\/schema.org","@graph":[{"@type":["WebPage","ItemPage"],"@id":"https:\/\/dasa.se\/product\/dasa-admin\/","url":"https:\/\/dasa.se\/product\/dasa-admin\/","name":"Dasa Admin - Mets\u00e4konekannan hallinnointi back office -palvelut","isPartOf":{"@id":"https:\/\/dasa.se\/#website"},"primaryImageOfPage":{"@id":"https:\/\/dasa.se\/product\/dasa-admin\/#primaryimage"},"image":{"@id":"https:\/\/dasa.se\/product\/dasa-admin\/#primaryimage"},"thumbnailUrl":"https:\/\/dasa.se\/wp-content\/uploads\/2024\/12\/Dasa_Admin_screenshot-1.jpg","datePublished":"2024-12-03T13:20:48+00:00","dateModified":"2026-03-31T11:23:55+00:00","description":"Tehosta toimintaasi Dasa Adminill\u00e4. Taustatoimintoratkaisumme mets\u00e4koneiden laivastojen hallintaan takaa tehokkaan tiedonk\u00e4sittelyn. Tutustu etuihin!","breadcrumb":{"@id":"https:\/\/dasa.se\/product\/dasa-admin\/#breadcrumb"},"inLanguage":"fi","potentialAction":[{"@type":"ReadAction","target":["https:\/\/dasa.se\/product\/dasa-admin\/"]}]},{"@type":"ImageObject","inLanguage":"fi","@id":"https:\/\/dasa.se\/product\/dasa-admin\/#primaryimage","url":"https:\/\/dasa.se\/wp-content\/uploads\/2024\/12\/Dasa_Admin_screenshot-1.jpg","contentUrl":"https:\/\/dasa.se\/wp-content\/uploads\/2024\/12\/Dasa_Admin_screenshot-1.jpg","width":891,"height":712,"caption":"Screenshot of a web-based admin dashboard labeled \"dasa\" displayed over a wide open-pit mine landscape with layered excavations, heavy equipment and tire tracks, published on www.dasa.se."},{"@type":"BreadcrumbList","@id":"https:\/\/dasa.se\/product\/dasa-admin\/#breadcrumb","itemListElement":[{"@type":"ListItem","position":1,"name":"Home","item":"https:\/\/dasa.se\/"},{"@type":"ListItem","position":2,"name":"do not remove!","item":"https:\/\/dasa.se\/?page_id=876"},{"@type":"ListItem","position":3,"name":"Dasa Admin"}]},{"@type":"WebSite","@id":"https:\/\/dasa.se\/#website","url":"https:\/\/dasa.se\/","name":"Dasa: Korkean suorituskyvyn koneenohjausj\u00e4rjestelm\u00e4t","description":"","publisher":{"@id":"https:\/\/dasa.se\/#organization"},"potentialAction":[{"@type":"SearchAction","target":{"@type":"EntryPoint","urlTemplate":"https:\/\/dasa.se\/?s={search_term_string}"},"query-input":{"@type":"PropertyValueSpecification","valueRequired":true,"valueName":"search_term_string"}}],"inLanguage":"fi"},{"@type":"Organization","@id":"https:\/\/dasa.se\/#organization","name":"Dasa: Korkean suorituskyvyn koneenohjausj\u00e4rjestelm\u00e4t","url":"https:\/\/dasa.se\/","logo":{"@type":"ImageObject","inLanguage":"fi","@id":"https:\/\/dasa.se\/#\/schema\/logo\/image\/","url":"https:\/\/dasa.se\/wp-content\/uploads\/2024\/10\/logo3.png","contentUrl":"https:\/\/dasa.se\/wp-content\/uploads\/2024\/10\/logo3.png","width":1000,"height":320,"caption":"Dasa: High-Performance Machine Control Systems"},"image":{"@id":"https:\/\/dasa.se\/#\/schema\/logo\/image\/"},"sameAs":["https:\/\/www.linkedin.com\/company\/dasa-control-systems\/"]}]}},"_links":{"self":[{"href":"https:\/\/dasa.se\/fi\/wp-json\/wp\/v2\/product\/1629","targetHints":{"allow":["GET"]}}],"collection":[{"href":"https:\/\/dasa.se\/fi\/wp-json\/wp\/v2\/product"}],"about":[{"href":"https:\/\/dasa.se\/fi\/wp-json\/wp\/v2\/types\/product"}],"wp:featuredmedia":[{"embeddable":true,"href":"https:\/\/dasa.se\/fi\/wp-json\/wp\/v2\/media\/2187"}],"wp:attachment":[{"href":"https:\/\/dasa.se\/fi\/wp-json\/wp\/v2\/media?parent=1629"}],"wp:term":[{"taxonomy":"product_brand","embeddable":true,"href":"https:\/\/dasa.se\/fi\/wp-json\/wp\/v2\/product_brand?post=1629"},{"taxonomy":"product_cat","embeddable":true,"href":"https:\/\/dasa.se\/fi\/wp-json\/wp\/v2\/product_cat?post=1629"},{"taxonomy":"product_tag","embeddable":true,"href":"https:\/\/dasa.se\/fi\/wp-json\/wp\/v2\/product_tag?post=1629"}],"curies":[{"name":"wp","href":"https:\/\/api.w.org\/{rel}","templated":true}]}}