{"id":1783,"date":"2024-12-16T08:55:47","date_gmt":"2024-12-16T08:55:47","guid":{"rendered":"https:\/\/eznpp.beeweb-orange.io\/?post_type=product&#038;p=1783"},"modified":"2026-03-31T11:26:30","modified_gmt":"2026-03-31T11:26:30","slug":"dop45c","status":"publish","type":"product","link":"https:\/\/dasa.se\/fi\/product\/dop45c\/","title":{"rendered":"dOP45C Tietokone"},"content":{"rendered":"<p>RED-DA-yhteensopiva Windows 11 -k\u00e4ytt\u00f6j\u00e4rjestelm\u00e4\u00e4n perustuva kest\u00e4v\u00e4 PC on suunniteltu vastaamaan mets\u00e4koneiden ammattik\u00e4ytt\u00f6\u00f6n tarkoitettujen sovellusten vaatimuksia ja tarpeita. Sit\u00e4 voidaan k\u00e4ytt\u00e4\u00e4 monenlaisissa liikkuvissa ty\u00f6koneissa ja hy\u00f6tyajoneuvoissa, kun koviin ymp\u00e4rist\u00f6vaatimuksiin yhdistyv\u00e4t my\u00f6s korkeat suorituskykyvaatimukset.<\/p>","protected":false},"excerpt":{"rendered":"<p class=\"heading heading--dot\">Kest\u00e4v\u00e4 tietokone liikkuviin mets\u00e4koneisiin (Windows 11)<\/p>","protected":false},"featured_media":2434,"template":"","meta":[],"product_brand":[],"product_cat":[82,36,37,77],"product_tag":[],"class_list":{"0":"post-1783","1":"product","2":"type-product","3":"status-publish","4":"has-post-thumbnail","6":"product_cat-bucking-hardware-wireless1","7":"product_cat-bucking-hardware-wired7","8":"product_cat-forwarding-hardware","9":"product_cat-bunching-hardware","11":"first","12":"instock","13":"shipping-taxable","14":"product-type-simple"},"yoast_head":"<!-- This site is optimized with the Yoast SEO plugin v26.7 - https:\/\/yoast.com\/wordpress\/plugins\/seo\/ -->\n<title>dOP45C Computer - for Mobile Applications in Forestry<\/title>\n<meta name=\"description\" content=\"Upgrade to the dOP45C Computer, specifically designed for mobile applications in forestry. High performance and durability in a compact format. Read more here!\" \/>\n<meta name=\"robots\" content=\"index, follow, max-snippet:-1, max-image-preview:large, max-video-preview:-1\" \/>\n<link rel=\"canonical\" href=\"https:\/\/dasa.se\/fi\/product\/dop45c\/\" \/>\n<meta property=\"og:locale\" content=\"fi_FI\" \/>\n<meta property=\"og:type\" content=\"article\" \/>\n<meta property=\"og:title\" content=\"dOP45C Computer - for Mobile Applications in Forestry\" \/>\n<meta property=\"og:description\" content=\"Upgrade to the dOP45C Computer, specifically designed for mobile applications in forestry. High performance and durability in a compact format. Read more here!\" \/>\n<meta property=\"og:url\" content=\"https:\/\/dasa.se\/fi\/product\/dop45c\/\" \/>\n<meta property=\"og:site_name\" content=\"Dasa: High-Performance Machine Control Systems\" \/>\n<meta property=\"article:modified_time\" content=\"2026-03-31T11:26:30+00:00\" \/>\n<meta property=\"og:image\" content=\"https:\/\/dasa.se\/wp-content\/uploads\/2025\/06\/Dasa-dOP45C-computer.png\" \/>\n\t<meta property=\"og:image:width\" content=\"1000\" \/>\n\t<meta property=\"og:image:height\" content=\"462\" \/>\n\t<meta property=\"og:image:type\" content=\"image\/png\" \/>\n<meta name=\"twitter:card\" content=\"summary_large_image\" \/>\n<meta name=\"twitter:label1\" content=\"Arvioitu lukuaika\" \/>\n\t<meta name=\"twitter:data1\" content=\"1 minuutti\" \/>\n<script type=\"application\/ld+json\" class=\"yoast-schema-graph\">{\"@context\":\"https:\/\/schema.org\",\"@graph\":[{\"@type\":[\"WebPage\",\"ItemPage\"],\"@id\":\"https:\/\/dasa.se\/product\/dop45c\/\",\"url\":\"https:\/\/dasa.se\/product\/dop45c\/\",\"name\":\"dOP45C Computer - for Mobile Applications in Forestry\",\"isPartOf\":{\"@id\":\"https:\/\/dasa.se\/#website\"},\"primaryImageOfPage\":{\"@id\":\"https:\/\/dasa.se\/product\/dop45c\/#primaryimage\"},\"image\":{\"@id\":\"https:\/\/dasa.se\/product\/dop45c\/#primaryimage\"},\"thumbnailUrl\":\"https:\/\/dasa.se\/wp-content\/uploads\/2025\/06\/Dasa-dOP45C-computer.png\",\"datePublished\":\"2024-12-16T08:55:47+00:00\",\"dateModified\":\"2026-03-31T11:26:30+00:00\",\"description\":\"Upgrade to the dOP45C Computer, specifically designed for mobile applications in forestry. High performance and durability in a compact format. Read more here!\",\"breadcrumb\":{\"@id\":\"https:\/\/dasa.se\/product\/dop45c\/#breadcrumb\"},\"inLanguage\":\"fi\",\"potentialAction\":[{\"@type\":\"ReadAction\",\"target\":[\"https:\/\/dasa.se\/product\/dop45c\/\"]}]},{\"@type\":\"ImageObject\",\"inLanguage\":\"fi\",\"@id\":\"https:\/\/dasa.se\/product\/dop45c\/#primaryimage\",\"url\":\"https:\/\/dasa.se\/wp-content\/uploads\/2025\/06\/Dasa-dOP45C-computer.png\",\"contentUrl\":\"https:\/\/dasa.se\/wp-content\/uploads\/2025\/06\/Dasa-dOP45C-computer.png\",\"width\":1000,\"height\":462,\"caption\":\"Black fanless industrial computer with a finned heat-sink enclosure and a front row of I\/O ports (power, CAN, two LAN, dual DVI, SD card slot, AUX and USB), published on www.dasa.se.\"},{\"@type\":\"BreadcrumbList\",\"@id\":\"https:\/\/dasa.se\/product\/dop45c\/#breadcrumb\",\"itemListElement\":[{\"@type\":\"ListItem\",\"position\":1,\"name\":\"Home\",\"item\":\"https:\/\/dasa.se\/\"},{\"@type\":\"ListItem\",\"position\":2,\"name\":\"do not remove!\",\"item\":\"https:\/\/dasa.se\/?page_id=876\"},{\"@type\":\"ListItem\",\"position\":3,\"name\":\"dOP45C Computer\"}]},{\"@type\":\"WebSite\",\"@id\":\"https:\/\/dasa.se\/#website\",\"url\":\"https:\/\/dasa.se\/\",\"name\":\"Dasa: High-Performance Machine Control Systems\",\"description\":\"\",\"publisher\":{\"@id\":\"https:\/\/dasa.se\/#organization\"},\"potentialAction\":[{\"@type\":\"SearchAction\",\"target\":{\"@type\":\"EntryPoint\",\"urlTemplate\":\"https:\/\/dasa.se\/?s={search_term_string}\"},\"query-input\":{\"@type\":\"PropertyValueSpecification\",\"valueRequired\":true,\"valueName\":\"search_term_string\"}}],\"inLanguage\":\"fi\"},{\"@type\":\"Organization\",\"@id\":\"https:\/\/dasa.se\/#organization\",\"name\":\"Dasa: High-Performance Machine Control Systems\",\"url\":\"https:\/\/dasa.se\/\",\"logo\":{\"@type\":\"ImageObject\",\"inLanguage\":\"fi\",\"@id\":\"https:\/\/dasa.se\/#\/schema\/logo\/image\/\",\"url\":\"https:\/\/dasa.se\/wp-content\/uploads\/2024\/10\/logo3.png\",\"contentUrl\":\"https:\/\/dasa.se\/wp-content\/uploads\/2024\/10\/logo3.png\",\"width\":1000,\"height\":320,\"caption\":\"Dasa: High-Performance Machine Control Systems\"},\"image\":{\"@id\":\"https:\/\/dasa.se\/#\/schema\/logo\/image\/\"},\"sameAs\":[\"https:\/\/www.linkedin.com\/company\/dasa-control-systems\/\"]}]}<\/script>\n<!-- \/ Yoast SEO plugin. -->","yoast_head_json":{"title":"dOP45C Tietokone - mets\u00e4talouden mobiilisovellukset","description":"P\u00e4ivit\u00e4 dOP45C-tietokoneeseen, joka on suunniteltu erityisesti mets\u00e4alan mobiilisovelluksiin. Suorituskykyinen ja kest\u00e4v\u00e4 kompakissa muodossa. Lue lis\u00e4\u00e4 t\u00e4\u00e4lt\u00e4!","robots":{"index":"index","follow":"follow","max-snippet":"max-snippet:-1","max-image-preview":"max-image-preview:large","max-video-preview":"max-video-preview:-1"},"canonical":"https:\/\/dasa.se\/fi\/product\/dop45c\/","og_locale":"fi_FI","og_type":"article","og_title":"dOP45C Computer - for Mobile Applications in Forestry","og_description":"Upgrade to the dOP45C Computer, specifically designed for mobile applications in forestry. High performance and durability in a compact format. Read more here!","og_url":"https:\/\/dasa.se\/fi\/product\/dop45c\/","og_site_name":"Dasa: High-Performance Machine Control Systems","article_modified_time":"2026-03-31T11:26:30+00:00","og_image":[{"width":1000,"height":462,"url":"https:\/\/dasa.se\/wp-content\/uploads\/2025\/06\/Dasa-dOP45C-computer.png","type":"image\/png"}],"twitter_card":"summary_large_image","twitter_misc":{"Arvioitu lukuaika":"1 minuutti"},"schema":{"@context":"https:\/\/schema.org","@graph":[{"@type":["WebPage","ItemPage"],"@id":"https:\/\/dasa.se\/product\/dop45c\/","url":"https:\/\/dasa.se\/product\/dop45c\/","name":"dOP45C Tietokone - mets\u00e4talouden mobiilisovellukset","isPartOf":{"@id":"https:\/\/dasa.se\/#website"},"primaryImageOfPage":{"@id":"https:\/\/dasa.se\/product\/dop45c\/#primaryimage"},"image":{"@id":"https:\/\/dasa.se\/product\/dop45c\/#primaryimage"},"thumbnailUrl":"https:\/\/dasa.se\/wp-content\/uploads\/2025\/06\/Dasa-dOP45C-computer.png","datePublished":"2024-12-16T08:55:47+00:00","dateModified":"2026-03-31T11:26:30+00:00","description":"P\u00e4ivit\u00e4 dOP45C-tietokoneeseen, joka on suunniteltu erityisesti mets\u00e4alan mobiilisovelluksiin. Suorituskykyinen ja kest\u00e4v\u00e4 kompakissa muodossa. Lue lis\u00e4\u00e4 t\u00e4\u00e4lt\u00e4!","breadcrumb":{"@id":"https:\/\/dasa.se\/product\/dop45c\/#breadcrumb"},"inLanguage":"fi","potentialAction":[{"@type":"ReadAction","target":["https:\/\/dasa.se\/product\/dop45c\/"]}]},{"@type":"ImageObject","inLanguage":"fi","@id":"https:\/\/dasa.se\/product\/dop45c\/#primaryimage","url":"https:\/\/dasa.se\/wp-content\/uploads\/2025\/06\/Dasa-dOP45C-computer.png","contentUrl":"https:\/\/dasa.se\/wp-content\/uploads\/2025\/06\/Dasa-dOP45C-computer.png","width":1000,"height":462,"caption":"Black fanless industrial computer with a finned heat-sink enclosure and a front row of I\/O ports (power, CAN, two LAN, dual DVI, SD card slot, AUX and USB), published on www.dasa.se."},{"@type":"BreadcrumbList","@id":"https:\/\/dasa.se\/product\/dop45c\/#breadcrumb","itemListElement":[{"@type":"ListItem","position":1,"name":"Home","item":"https:\/\/dasa.se\/"},{"@type":"ListItem","position":2,"name":"do not remove!","item":"https:\/\/dasa.se\/?page_id=876"},{"@type":"ListItem","position":3,"name":"dOP45C Computer"}]},{"@type":"WebSite","@id":"https:\/\/dasa.se\/#website","url":"https:\/\/dasa.se\/","name":"Dasa: Korkean suorituskyvyn koneenohjausj\u00e4rjestelm\u00e4t","description":"","publisher":{"@id":"https:\/\/dasa.se\/#organization"},"potentialAction":[{"@type":"SearchAction","target":{"@type":"EntryPoint","urlTemplate":"https:\/\/dasa.se\/?s={search_term_string}"},"query-input":{"@type":"PropertyValueSpecification","valueRequired":true,"valueName":"search_term_string"}}],"inLanguage":"fi"},{"@type":"Organization","@id":"https:\/\/dasa.se\/#organization","name":"Dasa: Korkean suorituskyvyn koneenohjausj\u00e4rjestelm\u00e4t","url":"https:\/\/dasa.se\/","logo":{"@type":"ImageObject","inLanguage":"fi","@id":"https:\/\/dasa.se\/#\/schema\/logo\/image\/","url":"https:\/\/dasa.se\/wp-content\/uploads\/2024\/10\/logo3.png","contentUrl":"https:\/\/dasa.se\/wp-content\/uploads\/2024\/10\/logo3.png","width":1000,"height":320,"caption":"Dasa: High-Performance Machine Control Systems"},"image":{"@id":"https:\/\/dasa.se\/#\/schema\/logo\/image\/"},"sameAs":["https:\/\/www.linkedin.com\/company\/dasa-control-systems\/"]}]}},"_links":{"self":[{"href":"https:\/\/dasa.se\/fi\/wp-json\/wp\/v2\/product\/1783","targetHints":{"allow":["GET"]}}],"collection":[{"href":"https:\/\/dasa.se\/fi\/wp-json\/wp\/v2\/product"}],"about":[{"href":"https:\/\/dasa.se\/fi\/wp-json\/wp\/v2\/types\/product"}],"wp:featuredmedia":[{"embeddable":true,"href":"https:\/\/dasa.se\/fi\/wp-json\/wp\/v2\/media\/2434"}],"wp:attachment":[{"href":"https:\/\/dasa.se\/fi\/wp-json\/wp\/v2\/media?parent=1783"}],"wp:term":[{"taxonomy":"product_brand","embeddable":true,"href":"https:\/\/dasa.se\/fi\/wp-json\/wp\/v2\/product_brand?post=1783"},{"taxonomy":"product_cat","embeddable":true,"href":"https:\/\/dasa.se\/fi\/wp-json\/wp\/v2\/product_cat?post=1783"},{"taxonomy":"product_tag","embeddable":true,"href":"https:\/\/dasa.se\/fi\/wp-json\/wp\/v2\/product_tag?post=1783"}],"curies":[{"name":"wp","href":"https:\/\/api.w.org\/{rel}","templated":true}]}}