{"id":1827,"date":"2024-12-18T10:37:46","date_gmt":"2024-12-18T10:37:46","guid":{"rendered":"https:\/\/eznpp.beeweb-orange.io\/?post_type=product&#038;p=1827"},"modified":"2026-03-31T11:25:44","modified_gmt":"2026-03-31T11:25:44","slug":"dasa-h60","status":"publish","type":"product","link":"https:\/\/dasa.se\/fi\/product\/dasa-h60\/","title":{"rendered":"Dasa H60"},"content":{"rendered":"<p>Dasa H60 on k\u00e4ytt\u00e4j\u00e4yst\u00e4v\u00e4llinen ja eritt\u00e4in p\u00e4tev\u00e4 mittalaiteohjelmisto tuotantoprosessin mittaamiseen, valvontaan, seurantaan ja hallintaan. Dasa H60 -ohjelmisto priorisoi (priority bucking) leikattavat pituudet halutun pituusluettelon perusteella. Dasa H60:n avulla voit olla varma, ett\u00e4 j\u00e4rjestelm\u00e4 leikkaa aina haluamasi tukit, ja sinulle taataan korkea tuottavuus ja tuotto.<\/p>\n<p>Dasa H60:ss\u00e4 on moderni ja tehokas k\u00e4ytt\u00f6liittym\u00e4, joka on suunniteltu k\u00e4ytett\u00e4v\u00e4ksi j\u00e4rjestelm\u00e4n kosketusn\u00e4yt\u00f6ll\u00e4. J\u00e4rjestelm\u00e4n asetukset ja muut toiminnot l\u00f6ytyv\u00e4t p\u00e4\u00e4valikosta, jossa on looginen ja intuitiivinen navigointi. Jos k\u00e4ytt\u00e4j\u00e4 tarvitsee opastusta, k\u00e4yt\u00f6ss\u00e4 on sis\u00e4\u00e4nrakennettu tukitoiminto, johon p\u00e4\u00e4see oikeassa yl\u00e4kulmassa olevan kysymysmerkin kautta. Jos jossakin harvesterissa on ongelma, visuaaliset diagnoosisivut antavat nopean yleiskuvan, jotta seisokit voidaan v\u00e4ltt\u00e4\u00e4.<\/p>\n<p>Dasa H60 -ohjelmisto on suunniteltu StanForD 2010:n mukaisesti, ja tiedostot voidaan vied\u00e4 sek\u00e4 StanForD 2010- ett\u00e4 StanForD classic -muodossa. Dasa H60 -ohjelmassa on eritt\u00e4in hyv\u00e4 k\u00e4ytt\u00f6liittym\u00e4 pituuksien, puulajien ja tuoteryhmien hallintaan, joten on helppo luoda tuoteluettelo ja asettaa prioriteetti. Ohjelmaan voidaan my\u00f6s tuoda puunkorjuuohjeita.<\/p>\n<p>Dasa H60 -j\u00e4rjestelm\u00e4n, peruskoneen ja harvesterip\u00e4\u00e4n vahvuuksien yhdist\u00e4miseksi on mahdollista mukauttaa toimintoja ja k\u00e4ytt\u00f6liittym\u00e4n osia.<\/p>\n<p>Jos haluat saada enemm\u00e4n hy\u00f6ty\u00e4, suosittelemme Dasa H60:n yhdist\u00e4mist\u00e4 muihin ohjelmistoihin ja palveluihin, kuten Dasa GeoInfoon, Dasa Insightiin ja TeamVieweriin.<\/p>","protected":false},"excerpt":{"rendered":"<p>Dasa H60 -ohjelmisto priorisoi (prioriteetti) pituuksia leikattavaksi haluttujen pituuksien luettelon perusteella. Dasa H60:n avulla voit olla varma, ett\u00e4 j\u00e4rjestelm\u00e4 leikkaa aina haluamasi tukit, ja sinulle taataan korkea tuottavuus ja tuotto.<\/p>","protected":false},"featured_media":1828,"template":"","meta":[],"product_brand":[],"product_cat":[33],"product_tag":[],"class_list":{"0":"post-1827","1":"product","2":"type-product","3":"status-publish","4":"has-post-thumbnail","6":"product_cat-bucking-software","8":"first","9":"instock","10":"shipping-taxable","11":"product-type-simple"},"yoast_head":"<!-- This site is optimized with the Yoast SEO plugin v26.7 - https:\/\/yoast.com\/wordpress\/plugins\/seo\/ -->\n<title>Dasa H60 \u2013 Log Bucking Software for Forestry Output | Dasa<\/title>\n<meta name=\"description\" content=\"Maximize your forestry output with Dasa H60. Our advanced log bucking software ensures high precision and efficiency for professional loggers. Read more here!\" \/>\n<meta name=\"robots\" content=\"index, follow, max-snippet:-1, max-image-preview:large, max-video-preview:-1\" \/>\n<link rel=\"canonical\" href=\"https:\/\/dasa.se\/fi\/product\/dasa-h60\/\" \/>\n<meta property=\"og:locale\" content=\"fi_FI\" \/>\n<meta property=\"og:type\" content=\"article\" \/>\n<meta property=\"og:title\" content=\"Dasa H60 \u2013 Log Bucking Software for Forestry Output | Dasa\" \/>\n<meta property=\"og:description\" content=\"Maximize your forestry output with Dasa H60. Our advanced log bucking software ensures high precision and efficiency for professional loggers. Read more here!\" \/>\n<meta property=\"og:url\" content=\"https:\/\/dasa.se\/fi\/product\/dasa-h60\/\" \/>\n<meta property=\"og:site_name\" content=\"Dasa: High-Performance Machine Control Systems\" \/>\n<meta property=\"article:modified_time\" content=\"2026-03-31T11:25:44+00:00\" \/>\n<meta property=\"og:image\" content=\"https:\/\/dasa.se\/wp-content\/uploads\/2024\/12\/H60.png\" \/>\n\t<meta property=\"og:image:width\" content=\"1800\" \/>\n\t<meta property=\"og:image:height\" content=\"1800\" \/>\n\t<meta property=\"og:image:type\" content=\"image\/png\" \/>\n<meta name=\"twitter:card\" content=\"summary_large_image\" \/>\n<meta name=\"twitter:label1\" content=\"Arvioitu lukuaika\" \/>\n\t<meta name=\"twitter:data1\" content=\"2 minuuttia\" \/>\n<script type=\"application\/ld+json\" class=\"yoast-schema-graph\">{\"@context\":\"https:\/\/schema.org\",\"@graph\":[{\"@type\":[\"WebPage\",\"ItemPage\"],\"@id\":\"https:\/\/dasa.se\/product\/dasa-h60\/\",\"url\":\"https:\/\/dasa.se\/product\/dasa-h60\/\",\"name\":\"Dasa H60 \u2013 Log Bucking Software for Forestry Output | Dasa\",\"isPartOf\":{\"@id\":\"https:\/\/dasa.se\/#website\"},\"primaryImageOfPage\":{\"@id\":\"https:\/\/dasa.se\/product\/dasa-h60\/#primaryimage\"},\"image\":{\"@id\":\"https:\/\/dasa.se\/product\/dasa-h60\/#primaryimage\"},\"thumbnailUrl\":\"https:\/\/dasa.se\/wp-content\/uploads\/2024\/12\/H60.png\",\"datePublished\":\"2024-12-18T10:37:46+00:00\",\"dateModified\":\"2026-03-31T11:25:44+00:00\",\"description\":\"Maximize your forestry output with Dasa H60. Our advanced log bucking software ensures high precision and efficiency for professional loggers. Read more here!\",\"breadcrumb\":{\"@id\":\"https:\/\/dasa.se\/product\/dasa-h60\/#breadcrumb\"},\"inLanguage\":\"fi\",\"potentialAction\":[{\"@type\":\"ReadAction\",\"target\":[\"https:\/\/dasa.se\/product\/dasa-h60\/\"]}]},{\"@type\":\"ImageObject\",\"inLanguage\":\"fi\",\"@id\":\"https:\/\/dasa.se\/product\/dasa-h60\/#primaryimage\",\"url\":\"https:\/\/dasa.se\/wp-content\/uploads\/2024\/12\/H60.png\",\"contentUrl\":\"https:\/\/dasa.se\/wp-content\/uploads\/2024\/12\/H60.png\",\"width\":1800,\"height\":1800,\"caption\":\"Screenshot of a timber-measurement dashboard showing large numeric panels (504 in green and 235), a \\\"Pine\\\" label, a colored volume bar chart, various icons and status readouts, published on www.dasa.se.\"},{\"@type\":\"BreadcrumbList\",\"@id\":\"https:\/\/dasa.se\/product\/dasa-h60\/#breadcrumb\",\"itemListElement\":[{\"@type\":\"ListItem\",\"position\":1,\"name\":\"Home\",\"item\":\"https:\/\/dasa.se\/\"},{\"@type\":\"ListItem\",\"position\":2,\"name\":\"do not remove!\",\"item\":\"https:\/\/dasa.se\/?page_id=876\"},{\"@type\":\"ListItem\",\"position\":3,\"name\":\"Dasa H60\"}]},{\"@type\":\"WebSite\",\"@id\":\"https:\/\/dasa.se\/#website\",\"url\":\"https:\/\/dasa.se\/\",\"name\":\"Dasa: High-Performance Machine Control Systems\",\"description\":\"\",\"publisher\":{\"@id\":\"https:\/\/dasa.se\/#organization\"},\"potentialAction\":[{\"@type\":\"SearchAction\",\"target\":{\"@type\":\"EntryPoint\",\"urlTemplate\":\"https:\/\/dasa.se\/?s={search_term_string}\"},\"query-input\":{\"@type\":\"PropertyValueSpecification\",\"valueRequired\":true,\"valueName\":\"search_term_string\"}}],\"inLanguage\":\"fi\"},{\"@type\":\"Organization\",\"@id\":\"https:\/\/dasa.se\/#organization\",\"name\":\"Dasa: High-Performance Machine Control Systems\",\"url\":\"https:\/\/dasa.se\/\",\"logo\":{\"@type\":\"ImageObject\",\"inLanguage\":\"fi\",\"@id\":\"https:\/\/dasa.se\/#\/schema\/logo\/image\/\",\"url\":\"https:\/\/dasa.se\/wp-content\/uploads\/2024\/10\/logo3.png\",\"contentUrl\":\"https:\/\/dasa.se\/wp-content\/uploads\/2024\/10\/logo3.png\",\"width\":1000,\"height\":320,\"caption\":\"Dasa: High-Performance Machine Control Systems\"},\"image\":{\"@id\":\"https:\/\/dasa.se\/#\/schema\/logo\/image\/\"},\"sameAs\":[\"https:\/\/www.linkedin.com\/company\/dasa-control-systems\/\"]}]}<\/script>\n<!-- \/ Yoast SEO plugin. -->","yoast_head_json":{"title":"Dasa H60 - Mets\u00e4talouden tukkien kaatoohjelmisto | Dasa","description":"Maksimoi mets\u00e4taloutesi tuotos Dasa H60:ll\u00e4. Edistyksellinen tukkien katkaisuohjelmistomme takaa korkean tarkkuuden ja tehokkuuden ammattimaisille metsureille. Lue lis\u00e4\u00e4 t\u00e4\u00e4lt\u00e4!","robots":{"index":"index","follow":"follow","max-snippet":"max-snippet:-1","max-image-preview":"max-image-preview:large","max-video-preview":"max-video-preview:-1"},"canonical":"https:\/\/dasa.se\/fi\/product\/dasa-h60\/","og_locale":"fi_FI","og_type":"article","og_title":"Dasa H60 \u2013 Log Bucking Software for Forestry Output | Dasa","og_description":"Maximize your forestry output with Dasa H60. Our advanced log bucking software ensures high precision and efficiency for professional loggers. Read more here!","og_url":"https:\/\/dasa.se\/fi\/product\/dasa-h60\/","og_site_name":"Dasa: High-Performance Machine Control Systems","article_modified_time":"2026-03-31T11:25:44+00:00","og_image":[{"width":1800,"height":1800,"url":"https:\/\/dasa.se\/wp-content\/uploads\/2024\/12\/H60.png","type":"image\/png"}],"twitter_card":"summary_large_image","twitter_misc":{"Arvioitu lukuaika":"2 minuuttia"},"schema":{"@context":"https:\/\/schema.org","@graph":[{"@type":["WebPage","ItemPage"],"@id":"https:\/\/dasa.se\/product\/dasa-h60\/","url":"https:\/\/dasa.se\/product\/dasa-h60\/","name":"Dasa H60 - Mets\u00e4talouden tukkien kaatoohjelmisto | Dasa","isPartOf":{"@id":"https:\/\/dasa.se\/#website"},"primaryImageOfPage":{"@id":"https:\/\/dasa.se\/product\/dasa-h60\/#primaryimage"},"image":{"@id":"https:\/\/dasa.se\/product\/dasa-h60\/#primaryimage"},"thumbnailUrl":"https:\/\/dasa.se\/wp-content\/uploads\/2024\/12\/H60.png","datePublished":"2024-12-18T10:37:46+00:00","dateModified":"2026-03-31T11:25:44+00:00","description":"Maksimoi mets\u00e4taloutesi tuotos Dasa H60:ll\u00e4. Edistyksellinen tukkien katkaisuohjelmistomme takaa korkean tarkkuuden ja tehokkuuden ammattimaisille metsureille. Lue lis\u00e4\u00e4 t\u00e4\u00e4lt\u00e4!","breadcrumb":{"@id":"https:\/\/dasa.se\/product\/dasa-h60\/#breadcrumb"},"inLanguage":"fi","potentialAction":[{"@type":"ReadAction","target":["https:\/\/dasa.se\/product\/dasa-h60\/"]}]},{"@type":"ImageObject","inLanguage":"fi","@id":"https:\/\/dasa.se\/product\/dasa-h60\/#primaryimage","url":"https:\/\/dasa.se\/wp-content\/uploads\/2024\/12\/H60.png","contentUrl":"https:\/\/dasa.se\/wp-content\/uploads\/2024\/12\/H60.png","width":1800,"height":1800,"caption":"Screenshot of a timber-measurement dashboard showing large numeric panels (504 in green and 235), a \"Pine\" label, a colored volume bar chart, various icons and status readouts, published on www.dasa.se."},{"@type":"BreadcrumbList","@id":"https:\/\/dasa.se\/product\/dasa-h60\/#breadcrumb","itemListElement":[{"@type":"ListItem","position":1,"name":"Home","item":"https:\/\/dasa.se\/"},{"@type":"ListItem","position":2,"name":"do not remove!","item":"https:\/\/dasa.se\/?page_id=876"},{"@type":"ListItem","position":3,"name":"Dasa H60"}]},{"@type":"WebSite","@id":"https:\/\/dasa.se\/#website","url":"https:\/\/dasa.se\/","name":"Dasa: Korkean suorituskyvyn koneenohjausj\u00e4rjestelm\u00e4t","description":"","publisher":{"@id":"https:\/\/dasa.se\/#organization"},"potentialAction":[{"@type":"SearchAction","target":{"@type":"EntryPoint","urlTemplate":"https:\/\/dasa.se\/?s={search_term_string}"},"query-input":{"@type":"PropertyValueSpecification","valueRequired":true,"valueName":"search_term_string"}}],"inLanguage":"fi"},{"@type":"Organization","@id":"https:\/\/dasa.se\/#organization","name":"Dasa: Korkean suorituskyvyn koneenohjausj\u00e4rjestelm\u00e4t","url":"https:\/\/dasa.se\/","logo":{"@type":"ImageObject","inLanguage":"fi","@id":"https:\/\/dasa.se\/#\/schema\/logo\/image\/","url":"https:\/\/dasa.se\/wp-content\/uploads\/2024\/10\/logo3.png","contentUrl":"https:\/\/dasa.se\/wp-content\/uploads\/2024\/10\/logo3.png","width":1000,"height":320,"caption":"Dasa: High-Performance Machine Control Systems"},"image":{"@id":"https:\/\/dasa.se\/#\/schema\/logo\/image\/"},"sameAs":["https:\/\/www.linkedin.com\/company\/dasa-control-systems\/"]}]}},"_links":{"self":[{"href":"https:\/\/dasa.se\/fi\/wp-json\/wp\/v2\/product\/1827","targetHints":{"allow":["GET"]}}],"collection":[{"href":"https:\/\/dasa.se\/fi\/wp-json\/wp\/v2\/product"}],"about":[{"href":"https:\/\/dasa.se\/fi\/wp-json\/wp\/v2\/types\/product"}],"wp:featuredmedia":[{"embeddable":true,"href":"https:\/\/dasa.se\/fi\/wp-json\/wp\/v2\/media\/1828"}],"wp:attachment":[{"href":"https:\/\/dasa.se\/fi\/wp-json\/wp\/v2\/media?parent=1827"}],"wp:term":[{"taxonomy":"product_brand","embeddable":true,"href":"https:\/\/dasa.se\/fi\/wp-json\/wp\/v2\/product_brand?post=1827"},{"taxonomy":"product_cat","embeddable":true,"href":"https:\/\/dasa.se\/fi\/wp-json\/wp\/v2\/product_cat?post=1827"},{"taxonomy":"product_tag","embeddable":true,"href":"https:\/\/dasa.se\/fi\/wp-json\/wp\/v2\/product_tag?post=1827"}],"curies":[{"name":"wp","href":"https:\/\/api.w.org\/{rel}","templated":true}]}}