{"id":1832,"date":"2024-12-19T09:51:44","date_gmt":"2024-12-19T09:51:44","guid":{"rendered":"https:\/\/eznpp.beeweb-orange.io\/?post_type=product&#038;p=1832"},"modified":"2026-03-31T11:24:45","modified_gmt":"2026-03-31T11:24:45","slug":"dasa-h50","status":"publish","type":"product","link":"https:\/\/dasa.se\/fi\/product\/dasa-h50\/","title":{"rendered":"Dasa H50"},"content":{"rendered":"<p>Dasa H50 on vankka ja helppok\u00e4ytt\u00f6inen poimintaohjelmisto tuotantoprosessin mittaamiseen ja ohjaamiseen. Aseta vain pituuden ja halkaisijan prioriteetti, ja Dasa H50 varmistaa, ett\u00e4 saat halutun tuloksen. K\u00e4ytt\u00f6liittym\u00e4 on nykyaikainen, ja sen ulkoasu on samankaltainen kuin \u00e4lypuhelimessa.<\/p>\n<p>Dasa H50:n kaikki t\u00e4rke\u00e4t toiminnot l\u00f6ytyv\u00e4t n\u00e4yt\u00f6lt\u00e4 suurten, erottuvien painikkeiden ja valikoiden kautta. Leikkuuohjeet luodaan ja muokataan suoraan koneessa, ja ohjelma pystyy k\u00e4sittelem\u00e4\u00e4n useita sopimuksia. Pituuden ja halkaisijan kalibrointi ja tarkastusmittaus voidaan tehd\u00e4 manuaalisesti tai tietokoneen kalibrointilaitteella. On mahdollista k\u00e4ytt\u00e4\u00e4 kehittyneempi\u00e4 ominaisuuksia, kuten kuoritoimintoa, tilavuustyyppi\u00e4 ja tuotehallintaa. Kuljettajien hallinta, tuotannon raportointi ja varmuuskopiointi ovat muita k\u00e4yt\u00e4nn\u00f6llisi\u00e4 toimintoja.<\/p>\n<p>Dasa H50 on saatavana my\u00f6s yksinkertaisessa \u201ctilassa\u201d, jossa sinun ei tarvitse luoda sopimusta. Tarvitaan vain prioriteettilista pituuksineen.<\/p>\n<p>Et\u00e4tuki on mahdollista kytkem\u00e4ll\u00e4 yhteys olemassa olevan Internet-yhteyden (joka voi olla jo koneessa), erillisen modeemin (lis\u00e4varuste) tai k\u00e4ytt\u00e4j\u00e4n matkapuhelimen kautta. N\u00e4in huoltoteknikko voi auttaa vianetsinn\u00e4ss\u00e4 ja asetusten m\u00e4\u00e4ritt\u00e4misess\u00e4 et\u00e4n\u00e4 ilman, ett\u00e4 h\u00e4n on fyysisesti l\u00e4sn\u00e4 koneen luona. Dasa H50 -koneeseen on my\u00f6s mahdollista liitt\u00e4\u00e4 kamera ja tarkastella sen kuvaa. Hyv\u00e4 esimerkki k\u00e4yt\u00f6st\u00e4 on t\u00e4m\u00e4n toiminnon k\u00e4ytt\u00e4minen peruutuskamerassa.<\/p>\n<p>Dasa H50 -j\u00e4rjestelm\u00e4n, peruskoneen ja k\u00e4sittelyp\u00e4\u00e4n vahvuuksien yhdist\u00e4miseksi on mahdollista mukauttaa toimintoja ja k\u00e4ytt\u00f6liittym\u00e4n osia.<\/p>","protected":false},"excerpt":{"rendered":"<p>Dasa H50 on vankka ja helppok\u00e4ytt\u00f6inen poimintaohjelmisto tuotantoprosessin mittaamiseen ja ohjaamiseen. Aseta vain pituuden ja halkaisijan prioriteetti, ja Dasa H50 varmistaa, ett\u00e4 saat halutun tuloksen.<\/p>","protected":false},"featured_media":1833,"template":"","meta":[],"product_brand":[],"product_cat":[33],"product_tag":[],"class_list":{"0":"post-1832","1":"product","2":"type-product","3":"status-publish","4":"has-post-thumbnail","6":"product_cat-bucking-software","8":"first","9":"instock","10":"shipping-taxable","11":"product-type-simple"},"yoast_head":"<!-- This site is optimized with the Yoast SEO plugin v26.7 - https:\/\/yoast.com\/wordpress\/plugins\/seo\/ -->\n<title>Dasa H50 \u2013 Robust Easy-to-Use Log Bucking Software | Dasa<\/title>\n<meta name=\"description\" content=\"Maximize your yield with Dasa H50. Our robust and easy-to-use log bucking software is designed for professional forestry operations. Explore the features here!\" \/>\n<meta name=\"robots\" content=\"index, follow, max-snippet:-1, max-image-preview:large, max-video-preview:-1\" \/>\n<link rel=\"canonical\" href=\"https:\/\/dasa.se\/fi\/product\/dasa-h50\/\" \/>\n<meta property=\"og:locale\" content=\"fi_FI\" \/>\n<meta property=\"og:type\" content=\"article\" \/>\n<meta property=\"og:title\" content=\"Dasa H50 \u2013 Robust Easy-to-Use Log Bucking Software | Dasa\" \/>\n<meta property=\"og:description\" content=\"Maximize your yield with Dasa H50. Our robust and easy-to-use log bucking software is designed for professional forestry operations. Explore the features here!\" \/>\n<meta property=\"og:url\" content=\"https:\/\/dasa.se\/fi\/product\/dasa-h50\/\" \/>\n<meta property=\"og:site_name\" content=\"Dasa: High-Performance Machine Control Systems\" \/>\n<meta property=\"article:modified_time\" content=\"2026-03-31T11:24:45+00:00\" \/>\n<meta property=\"og:image\" content=\"https:\/\/dasa.se\/wp-content\/uploads\/2024\/12\/H50_display-en.png\" \/>\n\t<meta property=\"og:image:width\" content=\"2000\" \/>\n\t<meta property=\"og:image:height\" content=\"1818\" \/>\n\t<meta property=\"og:image:type\" content=\"image\/png\" \/>\n<meta name=\"twitter:card\" content=\"summary_large_image\" \/>\n<meta name=\"twitter:label1\" content=\"Arvioitu lukuaika\" \/>\n\t<meta name=\"twitter:data1\" content=\"2 minuuttia\" \/>\n<script type=\"application\/ld+json\" class=\"yoast-schema-graph\">{\"@context\":\"https:\/\/schema.org\",\"@graph\":[{\"@type\":[\"WebPage\",\"ItemPage\"],\"@id\":\"https:\/\/dasa.se\/product\/dasa-h50\/\",\"url\":\"https:\/\/dasa.se\/product\/dasa-h50\/\",\"name\":\"Dasa H50 \u2013 Robust Easy-to-Use Log Bucking Software | Dasa\",\"isPartOf\":{\"@id\":\"https:\/\/dasa.se\/#website\"},\"primaryImageOfPage\":{\"@id\":\"https:\/\/dasa.se\/product\/dasa-h50\/#primaryimage\"},\"image\":{\"@id\":\"https:\/\/dasa.se\/product\/dasa-h50\/#primaryimage\"},\"thumbnailUrl\":\"https:\/\/dasa.se\/wp-content\/uploads\/2024\/12\/H50_display-en.png\",\"datePublished\":\"2024-12-19T09:51:44+00:00\",\"dateModified\":\"2026-03-31T11:24:45+00:00\",\"description\":\"Maximize your yield with Dasa H50. Our robust and easy-to-use log bucking software is designed for professional forestry operations. Explore the features here!\",\"breadcrumb\":{\"@id\":\"https:\/\/dasa.se\/product\/dasa-h50\/#breadcrumb\"},\"inLanguage\":\"fi\",\"potentialAction\":[{\"@type\":\"ReadAction\",\"target\":[\"https:\/\/dasa.se\/product\/dasa-h50\/\"]}]},{\"@type\":\"ImageObject\",\"inLanguage\":\"fi\",\"@id\":\"https:\/\/dasa.se\/product\/dasa-h50\/#primaryimage\",\"url\":\"https:\/\/dasa.se\/wp-content\/uploads\/2024\/12\/H50_display-en.png\",\"contentUrl\":\"https:\/\/dasa.se\/wp-content\/uploads\/2024\/12\/H50_display-en.png\",\"width\":2000,\"height\":1818,\"caption\":\"Dashboard-style interface showing \\\"300\\\" labeled Pulp 300 on the left, a spruce tree icon in the center, \\\"104\\\" on the right, a green-to-tan progress bar with markers and small status icons along the bottom, published on www.dasa.se.\"},{\"@type\":\"BreadcrumbList\",\"@id\":\"https:\/\/dasa.se\/product\/dasa-h50\/#breadcrumb\",\"itemListElement\":[{\"@type\":\"ListItem\",\"position\":1,\"name\":\"Home\",\"item\":\"https:\/\/dasa.se\/\"},{\"@type\":\"ListItem\",\"position\":2,\"name\":\"do not remove!\",\"item\":\"https:\/\/dasa.se\/?page_id=876\"},{\"@type\":\"ListItem\",\"position\":3,\"name\":\"Dasa H50\"}]},{\"@type\":\"WebSite\",\"@id\":\"https:\/\/dasa.se\/#website\",\"url\":\"https:\/\/dasa.se\/\",\"name\":\"Dasa: High-Performance Machine Control Systems\",\"description\":\"\",\"publisher\":{\"@id\":\"https:\/\/dasa.se\/#organization\"},\"potentialAction\":[{\"@type\":\"SearchAction\",\"target\":{\"@type\":\"EntryPoint\",\"urlTemplate\":\"https:\/\/dasa.se\/?s={search_term_string}\"},\"query-input\":{\"@type\":\"PropertyValueSpecification\",\"valueRequired\":true,\"valueName\":\"search_term_string\"}}],\"inLanguage\":\"fi\"},{\"@type\":\"Organization\",\"@id\":\"https:\/\/dasa.se\/#organization\",\"name\":\"Dasa: High-Performance Machine Control Systems\",\"url\":\"https:\/\/dasa.se\/\",\"logo\":{\"@type\":\"ImageObject\",\"inLanguage\":\"fi\",\"@id\":\"https:\/\/dasa.se\/#\/schema\/logo\/image\/\",\"url\":\"https:\/\/dasa.se\/wp-content\/uploads\/2024\/10\/logo3.png\",\"contentUrl\":\"https:\/\/dasa.se\/wp-content\/uploads\/2024\/10\/logo3.png\",\"width\":1000,\"height\":320,\"caption\":\"Dasa: High-Performance Machine Control Systems\"},\"image\":{\"@id\":\"https:\/\/dasa.se\/#\/schema\/logo\/image\/\"},\"sameAs\":[\"https:\/\/www.linkedin.com\/company\/dasa-control-systems\/\"]}]}<\/script>\n<!-- \/ Yoast SEO plugin. -->","yoast_head_json":{"title":"Dasa H50 - Vankka ja helppok\u00e4ytt\u00f6inen tukinmuokkausohjelmisto | Dasa","description":"Maksimoi satosi Dasa H50:n avulla. Vankka ja helppok\u00e4ytt\u00f6inen tukkipuintiohjelmistomme on suunniteltu ammattimaiseen mets\u00e4talouteen. Tutustu ominaisuuksiin t\u00e4\u00e4ll\u00e4!","robots":{"index":"index","follow":"follow","max-snippet":"max-snippet:-1","max-image-preview":"max-image-preview:large","max-video-preview":"max-video-preview:-1"},"canonical":"https:\/\/dasa.se\/fi\/product\/dasa-h50\/","og_locale":"fi_FI","og_type":"article","og_title":"Dasa H50 \u2013 Robust Easy-to-Use Log Bucking Software | Dasa","og_description":"Maximize your yield with Dasa H50. Our robust and easy-to-use log bucking software is designed for professional forestry operations. Explore the features here!","og_url":"https:\/\/dasa.se\/fi\/product\/dasa-h50\/","og_site_name":"Dasa: High-Performance Machine Control Systems","article_modified_time":"2026-03-31T11:24:45+00:00","og_image":[{"width":2000,"height":1818,"url":"https:\/\/dasa.se\/wp-content\/uploads\/2024\/12\/H50_display-en.png","type":"image\/png"}],"twitter_card":"summary_large_image","twitter_misc":{"Arvioitu lukuaika":"2 minuuttia"},"schema":{"@context":"https:\/\/schema.org","@graph":[{"@type":["WebPage","ItemPage"],"@id":"https:\/\/dasa.se\/product\/dasa-h50\/","url":"https:\/\/dasa.se\/product\/dasa-h50\/","name":"Dasa H50 - Vankka ja helppok\u00e4ytt\u00f6inen tukinmuokkausohjelmisto | Dasa","isPartOf":{"@id":"https:\/\/dasa.se\/#website"},"primaryImageOfPage":{"@id":"https:\/\/dasa.se\/product\/dasa-h50\/#primaryimage"},"image":{"@id":"https:\/\/dasa.se\/product\/dasa-h50\/#primaryimage"},"thumbnailUrl":"https:\/\/dasa.se\/wp-content\/uploads\/2024\/12\/H50_display-en.png","datePublished":"2024-12-19T09:51:44+00:00","dateModified":"2026-03-31T11:24:45+00:00","description":"Maksimoi satosi Dasa H50:n avulla. Vankka ja helppok\u00e4ytt\u00f6inen tukkipuintiohjelmistomme on suunniteltu ammattimaiseen mets\u00e4talouteen. Tutustu ominaisuuksiin t\u00e4\u00e4ll\u00e4!","breadcrumb":{"@id":"https:\/\/dasa.se\/product\/dasa-h50\/#breadcrumb"},"inLanguage":"fi","potentialAction":[{"@type":"ReadAction","target":["https:\/\/dasa.se\/product\/dasa-h50\/"]}]},{"@type":"ImageObject","inLanguage":"fi","@id":"https:\/\/dasa.se\/product\/dasa-h50\/#primaryimage","url":"https:\/\/dasa.se\/wp-content\/uploads\/2024\/12\/H50_display-en.png","contentUrl":"https:\/\/dasa.se\/wp-content\/uploads\/2024\/12\/H50_display-en.png","width":2000,"height":1818,"caption":"Dashboard-style interface showing \"300\" labeled Pulp 300 on the left, a spruce tree icon in the center, \"104\" on the right, a green-to-tan progress bar with markers and small status icons along the bottom, published on www.dasa.se."},{"@type":"BreadcrumbList","@id":"https:\/\/dasa.se\/product\/dasa-h50\/#breadcrumb","itemListElement":[{"@type":"ListItem","position":1,"name":"Home","item":"https:\/\/dasa.se\/"},{"@type":"ListItem","position":2,"name":"do not remove!","item":"https:\/\/dasa.se\/?page_id=876"},{"@type":"ListItem","position":3,"name":"Dasa H50"}]},{"@type":"WebSite","@id":"https:\/\/dasa.se\/#website","url":"https:\/\/dasa.se\/","name":"Dasa: Korkean suorituskyvyn koneenohjausj\u00e4rjestelm\u00e4t","description":"","publisher":{"@id":"https:\/\/dasa.se\/#organization"},"potentialAction":[{"@type":"SearchAction","target":{"@type":"EntryPoint","urlTemplate":"https:\/\/dasa.se\/?s={search_term_string}"},"query-input":{"@type":"PropertyValueSpecification","valueRequired":true,"valueName":"search_term_string"}}],"inLanguage":"fi"},{"@type":"Organization","@id":"https:\/\/dasa.se\/#organization","name":"Dasa: Korkean suorituskyvyn koneenohjausj\u00e4rjestelm\u00e4t","url":"https:\/\/dasa.se\/","logo":{"@type":"ImageObject","inLanguage":"fi","@id":"https:\/\/dasa.se\/#\/schema\/logo\/image\/","url":"https:\/\/dasa.se\/wp-content\/uploads\/2024\/10\/logo3.png","contentUrl":"https:\/\/dasa.se\/wp-content\/uploads\/2024\/10\/logo3.png","width":1000,"height":320,"caption":"Dasa: High-Performance Machine Control Systems"},"image":{"@id":"https:\/\/dasa.se\/#\/schema\/logo\/image\/"},"sameAs":["https:\/\/www.linkedin.com\/company\/dasa-control-systems\/"]}]}},"_links":{"self":[{"href":"https:\/\/dasa.se\/fi\/wp-json\/wp\/v2\/product\/1832","targetHints":{"allow":["GET"]}}],"collection":[{"href":"https:\/\/dasa.se\/fi\/wp-json\/wp\/v2\/product"}],"about":[{"href":"https:\/\/dasa.se\/fi\/wp-json\/wp\/v2\/types\/product"}],"wp:featuredmedia":[{"embeddable":true,"href":"https:\/\/dasa.se\/fi\/wp-json\/wp\/v2\/media\/1833"}],"wp:attachment":[{"href":"https:\/\/dasa.se\/fi\/wp-json\/wp\/v2\/media?parent=1832"}],"wp:term":[{"taxonomy":"product_brand","embeddable":true,"href":"https:\/\/dasa.se\/fi\/wp-json\/wp\/v2\/product_brand?post=1832"},{"taxonomy":"product_cat","embeddable":true,"href":"https:\/\/dasa.se\/fi\/wp-json\/wp\/v2\/product_cat?post=1832"},{"taxonomy":"product_tag","embeddable":true,"href":"https:\/\/dasa.se\/fi\/wp-json\/wp\/v2\/product_tag?post=1832"}],"curies":[{"name":"wp","href":"https:\/\/api.w.org\/{rel}","templated":true}]}}