{"id":1891,"date":"2025-01-07T12:23:09","date_gmt":"2025-01-07T12:23:09","guid":{"rendered":"https:\/\/eznpp.beeweb-orange.io\/?post_type=product&#038;p=1891"},"modified":"2026-03-31T11:31:43","modified_gmt":"2026-03-31T11:31:43","slug":"dasa-wireless-1","status":"publish","type":"product","link":"https:\/\/dasa.se\/fi\/product\/dasa-wireless-1\/","title":{"rendered":"Dasa Wireless 1"},"content":{"rendered":"<p>Dasa Wireless 1 on langaton ohjausj\u00e4rjestelm\u00e4. Sinun ei tarvitse en\u00e4\u00e4 koskaan huolehtia rikkin\u00e4isist\u00e4 datakaapeleista - mik\u00e4 tarkoittaa tietenkin lis\u00e4\u00e4ntynytt\u00e4 k\u00e4ytt\u00f6aikaa.<\/p>\n<p>Langaton viestint\u00e4. Haarat ja jatkuvat liikkeet eiv\u00e4t ole ongelma, koska langaton yksikk\u00f6 on asennettu p\u00e4\u00e4h\u00e4n. Kaapeleiden korvaaminen nopealla ja luotettavalla yhteydell\u00e4 tarkoittaa, ett\u00e4 k\u00e4ytt\u00e4j\u00e4n ja solkiyksik\u00f6n v\u00e4linen viestint\u00e4 ei ole herkk\u00e4 fyysisille olosuhteille.<\/p>\n<p>T\u00e4ydellinen vapaus. T\u00e4m\u00e4 antaa sinulle t\u00e4ydellisen vapauden siirt\u00e4\u00e4 nosturia tai puomia ja k\u00e4\u00e4nt\u00e4\u00e4 p\u00e4\u00e4t\u00e4 ilman tiedonsiirtovian riski\u00e4. Dasa Wireless 1 on joustava - ja suunniteltu sopimaan kaikentyyppisiin kantolaitteisiin. My\u00f6s harvesterip\u00e4\u00e4n asentaminen ja vaihtaminen on nopeampaa ja suoraviivaisempaa.<\/p>\n<p>Dasa Wireless 1 on innovaatio, joka selviytyy nykyaikaisen mets\u00e4talouden haasteista. Se on yksi monista tuotteista, joita voidaan k\u00e4ytt\u00e4\u00e4 yhdistetyss\u00e4 j\u00e4rjestelm\u00e4ss\u00e4, joka tehostaa ja yksinkertaistaa mets\u00e4alan ihmisten ja yritysten ty\u00f6t\u00e4. Dasa Wireless 1 on t\u00e4\u00e4ll\u00e4 yhdist\u00e4m\u00e4ss\u00e4 mets\u00e4teollisuutta ja tarjoamassa enemm\u00e4n k\u00e4ytt\u00f6aikaa, vapautta ja joustavuutta.<\/p>","protected":false},"excerpt":{"rendered":"<p>Dasa Wireless 1 on langaton ohjausj\u00e4rjestelm\u00e4. Sinun ei tarvitse en\u00e4\u00e4 koskaan huolehtia rikkin\u00e4isist\u00e4 datakaapeleista - mik\u00e4 tarkoittaa tietenkin lis\u00e4\u00e4ntynytt\u00e4 k\u00e4ytt\u00f6aikaa.<\/p>","protected":false},"featured_media":2391,"template":"","meta":[],"product_brand":[],"product_cat":[80],"product_tag":[],"class_list":{"0":"post-1891","1":"product","2":"type-product","3":"status-publish","4":"has-post-thumbnail","6":"product_cat-bucking-system","8":"first","9":"instock","10":"shipping-taxable","11":"product-type-simple"},"yoast_head":"<!-- This site is optimized with the Yoast SEO plugin v26.7 - https:\/\/yoast.com\/wordpress\/plugins\/seo\/ -->\n<title>Dasa Wireless Log Bucking System for Advanced Bucking<\/title>\n<meta name=\"description\" content=\"Go cable-free with Dasa Wireless 1. Our wireless log bucking system offers precision and flexibility for advanced forestry operations. Find out more here!\" \/>\n<meta name=\"robots\" content=\"index, follow, max-snippet:-1, max-image-preview:large, max-video-preview:-1\" \/>\n<link rel=\"canonical\" href=\"https:\/\/dasa.se\/fi\/product\/dasa-wireless-1\/\" \/>\n<meta property=\"og:locale\" content=\"fi_FI\" \/>\n<meta property=\"og:type\" content=\"article\" \/>\n<meta property=\"og:title\" content=\"Dasa Wireless Log Bucking System for Advanced Bucking\" \/>\n<meta property=\"og:description\" content=\"Go cable-free with Dasa Wireless 1. Our wireless log bucking system offers precision and flexibility for advanced forestry operations. Find out more here!\" \/>\n<meta property=\"og:url\" content=\"https:\/\/dasa.se\/fi\/product\/dasa-wireless-1\/\" \/>\n<meta property=\"og:site_name\" content=\"Dasa: High-Performance Machine Control Systems\" \/>\n<meta property=\"article:modified_time\" content=\"2026-03-31T11:31:43+00:00\" \/>\n<meta property=\"og:image\" content=\"https:\/\/dasa.se\/wp-content\/uploads\/2025\/01\/Dasa-Wireless-1.jpg\" \/>\n\t<meta property=\"og:image:width\" content=\"2560\" \/>\n\t<meta property=\"og:image:height\" content=\"2106\" \/>\n\t<meta property=\"og:image:type\" content=\"image\/jpeg\" \/>\n<meta name=\"twitter:card\" content=\"summary_large_image\" \/>\n<meta name=\"twitter:label1\" content=\"Arvioitu lukuaika\" \/>\n\t<meta name=\"twitter:data1\" content=\"2 minuuttia\" \/>\n<script type=\"application\/ld+json\" class=\"yoast-schema-graph\">{\"@context\":\"https:\/\/schema.org\",\"@graph\":[{\"@type\":[\"WebPage\",\"ItemPage\"],\"@id\":\"https:\/\/dasa.se\/product\/dasa-wireless-1\/\",\"url\":\"https:\/\/dasa.se\/product\/dasa-wireless-1\/\",\"name\":\"Dasa Wireless Log Bucking System for Advanced Bucking\",\"isPartOf\":{\"@id\":\"https:\/\/dasa.se\/#website\"},\"primaryImageOfPage\":{\"@id\":\"https:\/\/dasa.se\/product\/dasa-wireless-1\/#primaryimage\"},\"image\":{\"@id\":\"https:\/\/dasa.se\/product\/dasa-wireless-1\/#primaryimage\"},\"thumbnailUrl\":\"https:\/\/dasa.se\/wp-content\/uploads\/2025\/01\/Dasa-Wireless-1.jpg\",\"datePublished\":\"2025-01-07T12:23:09+00:00\",\"dateModified\":\"2026-03-31T11:31:43+00:00\",\"description\":\"Go cable-free with Dasa Wireless 1. Our wireless log bucking system offers precision and flexibility for advanced forestry operations. Find out more here!\",\"breadcrumb\":{\"@id\":\"https:\/\/dasa.se\/product\/dasa-wireless-1\/#breadcrumb\"},\"inLanguage\":\"fi\",\"potentialAction\":[{\"@type\":\"ReadAction\",\"target\":[\"https:\/\/dasa.se\/product\/dasa-wireless-1\/\"]}]},{\"@type\":\"ImageObject\",\"inLanguage\":\"fi\",\"@id\":\"https:\/\/dasa.se\/product\/dasa-wireless-1\/#primaryimage\",\"url\":\"https:\/\/dasa.se\/wp-content\/uploads\/2025\/01\/Dasa-Wireless-1.jpg\",\"contentUrl\":\"https:\/\/dasa.se\/wp-content\/uploads\/2025\/01\/Dasa-Wireless-1.jpg\",\"width\":2560,\"height\":2106,\"caption\":\"Line-drawing diagram of a multi\u2011wheeled forestry machine with an articulated crane and callouts showing electronic control modules and connectors, published on www.dasa.se.\"},{\"@type\":\"BreadcrumbList\",\"@id\":\"https:\/\/dasa.se\/product\/dasa-wireless-1\/#breadcrumb\",\"itemListElement\":[{\"@type\":\"ListItem\",\"position\":1,\"name\":\"Home\",\"item\":\"https:\/\/dasa.se\/\"},{\"@type\":\"ListItem\",\"position\":2,\"name\":\"do not remove!\",\"item\":\"https:\/\/dasa.se\/?page_id=876\"},{\"@type\":\"ListItem\",\"position\":3,\"name\":\"Dasa Wireless 1\"}]},{\"@type\":\"WebSite\",\"@id\":\"https:\/\/dasa.se\/#website\",\"url\":\"https:\/\/dasa.se\/\",\"name\":\"Dasa: High-Performance Machine Control Systems\",\"description\":\"\",\"publisher\":{\"@id\":\"https:\/\/dasa.se\/#organization\"},\"potentialAction\":[{\"@type\":\"SearchAction\",\"target\":{\"@type\":\"EntryPoint\",\"urlTemplate\":\"https:\/\/dasa.se\/?s={search_term_string}\"},\"query-input\":{\"@type\":\"PropertyValueSpecification\",\"valueRequired\":true,\"valueName\":\"search_term_string\"}}],\"inLanguage\":\"fi\"},{\"@type\":\"Organization\",\"@id\":\"https:\/\/dasa.se\/#organization\",\"name\":\"Dasa: High-Performance Machine Control Systems\",\"url\":\"https:\/\/dasa.se\/\",\"logo\":{\"@type\":\"ImageObject\",\"inLanguage\":\"fi\",\"@id\":\"https:\/\/dasa.se\/#\/schema\/logo\/image\/\",\"url\":\"https:\/\/dasa.se\/wp-content\/uploads\/2024\/10\/logo3.png\",\"contentUrl\":\"https:\/\/dasa.se\/wp-content\/uploads\/2024\/10\/logo3.png\",\"width\":1000,\"height\":320,\"caption\":\"Dasa: High-Performance Machine Control Systems\"},\"image\":{\"@id\":\"https:\/\/dasa.se\/#\/schema\/logo\/image\/\"},\"sameAs\":[\"https:\/\/www.linkedin.com\/company\/dasa-control-systems\/\"]}]}<\/script>\n<!-- \/ Yoast SEO plugin. -->","yoast_head_json":{"title":"Dasa Wireless Log Bucking System for Advanced Bucking -j\u00e4rjestelm\u00e4 kehittynytt\u00e4 puunkorjuuta varten","description":"Siirry langattomaan Dasa Wireless 1 -j\u00e4rjestelm\u00e4\u00e4n. Langaton puunrungon tukitukij\u00e4rjestelm\u00e4mme tarjoaa tarkkuutta ja joustavuutta edistyneisiin mets\u00e4nhakkuisiin. Lue lis\u00e4\u00e4 t\u00e4\u00e4lt\u00e4!","robots":{"index":"index","follow":"follow","max-snippet":"max-snippet:-1","max-image-preview":"max-image-preview:large","max-video-preview":"max-video-preview:-1"},"canonical":"https:\/\/dasa.se\/fi\/product\/dasa-wireless-1\/","og_locale":"fi_FI","og_type":"article","og_title":"Dasa Wireless Log Bucking System for Advanced Bucking","og_description":"Go cable-free with Dasa Wireless 1. Our wireless log bucking system offers precision and flexibility for advanced forestry operations. Find out more here!","og_url":"https:\/\/dasa.se\/fi\/product\/dasa-wireless-1\/","og_site_name":"Dasa: High-Performance Machine Control Systems","article_modified_time":"2026-03-31T11:31:43+00:00","og_image":[{"width":2560,"height":2106,"url":"https:\/\/dasa.se\/wp-content\/uploads\/2025\/01\/Dasa-Wireless-1.jpg","type":"image\/jpeg"}],"twitter_card":"summary_large_image","twitter_misc":{"Arvioitu lukuaika":"2 minuuttia"},"schema":{"@context":"https:\/\/schema.org","@graph":[{"@type":["WebPage","ItemPage"],"@id":"https:\/\/dasa.se\/product\/dasa-wireless-1\/","url":"https:\/\/dasa.se\/product\/dasa-wireless-1\/","name":"Dasa Wireless Log Bucking System for Advanced Bucking -j\u00e4rjestelm\u00e4 kehittynytt\u00e4 puunkorjuuta varten","isPartOf":{"@id":"https:\/\/dasa.se\/#website"},"primaryImageOfPage":{"@id":"https:\/\/dasa.se\/product\/dasa-wireless-1\/#primaryimage"},"image":{"@id":"https:\/\/dasa.se\/product\/dasa-wireless-1\/#primaryimage"},"thumbnailUrl":"https:\/\/dasa.se\/wp-content\/uploads\/2025\/01\/Dasa-Wireless-1.jpg","datePublished":"2025-01-07T12:23:09+00:00","dateModified":"2026-03-31T11:31:43+00:00","description":"Siirry langattomaan Dasa Wireless 1 -j\u00e4rjestelm\u00e4\u00e4n. Langaton puunrungon tukitukij\u00e4rjestelm\u00e4mme tarjoaa tarkkuutta ja joustavuutta edistyneisiin mets\u00e4nhakkuisiin. Lue lis\u00e4\u00e4 t\u00e4\u00e4lt\u00e4!","breadcrumb":{"@id":"https:\/\/dasa.se\/product\/dasa-wireless-1\/#breadcrumb"},"inLanguage":"fi","potentialAction":[{"@type":"ReadAction","target":["https:\/\/dasa.se\/product\/dasa-wireless-1\/"]}]},{"@type":"ImageObject","inLanguage":"fi","@id":"https:\/\/dasa.se\/product\/dasa-wireless-1\/#primaryimage","url":"https:\/\/dasa.se\/wp-content\/uploads\/2025\/01\/Dasa-Wireless-1.jpg","contentUrl":"https:\/\/dasa.se\/wp-content\/uploads\/2025\/01\/Dasa-Wireless-1.jpg","width":2560,"height":2106,"caption":"Line-drawing diagram of a multi\u2011wheeled forestry machine with an articulated crane and callouts showing electronic control modules and connectors, published on www.dasa.se."},{"@type":"BreadcrumbList","@id":"https:\/\/dasa.se\/product\/dasa-wireless-1\/#breadcrumb","itemListElement":[{"@type":"ListItem","position":1,"name":"Home","item":"https:\/\/dasa.se\/"},{"@type":"ListItem","position":2,"name":"do not remove!","item":"https:\/\/dasa.se\/?page_id=876"},{"@type":"ListItem","position":3,"name":"Dasa Wireless 1"}]},{"@type":"WebSite","@id":"https:\/\/dasa.se\/#website","url":"https:\/\/dasa.se\/","name":"Dasa: Korkean suorituskyvyn koneenohjausj\u00e4rjestelm\u00e4t","description":"","publisher":{"@id":"https:\/\/dasa.se\/#organization"},"potentialAction":[{"@type":"SearchAction","target":{"@type":"EntryPoint","urlTemplate":"https:\/\/dasa.se\/?s={search_term_string}"},"query-input":{"@type":"PropertyValueSpecification","valueRequired":true,"valueName":"search_term_string"}}],"inLanguage":"fi"},{"@type":"Organization","@id":"https:\/\/dasa.se\/#organization","name":"Dasa: Korkean suorituskyvyn koneenohjausj\u00e4rjestelm\u00e4t","url":"https:\/\/dasa.se\/","logo":{"@type":"ImageObject","inLanguage":"fi","@id":"https:\/\/dasa.se\/#\/schema\/logo\/image\/","url":"https:\/\/dasa.se\/wp-content\/uploads\/2024\/10\/logo3.png","contentUrl":"https:\/\/dasa.se\/wp-content\/uploads\/2024\/10\/logo3.png","width":1000,"height":320,"caption":"Dasa: High-Performance Machine Control Systems"},"image":{"@id":"https:\/\/dasa.se\/#\/schema\/logo\/image\/"},"sameAs":["https:\/\/www.linkedin.com\/company\/dasa-control-systems\/"]}]}},"_links":{"self":[{"href":"https:\/\/dasa.se\/fi\/wp-json\/wp\/v2\/product\/1891","targetHints":{"allow":["GET"]}}],"collection":[{"href":"https:\/\/dasa.se\/fi\/wp-json\/wp\/v2\/product"}],"about":[{"href":"https:\/\/dasa.se\/fi\/wp-json\/wp\/v2\/types\/product"}],"wp:featuredmedia":[{"embeddable":true,"href":"https:\/\/dasa.se\/fi\/wp-json\/wp\/v2\/media\/2391"}],"wp:attachment":[{"href":"https:\/\/dasa.se\/fi\/wp-json\/wp\/v2\/media?parent=1891"}],"wp:term":[{"taxonomy":"product_brand","embeddable":true,"href":"https:\/\/dasa.se\/fi\/wp-json\/wp\/v2\/product_brand?post=1891"},{"taxonomy":"product_cat","embeddable":true,"href":"https:\/\/dasa.se\/fi\/wp-json\/wp\/v2\/product_cat?post=1891"},{"taxonomy":"product_tag","embeddable":true,"href":"https:\/\/dasa.se\/fi\/wp-json\/wp\/v2\/product_tag?post=1891"}],"curies":[{"name":"wp","href":"https:\/\/api.w.org\/{rel}","templated":true}]}}