{"id":1940,"date":"2025-01-10T14:11:07","date_gmt":"2025-01-10T14:11:07","guid":{"rendered":"https:\/\/eznpp.beeweb-orange.io\/?post_type=product&#038;p=1940"},"modified":"2025-10-31T09:00:52","modified_gmt":"2025-10-31T09:00:52","slug":"fb15","status":"publish","type":"product","link":"https:\/\/dasa.se\/fi\/product\/fb15\/","title":{"rendered":"Dasa FB15 niputusohjelmisto"},"content":{"rendered":"<p>Dasa FB15 on edistyksellinen ohjelmistoratkaisu, joka on suunniteltu tehostamaan puunkorjuun hallintaa Feller Bunchereilla. Dasa FB15:n avulla k\u00e4ytt\u00e4j\u00e4t voivat luoda puunkorjuusopimuksia vaivattomasti StanForD-tiedostojen eli boi-tiedostojen (Buncher Object Instruction) avulla tai manuaalisesti. Ohjelmisto sis\u00e4lt\u00e4\u00e4 valinnaisen \u201cMonitoring\u201d-toiminnon toiminnan seurantaa varten, mik\u00e4 parantaa tehokkuutta ja yleiskuvaa.<\/p>\n<p>T\u00e4t\u00e4 avointa j\u00e4rjestelm\u00e4\u00e4 markkinoidaan useille mets\u00e4koneiden valmistajille, ja se tarjoaa kattavan ratkaisun, joka hallitsee koko tietovirran toimiston suunnittelusta tuotantotietojen raportointiin kent\u00e4ll\u00e4. Feller Bunch -koneille kehitetty Dasa Forestry -j\u00e4rjestelm\u00e4kokonaisuuden uusin lis\u00e4ys auttaa kuljettajia seuraamaan tuotantoa ja navigoimaan helposti joustavan karttatoiminnon avulla.<\/p>\n<p>Dasa FB15:n PC-ymp\u00e4rist\u00f6 on yhteensopiva yleisimpien verkkojen kanssa, ja se integroituu CAN- tai Ethernet-verkon kautta kantajaan. Peruslisenssi kattaa kaikki puunkorjuusopimuksen hallinnan ja hallinnoinnin osa-alueet, mukaan lukien tuotanto-, hakkuu-, raportointi- ja varmuuskopiointitoiminnot.<\/p>\n<p>StanForD 2010 -toiminnallisuus<br \/>\nOhjelmisto tukee StanForD 2010 -standardien mukaista hallintaa, tuotantoraportointia ja toiminnan seurantaa. Se toimii Windows 10 -tietokoneessa, jossa on 15- tai 12-tuumainen laajakuvav\u00e4rin\u00e4ytt\u00f6, jossa on kosketusn\u00e4ytt\u00f6tekniikka ja joka on t\u00e4ysin optimoitu kosketinsy\u00f6tt\u00f6\u00e4 varten.<br \/>\nDasa FB15 on vankka ty\u00f6kalu, joka on suunniteltu parantamaan hakkuiden tehokkuutta ja tarkkuutta, mik\u00e4 tekee siit\u00e4 korvaamattoman arvokkaan apuv\u00e4lineen mets\u00e4teollisuudelle.<\/p>","protected":false},"excerpt":{"rendered":"<p>Niputusohjelmisto<\/p>","protected":false},"featured_media":2404,"template":"","meta":[],"product_brand":[],"product_cat":[81],"product_tag":[],"class_list":{"0":"post-1940","1":"product","2":"type-product","3":"status-publish","4":"has-post-thumbnail","6":"product_cat-bunching-software","8":"first","9":"instock","10":"shipping-taxable","11":"product-type-simple"},"yoast_head":"<!-- This site is optimized with the Yoast SEO plugin v26.7 - https:\/\/yoast.com\/wordpress\/plugins\/seo\/ -->\n<title>Dasa FB15 \u2013 Forestry Bunching Software for Feller Bunchers<\/title>\n<meta name=\"robots\" content=\"index, follow, max-snippet:-1, max-image-preview:large, max-video-preview:-1\" \/>\n<link rel=\"canonical\" href=\"https:\/\/dasa.se\/fi\/product\/fb15\/\" \/>\n<meta property=\"og:locale\" content=\"fi_FI\" \/>\n<meta property=\"og:type\" content=\"article\" \/>\n<meta property=\"og:title\" content=\"Dasa FB15 \u2013 Forestry Bunching Software for Feller Bunchers\" \/>\n<meta property=\"og:description\" content=\"The bunching software\" \/>\n<meta property=\"og:url\" content=\"https:\/\/dasa.se\/fi\/product\/fb15\/\" \/>\n<meta property=\"og:site_name\" content=\"Dasa: High-Performance Machine Control Systems\" \/>\n<meta property=\"article:modified_time\" content=\"2025-10-31T09:00:52+00:00\" \/>\n<meta property=\"og:image\" content=\"https:\/\/dasa.se\/wp-content\/uploads\/2025\/01\/FB15-bunching-software.png\" \/>\n\t<meta property=\"og:image:width\" content=\"1000\" \/>\n\t<meta property=\"og:image:height\" content=\"562\" \/>\n\t<meta property=\"og:image:type\" content=\"image\/png\" \/>\n<meta name=\"twitter:card\" content=\"summary_large_image\" \/>\n<meta name=\"twitter:label1\" content=\"Arvioitu lukuaika\" \/>\n\t<meta name=\"twitter:data1\" content=\"2 minuuttia\" \/>\n<script type=\"application\/ld+json\" class=\"yoast-schema-graph\">{\"@context\":\"https:\/\/schema.org\",\"@graph\":[{\"@type\":[\"WebPage\",\"ItemPage\"],\"@id\":\"https:\/\/dasa.se\/sv\/produkt\/fb15\/\",\"url\":\"https:\/\/dasa.se\/sv\/produkt\/fb15\/\",\"name\":\"Dasa FB15 \u2013 Forestry Bunching Software for Feller Bunchers\",\"isPartOf\":{\"@id\":\"https:\/\/dasa.se\/#website\"},\"primaryImageOfPage\":{\"@id\":\"https:\/\/dasa.se\/sv\/produkt\/fb15\/#primaryimage\"},\"image\":{\"@id\":\"https:\/\/dasa.se\/sv\/produkt\/fb15\/#primaryimage\"},\"thumbnailUrl\":\"https:\/\/dasa.se\/wp-content\/uploads\/2025\/01\/FB15-bunching-software.png\",\"datePublished\":\"2025-01-10T14:11:07+00:00\",\"dateModified\":\"2025-10-31T09:00:52+00:00\",\"breadcrumb\":{\"@id\":\"https:\/\/dasa.se\/sv\/produkt\/fb15\/#breadcrumb\"},\"inLanguage\":\"fi\",\"potentialAction\":[{\"@type\":\"ReadAction\",\"target\":[\"https:\/\/dasa.se\/sv\/produkt\/fb15\/\"]}]},{\"@type\":\"ImageObject\",\"inLanguage\":\"fi\",\"@id\":\"https:\/\/dasa.se\/sv\/produkt\/fb15\/#primaryimage\",\"url\":\"https:\/\/dasa.se\/wp-content\/uploads\/2025\/01\/FB15-bunching-software.png\",\"contentUrl\":\"https:\/\/dasa.se\/wp-content\/uploads\/2025\/01\/FB15-bunching-software.png\",\"width\":1000,\"height\":562,\"caption\":\"Screenshot of a mapping application showing a forested area with a blue polygon boundary and clustered red dotted tree locations, a left sidebar listing stem counts (Pine 7, Spruce 9, total 16), map controls and a status bar at the bottom, and is published on www.dasa.se.\"},{\"@type\":\"BreadcrumbList\",\"@id\":\"https:\/\/dasa.se\/sv\/produkt\/fb15\/#breadcrumb\",\"itemListElement\":[{\"@type\":\"ListItem\",\"position\":1,\"name\":\"Home\",\"item\":\"https:\/\/dasa.se\/\"},{\"@type\":\"ListItem\",\"position\":2,\"name\":\"do not remove!\",\"item\":\"https:\/\/dasa.se\/?page_id=876\"},{\"@type\":\"ListItem\",\"position\":3,\"name\":\"Dasa FB15 Bunching Software\"}]},{\"@type\":\"WebSite\",\"@id\":\"https:\/\/dasa.se\/#website\",\"url\":\"https:\/\/dasa.se\/\",\"name\":\"Dasa: High-Performance Machine Control Systems\",\"description\":\"\",\"publisher\":{\"@id\":\"https:\/\/dasa.se\/#organization\"},\"potentialAction\":[{\"@type\":\"SearchAction\",\"target\":{\"@type\":\"EntryPoint\",\"urlTemplate\":\"https:\/\/dasa.se\/?s={search_term_string}\"},\"query-input\":{\"@type\":\"PropertyValueSpecification\",\"valueRequired\":true,\"valueName\":\"search_term_string\"}}],\"inLanguage\":\"fi\"},{\"@type\":\"Organization\",\"@id\":\"https:\/\/dasa.se\/#organization\",\"name\":\"Dasa: High-Performance Machine Control Systems\",\"url\":\"https:\/\/dasa.se\/\",\"logo\":{\"@type\":\"ImageObject\",\"inLanguage\":\"fi\",\"@id\":\"https:\/\/dasa.se\/#\/schema\/logo\/image\/\",\"url\":\"https:\/\/dasa.se\/wp-content\/uploads\/2024\/10\/logo3.png\",\"contentUrl\":\"https:\/\/dasa.se\/wp-content\/uploads\/2024\/10\/logo3.png\",\"width\":1000,\"height\":320,\"caption\":\"Dasa: High-Performance Machine Control Systems\"},\"image\":{\"@id\":\"https:\/\/dasa.se\/#\/schema\/logo\/image\/\"},\"sameAs\":[\"https:\/\/www.linkedin.com\/company\/dasa-control-systems\/\"]}]}<\/script>\n<!-- \/ Yoast SEO plugin. -->","yoast_head_json":{"title":"Dasa FB15 - Mets\u00e4koneiden niputusohjelmisto hakkuukoneille","robots":{"index":"index","follow":"follow","max-snippet":"max-snippet:-1","max-image-preview":"max-image-preview:large","max-video-preview":"max-video-preview:-1"},"canonical":"https:\/\/dasa.se\/fi\/product\/fb15\/","og_locale":"fi_FI","og_type":"article","og_title":"Dasa FB15 \u2013 Forestry Bunching Software for Feller Bunchers","og_description":"The bunching software","og_url":"https:\/\/dasa.se\/fi\/product\/fb15\/","og_site_name":"Dasa: High-Performance Machine Control Systems","article_modified_time":"2025-10-31T09:00:52+00:00","og_image":[{"width":1000,"height":562,"url":"https:\/\/dasa.se\/wp-content\/uploads\/2025\/01\/FB15-bunching-software.png","type":"image\/png"}],"twitter_card":"summary_large_image","twitter_misc":{"Arvioitu lukuaika":"2 minuuttia"},"schema":{"@context":"https:\/\/schema.org","@graph":[{"@type":["WebPage","ItemPage"],"@id":"https:\/\/dasa.se\/sv\/produkt\/fb15\/","url":"https:\/\/dasa.se\/sv\/produkt\/fb15\/","name":"Dasa FB15 - Mets\u00e4koneiden niputusohjelmisto hakkuukoneille","isPartOf":{"@id":"https:\/\/dasa.se\/#website"},"primaryImageOfPage":{"@id":"https:\/\/dasa.se\/sv\/produkt\/fb15\/#primaryimage"},"image":{"@id":"https:\/\/dasa.se\/sv\/produkt\/fb15\/#primaryimage"},"thumbnailUrl":"https:\/\/dasa.se\/wp-content\/uploads\/2025\/01\/FB15-bunching-software.png","datePublished":"2025-01-10T14:11:07+00:00","dateModified":"2025-10-31T09:00:52+00:00","breadcrumb":{"@id":"https:\/\/dasa.se\/sv\/produkt\/fb15\/#breadcrumb"},"inLanguage":"fi","potentialAction":[{"@type":"ReadAction","target":["https:\/\/dasa.se\/sv\/produkt\/fb15\/"]}]},{"@type":"ImageObject","inLanguage":"fi","@id":"https:\/\/dasa.se\/sv\/produkt\/fb15\/#primaryimage","url":"https:\/\/dasa.se\/wp-content\/uploads\/2025\/01\/FB15-bunching-software.png","contentUrl":"https:\/\/dasa.se\/wp-content\/uploads\/2025\/01\/FB15-bunching-software.png","width":1000,"height":562,"caption":"Screenshot of a mapping application showing a forested area with a blue polygon boundary and clustered red dotted tree locations, a left sidebar listing stem counts (Pine 7, Spruce 9, total 16), map controls and a status bar at the bottom, and is published on www.dasa.se."},{"@type":"BreadcrumbList","@id":"https:\/\/dasa.se\/sv\/produkt\/fb15\/#breadcrumb","itemListElement":[{"@type":"ListItem","position":1,"name":"Home","item":"https:\/\/dasa.se\/"},{"@type":"ListItem","position":2,"name":"do not remove!","item":"https:\/\/dasa.se\/?page_id=876"},{"@type":"ListItem","position":3,"name":"Dasa FB15 Bunching Software"}]},{"@type":"WebSite","@id":"https:\/\/dasa.se\/#website","url":"https:\/\/dasa.se\/","name":"Dasa: Korkean suorituskyvyn koneenohjausj\u00e4rjestelm\u00e4t","description":"","publisher":{"@id":"https:\/\/dasa.se\/#organization"},"potentialAction":[{"@type":"SearchAction","target":{"@type":"EntryPoint","urlTemplate":"https:\/\/dasa.se\/?s={search_term_string}"},"query-input":{"@type":"PropertyValueSpecification","valueRequired":true,"valueName":"search_term_string"}}],"inLanguage":"fi"},{"@type":"Organization","@id":"https:\/\/dasa.se\/#organization","name":"Dasa: Korkean suorituskyvyn koneenohjausj\u00e4rjestelm\u00e4t","url":"https:\/\/dasa.se\/","logo":{"@type":"ImageObject","inLanguage":"fi","@id":"https:\/\/dasa.se\/#\/schema\/logo\/image\/","url":"https:\/\/dasa.se\/wp-content\/uploads\/2024\/10\/logo3.png","contentUrl":"https:\/\/dasa.se\/wp-content\/uploads\/2024\/10\/logo3.png","width":1000,"height":320,"caption":"Dasa: High-Performance Machine Control Systems"},"image":{"@id":"https:\/\/dasa.se\/#\/schema\/logo\/image\/"},"sameAs":["https:\/\/www.linkedin.com\/company\/dasa-control-systems\/"]}]}},"_links":{"self":[{"href":"https:\/\/dasa.se\/fi\/wp-json\/wp\/v2\/product\/1940","targetHints":{"allow":["GET"]}}],"collection":[{"href":"https:\/\/dasa.se\/fi\/wp-json\/wp\/v2\/product"}],"about":[{"href":"https:\/\/dasa.se\/fi\/wp-json\/wp\/v2\/types\/product"}],"wp:featuredmedia":[{"embeddable":true,"href":"https:\/\/dasa.se\/fi\/wp-json\/wp\/v2\/media\/2404"}],"wp:attachment":[{"href":"https:\/\/dasa.se\/fi\/wp-json\/wp\/v2\/media?parent=1940"}],"wp:term":[{"taxonomy":"product_brand","embeddable":true,"href":"https:\/\/dasa.se\/fi\/wp-json\/wp\/v2\/product_brand?post=1940"},{"taxonomy":"product_cat","embeddable":true,"href":"https:\/\/dasa.se\/fi\/wp-json\/wp\/v2\/product_cat?post=1940"},{"taxonomy":"product_tag","embeddable":true,"href":"https:\/\/dasa.se\/fi\/wp-json\/wp\/v2\/product_tag?post=1940"}],"curies":[{"name":"wp","href":"https:\/\/api.w.org\/{rel}","templated":true}]}}