{"id":1962,"date":"2025-01-13T14:52:36","date_gmt":"2025-01-13T14:52:36","guid":{"rendered":"https:\/\/eznpp.beeweb-orange.io\/?post_type=product&#038;p=1962"},"modified":"2025-10-31T09:17:26","modified_gmt":"2025-10-31T09:17:26","slug":"dix30br","status":"publish","type":"product","link":"https:\/\/dasa.se\/fi\/product\/dix30br\/","title":{"rendered":"dIX30BR ohjausyksikk\u00f6"},"content":{"rendered":"<p>dIX30BR on viestint\u00e4yksikk\u00f6, jota k\u00e4ytet\u00e4\u00e4n Dasa Wired 7 -mittalaitej\u00e4rjestelm\u00e4ss\u00e4. Yksikk\u00f6 asennetaan ohjaamoon ja se kommunikoi kaapelin v\u00e4lityksell\u00e4 p\u00e4\u00e4ohjausyksik\u00f6n dIX30C kanssa.<\/p>","protected":false},"excerpt":{"rendered":"<p>dIX30BR on langallinen viestint\u00e4yksikk\u00f6, jota k\u00e4ytet\u00e4\u00e4n Dasa Wired 7 -mittalaitej\u00e4rjestelm\u00e4ss\u00e4.<\/p>","protected":false},"featured_media":2396,"template":"","meta":[],"product_brand":[],"product_cat":[56,36],"product_tag":[],"class_list":{"0":"post-1962","1":"product","2":"type-product","3":"status-publish","4":"has-post-thumbnail","6":"product_cat-controllers","7":"product_cat-bucking-hardware-wired7","9":"first","10":"instock","11":"shipping-taxable","12":"product-type-simple"},"yoast_head":"<!-- This site is optimized with the Yoast SEO plugin v26.7 - https:\/\/yoast.com\/wordpress\/plugins\/seo\/ -->\n<title>dIX30BR Controller \u2013 Reliable Wired Forestry Control | Dasa<\/title>\n<meta name=\"robots\" content=\"index, follow, max-snippet:-1, max-image-preview:large, max-video-preview:-1\" \/>\n<link rel=\"canonical\" href=\"https:\/\/dasa.se\/fi\/product\/dix30br\/\" \/>\n<meta property=\"og:locale\" content=\"fi_FI\" \/>\n<meta property=\"og:type\" content=\"article\" \/>\n<meta property=\"og:title\" content=\"dIX30BR Controller \u2013 Reliable Wired Forestry Control | Dasa\" \/>\n<meta property=\"og:description\" content=\"dIX30BR is a wired communication unit used in the Dasa Wired 7 bucking system.\" \/>\n<meta property=\"og:url\" content=\"https:\/\/dasa.se\/fi\/product\/dix30br\/\" \/>\n<meta property=\"og:site_name\" content=\"Dasa: High-Performance Machine Control Systems\" \/>\n<meta property=\"article:modified_time\" content=\"2025-10-31T09:17:26+00:00\" \/>\n<meta property=\"og:image\" content=\"https:\/\/dasa.se\/wp-content\/uploads\/2025\/01\/dIX30BR-controller-scaled.png\" \/>\n\t<meta property=\"og:image:width\" content=\"1707\" \/>\n\t<meta property=\"og:image:height\" content=\"2560\" \/>\n\t<meta property=\"og:image:type\" content=\"image\/png\" \/>\n<meta name=\"twitter:card\" content=\"summary_large_image\" \/>\n<meta name=\"twitter:label1\" content=\"Arvioitu lukuaika\" \/>\n\t<meta name=\"twitter:data1\" content=\"1 minuutti\" \/>\n<script type=\"application\/ld+json\" class=\"yoast-schema-graph\">{\"@context\":\"https:\/\/schema.org\",\"@graph\":[{\"@type\":[\"WebPage\",\"ItemPage\"],\"@id\":\"https:\/\/dasa.se\/product\/dix30br\/\",\"url\":\"https:\/\/dasa.se\/product\/dix30br\/\",\"name\":\"dIX30BR Controller \u2013 Reliable Wired Forestry Control | Dasa\",\"isPartOf\":{\"@id\":\"https:\/\/dasa.se\/#website\"},\"primaryImageOfPage\":{\"@id\":\"https:\/\/dasa.se\/product\/dix30br\/#primaryimage\"},\"image\":{\"@id\":\"https:\/\/dasa.se\/product\/dix30br\/#primaryimage\"},\"thumbnailUrl\":\"https:\/\/dasa.se\/wp-content\/uploads\/2025\/01\/dIX30BR-controller-scaled.png\",\"datePublished\":\"2025-01-13T14:52:36+00:00\",\"dateModified\":\"2025-10-31T09:17:26+00:00\",\"breadcrumb\":{\"@id\":\"https:\/\/dasa.se\/product\/dix30br\/#breadcrumb\"},\"inLanguage\":\"fi\",\"potentialAction\":[{\"@type\":\"ReadAction\",\"target\":[\"https:\/\/dasa.se\/product\/dix30br\/\"]}]},{\"@type\":\"ImageObject\",\"inLanguage\":\"fi\",\"@id\":\"https:\/\/dasa.se\/product\/dix30br\/#primaryimage\",\"url\":\"https:\/\/dasa.se\/wp-content\/uploads\/2025\/01\/dIX30BR-controller-scaled.png\",\"contentUrl\":\"https:\/\/dasa.se\/wp-content\/uploads\/2025\/01\/dIX30BR-controller-scaled.png\",\"width\":1707,\"height\":2560,\"caption\":\"Industrial rectangular DASA dIX30BR communications module with a brown faceplate and five circular M12 connectors labeled PWR, CAN1, CAN2, ETH1 and ETH2, shown at an angle; published on www.dasa.se.\"},{\"@type\":\"BreadcrumbList\",\"@id\":\"https:\/\/dasa.se\/product\/dix30br\/#breadcrumb\",\"itemListElement\":[{\"@type\":\"ListItem\",\"position\":1,\"name\":\"Home\",\"item\":\"https:\/\/dasa.se\/\"},{\"@type\":\"ListItem\",\"position\":2,\"name\":\"do not remove!\",\"item\":\"https:\/\/dasa.se\/?page_id=876\"},{\"@type\":\"ListItem\",\"position\":3,\"name\":\"dIX30BR Controller\"}]},{\"@type\":\"WebSite\",\"@id\":\"https:\/\/dasa.se\/#website\",\"url\":\"https:\/\/dasa.se\/\",\"name\":\"Dasa: High-Performance Machine Control Systems\",\"description\":\"\",\"publisher\":{\"@id\":\"https:\/\/dasa.se\/#organization\"},\"potentialAction\":[{\"@type\":\"SearchAction\",\"target\":{\"@type\":\"EntryPoint\",\"urlTemplate\":\"https:\/\/dasa.se\/?s={search_term_string}\"},\"query-input\":{\"@type\":\"PropertyValueSpecification\",\"valueRequired\":true,\"valueName\":\"search_term_string\"}}],\"inLanguage\":\"fi\"},{\"@type\":\"Organization\",\"@id\":\"https:\/\/dasa.se\/#organization\",\"name\":\"Dasa: High-Performance Machine Control Systems\",\"url\":\"https:\/\/dasa.se\/\",\"logo\":{\"@type\":\"ImageObject\",\"inLanguage\":\"fi\",\"@id\":\"https:\/\/dasa.se\/#\/schema\/logo\/image\/\",\"url\":\"https:\/\/dasa.se\/wp-content\/uploads\/2024\/10\/logo3.png\",\"contentUrl\":\"https:\/\/dasa.se\/wp-content\/uploads\/2024\/10\/logo3.png\",\"width\":1000,\"height\":320,\"caption\":\"Dasa: High-Performance Machine Control Systems\"},\"image\":{\"@id\":\"https:\/\/dasa.se\/#\/schema\/logo\/image\/\"},\"sameAs\":[\"https:\/\/www.linkedin.com\/company\/dasa-control-systems\/\"]}]}<\/script>\n<!-- \/ Yoast SEO plugin. -->","yoast_head_json":{"title":"dIX30BR Controller - luotettava langallinen mets\u00e4alan ohjaus | Dasa","robots":{"index":"index","follow":"follow","max-snippet":"max-snippet:-1","max-image-preview":"max-image-preview:large","max-video-preview":"max-video-preview:-1"},"canonical":"https:\/\/dasa.se\/fi\/product\/dix30br\/","og_locale":"fi_FI","og_type":"article","og_title":"dIX30BR Controller \u2013 Reliable Wired Forestry Control | Dasa","og_description":"dIX30BR is a wired communication unit used in the Dasa Wired 7 bucking system.","og_url":"https:\/\/dasa.se\/fi\/product\/dix30br\/","og_site_name":"Dasa: High-Performance Machine Control Systems","article_modified_time":"2025-10-31T09:17:26+00:00","og_image":[{"width":1707,"height":2560,"url":"https:\/\/dasa.se\/wp-content\/uploads\/2025\/01\/dIX30BR-controller-scaled.png","type":"image\/png"}],"twitter_card":"summary_large_image","twitter_misc":{"Arvioitu lukuaika":"1 minuutti"},"schema":{"@context":"https:\/\/schema.org","@graph":[{"@type":["WebPage","ItemPage"],"@id":"https:\/\/dasa.se\/product\/dix30br\/","url":"https:\/\/dasa.se\/product\/dix30br\/","name":"dIX30BR Controller - luotettava langallinen mets\u00e4alan ohjaus | Dasa","isPartOf":{"@id":"https:\/\/dasa.se\/#website"},"primaryImageOfPage":{"@id":"https:\/\/dasa.se\/product\/dix30br\/#primaryimage"},"image":{"@id":"https:\/\/dasa.se\/product\/dix30br\/#primaryimage"},"thumbnailUrl":"https:\/\/dasa.se\/wp-content\/uploads\/2025\/01\/dIX30BR-controller-scaled.png","datePublished":"2025-01-13T14:52:36+00:00","dateModified":"2025-10-31T09:17:26+00:00","breadcrumb":{"@id":"https:\/\/dasa.se\/product\/dix30br\/#breadcrumb"},"inLanguage":"fi","potentialAction":[{"@type":"ReadAction","target":["https:\/\/dasa.se\/product\/dix30br\/"]}]},{"@type":"ImageObject","inLanguage":"fi","@id":"https:\/\/dasa.se\/product\/dix30br\/#primaryimage","url":"https:\/\/dasa.se\/wp-content\/uploads\/2025\/01\/dIX30BR-controller-scaled.png","contentUrl":"https:\/\/dasa.se\/wp-content\/uploads\/2025\/01\/dIX30BR-controller-scaled.png","width":1707,"height":2560,"caption":"Industrial rectangular DASA dIX30BR communications module with a brown faceplate and five circular M12 connectors labeled PWR, CAN1, CAN2, ETH1 and ETH2, shown at an angle; published on www.dasa.se."},{"@type":"BreadcrumbList","@id":"https:\/\/dasa.se\/product\/dix30br\/#breadcrumb","itemListElement":[{"@type":"ListItem","position":1,"name":"Home","item":"https:\/\/dasa.se\/"},{"@type":"ListItem","position":2,"name":"do not remove!","item":"https:\/\/dasa.se\/?page_id=876"},{"@type":"ListItem","position":3,"name":"dIX30BR Controller"}]},{"@type":"WebSite","@id":"https:\/\/dasa.se\/#website","url":"https:\/\/dasa.se\/","name":"Dasa: Korkean suorituskyvyn koneenohjausj\u00e4rjestelm\u00e4t","description":"","publisher":{"@id":"https:\/\/dasa.se\/#organization"},"potentialAction":[{"@type":"SearchAction","target":{"@type":"EntryPoint","urlTemplate":"https:\/\/dasa.se\/?s={search_term_string}"},"query-input":{"@type":"PropertyValueSpecification","valueRequired":true,"valueName":"search_term_string"}}],"inLanguage":"fi"},{"@type":"Organization","@id":"https:\/\/dasa.se\/#organization","name":"Dasa: Korkean suorituskyvyn koneenohjausj\u00e4rjestelm\u00e4t","url":"https:\/\/dasa.se\/","logo":{"@type":"ImageObject","inLanguage":"fi","@id":"https:\/\/dasa.se\/#\/schema\/logo\/image\/","url":"https:\/\/dasa.se\/wp-content\/uploads\/2024\/10\/logo3.png","contentUrl":"https:\/\/dasa.se\/wp-content\/uploads\/2024\/10\/logo3.png","width":1000,"height":320,"caption":"Dasa: High-Performance Machine Control Systems"},"image":{"@id":"https:\/\/dasa.se\/#\/schema\/logo\/image\/"},"sameAs":["https:\/\/www.linkedin.com\/company\/dasa-control-systems\/"]}]}},"_links":{"self":[{"href":"https:\/\/dasa.se\/fi\/wp-json\/wp\/v2\/product\/1962","targetHints":{"allow":["GET"]}}],"collection":[{"href":"https:\/\/dasa.se\/fi\/wp-json\/wp\/v2\/product"}],"about":[{"href":"https:\/\/dasa.se\/fi\/wp-json\/wp\/v2\/types\/product"}],"wp:featuredmedia":[{"embeddable":true,"href":"https:\/\/dasa.se\/fi\/wp-json\/wp\/v2\/media\/2396"}],"wp:attachment":[{"href":"https:\/\/dasa.se\/fi\/wp-json\/wp\/v2\/media?parent=1962"}],"wp:term":[{"taxonomy":"product_brand","embeddable":true,"href":"https:\/\/dasa.se\/fi\/wp-json\/wp\/v2\/product_brand?post=1962"},{"taxonomy":"product_cat","embeddable":true,"href":"https:\/\/dasa.se\/fi\/wp-json\/wp\/v2\/product_cat?post=1962"},{"taxonomy":"product_tag","embeddable":true,"href":"https:\/\/dasa.se\/fi\/wp-json\/wp\/v2\/product_tag?post=1962"}],"curies":[{"name":"wp","href":"https:\/\/api.w.org\/{rel}","templated":true}]}}