{"id":2022,"date":"2025-01-15T07:37:53","date_gmt":"2025-01-15T07:37:53","guid":{"rendered":"https:\/\/eznpp.beeweb-orange.io\/?post_type=product&#038;p=2022"},"modified":"2026-03-31T11:24:18","modified_gmt":"2026-03-31T11:24:18","slug":"dasa-f30","status":"publish","type":"product","link":"https:\/\/dasa.se\/fi\/product\/dasa-f30\/","title":{"rendered":"Dasa F30"},"content":{"rendered":"<p>Dasa F30 on ohjelmisto ammattimaisille huolitsijoille. Dasa F30 on helppok\u00e4ytt\u00f6inen, ja se on suunniteltu helpottamaan huolitsijan kuljettajan p\u00e4ivitt\u00e4ist\u00e4 ty\u00f6t\u00e4 ja maksimoimaan suorituskyky ja tuottavuus. Forester F30 -ohjelmisto tehostaa puun kulkua korjuupaikan ja korjatut tukit vastaanottavan teollisuuden v\u00e4lill\u00e4. Kaikki Forester F30:n toiminnot laadunvarmistusta, valvontaa, tuotantoraportointia ja toiminnan seurantaa varten on suunniteltu StanForD 2010:n mukaisesti. Uuden StanForD2010-standardin lis\u00e4ksi Dasa F30:ss\u00e4 voidaan tuoda my\u00f6s StanForD Classic -muodossa olevia tiedostoja.<\/p>\n<p>Dasa F30 vastaanottaa hakkuukoneesta tukki- ja GPS-tiedot, joita yhdistettyn\u00e4 Dasa GeoInfo -lis\u00e4ohjelmistomoduuliin k\u00e4ytet\u00e4\u00e4n ajoreitin optimointiin ja sen varmistamiseen, ett\u00e4 kaikki tukit on hoidettu. Dasa F30 voi toimia sekalaivastoissa, joten ei ole v\u00e4li\u00e4, jos tukkidata on per\u00e4isin eri merkkisest\u00e4 harvesterista. Vaihtoehtoisesti Dasa F30 voi vastaanottaa ty\u00f6ohjeet erityisin\u00e4 StanForD2010-tiedostoina, kuten FOI (Forwarding Object Instruction) ja\/tai FDI (Forwarding Delivery Instruction).<\/p>\n<p>Jatkol\u00e4hetystoimintaa on eritt\u00e4in helppo seurata integroidussa kalenterin\u00e4kym\u00e4ss\u00e4, johon operaattori voi my\u00f6s lis\u00e4t\u00e4 kommentteja. Asetukset-valikossa on mahdollista ajoittaa raportteja, jotka tallennetaan automaattisesti esimerkiksi joka nelj\u00e4s tunti tai ty\u00f6vuoron lopussa, jolloin huolitsijan tuotantotiedot ovat turvassa. Turvallisuuden osalta Dasa F30 sis\u00e4lt\u00e4\u00e4 my\u00f6s kattavan j\u00e4rjestelm\u00e4n varmuuskopiointi- ja palautustoiminnon.<\/p>","protected":false},"excerpt":{"rendered":"<p>Dasa F30 on ohjelmisto ammattimaisille huolitsijoille.<\/p>","protected":false},"featured_media":2039,"template":"","meta":[],"product_brand":[],"product_cat":[35],"product_tag":[],"class_list":{"0":"post-2022","1":"product","2":"type-product","3":"status-publish","4":"has-post-thumbnail","6":"product_cat-forwarding-software","8":"first","9":"instock","10":"shipping-taxable","11":"product-type-simple"},"yoast_head":"<!-- This site is optimized with the Yoast SEO plugin v26.7 - https:\/\/yoast.com\/wordpress\/plugins\/seo\/ -->\n<title>Dasa F30 \u2013 Forestry Forwarder Software for Efficiency<\/title>\n<meta name=\"description\" content=\"Maximize efficiency with Dasa F30, our advanced forestry forwarder software. Simplify load tracking and reporting for professional loggers. Read more here!\" \/>\n<meta name=\"robots\" content=\"index, follow, max-snippet:-1, max-image-preview:large, max-video-preview:-1\" \/>\n<link rel=\"canonical\" href=\"https:\/\/dasa.se\/fi\/product\/dasa-f30\/\" \/>\n<meta property=\"og:locale\" content=\"fi_FI\" \/>\n<meta property=\"og:type\" content=\"article\" \/>\n<meta property=\"og:title\" content=\"Dasa F30 \u2013 Forestry Forwarder Software for Efficiency\" \/>\n<meta property=\"og:description\" content=\"Maximize efficiency with Dasa F30, our advanced forestry forwarder software. Simplify load tracking and reporting for professional loggers. Read more here!\" \/>\n<meta property=\"og:url\" content=\"https:\/\/dasa.se\/fi\/product\/dasa-f30\/\" \/>\n<meta property=\"og:site_name\" content=\"Dasa: High-Performance Machine Control Systems\" \/>\n<meta property=\"article:modified_time\" content=\"2026-03-31T11:24:18+00:00\" \/>\n<meta property=\"og:image\" content=\"https:\/\/dasa.se\/wp-content\/uploads\/2025\/01\/Dasa-F30-02-1.png\" \/>\n\t<meta property=\"og:image:width\" content=\"1391\" \/>\n\t<meta property=\"og:image:height\" content=\"1391\" \/>\n\t<meta property=\"og:image:type\" content=\"image\/png\" \/>\n<meta name=\"twitter:card\" content=\"summary_large_image\" \/>\n<meta name=\"twitter:label1\" content=\"Arvioitu lukuaika\" \/>\n\t<meta name=\"twitter:data1\" content=\"2 minuuttia\" \/>\n<script type=\"application\/ld+json\" class=\"yoast-schema-graph\">{\"@context\":\"https:\/\/schema.org\",\"@graph\":[{\"@type\":[\"WebPage\",\"ItemPage\"],\"@id\":\"https:\/\/dasa.se\/product\/dasa-f30\/\",\"url\":\"https:\/\/dasa.se\/product\/dasa-f30\/\",\"name\":\"Dasa F30 \u2013 Forestry Forwarder Software for Efficiency\",\"isPartOf\":{\"@id\":\"https:\/\/dasa.se\/#website\"},\"primaryImageOfPage\":{\"@id\":\"https:\/\/dasa.se\/product\/dasa-f30\/#primaryimage\"},\"image\":{\"@id\":\"https:\/\/dasa.se\/product\/dasa-f30\/#primaryimage\"},\"thumbnailUrl\":\"https:\/\/dasa.se\/wp-content\/uploads\/2025\/01\/Dasa-F30-02-1.png\",\"datePublished\":\"2025-01-15T07:37:53+00:00\",\"dateModified\":\"2026-03-31T11:24:18+00:00\",\"description\":\"Maximize efficiency with Dasa F30, our advanced forestry forwarder software. Simplify load tracking and reporting for professional loggers. Read more here!\",\"breadcrumb\":{\"@id\":\"https:\/\/dasa.se\/product\/dasa-f30\/#breadcrumb\"},\"inLanguage\":\"fi\",\"potentialAction\":[{\"@type\":\"ReadAction\",\"target\":[\"https:\/\/dasa.se\/product\/dasa-f30\/\"]}]},{\"@type\":\"ImageObject\",\"inLanguage\":\"fi\",\"@id\":\"https:\/\/dasa.se\/product\/dasa-f30\/#primaryimage\",\"url\":\"https:\/\/dasa.se\/wp-content\/uploads\/2025\/01\/Dasa-F30-02-1.png\",\"contentUrl\":\"https:\/\/dasa.se\/wp-content\/uploads\/2025\/01\/Dasa-F30-02-1.png\",\"width\":1391,\"height\":1391,\"caption\":\"Screenshot of a light-blue logistics application interface showing an \\\"Unload\\\" panel with a delivery object list (Timber, Small Timber, Pulpwood, Chiplog, Biofuel), a selected Timber entry with volume 20 and weight 15, trip meter and operator status bar, published on www.dasa.se.\"},{\"@type\":\"BreadcrumbList\",\"@id\":\"https:\/\/dasa.se\/product\/dasa-f30\/#breadcrumb\",\"itemListElement\":[{\"@type\":\"ListItem\",\"position\":1,\"name\":\"Home\",\"item\":\"https:\/\/dasa.se\/\"},{\"@type\":\"ListItem\",\"position\":2,\"name\":\"do not remove!\",\"item\":\"https:\/\/dasa.se\/?page_id=876\"},{\"@type\":\"ListItem\",\"position\":3,\"name\":\"Dasa F30\"}]},{\"@type\":\"WebSite\",\"@id\":\"https:\/\/dasa.se\/#website\",\"url\":\"https:\/\/dasa.se\/\",\"name\":\"Dasa: High-Performance Machine Control Systems\",\"description\":\"\",\"publisher\":{\"@id\":\"https:\/\/dasa.se\/#organization\"},\"potentialAction\":[{\"@type\":\"SearchAction\",\"target\":{\"@type\":\"EntryPoint\",\"urlTemplate\":\"https:\/\/dasa.se\/?s={search_term_string}\"},\"query-input\":{\"@type\":\"PropertyValueSpecification\",\"valueRequired\":true,\"valueName\":\"search_term_string\"}}],\"inLanguage\":\"fi\"},{\"@type\":\"Organization\",\"@id\":\"https:\/\/dasa.se\/#organization\",\"name\":\"Dasa: High-Performance Machine Control Systems\",\"url\":\"https:\/\/dasa.se\/\",\"logo\":{\"@type\":\"ImageObject\",\"inLanguage\":\"fi\",\"@id\":\"https:\/\/dasa.se\/#\/schema\/logo\/image\/\",\"url\":\"https:\/\/dasa.se\/wp-content\/uploads\/2024\/10\/logo3.png\",\"contentUrl\":\"https:\/\/dasa.se\/wp-content\/uploads\/2024\/10\/logo3.png\",\"width\":1000,\"height\":320,\"caption\":\"Dasa: High-Performance Machine Control Systems\"},\"image\":{\"@id\":\"https:\/\/dasa.se\/#\/schema\/logo\/image\/\"},\"sameAs\":[\"https:\/\/www.linkedin.com\/company\/dasa-control-systems\/\"]}]}<\/script>\n<!-- \/ Yoast SEO plugin. -->","yoast_head_json":{"title":"Dasa F30 - Mets\u00e4talouden huolitsijaohjelmisto tehokkuuteen","description":"Maksimoi tehokkuus Dasa F30:lla, edistyneell\u00e4 mets\u00e4koneiden kuormatilan ohjelmistollamme. Yksinkertaista kuormien seurantaa ja raportointia ammattipuunkaatajille. Lue lis\u00e4\u00e4 t\u00e4\u00e4lt\u00e4!","robots":{"index":"index","follow":"follow","max-snippet":"max-snippet:-1","max-image-preview":"max-image-preview:large","max-video-preview":"max-video-preview:-1"},"canonical":"https:\/\/dasa.se\/fi\/product\/dasa-f30\/","og_locale":"fi_FI","og_type":"article","og_title":"Dasa F30 \u2013 Forestry Forwarder Software for Efficiency","og_description":"Maximize efficiency with Dasa F30, our advanced forestry forwarder software. Simplify load tracking and reporting for professional loggers. Read more here!","og_url":"https:\/\/dasa.se\/fi\/product\/dasa-f30\/","og_site_name":"Dasa: High-Performance Machine Control Systems","article_modified_time":"2026-03-31T11:24:18+00:00","og_image":[{"width":1391,"height":1391,"url":"https:\/\/dasa.se\/wp-content\/uploads\/2025\/01\/Dasa-F30-02-1.png","type":"image\/png"}],"twitter_card":"summary_large_image","twitter_misc":{"Arvioitu lukuaika":"2 minuuttia"},"schema":{"@context":"https:\/\/schema.org","@graph":[{"@type":["WebPage","ItemPage"],"@id":"https:\/\/dasa.se\/product\/dasa-f30\/","url":"https:\/\/dasa.se\/product\/dasa-f30\/","name":"Dasa F30 - Mets\u00e4talouden huolitsijaohjelmisto tehokkuuteen","isPartOf":{"@id":"https:\/\/dasa.se\/#website"},"primaryImageOfPage":{"@id":"https:\/\/dasa.se\/product\/dasa-f30\/#primaryimage"},"image":{"@id":"https:\/\/dasa.se\/product\/dasa-f30\/#primaryimage"},"thumbnailUrl":"https:\/\/dasa.se\/wp-content\/uploads\/2025\/01\/Dasa-F30-02-1.png","datePublished":"2025-01-15T07:37:53+00:00","dateModified":"2026-03-31T11:24:18+00:00","description":"Maksimoi tehokkuus Dasa F30:lla, edistyneell\u00e4 mets\u00e4koneiden kuormatilan ohjelmistollamme. Yksinkertaista kuormien seurantaa ja raportointia ammattipuunkaatajille. Lue lis\u00e4\u00e4 t\u00e4\u00e4lt\u00e4!","breadcrumb":{"@id":"https:\/\/dasa.se\/product\/dasa-f30\/#breadcrumb"},"inLanguage":"fi","potentialAction":[{"@type":"ReadAction","target":["https:\/\/dasa.se\/product\/dasa-f30\/"]}]},{"@type":"ImageObject","inLanguage":"fi","@id":"https:\/\/dasa.se\/product\/dasa-f30\/#primaryimage","url":"https:\/\/dasa.se\/wp-content\/uploads\/2025\/01\/Dasa-F30-02-1.png","contentUrl":"https:\/\/dasa.se\/wp-content\/uploads\/2025\/01\/Dasa-F30-02-1.png","width":1391,"height":1391,"caption":"Screenshot of a light-blue logistics application interface showing an \"Unload\" panel with a delivery object list (Timber, Small Timber, Pulpwood, Chiplog, Biofuel), a selected Timber entry with volume 20 and weight 15, trip meter and operator status bar, published on www.dasa.se."},{"@type":"BreadcrumbList","@id":"https:\/\/dasa.se\/product\/dasa-f30\/#breadcrumb","itemListElement":[{"@type":"ListItem","position":1,"name":"Home","item":"https:\/\/dasa.se\/"},{"@type":"ListItem","position":2,"name":"do not remove!","item":"https:\/\/dasa.se\/?page_id=876"},{"@type":"ListItem","position":3,"name":"Dasa F30"}]},{"@type":"WebSite","@id":"https:\/\/dasa.se\/#website","url":"https:\/\/dasa.se\/","name":"Dasa: Korkean suorituskyvyn koneenohjausj\u00e4rjestelm\u00e4t","description":"","publisher":{"@id":"https:\/\/dasa.se\/#organization"},"potentialAction":[{"@type":"SearchAction","target":{"@type":"EntryPoint","urlTemplate":"https:\/\/dasa.se\/?s={search_term_string}"},"query-input":{"@type":"PropertyValueSpecification","valueRequired":true,"valueName":"search_term_string"}}],"inLanguage":"fi"},{"@type":"Organization","@id":"https:\/\/dasa.se\/#organization","name":"Dasa: Korkean suorituskyvyn koneenohjausj\u00e4rjestelm\u00e4t","url":"https:\/\/dasa.se\/","logo":{"@type":"ImageObject","inLanguage":"fi","@id":"https:\/\/dasa.se\/#\/schema\/logo\/image\/","url":"https:\/\/dasa.se\/wp-content\/uploads\/2024\/10\/logo3.png","contentUrl":"https:\/\/dasa.se\/wp-content\/uploads\/2024\/10\/logo3.png","width":1000,"height":320,"caption":"Dasa: High-Performance Machine Control Systems"},"image":{"@id":"https:\/\/dasa.se\/#\/schema\/logo\/image\/"},"sameAs":["https:\/\/www.linkedin.com\/company\/dasa-control-systems\/"]}]}},"_links":{"self":[{"href":"https:\/\/dasa.se\/fi\/wp-json\/wp\/v2\/product\/2022","targetHints":{"allow":["GET"]}}],"collection":[{"href":"https:\/\/dasa.se\/fi\/wp-json\/wp\/v2\/product"}],"about":[{"href":"https:\/\/dasa.se\/fi\/wp-json\/wp\/v2\/types\/product"}],"wp:featuredmedia":[{"embeddable":true,"href":"https:\/\/dasa.se\/fi\/wp-json\/wp\/v2\/media\/2039"}],"wp:attachment":[{"href":"https:\/\/dasa.se\/fi\/wp-json\/wp\/v2\/media?parent=2022"}],"wp:term":[{"taxonomy":"product_brand","embeddable":true,"href":"https:\/\/dasa.se\/fi\/wp-json\/wp\/v2\/product_brand?post=2022"},{"taxonomy":"product_cat","embeddable":true,"href":"https:\/\/dasa.se\/fi\/wp-json\/wp\/v2\/product_cat?post=2022"},{"taxonomy":"product_tag","embeddable":true,"href":"https:\/\/dasa.se\/fi\/wp-json\/wp\/v2\/product_tag?post=2022"}],"curies":[{"name":"wp","href":"https:\/\/api.w.org\/{rel}","templated":true}]}}