{"id":2053,"date":"2025-01-15T14:07:29","date_gmt":"2025-01-15T14:07:29","guid":{"rendered":"https:\/\/eznpp.beeweb-orange.io\/?post_type=product&#038;p=2053"},"modified":"2026-03-31T11:21:41","modified_gmt":"2026-03-31T11:21:41","slug":"dasa-forester-office","status":"publish","type":"product","link":"https:\/\/dasa.se\/fi\/product\/dasa-forester-office\/","title":{"rendered":"Dasa Forester Office"},"content":{"rendered":"<p>Dasa Forester Officen avulla saat joustavan ja helppok\u00e4ytt\u00f6isen ohjelmiston, jolla voit hallinnoida leimikon hakkuuohjeita. Dasa Forester Office on kehitetty tiiviiss\u00e4 yhteisty\u00f6ss\u00e4 ruotsalaisten mets\u00e4yhti\u00f6iden, kuten S\u00f6dran, Mellanskogin, Vidan, Norrskogin ja Deromen kanssa. Forester Office tukee StanForD 2010 -ohjelmaa.<\/p>\n<p>Dasa Forester Officessa voi luoda puunkorjuusopimuksia, tuoteohjeita ja lajitelmaohjeita, ja siin\u00e4 voidaan hy\u00f6dynt\u00e4\u00e4 kaikkia StanForD 2010:ss\u00e4 k\u00e4ytett\u00e4viss\u00e4 olevia valvontaparametreja. Parametrit voidaan vied\u00e4 harvesteriin yksitt\u00e4isin\u00e4 tiedostoina tai kirjekuorina.<\/p>\n<p>Yksitt\u00e4isen valikoiman hinnastojen luominen ja muokkaaminen; hinnasto voidaan luoda rivihinnastona, matriisihinnastona tai n\u00e4iden yhdistelm\u00e4n\u00e4. ForesterOffice luo \\*.PIN- tai \\*.APM-tiedostoja, joita voidaan k\u00e4ytt\u00e4\u00e4 yhdess\u00e4 korjuuohjeiden kanssa harvesterin valvontaluettelon luomiseksi.<\/p>\n<p>Luo ja muokkaa puunkorjuuohjeita harvestereille; ForesterOfficessa voi luoda puunkorjuusopimuksia, tuoteohjeita ja lajitteluohjeita, ja kaikkia StanForD 2010:ss\u00e4 k\u00e4ytett\u00e4viss\u00e4 olevia valvontaparametreja voi hy\u00f6dynt\u00e4\u00e4 t\u00e4ysim\u00e4\u00e4r\u00e4isesti. Parametrit voidaan vied\u00e4 harvesteriin yksitt\u00e4isin\u00e4 tiedostoina tai kirjekuorina.<\/p>","protected":false},"excerpt":{"rendered":"<p>Dasa Forester Office on joustava ja helppok\u00e4ytt\u00f6inen ohjelmisto hakkuiden hallinnointiin.<\/p>","protected":false},"featured_media":2054,"template":"","meta":[],"product_brand":[],"product_cat":[58],"product_tag":[],"class_list":{"0":"post-2053","1":"product","2":"type-product","3":"status-publish","4":"has-post-thumbnail","6":"product_cat-stanford-software","8":"first","9":"instock","10":"shipping-taxable","11":"product-type-simple"},"yoast_head":"<!-- This site is optimized with the Yoast SEO plugin v26.7 - https:\/\/yoast.com\/wordpress\/plugins\/seo\/ -->\n<title>Dasa Forester Office \u2013 Simplify Log Bucking Admin<\/title>\n<meta name=\"description\" content=\"Simplify your log bucking administration with Dasa Forester Office. Manage data, production, and machine settings with ease. Discover the benefits here!\" \/>\n<meta name=\"robots\" content=\"index, follow, max-snippet:-1, max-image-preview:large, max-video-preview:-1\" \/>\n<link rel=\"canonical\" href=\"https:\/\/dasa.se\/fi\/product\/dasa-forester-office\/\" \/>\n<meta property=\"og:locale\" content=\"fi_FI\" \/>\n<meta property=\"og:type\" content=\"article\" \/>\n<meta property=\"og:title\" content=\"Dasa Forester Office \u2013 Simplify Log Bucking Admin\" \/>\n<meta property=\"og:description\" content=\"Simplify your log bucking administration with Dasa Forester Office. Manage data, production, and machine settings with ease. Discover the benefits here!\" \/>\n<meta property=\"og:url\" content=\"https:\/\/dasa.se\/fi\/product\/dasa-forester-office\/\" \/>\n<meta property=\"og:site_name\" content=\"Dasa: High-Performance Machine Control Systems\" \/>\n<meta property=\"article:modified_time\" content=\"2026-03-31T11:21:41+00:00\" \/>\n<meta property=\"og:image\" content=\"https:\/\/dasa.se\/wp-content\/uploads\/2025\/01\/Dasa-Forester-Office_01.png\" \/>\n\t<meta property=\"og:image:width\" content=\"700\" \/>\n\t<meta property=\"og:image:height\" content=\"636\" \/>\n\t<meta property=\"og:image:type\" content=\"image\/png\" \/>\n<meta name=\"twitter:card\" content=\"summary_large_image\" \/>\n<meta name=\"twitter:label1\" content=\"Arvioitu lukuaika\" \/>\n\t<meta name=\"twitter:data1\" content=\"2 minuuttia\" \/>\n<script type=\"application\/ld+json\" class=\"yoast-schema-graph\">{\"@context\":\"https:\/\/schema.org\",\"@graph\":[{\"@type\":[\"WebPage\",\"ItemPage\"],\"@id\":\"https:\/\/dasa.se\/product\/dasa-forester-office\/\",\"url\":\"https:\/\/dasa.se\/product\/dasa-forester-office\/\",\"name\":\"Dasa Forester Office \u2013 Simplify Log Bucking Admin\",\"isPartOf\":{\"@id\":\"https:\/\/dasa.se\/#website\"},\"primaryImageOfPage\":{\"@id\":\"https:\/\/dasa.se\/product\/dasa-forester-office\/#primaryimage\"},\"image\":{\"@id\":\"https:\/\/dasa.se\/product\/dasa-forester-office\/#primaryimage\"},\"thumbnailUrl\":\"https:\/\/dasa.se\/wp-content\/uploads\/2025\/01\/Dasa-Forester-Office_01.png\",\"datePublished\":\"2025-01-15T14:07:29+00:00\",\"dateModified\":\"2026-03-31T11:21:41+00:00\",\"description\":\"Simplify your log bucking administration with Dasa Forester Office. Manage data, production, and machine settings with ease. Discover the benefits here!\",\"breadcrumb\":{\"@id\":\"https:\/\/dasa.se\/product\/dasa-forester-office\/#breadcrumb\"},\"inLanguage\":\"fi\",\"potentialAction\":[{\"@type\":\"ReadAction\",\"target\":[\"https:\/\/dasa.se\/product\/dasa-forester-office\/\"]}]},{\"@type\":\"ImageObject\",\"inLanguage\":\"fi\",\"@id\":\"https:\/\/dasa.se\/product\/dasa-forester-office\/#primaryimage\",\"url\":\"https:\/\/dasa.se\/wp-content\/uploads\/2025\/01\/Dasa-Forester-Office_01.png\",\"contentUrl\":\"https:\/\/dasa.se\/wp-content\/uploads\/2025\/01\/Dasa-Forester-Office_01.png\",\"width\":700,\"height\":636,\"caption\":\"Alt text: A screenshot of the ForesterOffice desktop application showing product configuration tabs and multiple tables with product names, IDs, diameter-based price matrices and length-correction settings; published on www.dasa.se.\"},{\"@type\":\"BreadcrumbList\",\"@id\":\"https:\/\/dasa.se\/product\/dasa-forester-office\/#breadcrumb\",\"itemListElement\":[{\"@type\":\"ListItem\",\"position\":1,\"name\":\"Home\",\"item\":\"https:\/\/dasa.se\/\"},{\"@type\":\"ListItem\",\"position\":2,\"name\":\"do not remove!\",\"item\":\"https:\/\/dasa.se\/?page_id=876\"},{\"@type\":\"ListItem\",\"position\":3,\"name\":\"Dasa Forester Office\"}]},{\"@type\":\"WebSite\",\"@id\":\"https:\/\/dasa.se\/#website\",\"url\":\"https:\/\/dasa.se\/\",\"name\":\"Dasa: High-Performance Machine Control Systems\",\"description\":\"\",\"publisher\":{\"@id\":\"https:\/\/dasa.se\/#organization\"},\"potentialAction\":[{\"@type\":\"SearchAction\",\"target\":{\"@type\":\"EntryPoint\",\"urlTemplate\":\"https:\/\/dasa.se\/?s={search_term_string}\"},\"query-input\":{\"@type\":\"PropertyValueSpecification\",\"valueRequired\":true,\"valueName\":\"search_term_string\"}}],\"inLanguage\":\"fi\"},{\"@type\":\"Organization\",\"@id\":\"https:\/\/dasa.se\/#organization\",\"name\":\"Dasa: High-Performance Machine Control Systems\",\"url\":\"https:\/\/dasa.se\/\",\"logo\":{\"@type\":\"ImageObject\",\"inLanguage\":\"fi\",\"@id\":\"https:\/\/dasa.se\/#\/schema\/logo\/image\/\",\"url\":\"https:\/\/dasa.se\/wp-content\/uploads\/2024\/10\/logo3.png\",\"contentUrl\":\"https:\/\/dasa.se\/wp-content\/uploads\/2024\/10\/logo3.png\",\"width\":1000,\"height\":320,\"caption\":\"Dasa: High-Performance Machine Control Systems\"},\"image\":{\"@id\":\"https:\/\/dasa.se\/#\/schema\/logo\/image\/\"},\"sameAs\":[\"https:\/\/www.linkedin.com\/company\/dasa-control-systems\/\"]}]}<\/script>\n<!-- \/ Yoast SEO plugin. -->","yoast_head_json":{"title":"Dasa Forester Office - Yksinkertaista tukkien kaatamista Admin","description":"Nopeuta py\u00f6r\u00f6sahauslogistiikan hallintoasi Dasa Forester Officella. Hallitse tietoja, tuotantoa ja koneasetuksia helposti. Tutustu etuihin t\u00e4\u00e4ll\u00e4!","robots":{"index":"index","follow":"follow","max-snippet":"max-snippet:-1","max-image-preview":"max-image-preview:large","max-video-preview":"max-video-preview:-1"},"canonical":"https:\/\/dasa.se\/fi\/product\/dasa-forester-office\/","og_locale":"fi_FI","og_type":"article","og_title":"Dasa Forester Office \u2013 Simplify Log Bucking Admin","og_description":"Simplify your log bucking administration with Dasa Forester Office. Manage data, production, and machine settings with ease. Discover the benefits here!","og_url":"https:\/\/dasa.se\/fi\/product\/dasa-forester-office\/","og_site_name":"Dasa: High-Performance Machine Control Systems","article_modified_time":"2026-03-31T11:21:41+00:00","og_image":[{"width":700,"height":636,"url":"https:\/\/dasa.se\/wp-content\/uploads\/2025\/01\/Dasa-Forester-Office_01.png","type":"image\/png"}],"twitter_card":"summary_large_image","twitter_misc":{"Arvioitu lukuaika":"2 minuuttia"},"schema":{"@context":"https:\/\/schema.org","@graph":[{"@type":["WebPage","ItemPage"],"@id":"https:\/\/dasa.se\/product\/dasa-forester-office\/","url":"https:\/\/dasa.se\/product\/dasa-forester-office\/","name":"Dasa Forester Office - Yksinkertaista tukkien kaatamista Admin","isPartOf":{"@id":"https:\/\/dasa.se\/#website"},"primaryImageOfPage":{"@id":"https:\/\/dasa.se\/product\/dasa-forester-office\/#primaryimage"},"image":{"@id":"https:\/\/dasa.se\/product\/dasa-forester-office\/#primaryimage"},"thumbnailUrl":"https:\/\/dasa.se\/wp-content\/uploads\/2025\/01\/Dasa-Forester-Office_01.png","datePublished":"2025-01-15T14:07:29+00:00","dateModified":"2026-03-31T11:21:41+00:00","description":"Nopeuta py\u00f6r\u00f6sahauslogistiikan hallintoasi Dasa Forester Officella. Hallitse tietoja, tuotantoa ja koneasetuksia helposti. Tutustu etuihin t\u00e4\u00e4ll\u00e4!","breadcrumb":{"@id":"https:\/\/dasa.se\/product\/dasa-forester-office\/#breadcrumb"},"inLanguage":"fi","potentialAction":[{"@type":"ReadAction","target":["https:\/\/dasa.se\/product\/dasa-forester-office\/"]}]},{"@type":"ImageObject","inLanguage":"fi","@id":"https:\/\/dasa.se\/product\/dasa-forester-office\/#primaryimage","url":"https:\/\/dasa.se\/wp-content\/uploads\/2025\/01\/Dasa-Forester-Office_01.png","contentUrl":"https:\/\/dasa.se\/wp-content\/uploads\/2025\/01\/Dasa-Forester-Office_01.png","width":700,"height":636,"caption":"Alt text: A screenshot of the ForesterOffice desktop application showing product configuration tabs and multiple tables with product names, IDs, diameter-based price matrices and length-correction settings; published on www.dasa.se."},{"@type":"BreadcrumbList","@id":"https:\/\/dasa.se\/product\/dasa-forester-office\/#breadcrumb","itemListElement":[{"@type":"ListItem","position":1,"name":"Home","item":"https:\/\/dasa.se\/"},{"@type":"ListItem","position":2,"name":"do not remove!","item":"https:\/\/dasa.se\/?page_id=876"},{"@type":"ListItem","position":3,"name":"Dasa Forester Office"}]},{"@type":"WebSite","@id":"https:\/\/dasa.se\/#website","url":"https:\/\/dasa.se\/","name":"Dasa: Korkean suorituskyvyn koneenohjausj\u00e4rjestelm\u00e4t","description":"","publisher":{"@id":"https:\/\/dasa.se\/#organization"},"potentialAction":[{"@type":"SearchAction","target":{"@type":"EntryPoint","urlTemplate":"https:\/\/dasa.se\/?s={search_term_string}"},"query-input":{"@type":"PropertyValueSpecification","valueRequired":true,"valueName":"search_term_string"}}],"inLanguage":"fi"},{"@type":"Organization","@id":"https:\/\/dasa.se\/#organization","name":"Dasa: Korkean suorituskyvyn koneenohjausj\u00e4rjestelm\u00e4t","url":"https:\/\/dasa.se\/","logo":{"@type":"ImageObject","inLanguage":"fi","@id":"https:\/\/dasa.se\/#\/schema\/logo\/image\/","url":"https:\/\/dasa.se\/wp-content\/uploads\/2024\/10\/logo3.png","contentUrl":"https:\/\/dasa.se\/wp-content\/uploads\/2024\/10\/logo3.png","width":1000,"height":320,"caption":"Dasa: High-Performance Machine Control Systems"},"image":{"@id":"https:\/\/dasa.se\/#\/schema\/logo\/image\/"},"sameAs":["https:\/\/www.linkedin.com\/company\/dasa-control-systems\/"]}]}},"_links":{"self":[{"href":"https:\/\/dasa.se\/fi\/wp-json\/wp\/v2\/product\/2053","targetHints":{"allow":["GET"]}}],"collection":[{"href":"https:\/\/dasa.se\/fi\/wp-json\/wp\/v2\/product"}],"about":[{"href":"https:\/\/dasa.se\/fi\/wp-json\/wp\/v2\/types\/product"}],"wp:featuredmedia":[{"embeddable":true,"href":"https:\/\/dasa.se\/fi\/wp-json\/wp\/v2\/media\/2054"}],"wp:attachment":[{"href":"https:\/\/dasa.se\/fi\/wp-json\/wp\/v2\/media?parent=2053"}],"wp:term":[{"taxonomy":"product_brand","embeddable":true,"href":"https:\/\/dasa.se\/fi\/wp-json\/wp\/v2\/product_brand?post=2053"},{"taxonomy":"product_cat","embeddable":true,"href":"https:\/\/dasa.se\/fi\/wp-json\/wp\/v2\/product_cat?post=2053"},{"taxonomy":"product_tag","embeddable":true,"href":"https:\/\/dasa.se\/fi\/wp-json\/wp\/v2\/product_tag?post=2053"}],"curies":[{"name":"wp","href":"https:\/\/api.w.org\/{rel}","templated":true}]}}