{"id":2184,"date":"2025-02-03T09:48:36","date_gmt":"2025-02-03T09:48:36","guid":{"rendered":"https:\/\/dasa.se\/?post_type=product&#038;p=2184"},"modified":"2026-03-31T11:05:07","modified_gmt":"2026-03-31T11:05:07","slug":"dlpm-controller","status":"publish","type":"product","link":"https:\/\/dasa.se\/fi\/product\/dlpm-controller\/","title":{"rendered":"dLPM-ohjausyksikk\u00f6"},"content":{"rendered":"<p>Dasa dLPM (Low Power Module) on monipuolinen, vapaasti ohjelmoitavissa oleva pienitehoinen ohjain, joka on suunniteltu toimimaan tehokkaasti mahdollisimman pienell\u00e4 virrankulutuksella. T\u00e4m\u00e4 tekee siit\u00e4 ihanteellisen ratkaisun erilaisten koneiden valmiustilatoimintojen hallintaan my\u00f6s silloin, kun koneiden virta on katkaistu.<\/p>\n<p>Joustavuutensa ja alhaisen tehontarpeensa ansiosta dLPM:\u00e4\u00e4 voidaan k\u00e4ytt\u00e4\u00e4 monenlaisissa sovelluksissa p\u00e4\u00e4kytkimien ohjauksesta kriittisten toimintojen valvontaan.<\/p>","protected":false},"excerpt":{"rendered":"<p>Dasa dLPM (Low Power Module) on monipuolinen, vapaasti ohjelmoitavissa oleva pienitehoinen ohjain, joka on suunniteltu toimimaan tehokkaasti mahdollisimman pienell\u00e4 virrankulutuksella.<\/p>","protected":false},"featured_media":2410,"template":"","meta":[],"product_brand":[],"product_cat":[56],"product_tag":[],"class_list":{"0":"post-2184","1":"product","2":"type-product","3":"status-publish","4":"has-post-thumbnail","6":"product_cat-controllers","8":"first","9":"instock","10":"shipping-taxable","11":"product-type-simple"},"yoast_head":"<!-- This site is optimized with the Yoast SEO plugin v26.7 - https:\/\/yoast.com\/wordpress\/plugins\/seo\/ -->\n<title>dLPM Controller \u2013 Efficient Power Control in Forestry | Dasa<\/title>\n<meta name=\"description\" content=\"Optimize machine performance with the dLPM Controller. Ensure efficient power control and fuel savings in forestry operations. Learn about our solution here!\" \/>\n<meta name=\"robots\" content=\"index, follow, max-snippet:-1, max-image-preview:large, max-video-preview:-1\" \/>\n<link rel=\"canonical\" href=\"https:\/\/dasa.se\/fi\/product\/dlpm-controller\/\" \/>\n<meta property=\"og:locale\" content=\"fi_FI\" \/>\n<meta property=\"og:type\" content=\"article\" \/>\n<meta property=\"og:title\" content=\"dLPM Controller \u2013 Efficient Power Control in Forestry | Dasa\" \/>\n<meta property=\"og:description\" content=\"Optimize machine performance with the dLPM Controller. Ensure efficient power control and fuel savings in forestry operations. Learn about our solution here!\" \/>\n<meta property=\"og:url\" content=\"https:\/\/dasa.se\/fi\/product\/dlpm-controller\/\" \/>\n<meta property=\"og:site_name\" content=\"Dasa: High-Performance Machine Control Systems\" \/>\n<meta property=\"article:modified_time\" content=\"2026-03-31T11:05:07+00:00\" \/>\n<meta property=\"og:image\" content=\"https:\/\/dasa.se\/wp-content\/uploads\/2025\/02\/Dasa-dLPM-controller.png\" \/>\n\t<meta property=\"og:image:width\" content=\"1000\" \/>\n\t<meta property=\"og:image:height\" content=\"756\" \/>\n\t<meta property=\"og:image:type\" content=\"image\/png\" \/>\n<meta name=\"twitter:card\" content=\"summary_large_image\" \/>\n<meta name=\"twitter:label1\" content=\"Arvioitu lukuaika\" \/>\n\t<meta name=\"twitter:data1\" content=\"1 minuutti\" \/>\n<script type=\"application\/ld+json\" class=\"yoast-schema-graph\">{\"@context\":\"https:\/\/schema.org\",\"@graph\":[{\"@type\":[\"WebPage\",\"ItemPage\"],\"@id\":\"https:\/\/dasa.se\/product\/dlpm-controller\/\",\"url\":\"https:\/\/dasa.se\/product\/dlpm-controller\/\",\"name\":\"dLPM Controller \u2013 Efficient Power Control in Forestry | Dasa\",\"isPartOf\":{\"@id\":\"https:\/\/dasa.se\/#website\"},\"primaryImageOfPage\":{\"@id\":\"https:\/\/dasa.se\/product\/dlpm-controller\/#primaryimage\"},\"image\":{\"@id\":\"https:\/\/dasa.se\/product\/dlpm-controller\/#primaryimage\"},\"thumbnailUrl\":\"https:\/\/dasa.se\/wp-content\/uploads\/2025\/02\/Dasa-dLPM-controller.png\",\"datePublished\":\"2025-02-03T09:48:36+00:00\",\"dateModified\":\"2026-03-31T11:05:07+00:00\",\"description\":\"Optimize machine performance with the dLPM Controller. Ensure efficient power control and fuel savings in forestry operations. Learn about our solution here!\",\"breadcrumb\":{\"@id\":\"https:\/\/dasa.se\/product\/dlpm-controller\/#breadcrumb\"},\"inLanguage\":\"fi\",\"potentialAction\":[{\"@type\":\"ReadAction\",\"target\":[\"https:\/\/dasa.se\/product\/dlpm-controller\/\"]}]},{\"@type\":\"ImageObject\",\"inLanguage\":\"fi\",\"@id\":\"https:\/\/dasa.se\/product\/dlpm-controller\/#primaryimage\",\"url\":\"https:\/\/dasa.se\/wp-content\/uploads\/2025\/02\/Dasa-dLPM-controller.png\",\"contentUrl\":\"https:\/\/dasa.se\/wp-content\/uploads\/2025\/02\/Dasa-dLPM-controller.png\",\"width\":1000,\"height\":756,\"caption\":\"Black DASA dLPM electronic control module with dual connector ports and purple accent panels shown against a white background, published on www.dasa.se.\"},{\"@type\":\"BreadcrumbList\",\"@id\":\"https:\/\/dasa.se\/product\/dlpm-controller\/#breadcrumb\",\"itemListElement\":[{\"@type\":\"ListItem\",\"position\":1,\"name\":\"Home\",\"item\":\"https:\/\/dasa.se\/\"},{\"@type\":\"ListItem\",\"position\":2,\"name\":\"do not remove!\",\"item\":\"https:\/\/dasa.se\/?page_id=876\"},{\"@type\":\"ListItem\",\"position\":3,\"name\":\"dLPM Controller\"}]},{\"@type\":\"WebSite\",\"@id\":\"https:\/\/dasa.se\/#website\",\"url\":\"https:\/\/dasa.se\/\",\"name\":\"Dasa: High-Performance Machine Control Systems\",\"description\":\"\",\"publisher\":{\"@id\":\"https:\/\/dasa.se\/#organization\"},\"potentialAction\":[{\"@type\":\"SearchAction\",\"target\":{\"@type\":\"EntryPoint\",\"urlTemplate\":\"https:\/\/dasa.se\/?s={search_term_string}\"},\"query-input\":{\"@type\":\"PropertyValueSpecification\",\"valueRequired\":true,\"valueName\":\"search_term_string\"}}],\"inLanguage\":\"fi\"},{\"@type\":\"Organization\",\"@id\":\"https:\/\/dasa.se\/#organization\",\"name\":\"Dasa: High-Performance Machine Control Systems\",\"url\":\"https:\/\/dasa.se\/\",\"logo\":{\"@type\":\"ImageObject\",\"inLanguage\":\"fi\",\"@id\":\"https:\/\/dasa.se\/#\/schema\/logo\/image\/\",\"url\":\"https:\/\/dasa.se\/wp-content\/uploads\/2024\/10\/logo3.png\",\"contentUrl\":\"https:\/\/dasa.se\/wp-content\/uploads\/2024\/10\/logo3.png\",\"width\":1000,\"height\":320,\"caption\":\"Dasa: High-Performance Machine Control Systems\"},\"image\":{\"@id\":\"https:\/\/dasa.se\/#\/schema\/logo\/image\/\"},\"sameAs\":[\"https:\/\/www.linkedin.com\/company\/dasa-control-systems\/\"]}]}<\/script>\n<!-- \/ Yoast SEO plugin. -->","yoast_head_json":{"title":"dLPM-s\u00e4\u00e4din - Tehokas tehons\u00e4\u00e4t\u00f6 mets\u00e4taloudessa | Dasa","description":"Optimoi koneen suorituskyky dLPM-ohjaimella. Varmista tehokas tehons\u00e4\u00e4t\u00f6 ja polttoaines\u00e4\u00e4st\u00f6t mets\u00e4taloustoiminnoissa. Tutustu ratkaisuun t\u00e4\u00e4ll\u00e4!","robots":{"index":"index","follow":"follow","max-snippet":"max-snippet:-1","max-image-preview":"max-image-preview:large","max-video-preview":"max-video-preview:-1"},"canonical":"https:\/\/dasa.se\/fi\/product\/dlpm-controller\/","og_locale":"fi_FI","og_type":"article","og_title":"dLPM Controller \u2013 Efficient Power Control in Forestry | Dasa","og_description":"Optimize machine performance with the dLPM Controller. Ensure efficient power control and fuel savings in forestry operations. Learn about our solution here!","og_url":"https:\/\/dasa.se\/fi\/product\/dlpm-controller\/","og_site_name":"Dasa: High-Performance Machine Control Systems","article_modified_time":"2026-03-31T11:05:07+00:00","og_image":[{"width":1000,"height":756,"url":"https:\/\/dasa.se\/wp-content\/uploads\/2025\/02\/Dasa-dLPM-controller.png","type":"image\/png"}],"twitter_card":"summary_large_image","twitter_misc":{"Arvioitu lukuaika":"1 minuutti"},"schema":{"@context":"https:\/\/schema.org","@graph":[{"@type":["WebPage","ItemPage"],"@id":"https:\/\/dasa.se\/product\/dlpm-controller\/","url":"https:\/\/dasa.se\/product\/dlpm-controller\/","name":"dLPM-s\u00e4\u00e4din - Tehokas tehons\u00e4\u00e4t\u00f6 mets\u00e4taloudessa | Dasa","isPartOf":{"@id":"https:\/\/dasa.se\/#website"},"primaryImageOfPage":{"@id":"https:\/\/dasa.se\/product\/dlpm-controller\/#primaryimage"},"image":{"@id":"https:\/\/dasa.se\/product\/dlpm-controller\/#primaryimage"},"thumbnailUrl":"https:\/\/dasa.se\/wp-content\/uploads\/2025\/02\/Dasa-dLPM-controller.png","datePublished":"2025-02-03T09:48:36+00:00","dateModified":"2026-03-31T11:05:07+00:00","description":"Optimoi koneen suorituskyky dLPM-ohjaimella. Varmista tehokas tehons\u00e4\u00e4t\u00f6 ja polttoaines\u00e4\u00e4st\u00f6t mets\u00e4taloustoiminnoissa. Tutustu ratkaisuun t\u00e4\u00e4ll\u00e4!","breadcrumb":{"@id":"https:\/\/dasa.se\/product\/dlpm-controller\/#breadcrumb"},"inLanguage":"fi","potentialAction":[{"@type":"ReadAction","target":["https:\/\/dasa.se\/product\/dlpm-controller\/"]}]},{"@type":"ImageObject","inLanguage":"fi","@id":"https:\/\/dasa.se\/product\/dlpm-controller\/#primaryimage","url":"https:\/\/dasa.se\/wp-content\/uploads\/2025\/02\/Dasa-dLPM-controller.png","contentUrl":"https:\/\/dasa.se\/wp-content\/uploads\/2025\/02\/Dasa-dLPM-controller.png","width":1000,"height":756,"caption":"Black DASA dLPM electronic control module with dual connector ports and purple accent panels shown against a white background, published on www.dasa.se."},{"@type":"BreadcrumbList","@id":"https:\/\/dasa.se\/product\/dlpm-controller\/#breadcrumb","itemListElement":[{"@type":"ListItem","position":1,"name":"Home","item":"https:\/\/dasa.se\/"},{"@type":"ListItem","position":2,"name":"do not remove!","item":"https:\/\/dasa.se\/?page_id=876"},{"@type":"ListItem","position":3,"name":"dLPM Controller"}]},{"@type":"WebSite","@id":"https:\/\/dasa.se\/#website","url":"https:\/\/dasa.se\/","name":"Dasa: Korkean suorituskyvyn koneenohjausj\u00e4rjestelm\u00e4t","description":"","publisher":{"@id":"https:\/\/dasa.se\/#organization"},"potentialAction":[{"@type":"SearchAction","target":{"@type":"EntryPoint","urlTemplate":"https:\/\/dasa.se\/?s={search_term_string}"},"query-input":{"@type":"PropertyValueSpecification","valueRequired":true,"valueName":"search_term_string"}}],"inLanguage":"fi"},{"@type":"Organization","@id":"https:\/\/dasa.se\/#organization","name":"Dasa: Korkean suorituskyvyn koneenohjausj\u00e4rjestelm\u00e4t","url":"https:\/\/dasa.se\/","logo":{"@type":"ImageObject","inLanguage":"fi","@id":"https:\/\/dasa.se\/#\/schema\/logo\/image\/","url":"https:\/\/dasa.se\/wp-content\/uploads\/2024\/10\/logo3.png","contentUrl":"https:\/\/dasa.se\/wp-content\/uploads\/2024\/10\/logo3.png","width":1000,"height":320,"caption":"Dasa: High-Performance Machine Control Systems"},"image":{"@id":"https:\/\/dasa.se\/#\/schema\/logo\/image\/"},"sameAs":["https:\/\/www.linkedin.com\/company\/dasa-control-systems\/"]}]}},"_links":{"self":[{"href":"https:\/\/dasa.se\/fi\/wp-json\/wp\/v2\/product\/2184","targetHints":{"allow":["GET"]}}],"collection":[{"href":"https:\/\/dasa.se\/fi\/wp-json\/wp\/v2\/product"}],"about":[{"href":"https:\/\/dasa.se\/fi\/wp-json\/wp\/v2\/types\/product"}],"wp:featuredmedia":[{"embeddable":true,"href":"https:\/\/dasa.se\/fi\/wp-json\/wp\/v2\/media\/2410"}],"wp:attachment":[{"href":"https:\/\/dasa.se\/fi\/wp-json\/wp\/v2\/media?parent=2184"}],"wp:term":[{"taxonomy":"product_brand","embeddable":true,"href":"https:\/\/dasa.se\/fi\/wp-json\/wp\/v2\/product_brand?post=2184"},{"taxonomy":"product_cat","embeddable":true,"href":"https:\/\/dasa.se\/fi\/wp-json\/wp\/v2\/product_cat?post=2184"},{"taxonomy":"product_tag","embeddable":true,"href":"https:\/\/dasa.se\/fi\/wp-json\/wp\/v2\/product_tag?post=2184"}],"curies":[{"name":"wp","href":"https:\/\/api.w.org\/{rel}","templated":true}]}}