{"id":982,"date":"2024-11-13T15:13:20","date_gmt":"2024-11-13T15:13:20","guid":{"rendered":"https:\/\/eznpp.beeweb-orange.io\/?post_type=product&#038;p=982"},"modified":"2025-10-31T09:17:44","modified_gmt":"2025-10-31T09:17:44","slug":"desx-4cs-gw","status":"publish","type":"product","link":"https:\/\/dasa.se\/fi\/product\/desx-4cs-gw\/","title":{"rendered":"ESX 4CS GW -ohjausyksikk\u00f6"},"content":{"rendered":"<p>Ethernet-yhdysk\u00e4yt\u00e4v\u00e4 mobiilisovelluksiin; hajautetuissa j\u00e4rjestelm\u00e4arkkitehtuureissa t\u00e4m\u00e4 laite on t\u00e4ydellinen rakennuspalikka. ESX 4CS GW on suunniteltu ammattik\u00e4ytt\u00f6\u00f6n tarkoitetun mobiilikoneen eri verkkojen v\u00e4liseksi viestint\u00e4keskukseksi.<\/p>\n<p>STW:n nelj\u00e4nnen sukupolven ohjausyksik\u00f6iden ensimm\u00e4isen\u00e4 edustajana ESX 4CS GW on ensimm\u00e4inen, jossa on kolmella ytimell\u00e4 varustettu prosessori (Infineon Aurix). Kuusi CANbus-liit\u00e4nt\u00e4\u00e4 ja yhteens\u00e4 viisi Ethernet-liit\u00e4nt\u00e4\u00e4 tekev\u00e4t ESX.4cs-gw:st\u00e4 todellisen kommunikaatioihmeen. Hallitun nelinkertaisen 100 Mbit\/s Ethernet-kytkimen avulla suuria tietom\u00e4\u00e4ri\u00e4 voidaan v\u00e4litt\u00e4\u00e4 j\u00e4rjestelm\u00e4ss\u00e4 kohdennetusti ilman prosessoritehon k\u00e4ytt\u00f6\u00e4. Valinnaisesti kytkimen kautta voidaan k\u00e4ytt\u00e4\u00e4 Single Pair Ethernet (100Base-T1) -porttia ja 1 Gbit\/s Ethernet (1000Base-T) -porttia. Diagnoositarkoituksiin on k\u00e4ytett\u00e4viss\u00e4 lis\u00e4ksi 100 Mbit\/s Ethernet-portti.<\/p>\n<p>Liikkuvien ty\u00f6koneiden vaativaan ty\u00f6ymp\u00e4rist\u00f6\u00f6n suunniteltu ohjausyksikk\u00f6 on sijoitettu alumiiniseen painevalukoteloon, joka on varustettu paineenkorjauselementill\u00e4, ja sen tiiveys on IP6k5k \/ IP67k, ilman M12-pistokkeita jopa IP6k9k.<\/p>\n<p>ESX 4CS GW soveltuu turvallisuuteen liittyviin sovelluksiin suorituskykytasolle PL d, turvallisuuden eheystasolle SIL2 ja ASIL B asti.<\/p>\n<p>&nbsp;<\/p>","protected":false},"excerpt":{"rendered":"<p>Suunniteltu viestint\u00e4keskukseksi eri verkkojen v\u00e4lille ammattik\u00e4ytt\u00f6\u00f6n tarkoitetussa mobiililaitteessa.<\/p>","protected":false},"featured_media":1239,"template":"","meta":[],"product_brand":[],"product_cat":[56],"product_tag":[],"class_list":{"0":"post-982","1":"product","2":"type-product","3":"status-publish","4":"has-post-thumbnail","6":"product_cat-controllers","8":"first","9":"instock","10":"shipping-taxable","11":"product-type-simple"},"yoast_head":"<!-- This site is optimized with the Yoast SEO plugin v26.7 - https:\/\/yoast.com\/wordpress\/plugins\/seo\/ -->\n<title>ESX 4CS GW \u2013 Gateway Controller for Forestry Machines | Dasa<\/title>\n<meta name=\"robots\" content=\"index, follow, max-snippet:-1, max-image-preview:large, max-video-preview:-1\" \/>\n<link rel=\"canonical\" href=\"https:\/\/dasa.se\/fi\/product\/desx-4cs-gw\/\" \/>\n<meta property=\"og:locale\" content=\"fi_FI\" \/>\n<meta property=\"og:type\" content=\"article\" \/>\n<meta property=\"og:title\" content=\"ESX 4CS GW \u2013 Gateway Controller for Forestry Machines | Dasa\" \/>\n<meta property=\"og:description\" content=\"Designed as a communication hub between different networks in the professional mobile machine.\" \/>\n<meta property=\"og:url\" content=\"https:\/\/dasa.se\/fi\/product\/desx-4cs-gw\/\" \/>\n<meta property=\"og:site_name\" content=\"Dasa: High-Performance Machine Control Systems\" \/>\n<meta property=\"article:modified_time\" content=\"2025-10-31T09:17:44+00:00\" \/>\n<meta property=\"og:image\" content=\"https:\/\/dasa.se\/wp-content\/uploads\/2024\/11\/ESX.4cs-gw-scaled.jpg\" \/>\n\t<meta property=\"og:image:width\" content=\"2560\" \/>\n\t<meta property=\"og:image:height\" content=\"1707\" \/>\n\t<meta property=\"og:image:type\" content=\"image\/jpeg\" \/>\n<meta name=\"twitter:card\" content=\"summary_large_image\" \/>\n<meta name=\"twitter:label1\" content=\"Arvioitu lukuaika\" \/>\n\t<meta name=\"twitter:data1\" content=\"2 minuuttia\" \/>\n<script type=\"application\/ld+json\" class=\"yoast-schema-graph\">{\"@context\":\"https:\/\/schema.org\",\"@graph\":[{\"@type\":[\"WebPage\",\"ItemPage\"],\"@id\":\"https:\/\/dasa.se\/product\/desx-4cs-gw\/\",\"url\":\"https:\/\/dasa.se\/product\/desx-4cs-gw\/\",\"name\":\"ESX 4CS GW \u2013 Gateway Controller for Forestry Machines | Dasa\",\"isPartOf\":{\"@id\":\"https:\/\/dasa.se\/#website\"},\"primaryImageOfPage\":{\"@id\":\"https:\/\/dasa.se\/product\/desx-4cs-gw\/#primaryimage\"},\"image\":{\"@id\":\"https:\/\/dasa.se\/product\/desx-4cs-gw\/#primaryimage\"},\"thumbnailUrl\":\"https:\/\/dasa.se\/wp-content\/uploads\/2024\/11\/ESX.4cs-gw-scaled.jpg\",\"datePublished\":\"2024-11-13T15:13:20+00:00\",\"dateModified\":\"2025-10-31T09:17:44+00:00\",\"breadcrumb\":{\"@id\":\"https:\/\/dasa.se\/product\/desx-4cs-gw\/#breadcrumb\"},\"inLanguage\":\"fi\",\"potentialAction\":[{\"@type\":\"ReadAction\",\"target\":[\"https:\/\/dasa.se\/product\/desx-4cs-gw\/\"]}]},{\"@type\":\"ImageObject\",\"inLanguage\":\"fi\",\"@id\":\"https:\/\/dasa.se\/product\/desx-4cs-gw\/#primaryimage\",\"url\":\"https:\/\/dasa.se\/wp-content\/uploads\/2024\/11\/ESX.4cs-gw-scaled.jpg\",\"contentUrl\":\"https:\/\/dasa.se\/wp-content\/uploads\/2024\/11\/ESX.4cs-gw-scaled.jpg\",\"width\":2560,\"height\":1707,\"caption\":\"A close-up view of a rectangular aluminum automotive engine control unit with cooling fins and two black multi-pin connector ports on a light gray background, published on www.dasa.se.\"},{\"@type\":\"BreadcrumbList\",\"@id\":\"https:\/\/dasa.se\/product\/desx-4cs-gw\/#breadcrumb\",\"itemListElement\":[{\"@type\":\"ListItem\",\"position\":1,\"name\":\"Home\",\"item\":\"https:\/\/dasa.se\/\"},{\"@type\":\"ListItem\",\"position\":2,\"name\":\"do not remove!\",\"item\":\"https:\/\/dasa.se\/?page_id=876\"},{\"@type\":\"ListItem\",\"position\":3,\"name\":\"ESX 4CS GW Control Unit\"}]},{\"@type\":\"WebSite\",\"@id\":\"https:\/\/dasa.se\/#website\",\"url\":\"https:\/\/dasa.se\/\",\"name\":\"Dasa: High-Performance Machine Control Systems\",\"description\":\"\",\"publisher\":{\"@id\":\"https:\/\/dasa.se\/#organization\"},\"potentialAction\":[{\"@type\":\"SearchAction\",\"target\":{\"@type\":\"EntryPoint\",\"urlTemplate\":\"https:\/\/dasa.se\/?s={search_term_string}\"},\"query-input\":{\"@type\":\"PropertyValueSpecification\",\"valueRequired\":true,\"valueName\":\"search_term_string\"}}],\"inLanguage\":\"fi\"},{\"@type\":\"Organization\",\"@id\":\"https:\/\/dasa.se\/#organization\",\"name\":\"Dasa: High-Performance Machine Control Systems\",\"url\":\"https:\/\/dasa.se\/\",\"logo\":{\"@type\":\"ImageObject\",\"inLanguage\":\"fi\",\"@id\":\"https:\/\/dasa.se\/#\/schema\/logo\/image\/\",\"url\":\"https:\/\/dasa.se\/wp-content\/uploads\/2024\/10\/logo3.png\",\"contentUrl\":\"https:\/\/dasa.se\/wp-content\/uploads\/2024\/10\/logo3.png\",\"width\":1000,\"height\":320,\"caption\":\"Dasa: High-Performance Machine Control Systems\"},\"image\":{\"@id\":\"https:\/\/dasa.se\/#\/schema\/logo\/image\/\"},\"sameAs\":[\"https:\/\/www.linkedin.com\/company\/dasa-control-systems\/\"]}]}<\/script>\n<!-- \/ Yoast SEO plugin. -->","yoast_head_json":{"title":"ESX 4CS GW - Mets\u00e4koneiden yhdysk\u00e4yt\u00e4v\u00e4ohjain | Dasa","robots":{"index":"index","follow":"follow","max-snippet":"max-snippet:-1","max-image-preview":"max-image-preview:large","max-video-preview":"max-video-preview:-1"},"canonical":"https:\/\/dasa.se\/fi\/product\/desx-4cs-gw\/","og_locale":"fi_FI","og_type":"article","og_title":"ESX 4CS GW \u2013 Gateway Controller for Forestry Machines | Dasa","og_description":"Designed as a communication hub between different networks in the professional mobile machine.","og_url":"https:\/\/dasa.se\/fi\/product\/desx-4cs-gw\/","og_site_name":"Dasa: High-Performance Machine Control Systems","article_modified_time":"2025-10-31T09:17:44+00:00","og_image":[{"width":2560,"height":1707,"url":"https:\/\/dasa.se\/wp-content\/uploads\/2024\/11\/ESX.4cs-gw-scaled.jpg","type":"image\/jpeg"}],"twitter_card":"summary_large_image","twitter_misc":{"Arvioitu lukuaika":"2 minuuttia"},"schema":{"@context":"https:\/\/schema.org","@graph":[{"@type":["WebPage","ItemPage"],"@id":"https:\/\/dasa.se\/product\/desx-4cs-gw\/","url":"https:\/\/dasa.se\/product\/desx-4cs-gw\/","name":"ESX 4CS GW - Mets\u00e4koneiden yhdysk\u00e4yt\u00e4v\u00e4ohjain | Dasa","isPartOf":{"@id":"https:\/\/dasa.se\/#website"},"primaryImageOfPage":{"@id":"https:\/\/dasa.se\/product\/desx-4cs-gw\/#primaryimage"},"image":{"@id":"https:\/\/dasa.se\/product\/desx-4cs-gw\/#primaryimage"},"thumbnailUrl":"https:\/\/dasa.se\/wp-content\/uploads\/2024\/11\/ESX.4cs-gw-scaled.jpg","datePublished":"2024-11-13T15:13:20+00:00","dateModified":"2025-10-31T09:17:44+00:00","breadcrumb":{"@id":"https:\/\/dasa.se\/product\/desx-4cs-gw\/#breadcrumb"},"inLanguage":"fi","potentialAction":[{"@type":"ReadAction","target":["https:\/\/dasa.se\/product\/desx-4cs-gw\/"]}]},{"@type":"ImageObject","inLanguage":"fi","@id":"https:\/\/dasa.se\/product\/desx-4cs-gw\/#primaryimage","url":"https:\/\/dasa.se\/wp-content\/uploads\/2024\/11\/ESX.4cs-gw-scaled.jpg","contentUrl":"https:\/\/dasa.se\/wp-content\/uploads\/2024\/11\/ESX.4cs-gw-scaled.jpg","width":2560,"height":1707,"caption":"A close-up view of a rectangular aluminum automotive engine control unit with cooling fins and two black multi-pin connector ports on a light gray background, published on www.dasa.se."},{"@type":"BreadcrumbList","@id":"https:\/\/dasa.se\/product\/desx-4cs-gw\/#breadcrumb","itemListElement":[{"@type":"ListItem","position":1,"name":"Home","item":"https:\/\/dasa.se\/"},{"@type":"ListItem","position":2,"name":"do not remove!","item":"https:\/\/dasa.se\/?page_id=876"},{"@type":"ListItem","position":3,"name":"ESX 4CS GW Control Unit"}]},{"@type":"WebSite","@id":"https:\/\/dasa.se\/#website","url":"https:\/\/dasa.se\/","name":"Dasa: Korkean suorituskyvyn koneenohjausj\u00e4rjestelm\u00e4t","description":"","publisher":{"@id":"https:\/\/dasa.se\/#organization"},"potentialAction":[{"@type":"SearchAction","target":{"@type":"EntryPoint","urlTemplate":"https:\/\/dasa.se\/?s={search_term_string}"},"query-input":{"@type":"PropertyValueSpecification","valueRequired":true,"valueName":"search_term_string"}}],"inLanguage":"fi"},{"@type":"Organization","@id":"https:\/\/dasa.se\/#organization","name":"Dasa: Korkean suorituskyvyn koneenohjausj\u00e4rjestelm\u00e4t","url":"https:\/\/dasa.se\/","logo":{"@type":"ImageObject","inLanguage":"fi","@id":"https:\/\/dasa.se\/#\/schema\/logo\/image\/","url":"https:\/\/dasa.se\/wp-content\/uploads\/2024\/10\/logo3.png","contentUrl":"https:\/\/dasa.se\/wp-content\/uploads\/2024\/10\/logo3.png","width":1000,"height":320,"caption":"Dasa: High-Performance Machine Control Systems"},"image":{"@id":"https:\/\/dasa.se\/#\/schema\/logo\/image\/"},"sameAs":["https:\/\/www.linkedin.com\/company\/dasa-control-systems\/"]}]}},"_links":{"self":[{"href":"https:\/\/dasa.se\/fi\/wp-json\/wp\/v2\/product\/982","targetHints":{"allow":["GET"]}}],"collection":[{"href":"https:\/\/dasa.se\/fi\/wp-json\/wp\/v2\/product"}],"about":[{"href":"https:\/\/dasa.se\/fi\/wp-json\/wp\/v2\/types\/product"}],"wp:featuredmedia":[{"embeddable":true,"href":"https:\/\/dasa.se\/fi\/wp-json\/wp\/v2\/media\/1239"}],"wp:attachment":[{"href":"https:\/\/dasa.se\/fi\/wp-json\/wp\/v2\/media?parent=982"}],"wp:term":[{"taxonomy":"product_brand","embeddable":true,"href":"https:\/\/dasa.se\/fi\/wp-json\/wp\/v2\/product_brand?post=982"},{"taxonomy":"product_cat","embeddable":true,"href":"https:\/\/dasa.se\/fi\/wp-json\/wp\/v2\/product_cat?post=982"},{"taxonomy":"product_tag","embeddable":true,"href":"https:\/\/dasa.se\/fi\/wp-json\/wp\/v2\/product_tag?post=982"}],"curies":[{"name":"wp","href":"https:\/\/api.w.org\/{rel}","templated":true}]}}