{"id":983,"date":"2024-11-13T15:13:45","date_gmt":"2024-11-13T15:13:45","guid":{"rendered":"https:\/\/eznpp.beeweb-orange.io\/?post_type=product&#038;p=983"},"modified":"2025-10-31T08:40:45","modified_gmt":"2025-10-31T08:40:45","slug":"tcg-4-global","status":"publish","type":"product","link":"https:\/\/dasa.se\/fi\/product\/tcg-4-global\/","title":{"rendered":"TCG 4 Globaali Telematiikkayksikk\u00f6"},"content":{"rendered":"<p>Koneiden tietojen tallentaminen ja k\u00e4sittely sek\u00e4 liikkuvien koneiden yhdist\u00e4minen toisiinsa ja Internetiin - siin\u00e4 TCG-4:n ominaisuudet p\u00e4hkin\u00e4nkuoressa. Viimeisimm\u00e4n tekniikan k\u00e4ytt\u00f6 yhdess\u00e4 avoimen Linux-k\u00e4ytt\u00f6j\u00e4rjestelm\u00e4n kanssa takaa korkeat integrointimahdollisuudet ja luotettavuuden.<\/p>","protected":false},"excerpt":{"rendered":"<p>Sulautettu Linux-ohjain. Koneiden tietojen tallentaminen ja k\u00e4sittely sek\u00e4 liikkuvien koneiden yhdist\u00e4minen toisiinsa ja Internetiin - siin\u00e4 ovat TCG-4:n ominaisuudet p\u00e4hkin\u00e4nkuoressa.<\/p>","protected":false},"featured_media":1236,"template":"","meta":[],"product_brand":[],"product_cat":[54],"product_tag":[],"class_list":{"0":"post-983","1":"product","2":"type-product","3":"status-publish","4":"has-post-thumbnail","6":"product_cat-telematic-control-units","8":"first","9":"instock","10":"shipping-taxable","11":"product-type-simple"},"yoast_head":"<!-- This site is optimized with the Yoast SEO plugin v26.7 - https:\/\/yoast.com\/wordpress\/plugins\/seo\/ -->\n<title>TCG 4 Global \u2013 Telematic Control for Forestry Machines | Dasa<\/title>\n<meta name=\"robots\" content=\"index, follow, max-snippet:-1, max-image-preview:large, max-video-preview:-1\" \/>\n<link rel=\"canonical\" href=\"https:\/\/dasa.se\/fi\/product\/tcg-4-global\/\" \/>\n<meta property=\"og:locale\" content=\"fi_FI\" \/>\n<meta property=\"og:type\" content=\"article\" \/>\n<meta property=\"og:title\" content=\"TCG 4 Global \u2013 Telematic Control for Forestry Machines | Dasa\" \/>\n<meta property=\"og:description\" content=\"Embedded Linux Controller. Recording and processing machine data, and networking the world of mobile machines with each other and with the Internet \u2013 that is the TCG-4 in a nutshell.\" \/>\n<meta property=\"og:url\" content=\"https:\/\/dasa.se\/fi\/product\/tcg-4-global\/\" \/>\n<meta property=\"og:site_name\" content=\"Dasa: High-Performance Machine Control Systems\" \/>\n<meta property=\"article:modified_time\" content=\"2025-10-31T08:40:45+00:00\" \/>\n<meta property=\"og:image\" content=\"https:\/\/dasa.se\/wp-content\/uploads\/2024\/11\/TCG-4-scaled.jpg\" \/>\n\t<meta property=\"og:image:width\" content=\"2560\" \/>\n\t<meta property=\"og:image:height\" content=\"1707\" \/>\n\t<meta property=\"og:image:type\" content=\"image\/jpeg\" \/>\n<meta name=\"twitter:card\" content=\"summary_large_image\" \/>\n<meta name=\"twitter:label1\" content=\"Arvioitu lukuaika\" \/>\n\t<meta name=\"twitter:data1\" content=\"1 minuutti\" \/>\n<script type=\"application\/ld+json\" class=\"yoast-schema-graph\">{\"@context\":\"https:\/\/schema.org\",\"@graph\":[{\"@type\":[\"WebPage\",\"ItemPage\"],\"@id\":\"https:\/\/dasa.se\/sv\/produkt\/tcg-4-global\/\",\"url\":\"https:\/\/dasa.se\/sv\/produkt\/tcg-4-global\/\",\"name\":\"TCG 4 Global \u2013 Telematic Control for Forestry Machines | Dasa\",\"isPartOf\":{\"@id\":\"https:\/\/dasa.se\/#website\"},\"primaryImageOfPage\":{\"@id\":\"https:\/\/dasa.se\/sv\/produkt\/tcg-4-global\/#primaryimage\"},\"image\":{\"@id\":\"https:\/\/dasa.se\/sv\/produkt\/tcg-4-global\/#primaryimage\"},\"thumbnailUrl\":\"https:\/\/dasa.se\/wp-content\/uploads\/2024\/11\/TCG-4-scaled.jpg\",\"datePublished\":\"2024-11-13T15:13:45+00:00\",\"dateModified\":\"2025-10-31T08:40:45+00:00\",\"breadcrumb\":{\"@id\":\"https:\/\/dasa.se\/sv\/produkt\/tcg-4-global\/#breadcrumb\"},\"inLanguage\":\"fi\",\"potentialAction\":[{\"@type\":\"ReadAction\",\"target\":[\"https:\/\/dasa.se\/sv\/produkt\/tcg-4-global\/\"]}]},{\"@type\":\"ImageObject\",\"inLanguage\":\"fi\",\"@id\":\"https:\/\/dasa.se\/sv\/produkt\/tcg-4-global\/#primaryimage\",\"url\":\"https:\/\/dasa.se\/wp-content\/uploads\/2024\/11\/TCG-4-scaled.jpg\",\"contentUrl\":\"https:\/\/dasa.se\/wp-content\/uploads\/2024\/11\/TCG-4-scaled.jpg\",\"width\":2560,\"height\":1707,\"caption\":\"White rectangular electronic control unit with a multi-pin connector and mounting hardware shown on a light gray background, published on www.dasa.se.\"},{\"@type\":\"BreadcrumbList\",\"@id\":\"https:\/\/dasa.se\/sv\/produkt\/tcg-4-global\/#breadcrumb\",\"itemListElement\":[{\"@type\":\"ListItem\",\"position\":1,\"name\":\"Home\",\"item\":\"https:\/\/dasa.se\/\"},{\"@type\":\"ListItem\",\"position\":2,\"name\":\"do not remove!\",\"item\":\"https:\/\/dasa.se\/?page_id=876\"},{\"@type\":\"ListItem\",\"position\":3,\"name\":\"TCG 4 Global Telematic Unit\"}]},{\"@type\":\"WebSite\",\"@id\":\"https:\/\/dasa.se\/#website\",\"url\":\"https:\/\/dasa.se\/\",\"name\":\"Dasa: High-Performance Machine Control Systems\",\"description\":\"\",\"publisher\":{\"@id\":\"https:\/\/dasa.se\/#organization\"},\"potentialAction\":[{\"@type\":\"SearchAction\",\"target\":{\"@type\":\"EntryPoint\",\"urlTemplate\":\"https:\/\/dasa.se\/?s={search_term_string}\"},\"query-input\":{\"@type\":\"PropertyValueSpecification\",\"valueRequired\":true,\"valueName\":\"search_term_string\"}}],\"inLanguage\":\"fi\"},{\"@type\":\"Organization\",\"@id\":\"https:\/\/dasa.se\/#organization\",\"name\":\"Dasa: High-Performance Machine Control Systems\",\"url\":\"https:\/\/dasa.se\/\",\"logo\":{\"@type\":\"ImageObject\",\"inLanguage\":\"fi\",\"@id\":\"https:\/\/dasa.se\/#\/schema\/logo\/image\/\",\"url\":\"https:\/\/dasa.se\/wp-content\/uploads\/2024\/10\/logo3.png\",\"contentUrl\":\"https:\/\/dasa.se\/wp-content\/uploads\/2024\/10\/logo3.png\",\"width\":1000,\"height\":320,\"caption\":\"Dasa: High-Performance Machine Control Systems\"},\"image\":{\"@id\":\"https:\/\/dasa.se\/#\/schema\/logo\/image\/\"},\"sameAs\":[\"https:\/\/www.linkedin.com\/company\/dasa-control-systems\/\"]}]}<\/script>\n<!-- \/ Yoast SEO plugin. -->","yoast_head_json":{"title":"TCG 4 Global - Mets\u00e4koneiden telemaattinen ohjaus | Dasa","robots":{"index":"index","follow":"follow","max-snippet":"max-snippet:-1","max-image-preview":"max-image-preview:large","max-video-preview":"max-video-preview:-1"},"canonical":"https:\/\/dasa.se\/fi\/product\/tcg-4-global\/","og_locale":"fi_FI","og_type":"article","og_title":"TCG 4 Global \u2013 Telematic Control for Forestry Machines | Dasa","og_description":"Embedded Linux Controller. Recording and processing machine data, and networking the world of mobile machines with each other and with the Internet \u2013 that is the TCG-4 in a nutshell.","og_url":"https:\/\/dasa.se\/fi\/product\/tcg-4-global\/","og_site_name":"Dasa: High-Performance Machine Control Systems","article_modified_time":"2025-10-31T08:40:45+00:00","og_image":[{"width":2560,"height":1707,"url":"https:\/\/dasa.se\/wp-content\/uploads\/2024\/11\/TCG-4-scaled.jpg","type":"image\/jpeg"}],"twitter_card":"summary_large_image","twitter_misc":{"Arvioitu lukuaika":"1 minuutti"},"schema":{"@context":"https:\/\/schema.org","@graph":[{"@type":["WebPage","ItemPage"],"@id":"https:\/\/dasa.se\/sv\/produkt\/tcg-4-global\/","url":"https:\/\/dasa.se\/sv\/produkt\/tcg-4-global\/","name":"TCG 4 Global - Mets\u00e4koneiden telemaattinen ohjaus | Dasa","isPartOf":{"@id":"https:\/\/dasa.se\/#website"},"primaryImageOfPage":{"@id":"https:\/\/dasa.se\/sv\/produkt\/tcg-4-global\/#primaryimage"},"image":{"@id":"https:\/\/dasa.se\/sv\/produkt\/tcg-4-global\/#primaryimage"},"thumbnailUrl":"https:\/\/dasa.se\/wp-content\/uploads\/2024\/11\/TCG-4-scaled.jpg","datePublished":"2024-11-13T15:13:45+00:00","dateModified":"2025-10-31T08:40:45+00:00","breadcrumb":{"@id":"https:\/\/dasa.se\/sv\/produkt\/tcg-4-global\/#breadcrumb"},"inLanguage":"fi","potentialAction":[{"@type":"ReadAction","target":["https:\/\/dasa.se\/sv\/produkt\/tcg-4-global\/"]}]},{"@type":"ImageObject","inLanguage":"fi","@id":"https:\/\/dasa.se\/sv\/produkt\/tcg-4-global\/#primaryimage","url":"https:\/\/dasa.se\/wp-content\/uploads\/2024\/11\/TCG-4-scaled.jpg","contentUrl":"https:\/\/dasa.se\/wp-content\/uploads\/2024\/11\/TCG-4-scaled.jpg","width":2560,"height":1707,"caption":"White rectangular electronic control unit with a multi-pin connector and mounting hardware shown on a light gray background, published on www.dasa.se."},{"@type":"BreadcrumbList","@id":"https:\/\/dasa.se\/sv\/produkt\/tcg-4-global\/#breadcrumb","itemListElement":[{"@type":"ListItem","position":1,"name":"Home","item":"https:\/\/dasa.se\/"},{"@type":"ListItem","position":2,"name":"do not remove!","item":"https:\/\/dasa.se\/?page_id=876"},{"@type":"ListItem","position":3,"name":"TCG 4 Global Telematic Unit"}]},{"@type":"WebSite","@id":"https:\/\/dasa.se\/#website","url":"https:\/\/dasa.se\/","name":"Dasa: Korkean suorituskyvyn koneenohjausj\u00e4rjestelm\u00e4t","description":"","publisher":{"@id":"https:\/\/dasa.se\/#organization"},"potentialAction":[{"@type":"SearchAction","target":{"@type":"EntryPoint","urlTemplate":"https:\/\/dasa.se\/?s={search_term_string}"},"query-input":{"@type":"PropertyValueSpecification","valueRequired":true,"valueName":"search_term_string"}}],"inLanguage":"fi"},{"@type":"Organization","@id":"https:\/\/dasa.se\/#organization","name":"Dasa: Korkean suorituskyvyn koneenohjausj\u00e4rjestelm\u00e4t","url":"https:\/\/dasa.se\/","logo":{"@type":"ImageObject","inLanguage":"fi","@id":"https:\/\/dasa.se\/#\/schema\/logo\/image\/","url":"https:\/\/dasa.se\/wp-content\/uploads\/2024\/10\/logo3.png","contentUrl":"https:\/\/dasa.se\/wp-content\/uploads\/2024\/10\/logo3.png","width":1000,"height":320,"caption":"Dasa: High-Performance Machine Control Systems"},"image":{"@id":"https:\/\/dasa.se\/#\/schema\/logo\/image\/"},"sameAs":["https:\/\/www.linkedin.com\/company\/dasa-control-systems\/"]}]}},"_links":{"self":[{"href":"https:\/\/dasa.se\/fi\/wp-json\/wp\/v2\/product\/983","targetHints":{"allow":["GET"]}}],"collection":[{"href":"https:\/\/dasa.se\/fi\/wp-json\/wp\/v2\/product"}],"about":[{"href":"https:\/\/dasa.se\/fi\/wp-json\/wp\/v2\/types\/product"}],"wp:featuredmedia":[{"embeddable":true,"href":"https:\/\/dasa.se\/fi\/wp-json\/wp\/v2\/media\/1236"}],"wp:attachment":[{"href":"https:\/\/dasa.se\/fi\/wp-json\/wp\/v2\/media?parent=983"}],"wp:term":[{"taxonomy":"product_brand","embeddable":true,"href":"https:\/\/dasa.se\/fi\/wp-json\/wp\/v2\/product_brand?post=983"},{"taxonomy":"product_cat","embeddable":true,"href":"https:\/\/dasa.se\/fi\/wp-json\/wp\/v2\/product_cat?post=983"},{"taxonomy":"product_tag","embeddable":true,"href":"https:\/\/dasa.se\/fi\/wp-json\/wp\/v2\/product_tag?post=983"}],"curies":[{"name":"wp","href":"https:\/\/api.w.org\/{rel}","templated":true}]}}