{"id":984,"date":"2024-11-13T15:14:07","date_gmt":"2024-11-13T15:14:07","guid":{"rendered":"https:\/\/eznpp.beeweb-orange.io\/?post_type=product&#038;p=984"},"modified":"2025-10-31T08:41:22","modified_gmt":"2025-10-31T08:41:22","slug":"bcx-3c","status":"publish","type":"product","link":"https:\/\/dasa.se\/fi\/product\/bcx-3c\/","title":{"rendered":"BCX 3C korin ohjausyksikk\u00f6"},"content":{"rendered":"<p>BCX-tuoteperhe vastaa ajoneuvon s\u00e4hk\u00f6energian suojauksesta, jakelusta, kytkenn\u00e4st\u00e4 ja ohjauksesta. Yksitt\u00e4isten virtapiirien suojauksen lis\u00e4ksi voidaan suoraan aktivoida tai ohjata suurempia kuormia, kuten valoja, lamppuja, ilmastointi- ja l\u00e4mmitysj\u00e4rjestelmi\u00e4. Laajennusvaiheesta riippuen BCX 3C voidaan integroida ajoneuvon CANbusverkkoon.  Lis\u00e4etu syntyy asiakaskohtaisen ohjelmiston k\u00e4ytt\u00f6\u00f6notosta. T\u00e4m\u00e4 mahdollistaa tulojen ja l\u00e4ht\u00f6jen yhdist\u00e4misen toisiinsa ohjelmiston avulla yksil\u00f6llisten vaatimusten mukaisesti. Liit\u00e4nn\u00e4t oheislaitteisiin tapahtuvat vankkojen, liikkuvaan k\u00e4ytt\u00f6\u00f6n soveltuvien liittimien kautta. K\u00e4ytt\u00e4j\u00e4t saavat toiminnaltaan ja kustannuksiltaan optimoituja ratkaisuja, joissa on kent\u00e4ll\u00e4 testattua tekniikkaa sek\u00e4 vakioratkaisujen ett\u00e4 asiakaskohtaisen suunnittelun ja tuotannon avulla.<\/p>\n<p>BCX 3C:n k\u00e4yt\u00f6n edut: Ajoneuvon kaapelivaljaat v\u00e4henev\u00e4t huomattavasti, ja ne voidaan suunnitella joustavammin. Helppo ja nopea asennus selkeiden ja kompaktien kokoonpanojen ansiosta ilman erikoisty\u00f6kaluja (esim. puristuspihdit). Asennus on mahdollista ilman ennakkotietoja. Yksinkertainen vikadiagnoosi viallisista osista. Rajapintojen m\u00e4\u00e4r\u00e4 v\u00e4henee huomattavasti. Ihanteellinen ep\u00e4suotuisissa ymp\u00e4rist\u00f6olosuhteissa (t\u00e4rin\u00e4, l\u00e4mp\u00f6tila jne.). J\u00e4rjestelm\u00e4n ongelmaton laajentaminen modulaarisen rakenteen ja STW-komponenttien yhteensopivuuden ansiosta. T\u00e4ysin varustetun keskuss\u00e4hk\u00f6j\u00e4rjestelm\u00e4n toimittaminen, mukaan lukien vaatimusten mukaisesti painetut piirilevyt (liittimien merkint\u00e4, v\u00e4\u00e4nt\u00f6momentti jne.).<\/p>\n<p>&nbsp;<\/p>","protected":false},"excerpt":{"rendered":"<p>BCX 3C, tehokas tehonvarmistus, -jakelu ja -diagnostiikka mahdollisimman pieness\u00e4 tilassa ja mahdollisimman pienell\u00e4 asennusty\u00f6ll\u00e4.<\/p>","protected":false},"featured_media":1242,"template":"","meta":[],"product_brand":[],"product_cat":[55,60],"product_tag":[],"class_list":{"0":"post-984","1":"product","2":"type-product","3":"status-publish","4":"has-post-thumbnail","6":"product_cat-electrical-systems","7":"product_cat-smart-electrical-systems","9":"first","10":"instock","11":"shipping-taxable","12":"product-type-simple"},"yoast_head":"<!-- This site is optimized with the Yoast SEO plugin v26.7 - https:\/\/yoast.com\/wordpress\/plugins\/seo\/ -->\n<title>BCX 3C \u2013 Body Control Unit for Forestry Machines | Dasa<\/title>\n<meta name=\"robots\" content=\"index, follow, max-snippet:-1, max-image-preview:large, max-video-preview:-1\" \/>\n<link rel=\"canonical\" href=\"https:\/\/dasa.se\/fi\/product\/bcx-3c\/\" \/>\n<meta property=\"og:locale\" content=\"fi_FI\" \/>\n<meta property=\"og:type\" content=\"article\" \/>\n<meta property=\"og:title\" content=\"BCX 3C \u2013 Body Control Unit for Forestry Machines | Dasa\" \/>\n<meta property=\"og:description\" content=\"BCX 3C, efficient safeguarding, distribution and diagnosis of power within the smallest possible space and with minimum installation effort.\" \/>\n<meta property=\"og:url\" content=\"https:\/\/dasa.se\/fi\/product\/bcx-3c\/\" \/>\n<meta property=\"og:site_name\" content=\"Dasa: High-Performance Machine Control Systems\" \/>\n<meta property=\"article:modified_time\" content=\"2025-10-31T08:41:22+00:00\" \/>\n<meta property=\"og:image\" content=\"https:\/\/dasa.se\/wp-content\/uploads\/2024\/11\/BCX-scaled.jpg\" \/>\n\t<meta property=\"og:image:width\" content=\"2560\" \/>\n\t<meta property=\"og:image:height\" content=\"1707\" \/>\n\t<meta property=\"og:image:type\" content=\"image\/jpeg\" \/>\n<meta name=\"twitter:card\" content=\"summary_large_image\" \/>\n<meta name=\"twitter:label1\" content=\"Arvioitu lukuaika\" \/>\n\t<meta name=\"twitter:data1\" content=\"2 minuuttia\" \/>\n<script type=\"application\/ld+json\" class=\"yoast-schema-graph\">{\"@context\":\"https:\/\/schema.org\",\"@graph\":[{\"@type\":[\"WebPage\",\"ItemPage\"],\"@id\":\"https:\/\/dasa.se\/product\/bcx-3c\/\",\"url\":\"https:\/\/dasa.se\/product\/bcx-3c\/\",\"name\":\"BCX 3C \u2013 Body Control Unit for Forestry Machines | Dasa\",\"isPartOf\":{\"@id\":\"https:\/\/dasa.se\/#website\"},\"primaryImageOfPage\":{\"@id\":\"https:\/\/dasa.se\/product\/bcx-3c\/#primaryimage\"},\"image\":{\"@id\":\"https:\/\/dasa.se\/product\/bcx-3c\/#primaryimage\"},\"thumbnailUrl\":\"https:\/\/dasa.se\/wp-content\/uploads\/2024\/11\/BCX-scaled.jpg\",\"datePublished\":\"2024-11-13T15:14:07+00:00\",\"dateModified\":\"2025-10-31T08:41:22+00:00\",\"breadcrumb\":{\"@id\":\"https:\/\/dasa.se\/product\/bcx-3c\/#breadcrumb\"},\"inLanguage\":\"fi\",\"potentialAction\":[{\"@type\":\"ReadAction\",\"target\":[\"https:\/\/dasa.se\/product\/bcx-3c\/\"]}]},{\"@type\":\"ImageObject\",\"inLanguage\":\"fi\",\"@id\":\"https:\/\/dasa.se\/product\/bcx-3c\/#primaryimage\",\"url\":\"https:\/\/dasa.se\/wp-content\/uploads\/2024\/11\/BCX-scaled.jpg\",\"contentUrl\":\"https:\/\/dasa.se\/wp-content\/uploads\/2024\/11\/BCX-scaled.jpg\",\"width\":2560,\"height\":1707},{\"@type\":\"BreadcrumbList\",\"@id\":\"https:\/\/dasa.se\/product\/bcx-3c\/#breadcrumb\",\"itemListElement\":[{\"@type\":\"ListItem\",\"position\":1,\"name\":\"Home\",\"item\":\"https:\/\/dasa.se\/\"},{\"@type\":\"ListItem\",\"position\":2,\"name\":\"do not remove!\",\"item\":\"https:\/\/dasa.se\/?page_id=876\"},{\"@type\":\"ListItem\",\"position\":3,\"name\":\"BCX 3C Body Control Unit\"}]},{\"@type\":\"WebSite\",\"@id\":\"https:\/\/dasa.se\/#website\",\"url\":\"https:\/\/dasa.se\/\",\"name\":\"Dasa: High-Performance Machine Control Systems\",\"description\":\"\",\"publisher\":{\"@id\":\"https:\/\/dasa.se\/#organization\"},\"potentialAction\":[{\"@type\":\"SearchAction\",\"target\":{\"@type\":\"EntryPoint\",\"urlTemplate\":\"https:\/\/dasa.se\/?s={search_term_string}\"},\"query-input\":{\"@type\":\"PropertyValueSpecification\",\"valueRequired\":true,\"valueName\":\"search_term_string\"}}],\"inLanguage\":\"fi\"},{\"@type\":\"Organization\",\"@id\":\"https:\/\/dasa.se\/#organization\",\"name\":\"Dasa: High-Performance Machine Control Systems\",\"url\":\"https:\/\/dasa.se\/\",\"logo\":{\"@type\":\"ImageObject\",\"inLanguage\":\"fi\",\"@id\":\"https:\/\/dasa.se\/#\/schema\/logo\/image\/\",\"url\":\"https:\/\/dasa.se\/wp-content\/uploads\/2024\/10\/logo3.png\",\"contentUrl\":\"https:\/\/dasa.se\/wp-content\/uploads\/2024\/10\/logo3.png\",\"width\":1000,\"height\":320,\"caption\":\"Dasa: High-Performance Machine Control Systems\"},\"image\":{\"@id\":\"https:\/\/dasa.se\/#\/schema\/logo\/image\/\"},\"sameAs\":[\"https:\/\/www.linkedin.com\/company\/dasa-control-systems\/\"]}]}<\/script>\n<!-- \/ Yoast SEO plugin. -->","yoast_head_json":{"title":"BCX 3C - Mets\u00e4koneiden runko-ohjausyksikk\u00f6 | Dasa","robots":{"index":"index","follow":"follow","max-snippet":"max-snippet:-1","max-image-preview":"max-image-preview:large","max-video-preview":"max-video-preview:-1"},"canonical":"https:\/\/dasa.se\/fi\/product\/bcx-3c\/","og_locale":"fi_FI","og_type":"article","og_title":"BCX 3C \u2013 Body Control Unit for Forestry Machines | Dasa","og_description":"BCX 3C, efficient safeguarding, distribution and diagnosis of power within the smallest possible space and with minimum installation effort.","og_url":"https:\/\/dasa.se\/fi\/product\/bcx-3c\/","og_site_name":"Dasa: High-Performance Machine Control Systems","article_modified_time":"2025-10-31T08:41:22+00:00","og_image":[{"width":2560,"height":1707,"url":"https:\/\/dasa.se\/wp-content\/uploads\/2024\/11\/BCX-scaled.jpg","type":"image\/jpeg"}],"twitter_card":"summary_large_image","twitter_misc":{"Arvioitu lukuaika":"2 minuuttia"},"schema":{"@context":"https:\/\/schema.org","@graph":[{"@type":["WebPage","ItemPage"],"@id":"https:\/\/dasa.se\/product\/bcx-3c\/","url":"https:\/\/dasa.se\/product\/bcx-3c\/","name":"BCX 3C - Mets\u00e4koneiden runko-ohjausyksikk\u00f6 | Dasa","isPartOf":{"@id":"https:\/\/dasa.se\/#website"},"primaryImageOfPage":{"@id":"https:\/\/dasa.se\/product\/bcx-3c\/#primaryimage"},"image":{"@id":"https:\/\/dasa.se\/product\/bcx-3c\/#primaryimage"},"thumbnailUrl":"https:\/\/dasa.se\/wp-content\/uploads\/2024\/11\/BCX-scaled.jpg","datePublished":"2024-11-13T15:14:07+00:00","dateModified":"2025-10-31T08:41:22+00:00","breadcrumb":{"@id":"https:\/\/dasa.se\/product\/bcx-3c\/#breadcrumb"},"inLanguage":"fi","potentialAction":[{"@type":"ReadAction","target":["https:\/\/dasa.se\/product\/bcx-3c\/"]}]},{"@type":"ImageObject","inLanguage":"fi","@id":"https:\/\/dasa.se\/product\/bcx-3c\/#primaryimage","url":"https:\/\/dasa.se\/wp-content\/uploads\/2024\/11\/BCX-scaled.jpg","contentUrl":"https:\/\/dasa.se\/wp-content\/uploads\/2024\/11\/BCX-scaled.jpg","width":2560,"height":1707},{"@type":"BreadcrumbList","@id":"https:\/\/dasa.se\/product\/bcx-3c\/#breadcrumb","itemListElement":[{"@type":"ListItem","position":1,"name":"Home","item":"https:\/\/dasa.se\/"},{"@type":"ListItem","position":2,"name":"do not remove!","item":"https:\/\/dasa.se\/?page_id=876"},{"@type":"ListItem","position":3,"name":"BCX 3C Body Control Unit"}]},{"@type":"WebSite","@id":"https:\/\/dasa.se\/#website","url":"https:\/\/dasa.se\/","name":"Dasa: Korkean suorituskyvyn koneenohjausj\u00e4rjestelm\u00e4t","description":"","publisher":{"@id":"https:\/\/dasa.se\/#organization"},"potentialAction":[{"@type":"SearchAction","target":{"@type":"EntryPoint","urlTemplate":"https:\/\/dasa.se\/?s={search_term_string}"},"query-input":{"@type":"PropertyValueSpecification","valueRequired":true,"valueName":"search_term_string"}}],"inLanguage":"fi"},{"@type":"Organization","@id":"https:\/\/dasa.se\/#organization","name":"Dasa: Korkean suorituskyvyn koneenohjausj\u00e4rjestelm\u00e4t","url":"https:\/\/dasa.se\/","logo":{"@type":"ImageObject","inLanguage":"fi","@id":"https:\/\/dasa.se\/#\/schema\/logo\/image\/","url":"https:\/\/dasa.se\/wp-content\/uploads\/2024\/10\/logo3.png","contentUrl":"https:\/\/dasa.se\/wp-content\/uploads\/2024\/10\/logo3.png","width":1000,"height":320,"caption":"Dasa: High-Performance Machine Control Systems"},"image":{"@id":"https:\/\/dasa.se\/#\/schema\/logo\/image\/"},"sameAs":["https:\/\/www.linkedin.com\/company\/dasa-control-systems\/"]}]}},"_links":{"self":[{"href":"https:\/\/dasa.se\/fi\/wp-json\/wp\/v2\/product\/984","targetHints":{"allow":["GET"]}}],"collection":[{"href":"https:\/\/dasa.se\/fi\/wp-json\/wp\/v2\/product"}],"about":[{"href":"https:\/\/dasa.se\/fi\/wp-json\/wp\/v2\/types\/product"}],"wp:featuredmedia":[{"embeddable":true,"href":"https:\/\/dasa.se\/fi\/wp-json\/wp\/v2\/media\/1242"}],"wp:attachment":[{"href":"https:\/\/dasa.se\/fi\/wp-json\/wp\/v2\/media?parent=984"}],"wp:term":[{"taxonomy":"product_brand","embeddable":true,"href":"https:\/\/dasa.se\/fi\/wp-json\/wp\/v2\/product_brand?post=984"},{"taxonomy":"product_cat","embeddable":true,"href":"https:\/\/dasa.se\/fi\/wp-json\/wp\/v2\/product_cat?post=984"},{"taxonomy":"product_tag","embeddable":true,"href":"https:\/\/dasa.se\/fi\/wp-json\/wp\/v2\/product_tag?post=984"}],"curies":[{"name":"wp","href":"https:\/\/api.w.org\/{rel}","templated":true}]}}