{"id":2010,"date":"2025-01-14T17:50:20","date_gmt":"2025-01-14T17:50:20","guid":{"rendered":"https:\/\/eznpp.beeweb-orange.io\/?page_id=2010"},"modified":"2026-03-31T11:53:14","modified_gmt":"2026-03-31T11:53:14","slug":"kvalitetspolicy","status":"publish","type":"page","link":"https:\/\/dasa.se\/sv\/kvalitetspolicy\/","title":{"rendered":"Kvalitetspolicy"},"content":{"rendered":"<h1 class=\"wp-block-heading\"><strong>Kvalitetspolicy<\/strong><\/h1>\n\n\n\n<p><\/p>\n\n\n\n<p>Vi ska alltid uppfylla eller \u00f6vertr\u00e4ffa intressenternas krav, behov och f\u00f6rv\u00e4ntningar och d\u00e4rigenom beh\u00e5lla befintliga kunders f\u00f6rtroende och f\u00f6rtj\u00e4na nya kunders f\u00f6rtroende f\u00f6r att leverera l\u00f6sningar inom skogsapplikationer, maskinstyrningssystem och f\u00f6r uppkopplade tj\u00e4nster.<\/p>\n\n\n\n<p>Vi kommer att uppn\u00e5 detta genom att:<\/p>\n\n\n\n<ul class=\"wp-block-list\">\n<li>Bygga l\u00e5ngsiktiga och varaktiga relationer med v\u00e5ra kunder och partners genom att agera professionellt med god etik och moral.<\/li>\n\n\n\n<li>Att vara lyh\u00f6rd, p\u00e5litlig och innovativ f\u00f6r att tillgodose intressenternas behov.<\/li>\n\n\n\n<li>S\u00e4kerst\u00e4lla att varje medarbetare har r\u00e4tt kompetens, tar ansvar och visar engagemang f\u00f6r sin uppgift.<\/li>\n\n\n\n<li>Utv\u00e4rdera effektiviteten i v\u00e5ra arbetsprocesser och d\u00e4rigenom arbeta f\u00f6r st\u00e4ndiga f\u00f6rb\u00e4ttringar.<\/li>\n\n\n\n<li>N\u00e4ra samarbete med kunderna under utvecklingen av nya produkter f\u00f6r att m\u00f6ta deras krav och erbjuda ett attraktivt utbud av produkter och systeml\u00f6sningar.<\/li>\n\n\n\n<li>Vi str\u00e4var efter att alltid leverera r\u00e4tt produkt i r\u00e4tt tid och med r\u00e4tt kvalitet.<\/li>\n\n\n\n<li>Regelbunden \u00f6vervakning av produktkvalitet och kundn\u00f6jdhet f\u00f6r att samla in data f\u00f6r prioritering av \u00e5tg\u00e4rder b\u00e5de internt och med underleverant\u00f6rer.<\/li>\n\n\n\n<li>F\u00f6lja alla lagkrav och branschregler som p\u00e5verkar v\u00e5r verksamhet.<\/li>\n\n\n\n<li>Utv\u00e4rdering av kvalitetspolicyns l\u00f6pande l\u00e4mplighet vid ledningens genomg\u00e5ngar (ledningsgruppsm\u00f6ten, styrelsem\u00f6ten, andra kvalitetsuppf\u00f6ljningsm\u00f6ten).<\/li>\n\n\n\n<li>Att g\u00f6ra v\u00e5r kvalitetspolicy f\u00f6rst\u00e5dd bland v\u00e5ra medarbetare och k\u00e4nd bland v\u00e5ra kunder, leverant\u00f6rer och andra intressenter.<\/li>\n<\/ul>","protected":false},"excerpt":{"rendered":"<p>Kvalitetspolicy Vi ska alltid uppfylla eller \u00f6vertr\u00e4ffa intressenternas krav, behov och f\u00f6rv\u00e4ntningar och d\u00e4rigenom bibeh\u00e5lla befintliga kunders f\u00f6rtroende och f\u00f6rtj\u00e4na nya kunders f\u00f6rtroende f\u00f6r att leverera l\u00f6sningar inom skogsbruksapplikationer, maskinstyrningssystem och f\u00f6r uppkopplade tj\u00e4nster. Vi kommer att uppn\u00e5 detta genom att:<\/p>","protected":false},"author":6,"featured_media":0,"parent":0,"menu_order":0,"comment_status":"closed","ping_status":"closed","template":"","meta":{"footnotes":""},"class_list":["post-2010","page","type-page","status-publish","hentry"],"yoast_head":"<!-- This site is optimized with the Yoast SEO plugin v26.7 - https:\/\/yoast.com\/wordpress\/plugins\/seo\/ -->\n<title>Quality Policy | Dasa<\/title>\n<meta name=\"robots\" content=\"index, follow, max-snippet:-1, max-image-preview:large, max-video-preview:-1\" \/>\n<link rel=\"canonical\" href=\"https:\/\/dasa.se\/sv\/kvalitetspolicy\/\" \/>\n<meta property=\"og:locale\" content=\"sv_SE\" \/>\n<meta property=\"og:type\" content=\"article\" \/>\n<meta property=\"og:title\" content=\"Quality Policy | Dasa\" \/>\n<meta property=\"og:description\" content=\"Quality Policy We shall always meet or exceed the demands, needs, and expectations of stakeholders, thereby maintaining the trust of existing customers and earning the trust of new customers to deliver solutions within forestry applications, machine control systems, and for connected services. We will achieve this by:\" \/>\n<meta property=\"og:url\" content=\"https:\/\/dasa.se\/sv\/kvalitetspolicy\/\" \/>\n<meta property=\"og:site_name\" content=\"Dasa: High-Performance Machine Control Systems\" \/>\n<meta property=\"article:modified_time\" content=\"2026-03-31T11:53:14+00:00\" \/>\n<meta name=\"twitter:card\" content=\"summary_large_image\" \/>\n<meta name=\"twitter:label1\" content=\"Ber\u00e4knad l\u00e4stid\" \/>\n\t<meta name=\"twitter:data1\" content=\"1 minut\" \/>\n<script type=\"application\/ld+json\" class=\"yoast-schema-graph\">{\"@context\":\"https:\/\/schema.org\",\"@graph\":[{\"@type\":\"WebPage\",\"@id\":\"https:\/\/dasa.se\/kvalitetspolicy\/\",\"url\":\"https:\/\/dasa.se\/kvalitetspolicy\/\",\"name\":\"Quality Policy | Dasa\",\"isPartOf\":{\"@id\":\"https:\/\/dasa.se\/#website\"},\"datePublished\":\"2025-01-14T17:50:20+00:00\",\"dateModified\":\"2026-03-31T11:53:14+00:00\",\"breadcrumb\":{\"@id\":\"https:\/\/dasa.se\/kvalitetspolicy\/#breadcrumb\"},\"inLanguage\":\"sv-SE\",\"potentialAction\":[{\"@type\":\"ReadAction\",\"target\":[\"https:\/\/dasa.se\/kvalitetspolicy\/\"]}]},{\"@type\":\"BreadcrumbList\",\"@id\":\"https:\/\/dasa.se\/kvalitetspolicy\/#breadcrumb\",\"itemListElement\":[{\"@type\":\"ListItem\",\"position\":1,\"name\":\"Home\",\"item\":\"https:\/\/dasa.se\/\"},{\"@type\":\"ListItem\",\"position\":2,\"name\":\"Quality Policy\"}]},{\"@type\":\"WebSite\",\"@id\":\"https:\/\/dasa.se\/#website\",\"url\":\"https:\/\/dasa.se\/\",\"name\":\"Dasa: High-Performance Machine Control Systems\",\"description\":\"\",\"publisher\":{\"@id\":\"https:\/\/dasa.se\/#organization\"},\"potentialAction\":[{\"@type\":\"SearchAction\",\"target\":{\"@type\":\"EntryPoint\",\"urlTemplate\":\"https:\/\/dasa.se\/?s={search_term_string}\"},\"query-input\":{\"@type\":\"PropertyValueSpecification\",\"valueRequired\":true,\"valueName\":\"search_term_string\"}}],\"inLanguage\":\"sv-SE\"},{\"@type\":\"Organization\",\"@id\":\"https:\/\/dasa.se\/#organization\",\"name\":\"Dasa: High-Performance Machine Control Systems\",\"url\":\"https:\/\/dasa.se\/\",\"logo\":{\"@type\":\"ImageObject\",\"inLanguage\":\"sv-SE\",\"@id\":\"https:\/\/dasa.se\/#\/schema\/logo\/image\/\",\"url\":\"https:\/\/dasa.se\/wp-content\/uploads\/2024\/10\/logo3.png\",\"contentUrl\":\"https:\/\/dasa.se\/wp-content\/uploads\/2024\/10\/logo3.png\",\"width\":1000,\"height\":320,\"caption\":\"Dasa: High-Performance Machine Control Systems\"},\"image\":{\"@id\":\"https:\/\/dasa.se\/#\/schema\/logo\/image\/\"},\"sameAs\":[\"https:\/\/www.linkedin.com\/company\/dasa-control-systems\/\"]}]}<\/script>\n<!-- \/ Yoast SEO plugin. -->","yoast_head_json":{"title":"Kvalitetspolicy | Dasa","robots":{"index":"index","follow":"follow","max-snippet":"max-snippet:-1","max-image-preview":"max-image-preview:large","max-video-preview":"max-video-preview:-1"},"canonical":"https:\/\/dasa.se\/sv\/kvalitetspolicy\/","og_locale":"sv_SE","og_type":"article","og_title":"Quality Policy | Dasa","og_description":"Quality Policy We shall always meet or exceed the demands, needs, and expectations of stakeholders, thereby maintaining the trust of existing customers and earning the trust of new customers to deliver solutions within forestry applications, machine control systems, and for connected services. We will achieve this by:","og_url":"https:\/\/dasa.se\/sv\/kvalitetspolicy\/","og_site_name":"Dasa: High-Performance Machine Control Systems","article_modified_time":"2026-03-31T11:53:14+00:00","twitter_card":"summary_large_image","twitter_misc":{"Ber\u00e4knad l\u00e4stid":"1 minut"},"schema":{"@context":"https:\/\/schema.org","@graph":[{"@type":"WebPage","@id":"https:\/\/dasa.se\/kvalitetspolicy\/","url":"https:\/\/dasa.se\/kvalitetspolicy\/","name":"Kvalitetspolicy | Dasa","isPartOf":{"@id":"https:\/\/dasa.se\/#website"},"datePublished":"2025-01-14T17:50:20+00:00","dateModified":"2026-03-31T11:53:14+00:00","breadcrumb":{"@id":"https:\/\/dasa.se\/kvalitetspolicy\/#breadcrumb"},"inLanguage":"sv-SE","potentialAction":[{"@type":"ReadAction","target":["https:\/\/dasa.se\/kvalitetspolicy\/"]}]},{"@type":"BreadcrumbList","@id":"https:\/\/dasa.se\/kvalitetspolicy\/#breadcrumb","itemListElement":[{"@type":"ListItem","position":1,"name":"Home","item":"https:\/\/dasa.se\/"},{"@type":"ListItem","position":2,"name":"Quality Policy"}]},{"@type":"WebSite","@id":"https:\/\/dasa.se\/#website","url":"https:\/\/dasa.se\/","name":"Dasa: Styrsystem f\u00f6r h\u00f6gpresterande maskiner","description":"","publisher":{"@id":"https:\/\/dasa.se\/#organization"},"potentialAction":[{"@type":"SearchAction","target":{"@type":"EntryPoint","urlTemplate":"https:\/\/dasa.se\/?s={search_term_string}"},"query-input":{"@type":"PropertyValueSpecification","valueRequired":true,"valueName":"search_term_string"}}],"inLanguage":"sv-SE"},{"@type":"Organization","@id":"https:\/\/dasa.se\/#organization","name":"Dasa: Styrsystem f\u00f6r h\u00f6gpresterande maskiner","url":"https:\/\/dasa.se\/","logo":{"@type":"ImageObject","inLanguage":"sv-SE","@id":"https:\/\/dasa.se\/#\/schema\/logo\/image\/","url":"https:\/\/dasa.se\/wp-content\/uploads\/2024\/10\/logo3.png","contentUrl":"https:\/\/dasa.se\/wp-content\/uploads\/2024\/10\/logo3.png","width":1000,"height":320,"caption":"Dasa: High-Performance Machine Control Systems"},"image":{"@id":"https:\/\/dasa.se\/#\/schema\/logo\/image\/"},"sameAs":["https:\/\/www.linkedin.com\/company\/dasa-control-systems\/"]}]}},"_links":{"self":[{"href":"https:\/\/dasa.se\/sv\/wp-json\/wp\/v2\/pages\/2010","targetHints":{"allow":["GET"]}}],"collection":[{"href":"https:\/\/dasa.se\/sv\/wp-json\/wp\/v2\/pages"}],"about":[{"href":"https:\/\/dasa.se\/sv\/wp-json\/wp\/v2\/types\/page"}],"author":[{"embeddable":true,"href":"https:\/\/dasa.se\/sv\/wp-json\/wp\/v2\/users\/6"}],"replies":[{"embeddable":true,"href":"https:\/\/dasa.se\/sv\/wp-json\/wp\/v2\/comments?post=2010"}],"version-history":[{"count":7,"href":"https:\/\/dasa.se\/sv\/wp-json\/wp\/v2\/pages\/2010\/revisions"}],"predecessor-version":[{"id":2931,"href":"https:\/\/dasa.se\/sv\/wp-json\/wp\/v2\/pages\/2010\/revisions\/2931"}],"wp:attachment":[{"href":"https:\/\/dasa.se\/sv\/wp-json\/wp\/v2\/media?parent=2010"}],"curies":[{"name":"wp","href":"https:\/\/api.w.org\/{rel}","templated":true}]}}