{"id":2012,"date":"2025-01-14T17:50:44","date_gmt":"2025-01-14T17:50:44","guid":{"rendered":"https:\/\/eznpp.beeweb-orange.io\/?page_id=2012"},"modified":"2026-03-31T11:41:20","modified_gmt":"2026-03-31T11:41:20","slug":"integritetspolicy","status":"publish","type":"page","link":"https:\/\/dasa.se\/sv\/integritetspolicy\/","title":{"rendered":"Integritetspolicy"},"content":{"rendered":"<h1 class=\"wp-block-heading\">Integritetspolicy<\/h1>\n\n\n\n<p><\/p>\n\n\n\n<p><strong>1. Inledning<\/strong>&nbsp;<\/p>\n\n\n\n<p>Dasa Control Systems AB (Dasa), organisationsnummer 556360-4338, Hammerdalsv\u00e4gen 3, 352 46 V\u00e4xj\u00f6, \u00e4r en leverant\u00f6r av h\u00e5rdvara, mjukvara samt webbaserade program och applikationer.&nbsp;&nbsp;<\/p>\n\n\n\n<p>Denna policy beskriver hur vi samlar in, anv\u00e4nder och skyddar dina personuppgifter n\u00e4r du anv\u00e4nder v\u00e5r webbplats, v\u00e5ra produkter och tj\u00e4nster, och n\u00e4r du \u00e4r anst\u00e4lld av Dasa.&nbsp;&nbsp;<\/p>\n\n\n\n<p>Vi bryr oss om din integritet. Du ska kunna k\u00e4nna dig trygg n\u00e4r du anf\u00f6rtror oss dina personuppgifter. Det \u00e4r d\u00e4rf\u00f6r vi har uppr\u00e4ttat denna policy. Den bygger p\u00e5 g\u00e4llande dataskyddslagstiftning, inklusive den allm\u00e4nna dataskyddsf\u00f6rordningen (GDPR), och klarg\u00f6r hur vi arbetar f\u00f6r att v\u00e4rna om dina r\u00e4ttigheter och din integritet.&nbsp;<\/p>\n\n\n\n<p>Vi behandlar dina personuppgifter i f\u00f6rsta hand f\u00f6r att fullg\u00f6ra v\u00e5ra \u00e5taganden gentemot dig. V\u00e5r utg\u00e5ngspunkt \u00e4r att inte behandla fler personuppgifter \u00e4n vad som \u00e4r n\u00f6dv\u00e4ndigt f\u00f6r \u00e4ndam\u00e5let och vi str\u00e4var alltid efter att anv\u00e4nda de minst integritetsk\u00e4nsliga uppgifterna. Vi beh\u00f6ver ocks\u00e5 dina personuppgifter f\u00f6r att kunna ge dig god service, t.ex. vad g\u00e4ller uppf\u00f6ljning och information. Vi kan ocks\u00e5 beh\u00f6va dina personuppgifter f\u00f6r att f\u00f6lja lagar och f\u00f6r att utf\u00f6ra kund- och marknadsanalyser.&nbsp;&nbsp;<\/p>\n\n\n\n<p>Du har r\u00e4tt att inv\u00e4nda mot att vi anv\u00e4nder dina personuppgifter f\u00f6r direktmarknadsf\u00f6ring.&nbsp;<\/p>\n\n\n\n<p>Dasa \u00e4r i vissa fall personuppgiftsansvarig och i andra fall personuppgiftsbitr\u00e4de f\u00f6r behandlingen av dina personuppgifter. Nedan beskriver vi det ansvar vi har i respektive roll samt allm\u00e4n information om v\u00e5r personuppgiftshantering.&nbsp;&nbsp;&nbsp;<\/p>\n\n\n\n<p><strong>2. Definitioner&nbsp;<\/strong>&nbsp;<\/p>\n\n\n\n<p><strong>Personuppgiftsansvarig: <\/strong>Som personuppgiftsansvarig \u00e4r Dasa ansvarig f\u00f6r hur dina personuppgifter behandlas och att dina r\u00e4ttigheter tillvaratas. Dasa \u00e4r personuppgiftsansvarig f\u00f6r de personuppgifter som samlas in fr\u00e5n anst\u00e4llda, personer som har direktkontakt med oss och kunder till Dasa.&nbsp;&nbsp;<\/p>\n\n\n\n<p>F\u00f6r att uppdatera, korrigera eller radera information som vi har om dig eller ut\u00f6va de r\u00e4ttigheter som tillh\u00f6r dig enligt ovan \u00e4r du v\u00e4lkommen att kontakta oss p\u00e5 info@dasa.se.&nbsp;<\/p>\n\n\n\n<p><strong>Personuppgiftsbitr\u00e4de: <\/strong>Som personuppgiftsbitr\u00e4de agerar Dasa p\u00e5 uppdrag av en annan organisation som \u00e4r ansvarig f\u00f6r personuppgifter.&nbsp;&nbsp;<\/p>\n\n\n\n<p><strong>Personuppgifter:<\/strong> Dasa kan samla in och anv\u00e4nda f\u00f6ljande typer av personuppgifter:&nbsp;&nbsp;<\/p>\n\n\n\n<ul class=\"wp-block-list\">\n<li><strong>Kontaktuppgifter till oss:<\/strong> namn, e-postadress, telefonnummer och adress.&nbsp;<\/li>\n<\/ul>\n\n\n\n<ul class=\"wp-block-list\">\n<li><strong>Information till anv\u00e4ndaren:<\/strong> anv\u00e4ndarnamn, l\u00f6senord och annan information som du tillhandah\u00e5ller n\u00e4r du uppr\u00e4ttar en relation med Dasa eller anv\u00e4nder en tj\u00e4nst som utvecklats av Dasa.&nbsp;<\/li>\n<\/ul>\n\n\n\n<ul class=\"wp-block-list\">\n<li><strong>Betalningsinformation: <\/strong>bankuppgifter, kreditkortsuppgifter och faktureringsinformation.&nbsp;<\/li>\n<\/ul>\n\n\n\n<ul class=\"wp-block-list\">\n<li><strong>Tekniska data:<\/strong> IP-adress, typ och version av webbl\u00e4sare, operativsystem och plattform, plats.&nbsp;&nbsp;<\/li>\n<\/ul>\n\n\n\n<ul class=\"wp-block-list\">\n<li><strong>Anv\u00e4ndningsdata:<\/strong> information om hur du anv\u00e4nder v\u00e5r webbplats och v\u00e5ra tj\u00e4nster. I till\u00e4mpliga fall, om du anv\u00e4nder en Dasa-produkt\/tj\u00e4nst i din maskin, kan maskindata registreras; till exempel maskintimmar, br\u00e4nslef\u00f6rbrukning, position, felkoder och produktion.&nbsp;<\/li>\n<\/ul>\n\n\n\n<p><strong>3. Lagring och skydd av personuppgifter<\/strong>&nbsp;<\/p>\n\n\n\n<p>Vi kommer att beh\u00e5lla dina personuppgifter s\u00e5 l\u00e4nge som det \u00e4r n\u00f6dv\u00e4ndigt f\u00f6r att uppfylla de syften som anges i denna integritetspolicy, eller s\u00e5 l\u00e4nge som kr\u00e4vs enligt lag. Vi vidtar l\u00e4mpliga tekniska och organisatoriska \u00e5tg\u00e4rder f\u00f6r att skydda dina personuppgifter mot obeh\u00f6rig \u00e5tkomst, f\u00f6rlust eller f\u00f6rst\u00f6relse. Dessa \u00e5tg\u00e4rder omfattar, men \u00e4r inte begr\u00e4nsade till, kryptering, brandv\u00e4ggar och s\u00e4kra servermilj\u00f6er.&nbsp;&nbsp;<\/p>\n\n\n\n<p><strong>4. Dina r\u00e4ttigheter<\/strong>&nbsp;<\/p>\n\n\n\n<p>Du har r\u00e4tt till:&nbsp;<\/p>\n\n\n\n<ul class=\"wp-block-list\">\n<li>Beg\u00e4ra tillg\u00e5ng till de personuppgifter vi har om dig.&nbsp;<\/li>\n<\/ul>\n\n\n\n<ul class=\"wp-block-list\">\n<li>beg\u00e4ra r\u00e4ttelse av felaktiga eller ofullst\u00e4ndiga personuppgifter.&nbsp;<\/li>\n<\/ul>\n\n\n\n<ul class=\"wp-block-list\">\n<li>Beg\u00e4ra radering av dina personuppgifter under vissa omst\u00e4ndigheter.&nbsp;<\/li>\n<\/ul>\n\n\n\n<ul class=\"wp-block-list\">\n<li>Inv\u00e4nda mot behandlingen av dina personuppgifter.&nbsp;<\/li>\n<\/ul>\n\n\n\n<ul class=\"wp-block-list\">\n<li>Beg\u00e4ra begr\u00e4nsning av behandlingen av dina personuppgifter.&nbsp;<\/li>\n<\/ul>\n\n\n\n<ul class=\"wp-block-list\">\n<li>Beg\u00e4ra dataportabilitet f\u00f6r att \u00f6verf\u00f6ra dina personuppgifter till en annan organisation.&nbsp;<\/li>\n<\/ul>\n\n\n\n<ul class=\"wp-block-list\">\n<li>\u00c5terkalla ditt samtycke n\u00e4r som helst om behandlingen \u00e4r baserad p\u00e5 samtycke.&nbsp;<\/li>\n<\/ul>\n\n\n\n<p>F\u00f6r att ut\u00f6va dina r\u00e4ttigheter, v\u00e4nligen kontakta oss p\u00e5 <a href=\"mailto:info@dasa.se\" target=\"_blank\" rel=\"noreferrer noopener\">info@dasa.se<\/a>.&nbsp;<\/p>\n\n\n\n<p><strong>5. Insamling av personuppgifter<\/strong>&nbsp;<\/p>\n\n\n\n<p>Vi samlar in personuppgifter p\u00e5 f\u00f6ljande s\u00e4tt:&nbsp;<\/p>\n\n\n\n<ul class=\"wp-block-list\">\n<li><strong>Direkt fr\u00e5n dig:<\/strong> N\u00e4r du skapar ett konto p\u00e5 v\u00e5r tj\u00e4nst, fyller i formul\u00e4r, g\u00f6r en best\u00e4llning eller kontaktar v\u00e5r kundtj\u00e4nst\/support.&nbsp;<\/li>\n<\/ul>\n\n\n\n<ul class=\"wp-block-list\">\n<li><strong>Automatiskt:<\/strong> Genom anv\u00e4ndning av cookies och liknande teknik n\u00e4r du anv\u00e4nder v\u00e5r webbplats och v\u00e5ra tj\u00e4nster (f\u00f6r mer information om cookies, se v\u00e5rt avsnitt om cookies).&nbsp;<\/li>\n<\/ul>\n\n\n\n<ul class=\"wp-block-list\">\n<li><strong>Fr\u00e5n tredje part:<\/strong> Vi kan f\u00e5 information fr\u00e5n tredje part, t.ex. betaltj\u00e4nstleverant\u00f6rer eller partners som hj\u00e4lper oss att tillhandah\u00e5lla v\u00e5ra tj\u00e4nster.&nbsp;&nbsp;<\/li>\n<\/ul>\n\n\n\n<p><strong>6. Anv\u00e4ndning av personuppgifter<\/strong>&nbsp;<\/p>\n\n\n\n<p><strong>6.1 Dasa Control Systems som personuppgiftsansvarig<\/strong>&nbsp;<\/p>\n\n\n\n<p>Vi anv\u00e4nder dina personuppgifter f\u00f6r f\u00f6ljande \u00e4ndam\u00e5l:&nbsp;&nbsp;<\/p>\n\n\n\n<ul class=\"wp-block-list\">\n<li>F\u00f6lja r\u00e4ttsliga skyldigheter och f\u00f6rordningar.&nbsp;<\/li>\n<\/ul>\n\n\n\n<ul class=\"wp-block-list\">\n<li>F\u00f6lja g\u00e4llande avtal.&nbsp;<\/li>\n<\/ul>\n\n\n\n<ul class=\"wp-block-list\">\n<li>Tillhandah\u00e5lla och administrera v\u00e5ra tj\u00e4nster.&nbsp;<\/li>\n<\/ul>\n\n\n\n<ul class=\"wp-block-list\">\n<li>Hantera dina f\u00f6rfr\u00e5gningar och support.&nbsp;<\/li>\n<\/ul>\n\n\n\n<ul class=\"wp-block-list\">\n<li>Behandla betalningar och f\u00f6rhindra bedr\u00e4gerier.&nbsp;<\/li>\n<\/ul>\n\n\n\n<ul class=\"wp-block-list\">\n<li>F\u00f6rb\u00e4ttra v\u00e5r webbplats och v\u00e5ra tj\u00e4nster.&nbsp;<\/li>\n<\/ul>\n\n\n\n<ul class=\"wp-block-list\">\n<li>Skicka marknadsf\u00f6ringskommunikation, om du har gett ditt samtycke till detta.&nbsp;<\/li>\n<\/ul>\n\n\n\n<p><strong>6.2 Dasa Control Systems som databehandlare<\/strong>&nbsp;<\/p>\n\n\n\n<p>N\u00e4r vi agerar som personuppgiftsbitr\u00e4de behandlar vi personuppgifter enligt avtal och instruktioner fr\u00e5n v\u00e5ra kunder (personuppgiftsansvariga) i syfte att:&nbsp;<\/p>\n\n\n\n<ul class=\"wp-block-list\">\n<li>Tillhandah\u00e5lla och administrera programvara och tj\u00e4nster&nbsp;&nbsp;<\/li>\n<\/ul>\n\n\n\n<ul class=\"wp-block-list\">\n<li>Utf\u00f6ra teknisk support och underh\u00e5ll&nbsp;&nbsp;<\/li>\n<\/ul>\n\n\n\n<ul class=\"wp-block-list\">\n<li>Hantera s\u00e4kerhetskopiering och \u00e5terst\u00e4llning av data&nbsp;<\/li>\n<\/ul>\n\n\n\n<ul class=\"wp-block-list\">\n<li>Uppfylla avtalsenliga skyldigheter.&nbsp;&nbsp;<\/li>\n<\/ul>\n\n\n\n<p><strong>7. Delning av personuppgifter<\/strong>&nbsp;<\/p>\n\n\n\n<p><strong>7.1 N\u00e4r vi \u00e4r personuppgiftsansvariga<\/strong>&nbsp;<\/p>\n\n\n\n<p>Vi kan dela din personliga information med:&nbsp;<\/p>\n\n\n\n<ul class=\"wp-block-list\">\n<li>myndigheter eller andra parter om vi \u00e4r skyldiga att g\u00f6ra det enligt lag eller f\u00f6r att skydda v\u00e5ra r\u00e4ttigheter.&nbsp;&nbsp;<\/li>\n<\/ul>\n\n\n\n<ul class=\"wp-block-list\">\n<li>Tredjepartsleverant\u00f6rer som hj\u00e4lper oss att tillhandah\u00e5lla v\u00e5ra tj\u00e4nster (t.ex. f\u00f6r drift och underh\u00e5ll av servrar etc.).&nbsp;&nbsp;<\/li>\n<\/ul>\n\n\n\n<p>N\u00e4r dina personuppgifter l\u00e4mnas ut till underleverant\u00f6rer som agerar f\u00f6r v\u00e5r r\u00e4kning sker det i enlighet med ett s\u00e4rskilt personuppgiftsbitr\u00e4desavtal med instruktioner som s\u00e4kerst\u00e4ller att underleverant\u00f6ren inte behandlar dina uppgifter f\u00f6r andra \u00e4ndam\u00e5l \u00e4n de som anges i kundavtalet och i denna policy. Dessa underleverant\u00f6rer \u00e4r vanligtvis molntj\u00e4nstleverant\u00f6rer eller andra IT-leverant\u00f6rer. Samtliga underleverant\u00f6rer \u00e4r lokaliserade inom EU\/EES.&nbsp;&nbsp;<\/p>\n\n\n\n<p>Dasa kommer inte att s\u00e4lja den insamlade informationen till en tredje part.&nbsp;&nbsp;<\/p>\n\n\n\n<p><strong>7.2 N\u00e4r vi \u00e4r personuppgiftsbitr\u00e4de<\/strong>&nbsp;<\/p>\n\n\n\n<p>Vi delar personuppgifter med tredjepartsleverant\u00f6rer endast p\u00e5 instruktioner fr\u00e5n de personuppgiftsansvariga och i enlighet med till\u00e4mpliga databehandlingsavtal.&nbsp;&nbsp;<\/p>\n\n\n\n<p><strong>8. Cookies och sp\u00e5rningsteknik<\/strong>&nbsp;<\/p>\n\n\n\n<p>Vi anv\u00e4nder cookies och liknande sp\u00e5rningstekniker f\u00f6r att f\u00f6rb\u00e4ttra din upplevelse p\u00e5 v\u00e5r webbplats. Cookies \u00e4r sm\u00e5 textfiler som lagras p\u00e5 din enhet n\u00e4r du bes\u00f6ker v\u00e5r webbplats. Vi anv\u00e4nder f\u00f6ljande typer av cookies:&nbsp;&nbsp;<\/p>\n\n\n\n<ul class=\"wp-block-list\">\n<li><strong>N\u00f6dv\u00e4ndiga cookies:<\/strong> Dessa cookies \u00e4r n\u00f6dv\u00e4ndiga f\u00f6r att v\u00e5r webbplats ska fungera korrekt och kan inte st\u00e4ngas av i v\u00e5ra system.&nbsp;&nbsp;<\/li>\n<\/ul>\n\n\n\n<ul class=\"wp-block-list\">\n<li><strong>Analytiska cookies:<\/strong> Dessa cookies hj\u00e4lper oss att f\u00f6rst\u00e5 hur bes\u00f6kare interagerar med v\u00e5r webbplats genom att samla in och rapportera information anonymt.&nbsp;&nbsp;<\/li>\n<\/ul>\n\n\n\n<ul class=\"wp-block-list\">\n<li><strong>Cookies f\u00f6r preferenser:<\/strong> Dessa cookies anv\u00e4nds f\u00f6r att komma ih\u00e5g dina val (t.ex. spr\u00e5k, region) och erbjuda f\u00f6rb\u00e4ttrade, mer personliga funktioner.&nbsp;&nbsp;<\/li>\n<\/ul>\n\n\n\n<ul class=\"wp-block-list\">\n<li><strong>Cookies f\u00f6r marknadsf\u00f6ring:<\/strong> Dessa cookies anv\u00e4nds f\u00f6r att sp\u00e5ra bes\u00f6kare p\u00e5 olika webbplatser och kan anv\u00e4ndas f\u00f6r att skapa en profil av dina intressen och visa relevanta annonser p\u00e5 andra webbplatser.&nbsp;&nbsp;<\/li>\n<\/ul>\n\n\n\n<p>Du kan st\u00e4lla in din webbl\u00e4sare s\u00e5 att den blockerar eller varnar dig om dessa cookies, men vissa delar av webbplatsen kan sluta fungera som avsett.&nbsp;&nbsp;<\/p>\n\n\n\n<p><strong>9. \u00c4ndringar av denna integritetspolicy<\/strong>&nbsp;<\/p>\n\n\n\n<p>Policyn kan komma att uppdateras beroende p\u00e5 om hanteringen av personuppgifter f\u00f6r\u00e4ndras. Den senaste versionen finns alltid tillg\u00e4nglig p\u00e5 v\u00e5r webbplats: <a href=\"https:\/\/dasa.se\/sv\/\" target=\"_blank\" rel=\"noreferrer noopener\">www.dasa.se<\/a> och tr\u00e4der i kraft vid offentligg\u00f6randet.&nbsp;&nbsp;<\/p>\n\n\n\n<p><strong>10. Kontaktuppgifter<\/strong>&nbsp;<\/p>\n\n\n\n<p>Om du har n\u00e5gra fr\u00e5gor eller funderingar kring denna integritetspolicy eller v\u00e5r behandling av dina personuppgifter, v\u00e4nligen kontakta oss p\u00e5&nbsp;&nbsp;<\/p>\n\n\n\n<p>Dasa Styrsystem AB&nbsp;<\/p>\n\n\n\n<p>Hammerdalsv\u00e4gen 3, 352 46 V\u00e4xj\u00f6&nbsp;<\/p>\n\n\n\n<p>E-post: <a href=\"mailto:info@dasa.se\" target=\"_blank\" rel=\"noreferrer noopener\">info@dasa.se<\/a>&nbsp;<\/p>\n\n\n\n<p>Telefon: +46 470 77 09 50<\/p>","protected":false},"excerpt":{"rendered":"<p>Integritetspolicy 1. Introduktion Dasa Control Systems AB (Dasa), organisationsnummer 556360-4338, Hammerdalsv\u00e4gen 3, 352 46 V\u00e4xj\u00f6, \u00e4r en leverant\u00f6r av h\u00e5rdvara, mjukvara samt webb- och applikationsbaserade program. Denna policy beskriver hur vi samlar in, anv\u00e4nder och skyddar dina personuppgifter n\u00e4r du anv\u00e4nder v\u00e5r webbplats, v\u00e5ra produkter och tj\u00e4nster, samt n\u00e4r du \u00e4r anst\u00e4lld [\u2026]<\/p>","protected":false},"author":6,"featured_media":0,"parent":0,"menu_order":0,"comment_status":"closed","ping_status":"closed","template":"","meta":{"footnotes":""},"class_list":["post-2012","page","type-page","status-publish","hentry"],"yoast_head":"<!-- This site is optimized with the Yoast SEO plugin v26.7 - https:\/\/yoast.com\/wordpress\/plugins\/seo\/ -->\n<title>Integrity Policy | Dasa<\/title>\n<meta name=\"robots\" content=\"index, follow, max-snippet:-1, max-image-preview:large, max-video-preview:-1\" \/>\n<link rel=\"canonical\" href=\"https:\/\/dasa.se\/sv\/integritetspolicy\/\" \/>\n<meta property=\"og:locale\" content=\"sv_SE\" \/>\n<meta property=\"og:type\" content=\"article\" \/>\n<meta property=\"og:title\" content=\"Integrity Policy | Dasa\" \/>\n<meta property=\"og:description\" content=\"Integrity Policy 1. Introduction&nbsp; Dasa Control Systems AB (Dasa), company registration number 556360-4338, Hammerdalsv\u00e4gen 3, 352 46 V\u00e4xj\u00f6, Sweden, is a supplier of hardware, software and web-based programs and applications.&nbsp;&nbsp; This policy describes how we collect, use and protect your personal data when you use our website, products and services, and when you are employed [&hellip;]\" \/>\n<meta property=\"og:url\" content=\"https:\/\/dasa.se\/sv\/integritetspolicy\/\" \/>\n<meta property=\"og:site_name\" content=\"Dasa: High-Performance Machine Control Systems\" \/>\n<meta property=\"article:modified_time\" content=\"2026-03-31T11:41:20+00:00\" \/>\n<meta name=\"twitter:card\" content=\"summary_large_image\" \/>\n<meta name=\"twitter:label1\" content=\"Ber\u00e4knad l\u00e4stid\" \/>\n\t<meta name=\"twitter:data1\" content=\"6 minuter\" \/>\n<script type=\"application\/ld+json\" class=\"yoast-schema-graph\">{\"@context\":\"https:\/\/schema.org\",\"@graph\":[{\"@type\":\"WebPage\",\"@id\":\"https:\/\/dasa.se\/integritetspolicy\/\",\"url\":\"https:\/\/dasa.se\/integritetspolicy\/\",\"name\":\"Integrity Policy | Dasa\",\"isPartOf\":{\"@id\":\"https:\/\/dasa.se\/#website\"},\"datePublished\":\"2025-01-14T17:50:44+00:00\",\"dateModified\":\"2026-03-31T11:41:20+00:00\",\"breadcrumb\":{\"@id\":\"https:\/\/dasa.se\/integritetspolicy\/#breadcrumb\"},\"inLanguage\":\"sv-SE\",\"potentialAction\":[{\"@type\":\"ReadAction\",\"target\":[\"https:\/\/dasa.se\/integritetspolicy\/\"]}]},{\"@type\":\"BreadcrumbList\",\"@id\":\"https:\/\/dasa.se\/integritetspolicy\/#breadcrumb\",\"itemListElement\":[{\"@type\":\"ListItem\",\"position\":1,\"name\":\"Home\",\"item\":\"https:\/\/dasa.se\/\"},{\"@type\":\"ListItem\",\"position\":2,\"name\":\"Integrity Policy\"}]},{\"@type\":\"WebSite\",\"@id\":\"https:\/\/dasa.se\/#website\",\"url\":\"https:\/\/dasa.se\/\",\"name\":\"Dasa: High-Performance Machine Control Systems\",\"description\":\"\",\"publisher\":{\"@id\":\"https:\/\/dasa.se\/#organization\"},\"potentialAction\":[{\"@type\":\"SearchAction\",\"target\":{\"@type\":\"EntryPoint\",\"urlTemplate\":\"https:\/\/dasa.se\/?s={search_term_string}\"},\"query-input\":{\"@type\":\"PropertyValueSpecification\",\"valueRequired\":true,\"valueName\":\"search_term_string\"}}],\"inLanguage\":\"sv-SE\"},{\"@type\":\"Organization\",\"@id\":\"https:\/\/dasa.se\/#organization\",\"name\":\"Dasa: High-Performance Machine Control Systems\",\"url\":\"https:\/\/dasa.se\/\",\"logo\":{\"@type\":\"ImageObject\",\"inLanguage\":\"sv-SE\",\"@id\":\"https:\/\/dasa.se\/#\/schema\/logo\/image\/\",\"url\":\"https:\/\/dasa.se\/wp-content\/uploads\/2024\/10\/logo3.png\",\"contentUrl\":\"https:\/\/dasa.se\/wp-content\/uploads\/2024\/10\/logo3.png\",\"width\":1000,\"height\":320,\"caption\":\"Dasa: High-Performance Machine Control Systems\"},\"image\":{\"@id\":\"https:\/\/dasa.se\/#\/schema\/logo\/image\/\"},\"sameAs\":[\"https:\/\/www.linkedin.com\/company\/dasa-control-systems\/\"]}]}<\/script>\n<!-- \/ Yoast SEO plugin. -->","yoast_head_json":{"title":"Integritetspolicy | Dasa","robots":{"index":"index","follow":"follow","max-snippet":"max-snippet:-1","max-image-preview":"max-image-preview:large","max-video-preview":"max-video-preview:-1"},"canonical":"https:\/\/dasa.se\/sv\/integritetspolicy\/","og_locale":"sv_SE","og_type":"article","og_title":"Integrity Policy | Dasa","og_description":"Integrity Policy 1. Introduction&nbsp; Dasa Control Systems AB (Dasa), company registration number 556360-4338, Hammerdalsv\u00e4gen 3, 352 46 V\u00e4xj\u00f6, Sweden, is a supplier of hardware, software and web-based programs and applications.&nbsp;&nbsp; This policy describes how we collect, use and protect your personal data when you use our website, products and services, and when you are employed [&hellip;]","og_url":"https:\/\/dasa.se\/sv\/integritetspolicy\/","og_site_name":"Dasa: High-Performance Machine Control Systems","article_modified_time":"2026-03-31T11:41:20+00:00","twitter_card":"summary_large_image","twitter_misc":{"Ber\u00e4knad l\u00e4stid":"6 minuter"},"schema":{"@context":"https:\/\/schema.org","@graph":[{"@type":"WebPage","@id":"https:\/\/dasa.se\/integritetspolicy\/","url":"https:\/\/dasa.se\/integritetspolicy\/","name":"Integritetspolicy | Dasa","isPartOf":{"@id":"https:\/\/dasa.se\/#website"},"datePublished":"2025-01-14T17:50:44+00:00","dateModified":"2026-03-31T11:41:20+00:00","breadcrumb":{"@id":"https:\/\/dasa.se\/integritetspolicy\/#breadcrumb"},"inLanguage":"sv-SE","potentialAction":[{"@type":"ReadAction","target":["https:\/\/dasa.se\/integritetspolicy\/"]}]},{"@type":"BreadcrumbList","@id":"https:\/\/dasa.se\/integritetspolicy\/#breadcrumb","itemListElement":[{"@type":"ListItem","position":1,"name":"Home","item":"https:\/\/dasa.se\/"},{"@type":"ListItem","position":2,"name":"Integrity Policy"}]},{"@type":"WebSite","@id":"https:\/\/dasa.se\/#website","url":"https:\/\/dasa.se\/","name":"Dasa: Styrsystem f\u00f6r h\u00f6gpresterande maskiner","description":"","publisher":{"@id":"https:\/\/dasa.se\/#organization"},"potentialAction":[{"@type":"SearchAction","target":{"@type":"EntryPoint","urlTemplate":"https:\/\/dasa.se\/?s={search_term_string}"},"query-input":{"@type":"PropertyValueSpecification","valueRequired":true,"valueName":"search_term_string"}}],"inLanguage":"sv-SE"},{"@type":"Organization","@id":"https:\/\/dasa.se\/#organization","name":"Dasa: Styrsystem f\u00f6r h\u00f6gpresterande maskiner","url":"https:\/\/dasa.se\/","logo":{"@type":"ImageObject","inLanguage":"sv-SE","@id":"https:\/\/dasa.se\/#\/schema\/logo\/image\/","url":"https:\/\/dasa.se\/wp-content\/uploads\/2024\/10\/logo3.png","contentUrl":"https:\/\/dasa.se\/wp-content\/uploads\/2024\/10\/logo3.png","width":1000,"height":320,"caption":"Dasa: High-Performance Machine Control Systems"},"image":{"@id":"https:\/\/dasa.se\/#\/schema\/logo\/image\/"},"sameAs":["https:\/\/www.linkedin.com\/company\/dasa-control-systems\/"]}]}},"_links":{"self":[{"href":"https:\/\/dasa.se\/sv\/wp-json\/wp\/v2\/pages\/2012","targetHints":{"allow":["GET"]}}],"collection":[{"href":"https:\/\/dasa.se\/sv\/wp-json\/wp\/v2\/pages"}],"about":[{"href":"https:\/\/dasa.se\/sv\/wp-json\/wp\/v2\/types\/page"}],"author":[{"embeddable":true,"href":"https:\/\/dasa.se\/sv\/wp-json\/wp\/v2\/users\/6"}],"replies":[{"embeddable":true,"href":"https:\/\/dasa.se\/sv\/wp-json\/wp\/v2\/comments?post=2012"}],"version-history":[{"count":12,"href":"https:\/\/dasa.se\/sv\/wp-json\/wp\/v2\/pages\/2012\/revisions"}],"predecessor-version":[{"id":2930,"href":"https:\/\/dasa.se\/sv\/wp-json\/wp\/v2\/pages\/2012\/revisions\/2930"}],"wp:attachment":[{"href":"https:\/\/dasa.se\/sv\/wp-json\/wp\/v2\/media?parent=2012"}],"curies":[{"name":"wp","href":"https:\/\/api.w.org\/{rel}","templated":true}]}}