{"id":2207,"date":"2025-02-20T10:48:57","date_gmt":"2025-02-20T10:48:57","guid":{"rendered":"https:\/\/dasa.se\/?page_id=2207"},"modified":"2026-03-31T11:03:25","modified_gmt":"2026-03-31T11:03:25","slug":"career","status":"publish","type":"page","link":"https:\/\/dasa.se\/sv\/career\/","title":{"rendered":"Karri\u00e4r"},"content":{"rendered":"<h1 class=\"wp-block-heading has-text-align-left title-with-dot\" style=\"font-size:5rem;font-style:normal;font-weight:900\">Karri\u00e4r \u2013 se lediga jobb<\/h1>\n\n\n\n\n\n<p class=\"wp-block-heading has-text-align-left\" style=\"font-size:3rem;font-style:normal;font-weight:900\">Just nu har vi inga lediga tj\u00e4nster<\/p>\n\n\n\n<p >\n<p style=\"font-size:24px;\"><strong>Om Dasa<\/strong><\/p>\n\n\n\n<p style=\"font-size:24px;\">Dasa Control Systems AB \u00e4r ett ledande f\u00f6retag inom skogsteknik och avancerade maskinstyrningssystem. Vi erbjuder innovativa och skr\u00e4ddarsydda l\u00f6sningar till v\u00e5ra OEM-kunder, med fokus p\u00e5 att optimera prestanda, effektivitet och h\u00e5llbarhet i professionella arbetsmaskiner. Genom n\u00e4ra samarbete med v\u00e5ra kunder och partners driver vi teknikutvecklingen fram\u00e5t och skapar framtidens intelligenta system. <\/p>\n\n\n\n<p><\/p>\n\n\n\n\n\n\n\n<p style=\"font-size:24px;\"><strong>F\u00f6r fr\u00e5gor och spontanans\u00f6kan kontakta:\n<a href=\"mailto:career@dasa.se\">career@dasa.se<\/a>\u00a0inkludera CV och personligt brev.<\/strong><\/p>\n\n<p style=\"font-size:24px;\"><strong>Vi ser fram emot din ans\u00f6kan!<\/strong><\/p>\n\n<p style=\"font-size:24px;\"><i>Kontakt fr\u00e5n Rekryteringsfirmor undanbedes.<\/i><\/p>\n<ul style=\"font-size:24px;\">","protected":false},"excerpt":{"rendered":"<p>Karri\u00e4r \u2013 se lediga jobb Just nu har vi inga lediga tj\u00e4nster Om DASA DASA Control Systems AB \u00e4r ett ledande f\u00f6retag inom skogsmaskinteknik och avancerade maskinstyrningssystem. Vi erbjuder innovativa och skr\u00e4ddarsydda l\u00f6sningar till v\u00e5ra OEM-kunder, med fokus p\u00e5 att optimera prestanda, effektivitet och h\u00e5llbarhet i professionella arbetsmaskiner. Genom n\u00e4ra samarbete med v\u00e5ra kunder och [...]<\/p>","protected":false},"author":7,"featured_media":0,"parent":0,"menu_order":0,"comment_status":"closed","ping_status":"closed","template":"","meta":{"footnotes":""},"class_list":["post-2207","page","type-page","status-publish","hentry"],"yoast_head":"<!-- This site is optimized with the Yoast SEO plugin v26.7 - https:\/\/yoast.com\/wordpress\/plugins\/seo\/ -->\n<title>Career - see available jobs | Dasa<\/title>\n<meta name=\"description\" content=\"Explore exciting career opportunities at Dasa and help us shape the future of machine control. View our available jobs and apply to join our team today!\" \/>\n<meta name=\"robots\" content=\"index, follow, max-snippet:-1, max-image-preview:large, max-video-preview:-1\" \/>\n<link rel=\"canonical\" href=\"https:\/\/dasa.se\/sv\/career\/\" \/>\n<meta property=\"og:locale\" content=\"sv_SE\" \/>\n<meta property=\"og:type\" content=\"article\" \/>\n<meta property=\"og:title\" content=\"Career - see available jobs | Dasa\" \/>\n<meta property=\"og:description\" content=\"Explore exciting career opportunities at Dasa and help us shape the future of machine control. View our available jobs and apply to join our team today!\" \/>\n<meta property=\"og:url\" content=\"https:\/\/dasa.se\/sv\/career\/\" \/>\n<meta property=\"og:site_name\" content=\"Dasa: High-Performance Machine Control Systems\" \/>\n<meta property=\"article:modified_time\" content=\"2026-03-31T11:03:25+00:00\" \/>\n<meta name=\"twitter:card\" content=\"summary_large_image\" \/>\n<meta name=\"twitter:label1\" content=\"Ber\u00e4knad l\u00e4stid\" \/>\n\t<meta name=\"twitter:data1\" content=\"1 minut\" \/>\n<script type=\"application\/ld+json\" class=\"yoast-schema-graph\">{\"@context\":\"https:\/\/schema.org\",\"@graph\":[{\"@type\":\"WebPage\",\"@id\":\"https:\/\/dasa.se\/career\/\",\"url\":\"https:\/\/dasa.se\/career\/\",\"name\":\"Career - see available jobs | Dasa\",\"isPartOf\":{\"@id\":\"https:\/\/dasa.se\/#website\"},\"datePublished\":\"2025-02-20T10:48:57+00:00\",\"dateModified\":\"2026-03-31T11:03:25+00:00\",\"description\":\"Explore exciting career opportunities at Dasa and help us shape the future of machine control. View our available jobs and apply to join our team today!\",\"breadcrumb\":{\"@id\":\"https:\/\/dasa.se\/career\/#breadcrumb\"},\"inLanguage\":\"sv-SE\",\"potentialAction\":[{\"@type\":\"ReadAction\",\"target\":[\"https:\/\/dasa.se\/career\/\"]}]},{\"@type\":\"BreadcrumbList\",\"@id\":\"https:\/\/dasa.se\/career\/#breadcrumb\",\"itemListElement\":[{\"@type\":\"ListItem\",\"position\":1,\"name\":\"Home\",\"item\":\"https:\/\/dasa.se\/\"},{\"@type\":\"ListItem\",\"position\":2,\"name\":\"Career\"}]},{\"@type\":\"WebSite\",\"@id\":\"https:\/\/dasa.se\/#website\",\"url\":\"https:\/\/dasa.se\/\",\"name\":\"Dasa: High-Performance Machine Control Systems\",\"description\":\"\",\"publisher\":{\"@id\":\"https:\/\/dasa.se\/#organization\"},\"potentialAction\":[{\"@type\":\"SearchAction\",\"target\":{\"@type\":\"EntryPoint\",\"urlTemplate\":\"https:\/\/dasa.se\/?s={search_term_string}\"},\"query-input\":{\"@type\":\"PropertyValueSpecification\",\"valueRequired\":true,\"valueName\":\"search_term_string\"}}],\"inLanguage\":\"sv-SE\"},{\"@type\":\"Organization\",\"@id\":\"https:\/\/dasa.se\/#organization\",\"name\":\"Dasa: High-Performance Machine Control Systems\",\"url\":\"https:\/\/dasa.se\/\",\"logo\":{\"@type\":\"ImageObject\",\"inLanguage\":\"sv-SE\",\"@id\":\"https:\/\/dasa.se\/#\/schema\/logo\/image\/\",\"url\":\"https:\/\/dasa.se\/wp-content\/uploads\/2024\/10\/logo3.png\",\"contentUrl\":\"https:\/\/dasa.se\/wp-content\/uploads\/2024\/10\/logo3.png\",\"width\":1000,\"height\":320,\"caption\":\"Dasa: High-Performance Machine Control Systems\"},\"image\":{\"@id\":\"https:\/\/dasa.se\/#\/schema\/logo\/image\/\"},\"sameAs\":[\"https:\/\/www.linkedin.com\/company\/dasa-control-systems\/\"]}]}<\/script>\n<!-- \/ Yoast SEO plugin. -->","yoast_head_json":{"title":"Karri\u00e4r \u2013 se lediga jobb | Dasa","description":"Utforska sp\u00e4nnande karri\u00e4rm\u00f6jligheter p\u00e5 Dasa och hj\u00e4lp oss forma framtiden f\u00f6r maskinstyrning. Se v\u00e5ra lediga jobb och ans\u00f6k f\u00f6r att bli en del av v\u00e5rt team redan idag!","robots":{"index":"index","follow":"follow","max-snippet":"max-snippet:-1","max-image-preview":"max-image-preview:large","max-video-preview":"max-video-preview:-1"},"canonical":"https:\/\/dasa.se\/sv\/career\/","og_locale":"sv_SE","og_type":"article","og_title":"Career - see available jobs | Dasa","og_description":"Explore exciting career opportunities at Dasa and help us shape the future of machine control. View our available jobs and apply to join our team today!","og_url":"https:\/\/dasa.se\/sv\/career\/","og_site_name":"Dasa: High-Performance Machine Control Systems","article_modified_time":"2026-03-31T11:03:25+00:00","twitter_card":"summary_large_image","twitter_misc":{"Ber\u00e4knad l\u00e4stid":"1 minut"},"schema":{"@context":"https:\/\/schema.org","@graph":[{"@type":"WebPage","@id":"https:\/\/dasa.se\/career\/","url":"https:\/\/dasa.se\/career\/","name":"Karri\u00e4r \u2013 se lediga jobb | Dasa","isPartOf":{"@id":"https:\/\/dasa.se\/#website"},"datePublished":"2025-02-20T10:48:57+00:00","dateModified":"2026-03-31T11:03:25+00:00","description":"Utforska sp\u00e4nnande karri\u00e4rm\u00f6jligheter p\u00e5 Dasa och hj\u00e4lp oss forma framtiden f\u00f6r maskinstyrning. Se v\u00e5ra lediga jobb och ans\u00f6k f\u00f6r att bli en del av v\u00e5rt team redan idag!","breadcrumb":{"@id":"https:\/\/dasa.se\/career\/#breadcrumb"},"inLanguage":"sv-SE","potentialAction":[{"@type":"ReadAction","target":["https:\/\/dasa.se\/career\/"]}]},{"@type":"BreadcrumbList","@id":"https:\/\/dasa.se\/career\/#breadcrumb","itemListElement":[{"@type":"ListItem","position":1,"name":"Home","item":"https:\/\/dasa.se\/"},{"@type":"ListItem","position":2,"name":"Career"}]},{"@type":"WebSite","@id":"https:\/\/dasa.se\/#website","url":"https:\/\/dasa.se\/","name":"Dasa: Styrsystem f\u00f6r h\u00f6gpresterande maskiner","description":"","publisher":{"@id":"https:\/\/dasa.se\/#organization"},"potentialAction":[{"@type":"SearchAction","target":{"@type":"EntryPoint","urlTemplate":"https:\/\/dasa.se\/?s={search_term_string}"},"query-input":{"@type":"PropertyValueSpecification","valueRequired":true,"valueName":"search_term_string"}}],"inLanguage":"sv-SE"},{"@type":"Organization","@id":"https:\/\/dasa.se\/#organization","name":"Dasa: Styrsystem f\u00f6r h\u00f6gpresterande maskiner","url":"https:\/\/dasa.se\/","logo":{"@type":"ImageObject","inLanguage":"sv-SE","@id":"https:\/\/dasa.se\/#\/schema\/logo\/image\/","url":"https:\/\/dasa.se\/wp-content\/uploads\/2024\/10\/logo3.png","contentUrl":"https:\/\/dasa.se\/wp-content\/uploads\/2024\/10\/logo3.png","width":1000,"height":320,"caption":"Dasa: High-Performance Machine Control Systems"},"image":{"@id":"https:\/\/dasa.se\/#\/schema\/logo\/image\/"},"sameAs":["https:\/\/www.linkedin.com\/company\/dasa-control-systems\/"]}]}},"_links":{"self":[{"href":"https:\/\/dasa.se\/sv\/wp-json\/wp\/v2\/pages\/2207","targetHints":{"allow":["GET"]}}],"collection":[{"href":"https:\/\/dasa.se\/sv\/wp-json\/wp\/v2\/pages"}],"about":[{"href":"https:\/\/dasa.se\/sv\/wp-json\/wp\/v2\/types\/page"}],"author":[{"embeddable":true,"href":"https:\/\/dasa.se\/sv\/wp-json\/wp\/v2\/users\/7"}],"replies":[{"embeddable":true,"href":"https:\/\/dasa.se\/sv\/wp-json\/wp\/v2\/comments?post=2207"}],"version-history":[{"count":91,"href":"https:\/\/dasa.se\/sv\/wp-json\/wp\/v2\/pages\/2207\/revisions"}],"predecessor-version":[{"id":2920,"href":"https:\/\/dasa.se\/sv\/wp-json\/wp\/v2\/pages\/2207\/revisions\/2920"}],"wp:attachment":[{"href":"https:\/\/dasa.se\/sv\/wp-json\/wp\/v2\/media?parent=2207"}],"curies":[{"name":"wp","href":"https:\/\/api.w.org\/{rel}","templated":true}]}}