{"id":9,"date":"2024-10-28T08:40:44","date_gmt":"2024-10-28T08:40:44","guid":{"rendered":"https:\/\/eznpp.beeweb-orange.io\/?page_id=9"},"modified":"2025-12-02T15:26:51","modified_gmt":"2025-12-02T15:26:51","slug":"products","status":"publish","type":"page","link":"https:\/\/dasa.se\/sv\/products\/","title":{"rendered":"Produkter"},"content":{"rendered":"<h1 class=\"wp-block-heading title-with-dot h1_dasa has-text-color has-link-color wp-elements-fa423dae6bc6a20972da0797d6523154\" style=\"color:#364856\"><strong>V\u00e5ra produkter<\/strong><\/h1>\n\n\n\n<h2 class=\"wp-block-heading has-text-color has-link-color wp-elements-543f3acd3ccc71f5a673ebbdf20c5a25\" style=\"color:#364856;margin-top:0;margin-bottom:0;font-size:4.9rem;font-style:normal;font-weight:400;letter-spacing:0px\">G\u00f6r komplexa saker enklare.<\/h2>\n\n\n\n<p class=\"has-text-color has-link-color wp-elements-17d5e0126b77d7501f437a6e6603926e\" style=\"color:#364856;margin-top:2rem;margin-bottom:2rem;font-size:1.2rem\">Mjuk- och h\u00e5rdvaruprodukter f\u00f6r mobila l\u00f6sningar och skogsbruk. Produkter fr\u00e5n Dasa anv\u00e4nds av kunder \u00f6ver hela v\u00e4rlden.<\/p>\n\n\n\n<div class=\"wp-block-group alignfull is-nowrap is-layout-flex wp-container-core-group-is-layout-f66f9956 wp-block-group-is-layout-flex\"><div data-block-name=\"woocommerce\/featured-category\" data-category-id=\"78\" data-dim-ratio=\"100\" data-edit-mode=\"false\" data-overlay-color=\"#212a31\" data-style=\"{&quot;color&quot;:{&quot;background&quot;:&quot;#425462&quot;}}\" class=\"wc-block-featured-category alignnone has-background-dim has-background-dim-100 has-background wp-block-woocommerce-featured-category\" style=\"min-height:500px;background-color: #425462;\"><div class=\"wc-block-featured-category__wrapper\"><div class=\"background-dim__overlay\" style=\"background-color: #212a31\"><\/div><img decoding=\"async\" alt=\"Components\" class=\"wc-block-featured-category__background-image\" src=\"https:\/\/dasa.se\/wp-content\/uploads\/2024\/11\/ESX_IOM.jpg\" style=\"object-fit: none;object-position: 50% 50%;\" \/><h2 class=\"wc-block-featured-category__title\">Components<\/h2><div class=\"wc-block-featured-category__description\"><p>Robusta och anpassningsbara komponenter f\u00f6r digitalisering och automatisering av mobila maskiner.<\/p>\n<\/div><div class=\"wc-block-featured-category__inner-blocks\">\n\n<div class=\"wp-block-buttons is-content-justification-center is-layout-flex wp-container-core-buttons-is-layout-a89b3969 wp-block-buttons-is-layout-flex\">\n<div class=\"wp-block-button\"><a class=\"wp-block-button__link wp-element-button\" href=\"\/sv\/produkt-kategori\/components\/\">L\u00e4s mer<\/a><\/div>\n<\/div>\n\n<\/div><\/div><\/div>\n\n<div data-block-name=\"woocommerce\/featured-category\" data-category-id=\"32\" data-dim-ratio=\"100\" data-edit-mode=\"false\" data-overlay-color=\"#212a31\" data-style=\"{&quot;color&quot;:{&quot;background&quot;:&quot;#425462&quot;}}\" class=\"wc-block-featured-category alignnone has-background-dim has-background-dim-100 has-background wp-block-woocommerce-featured-category\" style=\"min-height:500px;background-color: #425462;\"><div class=\"wc-block-featured-category__wrapper\"><div class=\"background-dim__overlay\" style=\"background-color: #212a31\"><\/div><h2 class=\"wc-block-featured-category__title\">Apteringssytem f\u00f6r sk\u00f6rdare<\/h2><div class=\"wc-block-featured-category__description\"><p>Dasas apteringssystem \u00e4r konstruerade f\u00f6r de tuffa krav som st\u00e4lls i skogsbruket, oavsett om du arbetar p\u00e5 en avl\u00e4gsen plats, i en sk\u00f6rdare eller skotare.<\/p>\n<\/div><div class=\"wc-block-featured-category__inner-blocks\">\n\n<div class=\"wp-block-buttons is-content-justification-center is-layout-flex wp-container-core-buttons-is-layout-a89b3969 wp-block-buttons-is-layout-flex\">\n<div class=\"wp-block-button\"><a class=\"wp-block-button__link wp-element-button\" href=\"\/sv\/produkt-kategori\/bucking\/\">L\u00e4s mer<\/a><\/div>\n<\/div>\n\n<\/div><\/div><\/div>\n\n<div data-block-name=\"woocommerce\/featured-category\" data-category-id=\"34\" data-dim-ratio=\"100\" data-edit-mode=\"false\" data-overlay-color=\"#212a31\" data-style=\"{&quot;color&quot;:{&quot;background&quot;:&quot;#425462&quot;}}\" class=\"wc-block-featured-category alignnone has-background-dim has-background-dim-100 has-background wp-block-woocommerce-featured-category\" style=\"min-height:500px;background-color: #425462;\"><div class=\"wc-block-featured-category__wrapper\"><div class=\"background-dim__overlay\" style=\"background-color: #212a31\"><\/div><h2 class=\"wc-block-featured-category__title\">Skotning<\/h2><div class=\"wc-block-featured-category__description\"><p>Allt du beh\u00f6ver f\u00f6r en effektiv skotare<\/p>\n<\/div><div class=\"wc-block-featured-category__inner-blocks\">\n\n<div class=\"wp-block-buttons is-content-justification-center is-layout-flex wp-container-core-buttons-is-layout-a89b3969 wp-block-buttons-is-layout-flex\">\n<div class=\"wp-block-button\"><a class=\"wp-block-button__link wp-element-button\" href=\"\/sv\/produkt-kategori\/forwarding\/\">L\u00e4s mer<\/a><\/div>\n<\/div>\n\n<\/div><\/div><\/div><\/div>\n\n\n\n<div class=\"wp-block-group alignfull row2products is-nowrap is-layout-flex wp-container-core-group-is-layout-f66f9956 wp-block-group-is-layout-flex\"><div data-block-name=\"woocommerce\/featured-category\" data-category-id=\"40\" data-dim-ratio=\"100\" data-edit-mode=\"false\" data-overlay-color=\"#212a31\" data-style=\"{&quot;color&quot;:{&quot;background&quot;:&quot;#425462&quot;}}\" class=\"wc-block-featured-category alignnone has-background-dim has-background-dim-100 has-background wp-block-woocommerce-featured-category\" style=\"min-height:500px;background-color: #425462;\"><div class=\"wc-block-featured-category__wrapper\"><div class=\"background-dim__overlay\" style=\"background-color: #212a31\"><\/div><img decoding=\"async\" alt=\"Mjukvara f\u00f6r Fleet Management\" class=\"wc-block-featured-category__background-image\" src=\"https:\/\/dasa.se\/wp-content\/uploads\/2024\/11\/dasa-drive_dev_dasainsight_com_user_status_iphone-bg-3-2-1024x682.jpg\" style=\"object-fit: none;object-position: 50% 50%;\" \/><h2 class=\"wc-block-featured-category__title\">Mjukvara f\u00f6r Fleet Management<\/h2><div class=\"wc-block-featured-category__description\"><p>En f\u00e4rdig, anpassningsbar mjukvarul\u00f6sning f\u00f6r Fleet Management och administration.<\/p>\n<\/div><div class=\"wc-block-featured-category__inner-blocks\">\n\n<div class=\"wp-block-buttons is-content-justification-center is-layout-flex wp-container-core-buttons-is-layout-a89b3969 wp-block-buttons-is-layout-flex\">\n<div class=\"wp-block-button\"><a class=\"wp-block-button__link wp-element-button\" href=\"\/sv\/produkt-kategori\/fleet-management-software\/\">L\u00e4s mer<\/a><\/div>\n<\/div>\n\n<\/div><\/div><\/div>\n\n<div data-block-name=\"woocommerce\/featured-category\" data-category-id=\"76\" data-dim-ratio=\"100\" data-edit-mode=\"false\" data-overlay-color=\"#212a31\" data-style=\"{&quot;color&quot;:{&quot;background&quot;:&quot;#425462&quot;}}\" class=\"wc-block-featured-category alignnone has-background-dim has-background-dim-100 has-background wp-block-woocommerce-featured-category\" style=\"min-height:500px;background-color: #425462;\"><div class=\"wc-block-featured-category__wrapper\"><div class=\"background-dim__overlay\" style=\"background-color: #212a31\"><\/div><h2 class=\"wc-block-featured-category__title\">Bunching<\/h2><div class=\"wc-block-featured-category__description\"><p>En avancerad mjukvarul\u00f6sning som \u00e4r utformad f\u00f6r att effektivisera hanteringen av avverkningsarbeten med f\u00e4llare-l\u00e4ggare.<\/p>\n<\/div><div class=\"wc-block-featured-category__inner-blocks\">\n\n<div class=\"wp-block-buttons is-content-justification-center is-layout-flex wp-container-core-buttons-is-layout-a89b3969 wp-block-buttons-is-layout-flex\">\n<div class=\"wp-block-button\"><a class=\"wp-block-button__link wp-element-button\" href=\"\/sv\/produkt-kategori\/bunching\/\">L\u00e4s mer<\/a><\/div>\n<\/div>\n\n<\/div><\/div><\/div>\n\n<div data-block-name=\"woocommerce\/featured-category\" data-category-id=\"53\" data-dim-ratio=\"100\" data-edit-mode=\"false\" data-overlay-color=\"#212a31\" data-style=\"{&quot;color&quot;:{&quot;background&quot;:&quot;#425462&quot;}}\" class=\"wc-block-featured-category alignnone has-background-dim has-background-dim-100 has-background wp-block-woocommerce-featured-category\" style=\"min-height:500px;background-color: #425462;\"><div class=\"wc-block-featured-category__wrapper\"><div class=\"background-dim__overlay\" style=\"background-color: #212a31\"><\/div><h2 class=\"wc-block-featured-category__title\">StanForD-tj\u00e4nster<\/h2><div class=\"wc-block-featured-category__description\"><p>Produkter som g\u00f6r det enkelt att f\u00f6rst\u00e5 och administrera data fr\u00e5n skogliga data.<\/p>\n<\/div><div class=\"wc-block-featured-category__inner-blocks\">\n\n<div class=\"wp-block-buttons is-content-justification-center is-layout-flex wp-container-core-buttons-is-layout-a89b3969 wp-block-buttons-is-layout-flex\">\n<div class=\"wp-block-button\"><a class=\"wp-block-button__link wp-element-button\" href=\"\/sv\/produkt-kategori\/stanford-services\/\">L\u00e4s mer<\/a><\/div>\n<\/div>\n\n<\/div><\/div><\/div><\/div>","protected":false},"excerpt":{"rendered":"<p>V\u00e5ra produkter G\u00f6r komplexa saker enklare. Mjuk- och h\u00e5rdvaruprodukter f\u00f6r mobila l\u00f6sningar och skogsbruk. Produkter fr\u00e5n Dasa anv\u00e4nds av kunder \u00f6ver hela v\u00e4rlden.<\/p>","protected":false},"author":2,"featured_media":166,"parent":0,"menu_order":0,"comment_status":"closed","ping_status":"closed","template":"","meta":{"footnotes":""},"class_list":["post-9","page","type-page","status-publish","has-post-thumbnail","hentry"],"yoast_head":"<!-- This site is optimized with the Yoast SEO plugin v26.7 - https:\/\/yoast.com\/wordpress\/plugins\/seo\/ -->\n<title>Forestry Products &amp; Log Bucking Systems | Dasa<\/title>\n<meta name=\"description\" content=\"Long history of delivering products making complex things easier. Our softare and hardward products have worldwide applications. Discover them today\" \/>\n<meta name=\"robots\" content=\"index, follow, max-snippet:-1, max-image-preview:large, max-video-preview:-1\" \/>\n<link rel=\"canonical\" href=\"https:\/\/dasa.se\/sv\/products\/\" \/>\n<meta property=\"og:locale\" content=\"sv_SE\" \/>\n<meta property=\"og:type\" content=\"article\" \/>\n<meta property=\"og:title\" content=\"Forestry Products &amp; Log Bucking Systems | Dasa\" \/>\n<meta property=\"og:description\" content=\"Long history of delivering products making complex things easier. Our softare and hardward products have worldwide applications. Discover them today\" \/>\n<meta property=\"og:url\" content=\"https:\/\/dasa.se\/sv\/products\/\" \/>\n<meta property=\"og:site_name\" content=\"Dasa: High-Performance Machine Control Systems\" \/>\n<meta property=\"article:modified_time\" content=\"2025-12-02T15:26:51+00:00\" \/>\n<meta property=\"og:image\" content=\"https:\/\/dasa.se\/wp-content\/uploads\/2024\/10\/DASA-Pattern-ny.jpg\" \/>\n\t<meta property=\"og:image:width\" content=\"2300\" \/>\n\t<meta property=\"og:image:height\" content=\"1294\" \/>\n\t<meta property=\"og:image:type\" content=\"image\/jpeg\" \/>\n<meta name=\"twitter:card\" content=\"summary_large_image\" \/>\n<meta name=\"twitter:label1\" content=\"Ber\u00e4knad l\u00e4stid\" \/>\n\t<meta name=\"twitter:data1\" content=\"1 minut\" \/>\n<script type=\"application\/ld+json\" class=\"yoast-schema-graph\">{\"@context\":\"https:\/\/schema.org\",\"@graph\":[{\"@type\":\"WebPage\",\"@id\":\"https:\/\/dasa.se\/sv\/products\/\",\"url\":\"https:\/\/dasa.se\/sv\/products\/\",\"name\":\"Forestry Products & Log Bucking Systems | Dasa\",\"isPartOf\":{\"@id\":\"https:\/\/dasa.se\/#website\"},\"primaryImageOfPage\":{\"@id\":\"https:\/\/dasa.se\/sv\/products\/#primaryimage\"},\"image\":{\"@id\":\"https:\/\/dasa.se\/sv\/products\/#primaryimage\"},\"thumbnailUrl\":\"https:\/\/dasa.se\/wp-content\/uploads\/2024\/10\/DASA-Pattern-ny.jpg\",\"datePublished\":\"2024-10-28T08:40:44+00:00\",\"dateModified\":\"2025-12-02T15:26:51+00:00\",\"description\":\"Long history of delivering products making complex things easier. Our softare and hardward products have worldwide applications. Discover them today\",\"breadcrumb\":{\"@id\":\"https:\/\/dasa.se\/sv\/products\/#breadcrumb\"},\"inLanguage\":\"sv-SE\",\"potentialAction\":[{\"@type\":\"ReadAction\",\"target\":[\"https:\/\/dasa.se\/sv\/products\/\"]}]},{\"@type\":\"ImageObject\",\"inLanguage\":\"sv-SE\",\"@id\":\"https:\/\/dasa.se\/sv\/products\/#primaryimage\",\"url\":\"https:\/\/dasa.se\/wp-content\/uploads\/2024\/10\/DASA-Pattern-ny.jpg\",\"contentUrl\":\"https:\/\/dasa.se\/wp-content\/uploads\/2024\/10\/DASA-Pattern-ny.jpg\",\"width\":2300,\"height\":1294,\"caption\":\"Bakgrundsbild\"},{\"@type\":\"BreadcrumbList\",\"@id\":\"https:\/\/dasa.se\/sv\/products\/#breadcrumb\",\"itemListElement\":[{\"@type\":\"ListItem\",\"position\":1,\"name\":\"Home\",\"item\":\"https:\/\/dasa.se\/\"},{\"@type\":\"ListItem\",\"position\":2,\"name\":\"Products\"}]},{\"@type\":\"WebSite\",\"@id\":\"https:\/\/dasa.se\/#website\",\"url\":\"https:\/\/dasa.se\/\",\"name\":\"Dasa: High-Performance Machine Control Systems\",\"description\":\"\",\"publisher\":{\"@id\":\"https:\/\/dasa.se\/#organization\"},\"potentialAction\":[{\"@type\":\"SearchAction\",\"target\":{\"@type\":\"EntryPoint\",\"urlTemplate\":\"https:\/\/dasa.se\/?s={search_term_string}\"},\"query-input\":{\"@type\":\"PropertyValueSpecification\",\"valueRequired\":true,\"valueName\":\"search_term_string\"}}],\"inLanguage\":\"sv-SE\"},{\"@type\":\"Organization\",\"@id\":\"https:\/\/dasa.se\/#organization\",\"name\":\"Dasa: High-Performance Machine Control Systems\",\"url\":\"https:\/\/dasa.se\/\",\"logo\":{\"@type\":\"ImageObject\",\"inLanguage\":\"sv-SE\",\"@id\":\"https:\/\/dasa.se\/#\/schema\/logo\/image\/\",\"url\":\"https:\/\/dasa.se\/wp-content\/uploads\/2024\/10\/logo3.png\",\"contentUrl\":\"https:\/\/dasa.se\/wp-content\/uploads\/2024\/10\/logo3.png\",\"width\":1000,\"height\":320,\"caption\":\"Dasa: High-Performance Machine Control Systems\"},\"image\":{\"@id\":\"https:\/\/dasa.se\/#\/schema\/logo\/image\/\"},\"sameAs\":[\"https:\/\/www.linkedin.com\/company\/dasa-control-systems\/\"]}]}<\/script>\n<!-- \/ Yoast SEO plugin. -->","yoast_head_json":{"title":"Skogsprodukter &amp; timmerlastningssystem | Dasa","description":"L\u00e5ng historia av att leverera produkter som g\u00f6r komplexa saker enklare. V\u00e5ra softare- och hardward-produkter anv\u00e4nds \u00f6ver hela v\u00e4rlden. Uppt\u00e4ck dem idag","robots":{"index":"index","follow":"follow","max-snippet":"max-snippet:-1","max-image-preview":"max-image-preview:large","max-video-preview":"max-video-preview:-1"},"canonical":"https:\/\/dasa.se\/sv\/products\/","og_locale":"sv_SE","og_type":"article","og_title":"Forestry Products & Log Bucking Systems | Dasa","og_description":"Long history of delivering products making complex things easier. Our softare and hardward products have worldwide applications. Discover them today","og_url":"https:\/\/dasa.se\/sv\/products\/","og_site_name":"Dasa: High-Performance Machine Control Systems","article_modified_time":"2025-12-02T15:26:51+00:00","og_image":[{"width":2300,"height":1294,"url":"https:\/\/dasa.se\/wp-content\/uploads\/2024\/10\/DASA-Pattern-ny.jpg","type":"image\/jpeg"}],"twitter_card":"summary_large_image","twitter_misc":{"Ber\u00e4knad l\u00e4stid":"1 minut"},"schema":{"@context":"https:\/\/schema.org","@graph":[{"@type":"WebPage","@id":"https:\/\/dasa.se\/sv\/products\/","url":"https:\/\/dasa.se\/sv\/products\/","name":"Skogsprodukter &amp; timmerlastningssystem | Dasa","isPartOf":{"@id":"https:\/\/dasa.se\/#website"},"primaryImageOfPage":{"@id":"https:\/\/dasa.se\/sv\/products\/#primaryimage"},"image":{"@id":"https:\/\/dasa.se\/sv\/products\/#primaryimage"},"thumbnailUrl":"https:\/\/dasa.se\/wp-content\/uploads\/2024\/10\/DASA-Pattern-ny.jpg","datePublished":"2024-10-28T08:40:44+00:00","dateModified":"2025-12-02T15:26:51+00:00","description":"L\u00e5ng historia av att leverera produkter som g\u00f6r komplexa saker enklare. V\u00e5ra softare- och hardward-produkter anv\u00e4nds \u00f6ver hela v\u00e4rlden. Uppt\u00e4ck dem idag","breadcrumb":{"@id":"https:\/\/dasa.se\/sv\/products\/#breadcrumb"},"inLanguage":"sv-SE","potentialAction":[{"@type":"ReadAction","target":["https:\/\/dasa.se\/sv\/products\/"]}]},{"@type":"ImageObject","inLanguage":"sv-SE","@id":"https:\/\/dasa.se\/sv\/products\/#primaryimage","url":"https:\/\/dasa.se\/wp-content\/uploads\/2024\/10\/DASA-Pattern-ny.jpg","contentUrl":"https:\/\/dasa.se\/wp-content\/uploads\/2024\/10\/DASA-Pattern-ny.jpg","width":2300,"height":1294,"caption":"Bakgrundsbild"},{"@type":"BreadcrumbList","@id":"https:\/\/dasa.se\/sv\/products\/#breadcrumb","itemListElement":[{"@type":"ListItem","position":1,"name":"Home","item":"https:\/\/dasa.se\/"},{"@type":"ListItem","position":2,"name":"Products"}]},{"@type":"WebSite","@id":"https:\/\/dasa.se\/#website","url":"https:\/\/dasa.se\/","name":"Dasa: Styrsystem f\u00f6r h\u00f6gpresterande maskiner","description":"","publisher":{"@id":"https:\/\/dasa.se\/#organization"},"potentialAction":[{"@type":"SearchAction","target":{"@type":"EntryPoint","urlTemplate":"https:\/\/dasa.se\/?s={search_term_string}"},"query-input":{"@type":"PropertyValueSpecification","valueRequired":true,"valueName":"search_term_string"}}],"inLanguage":"sv-SE"},{"@type":"Organization","@id":"https:\/\/dasa.se\/#organization","name":"Dasa: Styrsystem f\u00f6r h\u00f6gpresterande maskiner","url":"https:\/\/dasa.se\/","logo":{"@type":"ImageObject","inLanguage":"sv-SE","@id":"https:\/\/dasa.se\/#\/schema\/logo\/image\/","url":"https:\/\/dasa.se\/wp-content\/uploads\/2024\/10\/logo3.png","contentUrl":"https:\/\/dasa.se\/wp-content\/uploads\/2024\/10\/logo3.png","width":1000,"height":320,"caption":"Dasa: High-Performance Machine Control Systems"},"image":{"@id":"https:\/\/dasa.se\/#\/schema\/logo\/image\/"},"sameAs":["https:\/\/www.linkedin.com\/company\/dasa-control-systems\/"]}]}},"_links":{"self":[{"href":"https:\/\/dasa.se\/sv\/wp-json\/wp\/v2\/pages\/9","targetHints":{"allow":["GET"]}}],"collection":[{"href":"https:\/\/dasa.se\/sv\/wp-json\/wp\/v2\/pages"}],"about":[{"href":"https:\/\/dasa.se\/sv\/wp-json\/wp\/v2\/types\/page"}],"author":[{"embeddable":true,"href":"https:\/\/dasa.se\/sv\/wp-json\/wp\/v2\/users\/2"}],"replies":[{"embeddable":true,"href":"https:\/\/dasa.se\/sv\/wp-json\/wp\/v2\/comments?post=9"}],"version-history":[{"count":47,"href":"https:\/\/dasa.se\/sv\/wp-json\/wp\/v2\/pages\/9\/revisions"}],"predecessor-version":[{"id":2612,"href":"https:\/\/dasa.se\/sv\/wp-json\/wp\/v2\/pages\/9\/revisions\/2612"}],"wp:featuredmedia":[{"embeddable":true,"href":"https:\/\/dasa.se\/sv\/wp-json\/wp\/v2\/media\/166"}],"wp:attachment":[{"href":"https:\/\/dasa.se\/sv\/wp-json\/wp\/v2\/media?parent=9"}],"curies":[{"name":"wp","href":"https:\/\/api.w.org\/{rel}","templated":true}]}}