{"id":1265,"date":"2024-11-25T12:45:00","date_gmt":"2024-11-25T12:45:00","guid":{"rendered":"https:\/\/eznpp.beeweb-orange.io\/?post_type=product&#038;p=1265"},"modified":"2026-03-31T11:30:28","modified_gmt":"2026-03-31T11:30:28","slug":"esx-4cl","status":"publish","type":"product","link":"https:\/\/dasa.se\/sv\/produkt\/esx-4cl\/","title":{"rendered":"ESX 4CL styrenhet"},"content":{"rendered":"<p>ESX 4CL har en processor med tre k\u00e4rnor (Infineon AurixTM). Med fyra CAN-bussgr\u00e4nssnitt och tv\u00e5 hanterade Ethernet-switchar, med tre 100 Mbit\/s Ethernet-portar, en 1Gbit\/s Ethernet-port och tv\u00e5 BroadR-Reach\u00ae-portar, har ESX 4CL utm\u00e4rkta m\u00f6jligheter att skapa n\u00e4tverk med andra systemkomponenter. De inbyggda Ethernet-switcharna m\u00f6jligg\u00f6r utbyte av stora datam\u00e4ngder utan att p\u00e5verka styrenhetens processorprestanda. 60 fritt konfigurerbara analoga och digitala multifunktionsing\u00e5ngar s\u00e4kerst\u00e4ller effektiv avl\u00e4sning och bearbetning av en m\u00e4ngd olika signaltyper (inklusive SENT-funktionalitet).<\/p>\n<p>Anv\u00e4ndaren kan v\u00e4lja mellan programmerbara och fasta matningssp\u00e4nningar mellan 5 och 12 V f\u00f6r anslutna givare. Totalt 53 utg\u00e5ngar, low-side och high-side, ger upp till 4 A per kanal, beroende p\u00e5 konfiguration. Anslutna komponenter och st\u00e4lldon kan str\u00f6mf\u00f6rs\u00f6rjas med en h\u00f6g grad av flexibilitet och \u00e4ven \u00f6vervakas. En andra avst\u00e4ngningsv\u00e4g kopplar vid behov bort utg\u00e5ngarna p\u00e5 ESX.4cl p\u00e5 ett s\u00e4kert och tillf\u00f6rlitligt s\u00e4tt. F\u00f6r s\u00e4kerhetsinriktade applikationer \u00e4r denna n\u00f6davst\u00e4ngningsv\u00e4g obligatorisk.<\/p>\n<p>Precis som p\u00e5 alla ESX-styrenheter visar en system-LED och en programmerbar LED styrenhetens status.<\/p>","protected":false},"excerpt":{"rendered":"<p>Den kompakta och kraftfulla elektroniska styrenheten ESX 4CL \u00e4r flaggskeppet bland styrenheterna. Den erbjuder omfattande funktionalitet i ett mycket kompakt och robust h\u00f6lje av pressgjuten aluminium.<\/p>","protected":false},"featured_media":1266,"template":"","meta":[],"product_brand":[],"product_cat":[56],"product_tag":[],"class_list":{"0":"post-1265","1":"product","2":"type-product","3":"status-publish","4":"has-post-thumbnail","6":"product_cat-controllers","8":"first","9":"instock","10":"shipping-taxable","11":"product-type-simple"},"yoast_head":"<!-- This site is optimized with the Yoast SEO plugin v26.7 - https:\/\/yoast.com\/wordpress\/plugins\/seo\/ -->\n<title>ESX 4CL Controller \u2013 High-Performance Forestry Control | Dasa<\/title>\n<meta name=\"description\" content=\"Get high-performance machine control with the ESX 4CL Controller. Designed for advanced forestry operations requiring power and reliability. Explore the features!\" \/>\n<meta name=\"robots\" content=\"index, follow, max-snippet:-1, max-image-preview:large, max-video-preview:-1\" \/>\n<link rel=\"canonical\" href=\"https:\/\/dasa.se\/sv\/produkt\/esx-4cl\/\" \/>\n<meta property=\"og:locale\" content=\"sv_SE\" \/>\n<meta property=\"og:type\" content=\"article\" \/>\n<meta property=\"og:title\" content=\"ESX 4CL Controller \u2013 High-Performance Forestry Control | Dasa\" \/>\n<meta property=\"og:description\" content=\"Get high-performance machine control with the ESX 4CL Controller. Designed for advanced forestry operations requiring power and reliability. Explore the features!\" \/>\n<meta property=\"og:url\" content=\"https:\/\/dasa.se\/sv\/produkt\/esx-4cl\/\" \/>\n<meta property=\"og:site_name\" content=\"Dasa: High-Performance Machine Control Systems\" \/>\n<meta property=\"article:modified_time\" content=\"2026-03-31T11:30:28+00:00\" \/>\n<meta property=\"og:image\" content=\"https:\/\/dasa.se\/wp-content\/uploads\/2024\/11\/ESX.4cl-scaled.jpg\" \/>\n\t<meta property=\"og:image:width\" content=\"2560\" \/>\n\t<meta property=\"og:image:height\" content=\"1707\" \/>\n\t<meta property=\"og:image:type\" content=\"image\/jpeg\" \/>\n<meta name=\"twitter:card\" content=\"summary_large_image\" \/>\n<meta name=\"twitter:label1\" content=\"Ber\u00e4knad l\u00e4stid\" \/>\n\t<meta name=\"twitter:data1\" content=\"1 minut\" \/>\n<script type=\"application\/ld+json\" class=\"yoast-schema-graph\">{\"@context\":\"https:\/\/schema.org\",\"@graph\":[{\"@type\":[\"WebPage\",\"ItemPage\"],\"@id\":\"https:\/\/dasa.se\/product\/esx-4cl\/\",\"url\":\"https:\/\/dasa.se\/product\/esx-4cl\/\",\"name\":\"ESX 4CL Controller \u2013 High-Performance Forestry Control | Dasa\",\"isPartOf\":{\"@id\":\"https:\/\/dasa.se\/#website\"},\"primaryImageOfPage\":{\"@id\":\"https:\/\/dasa.se\/product\/esx-4cl\/#primaryimage\"},\"image\":{\"@id\":\"https:\/\/dasa.se\/product\/esx-4cl\/#primaryimage\"},\"thumbnailUrl\":\"https:\/\/dasa.se\/wp-content\/uploads\/2024\/11\/ESX.4cl-scaled.jpg\",\"datePublished\":\"2024-11-25T12:45:00+00:00\",\"dateModified\":\"2026-03-31T11:30:28+00:00\",\"description\":\"Get high-performance machine control with the ESX 4CL Controller. Designed for advanced forestry operations requiring power and reliability. Explore the features!\",\"breadcrumb\":{\"@id\":\"https:\/\/dasa.se\/product\/esx-4cl\/#breadcrumb\"},\"inLanguage\":\"sv-SE\",\"potentialAction\":[{\"@type\":\"ReadAction\",\"target\":[\"https:\/\/dasa.se\/product\/esx-4cl\/\"]}]},{\"@type\":\"ImageObject\",\"inLanguage\":\"sv-SE\",\"@id\":\"https:\/\/dasa.se\/product\/esx-4cl\/#primaryimage\",\"url\":\"https:\/\/dasa.se\/wp-content\/uploads\/2024\/11\/ESX.4cl-scaled.jpg\",\"contentUrl\":\"https:\/\/dasa.se\/wp-content\/uploads\/2024\/11\/ESX.4cl-scaled.jpg\",\"width\":2560,\"height\":1707,\"caption\":\"Close-up of a rectangular silver automotive electronic control unit with cooling fins and three black multi-pin connector sockets, published on www.dasa.se.\"},{\"@type\":\"BreadcrumbList\",\"@id\":\"https:\/\/dasa.se\/product\/esx-4cl\/#breadcrumb\",\"itemListElement\":[{\"@type\":\"ListItem\",\"position\":1,\"name\":\"Home\",\"item\":\"https:\/\/dasa.se\/\"},{\"@type\":\"ListItem\",\"position\":2,\"name\":\"do not remove!\",\"item\":\"https:\/\/dasa.se\/?page_id=876\"},{\"@type\":\"ListItem\",\"position\":3,\"name\":\"ESX 4CL Control Unit\"}]},{\"@type\":\"WebSite\",\"@id\":\"https:\/\/dasa.se\/#website\",\"url\":\"https:\/\/dasa.se\/\",\"name\":\"Dasa: High-Performance Machine Control Systems\",\"description\":\"\",\"publisher\":{\"@id\":\"https:\/\/dasa.se\/#organization\"},\"potentialAction\":[{\"@type\":\"SearchAction\",\"target\":{\"@type\":\"EntryPoint\",\"urlTemplate\":\"https:\/\/dasa.se\/?s={search_term_string}\"},\"query-input\":{\"@type\":\"PropertyValueSpecification\",\"valueRequired\":true,\"valueName\":\"search_term_string\"}}],\"inLanguage\":\"sv-SE\"},{\"@type\":\"Organization\",\"@id\":\"https:\/\/dasa.se\/#organization\",\"name\":\"Dasa: High-Performance Machine Control Systems\",\"url\":\"https:\/\/dasa.se\/\",\"logo\":{\"@type\":\"ImageObject\",\"inLanguage\":\"sv-SE\",\"@id\":\"https:\/\/dasa.se\/#\/schema\/logo\/image\/\",\"url\":\"https:\/\/dasa.se\/wp-content\/uploads\/2024\/10\/logo3.png\",\"contentUrl\":\"https:\/\/dasa.se\/wp-content\/uploads\/2024\/10\/logo3.png\",\"width\":1000,\"height\":320,\"caption\":\"Dasa: High-Performance Machine Control Systems\"},\"image\":{\"@id\":\"https:\/\/dasa.se\/#\/schema\/logo\/image\/\"},\"sameAs\":[\"https:\/\/www.linkedin.com\/company\/dasa-control-systems\/\"]}]}<\/script>\n<!-- \/ Yoast SEO plugin. -->","yoast_head_json":{"title":"ESX 4CL Controller - H\u00f6gpresterande styrning f\u00f6r skogsbruk | Dasa","description":"F\u00e5 h\u00f6gpresterande maskinkontroll med ESX 4CL-kontrollenheten. Designad f\u00f6r avancerade skogsbruksoperationer som kr\u00e4ver kraft och p\u00e5litlighet. Utforska funktionerna!","robots":{"index":"index","follow":"follow","max-snippet":"max-snippet:-1","max-image-preview":"max-image-preview:large","max-video-preview":"max-video-preview:-1"},"canonical":"https:\/\/dasa.se\/sv\/produkt\/esx-4cl\/","og_locale":"sv_SE","og_type":"article","og_title":"ESX 4CL Controller \u2013 High-Performance Forestry Control | Dasa","og_description":"Get high-performance machine control with the ESX 4CL Controller. Designed for advanced forestry operations requiring power and reliability. Explore the features!","og_url":"https:\/\/dasa.se\/sv\/produkt\/esx-4cl\/","og_site_name":"Dasa: High-Performance Machine Control Systems","article_modified_time":"2026-03-31T11:30:28+00:00","og_image":[{"width":2560,"height":1707,"url":"https:\/\/dasa.se\/wp-content\/uploads\/2024\/11\/ESX.4cl-scaled.jpg","type":"image\/jpeg"}],"twitter_card":"summary_large_image","twitter_misc":{"Ber\u00e4knad l\u00e4stid":"1 minut"},"schema":{"@context":"https:\/\/schema.org","@graph":[{"@type":["WebPage","ItemPage"],"@id":"https:\/\/dasa.se\/product\/esx-4cl\/","url":"https:\/\/dasa.se\/product\/esx-4cl\/","name":"ESX 4CL Controller - H\u00f6gpresterande styrning f\u00f6r skogsbruk | Dasa","isPartOf":{"@id":"https:\/\/dasa.se\/#website"},"primaryImageOfPage":{"@id":"https:\/\/dasa.se\/product\/esx-4cl\/#primaryimage"},"image":{"@id":"https:\/\/dasa.se\/product\/esx-4cl\/#primaryimage"},"thumbnailUrl":"https:\/\/dasa.se\/wp-content\/uploads\/2024\/11\/ESX.4cl-scaled.jpg","datePublished":"2024-11-25T12:45:00+00:00","dateModified":"2026-03-31T11:30:28+00:00","description":"F\u00e5 h\u00f6gpresterande maskinkontroll med ESX 4CL-kontrollenheten. Designad f\u00f6r avancerade skogsbruksoperationer som kr\u00e4ver kraft och p\u00e5litlighet. Utforska funktionerna!","breadcrumb":{"@id":"https:\/\/dasa.se\/product\/esx-4cl\/#breadcrumb"},"inLanguage":"sv-SE","potentialAction":[{"@type":"ReadAction","target":["https:\/\/dasa.se\/product\/esx-4cl\/"]}]},{"@type":"ImageObject","inLanguage":"sv-SE","@id":"https:\/\/dasa.se\/product\/esx-4cl\/#primaryimage","url":"https:\/\/dasa.se\/wp-content\/uploads\/2024\/11\/ESX.4cl-scaled.jpg","contentUrl":"https:\/\/dasa.se\/wp-content\/uploads\/2024\/11\/ESX.4cl-scaled.jpg","width":2560,"height":1707,"caption":"Close-up of a rectangular silver automotive electronic control unit with cooling fins and three black multi-pin connector sockets, published on www.dasa.se."},{"@type":"BreadcrumbList","@id":"https:\/\/dasa.se\/product\/esx-4cl\/#breadcrumb","itemListElement":[{"@type":"ListItem","position":1,"name":"Home","item":"https:\/\/dasa.se\/"},{"@type":"ListItem","position":2,"name":"do not remove!","item":"https:\/\/dasa.se\/?page_id=876"},{"@type":"ListItem","position":3,"name":"ESX 4CL Control Unit"}]},{"@type":"WebSite","@id":"https:\/\/dasa.se\/#website","url":"https:\/\/dasa.se\/","name":"Dasa: Styrsystem f\u00f6r h\u00f6gpresterande maskiner","description":"","publisher":{"@id":"https:\/\/dasa.se\/#organization"},"potentialAction":[{"@type":"SearchAction","target":{"@type":"EntryPoint","urlTemplate":"https:\/\/dasa.se\/?s={search_term_string}"},"query-input":{"@type":"PropertyValueSpecification","valueRequired":true,"valueName":"search_term_string"}}],"inLanguage":"sv-SE"},{"@type":"Organization","@id":"https:\/\/dasa.se\/#organization","name":"Dasa: Styrsystem f\u00f6r h\u00f6gpresterande maskiner","url":"https:\/\/dasa.se\/","logo":{"@type":"ImageObject","inLanguage":"sv-SE","@id":"https:\/\/dasa.se\/#\/schema\/logo\/image\/","url":"https:\/\/dasa.se\/wp-content\/uploads\/2024\/10\/logo3.png","contentUrl":"https:\/\/dasa.se\/wp-content\/uploads\/2024\/10\/logo3.png","width":1000,"height":320,"caption":"Dasa: High-Performance Machine Control Systems"},"image":{"@id":"https:\/\/dasa.se\/#\/schema\/logo\/image\/"},"sameAs":["https:\/\/www.linkedin.com\/company\/dasa-control-systems\/"]}]}},"_links":{"self":[{"href":"https:\/\/dasa.se\/sv\/wp-json\/wp\/v2\/product\/1265","targetHints":{"allow":["GET"]}}],"collection":[{"href":"https:\/\/dasa.se\/sv\/wp-json\/wp\/v2\/product"}],"about":[{"href":"https:\/\/dasa.se\/sv\/wp-json\/wp\/v2\/types\/product"}],"wp:featuredmedia":[{"embeddable":true,"href":"https:\/\/dasa.se\/sv\/wp-json\/wp\/v2\/media\/1266"}],"wp:attachment":[{"href":"https:\/\/dasa.se\/sv\/wp-json\/wp\/v2\/media?parent=1265"}],"wp:term":[{"taxonomy":"product_brand","embeddable":true,"href":"https:\/\/dasa.se\/sv\/wp-json\/wp\/v2\/product_brand?post=1265"},{"taxonomy":"product_cat","embeddable":true,"href":"https:\/\/dasa.se\/sv\/wp-json\/wp\/v2\/product_cat?post=1265"},{"taxonomy":"product_tag","embeddable":true,"href":"https:\/\/dasa.se\/sv\/wp-json\/wp\/v2\/product_tag?post=1265"}],"curies":[{"name":"wp","href":"https:\/\/api.w.org\/{rel}","templated":true}]}}