{"id":1305,"date":"2024-11-26T11:35:18","date_gmt":"2024-11-26T11:35:18","guid":{"rendered":"https:\/\/eznpp.beeweb-orange.io\/?post_type=product&#038;p=1305"},"modified":"2025-11-24T14:50:25","modified_gmt":"2025-11-24T14:50:25","slug":"esx-mbc","status":"publish","type":"product","link":"https:\/\/dasa.se\/sv\/produkt\/esx-mbc\/","title":{"rendered":"ESX MBC I\/O-enhet"},"content":{"rendered":"<p>ESX MBC \u00e4r en J1939-st\u00f6dmodul f\u00f6r styrning av elmotorer och andra h\u00f6gstr\u00f6msst\u00e4lldon i effektomr\u00e5det upp till ca 200 W, vilket \u00e4r v\u00e4l l\u00e4mpat f\u00f6r tuffa krav inom skogs-, jordbruks- och anl\u00e4ggningsmaskiner. Modulen har fyra snabba PWM-halvbryggor (vardera 10A) med str\u00f6mm\u00e4tning och ytterligare tv\u00e5 digitala effektutg\u00e5ngar (vardera 4A). Varje par halvbryggor och en digital utg\u00e5ng hanteras via ett separat s\u00e4kerhetsrel\u00e4 (max 15 A). ESX MBC har fyra multifunktionella ing\u00e5ngar, en identifieringsing\u00e5ng, en l\u00e5geffektsdigital utg\u00e5ng och en stabiliserad str\u00f6mf\u00f6rs\u00f6rjning f\u00f6r sensorer. Alla analoga signaler m\u00e4ts med 12-bitars uppl\u00f6sning.<\/p>","protected":false},"excerpt":{"rendered":"<p>ESX MBC, en 32-bitars I\/O-expansionsmodul f\u00f6r h\u00f6gre uteffekt.<\/p>","protected":false},"featured_media":1306,"template":"","meta":[],"product_brand":[],"product_cat":[52],"product_tag":[],"class_list":{"0":"post-1305","1":"product","2":"type-product","3":"status-publish","4":"has-post-thumbnail","6":"product_cat-i-o-units","8":"first","9":"instock","10":"shipping-taxable","11":"product-type-simple"},"yoast_head":"<!-- This site is optimized with the Yoast SEO plugin v26.7 - https:\/\/yoast.com\/wordpress\/plugins\/seo\/ -->\n<title>ESX MBC I\/O-unit \u2013 High-Power Forestry Expansion Module<\/title>\n<meta name=\"robots\" content=\"index, follow, max-snippet:-1, max-image-preview:large, max-video-preview:-1\" \/>\n<link rel=\"canonical\" href=\"https:\/\/dasa.se\/sv\/produkt\/esx-mbc\/\" \/>\n<meta property=\"og:locale\" content=\"sv_SE\" \/>\n<meta property=\"og:type\" content=\"article\" \/>\n<meta property=\"og:title\" content=\"ESX MBC I\/O-unit \u2013 High-Power Forestry Expansion Module\" \/>\n<meta property=\"og:description\" content=\"ESX MBC, a 32-bit I\/O expansion module for higher power outputs.\" \/>\n<meta property=\"og:url\" content=\"https:\/\/dasa.se\/sv\/produkt\/esx-mbc\/\" \/>\n<meta property=\"og:site_name\" content=\"Dasa: High-Performance Machine Control Systems\" \/>\n<meta property=\"article:modified_time\" content=\"2025-11-24T14:50:25+00:00\" \/>\n<meta property=\"og:image\" content=\"https:\/\/dasa.se\/wp-content\/uploads\/2024\/11\/ESX-MBC-1-scaled.jpg\" \/>\n\t<meta property=\"og:image:width\" content=\"2560\" \/>\n\t<meta property=\"og:image:height\" content=\"1707\" \/>\n\t<meta property=\"og:image:type\" content=\"image\/jpeg\" \/>\n<meta name=\"twitter:card\" content=\"summary_large_image\" \/>\n<meta name=\"twitter:label1\" content=\"Ber\u00e4knad l\u00e4stid\" \/>\n\t<meta name=\"twitter:data1\" content=\"1 minut\" \/>\n<script type=\"application\/ld+json\" class=\"yoast-schema-graph\">{\"@context\":\"https:\/\/schema.org\",\"@graph\":[{\"@type\":[\"WebPage\",\"ItemPage\"],\"@id\":\"https:\/\/dasa.se\/sv\/produkt\/esx-mbc\/\",\"url\":\"https:\/\/dasa.se\/sv\/produkt\/esx-mbc\/\",\"name\":\"ESX MBC I\/O-unit \u2013 High-Power Forestry Expansion Module\",\"isPartOf\":{\"@id\":\"https:\/\/dasa.se\/#website\"},\"primaryImageOfPage\":{\"@id\":\"https:\/\/dasa.se\/sv\/produkt\/esx-mbc\/#primaryimage\"},\"image\":{\"@id\":\"https:\/\/dasa.se\/sv\/produkt\/esx-mbc\/#primaryimage\"},\"thumbnailUrl\":\"https:\/\/dasa.se\/wp-content\/uploads\/2024\/11\/ESX-MBC-1-scaled.jpg\",\"datePublished\":\"2024-11-26T11:35:18+00:00\",\"dateModified\":\"2025-11-24T14:50:25+00:00\",\"breadcrumb\":{\"@id\":\"https:\/\/dasa.se\/sv\/produkt\/esx-mbc\/#breadcrumb\"},\"inLanguage\":\"sv-SE\",\"potentialAction\":[{\"@type\":\"ReadAction\",\"target\":[\"https:\/\/dasa.se\/sv\/produkt\/esx-mbc\/\"]}]},{\"@type\":\"ImageObject\",\"inLanguage\":\"sv-SE\",\"@id\":\"https:\/\/dasa.se\/sv\/produkt\/esx-mbc\/#primaryimage\",\"url\":\"https:\/\/dasa.se\/wp-content\/uploads\/2024\/11\/ESX-MBC-1-scaled.jpg\",\"contentUrl\":\"https:\/\/dasa.se\/wp-content\/uploads\/2024\/11\/ESX-MBC-1-scaled.jpg\",\"width\":2560,\"height\":1707,\"caption\":\"Black rectangular electronic control unit with a multi-pin plug connector and mounting eyelet, photographed on a light gray background and published on www.dasa.se.\"},{\"@type\":\"BreadcrumbList\",\"@id\":\"https:\/\/dasa.se\/sv\/produkt\/esx-mbc\/#breadcrumb\",\"itemListElement\":[{\"@type\":\"ListItem\",\"position\":1,\"name\":\"Home\",\"item\":\"https:\/\/dasa.se\/\"},{\"@type\":\"ListItem\",\"position\":2,\"name\":\"do not remove!\",\"item\":\"https:\/\/dasa.se\/?page_id=876\"},{\"@type\":\"ListItem\",\"position\":3,\"name\":\"ESX MBC I\/O-unit\"}]},{\"@type\":\"WebSite\",\"@id\":\"https:\/\/dasa.se\/#website\",\"url\":\"https:\/\/dasa.se\/\",\"name\":\"Dasa: High-Performance Machine Control Systems\",\"description\":\"\",\"publisher\":{\"@id\":\"https:\/\/dasa.se\/#organization\"},\"potentialAction\":[{\"@type\":\"SearchAction\",\"target\":{\"@type\":\"EntryPoint\",\"urlTemplate\":\"https:\/\/dasa.se\/?s={search_term_string}\"},\"query-input\":{\"@type\":\"PropertyValueSpecification\",\"valueRequired\":true,\"valueName\":\"search_term_string\"}}],\"inLanguage\":\"sv-SE\"},{\"@type\":\"Organization\",\"@id\":\"https:\/\/dasa.se\/#organization\",\"name\":\"Dasa: High-Performance Machine Control Systems\",\"url\":\"https:\/\/dasa.se\/\",\"logo\":{\"@type\":\"ImageObject\",\"inLanguage\":\"sv-SE\",\"@id\":\"https:\/\/dasa.se\/#\/schema\/logo\/image\/\",\"url\":\"https:\/\/dasa.se\/wp-content\/uploads\/2024\/10\/logo3.png\",\"contentUrl\":\"https:\/\/dasa.se\/wp-content\/uploads\/2024\/10\/logo3.png\",\"width\":1000,\"height\":320,\"caption\":\"Dasa: High-Performance Machine Control Systems\"},\"image\":{\"@id\":\"https:\/\/dasa.se\/#\/schema\/logo\/image\/\"},\"sameAs\":[\"https:\/\/www.linkedin.com\/company\/dasa-control-systems\/\"]}]}<\/script>\n<!-- \/ Yoast SEO plugin. -->","yoast_head_json":{"title":"ESX MBC I\/O-enhet - Expansionsmodul f\u00f6r skogsbruk med h\u00f6g effekt","robots":{"index":"index","follow":"follow","max-snippet":"max-snippet:-1","max-image-preview":"max-image-preview:large","max-video-preview":"max-video-preview:-1"},"canonical":"https:\/\/dasa.se\/sv\/produkt\/esx-mbc\/","og_locale":"sv_SE","og_type":"article","og_title":"ESX MBC I\/O-unit \u2013 High-Power Forestry Expansion Module","og_description":"ESX MBC, a 32-bit I\/O expansion module for higher power outputs.","og_url":"https:\/\/dasa.se\/sv\/produkt\/esx-mbc\/","og_site_name":"Dasa: High-Performance Machine Control Systems","article_modified_time":"2025-11-24T14:50:25+00:00","og_image":[{"width":2560,"height":1707,"url":"https:\/\/dasa.se\/wp-content\/uploads\/2024\/11\/ESX-MBC-1-scaled.jpg","type":"image\/jpeg"}],"twitter_card":"summary_large_image","twitter_misc":{"Ber\u00e4knad l\u00e4stid":"1 minut"},"schema":{"@context":"https:\/\/schema.org","@graph":[{"@type":["WebPage","ItemPage"],"@id":"https:\/\/dasa.se\/sv\/produkt\/esx-mbc\/","url":"https:\/\/dasa.se\/sv\/produkt\/esx-mbc\/","name":"ESX MBC I\/O-enhet - Expansionsmodul f\u00f6r skogsbruk med h\u00f6g effekt","isPartOf":{"@id":"https:\/\/dasa.se\/#website"},"primaryImageOfPage":{"@id":"https:\/\/dasa.se\/sv\/produkt\/esx-mbc\/#primaryimage"},"image":{"@id":"https:\/\/dasa.se\/sv\/produkt\/esx-mbc\/#primaryimage"},"thumbnailUrl":"https:\/\/dasa.se\/wp-content\/uploads\/2024\/11\/ESX-MBC-1-scaled.jpg","datePublished":"2024-11-26T11:35:18+00:00","dateModified":"2025-11-24T14:50:25+00:00","breadcrumb":{"@id":"https:\/\/dasa.se\/sv\/produkt\/esx-mbc\/#breadcrumb"},"inLanguage":"sv-SE","potentialAction":[{"@type":"ReadAction","target":["https:\/\/dasa.se\/sv\/produkt\/esx-mbc\/"]}]},{"@type":"ImageObject","inLanguage":"sv-SE","@id":"https:\/\/dasa.se\/sv\/produkt\/esx-mbc\/#primaryimage","url":"https:\/\/dasa.se\/wp-content\/uploads\/2024\/11\/ESX-MBC-1-scaled.jpg","contentUrl":"https:\/\/dasa.se\/wp-content\/uploads\/2024\/11\/ESX-MBC-1-scaled.jpg","width":2560,"height":1707,"caption":"Black rectangular electronic control unit with a multi-pin plug connector and mounting eyelet, photographed on a light gray background and published on www.dasa.se."},{"@type":"BreadcrumbList","@id":"https:\/\/dasa.se\/sv\/produkt\/esx-mbc\/#breadcrumb","itemListElement":[{"@type":"ListItem","position":1,"name":"Home","item":"https:\/\/dasa.se\/"},{"@type":"ListItem","position":2,"name":"do not remove!","item":"https:\/\/dasa.se\/?page_id=876"},{"@type":"ListItem","position":3,"name":"ESX MBC I\/O-unit"}]},{"@type":"WebSite","@id":"https:\/\/dasa.se\/#website","url":"https:\/\/dasa.se\/","name":"Dasa: Styrsystem f\u00f6r h\u00f6gpresterande maskiner","description":"","publisher":{"@id":"https:\/\/dasa.se\/#organization"},"potentialAction":[{"@type":"SearchAction","target":{"@type":"EntryPoint","urlTemplate":"https:\/\/dasa.se\/?s={search_term_string}"},"query-input":{"@type":"PropertyValueSpecification","valueRequired":true,"valueName":"search_term_string"}}],"inLanguage":"sv-SE"},{"@type":"Organization","@id":"https:\/\/dasa.se\/#organization","name":"Dasa: Styrsystem f\u00f6r h\u00f6gpresterande maskiner","url":"https:\/\/dasa.se\/","logo":{"@type":"ImageObject","inLanguage":"sv-SE","@id":"https:\/\/dasa.se\/#\/schema\/logo\/image\/","url":"https:\/\/dasa.se\/wp-content\/uploads\/2024\/10\/logo3.png","contentUrl":"https:\/\/dasa.se\/wp-content\/uploads\/2024\/10\/logo3.png","width":1000,"height":320,"caption":"Dasa: High-Performance Machine Control Systems"},"image":{"@id":"https:\/\/dasa.se\/#\/schema\/logo\/image\/"},"sameAs":["https:\/\/www.linkedin.com\/company\/dasa-control-systems\/"]}]}},"_links":{"self":[{"href":"https:\/\/dasa.se\/sv\/wp-json\/wp\/v2\/product\/1305","targetHints":{"allow":["GET"]}}],"collection":[{"href":"https:\/\/dasa.se\/sv\/wp-json\/wp\/v2\/product"}],"about":[{"href":"https:\/\/dasa.se\/sv\/wp-json\/wp\/v2\/types\/product"}],"wp:featuredmedia":[{"embeddable":true,"href":"https:\/\/dasa.se\/sv\/wp-json\/wp\/v2\/media\/1306"}],"wp:attachment":[{"href":"https:\/\/dasa.se\/sv\/wp-json\/wp\/v2\/media?parent=1305"}],"wp:term":[{"taxonomy":"product_brand","embeddable":true,"href":"https:\/\/dasa.se\/sv\/wp-json\/wp\/v2\/product_brand?post=1305"},{"taxonomy":"product_cat","embeddable":true,"href":"https:\/\/dasa.se\/sv\/wp-json\/wp\/v2\/product_cat?post=1305"},{"taxonomy":"product_tag","embeddable":true,"href":"https:\/\/dasa.se\/sv\/wp-json\/wp\/v2\/product_tag?post=1305"}],"curies":[{"name":"wp","href":"https:\/\/api.w.org\/{rel}","templated":true}]}}