{"id":1313,"date":"2024-11-26T12:13:10","date_gmt":"2024-11-26T12:13:10","guid":{"rendered":"https:\/\/eznpp.beeweb-orange.io\/?post_type=product&#038;p=1313"},"modified":"2025-11-24T14:58:42","modified_gmt":"2025-11-24T14:58:42","slug":"f02-safety-pressure-sensor","status":"publish","type":"product","link":"https:\/\/dasa.se\/sv\/produkt\/f02-safety-pressure-sensor\/","title":{"rendered":"F02 S\u00e4kerhetstryckgivare"},"content":{"rendered":"<p>F02 har konstruerats f\u00f6r anv\u00e4ndning i system som kr\u00e4ver en trycktransmitter med funktionell s\u00e4kerhet. Den \u00e4r baserad p\u00e5 den bepr\u00f6vade typen M01 och har en tunnfilmsm\u00e4tcell av rostfritt st\u00e5l som svetsas ihop med tryckgivaren och d\u00e4rmed garanterar h\u00f6g mediekompatibilitet.<\/p>\n<p>F02 safety finns f\u00f6r tryckomr\u00e5den upp till 1.200 bar. Sensorsignalen \u00e4r tillg\u00e4nglig via tv\u00e5 parallella utg\u00e5ngar, d\u00e4r den andra utg\u00e5ngen representerar en inverterad signal. Anv\u00e4ndarna kan v\u00e4lja mellan en ratiometrisk och en 4-20-mA utg\u00e5ng i tretr\u00e5dsteknik. Tack vare den tv\u00e5kanaliga arkitekturen \u00e4r det m\u00f6jligt f\u00f6r en nedstr\u00f6ms styrenhet att inte bara kontrollera funktionaliteten hos F02 Safety, utan \u00e4ven att \u00f6vervaka signalv\u00e4gen. Detta m\u00f6jligg\u00f6r anv\u00e4ndning i s\u00e4kerhetsrelevanta applikationer som kr\u00e4ver Performance Level PL d, AgPL d eller SIL 2.<\/p>\n<p>Det maximalt till\u00e5tna temperaturomr\u00e5det f\u00f6r media str\u00e4cker sig fr\u00e5n -40...+125 \u00b0C. Den totala noggrannheten inom det kompenserade omr\u00e5det 0...+80 \u00b0C ligger p\u00e5 &lt;= 1 % FS. St\u00f6rsta m\u00f6jliga flexibilitet vid integrering i en befintlig maskin s\u00e4kerst\u00e4lls genom en m\u00e4ngd tillg\u00e4ngliga tryckanslutningar samt den lilla konstruktionen. Den elektriska kontakten sker antingen via en 5-polig M12- eller en Deutsch DT04-kontakt.<\/p>","protected":false},"excerpt":{"rendered":"<p>F02 \u00e4r baserad p\u00e5 den bepr\u00f6vade och testade typen M01. F02 \u00e4r konstruerad f\u00f6r s\u00e4kerhetsrelevanta applikationer som kr\u00e4ver prestandaniv\u00e5 PL d, AgPL d eller SIL 2.<\/p>","protected":false},"featured_media":1314,"template":"","meta":[],"product_brand":[],"product_cat":[66],"product_tag":[],"class_list":{"0":"post-1313","1":"product","2":"type-product","3":"status-publish","4":"has-post-thumbnail","6":"product_cat-pressure-sensors","8":"first","9":"instock","10":"shipping-taxable","11":"product-type-simple"},"yoast_head":"<!-- This site is optimized with the Yoast SEO plugin v26.7 - https:\/\/yoast.com\/wordpress\/plugins\/seo\/ -->\n<title>F02 Safety Pressure Sensor \u2013 For Forestry Safety | Dasa<\/title>\n<meta name=\"robots\" content=\"index, follow, max-snippet:-1, max-image-preview:large, max-video-preview:-1\" \/>\n<link rel=\"canonical\" href=\"https:\/\/dasa.se\/sv\/produkt\/f02-safety-pressure-sensor\/\" \/>\n<meta property=\"og:locale\" content=\"sv_SE\" \/>\n<meta property=\"og:type\" content=\"article\" \/>\n<meta property=\"og:title\" content=\"F02 Safety Pressure Sensor \u2013 For Forestry Safety | Dasa\" \/>\n<meta property=\"og:description\" content=\"F02 is based on the tried and tested type M01. F02 is designed for safety-relevant applications, which require a Performance Level PL d, AgPL d or SIL 2.\" \/>\n<meta property=\"og:url\" content=\"https:\/\/dasa.se\/sv\/produkt\/f02-safety-pressure-sensor\/\" \/>\n<meta property=\"og:site_name\" content=\"Dasa: High-Performance Machine Control Systems\" \/>\n<meta property=\"article:modified_time\" content=\"2025-11-24T14:58:42+00:00\" \/>\n<meta property=\"og:image\" content=\"https:\/\/dasa.se\/wp-content\/uploads\/2024\/11\/F02_STW.jpg\" \/>\n\t<meta property=\"og:image:width\" content=\"381\" \/>\n\t<meta property=\"og:image:height\" content=\"337\" \/>\n\t<meta property=\"og:image:type\" content=\"image\/jpeg\" \/>\n<meta name=\"twitter:card\" content=\"summary_large_image\" \/>\n<meta name=\"twitter:label1\" content=\"Ber\u00e4knad l\u00e4stid\" \/>\n\t<meta name=\"twitter:data1\" content=\"2 minuter\" \/>\n<script type=\"application\/ld+json\" class=\"yoast-schema-graph\">{\"@context\":\"https:\/\/schema.org\",\"@graph\":[{\"@type\":[\"WebPage\",\"ItemPage\"],\"@id\":\"https:\/\/dasa.se\/fi\/product\/f02-safety-pressure-sensor\/\",\"url\":\"https:\/\/dasa.se\/fi\/product\/f02-safety-pressure-sensor\/\",\"name\":\"F02 Safety Pressure Sensor \u2013 For Forestry Safety | Dasa\",\"isPartOf\":{\"@id\":\"https:\/\/dasa.se\/#website\"},\"primaryImageOfPage\":{\"@id\":\"https:\/\/dasa.se\/fi\/product\/f02-safety-pressure-sensor\/#primaryimage\"},\"image\":{\"@id\":\"https:\/\/dasa.se\/fi\/product\/f02-safety-pressure-sensor\/#primaryimage\"},\"thumbnailUrl\":\"https:\/\/dasa.se\/wp-content\/uploads\/2024\/11\/F02_STW.jpg\",\"datePublished\":\"2024-11-26T12:13:10+00:00\",\"dateModified\":\"2025-11-24T14:58:42+00:00\",\"breadcrumb\":{\"@id\":\"https:\/\/dasa.se\/fi\/product\/f02-safety-pressure-sensor\/#breadcrumb\"},\"inLanguage\":\"sv-SE\",\"potentialAction\":[{\"@type\":\"ReadAction\",\"target\":[\"https:\/\/dasa.se\/fi\/product\/f02-safety-pressure-sensor\/\"]}]},{\"@type\":\"ImageObject\",\"inLanguage\":\"sv-SE\",\"@id\":\"https:\/\/dasa.se\/fi\/product\/f02-safety-pressure-sensor\/#primaryimage\",\"url\":\"https:\/\/dasa.se\/wp-content\/uploads\/2024\/11\/F02_STW.jpg\",\"contentUrl\":\"https:\/\/dasa.se\/wp-content\/uploads\/2024\/11\/F02_STW.jpg\",\"width\":381,\"height\":337,\"caption\":\"Close-up of a stainless-steel pressure sensor\/transducer with threaded male connectors and a hexagonal mounting collar on a light background, published on www.dasa.se.\"},{\"@type\":\"BreadcrumbList\",\"@id\":\"https:\/\/dasa.se\/fi\/product\/f02-safety-pressure-sensor\/#breadcrumb\",\"itemListElement\":[{\"@type\":\"ListItem\",\"position\":1,\"name\":\"Home\",\"item\":\"https:\/\/dasa.se\/\"},{\"@type\":\"ListItem\",\"position\":2,\"name\":\"do not remove!\",\"item\":\"https:\/\/dasa.se\/?page_id=876\"},{\"@type\":\"ListItem\",\"position\":3,\"name\":\"F02 Safety Pressure Sensor\"}]},{\"@type\":\"WebSite\",\"@id\":\"https:\/\/dasa.se\/#website\",\"url\":\"https:\/\/dasa.se\/\",\"name\":\"Dasa: High-Performance Machine Control Systems\",\"description\":\"\",\"publisher\":{\"@id\":\"https:\/\/dasa.se\/#organization\"},\"potentialAction\":[{\"@type\":\"SearchAction\",\"target\":{\"@type\":\"EntryPoint\",\"urlTemplate\":\"https:\/\/dasa.se\/?s={search_term_string}\"},\"query-input\":{\"@type\":\"PropertyValueSpecification\",\"valueRequired\":true,\"valueName\":\"search_term_string\"}}],\"inLanguage\":\"sv-SE\"},{\"@type\":\"Organization\",\"@id\":\"https:\/\/dasa.se\/#organization\",\"name\":\"Dasa: High-Performance Machine Control Systems\",\"url\":\"https:\/\/dasa.se\/\",\"logo\":{\"@type\":\"ImageObject\",\"inLanguage\":\"sv-SE\",\"@id\":\"https:\/\/dasa.se\/#\/schema\/logo\/image\/\",\"url\":\"https:\/\/dasa.se\/wp-content\/uploads\/2024\/10\/logo3.png\",\"contentUrl\":\"https:\/\/dasa.se\/wp-content\/uploads\/2024\/10\/logo3.png\",\"width\":1000,\"height\":320,\"caption\":\"Dasa: High-Performance Machine Control Systems\"},\"image\":{\"@id\":\"https:\/\/dasa.se\/#\/schema\/logo\/image\/\"},\"sameAs\":[\"https:\/\/www.linkedin.com\/company\/dasa-control-systems\/\"]}]}<\/script>\n<!-- \/ Yoast SEO plugin. -->","yoast_head_json":{"title":"F02 S\u00e4kerhetstryckgivare - f\u00f6r s\u00e4kerhet inom skogsbruk | Dasa","robots":{"index":"index","follow":"follow","max-snippet":"max-snippet:-1","max-image-preview":"max-image-preview:large","max-video-preview":"max-video-preview:-1"},"canonical":"https:\/\/dasa.se\/sv\/produkt\/f02-safety-pressure-sensor\/","og_locale":"sv_SE","og_type":"article","og_title":"F02 Safety Pressure Sensor \u2013 For Forestry Safety | Dasa","og_description":"F02 is based on the tried and tested type M01. F02 is designed for safety-relevant applications, which require a Performance Level PL d, AgPL d or SIL 2.","og_url":"https:\/\/dasa.se\/sv\/produkt\/f02-safety-pressure-sensor\/","og_site_name":"Dasa: High-Performance Machine Control Systems","article_modified_time":"2025-11-24T14:58:42+00:00","og_image":[{"width":381,"height":337,"url":"https:\/\/dasa.se\/wp-content\/uploads\/2024\/11\/F02_STW.jpg","type":"image\/jpeg"}],"twitter_card":"summary_large_image","twitter_misc":{"Ber\u00e4knad l\u00e4stid":"2 minuter"},"schema":{"@context":"https:\/\/schema.org","@graph":[{"@type":["WebPage","ItemPage"],"@id":"https:\/\/dasa.se\/fi\/product\/f02-safety-pressure-sensor\/","url":"https:\/\/dasa.se\/fi\/product\/f02-safety-pressure-sensor\/","name":"F02 S\u00e4kerhetstryckgivare - f\u00f6r s\u00e4kerhet inom skogsbruk | Dasa","isPartOf":{"@id":"https:\/\/dasa.se\/#website"},"primaryImageOfPage":{"@id":"https:\/\/dasa.se\/fi\/product\/f02-safety-pressure-sensor\/#primaryimage"},"image":{"@id":"https:\/\/dasa.se\/fi\/product\/f02-safety-pressure-sensor\/#primaryimage"},"thumbnailUrl":"https:\/\/dasa.se\/wp-content\/uploads\/2024\/11\/F02_STW.jpg","datePublished":"2024-11-26T12:13:10+00:00","dateModified":"2025-11-24T14:58:42+00:00","breadcrumb":{"@id":"https:\/\/dasa.se\/fi\/product\/f02-safety-pressure-sensor\/#breadcrumb"},"inLanguage":"sv-SE","potentialAction":[{"@type":"ReadAction","target":["https:\/\/dasa.se\/fi\/product\/f02-safety-pressure-sensor\/"]}]},{"@type":"ImageObject","inLanguage":"sv-SE","@id":"https:\/\/dasa.se\/fi\/product\/f02-safety-pressure-sensor\/#primaryimage","url":"https:\/\/dasa.se\/wp-content\/uploads\/2024\/11\/F02_STW.jpg","contentUrl":"https:\/\/dasa.se\/wp-content\/uploads\/2024\/11\/F02_STW.jpg","width":381,"height":337,"caption":"Close-up of a stainless-steel pressure sensor\/transducer with threaded male connectors and a hexagonal mounting collar on a light background, published on www.dasa.se."},{"@type":"BreadcrumbList","@id":"https:\/\/dasa.se\/fi\/product\/f02-safety-pressure-sensor\/#breadcrumb","itemListElement":[{"@type":"ListItem","position":1,"name":"Home","item":"https:\/\/dasa.se\/"},{"@type":"ListItem","position":2,"name":"do not remove!","item":"https:\/\/dasa.se\/?page_id=876"},{"@type":"ListItem","position":3,"name":"F02 Safety Pressure Sensor"}]},{"@type":"WebSite","@id":"https:\/\/dasa.se\/#website","url":"https:\/\/dasa.se\/","name":"Dasa: Styrsystem f\u00f6r h\u00f6gpresterande maskiner","description":"","publisher":{"@id":"https:\/\/dasa.se\/#organization"},"potentialAction":[{"@type":"SearchAction","target":{"@type":"EntryPoint","urlTemplate":"https:\/\/dasa.se\/?s={search_term_string}"},"query-input":{"@type":"PropertyValueSpecification","valueRequired":true,"valueName":"search_term_string"}}],"inLanguage":"sv-SE"},{"@type":"Organization","@id":"https:\/\/dasa.se\/#organization","name":"Dasa: Styrsystem f\u00f6r h\u00f6gpresterande maskiner","url":"https:\/\/dasa.se\/","logo":{"@type":"ImageObject","inLanguage":"sv-SE","@id":"https:\/\/dasa.se\/#\/schema\/logo\/image\/","url":"https:\/\/dasa.se\/wp-content\/uploads\/2024\/10\/logo3.png","contentUrl":"https:\/\/dasa.se\/wp-content\/uploads\/2024\/10\/logo3.png","width":1000,"height":320,"caption":"Dasa: High-Performance Machine Control Systems"},"image":{"@id":"https:\/\/dasa.se\/#\/schema\/logo\/image\/"},"sameAs":["https:\/\/www.linkedin.com\/company\/dasa-control-systems\/"]}]}},"_links":{"self":[{"href":"https:\/\/dasa.se\/sv\/wp-json\/wp\/v2\/product\/1313","targetHints":{"allow":["GET"]}}],"collection":[{"href":"https:\/\/dasa.se\/sv\/wp-json\/wp\/v2\/product"}],"about":[{"href":"https:\/\/dasa.se\/sv\/wp-json\/wp\/v2\/types\/product"}],"wp:featuredmedia":[{"embeddable":true,"href":"https:\/\/dasa.se\/sv\/wp-json\/wp\/v2\/media\/1314"}],"wp:attachment":[{"href":"https:\/\/dasa.se\/sv\/wp-json\/wp\/v2\/media?parent=1313"}],"wp:term":[{"taxonomy":"product_brand","embeddable":true,"href":"https:\/\/dasa.se\/sv\/wp-json\/wp\/v2\/product_brand?post=1313"},{"taxonomy":"product_cat","embeddable":true,"href":"https:\/\/dasa.se\/sv\/wp-json\/wp\/v2\/product_cat?post=1313"},{"taxonomy":"product_tag","embeddable":true,"href":"https:\/\/dasa.se\/sv\/wp-json\/wp\/v2\/product_tag?post=1313"}],"curies":[{"name":"wp","href":"https:\/\/api.w.org\/{rel}","templated":true}]}}