{"id":1365,"date":"2024-11-27T08:07:32","date_gmt":"2024-11-27T08:07:32","guid":{"rendered":"https:\/\/eznpp.beeweb-orange.io\/?post_type=product&#038;p=1365"},"modified":"2025-11-24T14:58:15","modified_gmt":"2025-11-24T14:58:15","slug":"p01-pressure-switch","status":"publish","type":"product","link":"https:\/\/dasa.se\/sv\/produkt\/p01-pressure-switch\/","title":{"rendered":"P01 Tryckvakt"},"content":{"rendered":"<p>Tryckvakten P01 har konstruerats speciellt f\u00f6r anv\u00e4ndning i tuffa milj\u00f6er i mobila maskiner. S\u00e5v\u00e4l EMC-egenskaper som slag- och vibrationst\u00e5lighet har utformats f\u00f6r detta anv\u00e4ndningsomr\u00e5de. Detta underl\u00e4ttar anv\u00e4ndning i ogynnsamma omgivningsf\u00f6rh\u00e5llanden som t.ex. i mobil hydraulik. De integrerade elektroniska omkopplarna (NPN eller PNP) kan f\u00f6rkonfigureras i fabriken, alternativt finns programvara tillg\u00e4nglig som g\u00f6r det m\u00f6jligt f\u00f6r kunden att justera dem.<\/p>\n<p>P01 finns f\u00f6r tryckomr\u00e5den fr\u00e5n 0 till 10 bar till 0 till 1200 bar, varvid en omkopplingsnoggrannhet p\u00e5 1% av m\u00e4tomr\u00e5dets slutv\u00e4rde kan uppn\u00e5s. Den maximalt till\u00e5tna medietemperaturen \u00e4r 150 \u00baC och omgivningstemperaturen \u00e4r 125 \u00baC.<\/p>\n<p>De delar som kommer i kontakt med media har tillverkats av rostfritt st\u00e5l (1.4548) och garanterar, i kombination med den svetsade tunnfilmsm\u00e4tcellen, maximal mediakompatibilitet. Som tillval kan en d\u00e4mpningsanordning integreras i media\u00e5tkomsten.<\/p>","protected":false},"excerpt":{"rendered":"<p>Tryckvakten P01, baserad p\u00e5 den bepr\u00f6vade M01, har utformats speciellt f\u00f6r anv\u00e4ndning i mobila maskiner med en kompakt och robust design.<\/p>","protected":false},"featured_media":1366,"template":"","meta":[],"product_brand":[],"product_cat":[66],"product_tag":[],"class_list":{"0":"post-1365","1":"product","2":"type-product","3":"status-publish","4":"has-post-thumbnail","6":"product_cat-pressure-sensors","8":"first","9":"instock","10":"shipping-taxable","11":"product-type-simple"},"yoast_head":"<!-- This site is optimized with the Yoast SEO plugin v26.7 - https:\/\/yoast.com\/wordpress\/plugins\/seo\/ -->\n<title>P01 Pressure Switch - used in Mobile Machines in Forestry<\/title>\n<meta name=\"robots\" content=\"index, follow, max-snippet:-1, max-image-preview:large, max-video-preview:-1\" \/>\n<link rel=\"canonical\" href=\"https:\/\/dasa.se\/sv\/produkt\/p01-pressure-switch\/\" \/>\n<meta property=\"og:locale\" content=\"sv_SE\" \/>\n<meta property=\"og:type\" content=\"article\" \/>\n<meta property=\"og:title\" content=\"P01 Pressure Switch - used in Mobile Machines in Forestry\" \/>\n<meta property=\"og:description\" content=\"The Pressure Switch P01, based on the proven M01, has been designed especially for use in mobile machines with a compact and robust design.\" \/>\n<meta property=\"og:url\" content=\"https:\/\/dasa.se\/sv\/produkt\/p01-pressure-switch\/\" \/>\n<meta property=\"og:site_name\" content=\"Dasa: High-Performance Machine Control Systems\" \/>\n<meta property=\"article:modified_time\" content=\"2025-11-24T14:58:15+00:00\" \/>\n<meta property=\"og:image\" content=\"https:\/\/dasa.se\/wp-content\/uploads\/2024\/11\/P01_STW.jpg\" \/>\n\t<meta property=\"og:image:width\" content=\"435\" \/>\n\t<meta property=\"og:image:height\" content=\"394\" \/>\n\t<meta property=\"og:image:type\" content=\"image\/jpeg\" \/>\n<meta name=\"twitter:card\" content=\"summary_large_image\" \/>\n<meta name=\"twitter:label1\" content=\"Ber\u00e4knad l\u00e4stid\" \/>\n\t<meta name=\"twitter:data1\" content=\"1 minut\" \/>\n<script type=\"application\/ld+json\" class=\"yoast-schema-graph\">{\"@context\":\"https:\/\/schema.org\",\"@graph\":[{\"@type\":[\"WebPage\",\"ItemPage\"],\"@id\":\"https:\/\/dasa.se\/product\/p01-pressure-switch\/\",\"url\":\"https:\/\/dasa.se\/product\/p01-pressure-switch\/\",\"name\":\"P01 Pressure Switch - used in Mobile Machines in Forestry\",\"isPartOf\":{\"@id\":\"https:\/\/dasa.se\/#website\"},\"primaryImageOfPage\":{\"@id\":\"https:\/\/dasa.se\/product\/p01-pressure-switch\/#primaryimage\"},\"image\":{\"@id\":\"https:\/\/dasa.se\/product\/p01-pressure-switch\/#primaryimage\"},\"thumbnailUrl\":\"https:\/\/dasa.se\/wp-content\/uploads\/2024\/11\/P01_STW.jpg\",\"datePublished\":\"2024-11-27T08:07:32+00:00\",\"dateModified\":\"2025-11-24T14:58:15+00:00\",\"breadcrumb\":{\"@id\":\"https:\/\/dasa.se\/product\/p01-pressure-switch\/#breadcrumb\"},\"inLanguage\":\"sv-SE\",\"potentialAction\":[{\"@type\":\"ReadAction\",\"target\":[\"https:\/\/dasa.se\/product\/p01-pressure-switch\/\"]}]},{\"@type\":\"ImageObject\",\"inLanguage\":\"sv-SE\",\"@id\":\"https:\/\/dasa.se\/product\/p01-pressure-switch\/#primaryimage\",\"url\":\"https:\/\/dasa.se\/wp-content\/uploads\/2024\/11\/P01_STW.jpg\",\"contentUrl\":\"https:\/\/dasa.se\/wp-content\/uploads\/2024\/11\/P01_STW.jpg\",\"width\":435,\"height\":394,\"caption\":\"Photograph of a metal threaded pressure sensor with a green O\u2011ring and a black plastic electrical connector, published on www.dasa.se.\"},{\"@type\":\"BreadcrumbList\",\"@id\":\"https:\/\/dasa.se\/product\/p01-pressure-switch\/#breadcrumb\",\"itemListElement\":[{\"@type\":\"ListItem\",\"position\":1,\"name\":\"Home\",\"item\":\"https:\/\/dasa.se\/\"},{\"@type\":\"ListItem\",\"position\":2,\"name\":\"do not remove!\",\"item\":\"https:\/\/dasa.se\/?page_id=876\"},{\"@type\":\"ListItem\",\"position\":3,\"name\":\"P01 Pressure Switch\"}]},{\"@type\":\"WebSite\",\"@id\":\"https:\/\/dasa.se\/#website\",\"url\":\"https:\/\/dasa.se\/\",\"name\":\"Dasa: High-Performance Machine Control Systems\",\"description\":\"\",\"publisher\":{\"@id\":\"https:\/\/dasa.se\/#organization\"},\"potentialAction\":[{\"@type\":\"SearchAction\",\"target\":{\"@type\":\"EntryPoint\",\"urlTemplate\":\"https:\/\/dasa.se\/?s={search_term_string}\"},\"query-input\":{\"@type\":\"PropertyValueSpecification\",\"valueRequired\":true,\"valueName\":\"search_term_string\"}}],\"inLanguage\":\"sv-SE\"},{\"@type\":\"Organization\",\"@id\":\"https:\/\/dasa.se\/#organization\",\"name\":\"Dasa: High-Performance Machine Control Systems\",\"url\":\"https:\/\/dasa.se\/\",\"logo\":{\"@type\":\"ImageObject\",\"inLanguage\":\"sv-SE\",\"@id\":\"https:\/\/dasa.se\/#\/schema\/logo\/image\/\",\"url\":\"https:\/\/dasa.se\/wp-content\/uploads\/2024\/10\/logo3.png\",\"contentUrl\":\"https:\/\/dasa.se\/wp-content\/uploads\/2024\/10\/logo3.png\",\"width\":1000,\"height\":320,\"caption\":\"Dasa: High-Performance Machine Control Systems\"},\"image\":{\"@id\":\"https:\/\/dasa.se\/#\/schema\/logo\/image\/\"},\"sameAs\":[\"https:\/\/www.linkedin.com\/company\/dasa-control-systems\/\"]}]}<\/script>\n<!-- \/ Yoast SEO plugin. -->","yoast_head_json":{"title":"P01 Tryckvakt - anv\u00e4nds i mobila maskiner inom skogsbruket","robots":{"index":"index","follow":"follow","max-snippet":"max-snippet:-1","max-image-preview":"max-image-preview:large","max-video-preview":"max-video-preview:-1"},"canonical":"https:\/\/dasa.se\/sv\/produkt\/p01-pressure-switch\/","og_locale":"sv_SE","og_type":"article","og_title":"P01 Pressure Switch - used in Mobile Machines in Forestry","og_description":"The Pressure Switch P01, based on the proven M01, has been designed especially for use in mobile machines with a compact and robust design.","og_url":"https:\/\/dasa.se\/sv\/produkt\/p01-pressure-switch\/","og_site_name":"Dasa: High-Performance Machine Control Systems","article_modified_time":"2025-11-24T14:58:15+00:00","og_image":[{"width":435,"height":394,"url":"https:\/\/dasa.se\/wp-content\/uploads\/2024\/11\/P01_STW.jpg","type":"image\/jpeg"}],"twitter_card":"summary_large_image","twitter_misc":{"Ber\u00e4knad l\u00e4stid":"1 minut"},"schema":{"@context":"https:\/\/schema.org","@graph":[{"@type":["WebPage","ItemPage"],"@id":"https:\/\/dasa.se\/product\/p01-pressure-switch\/","url":"https:\/\/dasa.se\/product\/p01-pressure-switch\/","name":"P01 Tryckvakt - anv\u00e4nds i mobila maskiner inom skogsbruket","isPartOf":{"@id":"https:\/\/dasa.se\/#website"},"primaryImageOfPage":{"@id":"https:\/\/dasa.se\/product\/p01-pressure-switch\/#primaryimage"},"image":{"@id":"https:\/\/dasa.se\/product\/p01-pressure-switch\/#primaryimage"},"thumbnailUrl":"https:\/\/dasa.se\/wp-content\/uploads\/2024\/11\/P01_STW.jpg","datePublished":"2024-11-27T08:07:32+00:00","dateModified":"2025-11-24T14:58:15+00:00","breadcrumb":{"@id":"https:\/\/dasa.se\/product\/p01-pressure-switch\/#breadcrumb"},"inLanguage":"sv-SE","potentialAction":[{"@type":"ReadAction","target":["https:\/\/dasa.se\/product\/p01-pressure-switch\/"]}]},{"@type":"ImageObject","inLanguage":"sv-SE","@id":"https:\/\/dasa.se\/product\/p01-pressure-switch\/#primaryimage","url":"https:\/\/dasa.se\/wp-content\/uploads\/2024\/11\/P01_STW.jpg","contentUrl":"https:\/\/dasa.se\/wp-content\/uploads\/2024\/11\/P01_STW.jpg","width":435,"height":394,"caption":"Photograph of a metal threaded pressure sensor with a green O\u2011ring and a black plastic electrical connector, published on www.dasa.se."},{"@type":"BreadcrumbList","@id":"https:\/\/dasa.se\/product\/p01-pressure-switch\/#breadcrumb","itemListElement":[{"@type":"ListItem","position":1,"name":"Home","item":"https:\/\/dasa.se\/"},{"@type":"ListItem","position":2,"name":"do not remove!","item":"https:\/\/dasa.se\/?page_id=876"},{"@type":"ListItem","position":3,"name":"P01 Pressure Switch"}]},{"@type":"WebSite","@id":"https:\/\/dasa.se\/#website","url":"https:\/\/dasa.se\/","name":"Dasa: Styrsystem f\u00f6r h\u00f6gpresterande maskiner","description":"","publisher":{"@id":"https:\/\/dasa.se\/#organization"},"potentialAction":[{"@type":"SearchAction","target":{"@type":"EntryPoint","urlTemplate":"https:\/\/dasa.se\/?s={search_term_string}"},"query-input":{"@type":"PropertyValueSpecification","valueRequired":true,"valueName":"search_term_string"}}],"inLanguage":"sv-SE"},{"@type":"Organization","@id":"https:\/\/dasa.se\/#organization","name":"Dasa: Styrsystem f\u00f6r h\u00f6gpresterande maskiner","url":"https:\/\/dasa.se\/","logo":{"@type":"ImageObject","inLanguage":"sv-SE","@id":"https:\/\/dasa.se\/#\/schema\/logo\/image\/","url":"https:\/\/dasa.se\/wp-content\/uploads\/2024\/10\/logo3.png","contentUrl":"https:\/\/dasa.se\/wp-content\/uploads\/2024\/10\/logo3.png","width":1000,"height":320,"caption":"Dasa: High-Performance Machine Control Systems"},"image":{"@id":"https:\/\/dasa.se\/#\/schema\/logo\/image\/"},"sameAs":["https:\/\/www.linkedin.com\/company\/dasa-control-systems\/"]}]}},"_links":{"self":[{"href":"https:\/\/dasa.se\/sv\/wp-json\/wp\/v2\/product\/1365","targetHints":{"allow":["GET"]}}],"collection":[{"href":"https:\/\/dasa.se\/sv\/wp-json\/wp\/v2\/product"}],"about":[{"href":"https:\/\/dasa.se\/sv\/wp-json\/wp\/v2\/types\/product"}],"wp:featuredmedia":[{"embeddable":true,"href":"https:\/\/dasa.se\/sv\/wp-json\/wp\/v2\/media\/1366"}],"wp:attachment":[{"href":"https:\/\/dasa.se\/sv\/wp-json\/wp\/v2\/media?parent=1365"}],"wp:term":[{"taxonomy":"product_brand","embeddable":true,"href":"https:\/\/dasa.se\/sv\/wp-json\/wp\/v2\/product_brand?post=1365"},{"taxonomy":"product_cat","embeddable":true,"href":"https:\/\/dasa.se\/sv\/wp-json\/wp\/v2\/product_cat?post=1365"},{"taxonomy":"product_tag","embeddable":true,"href":"https:\/\/dasa.se\/sv\/wp-json\/wp\/v2\/product_tag?post=1365"}],"curies":[{"name":"wp","href":"https:\/\/api.w.org\/{rel}","templated":true}]}}