{"id":1369,"date":"2024-11-27T08:21:58","date_gmt":"2024-11-27T08:21:58","guid":{"rendered":"https:\/\/eznpp.beeweb-orange.io\/?post_type=product&#038;p=1369"},"modified":"2025-11-24T14:58:21","modified_gmt":"2025-11-24T14:58:21","slug":"f01-safety-pressure-switch","status":"publish","type":"product","link":"https:\/\/dasa.se\/sv\/produkt\/f01-safety-pressure-switch\/","title":{"rendered":"F01 S\u00e4kerhetstryckvakt"},"content":{"rendered":"<p>F01 \u00e4r tillg\u00e4nglig f\u00f6r tryckomr\u00e5den fr\u00e5n 10 bar till 1200 bar och har tv\u00e5 kopplingsutg\u00e5ngar som v\u00e4xlar inverterat mot varandra. Som tillval finns F01 \u00e4ven i en version med en switchande och en analog utg\u00e5ng. H\u00e4r l\u00e4ses den aktuella utg\u00e5ngen tillbaka av F01 f\u00f6r att s\u00e4kerst\u00e4lla att utsignalen avges korrekt. F\u00f6r att kunna anv\u00e4nda F01 i s\u00e5 m\u00e5nga applikationer som m\u00f6jligt kan anv\u00e4ndarna v\u00e4lja mellan olika tryckanslutningar. Den elektriska kontakten sker via en 5-polig M12-kontakt. Genom kalibrering av transmittern via temperaturen kan en total noggrannhet p\u00e5 1 % FS uppn\u00e5s inom ett omr\u00e5de p\u00e5 0...80 \u00b0C. Den maximala medietemperaturen uppg\u00e5r till +125 \u00b0C. De delar i rostfritt st\u00e5l som kommer i kontakt med media garanterar maximal mediakompatibilitet i kombination med den svetsade tunnfilmsm\u00e4tcellen.<\/p>","protected":false},"excerpt":{"rendered":"<p>Tryckvakten F01 uppfyller de h\u00f6gt st\u00e4llda kraven i maskins\u00e4kerhetsstandarden EN ISO 13849. Denna tryckvakt kan anv\u00e4ndas f\u00f6r system med Performance Level PL d och d\u00e4rmed f\u00f6r s\u00e4kerhetskritiska applikationer.<\/p>","protected":false},"featured_media":1370,"template":"","meta":[],"product_brand":[],"product_cat":[66],"product_tag":[],"class_list":{"0":"post-1369","1":"product","2":"type-product","3":"status-publish","4":"has-post-thumbnail","6":"product_cat-pressure-sensors","8":"first","9":"instock","10":"shipping-taxable","11":"product-type-simple"},"yoast_head":"<!-- This site is optimized with the Yoast SEO plugin v26.7 - https:\/\/yoast.com\/wordpress\/plugins\/seo\/ -->\n<title>F01 Safety Pressure Switch \u2013 For Forestry Safety | Dasa<\/title>\n<meta name=\"robots\" content=\"index, follow, max-snippet:-1, max-image-preview:large, max-video-preview:-1\" \/>\n<link rel=\"canonical\" href=\"https:\/\/dasa.se\/sv\/produkt\/f01-safety-pressure-switch\/\" \/>\n<meta property=\"og:locale\" content=\"sv_SE\" \/>\n<meta property=\"og:type\" content=\"article\" \/>\n<meta property=\"og:title\" content=\"F01 Safety Pressure Switch \u2013 For Forestry Safety | Dasa\" \/>\n<meta property=\"og:description\" content=\"The Pressure Switch F01 fulfils the high requirements of the machinery safety standard EN ISO 13849. This pressure switch can be used for systems with Performance Level PL d and therefore for safety-critical applications.\" \/>\n<meta property=\"og:url\" content=\"https:\/\/dasa.se\/sv\/produkt\/f01-safety-pressure-switch\/\" \/>\n<meta property=\"og:site_name\" content=\"Dasa: High-Performance Machine Control Systems\" \/>\n<meta property=\"article:modified_time\" content=\"2025-11-24T14:58:21+00:00\" \/>\n<meta property=\"og:image\" content=\"https:\/\/dasa.se\/wp-content\/uploads\/2024\/11\/F01_STW.jpg\" \/>\n\t<meta property=\"og:image:width\" content=\"442\" \/>\n\t<meta property=\"og:image:height\" content=\"394\" \/>\n\t<meta property=\"og:image:type\" content=\"image\/jpeg\" \/>\n<meta name=\"twitter:card\" content=\"summary_large_image\" \/>\n<meta name=\"twitter:label1\" content=\"Ber\u00e4knad l\u00e4stid\" \/>\n\t<meta name=\"twitter:data1\" content=\"1 minut\" \/>\n<script type=\"application\/ld+json\" class=\"yoast-schema-graph\">{\"@context\":\"https:\/\/schema.org\",\"@graph\":[{\"@type\":[\"WebPage\",\"ItemPage\"],\"@id\":\"https:\/\/dasa.se\/fi\/product\/f01-safety-pressure-switch\/\",\"url\":\"https:\/\/dasa.se\/fi\/product\/f01-safety-pressure-switch\/\",\"name\":\"F01 Safety Pressure Switch \u2013 For Forestry Safety | Dasa\",\"isPartOf\":{\"@id\":\"https:\/\/dasa.se\/#website\"},\"primaryImageOfPage\":{\"@id\":\"https:\/\/dasa.se\/fi\/product\/f01-safety-pressure-switch\/#primaryimage\"},\"image\":{\"@id\":\"https:\/\/dasa.se\/fi\/product\/f01-safety-pressure-switch\/#primaryimage\"},\"thumbnailUrl\":\"https:\/\/dasa.se\/wp-content\/uploads\/2024\/11\/F01_STW.jpg\",\"datePublished\":\"2024-11-27T08:21:58+00:00\",\"dateModified\":\"2025-11-24T14:58:21+00:00\",\"breadcrumb\":{\"@id\":\"https:\/\/dasa.se\/fi\/product\/f01-safety-pressure-switch\/#breadcrumb\"},\"inLanguage\":\"sv-SE\",\"potentialAction\":[{\"@type\":\"ReadAction\",\"target\":[\"https:\/\/dasa.se\/fi\/product\/f01-safety-pressure-switch\/\"]}]},{\"@type\":\"ImageObject\",\"inLanguage\":\"sv-SE\",\"@id\":\"https:\/\/dasa.se\/fi\/product\/f01-safety-pressure-switch\/#primaryimage\",\"url\":\"https:\/\/dasa.se\/wp-content\/uploads\/2024\/11\/F01_STW.jpg\",\"contentUrl\":\"https:\/\/dasa.se\/wp-content\/uploads\/2024\/11\/F01_STW.jpg\",\"width\":442,\"height\":394,\"caption\":\"A stainless-steel cylindrical inline pressure transducer with threaded connection ports and a white product label, published on www.dasa.se.\"},{\"@type\":\"BreadcrumbList\",\"@id\":\"https:\/\/dasa.se\/fi\/product\/f01-safety-pressure-switch\/#breadcrumb\",\"itemListElement\":[{\"@type\":\"ListItem\",\"position\":1,\"name\":\"Home\",\"item\":\"https:\/\/dasa.se\/\"},{\"@type\":\"ListItem\",\"position\":2,\"name\":\"do not remove!\",\"item\":\"https:\/\/dasa.se\/?page_id=876\"},{\"@type\":\"ListItem\",\"position\":3,\"name\":\"F01 Safety Pressure Switch\"}]},{\"@type\":\"WebSite\",\"@id\":\"https:\/\/dasa.se\/#website\",\"url\":\"https:\/\/dasa.se\/\",\"name\":\"Dasa: High-Performance Machine Control Systems\",\"description\":\"\",\"publisher\":{\"@id\":\"https:\/\/dasa.se\/#organization\"},\"potentialAction\":[{\"@type\":\"SearchAction\",\"target\":{\"@type\":\"EntryPoint\",\"urlTemplate\":\"https:\/\/dasa.se\/?s={search_term_string}\"},\"query-input\":{\"@type\":\"PropertyValueSpecification\",\"valueRequired\":true,\"valueName\":\"search_term_string\"}}],\"inLanguage\":\"sv-SE\"},{\"@type\":\"Organization\",\"@id\":\"https:\/\/dasa.se\/#organization\",\"name\":\"Dasa: High-Performance Machine Control Systems\",\"url\":\"https:\/\/dasa.se\/\",\"logo\":{\"@type\":\"ImageObject\",\"inLanguage\":\"sv-SE\",\"@id\":\"https:\/\/dasa.se\/#\/schema\/logo\/image\/\",\"url\":\"https:\/\/dasa.se\/wp-content\/uploads\/2024\/10\/logo3.png\",\"contentUrl\":\"https:\/\/dasa.se\/wp-content\/uploads\/2024\/10\/logo3.png\",\"width\":1000,\"height\":320,\"caption\":\"Dasa: High-Performance Machine Control Systems\"},\"image\":{\"@id\":\"https:\/\/dasa.se\/#\/schema\/logo\/image\/\"},\"sameAs\":[\"https:\/\/www.linkedin.com\/company\/dasa-control-systems\/\"]}]}<\/script>\n<!-- \/ Yoast SEO plugin. -->","yoast_head_json":{"title":"F01 S\u00e4kerhetstryckvakt - f\u00f6r skogsbruk S\u00e4kerhet | Dasa","robots":{"index":"index","follow":"follow","max-snippet":"max-snippet:-1","max-image-preview":"max-image-preview:large","max-video-preview":"max-video-preview:-1"},"canonical":"https:\/\/dasa.se\/sv\/produkt\/f01-safety-pressure-switch\/","og_locale":"sv_SE","og_type":"article","og_title":"F01 Safety Pressure Switch \u2013 For Forestry Safety | Dasa","og_description":"The Pressure Switch F01 fulfils the high requirements of the machinery safety standard EN ISO 13849. This pressure switch can be used for systems with Performance Level PL d and therefore for safety-critical applications.","og_url":"https:\/\/dasa.se\/sv\/produkt\/f01-safety-pressure-switch\/","og_site_name":"Dasa: High-Performance Machine Control Systems","article_modified_time":"2025-11-24T14:58:21+00:00","og_image":[{"width":442,"height":394,"url":"https:\/\/dasa.se\/wp-content\/uploads\/2024\/11\/F01_STW.jpg","type":"image\/jpeg"}],"twitter_card":"summary_large_image","twitter_misc":{"Ber\u00e4knad l\u00e4stid":"1 minut"},"schema":{"@context":"https:\/\/schema.org","@graph":[{"@type":["WebPage","ItemPage"],"@id":"https:\/\/dasa.se\/fi\/product\/f01-safety-pressure-switch\/","url":"https:\/\/dasa.se\/fi\/product\/f01-safety-pressure-switch\/","name":"F01 S\u00e4kerhetstryckvakt - f\u00f6r skogsbruk S\u00e4kerhet | Dasa","isPartOf":{"@id":"https:\/\/dasa.se\/#website"},"primaryImageOfPage":{"@id":"https:\/\/dasa.se\/fi\/product\/f01-safety-pressure-switch\/#primaryimage"},"image":{"@id":"https:\/\/dasa.se\/fi\/product\/f01-safety-pressure-switch\/#primaryimage"},"thumbnailUrl":"https:\/\/dasa.se\/wp-content\/uploads\/2024\/11\/F01_STW.jpg","datePublished":"2024-11-27T08:21:58+00:00","dateModified":"2025-11-24T14:58:21+00:00","breadcrumb":{"@id":"https:\/\/dasa.se\/fi\/product\/f01-safety-pressure-switch\/#breadcrumb"},"inLanguage":"sv-SE","potentialAction":[{"@type":"ReadAction","target":["https:\/\/dasa.se\/fi\/product\/f01-safety-pressure-switch\/"]}]},{"@type":"ImageObject","inLanguage":"sv-SE","@id":"https:\/\/dasa.se\/fi\/product\/f01-safety-pressure-switch\/#primaryimage","url":"https:\/\/dasa.se\/wp-content\/uploads\/2024\/11\/F01_STW.jpg","contentUrl":"https:\/\/dasa.se\/wp-content\/uploads\/2024\/11\/F01_STW.jpg","width":442,"height":394,"caption":"A stainless-steel cylindrical inline pressure transducer with threaded connection ports and a white product label, published on www.dasa.se."},{"@type":"BreadcrumbList","@id":"https:\/\/dasa.se\/fi\/product\/f01-safety-pressure-switch\/#breadcrumb","itemListElement":[{"@type":"ListItem","position":1,"name":"Home","item":"https:\/\/dasa.se\/"},{"@type":"ListItem","position":2,"name":"do not remove!","item":"https:\/\/dasa.se\/?page_id=876"},{"@type":"ListItem","position":3,"name":"F01 Safety Pressure Switch"}]},{"@type":"WebSite","@id":"https:\/\/dasa.se\/#website","url":"https:\/\/dasa.se\/","name":"Dasa: Styrsystem f\u00f6r h\u00f6gpresterande maskiner","description":"","publisher":{"@id":"https:\/\/dasa.se\/#organization"},"potentialAction":[{"@type":"SearchAction","target":{"@type":"EntryPoint","urlTemplate":"https:\/\/dasa.se\/?s={search_term_string}"},"query-input":{"@type":"PropertyValueSpecification","valueRequired":true,"valueName":"search_term_string"}}],"inLanguage":"sv-SE"},{"@type":"Organization","@id":"https:\/\/dasa.se\/#organization","name":"Dasa: Styrsystem f\u00f6r h\u00f6gpresterande maskiner","url":"https:\/\/dasa.se\/","logo":{"@type":"ImageObject","inLanguage":"sv-SE","@id":"https:\/\/dasa.se\/#\/schema\/logo\/image\/","url":"https:\/\/dasa.se\/wp-content\/uploads\/2024\/10\/logo3.png","contentUrl":"https:\/\/dasa.se\/wp-content\/uploads\/2024\/10\/logo3.png","width":1000,"height":320,"caption":"Dasa: High-Performance Machine Control Systems"},"image":{"@id":"https:\/\/dasa.se\/#\/schema\/logo\/image\/"},"sameAs":["https:\/\/www.linkedin.com\/company\/dasa-control-systems\/"]}]}},"_links":{"self":[{"href":"https:\/\/dasa.se\/sv\/wp-json\/wp\/v2\/product\/1369","targetHints":{"allow":["GET"]}}],"collection":[{"href":"https:\/\/dasa.se\/sv\/wp-json\/wp\/v2\/product"}],"about":[{"href":"https:\/\/dasa.se\/sv\/wp-json\/wp\/v2\/types\/product"}],"wp:featuredmedia":[{"embeddable":true,"href":"https:\/\/dasa.se\/sv\/wp-json\/wp\/v2\/media\/1370"}],"wp:attachment":[{"href":"https:\/\/dasa.se\/sv\/wp-json\/wp\/v2\/media?parent=1369"}],"wp:term":[{"taxonomy":"product_brand","embeddable":true,"href":"https:\/\/dasa.se\/sv\/wp-json\/wp\/v2\/product_brand?post=1369"},{"taxonomy":"product_cat","embeddable":true,"href":"https:\/\/dasa.se\/sv\/wp-json\/wp\/v2\/product_cat?post=1369"},{"taxonomy":"product_tag","embeddable":true,"href":"https:\/\/dasa.se\/sv\/wp-json\/wp\/v2\/product_tag?post=1369"}],"curies":[{"name":"wp","href":"https:\/\/api.w.org\/{rel}","templated":true}]}}