{"id":1380,"date":"2024-11-27T10:26:58","date_gmt":"2024-11-27T10:26:58","guid":{"rendered":"https:\/\/eznpp.beeweb-orange.io\/?post_type=product&#038;p=1380"},"modified":"2025-11-24T14:58:58","modified_gmt":"2025-11-24T14:58:58","slug":"smx-igs-a-inclination-and-gyro-sensor","status":"publish","type":"product","link":"https:\/\/dasa.se\/sv\/produkt\/smx-igs-a-inclination-and-gyro-sensor\/","title":{"rendered":"SMX.igs-a Lutnings- och gyrosensor"},"content":{"rendered":"<p>Med SMX.igs-a m\u00e4ts och matas v\u00e4rden f\u00f6r acceleration, rotationshastighet och lutning ut i alla tre spatiala axlar.<\/p>\n<p>Olika konfigurerbara filteralgoritmer finns tillg\u00e4ngliga f\u00f6r att f\u00f6rb\u00e4ttra m\u00e4tstabiliteten, beroende p\u00e5 sensortyp, inklusive l\u00e5gpassfilter som Butterworth och kritiskt d\u00e4mpade, som \u00e4r s\u00e4rskilt l\u00e4mpliga f\u00f6r dynamiska applikationer som mobila maskiner. Dessutom kan Kalman-filtret aktiveras f\u00f6r dynamiska till\u00e4mpningar (PL b-variant).<\/p>\n<p>M\u00e4tv\u00e4rdena matas ut via ett CAN-, CANopen- eller SAE J1939-gr\u00e4nssnitt (PL b-variant); f\u00f6r SIL2 \/ PL d-varianter sker utsignalen via ett CANopen-s\u00e4kerhetsgr\u00e4nssnitt. M\u00e4tomr\u00e5det kan v\u00e4ljas fritt.<\/p>\n<p>Dessutom st\u00f6ds STW:s mjukvaruplattform openSYDE med \u00f6ppen k\u00e4llkod, vilket g\u00f6r att sensorn snabbt och enkelt kan integreras i befintliga och nya applikationer. F\u00f6rkonfigurerade projekt och instrumentpaneler hj\u00e4lper till att f\u00e5 ig\u00e5ng SMX.igs-a-sensorerna snabbt och enkelt. Det robusta h\u00f6ljet i zinkgjutgods med en M12-kontakt\/uttagskombination kompletterar sensorn.<\/p>\n<p>&nbsp;<\/p>","protected":false},"excerpt":{"rendered":"<p>De robusta lutningsgivarna i SMX.igs-a-serien erbjuder anv\u00e4ndarna full IMU-funktionalitet med funktionell s\u00e4kerhet och finns i versionerna PL b och SIL2\/PL d.<\/p>","protected":false},"featured_media":1381,"template":"","meta":[],"product_brand":[],"product_cat":[65,69],"product_tag":[],"class_list":{"0":"post-1380","1":"product","2":"type-product","3":"status-publish","4":"has-post-thumbnail","6":"product_cat-sensors","7":"product_cat-imu-and-inclination-sensors","9":"first","10":"instock","11":"shipping-taxable","12":"product-type-simple"},"yoast_head":"<!-- This site is optimized with the Yoast SEO plugin v26.7 - https:\/\/yoast.com\/wordpress\/plugins\/seo\/ -->\n<title>SMX.igs-a Inclination and Gyro Sensor - used in Forestry | Dasa<\/title>\n<meta name=\"robots\" content=\"index, follow, max-snippet:-1, max-image-preview:large, max-video-preview:-1\" \/>\n<link rel=\"canonical\" href=\"https:\/\/dasa.se\/sv\/produkt\/smx-igs-a-inclination-and-gyro-sensor\/\" \/>\n<meta property=\"og:locale\" content=\"sv_SE\" \/>\n<meta property=\"og:type\" content=\"article\" \/>\n<meta property=\"og:title\" content=\"SMX.igs-a Inclination and Gyro Sensor - used in Forestry | Dasa\" \/>\n<meta property=\"og:description\" content=\"The rugged SMX.igs-a series inclination sensors offer users full IMU functionality with functional safety and are available in PL b and SIL2 \/ PL d versions.\" \/>\n<meta property=\"og:url\" content=\"https:\/\/dasa.se\/sv\/produkt\/smx-igs-a-inclination-and-gyro-sensor\/\" \/>\n<meta property=\"og:site_name\" content=\"Dasa: High-Performance Machine Control Systems\" \/>\n<meta property=\"article:modified_time\" content=\"2025-11-24T14:58:58+00:00\" \/>\n<meta property=\"og:image\" content=\"https:\/\/dasa.se\/wp-content\/uploads\/2024\/11\/SMX_igs_a.jpg\" \/>\n\t<meta property=\"og:image:width\" content=\"442\" \/>\n\t<meta property=\"og:image:height\" content=\"310\" \/>\n\t<meta property=\"og:image:type\" content=\"image\/jpeg\" \/>\n<meta name=\"twitter:card\" content=\"summary_large_image\" \/>\n<meta name=\"twitter:label1\" content=\"Ber\u00e4knad l\u00e4stid\" \/>\n\t<meta name=\"twitter:data1\" content=\"1 minut\" \/>\n<script type=\"application\/ld+json\" class=\"yoast-schema-graph\">{\"@context\":\"https:\/\/schema.org\",\"@graph\":[{\"@type\":[\"WebPage\",\"ItemPage\"],\"@id\":\"https:\/\/dasa.se\/fi\/product\/smx-igs-a-inclination-and-gyro-sensor\/\",\"url\":\"https:\/\/dasa.se\/fi\/product\/smx-igs-a-inclination-and-gyro-sensor\/\",\"name\":\"SMX.igs-a Inclination and Gyro Sensor - used in Forestry | Dasa\",\"isPartOf\":{\"@id\":\"https:\/\/dasa.se\/#website\"},\"primaryImageOfPage\":{\"@id\":\"https:\/\/dasa.se\/fi\/product\/smx-igs-a-inclination-and-gyro-sensor\/#primaryimage\"},\"image\":{\"@id\":\"https:\/\/dasa.se\/fi\/product\/smx-igs-a-inclination-and-gyro-sensor\/#primaryimage\"},\"thumbnailUrl\":\"https:\/\/dasa.se\/wp-content\/uploads\/2024\/11\/SMX_igs_a.jpg\",\"datePublished\":\"2024-11-27T10:26:58+00:00\",\"dateModified\":\"2025-11-24T14:58:58+00:00\",\"breadcrumb\":{\"@id\":\"https:\/\/dasa.se\/fi\/product\/smx-igs-a-inclination-and-gyro-sensor\/#breadcrumb\"},\"inLanguage\":\"sv-SE\",\"potentialAction\":[{\"@type\":\"ReadAction\",\"target\":[\"https:\/\/dasa.se\/fi\/product\/smx-igs-a-inclination-and-gyro-sensor\/\"]}]},{\"@type\":\"ImageObject\",\"inLanguage\":\"sv-SE\",\"@id\":\"https:\/\/dasa.se\/fi\/product\/smx-igs-a-inclination-and-gyro-sensor\/#primaryimage\",\"url\":\"https:\/\/dasa.se\/wp-content\/uploads\/2024\/11\/SMX_igs_a.jpg\",\"contentUrl\":\"https:\/\/dasa.se\/wp-content\/uploads\/2024\/11\/SMX_igs_a.jpg\",\"width\":442,\"height\":310,\"caption\":\"Photograph of a metallic rectangular electronic enclosure with two circular connectors, a labelled top plate, and mounting flanges, published on www.dasa.se.\"},{\"@type\":\"BreadcrumbList\",\"@id\":\"https:\/\/dasa.se\/fi\/product\/smx-igs-a-inclination-and-gyro-sensor\/#breadcrumb\",\"itemListElement\":[{\"@type\":\"ListItem\",\"position\":1,\"name\":\"Home\",\"item\":\"https:\/\/dasa.se\/\"},{\"@type\":\"ListItem\",\"position\":2,\"name\":\"do not remove!\",\"item\":\"https:\/\/dasa.se\/?page_id=876\"},{\"@type\":\"ListItem\",\"position\":3,\"name\":\"SMX.igs-a Inclination and Gyro Sensor\"}]},{\"@type\":\"WebSite\",\"@id\":\"https:\/\/dasa.se\/#website\",\"url\":\"https:\/\/dasa.se\/\",\"name\":\"Dasa: High-Performance Machine Control Systems\",\"description\":\"\",\"publisher\":{\"@id\":\"https:\/\/dasa.se\/#organization\"},\"potentialAction\":[{\"@type\":\"SearchAction\",\"target\":{\"@type\":\"EntryPoint\",\"urlTemplate\":\"https:\/\/dasa.se\/?s={search_term_string}\"},\"query-input\":{\"@type\":\"PropertyValueSpecification\",\"valueRequired\":true,\"valueName\":\"search_term_string\"}}],\"inLanguage\":\"sv-SE\"},{\"@type\":\"Organization\",\"@id\":\"https:\/\/dasa.se\/#organization\",\"name\":\"Dasa: High-Performance Machine Control Systems\",\"url\":\"https:\/\/dasa.se\/\",\"logo\":{\"@type\":\"ImageObject\",\"inLanguage\":\"sv-SE\",\"@id\":\"https:\/\/dasa.se\/#\/schema\/logo\/image\/\",\"url\":\"https:\/\/dasa.se\/wp-content\/uploads\/2024\/10\/logo3.png\",\"contentUrl\":\"https:\/\/dasa.se\/wp-content\/uploads\/2024\/10\/logo3.png\",\"width\":1000,\"height\":320,\"caption\":\"Dasa: High-Performance Machine Control Systems\"},\"image\":{\"@id\":\"https:\/\/dasa.se\/#\/schema\/logo\/image\/\"},\"sameAs\":[\"https:\/\/www.linkedin.com\/company\/dasa-control-systems\/\"]}]}<\/script>\n<!-- \/ Yoast SEO plugin. -->","yoast_head_json":{"title":"SMX.igs-a Lutnings- och gyrosensor - anv\u00e4nds inom skogsbruk | Dasa","robots":{"index":"index","follow":"follow","max-snippet":"max-snippet:-1","max-image-preview":"max-image-preview:large","max-video-preview":"max-video-preview:-1"},"canonical":"https:\/\/dasa.se\/sv\/produkt\/smx-igs-a-inclination-and-gyro-sensor\/","og_locale":"sv_SE","og_type":"article","og_title":"SMX.igs-a Inclination and Gyro Sensor - used in Forestry | Dasa","og_description":"The rugged SMX.igs-a series inclination sensors offer users full IMU functionality with functional safety and are available in PL b and SIL2 \/ PL d versions.","og_url":"https:\/\/dasa.se\/sv\/produkt\/smx-igs-a-inclination-and-gyro-sensor\/","og_site_name":"Dasa: High-Performance Machine Control Systems","article_modified_time":"2025-11-24T14:58:58+00:00","og_image":[{"width":442,"height":310,"url":"https:\/\/dasa.se\/wp-content\/uploads\/2024\/11\/SMX_igs_a.jpg","type":"image\/jpeg"}],"twitter_card":"summary_large_image","twitter_misc":{"Ber\u00e4knad l\u00e4stid":"1 minut"},"schema":{"@context":"https:\/\/schema.org","@graph":[{"@type":["WebPage","ItemPage"],"@id":"https:\/\/dasa.se\/fi\/product\/smx-igs-a-inclination-and-gyro-sensor\/","url":"https:\/\/dasa.se\/fi\/product\/smx-igs-a-inclination-and-gyro-sensor\/","name":"SMX.igs-a Lutnings- och gyrosensor - anv\u00e4nds inom skogsbruk | Dasa","isPartOf":{"@id":"https:\/\/dasa.se\/#website"},"primaryImageOfPage":{"@id":"https:\/\/dasa.se\/fi\/product\/smx-igs-a-inclination-and-gyro-sensor\/#primaryimage"},"image":{"@id":"https:\/\/dasa.se\/fi\/product\/smx-igs-a-inclination-and-gyro-sensor\/#primaryimage"},"thumbnailUrl":"https:\/\/dasa.se\/wp-content\/uploads\/2024\/11\/SMX_igs_a.jpg","datePublished":"2024-11-27T10:26:58+00:00","dateModified":"2025-11-24T14:58:58+00:00","breadcrumb":{"@id":"https:\/\/dasa.se\/fi\/product\/smx-igs-a-inclination-and-gyro-sensor\/#breadcrumb"},"inLanguage":"sv-SE","potentialAction":[{"@type":"ReadAction","target":["https:\/\/dasa.se\/fi\/product\/smx-igs-a-inclination-and-gyro-sensor\/"]}]},{"@type":"ImageObject","inLanguage":"sv-SE","@id":"https:\/\/dasa.se\/fi\/product\/smx-igs-a-inclination-and-gyro-sensor\/#primaryimage","url":"https:\/\/dasa.se\/wp-content\/uploads\/2024\/11\/SMX_igs_a.jpg","contentUrl":"https:\/\/dasa.se\/wp-content\/uploads\/2024\/11\/SMX_igs_a.jpg","width":442,"height":310,"caption":"Photograph of a metallic rectangular electronic enclosure with two circular connectors, a labelled top plate, and mounting flanges, published on www.dasa.se."},{"@type":"BreadcrumbList","@id":"https:\/\/dasa.se\/fi\/product\/smx-igs-a-inclination-and-gyro-sensor\/#breadcrumb","itemListElement":[{"@type":"ListItem","position":1,"name":"Home","item":"https:\/\/dasa.se\/"},{"@type":"ListItem","position":2,"name":"do not remove!","item":"https:\/\/dasa.se\/?page_id=876"},{"@type":"ListItem","position":3,"name":"SMX.igs-a Inclination and Gyro Sensor"}]},{"@type":"WebSite","@id":"https:\/\/dasa.se\/#website","url":"https:\/\/dasa.se\/","name":"Dasa: Styrsystem f\u00f6r h\u00f6gpresterande maskiner","description":"","publisher":{"@id":"https:\/\/dasa.se\/#organization"},"potentialAction":[{"@type":"SearchAction","target":{"@type":"EntryPoint","urlTemplate":"https:\/\/dasa.se\/?s={search_term_string}"},"query-input":{"@type":"PropertyValueSpecification","valueRequired":true,"valueName":"search_term_string"}}],"inLanguage":"sv-SE"},{"@type":"Organization","@id":"https:\/\/dasa.se\/#organization","name":"Dasa: Styrsystem f\u00f6r h\u00f6gpresterande maskiner","url":"https:\/\/dasa.se\/","logo":{"@type":"ImageObject","inLanguage":"sv-SE","@id":"https:\/\/dasa.se\/#\/schema\/logo\/image\/","url":"https:\/\/dasa.se\/wp-content\/uploads\/2024\/10\/logo3.png","contentUrl":"https:\/\/dasa.se\/wp-content\/uploads\/2024\/10\/logo3.png","width":1000,"height":320,"caption":"Dasa: High-Performance Machine Control Systems"},"image":{"@id":"https:\/\/dasa.se\/#\/schema\/logo\/image\/"},"sameAs":["https:\/\/www.linkedin.com\/company\/dasa-control-systems\/"]}]}},"_links":{"self":[{"href":"https:\/\/dasa.se\/sv\/wp-json\/wp\/v2\/product\/1380","targetHints":{"allow":["GET"]}}],"collection":[{"href":"https:\/\/dasa.se\/sv\/wp-json\/wp\/v2\/product"}],"about":[{"href":"https:\/\/dasa.se\/sv\/wp-json\/wp\/v2\/types\/product"}],"wp:featuredmedia":[{"embeddable":true,"href":"https:\/\/dasa.se\/sv\/wp-json\/wp\/v2\/media\/1381"}],"wp:attachment":[{"href":"https:\/\/dasa.se\/sv\/wp-json\/wp\/v2\/media?parent=1380"}],"wp:term":[{"taxonomy":"product_brand","embeddable":true,"href":"https:\/\/dasa.se\/sv\/wp-json\/wp\/v2\/product_brand?post=1380"},{"taxonomy":"product_cat","embeddable":true,"href":"https:\/\/dasa.se\/sv\/wp-json\/wp\/v2\/product_cat?post=1380"},{"taxonomy":"product_tag","embeddable":true,"href":"https:\/\/dasa.se\/sv\/wp-json\/wp\/v2\/product_tag?post=1380"}],"curies":[{"name":"wp","href":"https:\/\/api.w.org\/{rel}","templated":true}]}}