{"id":1810,"date":"2024-12-19T09:53:01","date_gmt":"2024-12-19T09:53:01","guid":{"rendered":"https:\/\/eznpp.beeweb-orange.io\/?post_type=product&#038;p=1810"},"modified":"2026-03-31T11:29:23","modified_gmt":"2026-03-31T11:29:23","slug":"dasa-h70","status":"publish","type":"product","link":"https:\/\/dasa.se\/sv\/produkt\/dasa-h70\/","title":{"rendered":"Dasa H70"},"content":{"rendered":"<p>Dasa H70 \u00e4r en anv\u00e4ndarv\u00e4nlig och mycket kompetent apteringsprogramvara f\u00f6r m\u00e4tning, styrning, \u00f6vervakning och hantering av produktionsprocessen. Programvaran Dasa H70 optimerar stockarnas v\u00e4rde (optimeringsaptering) baserat p\u00e5 en produktv\u00e4rdeslista och kapar alltid det h\u00f6gsta m\u00f6jliga v\u00e4rdet. Med Dasa H70 garanteras du en h\u00f6g produktivitet och ett h\u00f6gt utbyte.<\/p>\n<p>Dasa H70 har ett modernt och effektivt anv\u00e4ndargr\u00e4nssnitt som \u00e4r utformat f\u00f6r att kunna anv\u00e4ndas med systemets peksk\u00e4rm. Inst\u00e4llningar och andra funktioner i systemet n\u00e5s via huvudmenyn med en logisk och intuitiv navigering. Om operat\u00f6ren beh\u00f6ver v\u00e4gledning finns det en inbyggd supportfunktion som n\u00e5s via fr\u00e5getecknet i det \u00f6vre h\u00f6gra h\u00f6rnet. Om det uppst\u00e5r problem n\u00e5gonstans p\u00e5 sk\u00f6rdaren ger de visuella diagnostiksidorna en snabb \u00f6verblick s\u00e5 att stillest\u00e5nd kan undvikas.<\/p>\n<p>Programvaran Dasa H70 \u00e4r utformad i enlighet med StanForD 2010. Ett stort antal prislistor, instruktioner f\u00f6r avverkningskontrakt etc. kan matas in i H70-programvaran som bearbetar informationen och optimerar v\u00e4rdet p\u00e5 stockarna. Intressenter som s\u00e5gverk och skogsbolag kan kontinuerligt uppdatera prislistor etc. f\u00f6r att skapa optimalt v\u00e4rde f\u00f6r alla parter utan att orsaka kr\u00e5ngel f\u00f6r operat\u00f6ren.<\/p>\n<p>F\u00f6r att kombinera styrkan hos Dasa H70-systemet, basmaskinen och bearbetningshuvudet, \u00e4r det m\u00f6jligt att anpassa funktioner och delar av HMI.<\/p>\n<p>F\u00f6r att f\u00e5 mer nytta rekommenderar vi att du kombinerar Dasa H70 med andra programvaror och tj\u00e4nster som Dasa GeoInfo, Dasa Insight och TeamViewer.<\/p>","protected":false},"excerpt":{"rendered":"<p>Programvaran Dasa H70 optimerar stockarnas v\u00e4rde (optimeringsaptering) baserat p\u00e5 en produktv\u00e4rdeslista och kapar alltid det h\u00f6gsta m\u00f6jliga v\u00e4rdet. Med Dasa H70 \u00e4r du garanterad h\u00f6g produktivitet och avkastning.<\/p>","protected":false},"featured_media":1830,"template":"","meta":[],"product_brand":[],"product_cat":[33],"product_tag":[],"class_list":{"0":"post-1810","1":"product","2":"type-product","3":"status-publish","4":"has-post-thumbnail","6":"product_cat-bucking-software","8":"first","9":"instock","10":"shipping-taxable","11":"product-type-simple"},"yoast_head":"<!-- This site is optimized with the Yoast SEO plugin v26.7 - https:\/\/yoast.com\/wordpress\/plugins\/seo\/ -->\n<title>Dasa H70 \u2013 Advanced Log Bucking Software for Forestry<\/title>\n<meta name=\"description\" content=\"Take your logging to the next level with Dasa H70. Our advanced log bucking software offers superior control and efficiency for forestry professionals. Read more!\" \/>\n<meta name=\"robots\" content=\"index, follow, max-snippet:-1, max-image-preview:large, max-video-preview:-1\" \/>\n<link rel=\"canonical\" href=\"https:\/\/dasa.se\/sv\/produkt\/dasa-h70\/\" \/>\n<meta property=\"og:locale\" content=\"sv_SE\" \/>\n<meta property=\"og:type\" content=\"article\" \/>\n<meta property=\"og:title\" content=\"Dasa H70 \u2013 Advanced Log Bucking Software for Forestry\" \/>\n<meta property=\"og:description\" content=\"Take your logging to the next level with Dasa H70. Our advanced log bucking software offers superior control and efficiency for forestry professionals. Read more!\" \/>\n<meta property=\"og:url\" content=\"https:\/\/dasa.se\/sv\/produkt\/dasa-h70\/\" \/>\n<meta property=\"og:site_name\" content=\"Dasa: High-Performance Machine Control Systems\" \/>\n<meta property=\"article:modified_time\" content=\"2026-03-31T11:29:23+00:00\" \/>\n<meta property=\"og:image\" content=\"https:\/\/dasa.se\/wp-content\/uploads\/2024\/12\/Dasa-H70-run-screen-1.png\" \/>\n\t<meta property=\"og:image:width\" content=\"1366\" \/>\n\t<meta property=\"og:image:height\" content=\"1366\" \/>\n\t<meta property=\"og:image:type\" content=\"image\/png\" \/>\n<meta name=\"twitter:card\" content=\"summary_large_image\" \/>\n<meta name=\"twitter:label1\" content=\"Ber\u00e4knad l\u00e4stid\" \/>\n\t<meta name=\"twitter:data1\" content=\"2 minuter\" \/>\n<script type=\"application\/ld+json\" class=\"yoast-schema-graph\">{\"@context\":\"https:\/\/schema.org\",\"@graph\":[{\"@type\":[\"WebPage\",\"ItemPage\"],\"@id\":\"https:\/\/dasa.se\/product\/dasa-h70\/\",\"url\":\"https:\/\/dasa.se\/product\/dasa-h70\/\",\"name\":\"Dasa H70 \u2013 Advanced Log Bucking Software for Forestry\",\"isPartOf\":{\"@id\":\"https:\/\/dasa.se\/#website\"},\"primaryImageOfPage\":{\"@id\":\"https:\/\/dasa.se\/product\/dasa-h70\/#primaryimage\"},\"image\":{\"@id\":\"https:\/\/dasa.se\/product\/dasa-h70\/#primaryimage\"},\"thumbnailUrl\":\"https:\/\/dasa.se\/wp-content\/uploads\/2024\/12\/Dasa-H70-run-screen-1.png\",\"datePublished\":\"2024-12-19T09:53:01+00:00\",\"dateModified\":\"2026-03-31T11:29:23+00:00\",\"description\":\"Take your logging to the next level with Dasa H70. Our advanced log bucking software offers superior control and efficiency for forestry professionals. Read more!\",\"breadcrumb\":{\"@id\":\"https:\/\/dasa.se\/product\/dasa-h70\/#breadcrumb\"},\"inLanguage\":\"sv-SE\",\"potentialAction\":[{\"@type\":\"ReadAction\",\"target\":[\"https:\/\/dasa.se\/product\/dasa-h70\/\"]}]},{\"@type\":\"ImageObject\",\"inLanguage\":\"sv-SE\",\"@id\":\"https:\/\/dasa.se\/product\/dasa-h70\/#primaryimage\",\"url\":\"https:\/\/dasa.se\/wp-content\/uploads\/2024\/12\/Dasa-H70-run-screen-1.png\",\"contentUrl\":\"https:\/\/dasa.se\/wp-content\/uploads\/2024\/12\/Dasa-H70-run-screen-1.png\",\"width\":1366,\"height\":1366,\"caption\":\"Screenshot of a forestry machine user interface showing a large blue \\\"372\\\" count, a black \\\"252\\\" value, a central pine icon labeled \\\"Q1\\\", a colored length\/volume bar chart, and status icons along the bottom, published on www.dasa.se.\"},{\"@type\":\"BreadcrumbList\",\"@id\":\"https:\/\/dasa.se\/product\/dasa-h70\/#breadcrumb\",\"itemListElement\":[{\"@type\":\"ListItem\",\"position\":1,\"name\":\"Home\",\"item\":\"https:\/\/dasa.se\/\"},{\"@type\":\"ListItem\",\"position\":2,\"name\":\"do not remove!\",\"item\":\"https:\/\/dasa.se\/?page_id=876\"},{\"@type\":\"ListItem\",\"position\":3,\"name\":\"Dasa H70\"}]},{\"@type\":\"WebSite\",\"@id\":\"https:\/\/dasa.se\/#website\",\"url\":\"https:\/\/dasa.se\/\",\"name\":\"Dasa: High-Performance Machine Control Systems\",\"description\":\"\",\"publisher\":{\"@id\":\"https:\/\/dasa.se\/#organization\"},\"potentialAction\":[{\"@type\":\"SearchAction\",\"target\":{\"@type\":\"EntryPoint\",\"urlTemplate\":\"https:\/\/dasa.se\/?s={search_term_string}\"},\"query-input\":{\"@type\":\"PropertyValueSpecification\",\"valueRequired\":true,\"valueName\":\"search_term_string\"}}],\"inLanguage\":\"sv-SE\"},{\"@type\":\"Organization\",\"@id\":\"https:\/\/dasa.se\/#organization\",\"name\":\"Dasa: High-Performance Machine Control Systems\",\"url\":\"https:\/\/dasa.se\/\",\"logo\":{\"@type\":\"ImageObject\",\"inLanguage\":\"sv-SE\",\"@id\":\"https:\/\/dasa.se\/#\/schema\/logo\/image\/\",\"url\":\"https:\/\/dasa.se\/wp-content\/uploads\/2024\/10\/logo3.png\",\"contentUrl\":\"https:\/\/dasa.se\/wp-content\/uploads\/2024\/10\/logo3.png\",\"width\":1000,\"height\":320,\"caption\":\"Dasa: High-Performance Machine Control Systems\"},\"image\":{\"@id\":\"https:\/\/dasa.se\/#\/schema\/logo\/image\/\"},\"sameAs\":[\"https:\/\/www.linkedin.com\/company\/dasa-control-systems\/\"]}]}<\/script>\n<!-- \/ Yoast SEO plugin. -->","yoast_head_json":{"title":"Dasa H70 - Avancerad programvara f\u00f6r timmerlastning f\u00f6r skogsbruk","description":"Ta din avverkning till n\u00e4sta niv\u00e5 med Dasa H70. V\u00e5r avancerade programvara f\u00f6r stocktimmerkapning erbjuder \u00f6verl\u00e4gsen kontroll och effektivitet f\u00f6r skogsproffs. L\u00e4s mer!","robots":{"index":"index","follow":"follow","max-snippet":"max-snippet:-1","max-image-preview":"max-image-preview:large","max-video-preview":"max-video-preview:-1"},"canonical":"https:\/\/dasa.se\/sv\/produkt\/dasa-h70\/","og_locale":"sv_SE","og_type":"article","og_title":"Dasa H70 \u2013 Advanced Log Bucking Software for Forestry","og_description":"Take your logging to the next level with Dasa H70. Our advanced log bucking software offers superior control and efficiency for forestry professionals. Read more!","og_url":"https:\/\/dasa.se\/sv\/produkt\/dasa-h70\/","og_site_name":"Dasa: High-Performance Machine Control Systems","article_modified_time":"2026-03-31T11:29:23+00:00","og_image":[{"width":1366,"height":1366,"url":"https:\/\/dasa.se\/wp-content\/uploads\/2024\/12\/Dasa-H70-run-screen-1.png","type":"image\/png"}],"twitter_card":"summary_large_image","twitter_misc":{"Ber\u00e4knad l\u00e4stid":"2 minuter"},"schema":{"@context":"https:\/\/schema.org","@graph":[{"@type":["WebPage","ItemPage"],"@id":"https:\/\/dasa.se\/product\/dasa-h70\/","url":"https:\/\/dasa.se\/product\/dasa-h70\/","name":"Dasa H70 - Avancerad programvara f\u00f6r timmerlastning f\u00f6r skogsbruk","isPartOf":{"@id":"https:\/\/dasa.se\/#website"},"primaryImageOfPage":{"@id":"https:\/\/dasa.se\/product\/dasa-h70\/#primaryimage"},"image":{"@id":"https:\/\/dasa.se\/product\/dasa-h70\/#primaryimage"},"thumbnailUrl":"https:\/\/dasa.se\/wp-content\/uploads\/2024\/12\/Dasa-H70-run-screen-1.png","datePublished":"2024-12-19T09:53:01+00:00","dateModified":"2026-03-31T11:29:23+00:00","description":"Ta din avverkning till n\u00e4sta niv\u00e5 med Dasa H70. V\u00e5r avancerade programvara f\u00f6r stocktimmerkapning erbjuder \u00f6verl\u00e4gsen kontroll och effektivitet f\u00f6r skogsproffs. L\u00e4s mer!","breadcrumb":{"@id":"https:\/\/dasa.se\/product\/dasa-h70\/#breadcrumb"},"inLanguage":"sv-SE","potentialAction":[{"@type":"ReadAction","target":["https:\/\/dasa.se\/product\/dasa-h70\/"]}]},{"@type":"ImageObject","inLanguage":"sv-SE","@id":"https:\/\/dasa.se\/product\/dasa-h70\/#primaryimage","url":"https:\/\/dasa.se\/wp-content\/uploads\/2024\/12\/Dasa-H70-run-screen-1.png","contentUrl":"https:\/\/dasa.se\/wp-content\/uploads\/2024\/12\/Dasa-H70-run-screen-1.png","width":1366,"height":1366,"caption":"Screenshot of a forestry machine user interface showing a large blue \"372\" count, a black \"252\" value, a central pine icon labeled \"Q1\", a colored length\/volume bar chart, and status icons along the bottom, published on www.dasa.se."},{"@type":"BreadcrumbList","@id":"https:\/\/dasa.se\/product\/dasa-h70\/#breadcrumb","itemListElement":[{"@type":"ListItem","position":1,"name":"Home","item":"https:\/\/dasa.se\/"},{"@type":"ListItem","position":2,"name":"do not remove!","item":"https:\/\/dasa.se\/?page_id=876"},{"@type":"ListItem","position":3,"name":"Dasa H70"}]},{"@type":"WebSite","@id":"https:\/\/dasa.se\/#website","url":"https:\/\/dasa.se\/","name":"Dasa: Styrsystem f\u00f6r h\u00f6gpresterande maskiner","description":"","publisher":{"@id":"https:\/\/dasa.se\/#organization"},"potentialAction":[{"@type":"SearchAction","target":{"@type":"EntryPoint","urlTemplate":"https:\/\/dasa.se\/?s={search_term_string}"},"query-input":{"@type":"PropertyValueSpecification","valueRequired":true,"valueName":"search_term_string"}}],"inLanguage":"sv-SE"},{"@type":"Organization","@id":"https:\/\/dasa.se\/#organization","name":"Dasa: Styrsystem f\u00f6r h\u00f6gpresterande maskiner","url":"https:\/\/dasa.se\/","logo":{"@type":"ImageObject","inLanguage":"sv-SE","@id":"https:\/\/dasa.se\/#\/schema\/logo\/image\/","url":"https:\/\/dasa.se\/wp-content\/uploads\/2024\/10\/logo3.png","contentUrl":"https:\/\/dasa.se\/wp-content\/uploads\/2024\/10\/logo3.png","width":1000,"height":320,"caption":"Dasa: High-Performance Machine Control Systems"},"image":{"@id":"https:\/\/dasa.se\/#\/schema\/logo\/image\/"},"sameAs":["https:\/\/www.linkedin.com\/company\/dasa-control-systems\/"]}]}},"_links":{"self":[{"href":"https:\/\/dasa.se\/sv\/wp-json\/wp\/v2\/product\/1810","targetHints":{"allow":["GET"]}}],"collection":[{"href":"https:\/\/dasa.se\/sv\/wp-json\/wp\/v2\/product"}],"about":[{"href":"https:\/\/dasa.se\/sv\/wp-json\/wp\/v2\/types\/product"}],"wp:featuredmedia":[{"embeddable":true,"href":"https:\/\/dasa.se\/sv\/wp-json\/wp\/v2\/media\/1830"}],"wp:attachment":[{"href":"https:\/\/dasa.se\/sv\/wp-json\/wp\/v2\/media?parent=1810"}],"wp:term":[{"taxonomy":"product_brand","embeddable":true,"href":"https:\/\/dasa.se\/sv\/wp-json\/wp\/v2\/product_brand?post=1810"},{"taxonomy":"product_cat","embeddable":true,"href":"https:\/\/dasa.se\/sv\/wp-json\/wp\/v2\/product_cat?post=1810"},{"taxonomy":"product_tag","embeddable":true,"href":"https:\/\/dasa.se\/sv\/wp-json\/wp\/v2\/product_tag?post=1810"}],"curies":[{"name":"wp","href":"https:\/\/api.w.org\/{rel}","templated":true}]}}