{"id":1827,"date":"2024-12-18T10:37:46","date_gmt":"2024-12-18T10:37:46","guid":{"rendered":"https:\/\/eznpp.beeweb-orange.io\/?post_type=product&#038;p=1827"},"modified":"2026-03-31T11:25:44","modified_gmt":"2026-03-31T11:25:44","slug":"dasa-h60","status":"publish","type":"product","link":"https:\/\/dasa.se\/sv\/produkt\/dasa-h60\/","title":{"rendered":"Dasa H60"},"content":{"rendered":"<p>Dasa H60 \u00e4r en anv\u00e4ndarv\u00e4nlig och mycket kompetent apteringsprogramvara f\u00f6r m\u00e4tning, styrning, \u00f6vervakning och hantering av produktionsprocessen. Programvaran Dasa H60 prioriterar (prioritetsaptering) vilka l\u00e4ngder som ska kapas baserat p\u00e5 en lista \u00f6ver \u00f6nskade l\u00e4ngder. Med Dasa H60 kan du vara s\u00e4ker p\u00e5 att systemet alltid kapar dina \u00f6nskade stockar, och du \u00e4r garanterad en h\u00f6g produktivitet och avkastning.<\/p>\n<p>Dasa H60 har ett modernt och effektivt anv\u00e4ndargr\u00e4nssnitt som \u00e4r utformat f\u00f6r att anv\u00e4ndas med systemets peksk\u00e4rm. Inst\u00e4llningar och andra funktioner i systemet n\u00e5s via huvudmenyn med en logisk och intuitiv navigering. Om operat\u00f6ren beh\u00f6ver v\u00e4gledning finns det en inbyggd supportfunktion som n\u00e5s via fr\u00e5getecknet i det \u00f6vre h\u00f6gra h\u00f6rnet. Om det uppst\u00e5r problem n\u00e5gonstans p\u00e5 sk\u00f6rdaren ger de visuella diagnostiksidorna en snabb \u00f6verblick s\u00e5 att stillest\u00e5nd kan undvikas.<\/p>\n<p>Programvaran Dasa H60 \u00e4r utformad enligt StanForD 2010 och det \u00e4r m\u00f6jligt att exportera filer i b\u00e5de StanForD 2010- och StanForD classic-format. Dasa H60 har ett mycket bra gr\u00e4nssnitt f\u00f6r hantering av l\u00e4ngder, tr\u00e4dslag och produktgrupper s\u00e5 det \u00e4r enkelt att skapa en lista med produkter och ange prioritet. \u00c4ven apteringsinstruktioner kan importeras till programmet.<\/p>\n<p>F\u00f6r att kombinera styrkan hos Dasa H60-systemet, basmaskinen och bearbetningshuvudet, \u00e4r det m\u00f6jligt att anpassa funktioner och delar av HMI.<\/p>\n<p>F\u00f6r att f\u00e5 mer nytta rekommenderar vi att du kombinerar Dasa H60 med andra programvaror och tj\u00e4nster som Dasa GeoInfo, Dasa Insight och TeamViewer.<\/p>","protected":false},"excerpt":{"rendered":"<p>Programvaran Dasa H60 prioriterar (prioritetsaptering) vilka l\u00e4ngder som ska kapas baserat p\u00e5 en lista \u00f6ver \u00f6nskade l\u00e4ngder. Med Dasa H60 kan du vara s\u00e4ker p\u00e5 att systemet alltid kapar dina \u00f6nskade stockar, och du garanteras en h\u00f6g produktivitet och ett h\u00f6gt utbyte.<\/p>","protected":false},"featured_media":1828,"template":"","meta":[],"product_brand":[],"product_cat":[33],"product_tag":[],"class_list":{"0":"post-1827","1":"product","2":"type-product","3":"status-publish","4":"has-post-thumbnail","6":"product_cat-bucking-software","8":"first","9":"instock","10":"shipping-taxable","11":"product-type-simple"},"yoast_head":"<!-- This site is optimized with the Yoast SEO plugin v26.7 - https:\/\/yoast.com\/wordpress\/plugins\/seo\/ -->\n<title>Dasa H60 \u2013 Log Bucking Software for Forestry Output | Dasa<\/title>\n<meta name=\"description\" content=\"Maximize your forestry output with Dasa H60. Our advanced log bucking software ensures high precision and efficiency for professional loggers. Read more here!\" \/>\n<meta name=\"robots\" content=\"index, follow, max-snippet:-1, max-image-preview:large, max-video-preview:-1\" \/>\n<link rel=\"canonical\" href=\"https:\/\/dasa.se\/sv\/produkt\/dasa-h60\/\" \/>\n<meta property=\"og:locale\" content=\"sv_SE\" \/>\n<meta property=\"og:type\" content=\"article\" \/>\n<meta property=\"og:title\" content=\"Dasa H60 \u2013 Log Bucking Software for Forestry Output | Dasa\" \/>\n<meta property=\"og:description\" content=\"Maximize your forestry output with Dasa H60. Our advanced log bucking software ensures high precision and efficiency for professional loggers. Read more here!\" \/>\n<meta property=\"og:url\" content=\"https:\/\/dasa.se\/sv\/produkt\/dasa-h60\/\" \/>\n<meta property=\"og:site_name\" content=\"Dasa: High-Performance Machine Control Systems\" \/>\n<meta property=\"article:modified_time\" content=\"2026-03-31T11:25:44+00:00\" \/>\n<meta property=\"og:image\" content=\"https:\/\/dasa.se\/wp-content\/uploads\/2024\/12\/H60.png\" \/>\n\t<meta property=\"og:image:width\" content=\"1800\" \/>\n\t<meta property=\"og:image:height\" content=\"1800\" \/>\n\t<meta property=\"og:image:type\" content=\"image\/png\" \/>\n<meta name=\"twitter:card\" content=\"summary_large_image\" \/>\n<meta name=\"twitter:label1\" content=\"Ber\u00e4knad l\u00e4stid\" \/>\n\t<meta name=\"twitter:data1\" content=\"2 minuter\" \/>\n<script type=\"application\/ld+json\" class=\"yoast-schema-graph\">{\"@context\":\"https:\/\/schema.org\",\"@graph\":[{\"@type\":[\"WebPage\",\"ItemPage\"],\"@id\":\"https:\/\/dasa.se\/product\/dasa-h60\/\",\"url\":\"https:\/\/dasa.se\/product\/dasa-h60\/\",\"name\":\"Dasa H60 \u2013 Log Bucking Software for Forestry Output | Dasa\",\"isPartOf\":{\"@id\":\"https:\/\/dasa.se\/#website\"},\"primaryImageOfPage\":{\"@id\":\"https:\/\/dasa.se\/product\/dasa-h60\/#primaryimage\"},\"image\":{\"@id\":\"https:\/\/dasa.se\/product\/dasa-h60\/#primaryimage\"},\"thumbnailUrl\":\"https:\/\/dasa.se\/wp-content\/uploads\/2024\/12\/H60.png\",\"datePublished\":\"2024-12-18T10:37:46+00:00\",\"dateModified\":\"2026-03-31T11:25:44+00:00\",\"description\":\"Maximize your forestry output with Dasa H60. Our advanced log bucking software ensures high precision and efficiency for professional loggers. Read more here!\",\"breadcrumb\":{\"@id\":\"https:\/\/dasa.se\/product\/dasa-h60\/#breadcrumb\"},\"inLanguage\":\"sv-SE\",\"potentialAction\":[{\"@type\":\"ReadAction\",\"target\":[\"https:\/\/dasa.se\/product\/dasa-h60\/\"]}]},{\"@type\":\"ImageObject\",\"inLanguage\":\"sv-SE\",\"@id\":\"https:\/\/dasa.se\/product\/dasa-h60\/#primaryimage\",\"url\":\"https:\/\/dasa.se\/wp-content\/uploads\/2024\/12\/H60.png\",\"contentUrl\":\"https:\/\/dasa.se\/wp-content\/uploads\/2024\/12\/H60.png\",\"width\":1800,\"height\":1800,\"caption\":\"Screenshot of a timber-measurement dashboard showing large numeric panels (504 in green and 235), a \\\"Pine\\\" label, a colored volume bar chart, various icons and status readouts, published on www.dasa.se.\"},{\"@type\":\"BreadcrumbList\",\"@id\":\"https:\/\/dasa.se\/product\/dasa-h60\/#breadcrumb\",\"itemListElement\":[{\"@type\":\"ListItem\",\"position\":1,\"name\":\"Home\",\"item\":\"https:\/\/dasa.se\/\"},{\"@type\":\"ListItem\",\"position\":2,\"name\":\"do not remove!\",\"item\":\"https:\/\/dasa.se\/?page_id=876\"},{\"@type\":\"ListItem\",\"position\":3,\"name\":\"Dasa H60\"}]},{\"@type\":\"WebSite\",\"@id\":\"https:\/\/dasa.se\/#website\",\"url\":\"https:\/\/dasa.se\/\",\"name\":\"Dasa: High-Performance Machine Control Systems\",\"description\":\"\",\"publisher\":{\"@id\":\"https:\/\/dasa.se\/#organization\"},\"potentialAction\":[{\"@type\":\"SearchAction\",\"target\":{\"@type\":\"EntryPoint\",\"urlTemplate\":\"https:\/\/dasa.se\/?s={search_term_string}\"},\"query-input\":{\"@type\":\"PropertyValueSpecification\",\"valueRequired\":true,\"valueName\":\"search_term_string\"}}],\"inLanguage\":\"sv-SE\"},{\"@type\":\"Organization\",\"@id\":\"https:\/\/dasa.se\/#organization\",\"name\":\"Dasa: High-Performance Machine Control Systems\",\"url\":\"https:\/\/dasa.se\/\",\"logo\":{\"@type\":\"ImageObject\",\"inLanguage\":\"sv-SE\",\"@id\":\"https:\/\/dasa.se\/#\/schema\/logo\/image\/\",\"url\":\"https:\/\/dasa.se\/wp-content\/uploads\/2024\/10\/logo3.png\",\"contentUrl\":\"https:\/\/dasa.se\/wp-content\/uploads\/2024\/10\/logo3.png\",\"width\":1000,\"height\":320,\"caption\":\"Dasa: High-Performance Machine Control Systems\"},\"image\":{\"@id\":\"https:\/\/dasa.se\/#\/schema\/logo\/image\/\"},\"sameAs\":[\"https:\/\/www.linkedin.com\/company\/dasa-control-systems\/\"]}]}<\/script>\n<!-- \/ Yoast SEO plugin. -->","yoast_head_json":{"title":"Dasa H60 - Programvara f\u00f6r timmerlastning f\u00f6r skogsbruk | Dasa","description":"Maximera din skogsproduktion med Dasa H60. V\u00e5r avancerade kapningsmjukvara s\u00e4kerst\u00e4ller h\u00f6g precision och effektivitet f\u00f6r professionella skogsarbetare. L\u00e4s mer h\u00e4r!","robots":{"index":"index","follow":"follow","max-snippet":"max-snippet:-1","max-image-preview":"max-image-preview:large","max-video-preview":"max-video-preview:-1"},"canonical":"https:\/\/dasa.se\/sv\/produkt\/dasa-h60\/","og_locale":"sv_SE","og_type":"article","og_title":"Dasa H60 \u2013 Log Bucking Software for Forestry Output | Dasa","og_description":"Maximize your forestry output with Dasa H60. Our advanced log bucking software ensures high precision and efficiency for professional loggers. Read more here!","og_url":"https:\/\/dasa.se\/sv\/produkt\/dasa-h60\/","og_site_name":"Dasa: High-Performance Machine Control Systems","article_modified_time":"2026-03-31T11:25:44+00:00","og_image":[{"width":1800,"height":1800,"url":"https:\/\/dasa.se\/wp-content\/uploads\/2024\/12\/H60.png","type":"image\/png"}],"twitter_card":"summary_large_image","twitter_misc":{"Ber\u00e4knad l\u00e4stid":"2 minuter"},"schema":{"@context":"https:\/\/schema.org","@graph":[{"@type":["WebPage","ItemPage"],"@id":"https:\/\/dasa.se\/product\/dasa-h60\/","url":"https:\/\/dasa.se\/product\/dasa-h60\/","name":"Dasa H60 - Programvara f\u00f6r timmerlastning f\u00f6r skogsbruk | Dasa","isPartOf":{"@id":"https:\/\/dasa.se\/#website"},"primaryImageOfPage":{"@id":"https:\/\/dasa.se\/product\/dasa-h60\/#primaryimage"},"image":{"@id":"https:\/\/dasa.se\/product\/dasa-h60\/#primaryimage"},"thumbnailUrl":"https:\/\/dasa.se\/wp-content\/uploads\/2024\/12\/H60.png","datePublished":"2024-12-18T10:37:46+00:00","dateModified":"2026-03-31T11:25:44+00:00","description":"Maximera din skogsproduktion med Dasa H60. V\u00e5r avancerade kapningsmjukvara s\u00e4kerst\u00e4ller h\u00f6g precision och effektivitet f\u00f6r professionella skogsarbetare. L\u00e4s mer h\u00e4r!","breadcrumb":{"@id":"https:\/\/dasa.se\/product\/dasa-h60\/#breadcrumb"},"inLanguage":"sv-SE","potentialAction":[{"@type":"ReadAction","target":["https:\/\/dasa.se\/product\/dasa-h60\/"]}]},{"@type":"ImageObject","inLanguage":"sv-SE","@id":"https:\/\/dasa.se\/product\/dasa-h60\/#primaryimage","url":"https:\/\/dasa.se\/wp-content\/uploads\/2024\/12\/H60.png","contentUrl":"https:\/\/dasa.se\/wp-content\/uploads\/2024\/12\/H60.png","width":1800,"height":1800,"caption":"Screenshot of a timber-measurement dashboard showing large numeric panels (504 in green and 235), a \"Pine\" label, a colored volume bar chart, various icons and status readouts, published on www.dasa.se."},{"@type":"BreadcrumbList","@id":"https:\/\/dasa.se\/product\/dasa-h60\/#breadcrumb","itemListElement":[{"@type":"ListItem","position":1,"name":"Home","item":"https:\/\/dasa.se\/"},{"@type":"ListItem","position":2,"name":"do not remove!","item":"https:\/\/dasa.se\/?page_id=876"},{"@type":"ListItem","position":3,"name":"Dasa H60"}]},{"@type":"WebSite","@id":"https:\/\/dasa.se\/#website","url":"https:\/\/dasa.se\/","name":"Dasa: Styrsystem f\u00f6r h\u00f6gpresterande maskiner","description":"","publisher":{"@id":"https:\/\/dasa.se\/#organization"},"potentialAction":[{"@type":"SearchAction","target":{"@type":"EntryPoint","urlTemplate":"https:\/\/dasa.se\/?s={search_term_string}"},"query-input":{"@type":"PropertyValueSpecification","valueRequired":true,"valueName":"search_term_string"}}],"inLanguage":"sv-SE"},{"@type":"Organization","@id":"https:\/\/dasa.se\/#organization","name":"Dasa: Styrsystem f\u00f6r h\u00f6gpresterande maskiner","url":"https:\/\/dasa.se\/","logo":{"@type":"ImageObject","inLanguage":"sv-SE","@id":"https:\/\/dasa.se\/#\/schema\/logo\/image\/","url":"https:\/\/dasa.se\/wp-content\/uploads\/2024\/10\/logo3.png","contentUrl":"https:\/\/dasa.se\/wp-content\/uploads\/2024\/10\/logo3.png","width":1000,"height":320,"caption":"Dasa: High-Performance Machine Control Systems"},"image":{"@id":"https:\/\/dasa.se\/#\/schema\/logo\/image\/"},"sameAs":["https:\/\/www.linkedin.com\/company\/dasa-control-systems\/"]}]}},"_links":{"self":[{"href":"https:\/\/dasa.se\/sv\/wp-json\/wp\/v2\/product\/1827","targetHints":{"allow":["GET"]}}],"collection":[{"href":"https:\/\/dasa.se\/sv\/wp-json\/wp\/v2\/product"}],"about":[{"href":"https:\/\/dasa.se\/sv\/wp-json\/wp\/v2\/types\/product"}],"wp:featuredmedia":[{"embeddable":true,"href":"https:\/\/dasa.se\/sv\/wp-json\/wp\/v2\/media\/1828"}],"wp:attachment":[{"href":"https:\/\/dasa.se\/sv\/wp-json\/wp\/v2\/media?parent=1827"}],"wp:term":[{"taxonomy":"product_brand","embeddable":true,"href":"https:\/\/dasa.se\/sv\/wp-json\/wp\/v2\/product_brand?post=1827"},{"taxonomy":"product_cat","embeddable":true,"href":"https:\/\/dasa.se\/sv\/wp-json\/wp\/v2\/product_cat?post=1827"},{"taxonomy":"product_tag","embeddable":true,"href":"https:\/\/dasa.se\/sv\/wp-json\/wp\/v2\/product_tag?post=1827"}],"curies":[{"name":"wp","href":"https:\/\/api.w.org\/{rel}","templated":true}]}}