{"id":1832,"date":"2024-12-19T09:51:44","date_gmt":"2024-12-19T09:51:44","guid":{"rendered":"https:\/\/eznpp.beeweb-orange.io\/?post_type=product&#038;p=1832"},"modified":"2026-03-31T11:24:45","modified_gmt":"2026-03-31T11:24:45","slug":"dasa-h50","status":"publish","type":"product","link":"https:\/\/dasa.se\/sv\/produkt\/dasa-h50\/","title":{"rendered":"Dasa H50"},"content":{"rendered":"<p>Dasa H50 \u00e4r en robust och l\u00e4ttanv\u00e4nd apteringsprogramvara f\u00f6r m\u00e4tning och styrning av produktionsprocessen. St\u00e4ll bara in prioritet f\u00f6r l\u00e4ngd och diameter s\u00e5 ser Dasa H50 till att du f\u00e5r \u00f6nskat apteringsresultat. Anv\u00e4ndargr\u00e4nssnittet \u00e4r modernt och utseendet \u00e4r detsamma som i en smartphone.<\/p>\n<p>Alla viktiga funktioner i Dasa H50 \u00e4r tillg\u00e4ngliga p\u00e5 sk\u00e4rmen via stora, tydliga knappar och menyer. Avverkningsinstruktioner skapas och redigeras direkt i maskinen och programmet kan hantera flera avverkningsavtal. Kalibrering och kontrollm\u00e4tning av l\u00e4ngd och diameter kan g\u00f6ras manuellt eller med ett skjutm\u00e5tt i datorn. Det \u00e4r m\u00f6jligt att anv\u00e4nda mer avancerade apteringsfunktioner som barkfunktion, volymtyp och produkthantering. F\u00f6rarhantering, produktionsrapportering och backup \u00e4r andra praktiska funktioner.<\/p>\n<p>Dasa H50 finns ocks\u00e5 i ett enkelt \u201cl\u00e4ge\u201d d\u00e4r du inte beh\u00f6ver skapa ett avverkningskontrakt. Allt som beh\u00f6vs \u00e4r en prioriteringslista med l\u00e4ngder.<\/p>\n<p>Fj\u00e4rrsupport \u00e4r m\u00f6jlig genom anslutning via en befintlig internetanslutning (som kanske redan finns i maskinen), ett separat modem (tillval) eller operat\u00f6rens mobiltelefon. Det g\u00f6r att en servicetekniker kan hj\u00e4lpa till med fels\u00f6kning och inst\u00e4llningar p\u00e5 distans, utan att vara fysiskt n\u00e4rvarande vid maskinen. Det \u00e4r ocks\u00e5 m\u00f6jligt att ansluta och visa bilden fr\u00e5n en kamera i Dasa H50. Ett bra exempel p\u00e5 anv\u00e4ndning \u00e4r att anv\u00e4nda denna funktion f\u00f6r en backkamera.<\/p>\n<p>F\u00f6r att kombinera styrkan hos Dasa H50-systemet, basmaskinen och bearbetningshuvudet \u00e4r det m\u00f6jligt att anpassa funktioner och delar av HMI.<\/p>","protected":false},"excerpt":{"rendered":"<p>Dasa H50 \u00e4r ett robust och l\u00e4ttanv\u00e4nt apteringsprogram f\u00f6r m\u00e4tning och styrning av produktionsprocessen. St\u00e4ll bara in prioritet f\u00f6r l\u00e4ngd och diameter s\u00e5 ser Dasa H50 till att du f\u00e5r det \u00f6nskade apteringsresultatet.<\/p>","protected":false},"featured_media":1833,"template":"","meta":[],"product_brand":[],"product_cat":[33],"product_tag":[],"class_list":{"0":"post-1832","1":"product","2":"type-product","3":"status-publish","4":"has-post-thumbnail","6":"product_cat-bucking-software","8":"first","9":"instock","10":"shipping-taxable","11":"product-type-simple"},"yoast_head":"<!-- This site is optimized with the Yoast SEO plugin v26.7 - https:\/\/yoast.com\/wordpress\/plugins\/seo\/ -->\n<title>Dasa H50 \u2013 Robust Easy-to-Use Log Bucking Software | Dasa<\/title>\n<meta name=\"description\" content=\"Maximize your yield with Dasa H50. Our robust and easy-to-use log bucking software is designed for professional forestry operations. Explore the features here!\" \/>\n<meta name=\"robots\" content=\"index, follow, max-snippet:-1, max-image-preview:large, max-video-preview:-1\" \/>\n<link rel=\"canonical\" href=\"https:\/\/dasa.se\/sv\/produkt\/dasa-h50\/\" \/>\n<meta property=\"og:locale\" content=\"sv_SE\" \/>\n<meta property=\"og:type\" content=\"article\" \/>\n<meta property=\"og:title\" content=\"Dasa H50 \u2013 Robust Easy-to-Use Log Bucking Software | Dasa\" \/>\n<meta property=\"og:description\" content=\"Maximize your yield with Dasa H50. Our robust and easy-to-use log bucking software is designed for professional forestry operations. Explore the features here!\" \/>\n<meta property=\"og:url\" content=\"https:\/\/dasa.se\/sv\/produkt\/dasa-h50\/\" \/>\n<meta property=\"og:site_name\" content=\"Dasa: High-Performance Machine Control Systems\" \/>\n<meta property=\"article:modified_time\" content=\"2026-03-31T11:24:45+00:00\" \/>\n<meta property=\"og:image\" content=\"https:\/\/dasa.se\/wp-content\/uploads\/2024\/12\/H50_display-en.png\" \/>\n\t<meta property=\"og:image:width\" content=\"2000\" \/>\n\t<meta property=\"og:image:height\" content=\"1818\" \/>\n\t<meta property=\"og:image:type\" content=\"image\/png\" \/>\n<meta name=\"twitter:card\" content=\"summary_large_image\" \/>\n<meta name=\"twitter:label1\" content=\"Ber\u00e4knad l\u00e4stid\" \/>\n\t<meta name=\"twitter:data1\" content=\"2 minuter\" \/>\n<script type=\"application\/ld+json\" class=\"yoast-schema-graph\">{\"@context\":\"https:\/\/schema.org\",\"@graph\":[{\"@type\":[\"WebPage\",\"ItemPage\"],\"@id\":\"https:\/\/dasa.se\/product\/dasa-h50\/\",\"url\":\"https:\/\/dasa.se\/product\/dasa-h50\/\",\"name\":\"Dasa H50 \u2013 Robust Easy-to-Use Log Bucking Software | Dasa\",\"isPartOf\":{\"@id\":\"https:\/\/dasa.se\/#website\"},\"primaryImageOfPage\":{\"@id\":\"https:\/\/dasa.se\/product\/dasa-h50\/#primaryimage\"},\"image\":{\"@id\":\"https:\/\/dasa.se\/product\/dasa-h50\/#primaryimage\"},\"thumbnailUrl\":\"https:\/\/dasa.se\/wp-content\/uploads\/2024\/12\/H50_display-en.png\",\"datePublished\":\"2024-12-19T09:51:44+00:00\",\"dateModified\":\"2026-03-31T11:24:45+00:00\",\"description\":\"Maximize your yield with Dasa H50. Our robust and easy-to-use log bucking software is designed for professional forestry operations. Explore the features here!\",\"breadcrumb\":{\"@id\":\"https:\/\/dasa.se\/product\/dasa-h50\/#breadcrumb\"},\"inLanguage\":\"sv-SE\",\"potentialAction\":[{\"@type\":\"ReadAction\",\"target\":[\"https:\/\/dasa.se\/product\/dasa-h50\/\"]}]},{\"@type\":\"ImageObject\",\"inLanguage\":\"sv-SE\",\"@id\":\"https:\/\/dasa.se\/product\/dasa-h50\/#primaryimage\",\"url\":\"https:\/\/dasa.se\/wp-content\/uploads\/2024\/12\/H50_display-en.png\",\"contentUrl\":\"https:\/\/dasa.se\/wp-content\/uploads\/2024\/12\/H50_display-en.png\",\"width\":2000,\"height\":1818,\"caption\":\"Dashboard-style interface showing \\\"300\\\" labeled Pulp 300 on the left, a spruce tree icon in the center, \\\"104\\\" on the right, a green-to-tan progress bar with markers and small status icons along the bottom, published on www.dasa.se.\"},{\"@type\":\"BreadcrumbList\",\"@id\":\"https:\/\/dasa.se\/product\/dasa-h50\/#breadcrumb\",\"itemListElement\":[{\"@type\":\"ListItem\",\"position\":1,\"name\":\"Home\",\"item\":\"https:\/\/dasa.se\/\"},{\"@type\":\"ListItem\",\"position\":2,\"name\":\"do not remove!\",\"item\":\"https:\/\/dasa.se\/?page_id=876\"},{\"@type\":\"ListItem\",\"position\":3,\"name\":\"Dasa H50\"}]},{\"@type\":\"WebSite\",\"@id\":\"https:\/\/dasa.se\/#website\",\"url\":\"https:\/\/dasa.se\/\",\"name\":\"Dasa: High-Performance Machine Control Systems\",\"description\":\"\",\"publisher\":{\"@id\":\"https:\/\/dasa.se\/#organization\"},\"potentialAction\":[{\"@type\":\"SearchAction\",\"target\":{\"@type\":\"EntryPoint\",\"urlTemplate\":\"https:\/\/dasa.se\/?s={search_term_string}\"},\"query-input\":{\"@type\":\"PropertyValueSpecification\",\"valueRequired\":true,\"valueName\":\"search_term_string\"}}],\"inLanguage\":\"sv-SE\"},{\"@type\":\"Organization\",\"@id\":\"https:\/\/dasa.se\/#organization\",\"name\":\"Dasa: High-Performance Machine Control Systems\",\"url\":\"https:\/\/dasa.se\/\",\"logo\":{\"@type\":\"ImageObject\",\"inLanguage\":\"sv-SE\",\"@id\":\"https:\/\/dasa.se\/#\/schema\/logo\/image\/\",\"url\":\"https:\/\/dasa.se\/wp-content\/uploads\/2024\/10\/logo3.png\",\"contentUrl\":\"https:\/\/dasa.se\/wp-content\/uploads\/2024\/10\/logo3.png\",\"width\":1000,\"height\":320,\"caption\":\"Dasa: High-Performance Machine Control Systems\"},\"image\":{\"@id\":\"https:\/\/dasa.se\/#\/schema\/logo\/image\/\"},\"sameAs\":[\"https:\/\/www.linkedin.com\/company\/dasa-control-systems\/\"]}]}<\/script>\n<!-- \/ Yoast SEO plugin. -->","yoast_head_json":{"title":"Dasa H50 - Robust och l\u00e4ttanv\u00e4nd programvara f\u00f6r timmerknackning | Dasa","description":"Maximera din avkastning med Dasa H50. V\u00e5r robusta och l\u00e4ttanv\u00e4nda s\u00e5gtimmer-mjukvara \u00e4r designad f\u00f6r professionella skogsbruksverksamheter. Utforska funktionerna h\u00e4r!","robots":{"index":"index","follow":"follow","max-snippet":"max-snippet:-1","max-image-preview":"max-image-preview:large","max-video-preview":"max-video-preview:-1"},"canonical":"https:\/\/dasa.se\/sv\/produkt\/dasa-h50\/","og_locale":"sv_SE","og_type":"article","og_title":"Dasa H50 \u2013 Robust Easy-to-Use Log Bucking Software | Dasa","og_description":"Maximize your yield with Dasa H50. Our robust and easy-to-use log bucking software is designed for professional forestry operations. Explore the features here!","og_url":"https:\/\/dasa.se\/sv\/produkt\/dasa-h50\/","og_site_name":"Dasa: High-Performance Machine Control Systems","article_modified_time":"2026-03-31T11:24:45+00:00","og_image":[{"width":2000,"height":1818,"url":"https:\/\/dasa.se\/wp-content\/uploads\/2024\/12\/H50_display-en.png","type":"image\/png"}],"twitter_card":"summary_large_image","twitter_misc":{"Ber\u00e4knad l\u00e4stid":"2 minuter"},"schema":{"@context":"https:\/\/schema.org","@graph":[{"@type":["WebPage","ItemPage"],"@id":"https:\/\/dasa.se\/product\/dasa-h50\/","url":"https:\/\/dasa.se\/product\/dasa-h50\/","name":"Dasa H50 - Robust och l\u00e4ttanv\u00e4nd programvara f\u00f6r timmerknackning | Dasa","isPartOf":{"@id":"https:\/\/dasa.se\/#website"},"primaryImageOfPage":{"@id":"https:\/\/dasa.se\/product\/dasa-h50\/#primaryimage"},"image":{"@id":"https:\/\/dasa.se\/product\/dasa-h50\/#primaryimage"},"thumbnailUrl":"https:\/\/dasa.se\/wp-content\/uploads\/2024\/12\/H50_display-en.png","datePublished":"2024-12-19T09:51:44+00:00","dateModified":"2026-03-31T11:24:45+00:00","description":"Maximera din avkastning med Dasa H50. V\u00e5r robusta och l\u00e4ttanv\u00e4nda s\u00e5gtimmer-mjukvara \u00e4r designad f\u00f6r professionella skogsbruksverksamheter. Utforska funktionerna h\u00e4r!","breadcrumb":{"@id":"https:\/\/dasa.se\/product\/dasa-h50\/#breadcrumb"},"inLanguage":"sv-SE","potentialAction":[{"@type":"ReadAction","target":["https:\/\/dasa.se\/product\/dasa-h50\/"]}]},{"@type":"ImageObject","inLanguage":"sv-SE","@id":"https:\/\/dasa.se\/product\/dasa-h50\/#primaryimage","url":"https:\/\/dasa.se\/wp-content\/uploads\/2024\/12\/H50_display-en.png","contentUrl":"https:\/\/dasa.se\/wp-content\/uploads\/2024\/12\/H50_display-en.png","width":2000,"height":1818,"caption":"Dashboard-style interface showing \"300\" labeled Pulp 300 on the left, a spruce tree icon in the center, \"104\" on the right, a green-to-tan progress bar with markers and small status icons along the bottom, published on www.dasa.se."},{"@type":"BreadcrumbList","@id":"https:\/\/dasa.se\/product\/dasa-h50\/#breadcrumb","itemListElement":[{"@type":"ListItem","position":1,"name":"Home","item":"https:\/\/dasa.se\/"},{"@type":"ListItem","position":2,"name":"do not remove!","item":"https:\/\/dasa.se\/?page_id=876"},{"@type":"ListItem","position":3,"name":"Dasa H50"}]},{"@type":"WebSite","@id":"https:\/\/dasa.se\/#website","url":"https:\/\/dasa.se\/","name":"Dasa: Styrsystem f\u00f6r h\u00f6gpresterande maskiner","description":"","publisher":{"@id":"https:\/\/dasa.se\/#organization"},"potentialAction":[{"@type":"SearchAction","target":{"@type":"EntryPoint","urlTemplate":"https:\/\/dasa.se\/?s={search_term_string}"},"query-input":{"@type":"PropertyValueSpecification","valueRequired":true,"valueName":"search_term_string"}}],"inLanguage":"sv-SE"},{"@type":"Organization","@id":"https:\/\/dasa.se\/#organization","name":"Dasa: Styrsystem f\u00f6r h\u00f6gpresterande maskiner","url":"https:\/\/dasa.se\/","logo":{"@type":"ImageObject","inLanguage":"sv-SE","@id":"https:\/\/dasa.se\/#\/schema\/logo\/image\/","url":"https:\/\/dasa.se\/wp-content\/uploads\/2024\/10\/logo3.png","contentUrl":"https:\/\/dasa.se\/wp-content\/uploads\/2024\/10\/logo3.png","width":1000,"height":320,"caption":"Dasa: High-Performance Machine Control Systems"},"image":{"@id":"https:\/\/dasa.se\/#\/schema\/logo\/image\/"},"sameAs":["https:\/\/www.linkedin.com\/company\/dasa-control-systems\/"]}]}},"_links":{"self":[{"href":"https:\/\/dasa.se\/sv\/wp-json\/wp\/v2\/product\/1832","targetHints":{"allow":["GET"]}}],"collection":[{"href":"https:\/\/dasa.se\/sv\/wp-json\/wp\/v2\/product"}],"about":[{"href":"https:\/\/dasa.se\/sv\/wp-json\/wp\/v2\/types\/product"}],"wp:featuredmedia":[{"embeddable":true,"href":"https:\/\/dasa.se\/sv\/wp-json\/wp\/v2\/media\/1833"}],"wp:attachment":[{"href":"https:\/\/dasa.se\/sv\/wp-json\/wp\/v2\/media?parent=1832"}],"wp:term":[{"taxonomy":"product_brand","embeddable":true,"href":"https:\/\/dasa.se\/sv\/wp-json\/wp\/v2\/product_brand?post=1832"},{"taxonomy":"product_cat","embeddable":true,"href":"https:\/\/dasa.se\/sv\/wp-json\/wp\/v2\/product_cat?post=1832"},{"taxonomy":"product_tag","embeddable":true,"href":"https:\/\/dasa.se\/sv\/wp-json\/wp\/v2\/product_tag?post=1832"}],"curies":[{"name":"wp","href":"https:\/\/api.w.org\/{rel}","templated":true}]}}