{"id":1891,"date":"2025-01-07T12:23:09","date_gmt":"2025-01-07T12:23:09","guid":{"rendered":"https:\/\/eznpp.beeweb-orange.io\/?post_type=product&#038;p=1891"},"modified":"2026-03-31T11:31:43","modified_gmt":"2026-03-31T11:31:43","slug":"dasa-wireless-1","status":"publish","type":"product","link":"https:\/\/dasa.se\/sv\/produkt\/dasa-wireless-1\/","title":{"rendered":"Dasa Tr\u00e5dl\u00f6s 1"},"content":{"rendered":"<p>Dasa Wireless 1 \u00e4r ett tr\u00e5dl\u00f6st styrsystem f\u00f6r avancerad bockning. Problemfritt eftersom du aldrig beh\u00f6ver oroa dig f\u00f6r trasiga datakablar igen - vilket naturligtvis inneb\u00e4r \u00f6kad drifttid.<\/p>\n<p>Tr\u00e5dl\u00f6s kommunikation. Grenar och st\u00e4ndiga r\u00f6relser \u00e4r inget problem eftersom den tr\u00e5dl\u00f6sa enheten \u00e4r monterad i huvudet. Genom att ers\u00e4tta kablarna med en p\u00e5litlig h\u00f6ghastighetsanslutning blir kommunikationen mellan f\u00f6raren och apteringsenheten inte k\u00e4nslig f\u00f6r fysiska omst\u00e4ndigheter.<\/p>\n<p>Total frihet. Detta ger dig total frihet att flytta kranen eller bommen och rotera aggregatet utan risk f\u00f6r kommunikationsfel. Dasa Wireless 1 \u00e4r flexibel - och utformad f\u00f6r att passa alla typer av b\u00e4rarmaskiner. Det g\u00e5r ocks\u00e5 snabbare och enklare att montera och byta sk\u00f6rdaraggregat.<\/p>\n<p>Dasa Wireless 1 \u00e4r en innovation som ska hantera utmaningarna i det moderna skogsbruket. Den \u00e4r en av flera produkter som kan anv\u00e4ndas i ett uppkopplat system f\u00f6r att effektivisera och f\u00f6renkla arbetet f\u00f6r m\u00e4nniskor och f\u00f6retag inom skogsindustrin. Dasa Wireless 1 \u00e4r h\u00e4r f\u00f6r att koppla upp skogsindustrin och ge mer drifttid, frihet och flexibilitet.<\/p>","protected":false},"excerpt":{"rendered":"<p>Dasa Wireless 1 \u00e4r ett tr\u00e5dl\u00f6st styrsystem f\u00f6r avancerad bockning. Problemfritt eftersom du aldrig beh\u00f6ver oroa dig f\u00f6r trasiga datakablar igen - vilket naturligtvis inneb\u00e4r \u00f6kad drifttid.<\/p>","protected":false},"featured_media":2391,"template":"","meta":[],"product_brand":[],"product_cat":[80],"product_tag":[],"class_list":{"0":"post-1891","1":"product","2":"type-product","3":"status-publish","4":"has-post-thumbnail","6":"product_cat-bucking-system","8":"first","9":"instock","10":"shipping-taxable","11":"product-type-simple"},"yoast_head":"<!-- This site is optimized with the Yoast SEO plugin v26.7 - https:\/\/yoast.com\/wordpress\/plugins\/seo\/ -->\n<title>Dasa Wireless Log Bucking System for Advanced Bucking<\/title>\n<meta name=\"description\" content=\"Go cable-free with Dasa Wireless 1. Our wireless log bucking system offers precision and flexibility for advanced forestry operations. Find out more here!\" \/>\n<meta name=\"robots\" content=\"index, follow, max-snippet:-1, max-image-preview:large, max-video-preview:-1\" \/>\n<link rel=\"canonical\" href=\"https:\/\/dasa.se\/sv\/produkt\/dasa-wireless-1\/\" \/>\n<meta property=\"og:locale\" content=\"sv_SE\" \/>\n<meta property=\"og:type\" content=\"article\" \/>\n<meta property=\"og:title\" content=\"Dasa Wireless Log Bucking System for Advanced Bucking\" \/>\n<meta property=\"og:description\" content=\"Go cable-free with Dasa Wireless 1. Our wireless log bucking system offers precision and flexibility for advanced forestry operations. Find out more here!\" \/>\n<meta property=\"og:url\" content=\"https:\/\/dasa.se\/sv\/produkt\/dasa-wireless-1\/\" \/>\n<meta property=\"og:site_name\" content=\"Dasa: High-Performance Machine Control Systems\" \/>\n<meta property=\"article:modified_time\" content=\"2026-03-31T11:31:43+00:00\" \/>\n<meta property=\"og:image\" content=\"https:\/\/dasa.se\/wp-content\/uploads\/2025\/01\/Dasa-Wireless-1.jpg\" \/>\n\t<meta property=\"og:image:width\" content=\"2560\" \/>\n\t<meta property=\"og:image:height\" content=\"2106\" \/>\n\t<meta property=\"og:image:type\" content=\"image\/jpeg\" \/>\n<meta name=\"twitter:card\" content=\"summary_large_image\" \/>\n<meta name=\"twitter:label1\" content=\"Ber\u00e4knad l\u00e4stid\" \/>\n\t<meta name=\"twitter:data1\" content=\"2 minuter\" \/>\n<script type=\"application\/ld+json\" class=\"yoast-schema-graph\">{\"@context\":\"https:\/\/schema.org\",\"@graph\":[{\"@type\":[\"WebPage\",\"ItemPage\"],\"@id\":\"https:\/\/dasa.se\/product\/dasa-wireless-1\/\",\"url\":\"https:\/\/dasa.se\/product\/dasa-wireless-1\/\",\"name\":\"Dasa Wireless Log Bucking System for Advanced Bucking\",\"isPartOf\":{\"@id\":\"https:\/\/dasa.se\/#website\"},\"primaryImageOfPage\":{\"@id\":\"https:\/\/dasa.se\/product\/dasa-wireless-1\/#primaryimage\"},\"image\":{\"@id\":\"https:\/\/dasa.se\/product\/dasa-wireless-1\/#primaryimage\"},\"thumbnailUrl\":\"https:\/\/dasa.se\/wp-content\/uploads\/2025\/01\/Dasa-Wireless-1.jpg\",\"datePublished\":\"2025-01-07T12:23:09+00:00\",\"dateModified\":\"2026-03-31T11:31:43+00:00\",\"description\":\"Go cable-free with Dasa Wireless 1. Our wireless log bucking system offers precision and flexibility for advanced forestry operations. Find out more here!\",\"breadcrumb\":{\"@id\":\"https:\/\/dasa.se\/product\/dasa-wireless-1\/#breadcrumb\"},\"inLanguage\":\"sv-SE\",\"potentialAction\":[{\"@type\":\"ReadAction\",\"target\":[\"https:\/\/dasa.se\/product\/dasa-wireless-1\/\"]}]},{\"@type\":\"ImageObject\",\"inLanguage\":\"sv-SE\",\"@id\":\"https:\/\/dasa.se\/product\/dasa-wireless-1\/#primaryimage\",\"url\":\"https:\/\/dasa.se\/wp-content\/uploads\/2025\/01\/Dasa-Wireless-1.jpg\",\"contentUrl\":\"https:\/\/dasa.se\/wp-content\/uploads\/2025\/01\/Dasa-Wireless-1.jpg\",\"width\":2560,\"height\":2106,\"caption\":\"Line-drawing diagram of a multi\u2011wheeled forestry machine with an articulated crane and callouts showing electronic control modules and connectors, published on www.dasa.se.\"},{\"@type\":\"BreadcrumbList\",\"@id\":\"https:\/\/dasa.se\/product\/dasa-wireless-1\/#breadcrumb\",\"itemListElement\":[{\"@type\":\"ListItem\",\"position\":1,\"name\":\"Home\",\"item\":\"https:\/\/dasa.se\/\"},{\"@type\":\"ListItem\",\"position\":2,\"name\":\"do not remove!\",\"item\":\"https:\/\/dasa.se\/?page_id=876\"},{\"@type\":\"ListItem\",\"position\":3,\"name\":\"Dasa Wireless 1\"}]},{\"@type\":\"WebSite\",\"@id\":\"https:\/\/dasa.se\/#website\",\"url\":\"https:\/\/dasa.se\/\",\"name\":\"Dasa: High-Performance Machine Control Systems\",\"description\":\"\",\"publisher\":{\"@id\":\"https:\/\/dasa.se\/#organization\"},\"potentialAction\":[{\"@type\":\"SearchAction\",\"target\":{\"@type\":\"EntryPoint\",\"urlTemplate\":\"https:\/\/dasa.se\/?s={search_term_string}\"},\"query-input\":{\"@type\":\"PropertyValueSpecification\",\"valueRequired\":true,\"valueName\":\"search_term_string\"}}],\"inLanguage\":\"sv-SE\"},{\"@type\":\"Organization\",\"@id\":\"https:\/\/dasa.se\/#organization\",\"name\":\"Dasa: High-Performance Machine Control Systems\",\"url\":\"https:\/\/dasa.se\/\",\"logo\":{\"@type\":\"ImageObject\",\"inLanguage\":\"sv-SE\",\"@id\":\"https:\/\/dasa.se\/#\/schema\/logo\/image\/\",\"url\":\"https:\/\/dasa.se\/wp-content\/uploads\/2024\/10\/logo3.png\",\"contentUrl\":\"https:\/\/dasa.se\/wp-content\/uploads\/2024\/10\/logo3.png\",\"width\":1000,\"height\":320,\"caption\":\"Dasa: High-Performance Machine Control Systems\"},\"image\":{\"@id\":\"https:\/\/dasa.se\/#\/schema\/logo\/image\/\"},\"sameAs\":[\"https:\/\/www.linkedin.com\/company\/dasa-control-systems\/\"]}]}<\/script>\n<!-- \/ Yoast SEO plugin. -->","yoast_head_json":{"title":"Dasa tr\u00e5dl\u00f6st timmerbockningssystem f\u00f6r avancerad bockning","description":"G\u00e5 sladdl\u00f6s med Dasa Wireless 1. V\u00e5rt tr\u00e5dl\u00f6sa system f\u00f6r timmerkapning erbjuder precision och flexibilitet f\u00f6r avancerade skogsbruksoperationer. L\u00e4s mer h\u00e4r!","robots":{"index":"index","follow":"follow","max-snippet":"max-snippet:-1","max-image-preview":"max-image-preview:large","max-video-preview":"max-video-preview:-1"},"canonical":"https:\/\/dasa.se\/sv\/produkt\/dasa-wireless-1\/","og_locale":"sv_SE","og_type":"article","og_title":"Dasa Wireless Log Bucking System for Advanced Bucking","og_description":"Go cable-free with Dasa Wireless 1. Our wireless log bucking system offers precision and flexibility for advanced forestry operations. Find out more here!","og_url":"https:\/\/dasa.se\/sv\/produkt\/dasa-wireless-1\/","og_site_name":"Dasa: High-Performance Machine Control Systems","article_modified_time":"2026-03-31T11:31:43+00:00","og_image":[{"width":2560,"height":2106,"url":"https:\/\/dasa.se\/wp-content\/uploads\/2025\/01\/Dasa-Wireless-1.jpg","type":"image\/jpeg"}],"twitter_card":"summary_large_image","twitter_misc":{"Ber\u00e4knad l\u00e4stid":"2 minuter"},"schema":{"@context":"https:\/\/schema.org","@graph":[{"@type":["WebPage","ItemPage"],"@id":"https:\/\/dasa.se\/product\/dasa-wireless-1\/","url":"https:\/\/dasa.se\/product\/dasa-wireless-1\/","name":"Dasa tr\u00e5dl\u00f6st timmerbockningssystem f\u00f6r avancerad bockning","isPartOf":{"@id":"https:\/\/dasa.se\/#website"},"primaryImageOfPage":{"@id":"https:\/\/dasa.se\/product\/dasa-wireless-1\/#primaryimage"},"image":{"@id":"https:\/\/dasa.se\/product\/dasa-wireless-1\/#primaryimage"},"thumbnailUrl":"https:\/\/dasa.se\/wp-content\/uploads\/2025\/01\/Dasa-Wireless-1.jpg","datePublished":"2025-01-07T12:23:09+00:00","dateModified":"2026-03-31T11:31:43+00:00","description":"G\u00e5 sladdl\u00f6s med Dasa Wireless 1. V\u00e5rt tr\u00e5dl\u00f6sa system f\u00f6r timmerkapning erbjuder precision och flexibilitet f\u00f6r avancerade skogsbruksoperationer. L\u00e4s mer h\u00e4r!","breadcrumb":{"@id":"https:\/\/dasa.se\/product\/dasa-wireless-1\/#breadcrumb"},"inLanguage":"sv-SE","potentialAction":[{"@type":"ReadAction","target":["https:\/\/dasa.se\/product\/dasa-wireless-1\/"]}]},{"@type":"ImageObject","inLanguage":"sv-SE","@id":"https:\/\/dasa.se\/product\/dasa-wireless-1\/#primaryimage","url":"https:\/\/dasa.se\/wp-content\/uploads\/2025\/01\/Dasa-Wireless-1.jpg","contentUrl":"https:\/\/dasa.se\/wp-content\/uploads\/2025\/01\/Dasa-Wireless-1.jpg","width":2560,"height":2106,"caption":"Line-drawing diagram of a multi\u2011wheeled forestry machine with an articulated crane and callouts showing electronic control modules and connectors, published on www.dasa.se."},{"@type":"BreadcrumbList","@id":"https:\/\/dasa.se\/product\/dasa-wireless-1\/#breadcrumb","itemListElement":[{"@type":"ListItem","position":1,"name":"Home","item":"https:\/\/dasa.se\/"},{"@type":"ListItem","position":2,"name":"do not remove!","item":"https:\/\/dasa.se\/?page_id=876"},{"@type":"ListItem","position":3,"name":"Dasa Wireless 1"}]},{"@type":"WebSite","@id":"https:\/\/dasa.se\/#website","url":"https:\/\/dasa.se\/","name":"Dasa: Styrsystem f\u00f6r h\u00f6gpresterande maskiner","description":"","publisher":{"@id":"https:\/\/dasa.se\/#organization"},"potentialAction":[{"@type":"SearchAction","target":{"@type":"EntryPoint","urlTemplate":"https:\/\/dasa.se\/?s={search_term_string}"},"query-input":{"@type":"PropertyValueSpecification","valueRequired":true,"valueName":"search_term_string"}}],"inLanguage":"sv-SE"},{"@type":"Organization","@id":"https:\/\/dasa.se\/#organization","name":"Dasa: Styrsystem f\u00f6r h\u00f6gpresterande maskiner","url":"https:\/\/dasa.se\/","logo":{"@type":"ImageObject","inLanguage":"sv-SE","@id":"https:\/\/dasa.se\/#\/schema\/logo\/image\/","url":"https:\/\/dasa.se\/wp-content\/uploads\/2024\/10\/logo3.png","contentUrl":"https:\/\/dasa.se\/wp-content\/uploads\/2024\/10\/logo3.png","width":1000,"height":320,"caption":"Dasa: High-Performance Machine Control Systems"},"image":{"@id":"https:\/\/dasa.se\/#\/schema\/logo\/image\/"},"sameAs":["https:\/\/www.linkedin.com\/company\/dasa-control-systems\/"]}]}},"_links":{"self":[{"href":"https:\/\/dasa.se\/sv\/wp-json\/wp\/v2\/product\/1891","targetHints":{"allow":["GET"]}}],"collection":[{"href":"https:\/\/dasa.se\/sv\/wp-json\/wp\/v2\/product"}],"about":[{"href":"https:\/\/dasa.se\/sv\/wp-json\/wp\/v2\/types\/product"}],"wp:featuredmedia":[{"embeddable":true,"href":"https:\/\/dasa.se\/sv\/wp-json\/wp\/v2\/media\/2391"}],"wp:attachment":[{"href":"https:\/\/dasa.se\/sv\/wp-json\/wp\/v2\/media?parent=1891"}],"wp:term":[{"taxonomy":"product_brand","embeddable":true,"href":"https:\/\/dasa.se\/sv\/wp-json\/wp\/v2\/product_brand?post=1891"},{"taxonomy":"product_cat","embeddable":true,"href":"https:\/\/dasa.se\/sv\/wp-json\/wp\/v2\/product_cat?post=1891"},{"taxonomy":"product_tag","embeddable":true,"href":"https:\/\/dasa.se\/sv\/wp-json\/wp\/v2\/product_tag?post=1891"}],"curies":[{"name":"wp","href":"https:\/\/api.w.org\/{rel}","templated":true}]}}