{"id":1902,"date":"2025-01-08T13:48:31","date_gmt":"2025-01-08T13:48:31","guid":{"rendered":"https:\/\/eznpp.beeweb-orange.io\/?post_type=product&#038;p=1902"},"modified":"2025-10-31T09:18:56","modified_gmt":"2025-10-31T09:18:56","slug":"dix30c","status":"publish","type":"product","link":"https:\/\/dasa.se\/sv\/produkt\/dix30c\/","title":{"rendered":"dIX30C G2 Styrenhet"},"content":{"rendered":"<p>Huvudstyrenhet f\u00f6r apteringssystemen Dasa Wireless 1 och Dasa Wired 7. Enheten ansvarar f\u00f6r hantering av ing\u00e5ngar, utg\u00e5ngar, styrlogik och apteringsber\u00e4kningar.<\/p>\n<p>Styrenheten samlar ocks\u00e5 in och skickar data till operat\u00f6rsenheten via ett Ethernet-gr\u00e4nssnitt. Det lilla installationsutrymmet och det stora antalet konfigurerbara in-\/utg\u00e5ngar med guldpl\u00e4terade stift ger \u00f6verl\u00e4gsen h\u00e5llbarhet och drifttid.<\/p>","protected":false},"excerpt":{"rendered":"<p>Huvudkontrollenhet f\u00f6r bockningssystemen Dasa Wireless 1 och Dasa Wired 7<\/p>","protected":false},"featured_media":2556,"template":"","meta":[],"product_brand":[],"product_cat":[56,82,36],"product_tag":[],"class_list":{"0":"post-1902","1":"product","2":"type-product","3":"status-publish","4":"has-post-thumbnail","6":"product_cat-controllers","7":"product_cat-bucking-hardware-wireless1","8":"product_cat-bucking-hardware-wired7","10":"first","11":"instock","12":"shipping-taxable","13":"product-type-simple"},"yoast_head":"<!-- This site is optimized with the Yoast SEO plugin v26.7 - https:\/\/yoast.com\/wordpress\/plugins\/seo\/ -->\n<title>dIX30C Controller \u2013 Head Unit for Log Bucking Systems | Dasa<\/title>\n<meta name=\"robots\" content=\"index, follow, max-snippet:-1, max-image-preview:large, max-video-preview:-1\" \/>\n<link rel=\"canonical\" href=\"https:\/\/dasa.se\/sv\/produkt\/dix30c\/\" \/>\n<meta property=\"og:locale\" content=\"sv_SE\" \/>\n<meta property=\"og:type\" content=\"article\" \/>\n<meta property=\"og:title\" content=\"dIX30C Controller \u2013 Head Unit for Log Bucking Systems | Dasa\" \/>\n<meta property=\"og:description\" content=\"Head control unit for the bucking systems Dasa Wireless 1 and Dasa Wired 7\" \/>\n<meta property=\"og:url\" content=\"https:\/\/dasa.se\/sv\/produkt\/dix30c\/\" \/>\n<meta property=\"og:site_name\" content=\"Dasa: High-Performance Machine Control Systems\" \/>\n<meta property=\"article:modified_time\" content=\"2025-10-31T09:18:56+00:00\" \/>\n<meta property=\"og:image\" content=\"https:\/\/dasa.se\/wp-content\/uploads\/2025\/01\/dIX30C_web_2-G2.png\" \/>\n\t<meta property=\"og:image:width\" content=\"723\" \/>\n\t<meta property=\"og:image:height\" content=\"800\" \/>\n\t<meta property=\"og:image:type\" content=\"image\/png\" \/>\n<meta name=\"twitter:card\" content=\"summary_large_image\" \/>\n<meta name=\"twitter:label1\" content=\"Ber\u00e4knad l\u00e4stid\" \/>\n\t<meta name=\"twitter:data1\" content=\"1 minut\" \/>\n<script type=\"application\/ld+json\" class=\"yoast-schema-graph\">{\"@context\":\"https:\/\/schema.org\",\"@graph\":[{\"@type\":[\"WebPage\",\"ItemPage\"],\"@id\":\"https:\/\/dasa.se\/product\/dix30c\/\",\"url\":\"https:\/\/dasa.se\/product\/dix30c\/\",\"name\":\"dIX30C Controller \u2013 Head Unit for Log Bucking Systems | Dasa\",\"isPartOf\":{\"@id\":\"https:\/\/dasa.se\/#website\"},\"primaryImageOfPage\":{\"@id\":\"https:\/\/dasa.se\/product\/dix30c\/#primaryimage\"},\"image\":{\"@id\":\"https:\/\/dasa.se\/product\/dix30c\/#primaryimage\"},\"thumbnailUrl\":\"https:\/\/dasa.se\/wp-content\/uploads\/2025\/01\/dIX30C_web_2-G2.png\",\"datePublished\":\"2025-01-08T13:48:31+00:00\",\"dateModified\":\"2025-10-31T09:18:56+00:00\",\"breadcrumb\":{\"@id\":\"https:\/\/dasa.se\/product\/dix30c\/#breadcrumb\"},\"inLanguage\":\"sv-SE\",\"potentialAction\":[{\"@type\":\"ReadAction\",\"target\":[\"https:\/\/dasa.se\/product\/dix30c\/\"]}]},{\"@type\":\"ImageObject\",\"inLanguage\":\"sv-SE\",\"@id\":\"https:\/\/dasa.se\/product\/dix30c\/#primaryimage\",\"url\":\"https:\/\/dasa.se\/wp-content\/uploads\/2025\/01\/dIX30C_web_2-G2.png\",\"contentUrl\":\"https:\/\/dasa.se\/wp-content\/uploads\/2025\/01\/dIX30C_web_2-G2.png\",\"width\":723,\"height\":800,\"caption\":\"Close-up of a yellow-and-black DASA dIX30C electronic control module with four multi-pin connectors labeled A\u2013D and status LEDs, published on www.dasa.se.\"},{\"@type\":\"BreadcrumbList\",\"@id\":\"https:\/\/dasa.se\/product\/dix30c\/#breadcrumb\",\"itemListElement\":[{\"@type\":\"ListItem\",\"position\":1,\"name\":\"Home\",\"item\":\"https:\/\/dasa.se\/\"},{\"@type\":\"ListItem\",\"position\":2,\"name\":\"do not remove!\",\"item\":\"https:\/\/dasa.se\/?page_id=876\"},{\"@type\":\"ListItem\",\"position\":3,\"name\":\"dIX30C G2 Controller\"}]},{\"@type\":\"WebSite\",\"@id\":\"https:\/\/dasa.se\/#website\",\"url\":\"https:\/\/dasa.se\/\",\"name\":\"Dasa: High-Performance Machine Control Systems\",\"description\":\"\",\"publisher\":{\"@id\":\"https:\/\/dasa.se\/#organization\"},\"potentialAction\":[{\"@type\":\"SearchAction\",\"target\":{\"@type\":\"EntryPoint\",\"urlTemplate\":\"https:\/\/dasa.se\/?s={search_term_string}\"},\"query-input\":{\"@type\":\"PropertyValueSpecification\",\"valueRequired\":true,\"valueName\":\"search_term_string\"}}],\"inLanguage\":\"sv-SE\"},{\"@type\":\"Organization\",\"@id\":\"https:\/\/dasa.se\/#organization\",\"name\":\"Dasa: High-Performance Machine Control Systems\",\"url\":\"https:\/\/dasa.se\/\",\"logo\":{\"@type\":\"ImageObject\",\"inLanguage\":\"sv-SE\",\"@id\":\"https:\/\/dasa.se\/#\/schema\/logo\/image\/\",\"url\":\"https:\/\/dasa.se\/wp-content\/uploads\/2024\/10\/logo3.png\",\"contentUrl\":\"https:\/\/dasa.se\/wp-content\/uploads\/2024\/10\/logo3.png\",\"width\":1000,\"height\":320,\"caption\":\"Dasa: High-Performance Machine Control Systems\"},\"image\":{\"@id\":\"https:\/\/dasa.se\/#\/schema\/logo\/image\/\"},\"sameAs\":[\"https:\/\/www.linkedin.com\/company\/dasa-control-systems\/\"]}]}<\/script>\n<!-- \/ Yoast SEO plugin. -->","yoast_head_json":{"title":"dIX30C styrenhet - huvudenhet f\u00f6r timmerlastningssystem | Dasa","robots":{"index":"index","follow":"follow","max-snippet":"max-snippet:-1","max-image-preview":"max-image-preview:large","max-video-preview":"max-video-preview:-1"},"canonical":"https:\/\/dasa.se\/sv\/produkt\/dix30c\/","og_locale":"sv_SE","og_type":"article","og_title":"dIX30C Controller \u2013 Head Unit for Log Bucking Systems | Dasa","og_description":"Head control unit for the bucking systems Dasa Wireless 1 and Dasa Wired 7","og_url":"https:\/\/dasa.se\/sv\/produkt\/dix30c\/","og_site_name":"Dasa: High-Performance Machine Control Systems","article_modified_time":"2025-10-31T09:18:56+00:00","og_image":[{"width":723,"height":800,"url":"https:\/\/dasa.se\/wp-content\/uploads\/2025\/01\/dIX30C_web_2-G2.png","type":"image\/png"}],"twitter_card":"summary_large_image","twitter_misc":{"Ber\u00e4knad l\u00e4stid":"1 minut"},"schema":{"@context":"https:\/\/schema.org","@graph":[{"@type":["WebPage","ItemPage"],"@id":"https:\/\/dasa.se\/product\/dix30c\/","url":"https:\/\/dasa.se\/product\/dix30c\/","name":"dIX30C styrenhet - huvudenhet f\u00f6r timmerlastningssystem | Dasa","isPartOf":{"@id":"https:\/\/dasa.se\/#website"},"primaryImageOfPage":{"@id":"https:\/\/dasa.se\/product\/dix30c\/#primaryimage"},"image":{"@id":"https:\/\/dasa.se\/product\/dix30c\/#primaryimage"},"thumbnailUrl":"https:\/\/dasa.se\/wp-content\/uploads\/2025\/01\/dIX30C_web_2-G2.png","datePublished":"2025-01-08T13:48:31+00:00","dateModified":"2025-10-31T09:18:56+00:00","breadcrumb":{"@id":"https:\/\/dasa.se\/product\/dix30c\/#breadcrumb"},"inLanguage":"sv-SE","potentialAction":[{"@type":"ReadAction","target":["https:\/\/dasa.se\/product\/dix30c\/"]}]},{"@type":"ImageObject","inLanguage":"sv-SE","@id":"https:\/\/dasa.se\/product\/dix30c\/#primaryimage","url":"https:\/\/dasa.se\/wp-content\/uploads\/2025\/01\/dIX30C_web_2-G2.png","contentUrl":"https:\/\/dasa.se\/wp-content\/uploads\/2025\/01\/dIX30C_web_2-G2.png","width":723,"height":800,"caption":"Close-up of a yellow-and-black DASA dIX30C electronic control module with four multi-pin connectors labeled A\u2013D and status LEDs, published on www.dasa.se."},{"@type":"BreadcrumbList","@id":"https:\/\/dasa.se\/product\/dix30c\/#breadcrumb","itemListElement":[{"@type":"ListItem","position":1,"name":"Home","item":"https:\/\/dasa.se\/"},{"@type":"ListItem","position":2,"name":"do not remove!","item":"https:\/\/dasa.se\/?page_id=876"},{"@type":"ListItem","position":3,"name":"dIX30C G2 Controller"}]},{"@type":"WebSite","@id":"https:\/\/dasa.se\/#website","url":"https:\/\/dasa.se\/","name":"Dasa: Styrsystem f\u00f6r h\u00f6gpresterande maskiner","description":"","publisher":{"@id":"https:\/\/dasa.se\/#organization"},"potentialAction":[{"@type":"SearchAction","target":{"@type":"EntryPoint","urlTemplate":"https:\/\/dasa.se\/?s={search_term_string}"},"query-input":{"@type":"PropertyValueSpecification","valueRequired":true,"valueName":"search_term_string"}}],"inLanguage":"sv-SE"},{"@type":"Organization","@id":"https:\/\/dasa.se\/#organization","name":"Dasa: Styrsystem f\u00f6r h\u00f6gpresterande maskiner","url":"https:\/\/dasa.se\/","logo":{"@type":"ImageObject","inLanguage":"sv-SE","@id":"https:\/\/dasa.se\/#\/schema\/logo\/image\/","url":"https:\/\/dasa.se\/wp-content\/uploads\/2024\/10\/logo3.png","contentUrl":"https:\/\/dasa.se\/wp-content\/uploads\/2024\/10\/logo3.png","width":1000,"height":320,"caption":"Dasa: High-Performance Machine Control Systems"},"image":{"@id":"https:\/\/dasa.se\/#\/schema\/logo\/image\/"},"sameAs":["https:\/\/www.linkedin.com\/company\/dasa-control-systems\/"]}]}},"_links":{"self":[{"href":"https:\/\/dasa.se\/sv\/wp-json\/wp\/v2\/product\/1902","targetHints":{"allow":["GET"]}}],"collection":[{"href":"https:\/\/dasa.se\/sv\/wp-json\/wp\/v2\/product"}],"about":[{"href":"https:\/\/dasa.se\/sv\/wp-json\/wp\/v2\/types\/product"}],"wp:featuredmedia":[{"embeddable":true,"href":"https:\/\/dasa.se\/sv\/wp-json\/wp\/v2\/media\/2556"}],"wp:attachment":[{"href":"https:\/\/dasa.se\/sv\/wp-json\/wp\/v2\/media?parent=1902"}],"wp:term":[{"taxonomy":"product_brand","embeddable":true,"href":"https:\/\/dasa.se\/sv\/wp-json\/wp\/v2\/product_brand?post=1902"},{"taxonomy":"product_cat","embeddable":true,"href":"https:\/\/dasa.se\/sv\/wp-json\/wp\/v2\/product_cat?post=1902"},{"taxonomy":"product_tag","embeddable":true,"href":"https:\/\/dasa.se\/sv\/wp-json\/wp\/v2\/product_tag?post=1902"}],"curies":[{"name":"wp","href":"https:\/\/api.w.org\/{rel}","templated":true}]}}