{"id":1940,"date":"2025-01-10T14:11:07","date_gmt":"2025-01-10T14:11:07","guid":{"rendered":"https:\/\/eznpp.beeweb-orange.io\/?post_type=product&#038;p=1940"},"modified":"2025-10-31T09:00:52","modified_gmt":"2025-10-31T09:00:52","slug":"fb15","status":"publish","type":"product","link":"https:\/\/dasa.se\/sv\/produkt\/fb15\/","title":{"rendered":"Dasa FB15 Bunching-programvara"},"content":{"rendered":"<p>Dasa FB15 \u00e4r en avancerad mjukvarul\u00f6sning som \u00e4r utformad f\u00f6r att effektivisera hanteringen av avverkningsuppdrag med f\u00e4llare-l\u00e4ggare. Med Dasa FB15 kan anv\u00e4ndarna enkelt skapa avverkningskontrakt med hj\u00e4lp av StanForD-filer, s\u00e5 kallade boi-filer (Buncher Object Instruction), eller manuellt. Programvaran inneh\u00e5ller en valfri \u201cMonitoring\u201d-funktion f\u00f6r driftsuppf\u00f6ljning, vilket f\u00f6rb\u00e4ttrar effektiviteten och \u00f6verblicken.<\/p>\n<p>Detta \u00f6ppna system marknadsf\u00f6rs till olika tillverkare av skogsmaskiner och erbjuder en helt\u00e4ckande l\u00f6sning som hanterar hela informationsfl\u00f6det fr\u00e5n planering p\u00e5 kontoret till rapportering av produktionsdata ute p\u00e5 f\u00e4ltet. Det senaste tillskottet i Dasa Forestry-systemserien \u00e4r utvecklat f\u00f6r f\u00e4llare-l\u00e4ggare och hj\u00e4lper f\u00f6rarna att f\u00f6lja produktionen och navigera enkelt med hj\u00e4lp av en flexibel kartfunktion.<\/p>\n<p>Dasa FB15:s PC-milj\u00f6 \u00e4r kompatibel med de flesta vanliga n\u00e4tverk och integreras med transport\u00f6ren via CAN eller Ethernet. Grundlicensen t\u00e4cker alla aspekter av hantering och administration av avverkningsavtal, inklusive produktion, avverkning, rapportering och backup-funktionalitet.<\/p>\n<p>StanForD 2010 Funktionalitet<br \/>\nProgramvaran st\u00f6der hantering, produktionsrapportering och driftsuppf\u00f6ljning enligt StanForD 2010-standarderna. Den fungerar p\u00e5 en Windows 10-dator med en 15-tums eller 12-tums widescreen-f\u00e4rgdisplay med peksk\u00e4rmsteknik, helt optimerad f\u00f6r pekinmatning.<br \/>\nDasa FB15 \u00e4r ett robust verktyg som \u00e4r utformat f\u00f6r att \u00f6ka effektiviteten och noggrannheten i avverkningsarbetet, vilket g\u00f6r det till en ov\u00e4rderlig tillg\u00e5ng f\u00f6r skogsindustrin.<\/p>","protected":false},"excerpt":{"rendered":"<p>Programvara f\u00f6r f\u00e4llare-l\u00e4ggare<\/p>","protected":false},"featured_media":2404,"template":"","meta":[],"product_brand":[],"product_cat":[81],"product_tag":[],"class_list":{"0":"post-1940","1":"product","2":"type-product","3":"status-publish","4":"has-post-thumbnail","6":"product_cat-bunching-software","8":"first","9":"instock","10":"shipping-taxable","11":"product-type-simple"},"yoast_head":"<!-- This site is optimized with the Yoast SEO plugin v26.7 - https:\/\/yoast.com\/wordpress\/plugins\/seo\/ -->\n<title>Dasa FB15 \u2013 Forestry Bunching Software for Feller Bunchers<\/title>\n<meta name=\"robots\" content=\"index, follow, max-snippet:-1, max-image-preview:large, max-video-preview:-1\" \/>\n<link rel=\"canonical\" href=\"https:\/\/dasa.se\/sv\/produkt\/fb15\/\" \/>\n<meta property=\"og:locale\" content=\"sv_SE\" \/>\n<meta property=\"og:type\" content=\"article\" \/>\n<meta property=\"og:title\" content=\"Dasa FB15 \u2013 Forestry Bunching Software for Feller Bunchers\" \/>\n<meta property=\"og:description\" content=\"The bunching software\" \/>\n<meta property=\"og:url\" content=\"https:\/\/dasa.se\/sv\/produkt\/fb15\/\" \/>\n<meta property=\"og:site_name\" content=\"Dasa: High-Performance Machine Control Systems\" \/>\n<meta property=\"article:modified_time\" content=\"2025-10-31T09:00:52+00:00\" \/>\n<meta property=\"og:image\" content=\"https:\/\/dasa.se\/wp-content\/uploads\/2025\/01\/FB15-bunching-software.png\" \/>\n\t<meta property=\"og:image:width\" content=\"1000\" \/>\n\t<meta property=\"og:image:height\" content=\"562\" \/>\n\t<meta property=\"og:image:type\" content=\"image\/png\" \/>\n<meta name=\"twitter:card\" content=\"summary_large_image\" \/>\n<meta name=\"twitter:label1\" content=\"Ber\u00e4knad l\u00e4stid\" \/>\n\t<meta name=\"twitter:data1\" content=\"2 minuter\" \/>\n<script type=\"application\/ld+json\" class=\"yoast-schema-graph\">{\"@context\":\"https:\/\/schema.org\",\"@graph\":[{\"@type\":[\"WebPage\",\"ItemPage\"],\"@id\":\"https:\/\/dasa.se\/sv\/produkt\/fb15\/\",\"url\":\"https:\/\/dasa.se\/sv\/produkt\/fb15\/\",\"name\":\"Dasa FB15 \u2013 Forestry Bunching Software for Feller Bunchers\",\"isPartOf\":{\"@id\":\"https:\/\/dasa.se\/#website\"},\"primaryImageOfPage\":{\"@id\":\"https:\/\/dasa.se\/sv\/produkt\/fb15\/#primaryimage\"},\"image\":{\"@id\":\"https:\/\/dasa.se\/sv\/produkt\/fb15\/#primaryimage\"},\"thumbnailUrl\":\"https:\/\/dasa.se\/wp-content\/uploads\/2025\/01\/FB15-bunching-software.png\",\"datePublished\":\"2025-01-10T14:11:07+00:00\",\"dateModified\":\"2025-10-31T09:00:52+00:00\",\"breadcrumb\":{\"@id\":\"https:\/\/dasa.se\/sv\/produkt\/fb15\/#breadcrumb\"},\"inLanguage\":\"sv-SE\",\"potentialAction\":[{\"@type\":\"ReadAction\",\"target\":[\"https:\/\/dasa.se\/sv\/produkt\/fb15\/\"]}]},{\"@type\":\"ImageObject\",\"inLanguage\":\"sv-SE\",\"@id\":\"https:\/\/dasa.se\/sv\/produkt\/fb15\/#primaryimage\",\"url\":\"https:\/\/dasa.se\/wp-content\/uploads\/2025\/01\/FB15-bunching-software.png\",\"contentUrl\":\"https:\/\/dasa.se\/wp-content\/uploads\/2025\/01\/FB15-bunching-software.png\",\"width\":1000,\"height\":562,\"caption\":\"Screenshot of a mapping application showing a forested area with a blue polygon boundary and clustered red dotted tree locations, a left sidebar listing stem counts (Pine 7, Spruce 9, total 16), map controls and a status bar at the bottom, and is published on www.dasa.se.\"},{\"@type\":\"BreadcrumbList\",\"@id\":\"https:\/\/dasa.se\/sv\/produkt\/fb15\/#breadcrumb\",\"itemListElement\":[{\"@type\":\"ListItem\",\"position\":1,\"name\":\"Home\",\"item\":\"https:\/\/dasa.se\/\"},{\"@type\":\"ListItem\",\"position\":2,\"name\":\"do not remove!\",\"item\":\"https:\/\/dasa.se\/?page_id=876\"},{\"@type\":\"ListItem\",\"position\":3,\"name\":\"Dasa FB15 Bunching Software\"}]},{\"@type\":\"WebSite\",\"@id\":\"https:\/\/dasa.se\/#website\",\"url\":\"https:\/\/dasa.se\/\",\"name\":\"Dasa: High-Performance Machine Control Systems\",\"description\":\"\",\"publisher\":{\"@id\":\"https:\/\/dasa.se\/#organization\"},\"potentialAction\":[{\"@type\":\"SearchAction\",\"target\":{\"@type\":\"EntryPoint\",\"urlTemplate\":\"https:\/\/dasa.se\/?s={search_term_string}\"},\"query-input\":{\"@type\":\"PropertyValueSpecification\",\"valueRequired\":true,\"valueName\":\"search_term_string\"}}],\"inLanguage\":\"sv-SE\"},{\"@type\":\"Organization\",\"@id\":\"https:\/\/dasa.se\/#organization\",\"name\":\"Dasa: High-Performance Machine Control Systems\",\"url\":\"https:\/\/dasa.se\/\",\"logo\":{\"@type\":\"ImageObject\",\"inLanguage\":\"sv-SE\",\"@id\":\"https:\/\/dasa.se\/#\/schema\/logo\/image\/\",\"url\":\"https:\/\/dasa.se\/wp-content\/uploads\/2024\/10\/logo3.png\",\"contentUrl\":\"https:\/\/dasa.se\/wp-content\/uploads\/2024\/10\/logo3.png\",\"width\":1000,\"height\":320,\"caption\":\"Dasa: High-Performance Machine Control Systems\"},\"image\":{\"@id\":\"https:\/\/dasa.se\/#\/schema\/logo\/image\/\"},\"sameAs\":[\"https:\/\/www.linkedin.com\/company\/dasa-control-systems\/\"]}]}<\/script>\n<!-- \/ Yoast SEO plugin. -->","yoast_head_json":{"title":"Dasa FB15 - Programvara f\u00f6r skogsbundning f\u00f6r avverkningsmaskiner","robots":{"index":"index","follow":"follow","max-snippet":"max-snippet:-1","max-image-preview":"max-image-preview:large","max-video-preview":"max-video-preview:-1"},"canonical":"https:\/\/dasa.se\/sv\/produkt\/fb15\/","og_locale":"sv_SE","og_type":"article","og_title":"Dasa FB15 \u2013 Forestry Bunching Software for Feller Bunchers","og_description":"The bunching software","og_url":"https:\/\/dasa.se\/sv\/produkt\/fb15\/","og_site_name":"Dasa: High-Performance Machine Control Systems","article_modified_time":"2025-10-31T09:00:52+00:00","og_image":[{"width":1000,"height":562,"url":"https:\/\/dasa.se\/wp-content\/uploads\/2025\/01\/FB15-bunching-software.png","type":"image\/png"}],"twitter_card":"summary_large_image","twitter_misc":{"Ber\u00e4knad l\u00e4stid":"2 minuter"},"schema":{"@context":"https:\/\/schema.org","@graph":[{"@type":["WebPage","ItemPage"],"@id":"https:\/\/dasa.se\/sv\/produkt\/fb15\/","url":"https:\/\/dasa.se\/sv\/produkt\/fb15\/","name":"Dasa FB15 - Programvara f\u00f6r skogsbundning f\u00f6r avverkningsmaskiner","isPartOf":{"@id":"https:\/\/dasa.se\/#website"},"primaryImageOfPage":{"@id":"https:\/\/dasa.se\/sv\/produkt\/fb15\/#primaryimage"},"image":{"@id":"https:\/\/dasa.se\/sv\/produkt\/fb15\/#primaryimage"},"thumbnailUrl":"https:\/\/dasa.se\/wp-content\/uploads\/2025\/01\/FB15-bunching-software.png","datePublished":"2025-01-10T14:11:07+00:00","dateModified":"2025-10-31T09:00:52+00:00","breadcrumb":{"@id":"https:\/\/dasa.se\/sv\/produkt\/fb15\/#breadcrumb"},"inLanguage":"sv-SE","potentialAction":[{"@type":"ReadAction","target":["https:\/\/dasa.se\/sv\/produkt\/fb15\/"]}]},{"@type":"ImageObject","inLanguage":"sv-SE","@id":"https:\/\/dasa.se\/sv\/produkt\/fb15\/#primaryimage","url":"https:\/\/dasa.se\/wp-content\/uploads\/2025\/01\/FB15-bunching-software.png","contentUrl":"https:\/\/dasa.se\/wp-content\/uploads\/2025\/01\/FB15-bunching-software.png","width":1000,"height":562,"caption":"Screenshot of a mapping application showing a forested area with a blue polygon boundary and clustered red dotted tree locations, a left sidebar listing stem counts (Pine 7, Spruce 9, total 16), map controls and a status bar at the bottom, and is published on www.dasa.se."},{"@type":"BreadcrumbList","@id":"https:\/\/dasa.se\/sv\/produkt\/fb15\/#breadcrumb","itemListElement":[{"@type":"ListItem","position":1,"name":"Home","item":"https:\/\/dasa.se\/"},{"@type":"ListItem","position":2,"name":"do not remove!","item":"https:\/\/dasa.se\/?page_id=876"},{"@type":"ListItem","position":3,"name":"Dasa FB15 Bunching Software"}]},{"@type":"WebSite","@id":"https:\/\/dasa.se\/#website","url":"https:\/\/dasa.se\/","name":"Dasa: Styrsystem f\u00f6r h\u00f6gpresterande maskiner","description":"","publisher":{"@id":"https:\/\/dasa.se\/#organization"},"potentialAction":[{"@type":"SearchAction","target":{"@type":"EntryPoint","urlTemplate":"https:\/\/dasa.se\/?s={search_term_string}"},"query-input":{"@type":"PropertyValueSpecification","valueRequired":true,"valueName":"search_term_string"}}],"inLanguage":"sv-SE"},{"@type":"Organization","@id":"https:\/\/dasa.se\/#organization","name":"Dasa: Styrsystem f\u00f6r h\u00f6gpresterande maskiner","url":"https:\/\/dasa.se\/","logo":{"@type":"ImageObject","inLanguage":"sv-SE","@id":"https:\/\/dasa.se\/#\/schema\/logo\/image\/","url":"https:\/\/dasa.se\/wp-content\/uploads\/2024\/10\/logo3.png","contentUrl":"https:\/\/dasa.se\/wp-content\/uploads\/2024\/10\/logo3.png","width":1000,"height":320,"caption":"Dasa: High-Performance Machine Control Systems"},"image":{"@id":"https:\/\/dasa.se\/#\/schema\/logo\/image\/"},"sameAs":["https:\/\/www.linkedin.com\/company\/dasa-control-systems\/"]}]}},"_links":{"self":[{"href":"https:\/\/dasa.se\/sv\/wp-json\/wp\/v2\/product\/1940","targetHints":{"allow":["GET"]}}],"collection":[{"href":"https:\/\/dasa.se\/sv\/wp-json\/wp\/v2\/product"}],"about":[{"href":"https:\/\/dasa.se\/sv\/wp-json\/wp\/v2\/types\/product"}],"wp:featuredmedia":[{"embeddable":true,"href":"https:\/\/dasa.se\/sv\/wp-json\/wp\/v2\/media\/2404"}],"wp:attachment":[{"href":"https:\/\/dasa.se\/sv\/wp-json\/wp\/v2\/media?parent=1940"}],"wp:term":[{"taxonomy":"product_brand","embeddable":true,"href":"https:\/\/dasa.se\/sv\/wp-json\/wp\/v2\/product_brand?post=1940"},{"taxonomy":"product_cat","embeddable":true,"href":"https:\/\/dasa.se\/sv\/wp-json\/wp\/v2\/product_cat?post=1940"},{"taxonomy":"product_tag","embeddable":true,"href":"https:\/\/dasa.se\/sv\/wp-json\/wp\/v2\/product_tag?post=1940"}],"curies":[{"name":"wp","href":"https:\/\/api.w.org\/{rel}","templated":true}]}}