{"id":2022,"date":"2025-01-15T07:37:53","date_gmt":"2025-01-15T07:37:53","guid":{"rendered":"https:\/\/eznpp.beeweb-orange.io\/?post_type=product&#038;p=2022"},"modified":"2026-03-31T11:24:18","modified_gmt":"2026-03-31T11:24:18","slug":"dasa-f30","status":"publish","type":"product","link":"https:\/\/dasa.se\/sv\/produkt\/dasa-f30\/","title":{"rendered":"Dasa F30"},"content":{"rendered":"<p>Dasa F30 \u00e4r en programvara f\u00f6r professionella skotare. Dasa F30 \u00e4r l\u00e4tt att anv\u00e4nda och utformad f\u00f6r att underl\u00e4tta det dagliga arbetet f\u00f6r skotarf\u00f6raren samtidigt som prestanda och produktivitet maximeras. Programvaran Forester F30 g\u00f6r virkesfl\u00f6det effektivare mellan avverkningsplatsen och den industri som tar emot de avverkade stockarna. Alla funktioner i Forester F30 f\u00f6r kvalitetss\u00e4kring, kontroll, produktionsrapportering och verksamhetsuppf\u00f6ljning \u00e4r utformade enligt StanForD 2010. F\u00f6rutom att arbeta med den nya StanForD2010-standarden hanteras \u00e4ven import av filer i StanForD Classic-format i Dasa F30.<\/p>\n<p>Dasa F30 tar emot logg- och GPS-data fr\u00e5n sk\u00f6rdaren som, i kombination med till\u00e4ggsmodulen Dasa GeoInfo, anv\u00e4nds f\u00f6r att optimera k\u00f6rrutten och s\u00e4kerst\u00e4lla att alla stockar tas om hand. Dasa F30 kan k\u00f6ras i blandade flottor, s\u00e5 det spelar ingen roll om loggdata genereras av en sk\u00f6rdare av ett annat m\u00e4rke. Alternativt kan Dasa F30 ta emot sina arbetsinstruktioner som specifika StanForD2010-filer, t.ex. FOI (Forwarding Object Instruction) och\/eller FDI (Forwarding Delivery Instruction).<\/p>\n<p>Det \u00e4r mycket enkelt att \u00f6vervaka skotningen i den integrerade kalendervyn, d\u00e4r operat\u00f6ren ocks\u00e5 kan l\u00e4gga till kommentarer. I inst\u00e4llningsmenyn \u00e4r det m\u00f6jligt att schemal\u00e4gga rapporter som lagras automatiskt t.ex. var fj\u00e4rde timme eller i slutet av ett skift, vilket s\u00e4kerst\u00e4ller att skotarens produktionsdata \u00e4r s\u00e4krad. N\u00e4r det g\u00e4ller s\u00e4kerhet inneh\u00e5ller Dasa F30 ocks\u00e5 en omfattande funktion f\u00f6r s\u00e4kerhetskopiering och \u00e5terst\u00e4llning av systemet.<\/p>","protected":false},"excerpt":{"rendered":"<p>Dasa F30 \u00e4r en programvara f\u00f6r professionella skotare<\/p>","protected":false},"featured_media":2039,"template":"","meta":[],"product_brand":[],"product_cat":[35],"product_tag":[],"class_list":{"0":"post-2022","1":"product","2":"type-product","3":"status-publish","4":"has-post-thumbnail","6":"product_cat-forwarding-software","8":"first","9":"instock","10":"shipping-taxable","11":"product-type-simple"},"yoast_head":"<!-- This site is optimized with the Yoast SEO plugin v26.7 - https:\/\/yoast.com\/wordpress\/plugins\/seo\/ -->\n<title>Dasa F30 \u2013 Forestry Forwarder Software for Efficiency<\/title>\n<meta name=\"description\" content=\"Maximize efficiency with Dasa F30, our advanced forestry forwarder software. Simplify load tracking and reporting for professional loggers. Read more here!\" \/>\n<meta name=\"robots\" content=\"index, follow, max-snippet:-1, max-image-preview:large, max-video-preview:-1\" \/>\n<link rel=\"canonical\" href=\"https:\/\/dasa.se\/sv\/produkt\/dasa-f30\/\" \/>\n<meta property=\"og:locale\" content=\"sv_SE\" \/>\n<meta property=\"og:type\" content=\"article\" \/>\n<meta property=\"og:title\" content=\"Dasa F30 \u2013 Forestry Forwarder Software for Efficiency\" \/>\n<meta property=\"og:description\" content=\"Maximize efficiency with Dasa F30, our advanced forestry forwarder software. Simplify load tracking and reporting for professional loggers. Read more here!\" \/>\n<meta property=\"og:url\" content=\"https:\/\/dasa.se\/sv\/produkt\/dasa-f30\/\" \/>\n<meta property=\"og:site_name\" content=\"Dasa: High-Performance Machine Control Systems\" \/>\n<meta property=\"article:modified_time\" content=\"2026-03-31T11:24:18+00:00\" \/>\n<meta property=\"og:image\" content=\"https:\/\/dasa.se\/wp-content\/uploads\/2025\/01\/Dasa-F30-02-1.png\" \/>\n\t<meta property=\"og:image:width\" content=\"1391\" \/>\n\t<meta property=\"og:image:height\" content=\"1391\" \/>\n\t<meta property=\"og:image:type\" content=\"image\/png\" \/>\n<meta name=\"twitter:card\" content=\"summary_large_image\" \/>\n<meta name=\"twitter:label1\" content=\"Ber\u00e4knad l\u00e4stid\" \/>\n\t<meta name=\"twitter:data1\" content=\"2 minuter\" \/>\n<script type=\"application\/ld+json\" class=\"yoast-schema-graph\">{\"@context\":\"https:\/\/schema.org\",\"@graph\":[{\"@type\":[\"WebPage\",\"ItemPage\"],\"@id\":\"https:\/\/dasa.se\/product\/dasa-f30\/\",\"url\":\"https:\/\/dasa.se\/product\/dasa-f30\/\",\"name\":\"Dasa F30 \u2013 Forestry Forwarder Software for Efficiency\",\"isPartOf\":{\"@id\":\"https:\/\/dasa.se\/#website\"},\"primaryImageOfPage\":{\"@id\":\"https:\/\/dasa.se\/product\/dasa-f30\/#primaryimage\"},\"image\":{\"@id\":\"https:\/\/dasa.se\/product\/dasa-f30\/#primaryimage\"},\"thumbnailUrl\":\"https:\/\/dasa.se\/wp-content\/uploads\/2025\/01\/Dasa-F30-02-1.png\",\"datePublished\":\"2025-01-15T07:37:53+00:00\",\"dateModified\":\"2026-03-31T11:24:18+00:00\",\"description\":\"Maximize efficiency with Dasa F30, our advanced forestry forwarder software. Simplify load tracking and reporting for professional loggers. Read more here!\",\"breadcrumb\":{\"@id\":\"https:\/\/dasa.se\/product\/dasa-f30\/#breadcrumb\"},\"inLanguage\":\"sv-SE\",\"potentialAction\":[{\"@type\":\"ReadAction\",\"target\":[\"https:\/\/dasa.se\/product\/dasa-f30\/\"]}]},{\"@type\":\"ImageObject\",\"inLanguage\":\"sv-SE\",\"@id\":\"https:\/\/dasa.se\/product\/dasa-f30\/#primaryimage\",\"url\":\"https:\/\/dasa.se\/wp-content\/uploads\/2025\/01\/Dasa-F30-02-1.png\",\"contentUrl\":\"https:\/\/dasa.se\/wp-content\/uploads\/2025\/01\/Dasa-F30-02-1.png\",\"width\":1391,\"height\":1391,\"caption\":\"Screenshot of a light-blue logistics application interface showing an \\\"Unload\\\" panel with a delivery object list (Timber, Small Timber, Pulpwood, Chiplog, Biofuel), a selected Timber entry with volume 20 and weight 15, trip meter and operator status bar, published on www.dasa.se.\"},{\"@type\":\"BreadcrumbList\",\"@id\":\"https:\/\/dasa.se\/product\/dasa-f30\/#breadcrumb\",\"itemListElement\":[{\"@type\":\"ListItem\",\"position\":1,\"name\":\"Home\",\"item\":\"https:\/\/dasa.se\/\"},{\"@type\":\"ListItem\",\"position\":2,\"name\":\"do not remove!\",\"item\":\"https:\/\/dasa.se\/?page_id=876\"},{\"@type\":\"ListItem\",\"position\":3,\"name\":\"Dasa F30\"}]},{\"@type\":\"WebSite\",\"@id\":\"https:\/\/dasa.se\/#website\",\"url\":\"https:\/\/dasa.se\/\",\"name\":\"Dasa: High-Performance Machine Control Systems\",\"description\":\"\",\"publisher\":{\"@id\":\"https:\/\/dasa.se\/#organization\"},\"potentialAction\":[{\"@type\":\"SearchAction\",\"target\":{\"@type\":\"EntryPoint\",\"urlTemplate\":\"https:\/\/dasa.se\/?s={search_term_string}\"},\"query-input\":{\"@type\":\"PropertyValueSpecification\",\"valueRequired\":true,\"valueName\":\"search_term_string\"}}],\"inLanguage\":\"sv-SE\"},{\"@type\":\"Organization\",\"@id\":\"https:\/\/dasa.se\/#organization\",\"name\":\"Dasa: High-Performance Machine Control Systems\",\"url\":\"https:\/\/dasa.se\/\",\"logo\":{\"@type\":\"ImageObject\",\"inLanguage\":\"sv-SE\",\"@id\":\"https:\/\/dasa.se\/#\/schema\/logo\/image\/\",\"url\":\"https:\/\/dasa.se\/wp-content\/uploads\/2024\/10\/logo3.png\",\"contentUrl\":\"https:\/\/dasa.se\/wp-content\/uploads\/2024\/10\/logo3.png\",\"width\":1000,\"height\":320,\"caption\":\"Dasa: High-Performance Machine Control Systems\"},\"image\":{\"@id\":\"https:\/\/dasa.se\/#\/schema\/logo\/image\/\"},\"sameAs\":[\"https:\/\/www.linkedin.com\/company\/dasa-control-systems\/\"]}]}<\/script>\n<!-- \/ Yoast SEO plugin. -->","yoast_head_json":{"title":"Dasa F30 - Skotarprogramvara f\u00f6r skogsbruk f\u00f6r effektivitet","description":"Maximera effektiviteten med Dasa F30, v\u00e5r avancerade skogsmaskinsprogramvara. F\u00f6renkla lastsp\u00e5rning och rapportering f\u00f6r professionella skogsarbetare. L\u00e4s mer h\u00e4r!","robots":{"index":"index","follow":"follow","max-snippet":"max-snippet:-1","max-image-preview":"max-image-preview:large","max-video-preview":"max-video-preview:-1"},"canonical":"https:\/\/dasa.se\/sv\/produkt\/dasa-f30\/","og_locale":"sv_SE","og_type":"article","og_title":"Dasa F30 \u2013 Forestry Forwarder Software for Efficiency","og_description":"Maximize efficiency with Dasa F30, our advanced forestry forwarder software. Simplify load tracking and reporting for professional loggers. Read more here!","og_url":"https:\/\/dasa.se\/sv\/produkt\/dasa-f30\/","og_site_name":"Dasa: High-Performance Machine Control Systems","article_modified_time":"2026-03-31T11:24:18+00:00","og_image":[{"width":1391,"height":1391,"url":"https:\/\/dasa.se\/wp-content\/uploads\/2025\/01\/Dasa-F30-02-1.png","type":"image\/png"}],"twitter_card":"summary_large_image","twitter_misc":{"Ber\u00e4knad l\u00e4stid":"2 minuter"},"schema":{"@context":"https:\/\/schema.org","@graph":[{"@type":["WebPage","ItemPage"],"@id":"https:\/\/dasa.se\/product\/dasa-f30\/","url":"https:\/\/dasa.se\/product\/dasa-f30\/","name":"Dasa F30 - Skotarprogramvara f\u00f6r skogsbruk f\u00f6r effektivitet","isPartOf":{"@id":"https:\/\/dasa.se\/#website"},"primaryImageOfPage":{"@id":"https:\/\/dasa.se\/product\/dasa-f30\/#primaryimage"},"image":{"@id":"https:\/\/dasa.se\/product\/dasa-f30\/#primaryimage"},"thumbnailUrl":"https:\/\/dasa.se\/wp-content\/uploads\/2025\/01\/Dasa-F30-02-1.png","datePublished":"2025-01-15T07:37:53+00:00","dateModified":"2026-03-31T11:24:18+00:00","description":"Maximera effektiviteten med Dasa F30, v\u00e5r avancerade skogsmaskinsprogramvara. F\u00f6renkla lastsp\u00e5rning och rapportering f\u00f6r professionella skogsarbetare. L\u00e4s mer h\u00e4r!","breadcrumb":{"@id":"https:\/\/dasa.se\/product\/dasa-f30\/#breadcrumb"},"inLanguage":"sv-SE","potentialAction":[{"@type":"ReadAction","target":["https:\/\/dasa.se\/product\/dasa-f30\/"]}]},{"@type":"ImageObject","inLanguage":"sv-SE","@id":"https:\/\/dasa.se\/product\/dasa-f30\/#primaryimage","url":"https:\/\/dasa.se\/wp-content\/uploads\/2025\/01\/Dasa-F30-02-1.png","contentUrl":"https:\/\/dasa.se\/wp-content\/uploads\/2025\/01\/Dasa-F30-02-1.png","width":1391,"height":1391,"caption":"Screenshot of a light-blue logistics application interface showing an \"Unload\" panel with a delivery object list (Timber, Small Timber, Pulpwood, Chiplog, Biofuel), a selected Timber entry with volume 20 and weight 15, trip meter and operator status bar, published on www.dasa.se."},{"@type":"BreadcrumbList","@id":"https:\/\/dasa.se\/product\/dasa-f30\/#breadcrumb","itemListElement":[{"@type":"ListItem","position":1,"name":"Home","item":"https:\/\/dasa.se\/"},{"@type":"ListItem","position":2,"name":"do not remove!","item":"https:\/\/dasa.se\/?page_id=876"},{"@type":"ListItem","position":3,"name":"Dasa F30"}]},{"@type":"WebSite","@id":"https:\/\/dasa.se\/#website","url":"https:\/\/dasa.se\/","name":"Dasa: Styrsystem f\u00f6r h\u00f6gpresterande maskiner","description":"","publisher":{"@id":"https:\/\/dasa.se\/#organization"},"potentialAction":[{"@type":"SearchAction","target":{"@type":"EntryPoint","urlTemplate":"https:\/\/dasa.se\/?s={search_term_string}"},"query-input":{"@type":"PropertyValueSpecification","valueRequired":true,"valueName":"search_term_string"}}],"inLanguage":"sv-SE"},{"@type":"Organization","@id":"https:\/\/dasa.se\/#organization","name":"Dasa: Styrsystem f\u00f6r h\u00f6gpresterande maskiner","url":"https:\/\/dasa.se\/","logo":{"@type":"ImageObject","inLanguage":"sv-SE","@id":"https:\/\/dasa.se\/#\/schema\/logo\/image\/","url":"https:\/\/dasa.se\/wp-content\/uploads\/2024\/10\/logo3.png","contentUrl":"https:\/\/dasa.se\/wp-content\/uploads\/2024\/10\/logo3.png","width":1000,"height":320,"caption":"Dasa: High-Performance Machine Control Systems"},"image":{"@id":"https:\/\/dasa.se\/#\/schema\/logo\/image\/"},"sameAs":["https:\/\/www.linkedin.com\/company\/dasa-control-systems\/"]}]}},"_links":{"self":[{"href":"https:\/\/dasa.se\/sv\/wp-json\/wp\/v2\/product\/2022","targetHints":{"allow":["GET"]}}],"collection":[{"href":"https:\/\/dasa.se\/sv\/wp-json\/wp\/v2\/product"}],"about":[{"href":"https:\/\/dasa.se\/sv\/wp-json\/wp\/v2\/types\/product"}],"wp:featuredmedia":[{"embeddable":true,"href":"https:\/\/dasa.se\/sv\/wp-json\/wp\/v2\/media\/2039"}],"wp:attachment":[{"href":"https:\/\/dasa.se\/sv\/wp-json\/wp\/v2\/media?parent=2022"}],"wp:term":[{"taxonomy":"product_brand","embeddable":true,"href":"https:\/\/dasa.se\/sv\/wp-json\/wp\/v2\/product_brand?post=2022"},{"taxonomy":"product_cat","embeddable":true,"href":"https:\/\/dasa.se\/sv\/wp-json\/wp\/v2\/product_cat?post=2022"},{"taxonomy":"product_tag","embeddable":true,"href":"https:\/\/dasa.se\/sv\/wp-json\/wp\/v2\/product_tag?post=2022"}],"curies":[{"name":"wp","href":"https:\/\/api.w.org\/{rel}","templated":true}]}}