{"id":2029,"date":"2025-01-15T07:59:13","date_gmt":"2025-01-15T07:59:13","guid":{"rendered":"https:\/\/eznpp.beeweb-orange.io\/?post_type=product&#038;p=2029"},"modified":"2025-10-31T09:18:02","modified_gmt":"2025-10-31T09:18:02","slug":"dix30rf","status":"publish","type":"product","link":"https:\/\/dasa.se\/sv\/produkt\/dix30rf\/","title":{"rendered":"dIX30RF Kontrollenhet"},"content":{"rendered":"<p>dIX30RF \u00e4r en tr\u00e5dl\u00f6s kommunikationsenhet som anv\u00e4nds i Dasa Wireless 1 apteringssystem. F\u00f6r att uppr\u00e4tta en tr\u00e5dl\u00f6s kommunikation placeras en dIX30RF-enhet i hytten och en i sk\u00f6rdaraggregatet. Under installationen kopplas enheterna ihop i apteringsprogrammet, vilket tar n\u00e5gra sekunder. De tv\u00e5 enheterna kommunicerar sedan med varandra via de robusta och kompakta antennerna.<\/p>","protected":false},"excerpt":{"rendered":"<p>dIX30RF \u00e4r en tr\u00e5dl\u00f6s kommunikationsenhet som anv\u00e4nds i Dasa Wireless 1 bockningssystem.<\/p>","protected":false},"featured_media":2032,"template":"","meta":[],"product_brand":[],"product_cat":[56,82],"product_tag":[],"class_list":{"0":"post-2029","1":"product","2":"type-product","3":"status-publish","4":"has-post-thumbnail","6":"product_cat-controllers","7":"product_cat-bucking-hardware-wireless1","9":"first","10":"instock","11":"shipping-taxable","12":"product-type-simple"},"yoast_head":"<!-- This site is optimized with the Yoast SEO plugin v26.7 - https:\/\/yoast.com\/wordpress\/plugins\/seo\/ -->\n<title>dIX30RF Controller \u2013 Wireless Control for Forestry | Dasa<\/title>\n<meta name=\"robots\" content=\"index, follow, max-snippet:-1, max-image-preview:large, max-video-preview:-1\" \/>\n<link rel=\"canonical\" href=\"https:\/\/dasa.se\/sv\/produkt\/dix30rf\/\" \/>\n<meta property=\"og:locale\" content=\"sv_SE\" \/>\n<meta property=\"og:type\" content=\"article\" \/>\n<meta property=\"og:title\" content=\"dIX30RF Controller \u2013 Wireless Control for Forestry | Dasa\" \/>\n<meta property=\"og:description\" content=\"dIX30RF is a wireless communication unit used in the Dasa Wireless 1 bucking system.\" \/>\n<meta property=\"og:url\" content=\"https:\/\/dasa.se\/sv\/produkt\/dix30rf\/\" \/>\n<meta property=\"og:site_name\" content=\"Dasa: High-Performance Machine Control Systems\" \/>\n<meta property=\"article:modified_time\" content=\"2025-10-31T09:18:02+00:00\" \/>\n<meta property=\"og:image\" content=\"https:\/\/dasa.se\/wp-content\/uploads\/2025\/01\/Dasa-dix30RF_01.png\" \/>\n\t<meta property=\"og:image:width\" content=\"1000\" \/>\n\t<meta property=\"og:image:height\" content=\"1038\" \/>\n\t<meta property=\"og:image:type\" content=\"image\/png\" \/>\n<meta name=\"twitter:card\" content=\"summary_large_image\" \/>\n<meta name=\"twitter:label1\" content=\"Ber\u00e4knad l\u00e4stid\" \/>\n\t<meta name=\"twitter:data1\" content=\"1 minut\" \/>\n<script type=\"application\/ld+json\" class=\"yoast-schema-graph\">{\"@context\":\"https:\/\/schema.org\",\"@graph\":[{\"@type\":[\"WebPage\",\"ItemPage\"],\"@id\":\"https:\/\/dasa.se\/product\/dix30rf\/\",\"url\":\"https:\/\/dasa.se\/product\/dix30rf\/\",\"name\":\"dIX30RF Controller \u2013 Wireless Control for Forestry | Dasa\",\"isPartOf\":{\"@id\":\"https:\/\/dasa.se\/#website\"},\"primaryImageOfPage\":{\"@id\":\"https:\/\/dasa.se\/product\/dix30rf\/#primaryimage\"},\"image\":{\"@id\":\"https:\/\/dasa.se\/product\/dix30rf\/#primaryimage\"},\"thumbnailUrl\":\"https:\/\/dasa.se\/wp-content\/uploads\/2025\/01\/Dasa-dix30RF_01.png\",\"datePublished\":\"2025-01-15T07:59:13+00:00\",\"dateModified\":\"2025-10-31T09:18:02+00:00\",\"breadcrumb\":{\"@id\":\"https:\/\/dasa.se\/product\/dix30rf\/#breadcrumb\"},\"inLanguage\":\"sv-SE\",\"potentialAction\":[{\"@type\":\"ReadAction\",\"target\":[\"https:\/\/dasa.se\/product\/dix30rf\/\"]}]},{\"@type\":\"ImageObject\",\"inLanguage\":\"sv-SE\",\"@id\":\"https:\/\/dasa.se\/product\/dix30rf\/#primaryimage\",\"url\":\"https:\/\/dasa.se\/wp-content\/uploads\/2025\/01\/Dasa-dix30RF_01.png\",\"contentUrl\":\"https:\/\/dasa.se\/wp-content\/uploads\/2025\/01\/Dasa-dix30RF_01.png\",\"width\":1000,\"height\":1038,\"caption\":\"Compact black dasa dIX30RF industrial communication module with multiple circular data and antenna connectors mounted on a gray top plate, published on www.dasa.se.\"},{\"@type\":\"BreadcrumbList\",\"@id\":\"https:\/\/dasa.se\/product\/dix30rf\/#breadcrumb\",\"itemListElement\":[{\"@type\":\"ListItem\",\"position\":1,\"name\":\"Home\",\"item\":\"https:\/\/dasa.se\/\"},{\"@type\":\"ListItem\",\"position\":2,\"name\":\"do not remove!\",\"item\":\"https:\/\/dasa.se\/?page_id=876\"},{\"@type\":\"ListItem\",\"position\":3,\"name\":\"dIX30RF Controller\"}]},{\"@type\":\"WebSite\",\"@id\":\"https:\/\/dasa.se\/#website\",\"url\":\"https:\/\/dasa.se\/\",\"name\":\"Dasa: High-Performance Machine Control Systems\",\"description\":\"\",\"publisher\":{\"@id\":\"https:\/\/dasa.se\/#organization\"},\"potentialAction\":[{\"@type\":\"SearchAction\",\"target\":{\"@type\":\"EntryPoint\",\"urlTemplate\":\"https:\/\/dasa.se\/?s={search_term_string}\"},\"query-input\":{\"@type\":\"PropertyValueSpecification\",\"valueRequired\":true,\"valueName\":\"search_term_string\"}}],\"inLanguage\":\"sv-SE\"},{\"@type\":\"Organization\",\"@id\":\"https:\/\/dasa.se\/#organization\",\"name\":\"Dasa: High-Performance Machine Control Systems\",\"url\":\"https:\/\/dasa.se\/\",\"logo\":{\"@type\":\"ImageObject\",\"inLanguage\":\"sv-SE\",\"@id\":\"https:\/\/dasa.se\/#\/schema\/logo\/image\/\",\"url\":\"https:\/\/dasa.se\/wp-content\/uploads\/2024\/10\/logo3.png\",\"contentUrl\":\"https:\/\/dasa.se\/wp-content\/uploads\/2024\/10\/logo3.png\",\"width\":1000,\"height\":320,\"caption\":\"Dasa: High-Performance Machine Control Systems\"},\"image\":{\"@id\":\"https:\/\/dasa.se\/#\/schema\/logo\/image\/\"},\"sameAs\":[\"https:\/\/www.linkedin.com\/company\/dasa-control-systems\/\"]}]}<\/script>\n<!-- \/ Yoast SEO plugin. -->","yoast_head_json":{"title":"dIX30RF Controller - Tr\u00e5dl\u00f6s styrning f\u00f6r skogsbruk | Dasa","robots":{"index":"index","follow":"follow","max-snippet":"max-snippet:-1","max-image-preview":"max-image-preview:large","max-video-preview":"max-video-preview:-1"},"canonical":"https:\/\/dasa.se\/sv\/produkt\/dix30rf\/","og_locale":"sv_SE","og_type":"article","og_title":"dIX30RF Controller \u2013 Wireless Control for Forestry | Dasa","og_description":"dIX30RF is a wireless communication unit used in the Dasa Wireless 1 bucking system.","og_url":"https:\/\/dasa.se\/sv\/produkt\/dix30rf\/","og_site_name":"Dasa: High-Performance Machine Control Systems","article_modified_time":"2025-10-31T09:18:02+00:00","og_image":[{"width":1000,"height":1038,"url":"https:\/\/dasa.se\/wp-content\/uploads\/2025\/01\/Dasa-dix30RF_01.png","type":"image\/png"}],"twitter_card":"summary_large_image","twitter_misc":{"Ber\u00e4knad l\u00e4stid":"1 minut"},"schema":{"@context":"https:\/\/schema.org","@graph":[{"@type":["WebPage","ItemPage"],"@id":"https:\/\/dasa.se\/product\/dix30rf\/","url":"https:\/\/dasa.se\/product\/dix30rf\/","name":"dIX30RF Controller - Tr\u00e5dl\u00f6s styrning f\u00f6r skogsbruk | Dasa","isPartOf":{"@id":"https:\/\/dasa.se\/#website"},"primaryImageOfPage":{"@id":"https:\/\/dasa.se\/product\/dix30rf\/#primaryimage"},"image":{"@id":"https:\/\/dasa.se\/product\/dix30rf\/#primaryimage"},"thumbnailUrl":"https:\/\/dasa.se\/wp-content\/uploads\/2025\/01\/Dasa-dix30RF_01.png","datePublished":"2025-01-15T07:59:13+00:00","dateModified":"2025-10-31T09:18:02+00:00","breadcrumb":{"@id":"https:\/\/dasa.se\/product\/dix30rf\/#breadcrumb"},"inLanguage":"sv-SE","potentialAction":[{"@type":"ReadAction","target":["https:\/\/dasa.se\/product\/dix30rf\/"]}]},{"@type":"ImageObject","inLanguage":"sv-SE","@id":"https:\/\/dasa.se\/product\/dix30rf\/#primaryimage","url":"https:\/\/dasa.se\/wp-content\/uploads\/2025\/01\/Dasa-dix30RF_01.png","contentUrl":"https:\/\/dasa.se\/wp-content\/uploads\/2025\/01\/Dasa-dix30RF_01.png","width":1000,"height":1038,"caption":"Compact black dasa dIX30RF industrial communication module with multiple circular data and antenna connectors mounted on a gray top plate, published on www.dasa.se."},{"@type":"BreadcrumbList","@id":"https:\/\/dasa.se\/product\/dix30rf\/#breadcrumb","itemListElement":[{"@type":"ListItem","position":1,"name":"Home","item":"https:\/\/dasa.se\/"},{"@type":"ListItem","position":2,"name":"do not remove!","item":"https:\/\/dasa.se\/?page_id=876"},{"@type":"ListItem","position":3,"name":"dIX30RF Controller"}]},{"@type":"WebSite","@id":"https:\/\/dasa.se\/#website","url":"https:\/\/dasa.se\/","name":"Dasa: Styrsystem f\u00f6r h\u00f6gpresterande maskiner","description":"","publisher":{"@id":"https:\/\/dasa.se\/#organization"},"potentialAction":[{"@type":"SearchAction","target":{"@type":"EntryPoint","urlTemplate":"https:\/\/dasa.se\/?s={search_term_string}"},"query-input":{"@type":"PropertyValueSpecification","valueRequired":true,"valueName":"search_term_string"}}],"inLanguage":"sv-SE"},{"@type":"Organization","@id":"https:\/\/dasa.se\/#organization","name":"Dasa: Styrsystem f\u00f6r h\u00f6gpresterande maskiner","url":"https:\/\/dasa.se\/","logo":{"@type":"ImageObject","inLanguage":"sv-SE","@id":"https:\/\/dasa.se\/#\/schema\/logo\/image\/","url":"https:\/\/dasa.se\/wp-content\/uploads\/2024\/10\/logo3.png","contentUrl":"https:\/\/dasa.se\/wp-content\/uploads\/2024\/10\/logo3.png","width":1000,"height":320,"caption":"Dasa: High-Performance Machine Control Systems"},"image":{"@id":"https:\/\/dasa.se\/#\/schema\/logo\/image\/"},"sameAs":["https:\/\/www.linkedin.com\/company\/dasa-control-systems\/"]}]}},"_links":{"self":[{"href":"https:\/\/dasa.se\/sv\/wp-json\/wp\/v2\/product\/2029","targetHints":{"allow":["GET"]}}],"collection":[{"href":"https:\/\/dasa.se\/sv\/wp-json\/wp\/v2\/product"}],"about":[{"href":"https:\/\/dasa.se\/sv\/wp-json\/wp\/v2\/types\/product"}],"wp:featuredmedia":[{"embeddable":true,"href":"https:\/\/dasa.se\/sv\/wp-json\/wp\/v2\/media\/2032"}],"wp:attachment":[{"href":"https:\/\/dasa.se\/sv\/wp-json\/wp\/v2\/media?parent=2029"}],"wp:term":[{"taxonomy":"product_brand","embeddable":true,"href":"https:\/\/dasa.se\/sv\/wp-json\/wp\/v2\/product_brand?post=2029"},{"taxonomy":"product_cat","embeddable":true,"href":"https:\/\/dasa.se\/sv\/wp-json\/wp\/v2\/product_cat?post=2029"},{"taxonomy":"product_tag","embeddable":true,"href":"https:\/\/dasa.se\/sv\/wp-json\/wp\/v2\/product_tag?post=2029"}],"curies":[{"name":"wp","href":"https:\/\/api.w.org\/{rel}","templated":true}]}}